{"id":16284,"date":"2024-06-14T15:07:25","date_gmt":"2024-06-14T13:07:25","guid":{"rendered":"https:\/\/www.xn--bgerogting-0cb.dk\/?post_type=product&#038;p=16284"},"modified":"2025-03-08T08:54:02","modified_gmt":"2025-03-08T07:54:02","slug":"min-store-bog-om-luft-af-richard-scarry-2","status":"publish","type":"product","link":"https:\/\/www.xn--bgerogting-0cb.dk\/index.php\/vare\/min-store-bog-om-luft-af-richard-scarry-2\/","title":{"rendered":"Min store bog om luft af Richard Scarry"},"content":{"rendered":"<p>Min store bog om luft af Richard Scarry.<br \/>\nSpektrum, 1973 &#8211; 1. udgave &#8211; 69 sider &#8211; Stor h\u00e6ftet hardback med kartonbind.<br \/>\nAmerikansk originaltitel: Great Big Air Book, 1971 &#8211; P\u00e5 dansk ved Th\u00f8ger Birkeland.<br \/>\nBog med lette brugsspor p\u00e5 bindet. Indvendigt er der lidt &#8220;nus&#8221; nederst p\u00e5 siderne &#8211; is\u00e6r i starten af bogen. Det er en bog, der er blevet elsket og l\u00e6st, men den er generelt i god stand alderen taget i betragtning. Hilsen p\u00e5 titelbladet.<\/p>\n<p>Kattekillingen Fussi har mange sp\u00e6ndende oplevelser med luft, vind og vejr &#8230;<\/p>\n","protected":false},"excerpt":{"rendered":"<p>Min store bog om luft af Richard Scarry.<br \/>\nSpektrum, 1973 &#8211; 1. udgave &#8211; 69 sider &#8211; Stor h\u00e6ftet hardback med kartonbind.<br \/>\nAmerikansk originaltitel: Great Big Air Book, 1971 &#8211; P\u00e5 dansk ved Th\u00f8ger Birkeland.<br \/>\nBog med lette brugsspor p\u00e5 bindet. Indvendigt er der lidt &#8220;nus&#8221; nederst p\u00e5 siderne &#8211; is\u00e6r i starten af bogen. Det er en bog, der er blevet elsket og l\u00e6st, men den er generelt i god stand alderen taget i betragtning. Hilsen p\u00e5 titelbladet.<\/p>\n<p>Kattekillingen Fussi har mange sp\u00e6ndende oplevelser med luft, vind og vejr &#8230;<\/p>\n","protected":false},"featured_media":16287,"template":"","meta":[],"product_brand":[],"product_cat":[80,81,27,35],"product_tag":[219,65],"class_list":{"0":"post-16284","1":"product","2":"type-product","3":"status-publish","4":"has-post-thumbnail","6":"product_cat-alle-tiders-boerneboeger-1970-1979","7":"product_cat-billedboeger","8":"product_cat-boeger","9":"product_cat-barneboger","10":"product_tag-amerikansk","11":"product_tag-richard-scarry","13":"first","14":"outofstock","15":"shipping-taxable","16":"purchasable","17":"product-type-simple"},"yoast_head":"<!-- This site is optimized with the Yoast SEO Premium plugin v26.9 (Yoast SEO v27.3) - https:\/\/yoast.com\/product\/yoast-seo-premium-wordpress\/ -->\n<title>Min store bog om luft af Richard Scarry - B\u00f8ger og Ting<\/title>\n<meta name=\"description\" content=\"Min store bog om luft af Richard Scarry - Spektrum, 1973 - 1. udgave - 69 sider - Stor h\u00e6ftet hardback med kartonbind - P\u00e6n stand.\" \/>\n<meta name=\"robots\" content=\"index, follow, max-snippet:-1, max-image-preview:large, max-video-preview:-1\" \/>\n<link rel=\"canonical\" href=\"https:\/\/www.xn--bgerogting-0cb.dk\/index.php\/vare\/min-store-bog-om-luft-af-richard-scarry-2\/\" \/>\n<meta property=\"og:locale\" content=\"da_DK\" \/>\n<meta property=\"og:type\" content=\"article\" \/>\n<meta property=\"og:title\" content=\"Min store bog om luft af Richard Scarry\" \/>\n<meta property=\"og:description\" content=\"Min store bog om luft af Richard Scarry - Spektrum, 1973 - 1. udgave - 69 sider - Stor h\u00e6ftet hardback med kartonbind - P\u00e6n stand.\" \/>\n<meta property=\"og:url\" content=\"https:\/\/www.xn--bgerogting-0cb.dk\/index.php\/vare\/min-store-bog-om-luft-af-richard-scarry-2\/\" \/>\n<meta property=\"og:site_name\" content=\"B\u00f8ger og Ting\" \/>\n<meta property=\"article:publisher\" content=\"https:\/\/www.facebook.com\/boegerogting\/\" \/>\n<meta property=\"article:modified_time\" content=\"2025-03-08T07:54:02+00:00\" \/>\n<meta property=\"og:image\" content=\"https:\/\/www.xn--bgerogting-0cb.dk\/wp-content\/uploads\/2024\/06\/Min-store-bog-om-luft-af-Richard-Scarry.jpg\" \/>\n\t<meta property=\"og:image:width\" content=\"1920\" \/>\n\t<meta property=\"og:image:height\" content=\"1920\" \/>\n\t<meta property=\"og:image:type\" content=\"image\/jpeg\" \/>\n<meta name=\"twitter:card\" content=\"summary_large_image\" \/>\n<meta name=\"twitter:label1\" content=\"Pris\" \/>\n\t<meta name=\"twitter:data1\" content=\"kr.&nbsp;80,00\" \/>\n\t<meta name=\"twitter:label2\" content=\"Tilg\u00e6ngelighed\" \/>\n\t<meta name=\"twitter:data2\" content=\"Ikke p\u00e5 lager\" \/>\n<script type=\"application\/ld+json\" class=\"yoast-schema-graph\">{\"@context\":\"https:\\\/\\\/schema.org\",\"@graph\":[{\"@type\":\"WebPage\",\"@id\":\"https:\\\/\\\/www.xn--bgerogting-0cb.dk\\\/index.php\\\/vare\\\/min-store-bog-om-luft-af-richard-scarry-2\\\/\",\"url\":\"https:\\\/\\\/www.xn--bgerogting-0cb.dk\\\/index.php\\\/vare\\\/min-store-bog-om-luft-af-richard-scarry-2\\\/\",\"name\":\"Min store bog om luft af Richard Scarry - B\u00f8ger og Ting\",\"isPartOf\":{\"@id\":\"https:\\\/\\\/www.xn--bgerogting-0cb.dk\\\/#website\"},\"primaryImageOfPage\":{\"@id\":\"https:\\\/\\\/www.xn--bgerogting-0cb.dk\\\/index.php\\\/vare\\\/min-store-bog-om-luft-af-richard-scarry-2\\\/#primaryimage\"},\"image\":{\"@id\":\"https:\\\/\\\/www.xn--bgerogting-0cb.dk\\\/index.php\\\/vare\\\/min-store-bog-om-luft-af-richard-scarry-2\\\/#primaryimage\"},\"thumbnailUrl\":\"https:\\\/\\\/i0.wp.com\\\/www.xn--bgerogting-0cb.dk\\\/wp-content\\\/uploads\\\/2024\\\/06\\\/Min-store-bog-om-luft-af-Richard-Scarry.jpg?fit=1920%2C1920&ssl=1\",\"datePublished\":\"2024-06-14T13:07:25+00:00\",\"dateModified\":\"2025-03-08T07:54:02+00:00\",\"description\":\"Min store bog om luft af Richard Scarry - Spektrum, 1973 - 1. udgave - 69 sider - Stor h\u00e6ftet hardback med kartonbind - P\u00e6n stand.\",\"breadcrumb\":{\"@id\":\"https:\\\/\\\/www.xn--bgerogting-0cb.dk\\\/index.php\\\/vare\\\/min-store-bog-om-luft-af-richard-scarry-2\\\/#breadcrumb\"},\"inLanguage\":\"da-DK\",\"potentialAction\":[{\"@type\":\"ReadAction\",\"target\":[\"https:\\\/\\\/www.xn--bgerogting-0cb.dk\\\/index.php\\\/vare\\\/min-store-bog-om-luft-af-richard-scarry-2\\\/\"]}]},{\"@type\":\"ImageObject\",\"inLanguage\":\"da-DK\",\"@id\":\"https:\\\/\\\/www.xn--bgerogting-0cb.dk\\\/index.php\\\/vare\\\/min-store-bog-om-luft-af-richard-scarry-2\\\/#primaryimage\",\"url\":\"https:\\\/\\\/i0.wp.com\\\/www.xn--bgerogting-0cb.dk\\\/wp-content\\\/uploads\\\/2024\\\/06\\\/Min-store-bog-om-luft-af-Richard-Scarry.jpg?fit=1920%2C1920&ssl=1\",\"contentUrl\":\"https:\\\/\\\/i0.wp.com\\\/www.xn--bgerogting-0cb.dk\\\/wp-content\\\/uploads\\\/2024\\\/06\\\/Min-store-bog-om-luft-af-Richard-Scarry.jpg?fit=1920%2C1920&ssl=1\",\"width\":1920,\"height\":1920,\"caption\":\"Min store bog om luft af Richard Scarry\"},{\"@type\":\"BreadcrumbList\",\"@id\":\"https:\\\/\\\/www.xn--bgerogting-0cb.dk\\\/index.php\\\/vare\\\/min-store-bog-om-luft-af-richard-scarry-2\\\/#breadcrumb\",\"itemListElement\":[{\"@type\":\"ListItem\",\"position\":1,\"name\":\"Home\",\"item\":\"https:\\\/\\\/www.xn--bgerogting-0cb.dk\\\/\"},{\"@type\":\"ListItem\",\"position\":2,\"name\":\"Butik\",\"item\":\"https:\\\/\\\/www.xn--bgerogting-0cb.dk\\\/index.php\\\/shop\\\/\"},{\"@type\":\"ListItem\",\"position\":3,\"name\":\"Min store bog om luft af Richard Scarry\"}]},{\"@type\":\"WebSite\",\"@id\":\"https:\\\/\\\/www.xn--bgerogting-0cb.dk\\\/#website\",\"url\":\"https:\\\/\\\/www.xn--bgerogting-0cb.dk\\\/\",\"name\":\"B\u00f8ger og Ting\",\"description\":\"Antikvarisk, retro, vintage og antik\",\"publisher\":{\"@id\":\"https:\\\/\\\/www.xn--bgerogting-0cb.dk\\\/#organization\"},\"potentialAction\":[{\"@type\":\"SearchAction\",\"target\":{\"@type\":\"EntryPoint\",\"urlTemplate\":\"https:\\\/\\\/www.xn--bgerogting-0cb.dk\\\/?s={search_term_string}\"},\"query-input\":{\"@type\":\"PropertyValueSpecification\",\"valueRequired\":true,\"valueName\":\"search_term_string\"}}],\"inLanguage\":\"da-DK\"},{\"@type\":\"Organization\",\"@id\":\"https:\\\/\\\/www.xn--bgerogting-0cb.dk\\\/#organization\",\"name\":\"B\u00f8ger og Ting\",\"url\":\"https:\\\/\\\/www.xn--bgerogting-0cb.dk\\\/\",\"logo\":{\"@type\":\"ImageObject\",\"inLanguage\":\"da-DK\",\"@id\":\"https:\\\/\\\/www.xn--bgerogting-0cb.dk\\\/#\\\/schema\\\/logo\\\/image\\\/\",\"url\":\"https:\\\/\\\/i0.wp.com\\\/www.xn--bgerogting-0cb.dk\\\/wp-content\\\/uploads\\\/2019\\\/10\\\/webicon.png?fit=205%2C205&ssl=1\",\"contentUrl\":\"https:\\\/\\\/i0.wp.com\\\/www.xn--bgerogting-0cb.dk\\\/wp-content\\\/uploads\\\/2019\\\/10\\\/webicon.png?fit=205%2C205&ssl=1\",\"width\":205,\"height\":205,\"caption\":\"B\u00f8ger og Ting\"},\"image\":{\"@id\":\"https:\\\/\\\/www.xn--bgerogting-0cb.dk\\\/#\\\/schema\\\/logo\\\/image\\\/\"},\"sameAs\":[\"https:\\\/\\\/www.facebook.com\\\/boegerogting\\\/\",\"https:\\\/\\\/www.instagram.com\\\/bogerogting\\\/\"]}]}<\/script>\n<meta property=\"product:price:amount\" content=\"80.00\" \/>\n<meta property=\"product:price:currency\" content=\"DKK\" \/>\n<meta property=\"og:availability\" content=\"out of stock\" \/>\n<meta property=\"product:availability\" content=\"out of stock\" \/>\n<meta property=\"product:retailer_item_id\" content=\"10314\" \/>\n<meta property=\"product:condition\" content=\"new\" \/>\n<!-- \/ Yoast SEO Premium plugin. -->","yoast_head_json":{"title":"Min store bog om luft af Richard Scarry - B\u00f8ger og Ting","description":"Min store bog om luft af Richard Scarry - Spektrum, 1973 - 1. udgave - 69 sider - Stor h\u00e6ftet hardback med kartonbind - P\u00e6n stand.","robots":{"index":"index","follow":"follow","max-snippet":"max-snippet:-1","max-image-preview":"max-image-preview:large","max-video-preview":"max-video-preview:-1"},"canonical":"https:\/\/www.xn--bgerogting-0cb.dk\/index.php\/vare\/min-store-bog-om-luft-af-richard-scarry-2\/","og_locale":"da_DK","og_type":"article","og_title":"Min store bog om luft af Richard Scarry","og_description":"Min store bog om luft af Richard Scarry - Spektrum, 1973 - 1. udgave - 69 sider - Stor h\u00e6ftet hardback med kartonbind - P\u00e6n stand.","og_url":"https:\/\/www.xn--bgerogting-0cb.dk\/index.php\/vare\/min-store-bog-om-luft-af-richard-scarry-2\/","og_site_name":"B\u00f8ger og Ting","article_publisher":"https:\/\/www.facebook.com\/boegerogting\/","article_modified_time":"2025-03-08T07:54:02+00:00","og_image":[{"width":1920,"height":1920,"url":"https:\/\/www.xn--bgerogting-0cb.dk\/wp-content\/uploads\/2024\/06\/Min-store-bog-om-luft-af-Richard-Scarry.jpg","type":"image\/jpeg"}],"twitter_card":"summary_large_image","twitter_misc":{"Pris":"kr.&nbsp;80,00","Tilg\u00e6ngelighed":"Ikke p\u00e5 lager"},"schema":{"@context":"https:\/\/schema.org","@graph":[{"@type":"WebPage","@id":"https:\/\/www.xn--bgerogting-0cb.dk\/index.php\/vare\/min-store-bog-om-luft-af-richard-scarry-2\/","url":"https:\/\/www.xn--bgerogting-0cb.dk\/index.php\/vare\/min-store-bog-om-luft-af-richard-scarry-2\/","name":"Min store bog om luft af Richard Scarry - B\u00f8ger og Ting","isPartOf":{"@id":"https:\/\/www.xn--bgerogting-0cb.dk\/#website"},"primaryImageOfPage":{"@id":"https:\/\/www.xn--bgerogting-0cb.dk\/index.php\/vare\/min-store-bog-om-luft-af-richard-scarry-2\/#primaryimage"},"image":{"@id":"https:\/\/www.xn--bgerogting-0cb.dk\/index.php\/vare\/min-store-bog-om-luft-af-richard-scarry-2\/#primaryimage"},"thumbnailUrl":"https:\/\/i0.wp.com\/www.xn--bgerogting-0cb.dk\/wp-content\/uploads\/2024\/06\/Min-store-bog-om-luft-af-Richard-Scarry.jpg?fit=1920%2C1920&ssl=1","datePublished":"2024-06-14T13:07:25+00:00","dateModified":"2025-03-08T07:54:02+00:00","description":"Min store bog om luft af Richard Scarry - Spektrum, 1973 - 1. udgave - 69 sider - Stor h\u00e6ftet hardback med kartonbind - P\u00e6n stand.","breadcrumb":{"@id":"https:\/\/www.xn--bgerogting-0cb.dk\/index.php\/vare\/min-store-bog-om-luft-af-richard-scarry-2\/#breadcrumb"},"inLanguage":"da-DK","potentialAction":[{"@type":"ReadAction","target":["https:\/\/www.xn--bgerogting-0cb.dk\/index.php\/vare\/min-store-bog-om-luft-af-richard-scarry-2\/"]}]},{"@type":"ImageObject","inLanguage":"da-DK","@id":"https:\/\/www.xn--bgerogting-0cb.dk\/index.php\/vare\/min-store-bog-om-luft-af-richard-scarry-2\/#primaryimage","url":"https:\/\/i0.wp.com\/www.xn--bgerogting-0cb.dk\/wp-content\/uploads\/2024\/06\/Min-store-bog-om-luft-af-Richard-Scarry.jpg?fit=1920%2C1920&ssl=1","contentUrl":"https:\/\/i0.wp.com\/www.xn--bgerogting-0cb.dk\/wp-content\/uploads\/2024\/06\/Min-store-bog-om-luft-af-Richard-Scarry.jpg?fit=1920%2C1920&ssl=1","width":1920,"height":1920,"caption":"Min store bog om luft af Richard Scarry"},{"@type":"BreadcrumbList","@id":"https:\/\/www.xn--bgerogting-0cb.dk\/index.php\/vare\/min-store-bog-om-luft-af-richard-scarry-2\/#breadcrumb","itemListElement":[{"@type":"ListItem","position":1,"name":"Home","item":"https:\/\/www.xn--bgerogting-0cb.dk\/"},{"@type":"ListItem","position":2,"name":"Butik","item":"https:\/\/www.xn--bgerogting-0cb.dk\/index.php\/shop\/"},{"@type":"ListItem","position":3,"name":"Min store bog om luft af Richard Scarry"}]},{"@type":"WebSite","@id":"https:\/\/www.xn--bgerogting-0cb.dk\/#website","url":"https:\/\/www.xn--bgerogting-0cb.dk\/","name":"B\u00f8ger og Ting","description":"Antikvarisk, retro, vintage og antik","publisher":{"@id":"https:\/\/www.xn--bgerogting-0cb.dk\/#organization"},"potentialAction":[{"@type":"SearchAction","target":{"@type":"EntryPoint","urlTemplate":"https:\/\/www.xn--bgerogting-0cb.dk\/?s={search_term_string}"},"query-input":{"@type":"PropertyValueSpecification","valueRequired":true,"valueName":"search_term_string"}}],"inLanguage":"da-DK"},{"@type":"Organization","@id":"https:\/\/www.xn--bgerogting-0cb.dk\/#organization","name":"B\u00f8ger og Ting","url":"https:\/\/www.xn--bgerogting-0cb.dk\/","logo":{"@type":"ImageObject","inLanguage":"da-DK","@id":"https:\/\/www.xn--bgerogting-0cb.dk\/#\/schema\/logo\/image\/","url":"https:\/\/i0.wp.com\/www.xn--bgerogting-0cb.dk\/wp-content\/uploads\/2019\/10\/webicon.png?fit=205%2C205&ssl=1","contentUrl":"https:\/\/i0.wp.com\/www.xn--bgerogting-0cb.dk\/wp-content\/uploads\/2019\/10\/webicon.png?fit=205%2C205&ssl=1","width":205,"height":205,"caption":"B\u00f8ger og Ting"},"image":{"@id":"https:\/\/www.xn--bgerogting-0cb.dk\/#\/schema\/logo\/image\/"},"sameAs":["https:\/\/www.facebook.com\/boegerogting\/","https:\/\/www.instagram.com\/bogerogting\/"]}]},"product_price_amount":"80.00","product_price_currency":"DKK","og_availability":"out of stock","product_availability":"out of stock","product_retailer_item_id":"10314","product_condition":"new"},"jetpack_sharing_enabled":true,"_links":{"self":[{"href":"https:\/\/www.xn--bgerogting-0cb.dk\/index.php\/wp-json\/wp\/v2\/product\/16284","targetHints":{"allow":["GET"]}}],"collection":[{"href":"https:\/\/www.xn--bgerogting-0cb.dk\/index.php\/wp-json\/wp\/v2\/product"}],"about":[{"href":"https:\/\/www.xn--bgerogting-0cb.dk\/index.php\/wp-json\/wp\/v2\/types\/product"}],"wp:featuredmedia":[{"embeddable":true,"href":"https:\/\/www.xn--bgerogting-0cb.dk\/index.php\/wp-json\/wp\/v2\/media\/16287"}],"wp:attachment":[{"href":"https:\/\/www.xn--bgerogting-0cb.dk\/index.php\/wp-json\/wp\/v2\/media?parent=16284"}],"wp:term":[{"taxonomy":"product_brand","embeddable":true,"href":"https:\/\/www.xn--bgerogting-0cb.dk\/index.php\/wp-json\/wp\/v2\/product_brand?post=16284"},{"taxonomy":"product_cat","embeddable":true,"href":"https:\/\/www.xn--bgerogting-0cb.dk\/index.php\/wp-json\/wp\/v2\/product_cat?post=16284"},{"taxonomy":"product_tag","embeddable":true,"href":"https:\/\/www.xn--bgerogting-0cb.dk\/index.php\/wp-json\/wp\/v2\/product_tag?post=16284"}],"curies":[{"name":"wp","href":"https:\/\/api.w.org\/{rel}","templated":true}]}}