{"id":16267,"date":"2024-05-31T17:02:50","date_gmt":"2024-05-31T15:02:50","guid":{"rendered":"https:\/\/www.xn--bgerogting-0cb.dk\/?post_type=product&#038;p=16267"},"modified":"2026-02-25T16:23:11","modified_gmt":"2026-02-25T15:23:11","slug":"to-fod-og-oernens-fjer-af-margaret-friskley","status":"publish","type":"product","link":"https:\/\/www.xn--bgerogting-0cb.dk\/index.php\/vare\/to-fod-og-oernens-fjer-af-margaret-friskley\/","title":{"rendered":"To-fod og \u00f8rnens fjer af Margaret Friskley"},"content":{"rendered":"<p>To-fod og \u00f8rnens fjer af Margaret Friskley.<br \/>\nCarlsen if, u.\u00e5r (1974) &#8211; F\u00f8l bog; 44 &#8211; H\u00e6ftet hardback.<br \/>\nIllustreret af John og Lucy Hawkinson .<br \/>\nAmerikansk originaltitel: Indian Two Feet and his Eagel Feather, 1967.<br \/>\nBogen er fin og ren indvendigt. Bindet har lidt brugsspor.<\/p>\n<p>Tofod synes, at det er sv\u00e6rt at g\u00f8re sig fortjent til at b\u00e6re \u00f8rnens fjer for bj\u00f8rnen er <em>s\u00e5<\/em> stor, \u00f8rnens kl\u00f8r <em>s\u00e5<\/em> skarpe og r\u00e6ven<em> s\u00e5<\/em> hurtig. Alligevel lykkes det for Tofod at g\u00f8re sig fortjent til \u00f8rnens fjer for man kan v\u00e6re modig og klog p\u00e5 andre m\u00e5der, end Tofod havde t\u00e6nkt sig &#8230;<\/p>\n","protected":false},"excerpt":{"rendered":"<p>To-fod og \u00f8rnens fjer af Margaret Friskley.<br \/>\nCarlsen if, u.\u00e5r (1974) &#8211; F\u00f8l bog; 44 &#8211; H\u00e6ftet hardback.<br \/>\nIllustreret af John og Lucy Hawkinson .<br \/>\nAmerikansk originaltitel: Indian Two Feet and his Eagel Feather, 1967.<br \/>\nBogen er fin og ren indvendigt. Bindet har lidt brugsspor.<\/p>\n<p>Tofod synes, at det er sv\u00e6rt at g\u00f8re sig fortjent til at b\u00e6re \u00f8rnens fjer for bj\u00f8rnen er <em>s\u00e5<\/em> stor, \u00f8rnens kl\u00f8r <em>s\u00e5<\/em> skarpe og r\u00e6ven<em> s\u00e5<\/em> hurtig. Alligevel lykkes det for Tofod at g\u00f8re sig fortjent til \u00f8rnens fjer for man kan v\u00e6re modig og klog p\u00e5 andre m\u00e5der, end Tofod havde t\u00e6nkt sig &#8230;<\/p>\n","protected":false},"featured_media":18533,"template":"","meta":[],"product_brand":[],"product_cat":[80,27,984],"product_tag":[1505,1311],"class_list":{"0":"post-16267","1":"product","2":"type-product","3":"status-publish","4":"has-post-thumbnail","6":"product_cat-alle-tiders-boerneboeger-1970-1979","7":"product_cat-boeger","8":"product_cat-foel-boegerne","9":"product_tag-indianere","10":"product_tag-letlaesning","12":"first","13":"instock","14":"shipping-taxable","15":"purchasable","16":"product-type-simple"},"yoast_head":"<!-- This site is optimized with the Yoast SEO Premium plugin v27.4 (Yoast SEO v27.5) - https:\/\/yoast.com\/product\/yoast-seo-premium-wordpress\/ -->\n<title>To-fod og \u00f8rnens fjer af Margaret Friskley - B\u00f8ger og Ting<\/title>\n<meta name=\"description\" content=\"To-fod og \u00f8rnens fjer af Margaret Friskley - Carlsen if, u.\u00e5r (1974) - F\u00f8l bog - H\u00e6ftet hardback.\" \/>\n<meta name=\"robots\" content=\"index, follow, max-snippet:-1, max-image-preview:large, max-video-preview:-1\" \/>\n<link rel=\"canonical\" href=\"https:\/\/www.xn--bgerogting-0cb.dk\/index.php\/vare\/to-fod-og-oernens-fjer-af-margaret-friskley\/\" \/>\n<meta property=\"og:locale\" content=\"da_DK\" \/>\n<meta property=\"og:type\" content=\"article\" \/>\n<meta property=\"og:title\" content=\"To-fod og \u00f8rnens fjer af Margaret Friskley\" \/>\n<meta property=\"og:description\" content=\"To-fod og \u00f8rnens fjer af Margaret Friskley - Carlsen if, u.\u00e5r (1974) - F\u00f8l bog - H\u00e6ftet hardback.\" \/>\n<meta property=\"og:url\" content=\"https:\/\/www.xn--bgerogting-0cb.dk\/index.php\/vare\/to-fod-og-oernens-fjer-af-margaret-friskley\/\" \/>\n<meta property=\"og:site_name\" content=\"B\u00f8ger og Ting\" \/>\n<meta property=\"article:publisher\" content=\"https:\/\/www.facebook.com\/boegerogting\/\" \/>\n<meta property=\"article:modified_time\" content=\"2026-02-25T15:23:11+00:00\" \/>\n<meta property=\"og:image\" content=\"https:\/\/www.xn--bgerogting-0cb.dk\/wp-content\/uploads\/2024\/05\/To-fod-og-oernens-fjer-af-Margaret-Friskley-2-1.jpg\" \/>\n\t<meta property=\"og:image:width\" content=\"1920\" \/>\n\t<meta property=\"og:image:height\" content=\"1918\" \/>\n\t<meta property=\"og:image:type\" content=\"image\/jpeg\" \/>\n<meta name=\"twitter:card\" content=\"summary_large_image\" \/>\n<meta name=\"twitter:label1\" content=\"Pris\" \/>\n\t<meta name=\"twitter:data1\" content=\"kr.&nbsp;70,00\" \/>\n\t<meta name=\"twitter:label2\" content=\"Tilg\u00e6ngelighed\" \/>\n\t<meta name=\"twitter:data2\" content=\"P\u00e5 lager\" \/>\n<script type=\"application\/ld+json\" class=\"yoast-schema-graph\">{\"@context\":\"https:\\\/\\\/schema.org\",\"@graph\":[{\"@type\":\"WebPage\",\"@id\":\"https:\\\/\\\/www.xn--bgerogting-0cb.dk\\\/index.php\\\/vare\\\/to-fod-og-oernens-fjer-af-margaret-friskley\\\/\",\"url\":\"https:\\\/\\\/www.xn--bgerogting-0cb.dk\\\/index.php\\\/vare\\\/to-fod-og-oernens-fjer-af-margaret-friskley\\\/\",\"name\":\"To-fod og \u00f8rnens fjer af Margaret Friskley - B\u00f8ger og Ting\",\"isPartOf\":{\"@id\":\"https:\\\/\\\/www.xn--bgerogting-0cb.dk\\\/#website\"},\"primaryImageOfPage\":{\"@id\":\"https:\\\/\\\/www.xn--bgerogting-0cb.dk\\\/index.php\\\/vare\\\/to-fod-og-oernens-fjer-af-margaret-friskley\\\/#primaryimage\"},\"image\":{\"@id\":\"https:\\\/\\\/www.xn--bgerogting-0cb.dk\\\/index.php\\\/vare\\\/to-fod-og-oernens-fjer-af-margaret-friskley\\\/#primaryimage\"},\"thumbnailUrl\":\"https:\\\/\\\/i0.wp.com\\\/www.xn--bgerogting-0cb.dk\\\/wp-content\\\/uploads\\\/2024\\\/05\\\/To-fod-og-oernens-fjer-af-Margaret-Friskley-2-1.jpg?fit=1920%2C1918&ssl=1\",\"datePublished\":\"2024-05-31T15:02:50+00:00\",\"dateModified\":\"2026-02-25T15:23:11+00:00\",\"description\":\"To-fod og \u00f8rnens fjer af Margaret Friskley - Carlsen if, u.\u00e5r (1974) - F\u00f8l bog - H\u00e6ftet hardback.\",\"breadcrumb\":{\"@id\":\"https:\\\/\\\/www.xn--bgerogting-0cb.dk\\\/index.php\\\/vare\\\/to-fod-og-oernens-fjer-af-margaret-friskley\\\/#breadcrumb\"},\"inLanguage\":\"da-DK\",\"potentialAction\":[{\"@type\":\"ReadAction\",\"target\":[\"https:\\\/\\\/www.xn--bgerogting-0cb.dk\\\/index.php\\\/vare\\\/to-fod-og-oernens-fjer-af-margaret-friskley\\\/\"]}]},{\"@type\":\"ImageObject\",\"inLanguage\":\"da-DK\",\"@id\":\"https:\\\/\\\/www.xn--bgerogting-0cb.dk\\\/index.php\\\/vare\\\/to-fod-og-oernens-fjer-af-margaret-friskley\\\/#primaryimage\",\"url\":\"https:\\\/\\\/i0.wp.com\\\/www.xn--bgerogting-0cb.dk\\\/wp-content\\\/uploads\\\/2024\\\/05\\\/To-fod-og-oernens-fjer-af-Margaret-Friskley-2-1.jpg?fit=1920%2C1918&ssl=1\",\"contentUrl\":\"https:\\\/\\\/i0.wp.com\\\/www.xn--bgerogting-0cb.dk\\\/wp-content\\\/uploads\\\/2024\\\/05\\\/To-fod-og-oernens-fjer-af-Margaret-Friskley-2-1.jpg?fit=1920%2C1918&ssl=1\",\"width\":1920,\"height\":1918,\"caption\":\"To-fod og \u00f8rnens fjer af Margaret Friskley\"},{\"@type\":\"BreadcrumbList\",\"@id\":\"https:\\\/\\\/www.xn--bgerogting-0cb.dk\\\/index.php\\\/vare\\\/to-fod-og-oernens-fjer-af-margaret-friskley\\\/#breadcrumb\",\"itemListElement\":[{\"@type\":\"ListItem\",\"position\":1,\"name\":\"Home\",\"item\":\"https:\\\/\\\/www.xn--bgerogting-0cb.dk\\\/\"},{\"@type\":\"ListItem\",\"position\":2,\"name\":\"Butik\",\"item\":\"https:\\\/\\\/www.xn--bgerogting-0cb.dk\\\/index.php\\\/shop\\\/\"},{\"@type\":\"ListItem\",\"position\":3,\"name\":\"To-fod og \u00f8rnens fjer af Margaret Friskley\"}]},{\"@type\":\"WebSite\",\"@id\":\"https:\\\/\\\/www.xn--bgerogting-0cb.dk\\\/#website\",\"url\":\"https:\\\/\\\/www.xn--bgerogting-0cb.dk\\\/\",\"name\":\"B\u00f8ger og Ting\",\"description\":\"Antikvarisk, retro, vintage og antik\",\"publisher\":{\"@id\":\"https:\\\/\\\/www.xn--bgerogting-0cb.dk\\\/#organization\"},\"potentialAction\":[{\"@type\":\"SearchAction\",\"target\":{\"@type\":\"EntryPoint\",\"urlTemplate\":\"https:\\\/\\\/www.xn--bgerogting-0cb.dk\\\/?s={search_term_string}\"},\"query-input\":{\"@type\":\"PropertyValueSpecification\",\"valueRequired\":true,\"valueName\":\"search_term_string\"}}],\"inLanguage\":\"da-DK\"},{\"@type\":\"Organization\",\"@id\":\"https:\\\/\\\/www.xn--bgerogting-0cb.dk\\\/#organization\",\"name\":\"B\u00f8ger og Ting\",\"url\":\"https:\\\/\\\/www.xn--bgerogting-0cb.dk\\\/\",\"logo\":{\"@type\":\"ImageObject\",\"inLanguage\":\"da-DK\",\"@id\":\"https:\\\/\\\/www.xn--bgerogting-0cb.dk\\\/#\\\/schema\\\/logo\\\/image\\\/\",\"url\":\"https:\\\/\\\/i0.wp.com\\\/www.xn--bgerogting-0cb.dk\\\/wp-content\\\/uploads\\\/2019\\\/10\\\/webicon.png?fit=205%2C205&ssl=1\",\"contentUrl\":\"https:\\\/\\\/i0.wp.com\\\/www.xn--bgerogting-0cb.dk\\\/wp-content\\\/uploads\\\/2019\\\/10\\\/webicon.png?fit=205%2C205&ssl=1\",\"width\":205,\"height\":205,\"caption\":\"B\u00f8ger og Ting\"},\"image\":{\"@id\":\"https:\\\/\\\/www.xn--bgerogting-0cb.dk\\\/#\\\/schema\\\/logo\\\/image\\\/\"},\"sameAs\":[\"https:\\\/\\\/www.facebook.com\\\/boegerogting\\\/\",\"https:\\\/\\\/www.instagram.com\\\/bogerogting\\\/\"]}]}<\/script>\n<meta property=\"product:price:amount\" content=\"70.00\" \/>\n<meta property=\"product:price:currency\" content=\"DKK\" \/>\n<meta property=\"og:availability\" content=\"instock\" \/>\n<meta property=\"product:availability\" content=\"instock\" \/>\n<meta property=\"product:retailer_item_id\" content=\"9479\" \/>\n<meta property=\"product:condition\" content=\"new\" \/>\n<!-- \/ Yoast SEO Premium plugin. -->","yoast_head_json":{"title":"To-fod og \u00f8rnens fjer af Margaret Friskley - B\u00f8ger og Ting","description":"To-fod og \u00f8rnens fjer af Margaret Friskley - Carlsen if, u.\u00e5r (1974) - F\u00f8l bog - H\u00e6ftet hardback.","robots":{"index":"index","follow":"follow","max-snippet":"max-snippet:-1","max-image-preview":"max-image-preview:large","max-video-preview":"max-video-preview:-1"},"canonical":"https:\/\/www.xn--bgerogting-0cb.dk\/index.php\/vare\/to-fod-og-oernens-fjer-af-margaret-friskley\/","og_locale":"da_DK","og_type":"article","og_title":"To-fod og \u00f8rnens fjer af Margaret Friskley","og_description":"To-fod og \u00f8rnens fjer af Margaret Friskley - Carlsen if, u.\u00e5r (1974) - F\u00f8l bog - H\u00e6ftet hardback.","og_url":"https:\/\/www.xn--bgerogting-0cb.dk\/index.php\/vare\/to-fod-og-oernens-fjer-af-margaret-friskley\/","og_site_name":"B\u00f8ger og Ting","article_publisher":"https:\/\/www.facebook.com\/boegerogting\/","article_modified_time":"2026-02-25T15:23:11+00:00","og_image":[{"width":1920,"height":1918,"url":"https:\/\/www.xn--bgerogting-0cb.dk\/wp-content\/uploads\/2024\/05\/To-fod-og-oernens-fjer-af-Margaret-Friskley-2-1.jpg","type":"image\/jpeg"}],"twitter_card":"summary_large_image","twitter_misc":{"Pris":"kr.&nbsp;70,00","Tilg\u00e6ngelighed":"P\u00e5 lager"},"schema":{"@context":"https:\/\/schema.org","@graph":[{"@type":"WebPage","@id":"https:\/\/www.xn--bgerogting-0cb.dk\/index.php\/vare\/to-fod-og-oernens-fjer-af-margaret-friskley\/","url":"https:\/\/www.xn--bgerogting-0cb.dk\/index.php\/vare\/to-fod-og-oernens-fjer-af-margaret-friskley\/","name":"To-fod og \u00f8rnens fjer af Margaret Friskley - B\u00f8ger og Ting","isPartOf":{"@id":"https:\/\/www.xn--bgerogting-0cb.dk\/#website"},"primaryImageOfPage":{"@id":"https:\/\/www.xn--bgerogting-0cb.dk\/index.php\/vare\/to-fod-og-oernens-fjer-af-margaret-friskley\/#primaryimage"},"image":{"@id":"https:\/\/www.xn--bgerogting-0cb.dk\/index.php\/vare\/to-fod-og-oernens-fjer-af-margaret-friskley\/#primaryimage"},"thumbnailUrl":"https:\/\/i0.wp.com\/www.xn--bgerogting-0cb.dk\/wp-content\/uploads\/2024\/05\/To-fod-og-oernens-fjer-af-Margaret-Friskley-2-1.jpg?fit=1920%2C1918&ssl=1","datePublished":"2024-05-31T15:02:50+00:00","dateModified":"2026-02-25T15:23:11+00:00","description":"To-fod og \u00f8rnens fjer af Margaret Friskley - Carlsen if, u.\u00e5r (1974) - F\u00f8l bog - H\u00e6ftet hardback.","breadcrumb":{"@id":"https:\/\/www.xn--bgerogting-0cb.dk\/index.php\/vare\/to-fod-og-oernens-fjer-af-margaret-friskley\/#breadcrumb"},"inLanguage":"da-DK","potentialAction":[{"@type":"ReadAction","target":["https:\/\/www.xn--bgerogting-0cb.dk\/index.php\/vare\/to-fod-og-oernens-fjer-af-margaret-friskley\/"]}]},{"@type":"ImageObject","inLanguage":"da-DK","@id":"https:\/\/www.xn--bgerogting-0cb.dk\/index.php\/vare\/to-fod-og-oernens-fjer-af-margaret-friskley\/#primaryimage","url":"https:\/\/i0.wp.com\/www.xn--bgerogting-0cb.dk\/wp-content\/uploads\/2024\/05\/To-fod-og-oernens-fjer-af-Margaret-Friskley-2-1.jpg?fit=1920%2C1918&ssl=1","contentUrl":"https:\/\/i0.wp.com\/www.xn--bgerogting-0cb.dk\/wp-content\/uploads\/2024\/05\/To-fod-og-oernens-fjer-af-Margaret-Friskley-2-1.jpg?fit=1920%2C1918&ssl=1","width":1920,"height":1918,"caption":"To-fod og \u00f8rnens fjer af Margaret Friskley"},{"@type":"BreadcrumbList","@id":"https:\/\/www.xn--bgerogting-0cb.dk\/index.php\/vare\/to-fod-og-oernens-fjer-af-margaret-friskley\/#breadcrumb","itemListElement":[{"@type":"ListItem","position":1,"name":"Home","item":"https:\/\/www.xn--bgerogting-0cb.dk\/"},{"@type":"ListItem","position":2,"name":"Butik","item":"https:\/\/www.xn--bgerogting-0cb.dk\/index.php\/shop\/"},{"@type":"ListItem","position":3,"name":"To-fod og \u00f8rnens fjer af Margaret Friskley"}]},{"@type":"WebSite","@id":"https:\/\/www.xn--bgerogting-0cb.dk\/#website","url":"https:\/\/www.xn--bgerogting-0cb.dk\/","name":"B\u00f8ger og Ting","description":"Antikvarisk, retro, vintage og antik","publisher":{"@id":"https:\/\/www.xn--bgerogting-0cb.dk\/#organization"},"potentialAction":[{"@type":"SearchAction","target":{"@type":"EntryPoint","urlTemplate":"https:\/\/www.xn--bgerogting-0cb.dk\/?s={search_term_string}"},"query-input":{"@type":"PropertyValueSpecification","valueRequired":true,"valueName":"search_term_string"}}],"inLanguage":"da-DK"},{"@type":"Organization","@id":"https:\/\/www.xn--bgerogting-0cb.dk\/#organization","name":"B\u00f8ger og Ting","url":"https:\/\/www.xn--bgerogting-0cb.dk\/","logo":{"@type":"ImageObject","inLanguage":"da-DK","@id":"https:\/\/www.xn--bgerogting-0cb.dk\/#\/schema\/logo\/image\/","url":"https:\/\/i0.wp.com\/www.xn--bgerogting-0cb.dk\/wp-content\/uploads\/2019\/10\/webicon.png?fit=205%2C205&ssl=1","contentUrl":"https:\/\/i0.wp.com\/www.xn--bgerogting-0cb.dk\/wp-content\/uploads\/2019\/10\/webicon.png?fit=205%2C205&ssl=1","width":205,"height":205,"caption":"B\u00f8ger og Ting"},"image":{"@id":"https:\/\/www.xn--bgerogting-0cb.dk\/#\/schema\/logo\/image\/"},"sameAs":["https:\/\/www.facebook.com\/boegerogting\/","https:\/\/www.instagram.com\/bogerogting\/"]}]},"product_price_amount":"70.00","product_price_currency":"DKK","og_availability":"instock","product_availability":"instock","product_retailer_item_id":"9479","product_condition":"new"},"jetpack_sharing_enabled":true,"_links":{"self":[{"href":"https:\/\/www.xn--bgerogting-0cb.dk\/index.php\/wp-json\/wp\/v2\/product\/16267","targetHints":{"allow":["GET"]}}],"collection":[{"href":"https:\/\/www.xn--bgerogting-0cb.dk\/index.php\/wp-json\/wp\/v2\/product"}],"about":[{"href":"https:\/\/www.xn--bgerogting-0cb.dk\/index.php\/wp-json\/wp\/v2\/types\/product"}],"wp:featuredmedia":[{"embeddable":true,"href":"https:\/\/www.xn--bgerogting-0cb.dk\/index.php\/wp-json\/wp\/v2\/media\/18533"}],"wp:attachment":[{"href":"https:\/\/www.xn--bgerogting-0cb.dk\/index.php\/wp-json\/wp\/v2\/media?parent=16267"}],"wp:term":[{"taxonomy":"product_brand","embeddable":true,"href":"https:\/\/www.xn--bgerogting-0cb.dk\/index.php\/wp-json\/wp\/v2\/product_brand?post=16267"},{"taxonomy":"product_cat","embeddable":true,"href":"https:\/\/www.xn--bgerogting-0cb.dk\/index.php\/wp-json\/wp\/v2\/product_cat?post=16267"},{"taxonomy":"product_tag","embeddable":true,"href":"https:\/\/www.xn--bgerogting-0cb.dk\/index.php\/wp-json\/wp\/v2\/product_tag?post=16267"}],"curies":[{"name":"wp","href":"https:\/\/api.w.org\/{rel}","templated":true}]}}