{"id":1621,"date":"2019-10-24T22:29:01","date_gmt":"2019-10-24T20:29:01","guid":{"rendered":"https:\/\/www.xn--bgerogting-0cb.dk\/?post_type=product&#038;p=1621"},"modified":"2025-01-30T21:03:21","modified_gmt":"2025-01-30T20:03:21","slug":"die-schohne-li-zwei-chinesische-liebesgeschichten-aus-der-tang-zeit","status":"publish","type":"product","link":"https:\/\/www.xn--bgerogting-0cb.dk\/index.php\/vare\/die-schohne-li-zwei-chinesische-liebesgeschichten-aus-der-tang-zeit\/","title":{"rendered":"Die sch\u00f6hne Li : Zwei chinesische Liebesgeschichten aus der Tang-Zeit"},"content":{"rendered":"<p>Im Insel Verlag, 1962 &#8211; Insel B\u00fccheri; 705 &#8211; 48 sider &#8211; Kartonbind<br \/>\n\u00dcbertragen von Franz Kuhn . Bogen har ingen illustrationer.<br \/>\nBogen er i p\u00e6n stand &#8211; dog er ryg og snit gulnede.<\/p>\n<p>Bogen indeholder to kinesiske k\u00e6rlighedshistorier fra Tang-tiden.<\/p>\n<p>&#8220;Insel Bucherei&#8221; er en ber\u00f8mt bogserie, der fra 1912 er blevet udgivet i Tyskland. B\u00f8gerne er i lommeformatet. Forlagets intention var og er stadig at skabe \u00e6stetiske, smukke og billige b\u00f8ger om forskellige emner indenfor bl. a. kultur og natur. Den engelske bogserie &#8220;King Penguins&#8221; er direkte inspireret af den tyske serie.<\/p>\n","protected":false},"excerpt":{"rendered":"<p>Im Insel Verlag, 1962 &#8211; Insel B\u00fccheri; 705 &#8211; 48 sider &#8211; Kartonbind<br \/>\n\u00dcbertragen von Franz Kuhn . Bogen har ingen illustrationer.<br \/>\nBogen er i p\u00e6n stand &#8211; dog er ryg og snit gulnede.<\/p>\n<p>Bogen indeholder to kinesiske k\u00e6rlighedshistorier fra Tang-tiden.<\/p>\n<p>&#8220;Insel Bucherei&#8221; er en ber\u00f8mt bogserie, der fra 1912 er blevet udgivet i Tyskland. B\u00f8gerne er i lommeformatet. Forlagets intention var og er stadig at skabe \u00e6stetiske, smukke og billige b\u00f8ger om forskellige emner indenfor bl. a. kultur og natur. Den engelske bogserie &#8220;King Penguins&#8221; er direkte inspireret af den tyske serie.<\/p>\n","protected":false},"featured_media":1623,"template":"","meta":[],"product_brand":[],"product_cat":[27,1629,1618,46,100],"product_tag":[206,480],"class_list":{"0":"post-1621","1":"product","2":"type-product","3":"status-publish","4":"has-post-thumbnail","6":"product_cat-boeger","7":"product_cat-andre-sprog","8":"product_cat-bucher-auf-deutsch","9":"product_cat-samlerobjekter","10":"product_cat-skoenlitteratur","11":"product_tag-insel-bucheri","12":"product_tag-kinesisk","14":"first","15":"instock","16":"shipping-taxable","17":"purchasable","18":"product-type-simple"},"yoast_head":"<!-- This site is optimized with the Yoast SEO Premium plugin v27.4 (Yoast SEO v27.6) - https:\/\/yoast.com\/product\/yoast-seo-premium-wordpress\/ -->\n<title>Die sch\u00f6hne Li : Zwei chinesische Liebesgeschichten aus der Tang-Zeit - B\u00f8ger og Ting<\/title>\n<meta name=\"robots\" content=\"index, follow, max-snippet:-1, max-image-preview:large, max-video-preview:-1\" \/>\n<link rel=\"canonical\" href=\"https:\/\/www.xn--bgerogting-0cb.dk\/index.php\/vare\/die-schohne-li-zwei-chinesische-liebesgeschichten-aus-der-tang-zeit\/\" \/>\n<meta property=\"og:locale\" content=\"da_DK\" \/>\n<meta property=\"og:type\" content=\"article\" \/>\n<meta property=\"og:title\" content=\"Die sch\u00f6hne Li : Zwei chinesische Liebesgeschichten aus der Tang-Zeit\" \/>\n<meta property=\"og:description\" content=\"Im Insel Verlag, 1962 - Insel B\u00fccheri; 705 - 48 sider - Kartonbind \u00dcbertragen von Franz Kuhn . Bogen har ingen illustrationer. Bogen er i p\u00e6n stand - dog er ryg og snit gulnede.  Bogen indeholder to kinesiske k\u00e6rlighedshistorier fra Tang-tiden.  &quot;Insel Bucherei&quot; er en ber\u00f8mt bogserie, der fra 1912 er blevet udgivet i Tyskland. B\u00f8gerne er i lommeformatet. Forlagets intention var og er stadig at skabe \u00e6stetiske, smukke og billige b\u00f8ger om forskellige emner indenfor bl. a. kultur og natur. Den engelske bogserie &quot;King Penguins&quot; er direkte inspireret af den tyske serie.\" \/>\n<meta property=\"og:url\" content=\"https:\/\/www.xn--bgerogting-0cb.dk\/index.php\/vare\/die-schohne-li-zwei-chinesische-liebesgeschichten-aus-der-tang-zeit\/\" \/>\n<meta property=\"og:site_name\" content=\"B\u00f8ger og Ting\" \/>\n<meta property=\"article:publisher\" content=\"https:\/\/www.facebook.com\/boegerogting\/\" \/>\n<meta property=\"article:modified_time\" content=\"2025-01-30T20:03:21+00:00\" \/>\n<meta property=\"og:image\" content=\"https:\/\/www.xn--bgerogting-0cb.dk\/wp-content\/uploads\/2019\/10\/Die-sch\u00f6ne-Li.jpg\" \/>\n\t<meta property=\"og:image:width\" content=\"1920\" \/>\n\t<meta property=\"og:image:height\" content=\"1920\" \/>\n\t<meta property=\"og:image:type\" content=\"image\/jpeg\" \/>\n<meta name=\"twitter:card\" content=\"summary_large_image\" \/>\n<meta name=\"twitter:label1\" content=\"Pris\" \/>\n\t<meta name=\"twitter:data1\" content=\"kr.&nbsp;50,00\" \/>\n\t<meta name=\"twitter:label2\" content=\"Tilg\u00e6ngelighed\" \/>\n\t<meta name=\"twitter:data2\" content=\"P\u00e5 lager\" \/>\n<script type=\"application\/ld+json\" class=\"yoast-schema-graph\">{\"@context\":\"https:\\\/\\\/schema.org\",\"@graph\":[{\"@type\":\"WebPage\",\"@id\":\"https:\\\/\\\/www.xn--bgerogting-0cb.dk\\\/index.php\\\/vare\\\/die-schohne-li-zwei-chinesische-liebesgeschichten-aus-der-tang-zeit\\\/\",\"url\":\"https:\\\/\\\/www.xn--bgerogting-0cb.dk\\\/index.php\\\/vare\\\/die-schohne-li-zwei-chinesische-liebesgeschichten-aus-der-tang-zeit\\\/\",\"name\":\"Die sch\u00f6hne Li : Zwei chinesische Liebesgeschichten aus der Tang-Zeit - B\u00f8ger og Ting\",\"isPartOf\":{\"@id\":\"https:\\\/\\\/www.xn--bgerogting-0cb.dk\\\/#website\"},\"primaryImageOfPage\":{\"@id\":\"https:\\\/\\\/www.xn--bgerogting-0cb.dk\\\/index.php\\\/vare\\\/die-schohne-li-zwei-chinesische-liebesgeschichten-aus-der-tang-zeit\\\/#primaryimage\"},\"image\":{\"@id\":\"https:\\\/\\\/www.xn--bgerogting-0cb.dk\\\/index.php\\\/vare\\\/die-schohne-li-zwei-chinesische-liebesgeschichten-aus-der-tang-zeit\\\/#primaryimage\"},\"thumbnailUrl\":\"https:\\\/\\\/i0.wp.com\\\/www.xn--bgerogting-0cb.dk\\\/wp-content\\\/uploads\\\/2019\\\/10\\\/Die-sch%C3%B6ne-Li.jpg?fit=1920%2C1920&ssl=1\",\"datePublished\":\"2019-10-24T20:29:01+00:00\",\"dateModified\":\"2025-01-30T20:03:21+00:00\",\"breadcrumb\":{\"@id\":\"https:\\\/\\\/www.xn--bgerogting-0cb.dk\\\/index.php\\\/vare\\\/die-schohne-li-zwei-chinesische-liebesgeschichten-aus-der-tang-zeit\\\/#breadcrumb\"},\"inLanguage\":\"da-DK\",\"potentialAction\":[{\"@type\":\"ReadAction\",\"target\":[\"https:\\\/\\\/www.xn--bgerogting-0cb.dk\\\/index.php\\\/vare\\\/die-schohne-li-zwei-chinesische-liebesgeschichten-aus-der-tang-zeit\\\/\"]}]},{\"@type\":\"ImageObject\",\"inLanguage\":\"da-DK\",\"@id\":\"https:\\\/\\\/www.xn--bgerogting-0cb.dk\\\/index.php\\\/vare\\\/die-schohne-li-zwei-chinesische-liebesgeschichten-aus-der-tang-zeit\\\/#primaryimage\",\"url\":\"https:\\\/\\\/i0.wp.com\\\/www.xn--bgerogting-0cb.dk\\\/wp-content\\\/uploads\\\/2019\\\/10\\\/Die-sch%C3%B6ne-Li.jpg?fit=1920%2C1920&ssl=1\",\"contentUrl\":\"https:\\\/\\\/i0.wp.com\\\/www.xn--bgerogting-0cb.dk\\\/wp-content\\\/uploads\\\/2019\\\/10\\\/Die-sch%C3%B6ne-Li.jpg?fit=1920%2C1920&ssl=1\",\"width\":1920,\"height\":1920,\"caption\":\"\\\"Insel Bucherei\\\" er en ber\u00f8mt bogserie, der fra 1912 er blevet udgivet i Tyskland. B\u00f8gerne er i lommeformatet. Forlagets intention var og er stadig at skabe \u00e6stetiske, smukke og billige b\u00f8ger om forskellige emner indenfor bl. a. kultur og natur. Den engelske bogserie \\\"King Penguins\\\" er direkte inspireret af den tyske serie.\"},{\"@type\":\"BreadcrumbList\",\"@id\":\"https:\\\/\\\/www.xn--bgerogting-0cb.dk\\\/index.php\\\/vare\\\/die-schohne-li-zwei-chinesische-liebesgeschichten-aus-der-tang-zeit\\\/#breadcrumb\",\"itemListElement\":[{\"@type\":\"ListItem\",\"position\":1,\"name\":\"Home\",\"item\":\"https:\\\/\\\/www.xn--bgerogting-0cb.dk\\\/\"},{\"@type\":\"ListItem\",\"position\":2,\"name\":\"Butik\",\"item\":\"https:\\\/\\\/www.xn--bgerogting-0cb.dk\\\/index.php\\\/shop\\\/\"},{\"@type\":\"ListItem\",\"position\":3,\"name\":\"Die sch\u00f6hne Li : Zwei chinesische Liebesgeschichten aus der Tang-Zeit\"}]},{\"@type\":\"WebSite\",\"@id\":\"https:\\\/\\\/www.xn--bgerogting-0cb.dk\\\/#website\",\"url\":\"https:\\\/\\\/www.xn--bgerogting-0cb.dk\\\/\",\"name\":\"B\u00f8ger og Ting\",\"description\":\"Antikvarisk, retro, vintage og antik\",\"publisher\":{\"@id\":\"https:\\\/\\\/www.xn--bgerogting-0cb.dk\\\/#organization\"},\"potentialAction\":[{\"@type\":\"SearchAction\",\"target\":{\"@type\":\"EntryPoint\",\"urlTemplate\":\"https:\\\/\\\/www.xn--bgerogting-0cb.dk\\\/?s={search_term_string}\"},\"query-input\":{\"@type\":\"PropertyValueSpecification\",\"valueRequired\":true,\"valueName\":\"search_term_string\"}}],\"inLanguage\":\"da-DK\"},{\"@type\":\"Organization\",\"@id\":\"https:\\\/\\\/www.xn--bgerogting-0cb.dk\\\/#organization\",\"name\":\"B\u00f8ger og Ting\",\"url\":\"https:\\\/\\\/www.xn--bgerogting-0cb.dk\\\/\",\"logo\":{\"@type\":\"ImageObject\",\"inLanguage\":\"da-DK\",\"@id\":\"https:\\\/\\\/www.xn--bgerogting-0cb.dk\\\/#\\\/schema\\\/logo\\\/image\\\/\",\"url\":\"https:\\\/\\\/i0.wp.com\\\/www.xn--bgerogting-0cb.dk\\\/wp-content\\\/uploads\\\/2019\\\/10\\\/webicon.png?fit=205%2C205&ssl=1\",\"contentUrl\":\"https:\\\/\\\/i0.wp.com\\\/www.xn--bgerogting-0cb.dk\\\/wp-content\\\/uploads\\\/2019\\\/10\\\/webicon.png?fit=205%2C205&ssl=1\",\"width\":205,\"height\":205,\"caption\":\"B\u00f8ger og Ting\"},\"image\":{\"@id\":\"https:\\\/\\\/www.xn--bgerogting-0cb.dk\\\/#\\\/schema\\\/logo\\\/image\\\/\"},\"sameAs\":[\"https:\\\/\\\/www.facebook.com\\\/boegerogting\\\/\",\"https:\\\/\\\/www.instagram.com\\\/bogerogting\\\/\"]}]}<\/script>\n<meta property=\"product:price:amount\" content=\"50.00\" \/>\n<meta property=\"product:price:currency\" content=\"DKK\" \/>\n<meta property=\"og:availability\" content=\"instock\" \/>\n<meta property=\"product:availability\" content=\"instock\" \/>\n<meta property=\"product:retailer_item_id\" content=\"1743\" \/>\n<meta property=\"product:condition\" content=\"new\" \/>\n<!-- \/ Yoast SEO Premium plugin. -->","yoast_head_json":{"title":"Die sch\u00f6hne Li : Zwei chinesische Liebesgeschichten aus der Tang-Zeit - B\u00f8ger og Ting","robots":{"index":"index","follow":"follow","max-snippet":"max-snippet:-1","max-image-preview":"max-image-preview:large","max-video-preview":"max-video-preview:-1"},"canonical":"https:\/\/www.xn--bgerogting-0cb.dk\/index.php\/vare\/die-schohne-li-zwei-chinesische-liebesgeschichten-aus-der-tang-zeit\/","og_locale":"da_DK","og_type":"article","og_title":"Die sch\u00f6hne Li : Zwei chinesische Liebesgeschichten aus der Tang-Zeit","og_description":"Im Insel Verlag, 1962 - Insel B\u00fccheri; 705 - 48 sider - Kartonbind \u00dcbertragen von Franz Kuhn . Bogen har ingen illustrationer. Bogen er i p\u00e6n stand - dog er ryg og snit gulnede.  Bogen indeholder to kinesiske k\u00e6rlighedshistorier fra Tang-tiden.  \"Insel Bucherei\" er en ber\u00f8mt bogserie, der fra 1912 er blevet udgivet i Tyskland. B\u00f8gerne er i lommeformatet. Forlagets intention var og er stadig at skabe \u00e6stetiske, smukke og billige b\u00f8ger om forskellige emner indenfor bl. a. kultur og natur. Den engelske bogserie \"King Penguins\" er direkte inspireret af den tyske serie.","og_url":"https:\/\/www.xn--bgerogting-0cb.dk\/index.php\/vare\/die-schohne-li-zwei-chinesische-liebesgeschichten-aus-der-tang-zeit\/","og_site_name":"B\u00f8ger og Ting","article_publisher":"https:\/\/www.facebook.com\/boegerogting\/","article_modified_time":"2025-01-30T20:03:21+00:00","og_image":[{"width":1920,"height":1920,"url":"https:\/\/www.xn--bgerogting-0cb.dk\/wp-content\/uploads\/2019\/10\/Die-sch\u00f6ne-Li.jpg","type":"image\/jpeg"}],"twitter_card":"summary_large_image","twitter_misc":{"Pris":"kr.&nbsp;50,00","Tilg\u00e6ngelighed":"P\u00e5 lager"},"schema":{"@context":"https:\/\/schema.org","@graph":[{"@type":"WebPage","@id":"https:\/\/www.xn--bgerogting-0cb.dk\/index.php\/vare\/die-schohne-li-zwei-chinesische-liebesgeschichten-aus-der-tang-zeit\/","url":"https:\/\/www.xn--bgerogting-0cb.dk\/index.php\/vare\/die-schohne-li-zwei-chinesische-liebesgeschichten-aus-der-tang-zeit\/","name":"Die sch\u00f6hne Li : Zwei chinesische Liebesgeschichten aus der Tang-Zeit - B\u00f8ger og Ting","isPartOf":{"@id":"https:\/\/www.xn--bgerogting-0cb.dk\/#website"},"primaryImageOfPage":{"@id":"https:\/\/www.xn--bgerogting-0cb.dk\/index.php\/vare\/die-schohne-li-zwei-chinesische-liebesgeschichten-aus-der-tang-zeit\/#primaryimage"},"image":{"@id":"https:\/\/www.xn--bgerogting-0cb.dk\/index.php\/vare\/die-schohne-li-zwei-chinesische-liebesgeschichten-aus-der-tang-zeit\/#primaryimage"},"thumbnailUrl":"https:\/\/i0.wp.com\/www.xn--bgerogting-0cb.dk\/wp-content\/uploads\/2019\/10\/Die-sch%C3%B6ne-Li.jpg?fit=1920%2C1920&ssl=1","datePublished":"2019-10-24T20:29:01+00:00","dateModified":"2025-01-30T20:03:21+00:00","breadcrumb":{"@id":"https:\/\/www.xn--bgerogting-0cb.dk\/index.php\/vare\/die-schohne-li-zwei-chinesische-liebesgeschichten-aus-der-tang-zeit\/#breadcrumb"},"inLanguage":"da-DK","potentialAction":[{"@type":"ReadAction","target":["https:\/\/www.xn--bgerogting-0cb.dk\/index.php\/vare\/die-schohne-li-zwei-chinesische-liebesgeschichten-aus-der-tang-zeit\/"]}]},{"@type":"ImageObject","inLanguage":"da-DK","@id":"https:\/\/www.xn--bgerogting-0cb.dk\/index.php\/vare\/die-schohne-li-zwei-chinesische-liebesgeschichten-aus-der-tang-zeit\/#primaryimage","url":"https:\/\/i0.wp.com\/www.xn--bgerogting-0cb.dk\/wp-content\/uploads\/2019\/10\/Die-sch%C3%B6ne-Li.jpg?fit=1920%2C1920&ssl=1","contentUrl":"https:\/\/i0.wp.com\/www.xn--bgerogting-0cb.dk\/wp-content\/uploads\/2019\/10\/Die-sch%C3%B6ne-Li.jpg?fit=1920%2C1920&ssl=1","width":1920,"height":1920,"caption":"\"Insel Bucherei\" er en ber\u00f8mt bogserie, der fra 1912 er blevet udgivet i Tyskland. B\u00f8gerne er i lommeformatet. Forlagets intention var og er stadig at skabe \u00e6stetiske, smukke og billige b\u00f8ger om forskellige emner indenfor bl. a. kultur og natur. Den engelske bogserie \"King Penguins\" er direkte inspireret af den tyske serie."},{"@type":"BreadcrumbList","@id":"https:\/\/www.xn--bgerogting-0cb.dk\/index.php\/vare\/die-schohne-li-zwei-chinesische-liebesgeschichten-aus-der-tang-zeit\/#breadcrumb","itemListElement":[{"@type":"ListItem","position":1,"name":"Home","item":"https:\/\/www.xn--bgerogting-0cb.dk\/"},{"@type":"ListItem","position":2,"name":"Butik","item":"https:\/\/www.xn--bgerogting-0cb.dk\/index.php\/shop\/"},{"@type":"ListItem","position":3,"name":"Die sch\u00f6hne Li : Zwei chinesische Liebesgeschichten aus der Tang-Zeit"}]},{"@type":"WebSite","@id":"https:\/\/www.xn--bgerogting-0cb.dk\/#website","url":"https:\/\/www.xn--bgerogting-0cb.dk\/","name":"B\u00f8ger og Ting","description":"Antikvarisk, retro, vintage og antik","publisher":{"@id":"https:\/\/www.xn--bgerogting-0cb.dk\/#organization"},"potentialAction":[{"@type":"SearchAction","target":{"@type":"EntryPoint","urlTemplate":"https:\/\/www.xn--bgerogting-0cb.dk\/?s={search_term_string}"},"query-input":{"@type":"PropertyValueSpecification","valueRequired":true,"valueName":"search_term_string"}}],"inLanguage":"da-DK"},{"@type":"Organization","@id":"https:\/\/www.xn--bgerogting-0cb.dk\/#organization","name":"B\u00f8ger og Ting","url":"https:\/\/www.xn--bgerogting-0cb.dk\/","logo":{"@type":"ImageObject","inLanguage":"da-DK","@id":"https:\/\/www.xn--bgerogting-0cb.dk\/#\/schema\/logo\/image\/","url":"https:\/\/i0.wp.com\/www.xn--bgerogting-0cb.dk\/wp-content\/uploads\/2019\/10\/webicon.png?fit=205%2C205&ssl=1","contentUrl":"https:\/\/i0.wp.com\/www.xn--bgerogting-0cb.dk\/wp-content\/uploads\/2019\/10\/webicon.png?fit=205%2C205&ssl=1","width":205,"height":205,"caption":"B\u00f8ger og Ting"},"image":{"@id":"https:\/\/www.xn--bgerogting-0cb.dk\/#\/schema\/logo\/image\/"},"sameAs":["https:\/\/www.facebook.com\/boegerogting\/","https:\/\/www.instagram.com\/bogerogting\/"]}]},"product_price_amount":"50.00","product_price_currency":"DKK","og_availability":"instock","product_availability":"instock","product_retailer_item_id":"1743","product_condition":"new"},"jetpack_sharing_enabled":true,"_links":{"self":[{"href":"https:\/\/www.xn--bgerogting-0cb.dk\/index.php\/wp-json\/wp\/v2\/product\/1621","targetHints":{"allow":["GET"]}}],"collection":[{"href":"https:\/\/www.xn--bgerogting-0cb.dk\/index.php\/wp-json\/wp\/v2\/product"}],"about":[{"href":"https:\/\/www.xn--bgerogting-0cb.dk\/index.php\/wp-json\/wp\/v2\/types\/product"}],"wp:featuredmedia":[{"embeddable":true,"href":"https:\/\/www.xn--bgerogting-0cb.dk\/index.php\/wp-json\/wp\/v2\/media\/1623"}],"wp:attachment":[{"href":"https:\/\/www.xn--bgerogting-0cb.dk\/index.php\/wp-json\/wp\/v2\/media?parent=1621"}],"wp:term":[{"taxonomy":"product_brand","embeddable":true,"href":"https:\/\/www.xn--bgerogting-0cb.dk\/index.php\/wp-json\/wp\/v2\/product_brand?post=1621"},{"taxonomy":"product_cat","embeddable":true,"href":"https:\/\/www.xn--bgerogting-0cb.dk\/index.php\/wp-json\/wp\/v2\/product_cat?post=1621"},{"taxonomy":"product_tag","embeddable":true,"href":"https:\/\/www.xn--bgerogting-0cb.dk\/index.php\/wp-json\/wp\/v2\/product_tag?post=1621"}],"curies":[{"name":"wp","href":"https:\/\/api.w.org\/{rel}","templated":true}]}}