{"id":16156,"date":"2024-05-17T15:35:34","date_gmt":"2024-05-17T13:35:34","guid":{"rendered":"https:\/\/www.xn--bgerogting-0cb.dk\/?post_type=product&#038;p=16156"},"modified":"2024-05-17T15:41:26","modified_gmt":"2024-05-17T13:41:26","slug":"reklameaskebaeger-scotch-whiskey-black-white-fra-1920erne","status":"publish","type":"product","link":"https:\/\/www.xn--bgerogting-0cb.dk\/index.php\/vare\/reklameaskebaeger-scotch-whiskey-black-white-fra-1920erne\/","title":{"rendered":"Reklameaskeb\u00e6ger Scotch Whisky &#8211; Black &#038; White fra 1920&#8217;erne"},"content":{"rendered":"<p>Reklameaskeb\u00e6ger &#8220;Scotch Whisky&#8221; &#8211; &#8220;Black &amp; White&#8221; fra 1920&#8217;erne med hundene.<br \/>\nM\u00e6rket Shelley &#8211; England.<br \/>\nFin stand dog med en anelse cigaretm\u00e6rke i det ene hj\u00f8rne.<\/p>\n<p>&nbsp;<\/p>\n","protected":false},"excerpt":{"rendered":"<p>Reklameaskeb\u00e6ger &#8220;Scotch Whisky&#8221; &#8211; &#8220;Black &amp; White&#8221; fra 1920&#8217;erne med hundene.<br \/>\nM\u00e6rket Shelley &#8211; England.<br \/>\nM\u00e5l 13 x 13 cm.<br \/>\nFin stand dog med en anelse cigaretm\u00e6rke i det ene hj\u00f8rne.<\/p>\n<p>&nbsp;<\/p>\n","protected":false},"featured_media":16157,"template":"","meta":[],"product_brand":[],"product_cat":[468,384,989,46,48,32,283],"product_tag":[1562,1561,1564,1563],"class_list":{"0":"post-16156","1":"product","2":"type-product","3":"status-publish","4":"has-post-thumbnail","6":"product_cat-1900-tallet","7":"product_cat-1920erne","8":"product_cat-kuriositeter-tema","9":"product_cat-samlerobjekter","10":"product_cat-tema","11":"product_cat-ting","12":"product_cat-vintage-ting","13":"product_tag-askebaegere","14":"product_tag-reklame","15":"product_tag-shelley","16":"product_tag-whisky","18":"first","19":"instock","20":"shipping-taxable","21":"purchasable","22":"product-type-simple"},"yoast_head":"<!-- This site is optimized with the Yoast SEO Premium plugin v27.4 (Yoast SEO v27.5) - https:\/\/yoast.com\/product\/yoast-seo-premium-wordpress\/ -->\n<title>Reklameaskeb\u00e6ger Scotch Whisky - Black &amp; White fra 1920&#039;erne - B\u00f8ger og Ting<\/title>\n<meta name=\"description\" content=\"Reklameaskeb\u00e6ger &quot;Scotch Whisky&quot; - &quot;Black &amp; White&quot; fra 1920&#039;erne med hundene. M\u00e6rket Shelley - England. M\u00e5l 13 x 13 cm.\" \/>\n<meta name=\"robots\" content=\"index, follow, max-snippet:-1, max-image-preview:large, max-video-preview:-1\" \/>\n<link rel=\"canonical\" href=\"https:\/\/www.xn--bgerogting-0cb.dk\/index.php\/vare\/reklameaskebaeger-scotch-whiskey-black-white-fra-1920erne\/\" \/>\n<meta property=\"og:locale\" content=\"da_DK\" \/>\n<meta property=\"og:type\" content=\"article\" \/>\n<meta property=\"og:title\" content=\"Reklameaskeb\u00e6ger Scotch Whisky - Black &amp; White fra 1920&#039;erne\" \/>\n<meta property=\"og:description\" content=\"Reklameaskeb\u00e6ger &quot;Scotch Whisky&quot; - &quot;Black &amp; White&quot; fra 1920&#039;erne med hundene. M\u00e6rket Shelley - England. M\u00e5l 13 x 13 cm.\" \/>\n<meta property=\"og:url\" content=\"https:\/\/www.xn--bgerogting-0cb.dk\/index.php\/vare\/reklameaskebaeger-scotch-whiskey-black-white-fra-1920erne\/\" \/>\n<meta property=\"og:site_name\" content=\"B\u00f8ger og Ting\" \/>\n<meta property=\"article:publisher\" content=\"https:\/\/www.facebook.com\/boegerogting\/\" \/>\n<meta property=\"article:modified_time\" content=\"2024-05-17T13:41:26+00:00\" \/>\n<meta property=\"og:image\" content=\"https:\/\/www.xn--bgerogting-0cb.dk\/wp-content\/uploads\/2024\/05\/Reklameaskebaeger-Black-White.jpg\" \/>\n\t<meta property=\"og:image:width\" content=\"1920\" \/>\n\t<meta property=\"og:image:height\" content=\"1918\" \/>\n\t<meta property=\"og:image:type\" content=\"image\/jpeg\" \/>\n<meta name=\"twitter:card\" content=\"summary_large_image\" \/>\n<meta name=\"twitter:label1\" content=\"Pris\" \/>\n\t<meta name=\"twitter:data1\" content=\"kr.&nbsp;150,00\" \/>\n\t<meta name=\"twitter:label2\" content=\"Tilg\u00e6ngelighed\" \/>\n\t<meta name=\"twitter:data2\" content=\"P\u00e5 lager\" \/>\n<script type=\"application\/ld+json\" class=\"yoast-schema-graph\">{\"@context\":\"https:\\\/\\\/schema.org\",\"@graph\":[{\"@type\":\"WebPage\",\"@id\":\"https:\\\/\\\/www.xn--bgerogting-0cb.dk\\\/index.php\\\/vare\\\/reklameaskebaeger-scotch-whiskey-black-white-fra-1920erne\\\/\",\"url\":\"https:\\\/\\\/www.xn--bgerogting-0cb.dk\\\/index.php\\\/vare\\\/reklameaskebaeger-scotch-whiskey-black-white-fra-1920erne\\\/\",\"name\":\"Reklameaskeb\u00e6ger Scotch Whisky - Black & White fra 1920'erne - B\u00f8ger og Ting\",\"isPartOf\":{\"@id\":\"https:\\\/\\\/www.xn--bgerogting-0cb.dk\\\/#website\"},\"primaryImageOfPage\":{\"@id\":\"https:\\\/\\\/www.xn--bgerogting-0cb.dk\\\/index.php\\\/vare\\\/reklameaskebaeger-scotch-whiskey-black-white-fra-1920erne\\\/#primaryimage\"},\"image\":{\"@id\":\"https:\\\/\\\/www.xn--bgerogting-0cb.dk\\\/index.php\\\/vare\\\/reklameaskebaeger-scotch-whiskey-black-white-fra-1920erne\\\/#primaryimage\"},\"thumbnailUrl\":\"https:\\\/\\\/i0.wp.com\\\/www.xn--bgerogting-0cb.dk\\\/wp-content\\\/uploads\\\/2024\\\/05\\\/Reklameaskebaeger-Black-White.jpg?fit=1920%2C1918&ssl=1\",\"datePublished\":\"2024-05-17T13:35:34+00:00\",\"dateModified\":\"2024-05-17T13:41:26+00:00\",\"description\":\"Reklameaskeb\u00e6ger \\\"Scotch Whisky\\\" - \\\"Black & White\\\" fra 1920'erne med hundene. M\u00e6rket Shelley - England. M\u00e5l 13 x 13 cm.\",\"breadcrumb\":{\"@id\":\"https:\\\/\\\/www.xn--bgerogting-0cb.dk\\\/index.php\\\/vare\\\/reklameaskebaeger-scotch-whiskey-black-white-fra-1920erne\\\/#breadcrumb\"},\"inLanguage\":\"da-DK\",\"potentialAction\":[{\"@type\":\"ReadAction\",\"target\":[\"https:\\\/\\\/www.xn--bgerogting-0cb.dk\\\/index.php\\\/vare\\\/reklameaskebaeger-scotch-whiskey-black-white-fra-1920erne\\\/\"]}]},{\"@type\":\"ImageObject\",\"inLanguage\":\"da-DK\",\"@id\":\"https:\\\/\\\/www.xn--bgerogting-0cb.dk\\\/index.php\\\/vare\\\/reklameaskebaeger-scotch-whiskey-black-white-fra-1920erne\\\/#primaryimage\",\"url\":\"https:\\\/\\\/i0.wp.com\\\/www.xn--bgerogting-0cb.dk\\\/wp-content\\\/uploads\\\/2024\\\/05\\\/Reklameaskebaeger-Black-White.jpg?fit=1920%2C1918&ssl=1\",\"contentUrl\":\"https:\\\/\\\/i0.wp.com\\\/www.xn--bgerogting-0cb.dk\\\/wp-content\\\/uploads\\\/2024\\\/05\\\/Reklameaskebaeger-Black-White.jpg?fit=1920%2C1918&ssl=1\",\"width\":1920,\"height\":1918,\"caption\":\"Reklameaskeb\u00e6ger Black & White\"},{\"@type\":\"BreadcrumbList\",\"@id\":\"https:\\\/\\\/www.xn--bgerogting-0cb.dk\\\/index.php\\\/vare\\\/reklameaskebaeger-scotch-whiskey-black-white-fra-1920erne\\\/#breadcrumb\",\"itemListElement\":[{\"@type\":\"ListItem\",\"position\":1,\"name\":\"Home\",\"item\":\"https:\\\/\\\/www.xn--bgerogting-0cb.dk\\\/\"},{\"@type\":\"ListItem\",\"position\":2,\"name\":\"Butik\",\"item\":\"https:\\\/\\\/www.xn--bgerogting-0cb.dk\\\/index.php\\\/shop\\\/\"},{\"@type\":\"ListItem\",\"position\":3,\"name\":\"Reklameaskeb\u00e6ger Scotch Whisky &#8211; Black &#038; White fra 1920&#8217;erne\"}]},{\"@type\":\"WebSite\",\"@id\":\"https:\\\/\\\/www.xn--bgerogting-0cb.dk\\\/#website\",\"url\":\"https:\\\/\\\/www.xn--bgerogting-0cb.dk\\\/\",\"name\":\"B\u00f8ger og Ting\",\"description\":\"Antikvarisk, retro, vintage og antik\",\"publisher\":{\"@id\":\"https:\\\/\\\/www.xn--bgerogting-0cb.dk\\\/#organization\"},\"potentialAction\":[{\"@type\":\"SearchAction\",\"target\":{\"@type\":\"EntryPoint\",\"urlTemplate\":\"https:\\\/\\\/www.xn--bgerogting-0cb.dk\\\/?s={search_term_string}\"},\"query-input\":{\"@type\":\"PropertyValueSpecification\",\"valueRequired\":true,\"valueName\":\"search_term_string\"}}],\"inLanguage\":\"da-DK\"},{\"@type\":\"Organization\",\"@id\":\"https:\\\/\\\/www.xn--bgerogting-0cb.dk\\\/#organization\",\"name\":\"B\u00f8ger og Ting\",\"url\":\"https:\\\/\\\/www.xn--bgerogting-0cb.dk\\\/\",\"logo\":{\"@type\":\"ImageObject\",\"inLanguage\":\"da-DK\",\"@id\":\"https:\\\/\\\/www.xn--bgerogting-0cb.dk\\\/#\\\/schema\\\/logo\\\/image\\\/\",\"url\":\"https:\\\/\\\/i0.wp.com\\\/www.xn--bgerogting-0cb.dk\\\/wp-content\\\/uploads\\\/2019\\\/10\\\/webicon.png?fit=205%2C205&ssl=1\",\"contentUrl\":\"https:\\\/\\\/i0.wp.com\\\/www.xn--bgerogting-0cb.dk\\\/wp-content\\\/uploads\\\/2019\\\/10\\\/webicon.png?fit=205%2C205&ssl=1\",\"width\":205,\"height\":205,\"caption\":\"B\u00f8ger og Ting\"},\"image\":{\"@id\":\"https:\\\/\\\/www.xn--bgerogting-0cb.dk\\\/#\\\/schema\\\/logo\\\/image\\\/\"},\"sameAs\":[\"https:\\\/\\\/www.facebook.com\\\/boegerogting\\\/\",\"https:\\\/\\\/www.instagram.com\\\/bogerogting\\\/\"]}]}<\/script>\n<meta property=\"product:price:amount\" content=\"150.00\" \/>\n<meta property=\"product:price:currency\" content=\"DKK\" \/>\n<meta property=\"og:availability\" content=\"instock\" \/>\n<meta property=\"product:availability\" content=\"instock\" \/>\n<meta property=\"product:retailer_item_id\" content=\"6010\" \/>\n<meta property=\"product:condition\" content=\"new\" \/>\n<!-- \/ Yoast SEO Premium plugin. -->","yoast_head_json":{"title":"Reklameaskeb\u00e6ger Scotch Whisky - Black & White fra 1920'erne - B\u00f8ger og Ting","description":"Reklameaskeb\u00e6ger \"Scotch Whisky\" - \"Black & White\" fra 1920'erne med hundene. M\u00e6rket Shelley - England. M\u00e5l 13 x 13 cm.","robots":{"index":"index","follow":"follow","max-snippet":"max-snippet:-1","max-image-preview":"max-image-preview:large","max-video-preview":"max-video-preview:-1"},"canonical":"https:\/\/www.xn--bgerogting-0cb.dk\/index.php\/vare\/reklameaskebaeger-scotch-whiskey-black-white-fra-1920erne\/","og_locale":"da_DK","og_type":"article","og_title":"Reklameaskeb\u00e6ger Scotch Whisky - Black & White fra 1920'erne","og_description":"Reklameaskeb\u00e6ger \"Scotch Whisky\" - \"Black & White\" fra 1920'erne med hundene. M\u00e6rket Shelley - England. M\u00e5l 13 x 13 cm.","og_url":"https:\/\/www.xn--bgerogting-0cb.dk\/index.php\/vare\/reklameaskebaeger-scotch-whiskey-black-white-fra-1920erne\/","og_site_name":"B\u00f8ger og Ting","article_publisher":"https:\/\/www.facebook.com\/boegerogting\/","article_modified_time":"2024-05-17T13:41:26+00:00","og_image":[{"width":1920,"height":1918,"url":"https:\/\/www.xn--bgerogting-0cb.dk\/wp-content\/uploads\/2024\/05\/Reklameaskebaeger-Black-White.jpg","type":"image\/jpeg"}],"twitter_card":"summary_large_image","twitter_misc":{"Pris":"kr.&nbsp;150,00","Tilg\u00e6ngelighed":"P\u00e5 lager"},"schema":{"@context":"https:\/\/schema.org","@graph":[{"@type":"WebPage","@id":"https:\/\/www.xn--bgerogting-0cb.dk\/index.php\/vare\/reklameaskebaeger-scotch-whiskey-black-white-fra-1920erne\/","url":"https:\/\/www.xn--bgerogting-0cb.dk\/index.php\/vare\/reklameaskebaeger-scotch-whiskey-black-white-fra-1920erne\/","name":"Reklameaskeb\u00e6ger Scotch Whisky - Black & White fra 1920'erne - B\u00f8ger og Ting","isPartOf":{"@id":"https:\/\/www.xn--bgerogting-0cb.dk\/#website"},"primaryImageOfPage":{"@id":"https:\/\/www.xn--bgerogting-0cb.dk\/index.php\/vare\/reklameaskebaeger-scotch-whiskey-black-white-fra-1920erne\/#primaryimage"},"image":{"@id":"https:\/\/www.xn--bgerogting-0cb.dk\/index.php\/vare\/reklameaskebaeger-scotch-whiskey-black-white-fra-1920erne\/#primaryimage"},"thumbnailUrl":"https:\/\/i0.wp.com\/www.xn--bgerogting-0cb.dk\/wp-content\/uploads\/2024\/05\/Reklameaskebaeger-Black-White.jpg?fit=1920%2C1918&ssl=1","datePublished":"2024-05-17T13:35:34+00:00","dateModified":"2024-05-17T13:41:26+00:00","description":"Reklameaskeb\u00e6ger \"Scotch Whisky\" - \"Black & White\" fra 1920'erne med hundene. M\u00e6rket Shelley - England. M\u00e5l 13 x 13 cm.","breadcrumb":{"@id":"https:\/\/www.xn--bgerogting-0cb.dk\/index.php\/vare\/reklameaskebaeger-scotch-whiskey-black-white-fra-1920erne\/#breadcrumb"},"inLanguage":"da-DK","potentialAction":[{"@type":"ReadAction","target":["https:\/\/www.xn--bgerogting-0cb.dk\/index.php\/vare\/reklameaskebaeger-scotch-whiskey-black-white-fra-1920erne\/"]}]},{"@type":"ImageObject","inLanguage":"da-DK","@id":"https:\/\/www.xn--bgerogting-0cb.dk\/index.php\/vare\/reklameaskebaeger-scotch-whiskey-black-white-fra-1920erne\/#primaryimage","url":"https:\/\/i0.wp.com\/www.xn--bgerogting-0cb.dk\/wp-content\/uploads\/2024\/05\/Reklameaskebaeger-Black-White.jpg?fit=1920%2C1918&ssl=1","contentUrl":"https:\/\/i0.wp.com\/www.xn--bgerogting-0cb.dk\/wp-content\/uploads\/2024\/05\/Reklameaskebaeger-Black-White.jpg?fit=1920%2C1918&ssl=1","width":1920,"height":1918,"caption":"Reklameaskeb\u00e6ger Black & White"},{"@type":"BreadcrumbList","@id":"https:\/\/www.xn--bgerogting-0cb.dk\/index.php\/vare\/reklameaskebaeger-scotch-whiskey-black-white-fra-1920erne\/#breadcrumb","itemListElement":[{"@type":"ListItem","position":1,"name":"Home","item":"https:\/\/www.xn--bgerogting-0cb.dk\/"},{"@type":"ListItem","position":2,"name":"Butik","item":"https:\/\/www.xn--bgerogting-0cb.dk\/index.php\/shop\/"},{"@type":"ListItem","position":3,"name":"Reklameaskeb\u00e6ger Scotch Whisky &#8211; Black &#038; White fra 1920&#8217;erne"}]},{"@type":"WebSite","@id":"https:\/\/www.xn--bgerogting-0cb.dk\/#website","url":"https:\/\/www.xn--bgerogting-0cb.dk\/","name":"B\u00f8ger og Ting","description":"Antikvarisk, retro, vintage og antik","publisher":{"@id":"https:\/\/www.xn--bgerogting-0cb.dk\/#organization"},"potentialAction":[{"@type":"SearchAction","target":{"@type":"EntryPoint","urlTemplate":"https:\/\/www.xn--bgerogting-0cb.dk\/?s={search_term_string}"},"query-input":{"@type":"PropertyValueSpecification","valueRequired":true,"valueName":"search_term_string"}}],"inLanguage":"da-DK"},{"@type":"Organization","@id":"https:\/\/www.xn--bgerogting-0cb.dk\/#organization","name":"B\u00f8ger og Ting","url":"https:\/\/www.xn--bgerogting-0cb.dk\/","logo":{"@type":"ImageObject","inLanguage":"da-DK","@id":"https:\/\/www.xn--bgerogting-0cb.dk\/#\/schema\/logo\/image\/","url":"https:\/\/i0.wp.com\/www.xn--bgerogting-0cb.dk\/wp-content\/uploads\/2019\/10\/webicon.png?fit=205%2C205&ssl=1","contentUrl":"https:\/\/i0.wp.com\/www.xn--bgerogting-0cb.dk\/wp-content\/uploads\/2019\/10\/webicon.png?fit=205%2C205&ssl=1","width":205,"height":205,"caption":"B\u00f8ger og Ting"},"image":{"@id":"https:\/\/www.xn--bgerogting-0cb.dk\/#\/schema\/logo\/image\/"},"sameAs":["https:\/\/www.facebook.com\/boegerogting\/","https:\/\/www.instagram.com\/bogerogting\/"]}]},"product_price_amount":"150.00","product_price_currency":"DKK","og_availability":"instock","product_availability":"instock","product_retailer_item_id":"6010","product_condition":"new"},"jetpack_sharing_enabled":true,"_links":{"self":[{"href":"https:\/\/www.xn--bgerogting-0cb.dk\/index.php\/wp-json\/wp\/v2\/product\/16156","targetHints":{"allow":["GET"]}}],"collection":[{"href":"https:\/\/www.xn--bgerogting-0cb.dk\/index.php\/wp-json\/wp\/v2\/product"}],"about":[{"href":"https:\/\/www.xn--bgerogting-0cb.dk\/index.php\/wp-json\/wp\/v2\/types\/product"}],"wp:featuredmedia":[{"embeddable":true,"href":"https:\/\/www.xn--bgerogting-0cb.dk\/index.php\/wp-json\/wp\/v2\/media\/16157"}],"wp:attachment":[{"href":"https:\/\/www.xn--bgerogting-0cb.dk\/index.php\/wp-json\/wp\/v2\/media?parent=16156"}],"wp:term":[{"taxonomy":"product_brand","embeddable":true,"href":"https:\/\/www.xn--bgerogting-0cb.dk\/index.php\/wp-json\/wp\/v2\/product_brand?post=16156"},{"taxonomy":"product_cat","embeddable":true,"href":"https:\/\/www.xn--bgerogting-0cb.dk\/index.php\/wp-json\/wp\/v2\/product_cat?post=16156"},{"taxonomy":"product_tag","embeddable":true,"href":"https:\/\/www.xn--bgerogting-0cb.dk\/index.php\/wp-json\/wp\/v2\/product_tag?post=16156"}],"curies":[{"name":"wp","href":"https:\/\/api.w.org\/{rel}","templated":true}]}}