{"id":16034,"date":"2024-04-29T21:28:20","date_gmt":"2024-04-29T19:28:20","guid":{"rendered":"https:\/\/www.xn--bgerogting-0cb.dk\/?post_type=product&#038;p=16034"},"modified":"2024-05-10T22:01:46","modified_gmt":"2024-05-10T20:01:46","slug":"pinocchios-eventyr-af-carlo-collodi-og-roberto-innocenti","status":"publish","type":"product","link":"https:\/\/www.xn--bgerogting-0cb.dk\/index.php\/vare\/pinocchios-eventyr-af-carlo-collodi-og-roberto-innocenti\/","title":{"rendered":"Pinocchios eventyr af Carlo Collodi og Roberto Innocenti"},"content":{"rendered":"<p>Pinocchios eventyr af Carlo Collodi og Roberto Innocenti.<br \/>\nH\u00f8st og S\u00f8n, 2005 &#8211; 191 sider &#8211; H\u00e6ftet hardback.<br \/>\nIllustreret af Roberto Innocenti &#8211; Oversat af Thomas Harder.<br \/>\nBogen er i meget fin stand.<\/p>\n<p>De fleste kender kun Pinocchio fra Disneys tegnefilm. I denne uforkortede udgave f\u00e5r man hele den barske og meget morsomme historie om den uartige, kr\u00e6sne og dovne tr\u00e6dukke, der m\u00e5 g\u00e5 s\u00e5 grueligt meget igennem, inden han kan forvandle sig til en s\u00f8d og k\u00e6rlig dreng.<br \/>\nFantastiske stemningsfulde og detaljerige illustrationer af Roberto Innocenti, som s\u00e6tter historien til omkring \u00e5r 1900.<\/p>\n<p>&nbsp;<\/p>\n","protected":false},"excerpt":{"rendered":"<p>Pinocchios eventyr af Carlo Collodi og Roberto Innocenti.<br \/>\nH\u00f8st og S\u00f8n, 2005 &#8211; 191 sider &#8211; H\u00e6ftet hardback.<br \/>\nIllustreret af Roberto Innocenti &#8211; Oversat af Thomas Harder.<br \/>\nBogen er i meget fin stand.<\/p>\n<p>De fleste kender kun Pinocchio fra Disneys tegnefilm. I denne uforkortede udgave f\u00e5r man hele den barske og meget morsomme historie om den uartige, kr\u00e6sne og dovne tr\u00e6dukke, der m\u00e5 g\u00e5 s\u00e5 grueligt meget igennem, inden han kan forvandle sig til en s\u00f8d og k\u00e6rlig dreng.<br \/>\nFantastiske stemningsfulde og detaljerige illustrationer af Roberto Innocenti, som s\u00e6tter historien til omkring \u00e5r 1900.<\/p>\n","protected":false},"featured_media":16058,"template":"","meta":[],"product_brand":[],"product_cat":[126,27,996,35],"product_tag":[55,1552,1166,565],"class_list":{"0":"post-16034","1":"product","2":"type-product","3":"status-publish","4":"has-post-thumbnail","6":"product_cat-alle-tiders-boerneboeger-2000-2009","7":"product_cat-boeger","8":"product_cat-boerneboeger-til-voksne","9":"product_cat-barneboger","10":"product_tag-boernebogsklassiker","11":"product_tag-carlo-collodi","12":"product_tag-italiensk","13":"product_tag-roberto-innocenti","15":"first","16":"outofstock","17":"shipping-taxable","18":"purchasable","19":"product-type-simple"},"yoast_head":"<!-- This site is optimized with the Yoast SEO Premium plugin v27.4 (Yoast SEO v27.5) - https:\/\/yoast.com\/product\/yoast-seo-premium-wordpress\/ -->\n<title>Pinocchios eventyr af Carlo Collodi og Roberto Innocenti - B\u00f8ger og Ting<\/title>\n<meta name=\"description\" content=\"Pinocchios eventyr af Carlo Collodi og Roberto Innocenti - H\u00f8st og S\u00f8n, 2005 - 191 sider - H\u00e6ftet hardback - Bogen er i meget fin stand.\" \/>\n<meta name=\"robots\" content=\"index, follow, max-snippet:-1, max-image-preview:large, max-video-preview:-1\" \/>\n<link rel=\"canonical\" href=\"https:\/\/www.xn--bgerogting-0cb.dk\/index.php\/vare\/pinocchios-eventyr-af-carlo-collodi-og-roberto-innocenti\/\" \/>\n<meta property=\"og:locale\" content=\"da_DK\" \/>\n<meta property=\"og:type\" content=\"article\" \/>\n<meta property=\"og:title\" content=\"Pinocchios eventyr af Carlo Collodi og Roberto Innocenti\" \/>\n<meta property=\"og:description\" content=\"Pinocchios eventyr af Carlo Collodi og Roberto Innocenti - H\u00f8st og S\u00f8n, 2005 - 191 sider - H\u00e6ftet hardback - Bogen er i meget fin stand.\" \/>\n<meta property=\"og:url\" content=\"https:\/\/www.xn--bgerogting-0cb.dk\/index.php\/vare\/pinocchios-eventyr-af-carlo-collodi-og-roberto-innocenti\/\" \/>\n<meta property=\"og:site_name\" content=\"B\u00f8ger og Ting\" \/>\n<meta property=\"article:publisher\" content=\"https:\/\/www.facebook.com\/boegerogting\/\" \/>\n<meta property=\"article:modified_time\" content=\"2024-05-10T20:01:46+00:00\" \/>\n<meta property=\"og:image\" content=\"https:\/\/www.xn--bgerogting-0cb.dk\/wp-content\/uploads\/2024\/04\/Pinocchios-eventyr-af-Carlo-Collodi-og-Roberto-Innocenti.jpg\" \/>\n\t<meta property=\"og:image:width\" content=\"1920\" \/>\n\t<meta property=\"og:image:height\" content=\"1918\" \/>\n\t<meta property=\"og:image:type\" content=\"image\/jpeg\" \/>\n<meta name=\"twitter:card\" content=\"summary_large_image\" \/>\n<meta name=\"twitter:label1\" content=\"Pris\" \/>\n\t<meta name=\"twitter:data1\" content=\"kr.&nbsp;275,00\" \/>\n\t<meta name=\"twitter:label2\" content=\"Tilg\u00e6ngelighed\" \/>\n\t<meta name=\"twitter:data2\" content=\"Ikke p\u00e5 lager\" \/>\n<script type=\"application\/ld+json\" class=\"yoast-schema-graph\">{\"@context\":\"https:\\\/\\\/schema.org\",\"@graph\":[{\"@type\":\"WebPage\",\"@id\":\"https:\\\/\\\/www.xn--bgerogting-0cb.dk\\\/index.php\\\/vare\\\/pinocchios-eventyr-af-carlo-collodi-og-roberto-innocenti\\\/\",\"url\":\"https:\\\/\\\/www.xn--bgerogting-0cb.dk\\\/index.php\\\/vare\\\/pinocchios-eventyr-af-carlo-collodi-og-roberto-innocenti\\\/\",\"name\":\"Pinocchios eventyr af Carlo Collodi og Roberto Innocenti - B\u00f8ger og Ting\",\"isPartOf\":{\"@id\":\"https:\\\/\\\/www.xn--bgerogting-0cb.dk\\\/#website\"},\"primaryImageOfPage\":{\"@id\":\"https:\\\/\\\/www.xn--bgerogting-0cb.dk\\\/index.php\\\/vare\\\/pinocchios-eventyr-af-carlo-collodi-og-roberto-innocenti\\\/#primaryimage\"},\"image\":{\"@id\":\"https:\\\/\\\/www.xn--bgerogting-0cb.dk\\\/index.php\\\/vare\\\/pinocchios-eventyr-af-carlo-collodi-og-roberto-innocenti\\\/#primaryimage\"},\"thumbnailUrl\":\"https:\\\/\\\/i0.wp.com\\\/www.xn--bgerogting-0cb.dk\\\/wp-content\\\/uploads\\\/2024\\\/04\\\/Pinocchios-eventyr-af-Carlo-Collodi-og-Roberto-Innocenti.jpg?fit=1920%2C1918&ssl=1\",\"datePublished\":\"2024-04-29T19:28:20+00:00\",\"dateModified\":\"2024-05-10T20:01:46+00:00\",\"description\":\"Pinocchios eventyr af Carlo Collodi og Roberto Innocenti - H\u00f8st og S\u00f8n, 2005 - 191 sider - H\u00e6ftet hardback - Bogen er i meget fin stand.\",\"breadcrumb\":{\"@id\":\"https:\\\/\\\/www.xn--bgerogting-0cb.dk\\\/index.php\\\/vare\\\/pinocchios-eventyr-af-carlo-collodi-og-roberto-innocenti\\\/#breadcrumb\"},\"inLanguage\":\"da-DK\",\"potentialAction\":[{\"@type\":\"ReadAction\",\"target\":[\"https:\\\/\\\/www.xn--bgerogting-0cb.dk\\\/index.php\\\/vare\\\/pinocchios-eventyr-af-carlo-collodi-og-roberto-innocenti\\\/\"]}]},{\"@type\":\"ImageObject\",\"inLanguage\":\"da-DK\",\"@id\":\"https:\\\/\\\/www.xn--bgerogting-0cb.dk\\\/index.php\\\/vare\\\/pinocchios-eventyr-af-carlo-collodi-og-roberto-innocenti\\\/#primaryimage\",\"url\":\"https:\\\/\\\/i0.wp.com\\\/www.xn--bgerogting-0cb.dk\\\/wp-content\\\/uploads\\\/2024\\\/04\\\/Pinocchios-eventyr-af-Carlo-Collodi-og-Roberto-Innocenti.jpg?fit=1920%2C1918&ssl=1\",\"contentUrl\":\"https:\\\/\\\/i0.wp.com\\\/www.xn--bgerogting-0cb.dk\\\/wp-content\\\/uploads\\\/2024\\\/04\\\/Pinocchios-eventyr-af-Carlo-Collodi-og-Roberto-Innocenti.jpg?fit=1920%2C1918&ssl=1\",\"width\":1920,\"height\":1918,\"caption\":\"Pinocchios eventyr af Carlo Collodi og Roberto Innocenti\"},{\"@type\":\"BreadcrumbList\",\"@id\":\"https:\\\/\\\/www.xn--bgerogting-0cb.dk\\\/index.php\\\/vare\\\/pinocchios-eventyr-af-carlo-collodi-og-roberto-innocenti\\\/#breadcrumb\",\"itemListElement\":[{\"@type\":\"ListItem\",\"position\":1,\"name\":\"Home\",\"item\":\"https:\\\/\\\/www.xn--bgerogting-0cb.dk\\\/\"},{\"@type\":\"ListItem\",\"position\":2,\"name\":\"Butik\",\"item\":\"https:\\\/\\\/www.xn--bgerogting-0cb.dk\\\/index.php\\\/shop\\\/\"},{\"@type\":\"ListItem\",\"position\":3,\"name\":\"Pinocchios eventyr af Carlo Collodi og Roberto Innocenti\"}]},{\"@type\":\"WebSite\",\"@id\":\"https:\\\/\\\/www.xn--bgerogting-0cb.dk\\\/#website\",\"url\":\"https:\\\/\\\/www.xn--bgerogting-0cb.dk\\\/\",\"name\":\"B\u00f8ger og Ting\",\"description\":\"Antikvarisk, retro, vintage og antik\",\"publisher\":{\"@id\":\"https:\\\/\\\/www.xn--bgerogting-0cb.dk\\\/#organization\"},\"potentialAction\":[{\"@type\":\"SearchAction\",\"target\":{\"@type\":\"EntryPoint\",\"urlTemplate\":\"https:\\\/\\\/www.xn--bgerogting-0cb.dk\\\/?s={search_term_string}\"},\"query-input\":{\"@type\":\"PropertyValueSpecification\",\"valueRequired\":true,\"valueName\":\"search_term_string\"}}],\"inLanguage\":\"da-DK\"},{\"@type\":\"Organization\",\"@id\":\"https:\\\/\\\/www.xn--bgerogting-0cb.dk\\\/#organization\",\"name\":\"B\u00f8ger og Ting\",\"url\":\"https:\\\/\\\/www.xn--bgerogting-0cb.dk\\\/\",\"logo\":{\"@type\":\"ImageObject\",\"inLanguage\":\"da-DK\",\"@id\":\"https:\\\/\\\/www.xn--bgerogting-0cb.dk\\\/#\\\/schema\\\/logo\\\/image\\\/\",\"url\":\"https:\\\/\\\/i0.wp.com\\\/www.xn--bgerogting-0cb.dk\\\/wp-content\\\/uploads\\\/2019\\\/10\\\/webicon.png?fit=205%2C205&ssl=1\",\"contentUrl\":\"https:\\\/\\\/i0.wp.com\\\/www.xn--bgerogting-0cb.dk\\\/wp-content\\\/uploads\\\/2019\\\/10\\\/webicon.png?fit=205%2C205&ssl=1\",\"width\":205,\"height\":205,\"caption\":\"B\u00f8ger og Ting\"},\"image\":{\"@id\":\"https:\\\/\\\/www.xn--bgerogting-0cb.dk\\\/#\\\/schema\\\/logo\\\/image\\\/\"},\"sameAs\":[\"https:\\\/\\\/www.facebook.com\\\/boegerogting\\\/\",\"https:\\\/\\\/www.instagram.com\\\/bogerogting\\\/\"]}]}<\/script>\n<meta property=\"product:price:amount\" content=\"275.00\" \/>\n<meta property=\"product:price:currency\" content=\"DKK\" \/>\n<meta property=\"og:availability\" content=\"out of stock\" \/>\n<meta property=\"product:availability\" content=\"out of stock\" \/>\n<meta property=\"product:retailer_item_id\" content=\"10238\" \/>\n<meta property=\"product:condition\" content=\"new\" \/>\n<!-- \/ Yoast SEO Premium plugin. -->","yoast_head_json":{"title":"Pinocchios eventyr af Carlo Collodi og Roberto Innocenti - B\u00f8ger og Ting","description":"Pinocchios eventyr af Carlo Collodi og Roberto Innocenti - H\u00f8st og S\u00f8n, 2005 - 191 sider - H\u00e6ftet hardback - Bogen er i meget fin stand.","robots":{"index":"index","follow":"follow","max-snippet":"max-snippet:-1","max-image-preview":"max-image-preview:large","max-video-preview":"max-video-preview:-1"},"canonical":"https:\/\/www.xn--bgerogting-0cb.dk\/index.php\/vare\/pinocchios-eventyr-af-carlo-collodi-og-roberto-innocenti\/","og_locale":"da_DK","og_type":"article","og_title":"Pinocchios eventyr af Carlo Collodi og Roberto Innocenti","og_description":"Pinocchios eventyr af Carlo Collodi og Roberto Innocenti - H\u00f8st og S\u00f8n, 2005 - 191 sider - H\u00e6ftet hardback - Bogen er i meget fin stand.","og_url":"https:\/\/www.xn--bgerogting-0cb.dk\/index.php\/vare\/pinocchios-eventyr-af-carlo-collodi-og-roberto-innocenti\/","og_site_name":"B\u00f8ger og Ting","article_publisher":"https:\/\/www.facebook.com\/boegerogting\/","article_modified_time":"2024-05-10T20:01:46+00:00","og_image":[{"width":1920,"height":1918,"url":"https:\/\/www.xn--bgerogting-0cb.dk\/wp-content\/uploads\/2024\/04\/Pinocchios-eventyr-af-Carlo-Collodi-og-Roberto-Innocenti.jpg","type":"image\/jpeg"}],"twitter_card":"summary_large_image","twitter_misc":{"Pris":"kr.&nbsp;275,00","Tilg\u00e6ngelighed":"Ikke p\u00e5 lager"},"schema":{"@context":"https:\/\/schema.org","@graph":[{"@type":"WebPage","@id":"https:\/\/www.xn--bgerogting-0cb.dk\/index.php\/vare\/pinocchios-eventyr-af-carlo-collodi-og-roberto-innocenti\/","url":"https:\/\/www.xn--bgerogting-0cb.dk\/index.php\/vare\/pinocchios-eventyr-af-carlo-collodi-og-roberto-innocenti\/","name":"Pinocchios eventyr af Carlo Collodi og Roberto Innocenti - B\u00f8ger og Ting","isPartOf":{"@id":"https:\/\/www.xn--bgerogting-0cb.dk\/#website"},"primaryImageOfPage":{"@id":"https:\/\/www.xn--bgerogting-0cb.dk\/index.php\/vare\/pinocchios-eventyr-af-carlo-collodi-og-roberto-innocenti\/#primaryimage"},"image":{"@id":"https:\/\/www.xn--bgerogting-0cb.dk\/index.php\/vare\/pinocchios-eventyr-af-carlo-collodi-og-roberto-innocenti\/#primaryimage"},"thumbnailUrl":"https:\/\/i0.wp.com\/www.xn--bgerogting-0cb.dk\/wp-content\/uploads\/2024\/04\/Pinocchios-eventyr-af-Carlo-Collodi-og-Roberto-Innocenti.jpg?fit=1920%2C1918&ssl=1","datePublished":"2024-04-29T19:28:20+00:00","dateModified":"2024-05-10T20:01:46+00:00","description":"Pinocchios eventyr af Carlo Collodi og Roberto Innocenti - H\u00f8st og S\u00f8n, 2005 - 191 sider - H\u00e6ftet hardback - Bogen er i meget fin stand.","breadcrumb":{"@id":"https:\/\/www.xn--bgerogting-0cb.dk\/index.php\/vare\/pinocchios-eventyr-af-carlo-collodi-og-roberto-innocenti\/#breadcrumb"},"inLanguage":"da-DK","potentialAction":[{"@type":"ReadAction","target":["https:\/\/www.xn--bgerogting-0cb.dk\/index.php\/vare\/pinocchios-eventyr-af-carlo-collodi-og-roberto-innocenti\/"]}]},{"@type":"ImageObject","inLanguage":"da-DK","@id":"https:\/\/www.xn--bgerogting-0cb.dk\/index.php\/vare\/pinocchios-eventyr-af-carlo-collodi-og-roberto-innocenti\/#primaryimage","url":"https:\/\/i0.wp.com\/www.xn--bgerogting-0cb.dk\/wp-content\/uploads\/2024\/04\/Pinocchios-eventyr-af-Carlo-Collodi-og-Roberto-Innocenti.jpg?fit=1920%2C1918&ssl=1","contentUrl":"https:\/\/i0.wp.com\/www.xn--bgerogting-0cb.dk\/wp-content\/uploads\/2024\/04\/Pinocchios-eventyr-af-Carlo-Collodi-og-Roberto-Innocenti.jpg?fit=1920%2C1918&ssl=1","width":1920,"height":1918,"caption":"Pinocchios eventyr af Carlo Collodi og Roberto Innocenti"},{"@type":"BreadcrumbList","@id":"https:\/\/www.xn--bgerogting-0cb.dk\/index.php\/vare\/pinocchios-eventyr-af-carlo-collodi-og-roberto-innocenti\/#breadcrumb","itemListElement":[{"@type":"ListItem","position":1,"name":"Home","item":"https:\/\/www.xn--bgerogting-0cb.dk\/"},{"@type":"ListItem","position":2,"name":"Butik","item":"https:\/\/www.xn--bgerogting-0cb.dk\/index.php\/shop\/"},{"@type":"ListItem","position":3,"name":"Pinocchios eventyr af Carlo Collodi og Roberto Innocenti"}]},{"@type":"WebSite","@id":"https:\/\/www.xn--bgerogting-0cb.dk\/#website","url":"https:\/\/www.xn--bgerogting-0cb.dk\/","name":"B\u00f8ger og Ting","description":"Antikvarisk, retro, vintage og antik","publisher":{"@id":"https:\/\/www.xn--bgerogting-0cb.dk\/#organization"},"potentialAction":[{"@type":"SearchAction","target":{"@type":"EntryPoint","urlTemplate":"https:\/\/www.xn--bgerogting-0cb.dk\/?s={search_term_string}"},"query-input":{"@type":"PropertyValueSpecification","valueRequired":true,"valueName":"search_term_string"}}],"inLanguage":"da-DK"},{"@type":"Organization","@id":"https:\/\/www.xn--bgerogting-0cb.dk\/#organization","name":"B\u00f8ger og Ting","url":"https:\/\/www.xn--bgerogting-0cb.dk\/","logo":{"@type":"ImageObject","inLanguage":"da-DK","@id":"https:\/\/www.xn--bgerogting-0cb.dk\/#\/schema\/logo\/image\/","url":"https:\/\/i0.wp.com\/www.xn--bgerogting-0cb.dk\/wp-content\/uploads\/2019\/10\/webicon.png?fit=205%2C205&ssl=1","contentUrl":"https:\/\/i0.wp.com\/www.xn--bgerogting-0cb.dk\/wp-content\/uploads\/2019\/10\/webicon.png?fit=205%2C205&ssl=1","width":205,"height":205,"caption":"B\u00f8ger og Ting"},"image":{"@id":"https:\/\/www.xn--bgerogting-0cb.dk\/#\/schema\/logo\/image\/"},"sameAs":["https:\/\/www.facebook.com\/boegerogting\/","https:\/\/www.instagram.com\/bogerogting\/"]}]},"product_price_amount":"275.00","product_price_currency":"DKK","og_availability":"out of stock","product_availability":"out of stock","product_retailer_item_id":"10238","product_condition":"new"},"jetpack_sharing_enabled":true,"_links":{"self":[{"href":"https:\/\/www.xn--bgerogting-0cb.dk\/index.php\/wp-json\/wp\/v2\/product\/16034","targetHints":{"allow":["GET"]}}],"collection":[{"href":"https:\/\/www.xn--bgerogting-0cb.dk\/index.php\/wp-json\/wp\/v2\/product"}],"about":[{"href":"https:\/\/www.xn--bgerogting-0cb.dk\/index.php\/wp-json\/wp\/v2\/types\/product"}],"wp:featuredmedia":[{"embeddable":true,"href":"https:\/\/www.xn--bgerogting-0cb.dk\/index.php\/wp-json\/wp\/v2\/media\/16058"}],"wp:attachment":[{"href":"https:\/\/www.xn--bgerogting-0cb.dk\/index.php\/wp-json\/wp\/v2\/media?parent=16034"}],"wp:term":[{"taxonomy":"product_brand","embeddable":true,"href":"https:\/\/www.xn--bgerogting-0cb.dk\/index.php\/wp-json\/wp\/v2\/product_brand?post=16034"},{"taxonomy":"product_cat","embeddable":true,"href":"https:\/\/www.xn--bgerogting-0cb.dk\/index.php\/wp-json\/wp\/v2\/product_cat?post=16034"},{"taxonomy":"product_tag","embeddable":true,"href":"https:\/\/www.xn--bgerogting-0cb.dk\/index.php\/wp-json\/wp\/v2\/product_tag?post=16034"}],"curies":[{"name":"wp","href":"https:\/\/api.w.org\/{rel}","templated":true}]}}