{"id":15988,"date":"2024-04-24T22:12:05","date_gmt":"2024-04-24T20:12:05","guid":{"rendered":"https:\/\/www.xn--bgerogting-0cb.dk\/?post_type=product&#038;p=15988"},"modified":"2024-04-24T22:12:06","modified_gmt":"2024-04-24T20:12:06","slug":"billedbog-for-stoerre-boern-af-erik-boegh-og-j-resen-stenstrup","status":"publish","type":"product","link":"https:\/\/www.xn--bgerogting-0cb.dk\/index.php\/vare\/billedbog-for-stoerre-boern-af-erik-boegh-og-j-resen-stenstrup\/","title":{"rendered":"Billedbog for st\u00f8rre B\u00f8rn af Erik B\u00f8gh og J. Resen-Stenstrup"},"content":{"rendered":"<p>Billedbog for st\u00f8rre B\u00f8rn med tekst af Erik B\u00f8gh.<br \/>\nBr\u00f8drene Salmonsens A\/S, u.\u00e5r (1894) &#8211; uden sidetal &#8211; H\u00e6ftet med kartonbind og l\u00e6rredsryg. Trykt p\u00e5 b\u00f8ttepapir, siderne er ubesk\u00e5rne.<br \/>\nIllustreret med pennetegninger af J. Resen-Stenstrup.<br \/>\nDen gamle bog har indvendigt enkelte pletter, men er generelt fin, dog er titelbladet misfarvet af et omslag, som bogen tidligere har haft. Bindet har lette brugsspor og nogle sjove, sm\u00e5 karikaturtegninger med blyant p\u00e5 bogsiden.<\/p>\n<p>&#8220;Billedbog for St\u00f8rre B\u00f8rn&#8221; har med den satiriske tekst vist aldrig v\u00e6ret tilt\u00e6nkt b\u00f8rn.<br \/>\nMeget smukke naturalistiske tegninger i forfinede indramninger.<\/p>\n<p>J. Resen-Stenstrup (1868 &#8211; 1921), dansk dyremaler.<\/p>\n<p>&nbsp;<\/p>\n","protected":false},"excerpt":{"rendered":"<p>Billedbog for st\u00f8rre B\u00f8rn med tekst af Erik B\u00f8gh.<br \/>\nBr\u00f8drene Salmonsens, u.\u00e5r (1894) &#8211; uden sidetal &#8211; H\u00e6ftet med kartonbind og l\u00e6rredsryg. Trykt p\u00e5 b\u00f8ttepapir, siderne er ubesk\u00e5rne.<br \/>\nIllustreret med pennetegninger af J. Resen-Stenstrup.<br \/>\nDen gamle bog har indvendigt enkelte pletter, men er generelt fin, dog er titelbladet misfarvet af et omslag, som bogen tidligere har haft. Bindet har lette brugsspor og nogle sjove, sm\u00e5 karikaturtegninger med blyant p\u00e5 bogsiden.<\/p>\n<p>&#8220;Billedbog for St\u00f8rre B\u00f8rn&#8221; retter sig i den indimellem satiriske tekst om b\u00e5de vilde og tamme dyr mest mod voksne.<br \/>\nMeget smukke naturalistiske tegninger i forfinede indramninger.<\/p>\n<p>J. Resen-Stenstrup (1868 &#8211; 1921), dansk dyremaler.<\/p>\n<p>&nbsp;<\/p>\n","protected":false},"featured_media":16013,"template":"","meta":[],"product_brand":[],"product_cat":[796,81,416,27,101,35],"product_tag":[1546,1175,1547],"class_list":{"0":"post-15988","1":"product","2":"type-product","3":"status-publish","4":"has-post-thumbnail","6":"product_cat-alle-tiders-boerneboeger-1800-1899","7":"product_cat-billedboeger","8":"product_cat-voksne","9":"product_cat-boeger","10":"product_cat-danske-illustratorer","11":"product_cat-barneboger","12":"product_tag-erik-boegh","13":"product_tag-husdyr","14":"product_tag-j-resen-stenstrup","16":"first","17":"instock","18":"shipping-taxable","19":"purchasable","20":"product-type-simple"},"yoast_head":"<!-- This site is optimized with the Yoast SEO Premium plugin v27.4 (Yoast SEO v27.5) - https:\/\/yoast.com\/product\/yoast-seo-premium-wordpress\/ -->\n<title>Billedbog for st\u00f8rre B\u00f8rn af Erik B\u00f8gh og J. Resen-Stenstrup - B\u00f8ger og Ting<\/title>\n<meta name=\"description\" content=\"Billedbog for st\u00f8rre B\u00f8rn med tekst af Erik B\u00f8gh - Br\u00f8drene Salmonsens, u.\u00e5r (1894) - H\u00e6ftet med kartonbind og l\u00e6rredsryg - Illustreret med pennetegninger af J. Resen-Stenstrup.\" \/>\n<meta name=\"robots\" content=\"index, follow, max-snippet:-1, max-image-preview:large, max-video-preview:-1\" \/>\n<link rel=\"canonical\" href=\"https:\/\/www.xn--bgerogting-0cb.dk\/index.php\/vare\/billedbog-for-stoerre-boern-af-erik-boegh-og-j-resen-stenstrup\/\" \/>\n<meta property=\"og:locale\" content=\"da_DK\" \/>\n<meta property=\"og:type\" content=\"article\" \/>\n<meta property=\"og:title\" content=\"Billedbog for st\u00f8rre B\u00f8rn af Erik B\u00f8gh og J. Resen-Stenstrup\" \/>\n<meta property=\"og:description\" content=\"Billedbog for st\u00f8rre B\u00f8rn med tekst af Erik B\u00f8gh - Br\u00f8drene Salmonsens, u.\u00e5r (1894) - H\u00e6ftet med kartonbind og l\u00e6rredsryg - Illustreret med pennetegninger af J. Resen-Stenstrup.\" \/>\n<meta property=\"og:url\" content=\"https:\/\/www.xn--bgerogting-0cb.dk\/index.php\/vare\/billedbog-for-stoerre-boern-af-erik-boegh-og-j-resen-stenstrup\/\" \/>\n<meta property=\"og:site_name\" content=\"B\u00f8ger og Ting\" \/>\n<meta property=\"article:publisher\" content=\"https:\/\/www.facebook.com\/boegerogting\/\" \/>\n<meta property=\"article:modified_time\" content=\"2024-04-24T20:12:06+00:00\" \/>\n<meta property=\"og:image\" content=\"https:\/\/www.xn--bgerogting-0cb.dk\/wp-content\/uploads\/2024\/04\/Billedbog-for-stoerre-Boern-af-Erik-Boegh-og-J.-Resen-Stenstrup.jpg\" \/>\n\t<meta property=\"og:image:width\" content=\"1920\" \/>\n\t<meta property=\"og:image:height\" content=\"1918\" \/>\n\t<meta property=\"og:image:type\" content=\"image\/jpeg\" \/>\n<meta name=\"twitter:card\" content=\"summary_large_image\" \/>\n<meta name=\"twitter:label1\" content=\"Pris\" \/>\n\t<meta name=\"twitter:data1\" content=\"kr.&nbsp;100,00\" \/>\n\t<meta name=\"twitter:label2\" content=\"Tilg\u00e6ngelighed\" \/>\n\t<meta name=\"twitter:data2\" content=\"P\u00e5 lager\" \/>\n<script type=\"application\/ld+json\" class=\"yoast-schema-graph\">{\"@context\":\"https:\\\/\\\/schema.org\",\"@graph\":[{\"@type\":\"WebPage\",\"@id\":\"https:\\\/\\\/www.xn--bgerogting-0cb.dk\\\/index.php\\\/vare\\\/billedbog-for-stoerre-boern-af-erik-boegh-og-j-resen-stenstrup\\\/\",\"url\":\"https:\\\/\\\/www.xn--bgerogting-0cb.dk\\\/index.php\\\/vare\\\/billedbog-for-stoerre-boern-af-erik-boegh-og-j-resen-stenstrup\\\/\",\"name\":\"Billedbog for st\u00f8rre B\u00f8rn af Erik B\u00f8gh og J. Resen-Stenstrup - B\u00f8ger og Ting\",\"isPartOf\":{\"@id\":\"https:\\\/\\\/www.xn--bgerogting-0cb.dk\\\/#website\"},\"primaryImageOfPage\":{\"@id\":\"https:\\\/\\\/www.xn--bgerogting-0cb.dk\\\/index.php\\\/vare\\\/billedbog-for-stoerre-boern-af-erik-boegh-og-j-resen-stenstrup\\\/#primaryimage\"},\"image\":{\"@id\":\"https:\\\/\\\/www.xn--bgerogting-0cb.dk\\\/index.php\\\/vare\\\/billedbog-for-stoerre-boern-af-erik-boegh-og-j-resen-stenstrup\\\/#primaryimage\"},\"thumbnailUrl\":\"https:\\\/\\\/i0.wp.com\\\/www.xn--bgerogting-0cb.dk\\\/wp-content\\\/uploads\\\/2024\\\/04\\\/Billedbog-for-stoerre-Boern-af-Erik-Boegh-og-J.-Resen-Stenstrup.jpg?fit=1920%2C1918&ssl=1\",\"datePublished\":\"2024-04-24T20:12:05+00:00\",\"dateModified\":\"2024-04-24T20:12:06+00:00\",\"description\":\"Billedbog for st\u00f8rre B\u00f8rn med tekst af Erik B\u00f8gh - Br\u00f8drene Salmonsens, u.\u00e5r (1894) - H\u00e6ftet med kartonbind og l\u00e6rredsryg - Illustreret med pennetegninger af J. Resen-Stenstrup.\",\"breadcrumb\":{\"@id\":\"https:\\\/\\\/www.xn--bgerogting-0cb.dk\\\/index.php\\\/vare\\\/billedbog-for-stoerre-boern-af-erik-boegh-og-j-resen-stenstrup\\\/#breadcrumb\"},\"inLanguage\":\"da-DK\",\"potentialAction\":[{\"@type\":\"ReadAction\",\"target\":[\"https:\\\/\\\/www.xn--bgerogting-0cb.dk\\\/index.php\\\/vare\\\/billedbog-for-stoerre-boern-af-erik-boegh-og-j-resen-stenstrup\\\/\"]}]},{\"@type\":\"ImageObject\",\"inLanguage\":\"da-DK\",\"@id\":\"https:\\\/\\\/www.xn--bgerogting-0cb.dk\\\/index.php\\\/vare\\\/billedbog-for-stoerre-boern-af-erik-boegh-og-j-resen-stenstrup\\\/#primaryimage\",\"url\":\"https:\\\/\\\/i0.wp.com\\\/www.xn--bgerogting-0cb.dk\\\/wp-content\\\/uploads\\\/2024\\\/04\\\/Billedbog-for-stoerre-Boern-af-Erik-Boegh-og-J.-Resen-Stenstrup.jpg?fit=1920%2C1918&ssl=1\",\"contentUrl\":\"https:\\\/\\\/i0.wp.com\\\/www.xn--bgerogting-0cb.dk\\\/wp-content\\\/uploads\\\/2024\\\/04\\\/Billedbog-for-stoerre-Boern-af-Erik-Boegh-og-J.-Resen-Stenstrup.jpg?fit=1920%2C1918&ssl=1\",\"width\":1920,\"height\":1918,\"caption\":\"Billedbog for st\u00f8rre B\u00f8rn af Erik B\u00f8gh og J. Resen-Stenstrup\"},{\"@type\":\"BreadcrumbList\",\"@id\":\"https:\\\/\\\/www.xn--bgerogting-0cb.dk\\\/index.php\\\/vare\\\/billedbog-for-stoerre-boern-af-erik-boegh-og-j-resen-stenstrup\\\/#breadcrumb\",\"itemListElement\":[{\"@type\":\"ListItem\",\"position\":1,\"name\":\"Home\",\"item\":\"https:\\\/\\\/www.xn--bgerogting-0cb.dk\\\/\"},{\"@type\":\"ListItem\",\"position\":2,\"name\":\"Butik\",\"item\":\"https:\\\/\\\/www.xn--bgerogting-0cb.dk\\\/index.php\\\/shop\\\/\"},{\"@type\":\"ListItem\",\"position\":3,\"name\":\"Billedbog for st\u00f8rre B\u00f8rn af Erik B\u00f8gh og J. Resen-Stenstrup\"}]},{\"@type\":\"WebSite\",\"@id\":\"https:\\\/\\\/www.xn--bgerogting-0cb.dk\\\/#website\",\"url\":\"https:\\\/\\\/www.xn--bgerogting-0cb.dk\\\/\",\"name\":\"B\u00f8ger og Ting\",\"description\":\"Antikvarisk, retro, vintage og antik\",\"publisher\":{\"@id\":\"https:\\\/\\\/www.xn--bgerogting-0cb.dk\\\/#organization\"},\"potentialAction\":[{\"@type\":\"SearchAction\",\"target\":{\"@type\":\"EntryPoint\",\"urlTemplate\":\"https:\\\/\\\/www.xn--bgerogting-0cb.dk\\\/?s={search_term_string}\"},\"query-input\":{\"@type\":\"PropertyValueSpecification\",\"valueRequired\":true,\"valueName\":\"search_term_string\"}}],\"inLanguage\":\"da-DK\"},{\"@type\":\"Organization\",\"@id\":\"https:\\\/\\\/www.xn--bgerogting-0cb.dk\\\/#organization\",\"name\":\"B\u00f8ger og Ting\",\"url\":\"https:\\\/\\\/www.xn--bgerogting-0cb.dk\\\/\",\"logo\":{\"@type\":\"ImageObject\",\"inLanguage\":\"da-DK\",\"@id\":\"https:\\\/\\\/www.xn--bgerogting-0cb.dk\\\/#\\\/schema\\\/logo\\\/image\\\/\",\"url\":\"https:\\\/\\\/i0.wp.com\\\/www.xn--bgerogting-0cb.dk\\\/wp-content\\\/uploads\\\/2019\\\/10\\\/webicon.png?fit=205%2C205&ssl=1\",\"contentUrl\":\"https:\\\/\\\/i0.wp.com\\\/www.xn--bgerogting-0cb.dk\\\/wp-content\\\/uploads\\\/2019\\\/10\\\/webicon.png?fit=205%2C205&ssl=1\",\"width\":205,\"height\":205,\"caption\":\"B\u00f8ger og Ting\"},\"image\":{\"@id\":\"https:\\\/\\\/www.xn--bgerogting-0cb.dk\\\/#\\\/schema\\\/logo\\\/image\\\/\"},\"sameAs\":[\"https:\\\/\\\/www.facebook.com\\\/boegerogting\\\/\",\"https:\\\/\\\/www.instagram.com\\\/bogerogting\\\/\"]}]}<\/script>\n<meta property=\"product:price:amount\" content=\"100.00\" \/>\n<meta property=\"product:price:currency\" content=\"DKK\" \/>\n<meta property=\"og:availability\" content=\"instock\" \/>\n<meta property=\"product:availability\" content=\"instock\" \/>\n<meta property=\"product:retailer_item_id\" content=\"10226\" \/>\n<meta property=\"product:condition\" content=\"new\" \/>\n<!-- \/ Yoast SEO Premium plugin. -->","yoast_head_json":{"title":"Billedbog for st\u00f8rre B\u00f8rn af Erik B\u00f8gh og J. Resen-Stenstrup - B\u00f8ger og Ting","description":"Billedbog for st\u00f8rre B\u00f8rn med tekst af Erik B\u00f8gh - Br\u00f8drene Salmonsens, u.\u00e5r (1894) - H\u00e6ftet med kartonbind og l\u00e6rredsryg - Illustreret med pennetegninger af J. Resen-Stenstrup.","robots":{"index":"index","follow":"follow","max-snippet":"max-snippet:-1","max-image-preview":"max-image-preview:large","max-video-preview":"max-video-preview:-1"},"canonical":"https:\/\/www.xn--bgerogting-0cb.dk\/index.php\/vare\/billedbog-for-stoerre-boern-af-erik-boegh-og-j-resen-stenstrup\/","og_locale":"da_DK","og_type":"article","og_title":"Billedbog for st\u00f8rre B\u00f8rn af Erik B\u00f8gh og J. Resen-Stenstrup","og_description":"Billedbog for st\u00f8rre B\u00f8rn med tekst af Erik B\u00f8gh - Br\u00f8drene Salmonsens, u.\u00e5r (1894) - H\u00e6ftet med kartonbind og l\u00e6rredsryg - Illustreret med pennetegninger af J. Resen-Stenstrup.","og_url":"https:\/\/www.xn--bgerogting-0cb.dk\/index.php\/vare\/billedbog-for-stoerre-boern-af-erik-boegh-og-j-resen-stenstrup\/","og_site_name":"B\u00f8ger og Ting","article_publisher":"https:\/\/www.facebook.com\/boegerogting\/","article_modified_time":"2024-04-24T20:12:06+00:00","og_image":[{"width":1920,"height":1918,"url":"https:\/\/www.xn--bgerogting-0cb.dk\/wp-content\/uploads\/2024\/04\/Billedbog-for-stoerre-Boern-af-Erik-Boegh-og-J.-Resen-Stenstrup.jpg","type":"image\/jpeg"}],"twitter_card":"summary_large_image","twitter_misc":{"Pris":"kr.&nbsp;100,00","Tilg\u00e6ngelighed":"P\u00e5 lager"},"schema":{"@context":"https:\/\/schema.org","@graph":[{"@type":"WebPage","@id":"https:\/\/www.xn--bgerogting-0cb.dk\/index.php\/vare\/billedbog-for-stoerre-boern-af-erik-boegh-og-j-resen-stenstrup\/","url":"https:\/\/www.xn--bgerogting-0cb.dk\/index.php\/vare\/billedbog-for-stoerre-boern-af-erik-boegh-og-j-resen-stenstrup\/","name":"Billedbog for st\u00f8rre B\u00f8rn af Erik B\u00f8gh og J. Resen-Stenstrup - B\u00f8ger og Ting","isPartOf":{"@id":"https:\/\/www.xn--bgerogting-0cb.dk\/#website"},"primaryImageOfPage":{"@id":"https:\/\/www.xn--bgerogting-0cb.dk\/index.php\/vare\/billedbog-for-stoerre-boern-af-erik-boegh-og-j-resen-stenstrup\/#primaryimage"},"image":{"@id":"https:\/\/www.xn--bgerogting-0cb.dk\/index.php\/vare\/billedbog-for-stoerre-boern-af-erik-boegh-og-j-resen-stenstrup\/#primaryimage"},"thumbnailUrl":"https:\/\/i0.wp.com\/www.xn--bgerogting-0cb.dk\/wp-content\/uploads\/2024\/04\/Billedbog-for-stoerre-Boern-af-Erik-Boegh-og-J.-Resen-Stenstrup.jpg?fit=1920%2C1918&ssl=1","datePublished":"2024-04-24T20:12:05+00:00","dateModified":"2024-04-24T20:12:06+00:00","description":"Billedbog for st\u00f8rre B\u00f8rn med tekst af Erik B\u00f8gh - Br\u00f8drene Salmonsens, u.\u00e5r (1894) - H\u00e6ftet med kartonbind og l\u00e6rredsryg - Illustreret med pennetegninger af J. Resen-Stenstrup.","breadcrumb":{"@id":"https:\/\/www.xn--bgerogting-0cb.dk\/index.php\/vare\/billedbog-for-stoerre-boern-af-erik-boegh-og-j-resen-stenstrup\/#breadcrumb"},"inLanguage":"da-DK","potentialAction":[{"@type":"ReadAction","target":["https:\/\/www.xn--bgerogting-0cb.dk\/index.php\/vare\/billedbog-for-stoerre-boern-af-erik-boegh-og-j-resen-stenstrup\/"]}]},{"@type":"ImageObject","inLanguage":"da-DK","@id":"https:\/\/www.xn--bgerogting-0cb.dk\/index.php\/vare\/billedbog-for-stoerre-boern-af-erik-boegh-og-j-resen-stenstrup\/#primaryimage","url":"https:\/\/i0.wp.com\/www.xn--bgerogting-0cb.dk\/wp-content\/uploads\/2024\/04\/Billedbog-for-stoerre-Boern-af-Erik-Boegh-og-J.-Resen-Stenstrup.jpg?fit=1920%2C1918&ssl=1","contentUrl":"https:\/\/i0.wp.com\/www.xn--bgerogting-0cb.dk\/wp-content\/uploads\/2024\/04\/Billedbog-for-stoerre-Boern-af-Erik-Boegh-og-J.-Resen-Stenstrup.jpg?fit=1920%2C1918&ssl=1","width":1920,"height":1918,"caption":"Billedbog for st\u00f8rre B\u00f8rn af Erik B\u00f8gh og J. Resen-Stenstrup"},{"@type":"BreadcrumbList","@id":"https:\/\/www.xn--bgerogting-0cb.dk\/index.php\/vare\/billedbog-for-stoerre-boern-af-erik-boegh-og-j-resen-stenstrup\/#breadcrumb","itemListElement":[{"@type":"ListItem","position":1,"name":"Home","item":"https:\/\/www.xn--bgerogting-0cb.dk\/"},{"@type":"ListItem","position":2,"name":"Butik","item":"https:\/\/www.xn--bgerogting-0cb.dk\/index.php\/shop\/"},{"@type":"ListItem","position":3,"name":"Billedbog for st\u00f8rre B\u00f8rn af Erik B\u00f8gh og J. Resen-Stenstrup"}]},{"@type":"WebSite","@id":"https:\/\/www.xn--bgerogting-0cb.dk\/#website","url":"https:\/\/www.xn--bgerogting-0cb.dk\/","name":"B\u00f8ger og Ting","description":"Antikvarisk, retro, vintage og antik","publisher":{"@id":"https:\/\/www.xn--bgerogting-0cb.dk\/#organization"},"potentialAction":[{"@type":"SearchAction","target":{"@type":"EntryPoint","urlTemplate":"https:\/\/www.xn--bgerogting-0cb.dk\/?s={search_term_string}"},"query-input":{"@type":"PropertyValueSpecification","valueRequired":true,"valueName":"search_term_string"}}],"inLanguage":"da-DK"},{"@type":"Organization","@id":"https:\/\/www.xn--bgerogting-0cb.dk\/#organization","name":"B\u00f8ger og Ting","url":"https:\/\/www.xn--bgerogting-0cb.dk\/","logo":{"@type":"ImageObject","inLanguage":"da-DK","@id":"https:\/\/www.xn--bgerogting-0cb.dk\/#\/schema\/logo\/image\/","url":"https:\/\/i0.wp.com\/www.xn--bgerogting-0cb.dk\/wp-content\/uploads\/2019\/10\/webicon.png?fit=205%2C205&ssl=1","contentUrl":"https:\/\/i0.wp.com\/www.xn--bgerogting-0cb.dk\/wp-content\/uploads\/2019\/10\/webicon.png?fit=205%2C205&ssl=1","width":205,"height":205,"caption":"B\u00f8ger og Ting"},"image":{"@id":"https:\/\/www.xn--bgerogting-0cb.dk\/#\/schema\/logo\/image\/"},"sameAs":["https:\/\/www.facebook.com\/boegerogting\/","https:\/\/www.instagram.com\/bogerogting\/"]}]},"product_price_amount":"100.00","product_price_currency":"DKK","og_availability":"instock","product_availability":"instock","product_retailer_item_id":"10226","product_condition":"new"},"jetpack_sharing_enabled":true,"_links":{"self":[{"href":"https:\/\/www.xn--bgerogting-0cb.dk\/index.php\/wp-json\/wp\/v2\/product\/15988","targetHints":{"allow":["GET"]}}],"collection":[{"href":"https:\/\/www.xn--bgerogting-0cb.dk\/index.php\/wp-json\/wp\/v2\/product"}],"about":[{"href":"https:\/\/www.xn--bgerogting-0cb.dk\/index.php\/wp-json\/wp\/v2\/types\/product"}],"wp:featuredmedia":[{"embeddable":true,"href":"https:\/\/www.xn--bgerogting-0cb.dk\/index.php\/wp-json\/wp\/v2\/media\/16013"}],"wp:attachment":[{"href":"https:\/\/www.xn--bgerogting-0cb.dk\/index.php\/wp-json\/wp\/v2\/media?parent=15988"}],"wp:term":[{"taxonomy":"product_brand","embeddable":true,"href":"https:\/\/www.xn--bgerogting-0cb.dk\/index.php\/wp-json\/wp\/v2\/product_brand?post=15988"},{"taxonomy":"product_cat","embeddable":true,"href":"https:\/\/www.xn--bgerogting-0cb.dk\/index.php\/wp-json\/wp\/v2\/product_cat?post=15988"},{"taxonomy":"product_tag","embeddable":true,"href":"https:\/\/www.xn--bgerogting-0cb.dk\/index.php\/wp-json\/wp\/v2\/product_tag?post=15988"}],"curies":[{"name":"wp","href":"https:\/\/api.w.org\/{rel}","templated":true}]}}