{"id":15973,"date":"2024-04-19T15:26:11","date_gmt":"2024-04-19T13:26:11","guid":{"rendered":"https:\/\/www.xn--bgerogting-0cb.dk\/?post_type=product&#038;p=15973"},"modified":"2024-07-30T12:43:46","modified_gmt":"2024-07-30T10:43:46","slug":"moderne-mormormad-65-retroretter-af-ditte-ingemann-og-helene-wang","status":"publish","type":"product","link":"https:\/\/www.xn--bgerogting-0cb.dk\/index.php\/vare\/moderne-mormormad-65-retroretter-af-ditte-ingemann-og-helene-wang\/","title":{"rendered":"Moderne mormormad : 65 retroretter af Ditte Ingemann og Helene Wang"},"content":{"rendered":"<p>Moderne mormormad : 65 retroretter fra 1950&#8221;erne, 1960&#8217;erne, 1970&#8217;er &amp; 1980&#8217;erne af Ditte Ingemann og Helene Wang.<br \/>\nSamvirke, 2016 &#8211; 191 sider &#8211; H\u00e6ftet med kartonbind.<br \/>\nBogen er i meget fin stand, som ny.<\/p>\n<p>Introduktion til madkulturen og opskrifter fra de fire \u00e5rtier fra 1950 &#8211; 1980&#8217;erne.<br \/>\n&#8220;Der sker noget i folks ansigter, n\u00e5r man siger benl\u00f8se fugle, forloren hare, k\u00e5ldolmere og citronfromage. Der breder sig et henf\u00f8rt udtryk omkring \u00f8jnene. En l\u00e6ngsel efter noget, man har smagt engang &#8211; noget der v\u00e6kker minder fra barndommen og hyggelige bes\u00f8g hos bedstefor\u00e6ldrene.&#8221;<\/p>\n","protected":false},"excerpt":{"rendered":"<p>Moderne mormormad : 65 retroretter fra 1950&#8217;erne, 1960&#8217;erne, 1970&#8217;er &amp; 1980&#8217;erne af Ditte Ingemann og Helene Wang.<br \/>\nSamvirke, 2016 &#8211; 191 sider &#8211; H\u00e6ftet med kartonbind.<br \/>\nBogen er i meget fin stand, som ny.<\/p>\n<p>Introduktion til madkulturen og opskrifter fra de fire \u00e5rtier fra 1950 &#8211; 1980&#8217;erne.<br \/>\n&#8220;Der sker noget i folks ansigter, n\u00e5r man siger benl\u00f8se fugle, forloren hare, k\u00e5ldolmere og citronfromage. Der breder sig et henf\u00f8rt udtryk omkring \u00f8jnene. En l\u00e6ngsel efter noget, man har smagt engang &#8211; noget der v\u00e6kker minder fra barndommen og hyggelige bes\u00f8g hos bedstefor\u00e6ldrene.&#8221;<\/p>\n","protected":false},"featured_media":15974,"template":"","meta":[],"product_brand":[],"product_cat":[27,28,184,201],"product_tag":[284,79,72,1543,87],"class_list":{"0":"post-15973","1":"product","2":"type-product","3":"status-publish","4":"has-post-thumbnail","6":"product_cat-boeger","7":"product_cat-fagboeger","8":"product_cat-historie","9":"product_cat-husholdning-og-madlavning","10":"product_tag-1950erne","11":"product_tag-1960erne","12":"product_tag-1970erne","13":"product_tag-1980erne","14":"product_tag-retro","16":"first","17":"outofstock","18":"shipping-taxable","19":"purchasable","20":"product-type-simple"},"yoast_head":"<!-- This site is optimized with the Yoast SEO Premium plugin v26.9 (Yoast SEO v27.3) - https:\/\/yoast.com\/product\/yoast-seo-premium-wordpress\/ -->\n<title>Moderne mormormad : 65 retroretter af Ditte Ingemann og Helene Wang - B\u00f8ger og Ting<\/title>\n<meta name=\"description\" content=\"Moderne mormormad : 65 retroretter af Ditte Ingemann og Helene Wang - Samvirke, 2016 - 191 sider - H\u00e6ftet med kartonbind - Bogen er i meget fin stand, som ny.\" \/>\n<meta name=\"robots\" content=\"index, follow, max-snippet:-1, max-image-preview:large, max-video-preview:-1\" \/>\n<link rel=\"canonical\" href=\"https:\/\/www.xn--bgerogting-0cb.dk\/index.php\/vare\/moderne-mormormad-65-retroretter-af-ditte-ingemann-og-helene-wang\/\" \/>\n<meta property=\"og:locale\" content=\"da_DK\" \/>\n<meta property=\"og:type\" content=\"article\" \/>\n<meta property=\"og:title\" content=\"Moderne mormormad : 65 retroretter af Ditte Ingemann og Helene Wang\" \/>\n<meta property=\"og:description\" content=\"Moderne mormormad : 65 retroretter af Ditte Ingemann og Helene Wang - Samvirke, 2016 - 191 sider - H\u00e6ftet med kartonbind - Bogen er i meget fin stand, som ny.\" \/>\n<meta property=\"og:url\" content=\"https:\/\/www.xn--bgerogting-0cb.dk\/index.php\/vare\/moderne-mormormad-65-retroretter-af-ditte-ingemann-og-helene-wang\/\" \/>\n<meta property=\"og:site_name\" content=\"B\u00f8ger og Ting\" \/>\n<meta property=\"article:publisher\" content=\"https:\/\/www.facebook.com\/boegerogting\/\" \/>\n<meta property=\"article:modified_time\" content=\"2024-07-30T10:43:46+00:00\" \/>\n<meta property=\"og:image\" content=\"https:\/\/www.xn--bgerogting-0cb.dk\/wp-content\/uploads\/2024\/04\/Moderne-mormormad.jpg\" \/>\n\t<meta property=\"og:image:width\" content=\"1920\" \/>\n\t<meta property=\"og:image:height\" content=\"1920\" \/>\n\t<meta property=\"og:image:type\" content=\"image\/jpeg\" \/>\n<meta name=\"twitter:card\" content=\"summary_large_image\" \/>\n<meta name=\"twitter:label1\" content=\"Pris\" \/>\n\t<meta name=\"twitter:data1\" content=\"kr.&nbsp;100,00\" \/>\n\t<meta name=\"twitter:label2\" content=\"Tilg\u00e6ngelighed\" \/>\n\t<meta name=\"twitter:data2\" content=\"Ikke p\u00e5 lager\" \/>\n<script type=\"application\/ld+json\" class=\"yoast-schema-graph\">{\"@context\":\"https:\\\/\\\/schema.org\",\"@graph\":[{\"@type\":\"WebPage\",\"@id\":\"https:\\\/\\\/www.xn--bgerogting-0cb.dk\\\/index.php\\\/vare\\\/moderne-mormormad-65-retroretter-af-ditte-ingemann-og-helene-wang\\\/\",\"url\":\"https:\\\/\\\/www.xn--bgerogting-0cb.dk\\\/index.php\\\/vare\\\/moderne-mormormad-65-retroretter-af-ditte-ingemann-og-helene-wang\\\/\",\"name\":\"Moderne mormormad : 65 retroretter af Ditte Ingemann og Helene Wang - B\u00f8ger og Ting\",\"isPartOf\":{\"@id\":\"https:\\\/\\\/www.xn--bgerogting-0cb.dk\\\/#website\"},\"primaryImageOfPage\":{\"@id\":\"https:\\\/\\\/www.xn--bgerogting-0cb.dk\\\/index.php\\\/vare\\\/moderne-mormormad-65-retroretter-af-ditte-ingemann-og-helene-wang\\\/#primaryimage\"},\"image\":{\"@id\":\"https:\\\/\\\/www.xn--bgerogting-0cb.dk\\\/index.php\\\/vare\\\/moderne-mormormad-65-retroretter-af-ditte-ingemann-og-helene-wang\\\/#primaryimage\"},\"thumbnailUrl\":\"https:\\\/\\\/i0.wp.com\\\/www.xn--bgerogting-0cb.dk\\\/wp-content\\\/uploads\\\/2024\\\/04\\\/Moderne-mormormad.jpg?fit=1920%2C1920&ssl=1\",\"datePublished\":\"2024-04-19T13:26:11+00:00\",\"dateModified\":\"2024-07-30T10:43:46+00:00\",\"description\":\"Moderne mormormad : 65 retroretter af Ditte Ingemann og Helene Wang - Samvirke, 2016 - 191 sider - H\u00e6ftet med kartonbind - Bogen er i meget fin stand, som ny.\",\"breadcrumb\":{\"@id\":\"https:\\\/\\\/www.xn--bgerogting-0cb.dk\\\/index.php\\\/vare\\\/moderne-mormormad-65-retroretter-af-ditte-ingemann-og-helene-wang\\\/#breadcrumb\"},\"inLanguage\":\"da-DK\",\"potentialAction\":[{\"@type\":\"ReadAction\",\"target\":[\"https:\\\/\\\/www.xn--bgerogting-0cb.dk\\\/index.php\\\/vare\\\/moderne-mormormad-65-retroretter-af-ditte-ingemann-og-helene-wang\\\/\"]}]},{\"@type\":\"ImageObject\",\"inLanguage\":\"da-DK\",\"@id\":\"https:\\\/\\\/www.xn--bgerogting-0cb.dk\\\/index.php\\\/vare\\\/moderne-mormormad-65-retroretter-af-ditte-ingemann-og-helene-wang\\\/#primaryimage\",\"url\":\"https:\\\/\\\/i0.wp.com\\\/www.xn--bgerogting-0cb.dk\\\/wp-content\\\/uploads\\\/2024\\\/04\\\/Moderne-mormormad.jpg?fit=1920%2C1920&ssl=1\",\"contentUrl\":\"https:\\\/\\\/i0.wp.com\\\/www.xn--bgerogting-0cb.dk\\\/wp-content\\\/uploads\\\/2024\\\/04\\\/Moderne-mormormad.jpg?fit=1920%2C1920&ssl=1\",\"width\":1920,\"height\":1920,\"caption\":\"Moderne mormormad\"},{\"@type\":\"BreadcrumbList\",\"@id\":\"https:\\\/\\\/www.xn--bgerogting-0cb.dk\\\/index.php\\\/vare\\\/moderne-mormormad-65-retroretter-af-ditte-ingemann-og-helene-wang\\\/#breadcrumb\",\"itemListElement\":[{\"@type\":\"ListItem\",\"position\":1,\"name\":\"Home\",\"item\":\"https:\\\/\\\/www.xn--bgerogting-0cb.dk\\\/\"},{\"@type\":\"ListItem\",\"position\":2,\"name\":\"Butik\",\"item\":\"https:\\\/\\\/www.xn--bgerogting-0cb.dk\\\/index.php\\\/shop\\\/\"},{\"@type\":\"ListItem\",\"position\":3,\"name\":\"Moderne mormormad : 65 retroretter af Ditte Ingemann og Helene Wang\"}]},{\"@type\":\"WebSite\",\"@id\":\"https:\\\/\\\/www.xn--bgerogting-0cb.dk\\\/#website\",\"url\":\"https:\\\/\\\/www.xn--bgerogting-0cb.dk\\\/\",\"name\":\"B\u00f8ger og Ting\",\"description\":\"Antikvarisk, retro, vintage og antik\",\"publisher\":{\"@id\":\"https:\\\/\\\/www.xn--bgerogting-0cb.dk\\\/#organization\"},\"potentialAction\":[{\"@type\":\"SearchAction\",\"target\":{\"@type\":\"EntryPoint\",\"urlTemplate\":\"https:\\\/\\\/www.xn--bgerogting-0cb.dk\\\/?s={search_term_string}\"},\"query-input\":{\"@type\":\"PropertyValueSpecification\",\"valueRequired\":true,\"valueName\":\"search_term_string\"}}],\"inLanguage\":\"da-DK\"},{\"@type\":\"Organization\",\"@id\":\"https:\\\/\\\/www.xn--bgerogting-0cb.dk\\\/#organization\",\"name\":\"B\u00f8ger og Ting\",\"url\":\"https:\\\/\\\/www.xn--bgerogting-0cb.dk\\\/\",\"logo\":{\"@type\":\"ImageObject\",\"inLanguage\":\"da-DK\",\"@id\":\"https:\\\/\\\/www.xn--bgerogting-0cb.dk\\\/#\\\/schema\\\/logo\\\/image\\\/\",\"url\":\"https:\\\/\\\/i0.wp.com\\\/www.xn--bgerogting-0cb.dk\\\/wp-content\\\/uploads\\\/2019\\\/10\\\/webicon.png?fit=205%2C205&ssl=1\",\"contentUrl\":\"https:\\\/\\\/i0.wp.com\\\/www.xn--bgerogting-0cb.dk\\\/wp-content\\\/uploads\\\/2019\\\/10\\\/webicon.png?fit=205%2C205&ssl=1\",\"width\":205,\"height\":205,\"caption\":\"B\u00f8ger og Ting\"},\"image\":{\"@id\":\"https:\\\/\\\/www.xn--bgerogting-0cb.dk\\\/#\\\/schema\\\/logo\\\/image\\\/\"},\"sameAs\":[\"https:\\\/\\\/www.facebook.com\\\/boegerogting\\\/\",\"https:\\\/\\\/www.instagram.com\\\/bogerogting\\\/\"]}]}<\/script>\n<meta property=\"product:price:amount\" content=\"100.00\" \/>\n<meta property=\"product:price:currency\" content=\"DKK\" \/>\n<meta property=\"og:availability\" content=\"out of stock\" \/>\n<meta property=\"product:availability\" content=\"out of stock\" \/>\n<meta property=\"product:retailer_item_id\" content=\"10205\" \/>\n<meta property=\"product:condition\" content=\"new\" \/>\n<!-- \/ Yoast SEO Premium plugin. -->","yoast_head_json":{"title":"Moderne mormormad : 65 retroretter af Ditte Ingemann og Helene Wang - B\u00f8ger og Ting","description":"Moderne mormormad : 65 retroretter af Ditte Ingemann og Helene Wang - Samvirke, 2016 - 191 sider - H\u00e6ftet med kartonbind - Bogen er i meget fin stand, som ny.","robots":{"index":"index","follow":"follow","max-snippet":"max-snippet:-1","max-image-preview":"max-image-preview:large","max-video-preview":"max-video-preview:-1"},"canonical":"https:\/\/www.xn--bgerogting-0cb.dk\/index.php\/vare\/moderne-mormormad-65-retroretter-af-ditte-ingemann-og-helene-wang\/","og_locale":"da_DK","og_type":"article","og_title":"Moderne mormormad : 65 retroretter af Ditte Ingemann og Helene Wang","og_description":"Moderne mormormad : 65 retroretter af Ditte Ingemann og Helene Wang - Samvirke, 2016 - 191 sider - H\u00e6ftet med kartonbind - Bogen er i meget fin stand, som ny.","og_url":"https:\/\/www.xn--bgerogting-0cb.dk\/index.php\/vare\/moderne-mormormad-65-retroretter-af-ditte-ingemann-og-helene-wang\/","og_site_name":"B\u00f8ger og Ting","article_publisher":"https:\/\/www.facebook.com\/boegerogting\/","article_modified_time":"2024-07-30T10:43:46+00:00","og_image":[{"width":1920,"height":1920,"url":"https:\/\/www.xn--bgerogting-0cb.dk\/wp-content\/uploads\/2024\/04\/Moderne-mormormad.jpg","type":"image\/jpeg"}],"twitter_card":"summary_large_image","twitter_misc":{"Pris":"kr.&nbsp;100,00","Tilg\u00e6ngelighed":"Ikke p\u00e5 lager"},"schema":{"@context":"https:\/\/schema.org","@graph":[{"@type":"WebPage","@id":"https:\/\/www.xn--bgerogting-0cb.dk\/index.php\/vare\/moderne-mormormad-65-retroretter-af-ditte-ingemann-og-helene-wang\/","url":"https:\/\/www.xn--bgerogting-0cb.dk\/index.php\/vare\/moderne-mormormad-65-retroretter-af-ditte-ingemann-og-helene-wang\/","name":"Moderne mormormad : 65 retroretter af Ditte Ingemann og Helene Wang - B\u00f8ger og Ting","isPartOf":{"@id":"https:\/\/www.xn--bgerogting-0cb.dk\/#website"},"primaryImageOfPage":{"@id":"https:\/\/www.xn--bgerogting-0cb.dk\/index.php\/vare\/moderne-mormormad-65-retroretter-af-ditte-ingemann-og-helene-wang\/#primaryimage"},"image":{"@id":"https:\/\/www.xn--bgerogting-0cb.dk\/index.php\/vare\/moderne-mormormad-65-retroretter-af-ditte-ingemann-og-helene-wang\/#primaryimage"},"thumbnailUrl":"https:\/\/i0.wp.com\/www.xn--bgerogting-0cb.dk\/wp-content\/uploads\/2024\/04\/Moderne-mormormad.jpg?fit=1920%2C1920&ssl=1","datePublished":"2024-04-19T13:26:11+00:00","dateModified":"2024-07-30T10:43:46+00:00","description":"Moderne mormormad : 65 retroretter af Ditte Ingemann og Helene Wang - Samvirke, 2016 - 191 sider - H\u00e6ftet med kartonbind - Bogen er i meget fin stand, som ny.","breadcrumb":{"@id":"https:\/\/www.xn--bgerogting-0cb.dk\/index.php\/vare\/moderne-mormormad-65-retroretter-af-ditte-ingemann-og-helene-wang\/#breadcrumb"},"inLanguage":"da-DK","potentialAction":[{"@type":"ReadAction","target":["https:\/\/www.xn--bgerogting-0cb.dk\/index.php\/vare\/moderne-mormormad-65-retroretter-af-ditte-ingemann-og-helene-wang\/"]}]},{"@type":"ImageObject","inLanguage":"da-DK","@id":"https:\/\/www.xn--bgerogting-0cb.dk\/index.php\/vare\/moderne-mormormad-65-retroretter-af-ditte-ingemann-og-helene-wang\/#primaryimage","url":"https:\/\/i0.wp.com\/www.xn--bgerogting-0cb.dk\/wp-content\/uploads\/2024\/04\/Moderne-mormormad.jpg?fit=1920%2C1920&ssl=1","contentUrl":"https:\/\/i0.wp.com\/www.xn--bgerogting-0cb.dk\/wp-content\/uploads\/2024\/04\/Moderne-mormormad.jpg?fit=1920%2C1920&ssl=1","width":1920,"height":1920,"caption":"Moderne mormormad"},{"@type":"BreadcrumbList","@id":"https:\/\/www.xn--bgerogting-0cb.dk\/index.php\/vare\/moderne-mormormad-65-retroretter-af-ditte-ingemann-og-helene-wang\/#breadcrumb","itemListElement":[{"@type":"ListItem","position":1,"name":"Home","item":"https:\/\/www.xn--bgerogting-0cb.dk\/"},{"@type":"ListItem","position":2,"name":"Butik","item":"https:\/\/www.xn--bgerogting-0cb.dk\/index.php\/shop\/"},{"@type":"ListItem","position":3,"name":"Moderne mormormad : 65 retroretter af Ditte Ingemann og Helene Wang"}]},{"@type":"WebSite","@id":"https:\/\/www.xn--bgerogting-0cb.dk\/#website","url":"https:\/\/www.xn--bgerogting-0cb.dk\/","name":"B\u00f8ger og Ting","description":"Antikvarisk, retro, vintage og antik","publisher":{"@id":"https:\/\/www.xn--bgerogting-0cb.dk\/#organization"},"potentialAction":[{"@type":"SearchAction","target":{"@type":"EntryPoint","urlTemplate":"https:\/\/www.xn--bgerogting-0cb.dk\/?s={search_term_string}"},"query-input":{"@type":"PropertyValueSpecification","valueRequired":true,"valueName":"search_term_string"}}],"inLanguage":"da-DK"},{"@type":"Organization","@id":"https:\/\/www.xn--bgerogting-0cb.dk\/#organization","name":"B\u00f8ger og Ting","url":"https:\/\/www.xn--bgerogting-0cb.dk\/","logo":{"@type":"ImageObject","inLanguage":"da-DK","@id":"https:\/\/www.xn--bgerogting-0cb.dk\/#\/schema\/logo\/image\/","url":"https:\/\/i0.wp.com\/www.xn--bgerogting-0cb.dk\/wp-content\/uploads\/2019\/10\/webicon.png?fit=205%2C205&ssl=1","contentUrl":"https:\/\/i0.wp.com\/www.xn--bgerogting-0cb.dk\/wp-content\/uploads\/2019\/10\/webicon.png?fit=205%2C205&ssl=1","width":205,"height":205,"caption":"B\u00f8ger og Ting"},"image":{"@id":"https:\/\/www.xn--bgerogting-0cb.dk\/#\/schema\/logo\/image\/"},"sameAs":["https:\/\/www.facebook.com\/boegerogting\/","https:\/\/www.instagram.com\/bogerogting\/"]}]},"product_price_amount":"100.00","product_price_currency":"DKK","og_availability":"out of stock","product_availability":"out of stock","product_retailer_item_id":"10205","product_condition":"new"},"jetpack_sharing_enabled":true,"_links":{"self":[{"href":"https:\/\/www.xn--bgerogting-0cb.dk\/index.php\/wp-json\/wp\/v2\/product\/15973","targetHints":{"allow":["GET"]}}],"collection":[{"href":"https:\/\/www.xn--bgerogting-0cb.dk\/index.php\/wp-json\/wp\/v2\/product"}],"about":[{"href":"https:\/\/www.xn--bgerogting-0cb.dk\/index.php\/wp-json\/wp\/v2\/types\/product"}],"wp:featuredmedia":[{"embeddable":true,"href":"https:\/\/www.xn--bgerogting-0cb.dk\/index.php\/wp-json\/wp\/v2\/media\/15974"}],"wp:attachment":[{"href":"https:\/\/www.xn--bgerogting-0cb.dk\/index.php\/wp-json\/wp\/v2\/media?parent=15973"}],"wp:term":[{"taxonomy":"product_brand","embeddable":true,"href":"https:\/\/www.xn--bgerogting-0cb.dk\/index.php\/wp-json\/wp\/v2\/product_brand?post=15973"},{"taxonomy":"product_cat","embeddable":true,"href":"https:\/\/www.xn--bgerogting-0cb.dk\/index.php\/wp-json\/wp\/v2\/product_cat?post=15973"},{"taxonomy":"product_tag","embeddable":true,"href":"https:\/\/www.xn--bgerogting-0cb.dk\/index.php\/wp-json\/wp\/v2\/product_tag?post=15973"}],"curies":[{"name":"wp","href":"https:\/\/api.w.org\/{rel}","templated":true}]}}