{"id":15885,"date":"2024-04-05T15:17:54","date_gmt":"2024-04-05T13:17:54","guid":{"rendered":"https:\/\/www.xn--bgerogting-0cb.dk\/?post_type=product&#038;p=15885"},"modified":"2025-02-26T14:47:15","modified_gmt":"2025-02-26T13:47:15","slug":"vintage-legetoej-niels-holgersen-paa-gaasen","status":"publish","type":"product","link":"https:\/\/www.xn--bgerogting-0cb.dk\/index.php\/vare\/vintage-legetoej-niels-holgersen-paa-gaasen\/","title":{"rendered":"Vintage leget\u00f8j Niels Holgersen p\u00e5 g\u00e5sen"},"content":{"rendered":"<p>Vintage leget\u00f8j: Niels Holgersen p\u00e5 g\u00e5sen<br \/>\nStor (hjemmelavet?) figur p\u00e5 hjul og med snor til at tr\u00e6kke i.<br \/>\nG\u00e5sens hoved er bev\u00e6geligt &#8211; den har nok haft t\u00f8jler.<br \/>\nH\u00f8jde: 33 cm. &#8211; l\u00e6ngde: 30 cm.<br \/>\nDer er blevet trukket meget rundt med Niels Holgersen, s\u00e5 figuren har charmerende patina.<\/p>\n<p>Selma Lagerl\u00f6f skrev i 1906 \u2013 1907 historien om drengen Niels Holgersen, der p\u00e5 ryggen af en g\u00e5s rejser gennem hele Sverige. Den blev skrevet p\u00e5 opfordring af den svenske l\u00e6rerforening, som en anderledes geografibog og skulle p\u00e5 en eventyrlig og sp\u00e6ndende m\u00e5de give de svenske b\u00f8rn viden om deres land.<br \/>\nDen sp\u00e6ndende og eventyrlige historie om Niels Holgersen er ogs\u00e5 blevet l\u00e6st for generationer af danske b\u00f8rn.<\/p>\n","protected":false},"excerpt":{"rendered":"<p>Vintage leget\u00f8j: Niels Holgersen p\u00e5 g\u00e5sen<br \/>\nStor (hjemmelavet?) figur p\u00e5 hjul og med snor til at tr\u00e6kke i.<br \/>\nG\u00e5sens hoved er bev\u00e6geligt &#8211; den har nok haft t\u00f8jler.<br \/>\nH\u00f8jde: 33 cm. &#8211; l\u00e6ngde: 30 cm.<br \/>\nDer er blevet trukket meget rundt med Niels Holgersen, s\u00e5 figuren har charmerende patina.<\/p>\n<p>Selma Lagerl\u00f6f skrev i 1906 \u2013 1907 historien om drengen Niels Holgersen, der p\u00e5 ryggen af en g\u00e5s rejser gennem hele Sverige. Den blev skrevet p\u00e5 opfordring af den svenske l\u00e6rerforening, som en anderledes geografibog og skulle p\u00e5 en eventyrlig og sp\u00e6ndende m\u00e5de give de svenske b\u00f8rn viden om deres land.<br \/>\nDen sp\u00e6ndende og eventyrlige historie om Niels Holgersen er ogs\u00e5 blevet l\u00e6st for generationer af danske b\u00f8rn.<\/p>\n","protected":false},"featured_media":15887,"template":"","meta":[],"product_brand":[],"product_cat":[468,988,42,46,32,283],"product_tag":[501,1535],"class_list":{"0":"post-15885","1":"product","2":"type-product","3":"status-publish","4":"has-post-thumbnail","6":"product_cat-1900-tallet","7":"product_cat-kuriositeter","8":"product_cat-legetoj","9":"product_cat-samlerobjekter","10":"product_cat-ting","11":"product_cat-vintage-ting","12":"product_tag-selma-lagerlof","13":"product_tag-traelegetoej","15":"first","16":"instock","17":"shipping-taxable","18":"purchasable","19":"product-type-simple"},"yoast_head":"<!-- This site is optimized with the Yoast SEO Premium plugin v26.9 (Yoast SEO v27.4) - https:\/\/yoast.com\/product\/yoast-seo-premium-wordpress\/ -->\n<title>Vintage leget\u00f8j Niels Holgersen p\u00e5 g\u00e5sen - B\u00f8ger og Ting<\/title>\n<meta name=\"description\" content=\"Vintage leget\u00f8j: Niels Holgersen p\u00e5 g\u00e5sen. Stor (hjemmelavet?) figur p\u00e5 hjul og med snor til at tr\u00e6kke i. Charmerende patina.\" \/>\n<meta name=\"robots\" content=\"index, follow, max-snippet:-1, max-image-preview:large, max-video-preview:-1\" \/>\n<link rel=\"canonical\" href=\"https:\/\/www.xn--bgerogting-0cb.dk\/index.php\/vare\/vintage-legetoej-niels-holgersen-paa-gaasen\/\" \/>\n<meta property=\"og:locale\" content=\"da_DK\" \/>\n<meta property=\"og:type\" content=\"article\" \/>\n<meta property=\"og:title\" content=\"Vintage leget\u00f8j Niels Holgersen p\u00e5 g\u00e5sen\" \/>\n<meta property=\"og:description\" content=\"Vintage leget\u00f8j: Niels Holgersen p\u00e5 g\u00e5sen. Stor (hjemmelavet?) figur p\u00e5 hjul og med snor til at tr\u00e6kke i. Charmerende patina.\" \/>\n<meta property=\"og:url\" content=\"https:\/\/www.xn--bgerogting-0cb.dk\/index.php\/vare\/vintage-legetoej-niels-holgersen-paa-gaasen\/\" \/>\n<meta property=\"og:site_name\" content=\"B\u00f8ger og Ting\" \/>\n<meta property=\"article:publisher\" content=\"https:\/\/www.facebook.com\/boegerogting\/\" \/>\n<meta property=\"article:modified_time\" content=\"2025-02-26T13:47:15+00:00\" \/>\n<meta property=\"og:image\" content=\"https:\/\/www.xn--bgerogting-0cb.dk\/wp-content\/uploads\/2024\/04\/Vintage-legetoej-Niels-Holgersen-2.jpg\" \/>\n\t<meta property=\"og:image:width\" content=\"1920\" \/>\n\t<meta property=\"og:image:height\" content=\"1920\" \/>\n\t<meta property=\"og:image:type\" content=\"image\/jpeg\" \/>\n<meta name=\"twitter:card\" content=\"summary_large_image\" \/>\n<meta name=\"twitter:label1\" content=\"Pris\" \/>\n\t<meta name=\"twitter:data1\" content=\"kr.&nbsp;350,00\" \/>\n\t<meta name=\"twitter:label2\" content=\"Tilg\u00e6ngelighed\" \/>\n\t<meta name=\"twitter:data2\" content=\"P\u00e5 lager\" \/>\n<script type=\"application\/ld+json\" class=\"yoast-schema-graph\">{\"@context\":\"https:\\\/\\\/schema.org\",\"@graph\":[{\"@type\":\"WebPage\",\"@id\":\"https:\\\/\\\/www.xn--bgerogting-0cb.dk\\\/index.php\\\/vare\\\/vintage-legetoej-niels-holgersen-paa-gaasen\\\/\",\"url\":\"https:\\\/\\\/www.xn--bgerogting-0cb.dk\\\/index.php\\\/vare\\\/vintage-legetoej-niels-holgersen-paa-gaasen\\\/\",\"name\":\"Vintage leget\u00f8j Niels Holgersen p\u00e5 g\u00e5sen - B\u00f8ger og Ting\",\"isPartOf\":{\"@id\":\"https:\\\/\\\/www.xn--bgerogting-0cb.dk\\\/#website\"},\"primaryImageOfPage\":{\"@id\":\"https:\\\/\\\/www.xn--bgerogting-0cb.dk\\\/index.php\\\/vare\\\/vintage-legetoej-niels-holgersen-paa-gaasen\\\/#primaryimage\"},\"image\":{\"@id\":\"https:\\\/\\\/www.xn--bgerogting-0cb.dk\\\/index.php\\\/vare\\\/vintage-legetoej-niels-holgersen-paa-gaasen\\\/#primaryimage\"},\"thumbnailUrl\":\"https:\\\/\\\/i0.wp.com\\\/www.xn--bgerogting-0cb.dk\\\/wp-content\\\/uploads\\\/2024\\\/04\\\/Vintage-legetoej-Niels-Holgersen-2.jpg?fit=1920%2C1920&ssl=1\",\"datePublished\":\"2024-04-05T13:17:54+00:00\",\"dateModified\":\"2025-02-26T13:47:15+00:00\",\"description\":\"Vintage leget\u00f8j: Niels Holgersen p\u00e5 g\u00e5sen. Stor (hjemmelavet?) figur p\u00e5 hjul og med snor til at tr\u00e6kke i. Charmerende patina.\",\"breadcrumb\":{\"@id\":\"https:\\\/\\\/www.xn--bgerogting-0cb.dk\\\/index.php\\\/vare\\\/vintage-legetoej-niels-holgersen-paa-gaasen\\\/#breadcrumb\"},\"inLanguage\":\"da-DK\",\"potentialAction\":[{\"@type\":\"ReadAction\",\"target\":[\"https:\\\/\\\/www.xn--bgerogting-0cb.dk\\\/index.php\\\/vare\\\/vintage-legetoej-niels-holgersen-paa-gaasen\\\/\"]}]},{\"@type\":\"ImageObject\",\"inLanguage\":\"da-DK\",\"@id\":\"https:\\\/\\\/www.xn--bgerogting-0cb.dk\\\/index.php\\\/vare\\\/vintage-legetoej-niels-holgersen-paa-gaasen\\\/#primaryimage\",\"url\":\"https:\\\/\\\/i0.wp.com\\\/www.xn--bgerogting-0cb.dk\\\/wp-content\\\/uploads\\\/2024\\\/04\\\/Vintage-legetoej-Niels-Holgersen-2.jpg?fit=1920%2C1920&ssl=1\",\"contentUrl\":\"https:\\\/\\\/i0.wp.com\\\/www.xn--bgerogting-0cb.dk\\\/wp-content\\\/uploads\\\/2024\\\/04\\\/Vintage-legetoej-Niels-Holgersen-2.jpg?fit=1920%2C1920&ssl=1\",\"width\":1920,\"height\":1920,\"caption\":\"Vintage leget\u00f8j Niels Holgersen\"},{\"@type\":\"BreadcrumbList\",\"@id\":\"https:\\\/\\\/www.xn--bgerogting-0cb.dk\\\/index.php\\\/vare\\\/vintage-legetoej-niels-holgersen-paa-gaasen\\\/#breadcrumb\",\"itemListElement\":[{\"@type\":\"ListItem\",\"position\":1,\"name\":\"Home\",\"item\":\"https:\\\/\\\/www.xn--bgerogting-0cb.dk\\\/\"},{\"@type\":\"ListItem\",\"position\":2,\"name\":\"Butik\",\"item\":\"https:\\\/\\\/www.xn--bgerogting-0cb.dk\\\/index.php\\\/shop\\\/\"},{\"@type\":\"ListItem\",\"position\":3,\"name\":\"Vintage leget\u00f8j Niels Holgersen p\u00e5 g\u00e5sen\"}]},{\"@type\":\"WebSite\",\"@id\":\"https:\\\/\\\/www.xn--bgerogting-0cb.dk\\\/#website\",\"url\":\"https:\\\/\\\/www.xn--bgerogting-0cb.dk\\\/\",\"name\":\"B\u00f8ger og Ting\",\"description\":\"Antikvarisk, retro, vintage og antik\",\"publisher\":{\"@id\":\"https:\\\/\\\/www.xn--bgerogting-0cb.dk\\\/#organization\"},\"potentialAction\":[{\"@type\":\"SearchAction\",\"target\":{\"@type\":\"EntryPoint\",\"urlTemplate\":\"https:\\\/\\\/www.xn--bgerogting-0cb.dk\\\/?s={search_term_string}\"},\"query-input\":{\"@type\":\"PropertyValueSpecification\",\"valueRequired\":true,\"valueName\":\"search_term_string\"}}],\"inLanguage\":\"da-DK\"},{\"@type\":\"Organization\",\"@id\":\"https:\\\/\\\/www.xn--bgerogting-0cb.dk\\\/#organization\",\"name\":\"B\u00f8ger og Ting\",\"url\":\"https:\\\/\\\/www.xn--bgerogting-0cb.dk\\\/\",\"logo\":{\"@type\":\"ImageObject\",\"inLanguage\":\"da-DK\",\"@id\":\"https:\\\/\\\/www.xn--bgerogting-0cb.dk\\\/#\\\/schema\\\/logo\\\/image\\\/\",\"url\":\"https:\\\/\\\/i0.wp.com\\\/www.xn--bgerogting-0cb.dk\\\/wp-content\\\/uploads\\\/2019\\\/10\\\/webicon.png?fit=205%2C205&ssl=1\",\"contentUrl\":\"https:\\\/\\\/i0.wp.com\\\/www.xn--bgerogting-0cb.dk\\\/wp-content\\\/uploads\\\/2019\\\/10\\\/webicon.png?fit=205%2C205&ssl=1\",\"width\":205,\"height\":205,\"caption\":\"B\u00f8ger og Ting\"},\"image\":{\"@id\":\"https:\\\/\\\/www.xn--bgerogting-0cb.dk\\\/#\\\/schema\\\/logo\\\/image\\\/\"},\"sameAs\":[\"https:\\\/\\\/www.facebook.com\\\/boegerogting\\\/\",\"https:\\\/\\\/www.instagram.com\\\/bogerogting\\\/\"]}]}<\/script>\n<meta property=\"product:price:amount\" content=\"350.00\" \/>\n<meta property=\"product:price:currency\" content=\"DKK\" \/>\n<meta property=\"og:availability\" content=\"instock\" \/>\n<meta property=\"product:availability\" content=\"instock\" \/>\n<meta property=\"product:retailer_item_id\" content=\"10194\" \/>\n<meta property=\"product:condition\" content=\"new\" \/>\n<!-- \/ Yoast SEO Premium plugin. -->","yoast_head_json":{"title":"Vintage leget\u00f8j Niels Holgersen p\u00e5 g\u00e5sen - B\u00f8ger og Ting","description":"Vintage leget\u00f8j: Niels Holgersen p\u00e5 g\u00e5sen. Stor (hjemmelavet?) figur p\u00e5 hjul og med snor til at tr\u00e6kke i. Charmerende patina.","robots":{"index":"index","follow":"follow","max-snippet":"max-snippet:-1","max-image-preview":"max-image-preview:large","max-video-preview":"max-video-preview:-1"},"canonical":"https:\/\/www.xn--bgerogting-0cb.dk\/index.php\/vare\/vintage-legetoej-niels-holgersen-paa-gaasen\/","og_locale":"da_DK","og_type":"article","og_title":"Vintage leget\u00f8j Niels Holgersen p\u00e5 g\u00e5sen","og_description":"Vintage leget\u00f8j: Niels Holgersen p\u00e5 g\u00e5sen. Stor (hjemmelavet?) figur p\u00e5 hjul og med snor til at tr\u00e6kke i. Charmerende patina.","og_url":"https:\/\/www.xn--bgerogting-0cb.dk\/index.php\/vare\/vintage-legetoej-niels-holgersen-paa-gaasen\/","og_site_name":"B\u00f8ger og Ting","article_publisher":"https:\/\/www.facebook.com\/boegerogting\/","article_modified_time":"2025-02-26T13:47:15+00:00","og_image":[{"width":1920,"height":1920,"url":"https:\/\/www.xn--bgerogting-0cb.dk\/wp-content\/uploads\/2024\/04\/Vintage-legetoej-Niels-Holgersen-2.jpg","type":"image\/jpeg"}],"twitter_card":"summary_large_image","twitter_misc":{"Pris":"kr.&nbsp;350,00","Tilg\u00e6ngelighed":"P\u00e5 lager"},"schema":{"@context":"https:\/\/schema.org","@graph":[{"@type":"WebPage","@id":"https:\/\/www.xn--bgerogting-0cb.dk\/index.php\/vare\/vintage-legetoej-niels-holgersen-paa-gaasen\/","url":"https:\/\/www.xn--bgerogting-0cb.dk\/index.php\/vare\/vintage-legetoej-niels-holgersen-paa-gaasen\/","name":"Vintage leget\u00f8j Niels Holgersen p\u00e5 g\u00e5sen - B\u00f8ger og Ting","isPartOf":{"@id":"https:\/\/www.xn--bgerogting-0cb.dk\/#website"},"primaryImageOfPage":{"@id":"https:\/\/www.xn--bgerogting-0cb.dk\/index.php\/vare\/vintage-legetoej-niels-holgersen-paa-gaasen\/#primaryimage"},"image":{"@id":"https:\/\/www.xn--bgerogting-0cb.dk\/index.php\/vare\/vintage-legetoej-niels-holgersen-paa-gaasen\/#primaryimage"},"thumbnailUrl":"https:\/\/i0.wp.com\/www.xn--bgerogting-0cb.dk\/wp-content\/uploads\/2024\/04\/Vintage-legetoej-Niels-Holgersen-2.jpg?fit=1920%2C1920&ssl=1","datePublished":"2024-04-05T13:17:54+00:00","dateModified":"2025-02-26T13:47:15+00:00","description":"Vintage leget\u00f8j: Niels Holgersen p\u00e5 g\u00e5sen. Stor (hjemmelavet?) figur p\u00e5 hjul og med snor til at tr\u00e6kke i. Charmerende patina.","breadcrumb":{"@id":"https:\/\/www.xn--bgerogting-0cb.dk\/index.php\/vare\/vintage-legetoej-niels-holgersen-paa-gaasen\/#breadcrumb"},"inLanguage":"da-DK","potentialAction":[{"@type":"ReadAction","target":["https:\/\/www.xn--bgerogting-0cb.dk\/index.php\/vare\/vintage-legetoej-niels-holgersen-paa-gaasen\/"]}]},{"@type":"ImageObject","inLanguage":"da-DK","@id":"https:\/\/www.xn--bgerogting-0cb.dk\/index.php\/vare\/vintage-legetoej-niels-holgersen-paa-gaasen\/#primaryimage","url":"https:\/\/i0.wp.com\/www.xn--bgerogting-0cb.dk\/wp-content\/uploads\/2024\/04\/Vintage-legetoej-Niels-Holgersen-2.jpg?fit=1920%2C1920&ssl=1","contentUrl":"https:\/\/i0.wp.com\/www.xn--bgerogting-0cb.dk\/wp-content\/uploads\/2024\/04\/Vintage-legetoej-Niels-Holgersen-2.jpg?fit=1920%2C1920&ssl=1","width":1920,"height":1920,"caption":"Vintage leget\u00f8j Niels Holgersen"},{"@type":"BreadcrumbList","@id":"https:\/\/www.xn--bgerogting-0cb.dk\/index.php\/vare\/vintage-legetoej-niels-holgersen-paa-gaasen\/#breadcrumb","itemListElement":[{"@type":"ListItem","position":1,"name":"Home","item":"https:\/\/www.xn--bgerogting-0cb.dk\/"},{"@type":"ListItem","position":2,"name":"Butik","item":"https:\/\/www.xn--bgerogting-0cb.dk\/index.php\/shop\/"},{"@type":"ListItem","position":3,"name":"Vintage leget\u00f8j Niels Holgersen p\u00e5 g\u00e5sen"}]},{"@type":"WebSite","@id":"https:\/\/www.xn--bgerogting-0cb.dk\/#website","url":"https:\/\/www.xn--bgerogting-0cb.dk\/","name":"B\u00f8ger og Ting","description":"Antikvarisk, retro, vintage og antik","publisher":{"@id":"https:\/\/www.xn--bgerogting-0cb.dk\/#organization"},"potentialAction":[{"@type":"SearchAction","target":{"@type":"EntryPoint","urlTemplate":"https:\/\/www.xn--bgerogting-0cb.dk\/?s={search_term_string}"},"query-input":{"@type":"PropertyValueSpecification","valueRequired":true,"valueName":"search_term_string"}}],"inLanguage":"da-DK"},{"@type":"Organization","@id":"https:\/\/www.xn--bgerogting-0cb.dk\/#organization","name":"B\u00f8ger og Ting","url":"https:\/\/www.xn--bgerogting-0cb.dk\/","logo":{"@type":"ImageObject","inLanguage":"da-DK","@id":"https:\/\/www.xn--bgerogting-0cb.dk\/#\/schema\/logo\/image\/","url":"https:\/\/i0.wp.com\/www.xn--bgerogting-0cb.dk\/wp-content\/uploads\/2019\/10\/webicon.png?fit=205%2C205&ssl=1","contentUrl":"https:\/\/i0.wp.com\/www.xn--bgerogting-0cb.dk\/wp-content\/uploads\/2019\/10\/webicon.png?fit=205%2C205&ssl=1","width":205,"height":205,"caption":"B\u00f8ger og Ting"},"image":{"@id":"https:\/\/www.xn--bgerogting-0cb.dk\/#\/schema\/logo\/image\/"},"sameAs":["https:\/\/www.facebook.com\/boegerogting\/","https:\/\/www.instagram.com\/bogerogting\/"]}]},"product_price_amount":"350.00","product_price_currency":"DKK","og_availability":"instock","product_availability":"instock","product_retailer_item_id":"10194","product_condition":"new"},"jetpack_sharing_enabled":true,"_links":{"self":[{"href":"https:\/\/www.xn--bgerogting-0cb.dk\/index.php\/wp-json\/wp\/v2\/product\/15885","targetHints":{"allow":["GET"]}}],"collection":[{"href":"https:\/\/www.xn--bgerogting-0cb.dk\/index.php\/wp-json\/wp\/v2\/product"}],"about":[{"href":"https:\/\/www.xn--bgerogting-0cb.dk\/index.php\/wp-json\/wp\/v2\/types\/product"}],"wp:featuredmedia":[{"embeddable":true,"href":"https:\/\/www.xn--bgerogting-0cb.dk\/index.php\/wp-json\/wp\/v2\/media\/15887"}],"wp:attachment":[{"href":"https:\/\/www.xn--bgerogting-0cb.dk\/index.php\/wp-json\/wp\/v2\/media?parent=15885"}],"wp:term":[{"taxonomy":"product_brand","embeddable":true,"href":"https:\/\/www.xn--bgerogting-0cb.dk\/index.php\/wp-json\/wp\/v2\/product_brand?post=15885"},{"taxonomy":"product_cat","embeddable":true,"href":"https:\/\/www.xn--bgerogting-0cb.dk\/index.php\/wp-json\/wp\/v2\/product_cat?post=15885"},{"taxonomy":"product_tag","embeddable":true,"href":"https:\/\/www.xn--bgerogting-0cb.dk\/index.php\/wp-json\/wp\/v2\/product_tag?post=15885"}],"curies":[{"name":"wp","href":"https:\/\/api.w.org\/{rel}","templated":true}]}}