{"id":15863,"date":"2024-04-04T15:58:01","date_gmt":"2024-04-04T13:58:01","guid":{"rendered":"https:\/\/www.xn--bgerogting-0cb.dk\/?post_type=product&#038;p=15863"},"modified":"2024-04-04T15:58:02","modified_gmt":"2024-04-04T13:58:02","slug":"arkitekten-steen-eiler-rasmussen-af-olaf-lind","status":"publish","type":"product","link":"https:\/\/www.xn--bgerogting-0cb.dk\/index.php\/vare\/arkitekten-steen-eiler-rasmussen-af-olaf-lind\/","title":{"rendered":"Arkitekten Steen Eiler Rasmussen af Olaf Lind"},"content":{"rendered":"<p>Arkitekten Steen Eiler Rasmussen af Olaf Lind.<br \/>\nGyldendal, 2008 &#8211; 484 sider &#8211; H\u00e6ftet hardback.<br \/>\nIllustreret med tegninger og fotos i s\/h og farver.<br \/>\nBogen er i meget fin stand.<\/p>\n<p>&#8220;Steen Eiler Rasmussen (1898 &#8211; 1990) var gennem det meste af 1900-tallet kendt som <em>arkitekten\u00a0<\/em>par excellence b\u00e5de i Danmark og mange steder i udlandet. Han var ogs\u00e5 polyhistor med en kolossal almen viden. Ikke desto mindre var han autodidakt uden nogen officiel uddannelse. Han var professor ved Kunstakademiets Arkitektskole i K\u00f8benhavn 1938 &#8211; 68, medlem af Akademir\u00e5det, af talrige kommissioner og udvalg indenfor arkitektur, planl\u00e6gning og design &#8211; han opfandt simpelthen betegnelsen &#8220;Danish Design&#8221;.<br \/>\nHans egne v\u00e6rker var ikke h\u00f8jt v\u00e6rdsatte, mens han levede. Denne bog fors\u00f8ger derfor en ny vurdering af hans v\u00e6rker set med nutidens \u00f8jne.&#8221;<\/p>\n<p>&nbsp;<\/p>\n","protected":false},"excerpt":{"rendered":"<p>Arkitekten Steen Eiler Rasmussen af Olaf Lind.<br \/>\nGyldendal, 2008 &#8211; 484 sider &#8211; H\u00e6ftet hardback.<br \/>\nIllustreret med tegninger og fotos i s\/h og farver.<br \/>\nBogen er i meget fin stand.<\/p>\n<p>&#8220;Steen Eiler Rasmussen (1898 &#8211; 1990) var gennem det meste af 1900-tallet kendt som <em>arkitekten\u00a0<\/em>par excellence b\u00e5de i Danmark og mange steder i udlandet. Han var ogs\u00e5 polyhistor med en kolossal almen viden. Ikke desto mindre var han autodidakt uden nogen officiel uddannelse. Han var professor ved Kunstakademiets Arkitektskole i K\u00f8benhavn 1938 &#8211; 68, medlem af Akademir\u00e5det, af talrige kommissioner og udvalg indenfor arkitektur, planl\u00e6gning og design &#8211; han opfandt simpelthen betegnelsen &#8220;Danish Design&#8221;.<br \/>\nHans egne v\u00e6rker var ikke h\u00f8jt v\u00e6rdsatte, mens han levede. Denne bog fors\u00f8ger derfor en ny vurdering af hans v\u00e6rker set med nutidens \u00f8jne.&#8221;<\/p>\n<p>&nbsp;<\/p>\n","protected":false},"featured_media":15864,"template":"","meta":[],"product_brand":[],"product_cat":[1479,257,27,28,184],"product_tag":[859],"class_list":{"0":"post-15863","1":"product","2":"type-product","3":"status-publish","4":"has-post-thumbnail","6":"product_cat-arkitektur","7":"product_cat-biografier","8":"product_cat-boeger","9":"product_cat-fagboeger","10":"product_cat-historie","11":"product_tag-arkitektur","13":"first","14":"instock","15":"shipping-taxable","16":"purchasable","17":"product-type-simple"},"yoast_head":"<!-- This site is optimized with the Yoast SEO Premium plugin v26.9 (Yoast SEO v27.4) - https:\/\/yoast.com\/product\/yoast-seo-premium-wordpress\/ -->\n<title>Arkitekten Steen Eiler Rasmussen af Olaf Lind - B\u00f8ger og Ting<\/title>\n<meta name=\"description\" content=\"Arkitekten Steen Eiler Rasmussen af Olaf Lind - Gyldendal, 2008 - 484 sider - H\u00e6ftet hardback - Bogen er i meget fin stand.\" \/>\n<meta name=\"robots\" content=\"index, follow, max-snippet:-1, max-image-preview:large, max-video-preview:-1\" \/>\n<link rel=\"canonical\" href=\"https:\/\/www.xn--bgerogting-0cb.dk\/index.php\/vare\/arkitekten-steen-eiler-rasmussen-af-olaf-lind\/\" \/>\n<meta property=\"og:locale\" content=\"da_DK\" \/>\n<meta property=\"og:type\" content=\"article\" \/>\n<meta property=\"og:title\" content=\"Arkitekten Steen Eiler Rasmussen af Olaf Lind\" \/>\n<meta property=\"og:description\" content=\"Arkitekten Steen Eiler Rasmussen af Olaf Lind - Gyldendal, 2008 - 484 sider - H\u00e6ftet hardback - Bogen er i meget fin stand.\" \/>\n<meta property=\"og:url\" content=\"https:\/\/www.xn--bgerogting-0cb.dk\/index.php\/vare\/arkitekten-steen-eiler-rasmussen-af-olaf-lind\/\" \/>\n<meta property=\"og:site_name\" content=\"B\u00f8ger og Ting\" \/>\n<meta property=\"article:publisher\" content=\"https:\/\/www.facebook.com\/boegerogting\/\" \/>\n<meta property=\"article:modified_time\" content=\"2024-04-04T13:58:02+00:00\" \/>\n<meta property=\"og:image\" content=\"https:\/\/www.xn--bgerogting-0cb.dk\/wp-content\/uploads\/2024\/04\/Arkitekten-Steen-Eiler-Rasmussen-af-Olaf-Lind.jpg\" \/>\n\t<meta property=\"og:image:width\" content=\"1920\" \/>\n\t<meta property=\"og:image:height\" content=\"1920\" \/>\n\t<meta property=\"og:image:type\" content=\"image\/jpeg\" \/>\n<meta name=\"twitter:card\" content=\"summary_large_image\" \/>\n<meta name=\"twitter:label1\" content=\"Pris\" \/>\n\t<meta name=\"twitter:data1\" content=\"kr.&nbsp;150,00\" \/>\n\t<meta name=\"twitter:label2\" content=\"Tilg\u00e6ngelighed\" \/>\n\t<meta name=\"twitter:data2\" content=\"P\u00e5 lager\" \/>\n<script type=\"application\/ld+json\" class=\"yoast-schema-graph\">{\"@context\":\"https:\\\/\\\/schema.org\",\"@graph\":[{\"@type\":\"WebPage\",\"@id\":\"https:\\\/\\\/www.xn--bgerogting-0cb.dk\\\/index.php\\\/vare\\\/arkitekten-steen-eiler-rasmussen-af-olaf-lind\\\/\",\"url\":\"https:\\\/\\\/www.xn--bgerogting-0cb.dk\\\/index.php\\\/vare\\\/arkitekten-steen-eiler-rasmussen-af-olaf-lind\\\/\",\"name\":\"Arkitekten Steen Eiler Rasmussen af Olaf Lind - B\u00f8ger og Ting\",\"isPartOf\":{\"@id\":\"https:\\\/\\\/www.xn--bgerogting-0cb.dk\\\/#website\"},\"primaryImageOfPage\":{\"@id\":\"https:\\\/\\\/www.xn--bgerogting-0cb.dk\\\/index.php\\\/vare\\\/arkitekten-steen-eiler-rasmussen-af-olaf-lind\\\/#primaryimage\"},\"image\":{\"@id\":\"https:\\\/\\\/www.xn--bgerogting-0cb.dk\\\/index.php\\\/vare\\\/arkitekten-steen-eiler-rasmussen-af-olaf-lind\\\/#primaryimage\"},\"thumbnailUrl\":\"https:\\\/\\\/i0.wp.com\\\/www.xn--bgerogting-0cb.dk\\\/wp-content\\\/uploads\\\/2024\\\/04\\\/Arkitekten-Steen-Eiler-Rasmussen-af-Olaf-Lind.jpg?fit=1920%2C1920&ssl=1\",\"datePublished\":\"2024-04-04T13:58:01+00:00\",\"dateModified\":\"2024-04-04T13:58:02+00:00\",\"description\":\"Arkitekten Steen Eiler Rasmussen af Olaf Lind - Gyldendal, 2008 - 484 sider - H\u00e6ftet hardback - Bogen er i meget fin stand.\",\"breadcrumb\":{\"@id\":\"https:\\\/\\\/www.xn--bgerogting-0cb.dk\\\/index.php\\\/vare\\\/arkitekten-steen-eiler-rasmussen-af-olaf-lind\\\/#breadcrumb\"},\"inLanguage\":\"da-DK\",\"potentialAction\":[{\"@type\":\"ReadAction\",\"target\":[\"https:\\\/\\\/www.xn--bgerogting-0cb.dk\\\/index.php\\\/vare\\\/arkitekten-steen-eiler-rasmussen-af-olaf-lind\\\/\"]}]},{\"@type\":\"ImageObject\",\"inLanguage\":\"da-DK\",\"@id\":\"https:\\\/\\\/www.xn--bgerogting-0cb.dk\\\/index.php\\\/vare\\\/arkitekten-steen-eiler-rasmussen-af-olaf-lind\\\/#primaryimage\",\"url\":\"https:\\\/\\\/i0.wp.com\\\/www.xn--bgerogting-0cb.dk\\\/wp-content\\\/uploads\\\/2024\\\/04\\\/Arkitekten-Steen-Eiler-Rasmussen-af-Olaf-Lind.jpg?fit=1920%2C1920&ssl=1\",\"contentUrl\":\"https:\\\/\\\/i0.wp.com\\\/www.xn--bgerogting-0cb.dk\\\/wp-content\\\/uploads\\\/2024\\\/04\\\/Arkitekten-Steen-Eiler-Rasmussen-af-Olaf-Lind.jpg?fit=1920%2C1920&ssl=1\",\"width\":1920,\"height\":1920,\"caption\":\"Arkitekten Steen Eiler Rasmussen af Olaf Lind\"},{\"@type\":\"BreadcrumbList\",\"@id\":\"https:\\\/\\\/www.xn--bgerogting-0cb.dk\\\/index.php\\\/vare\\\/arkitekten-steen-eiler-rasmussen-af-olaf-lind\\\/#breadcrumb\",\"itemListElement\":[{\"@type\":\"ListItem\",\"position\":1,\"name\":\"Home\",\"item\":\"https:\\\/\\\/www.xn--bgerogting-0cb.dk\\\/\"},{\"@type\":\"ListItem\",\"position\":2,\"name\":\"Butik\",\"item\":\"https:\\\/\\\/www.xn--bgerogting-0cb.dk\\\/index.php\\\/shop\\\/\"},{\"@type\":\"ListItem\",\"position\":3,\"name\":\"Arkitekten Steen Eiler Rasmussen af Olaf Lind\"}]},{\"@type\":\"WebSite\",\"@id\":\"https:\\\/\\\/www.xn--bgerogting-0cb.dk\\\/#website\",\"url\":\"https:\\\/\\\/www.xn--bgerogting-0cb.dk\\\/\",\"name\":\"B\u00f8ger og Ting\",\"description\":\"Antikvarisk, retro, vintage og antik\",\"publisher\":{\"@id\":\"https:\\\/\\\/www.xn--bgerogting-0cb.dk\\\/#organization\"},\"potentialAction\":[{\"@type\":\"SearchAction\",\"target\":{\"@type\":\"EntryPoint\",\"urlTemplate\":\"https:\\\/\\\/www.xn--bgerogting-0cb.dk\\\/?s={search_term_string}\"},\"query-input\":{\"@type\":\"PropertyValueSpecification\",\"valueRequired\":true,\"valueName\":\"search_term_string\"}}],\"inLanguage\":\"da-DK\"},{\"@type\":\"Organization\",\"@id\":\"https:\\\/\\\/www.xn--bgerogting-0cb.dk\\\/#organization\",\"name\":\"B\u00f8ger og Ting\",\"url\":\"https:\\\/\\\/www.xn--bgerogting-0cb.dk\\\/\",\"logo\":{\"@type\":\"ImageObject\",\"inLanguage\":\"da-DK\",\"@id\":\"https:\\\/\\\/www.xn--bgerogting-0cb.dk\\\/#\\\/schema\\\/logo\\\/image\\\/\",\"url\":\"https:\\\/\\\/i0.wp.com\\\/www.xn--bgerogting-0cb.dk\\\/wp-content\\\/uploads\\\/2019\\\/10\\\/webicon.png?fit=205%2C205&ssl=1\",\"contentUrl\":\"https:\\\/\\\/i0.wp.com\\\/www.xn--bgerogting-0cb.dk\\\/wp-content\\\/uploads\\\/2019\\\/10\\\/webicon.png?fit=205%2C205&ssl=1\",\"width\":205,\"height\":205,\"caption\":\"B\u00f8ger og Ting\"},\"image\":{\"@id\":\"https:\\\/\\\/www.xn--bgerogting-0cb.dk\\\/#\\\/schema\\\/logo\\\/image\\\/\"},\"sameAs\":[\"https:\\\/\\\/www.facebook.com\\\/boegerogting\\\/\",\"https:\\\/\\\/www.instagram.com\\\/bogerogting\\\/\"]}]}<\/script>\n<meta property=\"product:price:amount\" content=\"150.00\" \/>\n<meta property=\"product:price:currency\" content=\"DKK\" \/>\n<meta property=\"og:availability\" content=\"instock\" \/>\n<meta property=\"product:availability\" content=\"instock\" \/>\n<meta property=\"product:retailer_item_id\" content=\"6326\" \/>\n<meta property=\"product:condition\" content=\"new\" \/>\n<!-- \/ Yoast SEO Premium plugin. -->","yoast_head_json":{"title":"Arkitekten Steen Eiler Rasmussen af Olaf Lind - B\u00f8ger og Ting","description":"Arkitekten Steen Eiler Rasmussen af Olaf Lind - Gyldendal, 2008 - 484 sider - H\u00e6ftet hardback - Bogen er i meget fin stand.","robots":{"index":"index","follow":"follow","max-snippet":"max-snippet:-1","max-image-preview":"max-image-preview:large","max-video-preview":"max-video-preview:-1"},"canonical":"https:\/\/www.xn--bgerogting-0cb.dk\/index.php\/vare\/arkitekten-steen-eiler-rasmussen-af-olaf-lind\/","og_locale":"da_DK","og_type":"article","og_title":"Arkitekten Steen Eiler Rasmussen af Olaf Lind","og_description":"Arkitekten Steen Eiler Rasmussen af Olaf Lind - Gyldendal, 2008 - 484 sider - H\u00e6ftet hardback - Bogen er i meget fin stand.","og_url":"https:\/\/www.xn--bgerogting-0cb.dk\/index.php\/vare\/arkitekten-steen-eiler-rasmussen-af-olaf-lind\/","og_site_name":"B\u00f8ger og Ting","article_publisher":"https:\/\/www.facebook.com\/boegerogting\/","article_modified_time":"2024-04-04T13:58:02+00:00","og_image":[{"width":1920,"height":1920,"url":"https:\/\/www.xn--bgerogting-0cb.dk\/wp-content\/uploads\/2024\/04\/Arkitekten-Steen-Eiler-Rasmussen-af-Olaf-Lind.jpg","type":"image\/jpeg"}],"twitter_card":"summary_large_image","twitter_misc":{"Pris":"kr.&nbsp;150,00","Tilg\u00e6ngelighed":"P\u00e5 lager"},"schema":{"@context":"https:\/\/schema.org","@graph":[{"@type":"WebPage","@id":"https:\/\/www.xn--bgerogting-0cb.dk\/index.php\/vare\/arkitekten-steen-eiler-rasmussen-af-olaf-lind\/","url":"https:\/\/www.xn--bgerogting-0cb.dk\/index.php\/vare\/arkitekten-steen-eiler-rasmussen-af-olaf-lind\/","name":"Arkitekten Steen Eiler Rasmussen af Olaf Lind - B\u00f8ger og Ting","isPartOf":{"@id":"https:\/\/www.xn--bgerogting-0cb.dk\/#website"},"primaryImageOfPage":{"@id":"https:\/\/www.xn--bgerogting-0cb.dk\/index.php\/vare\/arkitekten-steen-eiler-rasmussen-af-olaf-lind\/#primaryimage"},"image":{"@id":"https:\/\/www.xn--bgerogting-0cb.dk\/index.php\/vare\/arkitekten-steen-eiler-rasmussen-af-olaf-lind\/#primaryimage"},"thumbnailUrl":"https:\/\/i0.wp.com\/www.xn--bgerogting-0cb.dk\/wp-content\/uploads\/2024\/04\/Arkitekten-Steen-Eiler-Rasmussen-af-Olaf-Lind.jpg?fit=1920%2C1920&ssl=1","datePublished":"2024-04-04T13:58:01+00:00","dateModified":"2024-04-04T13:58:02+00:00","description":"Arkitekten Steen Eiler Rasmussen af Olaf Lind - Gyldendal, 2008 - 484 sider - H\u00e6ftet hardback - Bogen er i meget fin stand.","breadcrumb":{"@id":"https:\/\/www.xn--bgerogting-0cb.dk\/index.php\/vare\/arkitekten-steen-eiler-rasmussen-af-olaf-lind\/#breadcrumb"},"inLanguage":"da-DK","potentialAction":[{"@type":"ReadAction","target":["https:\/\/www.xn--bgerogting-0cb.dk\/index.php\/vare\/arkitekten-steen-eiler-rasmussen-af-olaf-lind\/"]}]},{"@type":"ImageObject","inLanguage":"da-DK","@id":"https:\/\/www.xn--bgerogting-0cb.dk\/index.php\/vare\/arkitekten-steen-eiler-rasmussen-af-olaf-lind\/#primaryimage","url":"https:\/\/i0.wp.com\/www.xn--bgerogting-0cb.dk\/wp-content\/uploads\/2024\/04\/Arkitekten-Steen-Eiler-Rasmussen-af-Olaf-Lind.jpg?fit=1920%2C1920&ssl=1","contentUrl":"https:\/\/i0.wp.com\/www.xn--bgerogting-0cb.dk\/wp-content\/uploads\/2024\/04\/Arkitekten-Steen-Eiler-Rasmussen-af-Olaf-Lind.jpg?fit=1920%2C1920&ssl=1","width":1920,"height":1920,"caption":"Arkitekten Steen Eiler Rasmussen af Olaf Lind"},{"@type":"BreadcrumbList","@id":"https:\/\/www.xn--bgerogting-0cb.dk\/index.php\/vare\/arkitekten-steen-eiler-rasmussen-af-olaf-lind\/#breadcrumb","itemListElement":[{"@type":"ListItem","position":1,"name":"Home","item":"https:\/\/www.xn--bgerogting-0cb.dk\/"},{"@type":"ListItem","position":2,"name":"Butik","item":"https:\/\/www.xn--bgerogting-0cb.dk\/index.php\/shop\/"},{"@type":"ListItem","position":3,"name":"Arkitekten Steen Eiler Rasmussen af Olaf Lind"}]},{"@type":"WebSite","@id":"https:\/\/www.xn--bgerogting-0cb.dk\/#website","url":"https:\/\/www.xn--bgerogting-0cb.dk\/","name":"B\u00f8ger og Ting","description":"Antikvarisk, retro, vintage og antik","publisher":{"@id":"https:\/\/www.xn--bgerogting-0cb.dk\/#organization"},"potentialAction":[{"@type":"SearchAction","target":{"@type":"EntryPoint","urlTemplate":"https:\/\/www.xn--bgerogting-0cb.dk\/?s={search_term_string}"},"query-input":{"@type":"PropertyValueSpecification","valueRequired":true,"valueName":"search_term_string"}}],"inLanguage":"da-DK"},{"@type":"Organization","@id":"https:\/\/www.xn--bgerogting-0cb.dk\/#organization","name":"B\u00f8ger og Ting","url":"https:\/\/www.xn--bgerogting-0cb.dk\/","logo":{"@type":"ImageObject","inLanguage":"da-DK","@id":"https:\/\/www.xn--bgerogting-0cb.dk\/#\/schema\/logo\/image\/","url":"https:\/\/i0.wp.com\/www.xn--bgerogting-0cb.dk\/wp-content\/uploads\/2019\/10\/webicon.png?fit=205%2C205&ssl=1","contentUrl":"https:\/\/i0.wp.com\/www.xn--bgerogting-0cb.dk\/wp-content\/uploads\/2019\/10\/webicon.png?fit=205%2C205&ssl=1","width":205,"height":205,"caption":"B\u00f8ger og Ting"},"image":{"@id":"https:\/\/www.xn--bgerogting-0cb.dk\/#\/schema\/logo\/image\/"},"sameAs":["https:\/\/www.facebook.com\/boegerogting\/","https:\/\/www.instagram.com\/bogerogting\/"]}]},"product_price_amount":"150.00","product_price_currency":"DKK","og_availability":"instock","product_availability":"instock","product_retailer_item_id":"6326","product_condition":"new"},"jetpack_sharing_enabled":true,"_links":{"self":[{"href":"https:\/\/www.xn--bgerogting-0cb.dk\/index.php\/wp-json\/wp\/v2\/product\/15863","targetHints":{"allow":["GET"]}}],"collection":[{"href":"https:\/\/www.xn--bgerogting-0cb.dk\/index.php\/wp-json\/wp\/v2\/product"}],"about":[{"href":"https:\/\/www.xn--bgerogting-0cb.dk\/index.php\/wp-json\/wp\/v2\/types\/product"}],"wp:featuredmedia":[{"embeddable":true,"href":"https:\/\/www.xn--bgerogting-0cb.dk\/index.php\/wp-json\/wp\/v2\/media\/15864"}],"wp:attachment":[{"href":"https:\/\/www.xn--bgerogting-0cb.dk\/index.php\/wp-json\/wp\/v2\/media?parent=15863"}],"wp:term":[{"taxonomy":"product_brand","embeddable":true,"href":"https:\/\/www.xn--bgerogting-0cb.dk\/index.php\/wp-json\/wp\/v2\/product_brand?post=15863"},{"taxonomy":"product_cat","embeddable":true,"href":"https:\/\/www.xn--bgerogting-0cb.dk\/index.php\/wp-json\/wp\/v2\/product_cat?post=15863"},{"taxonomy":"product_tag","embeddable":true,"href":"https:\/\/www.xn--bgerogting-0cb.dk\/index.php\/wp-json\/wp\/v2\/product_tag?post=15863"}],"curies":[{"name":"wp","href":"https:\/\/api.w.org\/{rel}","templated":true}]}}