{"id":15688,"date":"2026-03-09T17:01:51","date_gmt":"2026-03-09T16:01:51","guid":{"rendered":"https:\/\/www.xn--bgerogting-0cb.dk\/?post_type=product&#038;p=15688"},"modified":"2026-03-19T15:05:54","modified_gmt":"2026-03-19T14:05:54","slug":"don-quijote-af-miguel-cervantes-saavedra","status":"publish","type":"product","link":"https:\/\/www.xn--bgerogting-0cb.dk\/index.php\/vare\/don-quijote-af-miguel-cervantes-saavedra\/","title":{"rendered":"Don Quijote af Miguel Cervantes Saavedra"},"content":{"rendered":"<p>Don Quijote af Miguel Cervantes Saavedra.<br \/>\nGyldendals Bogklubber, 2003 &#8211; 489 sider &#8211; H\u00e6ftet hardback med smudsomslag.<br \/>\nOversat af Iben Hasselbalch.<br \/>\nB\u00e5de bog og smudsomslag er i fin stand. Ejernavn p\u00e5 friblad.<\/p>\n<p>&#8220;P\u00e5 sin stolte krikke Rosinante drager den panserkl\u00e6dte ridder og ukuelige fantast Don Quijote sammen med sin bondesnu og jordn\u00e6re v\u00e6bner Sancho Panza omkring i 1600-tallets Spanien. Undervejs k\u00e6mper adelsmanden utr\u00e6tteligt mod indbildte fjender, al uretf\u00e6rdighed, vindm\u00f8ller, ondsindede troldm\u00e6nd og meget andet for at ud\u00f8ve gode gerninger, opn\u00e5 evig ber\u00f8mmelse og vinde sin elskede Dulchineas gunst&#8221;<\/p>\n","protected":false},"excerpt":{"rendered":"<p>Don Quijote af Miguel Cervantes Saavedra.<br \/>\nGyldendals Bogklubber, 2003 &#8211; 489 sider &#8211; H\u00e6ftet hardback med smudsomslag.<br \/>\nOversat af Iben Hasselbalch.<br \/>\nB\u00e5de bog og smudsomslag er i fin stand. Ejernavn p\u00e5 friblad.<\/p>\n<p>&#8220;P\u00e5 sin stolte krikke Rosinante drager den panserkl\u00e6dte ridder og ukuelige fantast Don Quijote sammen med sin bondesnu og jordn\u00e6re v\u00e6bner Sancho Panza omkring i 1600-tallets Spanien. Undervejs k\u00e6mper adelsmanden utr\u00e6tteligt mod indbildte fjender, al uretf\u00e6rdighed, vindm\u00f8ller, ondsindede troldm\u00e6nd og meget andet for at ud\u00f8ve gode gerninger, opn\u00e5 evig ber\u00f8mmelse og vinde sin elskede Dulchineas gunst&#8221;<\/p>\n","protected":false},"featured_media":15689,"template":"","meta":[],"product_brand":[],"product_cat":[27,100],"product_tag":[559,1515,457],"class_list":{"0":"post-15688","1":"product","2":"type-product","3":"status-publish","4":"has-post-thumbnail","6":"product_cat-boeger","7":"product_cat-skoenlitteratur","8":"product_tag-klassikere","9":"product_tag-spansk","10":"product_tag-verdenslitteratur","12":"first","13":"instock","14":"shipping-taxable","15":"purchasable","16":"product-type-simple"},"yoast_head":"<!-- This site is optimized with the Yoast SEO Premium plugin v27.4 (Yoast SEO v27.5) - https:\/\/yoast.com\/product\/yoast-seo-premium-wordpress\/ -->\n<title>Don Quijote af Miguel Cervantes Saavedra - B\u00f8ger og Ting<\/title>\n<meta name=\"description\" content=\"Don Quijote af Miguel Cervantes Saavedra - Gyldendals Bogklubber, 2003 - 489 sider - H\u00e6ftet hardback med smudsomslag - Fin stand.\" \/>\n<meta name=\"robots\" content=\"index, follow, max-snippet:-1, max-image-preview:large, max-video-preview:-1\" \/>\n<link rel=\"canonical\" href=\"https:\/\/www.xn--bgerogting-0cb.dk\/index.php\/vare\/don-quijote-af-miguel-cervantes-saavedra\/\" \/>\n<meta property=\"og:locale\" content=\"da_DK\" \/>\n<meta property=\"og:type\" content=\"article\" \/>\n<meta property=\"og:title\" content=\"Don Quijote af Miguel Cervantes Saavedra\" \/>\n<meta property=\"og:description\" content=\"Don Quijote af Miguel Cervantes Saavedra - Gyldendals Bogklubber, 2003 - 489 sider - H\u00e6ftet hardback med smudsomslag - Fin stand.\" \/>\n<meta property=\"og:url\" content=\"https:\/\/www.xn--bgerogting-0cb.dk\/index.php\/vare\/don-quijote-af-miguel-cervantes-saavedra\/\" \/>\n<meta property=\"og:site_name\" content=\"B\u00f8ger og Ting\" \/>\n<meta property=\"article:publisher\" content=\"https:\/\/www.facebook.com\/boegerogting\/\" \/>\n<meta property=\"article:modified_time\" content=\"2026-03-19T14:05:54+00:00\" \/>\n<meta property=\"og:image\" content=\"https:\/\/www.xn--bgerogting-0cb.dk\/wp-content\/uploads\/2024\/02\/Don-Quijote-af-Miguel-Cervantes.jpg\" \/>\n\t<meta property=\"og:image:width\" content=\"1920\" \/>\n\t<meta property=\"og:image:height\" content=\"1920\" \/>\n\t<meta property=\"og:image:type\" content=\"image\/jpeg\" \/>\n<meta name=\"twitter:card\" content=\"summary_large_image\" \/>\n<meta name=\"twitter:label1\" content=\"Pris\" \/>\n\t<meta name=\"twitter:data1\" content=\"kr.&nbsp;125,00\" \/>\n\t<meta name=\"twitter:label2\" content=\"Tilg\u00e6ngelighed\" \/>\n\t<meta name=\"twitter:data2\" content=\"P\u00e5 lager\" \/>\n<script type=\"application\/ld+json\" class=\"yoast-schema-graph\">{\"@context\":\"https:\\\/\\\/schema.org\",\"@graph\":[{\"@type\":\"WebPage\",\"@id\":\"https:\\\/\\\/www.xn--bgerogting-0cb.dk\\\/index.php\\\/vare\\\/don-quijote-af-miguel-cervantes-saavedra\\\/\",\"url\":\"https:\\\/\\\/www.xn--bgerogting-0cb.dk\\\/index.php\\\/vare\\\/don-quijote-af-miguel-cervantes-saavedra\\\/\",\"name\":\"Don Quijote af Miguel Cervantes Saavedra - B\u00f8ger og Ting\",\"isPartOf\":{\"@id\":\"https:\\\/\\\/www.xn--bgerogting-0cb.dk\\\/#website\"},\"primaryImageOfPage\":{\"@id\":\"https:\\\/\\\/www.xn--bgerogting-0cb.dk\\\/index.php\\\/vare\\\/don-quijote-af-miguel-cervantes-saavedra\\\/#primaryimage\"},\"image\":{\"@id\":\"https:\\\/\\\/www.xn--bgerogting-0cb.dk\\\/index.php\\\/vare\\\/don-quijote-af-miguel-cervantes-saavedra\\\/#primaryimage\"},\"thumbnailUrl\":\"https:\\\/\\\/i0.wp.com\\\/www.xn--bgerogting-0cb.dk\\\/wp-content\\\/uploads\\\/2024\\\/02\\\/Don-Quijote-af-Miguel-Cervantes.jpg?fit=1920%2C1920&ssl=1\",\"datePublished\":\"2026-03-09T16:01:51+00:00\",\"dateModified\":\"2026-03-19T14:05:54+00:00\",\"description\":\"Don Quijote af Miguel Cervantes Saavedra - Gyldendals Bogklubber, 2003 - 489 sider - H\u00e6ftet hardback med smudsomslag - Fin stand.\",\"breadcrumb\":{\"@id\":\"https:\\\/\\\/www.xn--bgerogting-0cb.dk\\\/index.php\\\/vare\\\/don-quijote-af-miguel-cervantes-saavedra\\\/#breadcrumb\"},\"inLanguage\":\"da-DK\",\"potentialAction\":[{\"@type\":\"ReadAction\",\"target\":[\"https:\\\/\\\/www.xn--bgerogting-0cb.dk\\\/index.php\\\/vare\\\/don-quijote-af-miguel-cervantes-saavedra\\\/\"]}]},{\"@type\":\"ImageObject\",\"inLanguage\":\"da-DK\",\"@id\":\"https:\\\/\\\/www.xn--bgerogting-0cb.dk\\\/index.php\\\/vare\\\/don-quijote-af-miguel-cervantes-saavedra\\\/#primaryimage\",\"url\":\"https:\\\/\\\/i0.wp.com\\\/www.xn--bgerogting-0cb.dk\\\/wp-content\\\/uploads\\\/2024\\\/02\\\/Don-Quijote-af-Miguel-Cervantes.jpg?fit=1920%2C1920&ssl=1\",\"contentUrl\":\"https:\\\/\\\/i0.wp.com\\\/www.xn--bgerogting-0cb.dk\\\/wp-content\\\/uploads\\\/2024\\\/02\\\/Don-Quijote-af-Miguel-Cervantes.jpg?fit=1920%2C1920&ssl=1\",\"width\":1920,\"height\":1920,\"caption\":\"Don Quijote af Miguel Cervantes\"},{\"@type\":\"BreadcrumbList\",\"@id\":\"https:\\\/\\\/www.xn--bgerogting-0cb.dk\\\/index.php\\\/vare\\\/don-quijote-af-miguel-cervantes-saavedra\\\/#breadcrumb\",\"itemListElement\":[{\"@type\":\"ListItem\",\"position\":1,\"name\":\"Home\",\"item\":\"https:\\\/\\\/www.xn--bgerogting-0cb.dk\\\/\"},{\"@type\":\"ListItem\",\"position\":2,\"name\":\"Butik\",\"item\":\"https:\\\/\\\/www.xn--bgerogting-0cb.dk\\\/index.php\\\/shop\\\/\"},{\"@type\":\"ListItem\",\"position\":3,\"name\":\"Don Quijote af Miguel Cervantes Saavedra\"}]},{\"@type\":\"WebSite\",\"@id\":\"https:\\\/\\\/www.xn--bgerogting-0cb.dk\\\/#website\",\"url\":\"https:\\\/\\\/www.xn--bgerogting-0cb.dk\\\/\",\"name\":\"B\u00f8ger og Ting\",\"description\":\"Antikvarisk, retro, vintage og antik\",\"publisher\":{\"@id\":\"https:\\\/\\\/www.xn--bgerogting-0cb.dk\\\/#organization\"},\"potentialAction\":[{\"@type\":\"SearchAction\",\"target\":{\"@type\":\"EntryPoint\",\"urlTemplate\":\"https:\\\/\\\/www.xn--bgerogting-0cb.dk\\\/?s={search_term_string}\"},\"query-input\":{\"@type\":\"PropertyValueSpecification\",\"valueRequired\":true,\"valueName\":\"search_term_string\"}}],\"inLanguage\":\"da-DK\"},{\"@type\":\"Organization\",\"@id\":\"https:\\\/\\\/www.xn--bgerogting-0cb.dk\\\/#organization\",\"name\":\"B\u00f8ger og Ting\",\"url\":\"https:\\\/\\\/www.xn--bgerogting-0cb.dk\\\/\",\"logo\":{\"@type\":\"ImageObject\",\"inLanguage\":\"da-DK\",\"@id\":\"https:\\\/\\\/www.xn--bgerogting-0cb.dk\\\/#\\\/schema\\\/logo\\\/image\\\/\",\"url\":\"https:\\\/\\\/i0.wp.com\\\/www.xn--bgerogting-0cb.dk\\\/wp-content\\\/uploads\\\/2019\\\/10\\\/webicon.png?fit=205%2C205&ssl=1\",\"contentUrl\":\"https:\\\/\\\/i0.wp.com\\\/www.xn--bgerogting-0cb.dk\\\/wp-content\\\/uploads\\\/2019\\\/10\\\/webicon.png?fit=205%2C205&ssl=1\",\"width\":205,\"height\":205,\"caption\":\"B\u00f8ger og Ting\"},\"image\":{\"@id\":\"https:\\\/\\\/www.xn--bgerogting-0cb.dk\\\/#\\\/schema\\\/logo\\\/image\\\/\"},\"sameAs\":[\"https:\\\/\\\/www.facebook.com\\\/boegerogting\\\/\",\"https:\\\/\\\/www.instagram.com\\\/bogerogting\\\/\"]}]}<\/script>\n<meta property=\"product:price:amount\" content=\"125.00\" \/>\n<meta property=\"product:price:currency\" content=\"DKK\" \/>\n<meta property=\"og:availability\" content=\"instock\" \/>\n<meta property=\"product:availability\" content=\"instock\" \/>\n<meta property=\"product:retailer_item_id\" content=\"9410\" \/>\n<meta property=\"product:condition\" content=\"new\" \/>\n<!-- \/ Yoast SEO Premium plugin. -->","yoast_head_json":{"title":"Don Quijote af Miguel Cervantes Saavedra - B\u00f8ger og Ting","description":"Don Quijote af Miguel Cervantes Saavedra - Gyldendals Bogklubber, 2003 - 489 sider - H\u00e6ftet hardback med smudsomslag - Fin stand.","robots":{"index":"index","follow":"follow","max-snippet":"max-snippet:-1","max-image-preview":"max-image-preview:large","max-video-preview":"max-video-preview:-1"},"canonical":"https:\/\/www.xn--bgerogting-0cb.dk\/index.php\/vare\/don-quijote-af-miguel-cervantes-saavedra\/","og_locale":"da_DK","og_type":"article","og_title":"Don Quijote af Miguel Cervantes Saavedra","og_description":"Don Quijote af Miguel Cervantes Saavedra - Gyldendals Bogklubber, 2003 - 489 sider - H\u00e6ftet hardback med smudsomslag - Fin stand.","og_url":"https:\/\/www.xn--bgerogting-0cb.dk\/index.php\/vare\/don-quijote-af-miguel-cervantes-saavedra\/","og_site_name":"B\u00f8ger og Ting","article_publisher":"https:\/\/www.facebook.com\/boegerogting\/","article_modified_time":"2026-03-19T14:05:54+00:00","og_image":[{"width":1920,"height":1920,"url":"https:\/\/www.xn--bgerogting-0cb.dk\/wp-content\/uploads\/2024\/02\/Don-Quijote-af-Miguel-Cervantes.jpg","type":"image\/jpeg"}],"twitter_card":"summary_large_image","twitter_misc":{"Pris":"kr.&nbsp;125,00","Tilg\u00e6ngelighed":"P\u00e5 lager"},"schema":{"@context":"https:\/\/schema.org","@graph":[{"@type":"WebPage","@id":"https:\/\/www.xn--bgerogting-0cb.dk\/index.php\/vare\/don-quijote-af-miguel-cervantes-saavedra\/","url":"https:\/\/www.xn--bgerogting-0cb.dk\/index.php\/vare\/don-quijote-af-miguel-cervantes-saavedra\/","name":"Don Quijote af Miguel Cervantes Saavedra - B\u00f8ger og Ting","isPartOf":{"@id":"https:\/\/www.xn--bgerogting-0cb.dk\/#website"},"primaryImageOfPage":{"@id":"https:\/\/www.xn--bgerogting-0cb.dk\/index.php\/vare\/don-quijote-af-miguel-cervantes-saavedra\/#primaryimage"},"image":{"@id":"https:\/\/www.xn--bgerogting-0cb.dk\/index.php\/vare\/don-quijote-af-miguel-cervantes-saavedra\/#primaryimage"},"thumbnailUrl":"https:\/\/i0.wp.com\/www.xn--bgerogting-0cb.dk\/wp-content\/uploads\/2024\/02\/Don-Quijote-af-Miguel-Cervantes.jpg?fit=1920%2C1920&ssl=1","datePublished":"2026-03-09T16:01:51+00:00","dateModified":"2026-03-19T14:05:54+00:00","description":"Don Quijote af Miguel Cervantes Saavedra - Gyldendals Bogklubber, 2003 - 489 sider - H\u00e6ftet hardback med smudsomslag - Fin stand.","breadcrumb":{"@id":"https:\/\/www.xn--bgerogting-0cb.dk\/index.php\/vare\/don-quijote-af-miguel-cervantes-saavedra\/#breadcrumb"},"inLanguage":"da-DK","potentialAction":[{"@type":"ReadAction","target":["https:\/\/www.xn--bgerogting-0cb.dk\/index.php\/vare\/don-quijote-af-miguel-cervantes-saavedra\/"]}]},{"@type":"ImageObject","inLanguage":"da-DK","@id":"https:\/\/www.xn--bgerogting-0cb.dk\/index.php\/vare\/don-quijote-af-miguel-cervantes-saavedra\/#primaryimage","url":"https:\/\/i0.wp.com\/www.xn--bgerogting-0cb.dk\/wp-content\/uploads\/2024\/02\/Don-Quijote-af-Miguel-Cervantes.jpg?fit=1920%2C1920&ssl=1","contentUrl":"https:\/\/i0.wp.com\/www.xn--bgerogting-0cb.dk\/wp-content\/uploads\/2024\/02\/Don-Quijote-af-Miguel-Cervantes.jpg?fit=1920%2C1920&ssl=1","width":1920,"height":1920,"caption":"Don Quijote af Miguel Cervantes"},{"@type":"BreadcrumbList","@id":"https:\/\/www.xn--bgerogting-0cb.dk\/index.php\/vare\/don-quijote-af-miguel-cervantes-saavedra\/#breadcrumb","itemListElement":[{"@type":"ListItem","position":1,"name":"Home","item":"https:\/\/www.xn--bgerogting-0cb.dk\/"},{"@type":"ListItem","position":2,"name":"Butik","item":"https:\/\/www.xn--bgerogting-0cb.dk\/index.php\/shop\/"},{"@type":"ListItem","position":3,"name":"Don Quijote af Miguel Cervantes Saavedra"}]},{"@type":"WebSite","@id":"https:\/\/www.xn--bgerogting-0cb.dk\/#website","url":"https:\/\/www.xn--bgerogting-0cb.dk\/","name":"B\u00f8ger og Ting","description":"Antikvarisk, retro, vintage og antik","publisher":{"@id":"https:\/\/www.xn--bgerogting-0cb.dk\/#organization"},"potentialAction":[{"@type":"SearchAction","target":{"@type":"EntryPoint","urlTemplate":"https:\/\/www.xn--bgerogting-0cb.dk\/?s={search_term_string}"},"query-input":{"@type":"PropertyValueSpecification","valueRequired":true,"valueName":"search_term_string"}}],"inLanguage":"da-DK"},{"@type":"Organization","@id":"https:\/\/www.xn--bgerogting-0cb.dk\/#organization","name":"B\u00f8ger og Ting","url":"https:\/\/www.xn--bgerogting-0cb.dk\/","logo":{"@type":"ImageObject","inLanguage":"da-DK","@id":"https:\/\/www.xn--bgerogting-0cb.dk\/#\/schema\/logo\/image\/","url":"https:\/\/i0.wp.com\/www.xn--bgerogting-0cb.dk\/wp-content\/uploads\/2019\/10\/webicon.png?fit=205%2C205&ssl=1","contentUrl":"https:\/\/i0.wp.com\/www.xn--bgerogting-0cb.dk\/wp-content\/uploads\/2019\/10\/webicon.png?fit=205%2C205&ssl=1","width":205,"height":205,"caption":"B\u00f8ger og Ting"},"image":{"@id":"https:\/\/www.xn--bgerogting-0cb.dk\/#\/schema\/logo\/image\/"},"sameAs":["https:\/\/www.facebook.com\/boegerogting\/","https:\/\/www.instagram.com\/bogerogting\/"]}]},"product_price_amount":"125.00","product_price_currency":"DKK","og_availability":"instock","product_availability":"instock","product_retailer_item_id":"9410","product_condition":"new"},"jetpack_sharing_enabled":true,"_links":{"self":[{"href":"https:\/\/www.xn--bgerogting-0cb.dk\/index.php\/wp-json\/wp\/v2\/product\/15688","targetHints":{"allow":["GET"]}}],"collection":[{"href":"https:\/\/www.xn--bgerogting-0cb.dk\/index.php\/wp-json\/wp\/v2\/product"}],"about":[{"href":"https:\/\/www.xn--bgerogting-0cb.dk\/index.php\/wp-json\/wp\/v2\/types\/product"}],"wp:featuredmedia":[{"embeddable":true,"href":"https:\/\/www.xn--bgerogting-0cb.dk\/index.php\/wp-json\/wp\/v2\/media\/15689"}],"wp:attachment":[{"href":"https:\/\/www.xn--bgerogting-0cb.dk\/index.php\/wp-json\/wp\/v2\/media?parent=15688"}],"wp:term":[{"taxonomy":"product_brand","embeddable":true,"href":"https:\/\/www.xn--bgerogting-0cb.dk\/index.php\/wp-json\/wp\/v2\/product_brand?post=15688"},{"taxonomy":"product_cat","embeddable":true,"href":"https:\/\/www.xn--bgerogting-0cb.dk\/index.php\/wp-json\/wp\/v2\/product_cat?post=15688"},{"taxonomy":"product_tag","embeddable":true,"href":"https:\/\/www.xn--bgerogting-0cb.dk\/index.php\/wp-json\/wp\/v2\/product_tag?post=15688"}],"curies":[{"name":"wp","href":"https:\/\/api.w.org\/{rel}","templated":true}]}}