{"id":15246,"date":"2023-11-07T22:04:08","date_gmt":"2023-11-07T21:04:08","guid":{"rendered":"https:\/\/www.xn--bgerogting-0cb.dk\/?post_type=product&#038;p=15246"},"modified":"2023-11-07T22:05:05","modified_gmt":"2023-11-07T21:05:05","slug":"shamran-den-som-kommer-af-bjarne-reuter","status":"publish","type":"product","link":"https:\/\/www.xn--bgerogting-0cb.dk\/index.php\/vare\/shamran-den-som-kommer-af-bjarne-reuter\/","title":{"rendered":"Shamran &#8211; den som kommer af Bjarne Reuter"},"content":{"rendered":"<p>Shamran &#8211; den som kommer af Bjarne Reuter.<br \/>\nGyldendal, 2008 &#8211; 4. udgave, 3. oplag &#8211; 313 sider &#8211; H\u00e6ftet med hardcover.<br \/>\nF\u00f8rsteudgave 1985.<br \/>\nBogen er i god stand kun med lette brugsspor p\u00e5 bindet.<\/p>\n<p>Klassisk og tidlig dansk fantasybog.<br \/>\n&#8220;Drengen Filip er syg &#8211; faktisk s\u00e5 er han d\u00f8dsyg. I familiens nye hus opdager han et k\u00e6mpemaleri, som virker dragende p\u00e5 ham. En nat tr\u00e6der tre m\u00e6nd ud af billedet og tager ham med til landet Tronn, hvis m\u00e6gtige hersker, ingen har set, og hvis indbyggere enten er d\u00f8ve, stumme eller blinde&#8221;.<\/p>\n","protected":false},"excerpt":{"rendered":"<p>Shamran &#8211;\u00a0 den som kommer af Bjarne Reuter.<br \/>\nGyldendal, 2008 &#8211; 4. udgave, 3. oplag &#8211; 313 sider &#8211; H\u00e6ftet med hardcover.<br \/>\nF\u00f8rsteudgave udkom i 1985.<br \/>\nBogen er i god stand kun med lette brugsspor (fine ridser) p\u00e5 bindet.<\/p>\n<p>Klassisk og tidlig dansk fantasybog.<br \/>\n&#8220;Drengen Filip er syg &#8211; faktisk s\u00e5 er han d\u00f8dsyg. I familiens nye hus opdager han et k\u00e6mpemaleri, som virker dragende p\u00e5 ham. En nat tr\u00e6der tre m\u00e6nd ud af billedet og tager ham med til landet Tronn, hvis m\u00e6gtige hersker, ingen har set, og hvis indbyggere enten er d\u00f8ve, stumme eller blinde&#8221;.<\/p>\n","protected":false},"featured_media":15250,"template":"","meta":[],"product_brand":[],"product_cat":[85,126,27,1435,110,35],"product_tag":[1471,55],"class_list":{"0":"post-15246","1":"product","2":"type-product","3":"status-publish","4":"has-post-thumbnail","6":"product_cat-alle-tiders-boerneboeger-1980-1989","7":"product_cat-alle-tiders-boerneboeger-2000-2009","8":"product_cat-boeger","9":"product_cat-boerneromaer","10":"product_cat-eventyr","11":"product_cat-barneboger","12":"product_tag-bjarne-reuter","13":"product_tag-boernebogsklassiker","15":"first","16":"instock","17":"shipping-taxable","18":"purchasable","19":"product-type-simple"},"yoast_head":"<!-- This site is optimized with the Yoast SEO Premium plugin v27.4 (Yoast SEO v27.5) - https:\/\/yoast.com\/product\/yoast-seo-premium-wordpress\/ -->\n<title>Shamran - den som kommer af Bjarne Reuter - B\u00f8ger og Ting<\/title>\n<meta name=\"description\" content=\"Shamran -\u00a0 den som kommer af Bjarne Reuter - Gyldendal, 2008 - 4. udgave- 313 sider - H\u00e6ftet med hardcover - God stand.\" \/>\n<meta name=\"robots\" content=\"index, follow, max-snippet:-1, max-image-preview:large, max-video-preview:-1\" \/>\n<link rel=\"canonical\" href=\"https:\/\/www.xn--bgerogting-0cb.dk\/index.php\/vare\/shamran-den-som-kommer-af-bjarne-reuter\/\" \/>\n<meta property=\"og:locale\" content=\"da_DK\" \/>\n<meta property=\"og:type\" content=\"article\" \/>\n<meta property=\"og:title\" content=\"Shamran - den som kommer af Bjarne Reuter\" \/>\n<meta property=\"og:description\" content=\"Shamran -\u00a0 den som kommer af Bjarne Reuter - Gyldendal, 2008 - 4. udgave- 313 sider - H\u00e6ftet med hardcover - God stand.\" \/>\n<meta property=\"og:url\" content=\"https:\/\/www.xn--bgerogting-0cb.dk\/index.php\/vare\/shamran-den-som-kommer-af-bjarne-reuter\/\" \/>\n<meta property=\"og:site_name\" content=\"B\u00f8ger og Ting\" \/>\n<meta property=\"article:publisher\" content=\"https:\/\/www.facebook.com\/boegerogting\/\" \/>\n<meta property=\"article:modified_time\" content=\"2023-11-07T21:05:05+00:00\" \/>\n<meta property=\"og:image\" content=\"https:\/\/www.xn--bgerogting-0cb.dk\/wp-content\/uploads\/2023\/11\/Shamran-den-som-kommer-af-Bjarne-Reuter.jpg\" \/>\n\t<meta property=\"og:image:width\" content=\"1920\" \/>\n\t<meta property=\"og:image:height\" content=\"1920\" \/>\n\t<meta property=\"og:image:type\" content=\"image\/jpeg\" \/>\n<meta name=\"twitter:card\" content=\"summary_large_image\" \/>\n<meta name=\"twitter:label1\" content=\"Pris\" \/>\n\t<meta name=\"twitter:data1\" content=\"kr.&nbsp;100,00\" \/>\n\t<meta name=\"twitter:label2\" content=\"Tilg\u00e6ngelighed\" \/>\n\t<meta name=\"twitter:data2\" content=\"P\u00e5 lager\" \/>\n<script type=\"application\/ld+json\" class=\"yoast-schema-graph\">{\"@context\":\"https:\\\/\\\/schema.org\",\"@graph\":[{\"@type\":\"WebPage\",\"@id\":\"https:\\\/\\\/www.xn--bgerogting-0cb.dk\\\/index.php\\\/vare\\\/shamran-den-som-kommer-af-bjarne-reuter\\\/\",\"url\":\"https:\\\/\\\/www.xn--bgerogting-0cb.dk\\\/index.php\\\/vare\\\/shamran-den-som-kommer-af-bjarne-reuter\\\/\",\"name\":\"Shamran - den som kommer af Bjarne Reuter - B\u00f8ger og Ting\",\"isPartOf\":{\"@id\":\"https:\\\/\\\/www.xn--bgerogting-0cb.dk\\\/#website\"},\"primaryImageOfPage\":{\"@id\":\"https:\\\/\\\/www.xn--bgerogting-0cb.dk\\\/index.php\\\/vare\\\/shamran-den-som-kommer-af-bjarne-reuter\\\/#primaryimage\"},\"image\":{\"@id\":\"https:\\\/\\\/www.xn--bgerogting-0cb.dk\\\/index.php\\\/vare\\\/shamran-den-som-kommer-af-bjarne-reuter\\\/#primaryimage\"},\"thumbnailUrl\":\"https:\\\/\\\/i0.wp.com\\\/www.xn--bgerogting-0cb.dk\\\/wp-content\\\/uploads\\\/2023\\\/11\\\/Shamran-den-som-kommer-af-Bjarne-Reuter.jpg?fit=1920%2C1920&ssl=1\",\"datePublished\":\"2023-11-07T21:04:08+00:00\",\"dateModified\":\"2023-11-07T21:05:05+00:00\",\"description\":\"Shamran -\u00a0 den som kommer af Bjarne Reuter - Gyldendal, 2008 - 4. udgave- 313 sider - H\u00e6ftet med hardcover - God stand.\",\"breadcrumb\":{\"@id\":\"https:\\\/\\\/www.xn--bgerogting-0cb.dk\\\/index.php\\\/vare\\\/shamran-den-som-kommer-af-bjarne-reuter\\\/#breadcrumb\"},\"inLanguage\":\"da-DK\",\"potentialAction\":[{\"@type\":\"ReadAction\",\"target\":[\"https:\\\/\\\/www.xn--bgerogting-0cb.dk\\\/index.php\\\/vare\\\/shamran-den-som-kommer-af-bjarne-reuter\\\/\"]}]},{\"@type\":\"ImageObject\",\"inLanguage\":\"da-DK\",\"@id\":\"https:\\\/\\\/www.xn--bgerogting-0cb.dk\\\/index.php\\\/vare\\\/shamran-den-som-kommer-af-bjarne-reuter\\\/#primaryimage\",\"url\":\"https:\\\/\\\/i0.wp.com\\\/www.xn--bgerogting-0cb.dk\\\/wp-content\\\/uploads\\\/2023\\\/11\\\/Shamran-den-som-kommer-af-Bjarne-Reuter.jpg?fit=1920%2C1920&ssl=1\",\"contentUrl\":\"https:\\\/\\\/i0.wp.com\\\/www.xn--bgerogting-0cb.dk\\\/wp-content\\\/uploads\\\/2023\\\/11\\\/Shamran-den-som-kommer-af-Bjarne-Reuter.jpg?fit=1920%2C1920&ssl=1\",\"width\":1920,\"height\":1920,\"caption\":\"Shamran - den som kommer af Bjarne Reuter\"},{\"@type\":\"BreadcrumbList\",\"@id\":\"https:\\\/\\\/www.xn--bgerogting-0cb.dk\\\/index.php\\\/vare\\\/shamran-den-som-kommer-af-bjarne-reuter\\\/#breadcrumb\",\"itemListElement\":[{\"@type\":\"ListItem\",\"position\":1,\"name\":\"Home\",\"item\":\"https:\\\/\\\/www.xn--bgerogting-0cb.dk\\\/\"},{\"@type\":\"ListItem\",\"position\":2,\"name\":\"Butik\",\"item\":\"https:\\\/\\\/www.xn--bgerogting-0cb.dk\\\/index.php\\\/shop\\\/\"},{\"@type\":\"ListItem\",\"position\":3,\"name\":\"Shamran &#8211; den som kommer af Bjarne Reuter\"}]},{\"@type\":\"WebSite\",\"@id\":\"https:\\\/\\\/www.xn--bgerogting-0cb.dk\\\/#website\",\"url\":\"https:\\\/\\\/www.xn--bgerogting-0cb.dk\\\/\",\"name\":\"B\u00f8ger og Ting\",\"description\":\"Antikvarisk, retro, vintage og antik\",\"publisher\":{\"@id\":\"https:\\\/\\\/www.xn--bgerogting-0cb.dk\\\/#organization\"},\"potentialAction\":[{\"@type\":\"SearchAction\",\"target\":{\"@type\":\"EntryPoint\",\"urlTemplate\":\"https:\\\/\\\/www.xn--bgerogting-0cb.dk\\\/?s={search_term_string}\"},\"query-input\":{\"@type\":\"PropertyValueSpecification\",\"valueRequired\":true,\"valueName\":\"search_term_string\"}}],\"inLanguage\":\"da-DK\"},{\"@type\":\"Organization\",\"@id\":\"https:\\\/\\\/www.xn--bgerogting-0cb.dk\\\/#organization\",\"name\":\"B\u00f8ger og Ting\",\"url\":\"https:\\\/\\\/www.xn--bgerogting-0cb.dk\\\/\",\"logo\":{\"@type\":\"ImageObject\",\"inLanguage\":\"da-DK\",\"@id\":\"https:\\\/\\\/www.xn--bgerogting-0cb.dk\\\/#\\\/schema\\\/logo\\\/image\\\/\",\"url\":\"https:\\\/\\\/i0.wp.com\\\/www.xn--bgerogting-0cb.dk\\\/wp-content\\\/uploads\\\/2019\\\/10\\\/webicon.png?fit=205%2C205&ssl=1\",\"contentUrl\":\"https:\\\/\\\/i0.wp.com\\\/www.xn--bgerogting-0cb.dk\\\/wp-content\\\/uploads\\\/2019\\\/10\\\/webicon.png?fit=205%2C205&ssl=1\",\"width\":205,\"height\":205,\"caption\":\"B\u00f8ger og Ting\"},\"image\":{\"@id\":\"https:\\\/\\\/www.xn--bgerogting-0cb.dk\\\/#\\\/schema\\\/logo\\\/image\\\/\"},\"sameAs\":[\"https:\\\/\\\/www.facebook.com\\\/boegerogting\\\/\",\"https:\\\/\\\/www.instagram.com\\\/bogerogting\\\/\"]}]}<\/script>\n<meta property=\"product:price:amount\" content=\"100.00\" \/>\n<meta property=\"product:price:currency\" content=\"DKK\" \/>\n<meta property=\"og:availability\" content=\"instock\" \/>\n<meta property=\"product:availability\" content=\"instock\" \/>\n<meta property=\"product:retailer_item_id\" content=\"9974\" \/>\n<meta property=\"product:condition\" content=\"new\" \/>\n<!-- \/ Yoast SEO Premium plugin. -->","yoast_head_json":{"title":"Shamran - den som kommer af Bjarne Reuter - B\u00f8ger og Ting","description":"Shamran -\u00a0 den som kommer af Bjarne Reuter - Gyldendal, 2008 - 4. udgave- 313 sider - H\u00e6ftet med hardcover - God stand.","robots":{"index":"index","follow":"follow","max-snippet":"max-snippet:-1","max-image-preview":"max-image-preview:large","max-video-preview":"max-video-preview:-1"},"canonical":"https:\/\/www.xn--bgerogting-0cb.dk\/index.php\/vare\/shamran-den-som-kommer-af-bjarne-reuter\/","og_locale":"da_DK","og_type":"article","og_title":"Shamran - den som kommer af Bjarne Reuter","og_description":"Shamran -\u00a0 den som kommer af Bjarne Reuter - Gyldendal, 2008 - 4. udgave- 313 sider - H\u00e6ftet med hardcover - God stand.","og_url":"https:\/\/www.xn--bgerogting-0cb.dk\/index.php\/vare\/shamran-den-som-kommer-af-bjarne-reuter\/","og_site_name":"B\u00f8ger og Ting","article_publisher":"https:\/\/www.facebook.com\/boegerogting\/","article_modified_time":"2023-11-07T21:05:05+00:00","og_image":[{"width":1920,"height":1920,"url":"https:\/\/www.xn--bgerogting-0cb.dk\/wp-content\/uploads\/2023\/11\/Shamran-den-som-kommer-af-Bjarne-Reuter.jpg","type":"image\/jpeg"}],"twitter_card":"summary_large_image","twitter_misc":{"Pris":"kr.&nbsp;100,00","Tilg\u00e6ngelighed":"P\u00e5 lager"},"schema":{"@context":"https:\/\/schema.org","@graph":[{"@type":"WebPage","@id":"https:\/\/www.xn--bgerogting-0cb.dk\/index.php\/vare\/shamran-den-som-kommer-af-bjarne-reuter\/","url":"https:\/\/www.xn--bgerogting-0cb.dk\/index.php\/vare\/shamran-den-som-kommer-af-bjarne-reuter\/","name":"Shamran - den som kommer af Bjarne Reuter - B\u00f8ger og Ting","isPartOf":{"@id":"https:\/\/www.xn--bgerogting-0cb.dk\/#website"},"primaryImageOfPage":{"@id":"https:\/\/www.xn--bgerogting-0cb.dk\/index.php\/vare\/shamran-den-som-kommer-af-bjarne-reuter\/#primaryimage"},"image":{"@id":"https:\/\/www.xn--bgerogting-0cb.dk\/index.php\/vare\/shamran-den-som-kommer-af-bjarne-reuter\/#primaryimage"},"thumbnailUrl":"https:\/\/i0.wp.com\/www.xn--bgerogting-0cb.dk\/wp-content\/uploads\/2023\/11\/Shamran-den-som-kommer-af-Bjarne-Reuter.jpg?fit=1920%2C1920&ssl=1","datePublished":"2023-11-07T21:04:08+00:00","dateModified":"2023-11-07T21:05:05+00:00","description":"Shamran -\u00a0 den som kommer af Bjarne Reuter - Gyldendal, 2008 - 4. udgave- 313 sider - H\u00e6ftet med hardcover - God stand.","breadcrumb":{"@id":"https:\/\/www.xn--bgerogting-0cb.dk\/index.php\/vare\/shamran-den-som-kommer-af-bjarne-reuter\/#breadcrumb"},"inLanguage":"da-DK","potentialAction":[{"@type":"ReadAction","target":["https:\/\/www.xn--bgerogting-0cb.dk\/index.php\/vare\/shamran-den-som-kommer-af-bjarne-reuter\/"]}]},{"@type":"ImageObject","inLanguage":"da-DK","@id":"https:\/\/www.xn--bgerogting-0cb.dk\/index.php\/vare\/shamran-den-som-kommer-af-bjarne-reuter\/#primaryimage","url":"https:\/\/i0.wp.com\/www.xn--bgerogting-0cb.dk\/wp-content\/uploads\/2023\/11\/Shamran-den-som-kommer-af-Bjarne-Reuter.jpg?fit=1920%2C1920&ssl=1","contentUrl":"https:\/\/i0.wp.com\/www.xn--bgerogting-0cb.dk\/wp-content\/uploads\/2023\/11\/Shamran-den-som-kommer-af-Bjarne-Reuter.jpg?fit=1920%2C1920&ssl=1","width":1920,"height":1920,"caption":"Shamran - den som kommer af Bjarne Reuter"},{"@type":"BreadcrumbList","@id":"https:\/\/www.xn--bgerogting-0cb.dk\/index.php\/vare\/shamran-den-som-kommer-af-bjarne-reuter\/#breadcrumb","itemListElement":[{"@type":"ListItem","position":1,"name":"Home","item":"https:\/\/www.xn--bgerogting-0cb.dk\/"},{"@type":"ListItem","position":2,"name":"Butik","item":"https:\/\/www.xn--bgerogting-0cb.dk\/index.php\/shop\/"},{"@type":"ListItem","position":3,"name":"Shamran &#8211; den som kommer af Bjarne Reuter"}]},{"@type":"WebSite","@id":"https:\/\/www.xn--bgerogting-0cb.dk\/#website","url":"https:\/\/www.xn--bgerogting-0cb.dk\/","name":"B\u00f8ger og Ting","description":"Antikvarisk, retro, vintage og antik","publisher":{"@id":"https:\/\/www.xn--bgerogting-0cb.dk\/#organization"},"potentialAction":[{"@type":"SearchAction","target":{"@type":"EntryPoint","urlTemplate":"https:\/\/www.xn--bgerogting-0cb.dk\/?s={search_term_string}"},"query-input":{"@type":"PropertyValueSpecification","valueRequired":true,"valueName":"search_term_string"}}],"inLanguage":"da-DK"},{"@type":"Organization","@id":"https:\/\/www.xn--bgerogting-0cb.dk\/#organization","name":"B\u00f8ger og Ting","url":"https:\/\/www.xn--bgerogting-0cb.dk\/","logo":{"@type":"ImageObject","inLanguage":"da-DK","@id":"https:\/\/www.xn--bgerogting-0cb.dk\/#\/schema\/logo\/image\/","url":"https:\/\/i0.wp.com\/www.xn--bgerogting-0cb.dk\/wp-content\/uploads\/2019\/10\/webicon.png?fit=205%2C205&ssl=1","contentUrl":"https:\/\/i0.wp.com\/www.xn--bgerogting-0cb.dk\/wp-content\/uploads\/2019\/10\/webicon.png?fit=205%2C205&ssl=1","width":205,"height":205,"caption":"B\u00f8ger og Ting"},"image":{"@id":"https:\/\/www.xn--bgerogting-0cb.dk\/#\/schema\/logo\/image\/"},"sameAs":["https:\/\/www.facebook.com\/boegerogting\/","https:\/\/www.instagram.com\/bogerogting\/"]}]},"product_price_amount":"100.00","product_price_currency":"DKK","og_availability":"instock","product_availability":"instock","product_retailer_item_id":"9974","product_condition":"new"},"jetpack_sharing_enabled":true,"_links":{"self":[{"href":"https:\/\/www.xn--bgerogting-0cb.dk\/index.php\/wp-json\/wp\/v2\/product\/15246","targetHints":{"allow":["GET"]}}],"collection":[{"href":"https:\/\/www.xn--bgerogting-0cb.dk\/index.php\/wp-json\/wp\/v2\/product"}],"about":[{"href":"https:\/\/www.xn--bgerogting-0cb.dk\/index.php\/wp-json\/wp\/v2\/types\/product"}],"wp:featuredmedia":[{"embeddable":true,"href":"https:\/\/www.xn--bgerogting-0cb.dk\/index.php\/wp-json\/wp\/v2\/media\/15250"}],"wp:attachment":[{"href":"https:\/\/www.xn--bgerogting-0cb.dk\/index.php\/wp-json\/wp\/v2\/media?parent=15246"}],"wp:term":[{"taxonomy":"product_brand","embeddable":true,"href":"https:\/\/www.xn--bgerogting-0cb.dk\/index.php\/wp-json\/wp\/v2\/product_brand?post=15246"},{"taxonomy":"product_cat","embeddable":true,"href":"https:\/\/www.xn--bgerogting-0cb.dk\/index.php\/wp-json\/wp\/v2\/product_cat?post=15246"},{"taxonomy":"product_tag","embeddable":true,"href":"https:\/\/www.xn--bgerogting-0cb.dk\/index.php\/wp-json\/wp\/v2\/product_tag?post=15246"}],"curies":[{"name":"wp","href":"https:\/\/api.w.org\/{rel}","templated":true}]}}