{"id":15245,"date":"2023-11-07T22:24:47","date_gmt":"2023-11-07T21:24:47","guid":{"rendered":"https:\/\/www.xn--bgerogting-0cb.dk\/?post_type=product&#038;p=15245"},"modified":"2025-01-30T20:40:56","modified_gmt":"2025-01-30T19:40:56","slug":"the-little-sail-boat-by-lois-lenski","status":"publish","type":"product","link":"https:\/\/www.xn--bgerogting-0cb.dk\/index.php\/vare\/the-little-sail-boat-by-lois-lenski\/","title":{"rendered":"The Little Sail Boat by Lois Lenski"},"content":{"rendered":"<p>The Little Sail Boat by Lois Lenski.<br \/>\nOxford University Press, 1954 &#8211; 12. printing &#8211; H\u00e6ftet med shirtingbind og smudsomslag.<br \/>\nBogen er i fin stand, kun med lette brugsspor p\u00e5 l\u00e6rredsbindet. Smudsbindet er slidt. Ejernavn p\u00e5 forsats.<\/p>\n<p>Fine, enkle og klassiske Lenski-illustrationer.<br \/>\n&#8220;Mr. Small has a little boat of his own. A this is the story of one day when he and his dog go fishing. It turns out to be a exciting day for fishing and sailing in a <strong>little<\/strong> boat.&#8221;<\/p>\n<p>Lois Lenski var en ber\u00f8mt og prisbel\u00f8nnet amerikansk b\u00f8rnebogsforfatter og illustrator (1893 &#8211; 1974). Hun fik udgivet t\u00e6t p\u00e5 100 b\u00f8rneb\u00f8ger, hvoraf flere er oversat til dansk.<br \/>\nHun lavede en hel serie om Mr. Small og alle hans transportmidler: Bil, flyvemaskine, tog &#8230;<\/p>\n","protected":false},"excerpt":{"rendered":"<p>The Little Sail Boat by Lois Lenski.<br \/>\nOxford University Press, 1954 &#8211; 12. printing &#8211; H\u00e6ftet med shirtingbind og smudsomslag.<br \/>\nBogen udkom f\u00f8rste gang i 1937.<br \/>\nFin stand, kun med lette brugsspor p\u00e5 l\u00e6rredsbindet. Smudsbindet er slidt.<\/p>\n<p>Fine, enkle og klassiske Lenski-illustrationer. Hun lavede en hel serie om Mr. Small og alle hans transportmidler: Bil, flyvemaskine, tog &#8230;<br \/>\n&#8220;Mr. Small has a little boat of his own. A this is the story of one day when he and his dog go fishing. It turns out to be a exciting day for fishing and sailing in a <strong>little<\/strong> boat.&#8221;<\/p>\n<p>Lois Lenski var en ber\u00f8mt og prisbel\u00f8nnet amerikansk b\u00f8rnebogsforfatter og illustrator (1893 \u2013 1974). Hun fik udgivet t\u00e6t p\u00e5 100 b\u00f8rneb\u00f8ger, hvoraf flere er oversat til dansk.<\/p>\n","protected":false},"featured_media":15262,"template":"","meta":[],"product_brand":[],"product_cat":[150,57,1523,27,1629,35],"product_tag":[219,108,1196],"class_list":{"0":"post-15245","1":"product","2":"type-product","3":"status-publish","4":"has-post-thumbnail","6":"product_cat-alle-tiders-boerneboeger-1930-1939","7":"product_cat-alle-tiders-boerneboeger-1950-1959","8":"product_cat-books-in-english-boeger","9":"product_cat-boeger","10":"product_cat-andre-sprog","11":"product_cat-barneboger","12":"product_tag-amerikansk","13":"product_tag-billedbogsklassiker","14":"product_tag-lois-lenski","16":"first","17":"instock","18":"shipping-taxable","19":"purchasable","20":"product-type-simple"},"yoast_head":"<!-- This site is optimized with the Yoast SEO Premium plugin v26.9 (Yoast SEO v27.4) - https:\/\/yoast.com\/product\/yoast-seo-premium-wordpress\/ -->\n<title>The Little Sail Boat by Lois Lenski - B\u00f8ger og Ting<\/title>\n<meta name=\"description\" content=\"The Little Sail Boat by Lois Lenski - Oxford University Press, 1954 - 12. printing - H\u00e6ftet med shirtingbind og smudsomslag - Bogen er i fin stand,\" \/>\n<meta name=\"robots\" content=\"index, follow, max-snippet:-1, max-image-preview:large, max-video-preview:-1\" \/>\n<link rel=\"canonical\" href=\"https:\/\/www.xn--bgerogting-0cb.dk\/index.php\/vare\/the-little-sail-boat-by-lois-lenski\/\" \/>\n<meta property=\"og:locale\" content=\"da_DK\" \/>\n<meta property=\"og:type\" content=\"article\" \/>\n<meta property=\"og:title\" content=\"The Little Sail Boat by Lois Lenski\" \/>\n<meta property=\"og:description\" content=\"The Little Sail Boat by Lois Lenski - Oxford University Press, 1954 - 12. printing - H\u00e6ftet med shirtingbind og smudsomslag - Bogen er i fin stand,\" \/>\n<meta property=\"og:url\" content=\"https:\/\/www.xn--bgerogting-0cb.dk\/index.php\/vare\/the-little-sail-boat-by-lois-lenski\/\" \/>\n<meta property=\"og:site_name\" content=\"B\u00f8ger og Ting\" \/>\n<meta property=\"article:publisher\" content=\"https:\/\/www.facebook.com\/boegerogting\/\" \/>\n<meta property=\"article:modified_time\" content=\"2025-01-30T19:40:56+00:00\" \/>\n<meta property=\"og:image\" content=\"https:\/\/www.xn--bgerogting-0cb.dk\/wp-content\/uploads\/2023\/11\/The-Little-Sail-Boat-by-Lois-Lenski.jpg\" \/>\n\t<meta property=\"og:image:width\" content=\"1920\" \/>\n\t<meta property=\"og:image:height\" content=\"1920\" \/>\n\t<meta property=\"og:image:type\" content=\"image\/jpeg\" \/>\n<meta name=\"twitter:card\" content=\"summary_large_image\" \/>\n<meta name=\"twitter:label1\" content=\"Pris\" \/>\n\t<meta name=\"twitter:data1\" content=\"kr.&nbsp;125,00\" \/>\n\t<meta name=\"twitter:label2\" content=\"Tilg\u00e6ngelighed\" \/>\n\t<meta name=\"twitter:data2\" content=\"P\u00e5 lager\" \/>\n<script type=\"application\/ld+json\" class=\"yoast-schema-graph\">{\"@context\":\"https:\\\/\\\/schema.org\",\"@graph\":[{\"@type\":\"WebPage\",\"@id\":\"https:\\\/\\\/www.xn--bgerogting-0cb.dk\\\/index.php\\\/vare\\\/the-little-sail-boat-by-lois-lenski\\\/\",\"url\":\"https:\\\/\\\/www.xn--bgerogting-0cb.dk\\\/index.php\\\/vare\\\/the-little-sail-boat-by-lois-lenski\\\/\",\"name\":\"The Little Sail Boat by Lois Lenski - B\u00f8ger og Ting\",\"isPartOf\":{\"@id\":\"https:\\\/\\\/www.xn--bgerogting-0cb.dk\\\/#website\"},\"primaryImageOfPage\":{\"@id\":\"https:\\\/\\\/www.xn--bgerogting-0cb.dk\\\/index.php\\\/vare\\\/the-little-sail-boat-by-lois-lenski\\\/#primaryimage\"},\"image\":{\"@id\":\"https:\\\/\\\/www.xn--bgerogting-0cb.dk\\\/index.php\\\/vare\\\/the-little-sail-boat-by-lois-lenski\\\/#primaryimage\"},\"thumbnailUrl\":\"https:\\\/\\\/i0.wp.com\\\/www.xn--bgerogting-0cb.dk\\\/wp-content\\\/uploads\\\/2023\\\/11\\\/The-Little-Sail-Boat-by-Lois-Lenski.jpg?fit=1920%2C1920&ssl=1\",\"datePublished\":\"2023-11-07T21:24:47+00:00\",\"dateModified\":\"2025-01-30T19:40:56+00:00\",\"description\":\"The Little Sail Boat by Lois Lenski - Oxford University Press, 1954 - 12. printing - H\u00e6ftet med shirtingbind og smudsomslag - Bogen er i fin stand,\",\"breadcrumb\":{\"@id\":\"https:\\\/\\\/www.xn--bgerogting-0cb.dk\\\/index.php\\\/vare\\\/the-little-sail-boat-by-lois-lenski\\\/#breadcrumb\"},\"inLanguage\":\"da-DK\",\"potentialAction\":[{\"@type\":\"ReadAction\",\"target\":[\"https:\\\/\\\/www.xn--bgerogting-0cb.dk\\\/index.php\\\/vare\\\/the-little-sail-boat-by-lois-lenski\\\/\"]}]},{\"@type\":\"ImageObject\",\"inLanguage\":\"da-DK\",\"@id\":\"https:\\\/\\\/www.xn--bgerogting-0cb.dk\\\/index.php\\\/vare\\\/the-little-sail-boat-by-lois-lenski\\\/#primaryimage\",\"url\":\"https:\\\/\\\/i0.wp.com\\\/www.xn--bgerogting-0cb.dk\\\/wp-content\\\/uploads\\\/2023\\\/11\\\/The-Little-Sail-Boat-by-Lois-Lenski.jpg?fit=1920%2C1920&ssl=1\",\"contentUrl\":\"https:\\\/\\\/i0.wp.com\\\/www.xn--bgerogting-0cb.dk\\\/wp-content\\\/uploads\\\/2023\\\/11\\\/The-Little-Sail-Boat-by-Lois-Lenski.jpg?fit=1920%2C1920&ssl=1\",\"width\":1920,\"height\":1920,\"caption\":\"The Little Sail Boat by Lois Lenski\"},{\"@type\":\"BreadcrumbList\",\"@id\":\"https:\\\/\\\/www.xn--bgerogting-0cb.dk\\\/index.php\\\/vare\\\/the-little-sail-boat-by-lois-lenski\\\/#breadcrumb\",\"itemListElement\":[{\"@type\":\"ListItem\",\"position\":1,\"name\":\"Home\",\"item\":\"https:\\\/\\\/www.xn--bgerogting-0cb.dk\\\/\"},{\"@type\":\"ListItem\",\"position\":2,\"name\":\"Butik\",\"item\":\"https:\\\/\\\/www.xn--bgerogting-0cb.dk\\\/index.php\\\/shop\\\/\"},{\"@type\":\"ListItem\",\"position\":3,\"name\":\"The Little Sail Boat by Lois Lenski\"}]},{\"@type\":\"WebSite\",\"@id\":\"https:\\\/\\\/www.xn--bgerogting-0cb.dk\\\/#website\",\"url\":\"https:\\\/\\\/www.xn--bgerogting-0cb.dk\\\/\",\"name\":\"B\u00f8ger og Ting\",\"description\":\"Antikvarisk, retro, vintage og antik\",\"publisher\":{\"@id\":\"https:\\\/\\\/www.xn--bgerogting-0cb.dk\\\/#organization\"},\"potentialAction\":[{\"@type\":\"SearchAction\",\"target\":{\"@type\":\"EntryPoint\",\"urlTemplate\":\"https:\\\/\\\/www.xn--bgerogting-0cb.dk\\\/?s={search_term_string}\"},\"query-input\":{\"@type\":\"PropertyValueSpecification\",\"valueRequired\":true,\"valueName\":\"search_term_string\"}}],\"inLanguage\":\"da-DK\"},{\"@type\":\"Organization\",\"@id\":\"https:\\\/\\\/www.xn--bgerogting-0cb.dk\\\/#organization\",\"name\":\"B\u00f8ger og Ting\",\"url\":\"https:\\\/\\\/www.xn--bgerogting-0cb.dk\\\/\",\"logo\":{\"@type\":\"ImageObject\",\"inLanguage\":\"da-DK\",\"@id\":\"https:\\\/\\\/www.xn--bgerogting-0cb.dk\\\/#\\\/schema\\\/logo\\\/image\\\/\",\"url\":\"https:\\\/\\\/i0.wp.com\\\/www.xn--bgerogting-0cb.dk\\\/wp-content\\\/uploads\\\/2019\\\/10\\\/webicon.png?fit=205%2C205&ssl=1\",\"contentUrl\":\"https:\\\/\\\/i0.wp.com\\\/www.xn--bgerogting-0cb.dk\\\/wp-content\\\/uploads\\\/2019\\\/10\\\/webicon.png?fit=205%2C205&ssl=1\",\"width\":205,\"height\":205,\"caption\":\"B\u00f8ger og Ting\"},\"image\":{\"@id\":\"https:\\\/\\\/www.xn--bgerogting-0cb.dk\\\/#\\\/schema\\\/logo\\\/image\\\/\"},\"sameAs\":[\"https:\\\/\\\/www.facebook.com\\\/boegerogting\\\/\",\"https:\\\/\\\/www.instagram.com\\\/bogerogting\\\/\"]}]}<\/script>\n<meta property=\"product:price:amount\" content=\"125.00\" \/>\n<meta property=\"product:price:currency\" content=\"DKK\" \/>\n<meta property=\"og:availability\" content=\"instock\" \/>\n<meta property=\"product:availability\" content=\"instock\" \/>\n<meta property=\"product:retailer_item_id\" content=\"9502\" \/>\n<meta property=\"product:condition\" content=\"new\" \/>\n<!-- \/ Yoast SEO Premium plugin. -->","yoast_head_json":{"title":"The Little Sail Boat by Lois Lenski - B\u00f8ger og Ting","description":"The Little Sail Boat by Lois Lenski - Oxford University Press, 1954 - 12. printing - H\u00e6ftet med shirtingbind og smudsomslag - Bogen er i fin stand,","robots":{"index":"index","follow":"follow","max-snippet":"max-snippet:-1","max-image-preview":"max-image-preview:large","max-video-preview":"max-video-preview:-1"},"canonical":"https:\/\/www.xn--bgerogting-0cb.dk\/index.php\/vare\/the-little-sail-boat-by-lois-lenski\/","og_locale":"da_DK","og_type":"article","og_title":"The Little Sail Boat by Lois Lenski","og_description":"The Little Sail Boat by Lois Lenski - Oxford University Press, 1954 - 12. printing - H\u00e6ftet med shirtingbind og smudsomslag - Bogen er i fin stand,","og_url":"https:\/\/www.xn--bgerogting-0cb.dk\/index.php\/vare\/the-little-sail-boat-by-lois-lenski\/","og_site_name":"B\u00f8ger og Ting","article_publisher":"https:\/\/www.facebook.com\/boegerogting\/","article_modified_time":"2025-01-30T19:40:56+00:00","og_image":[{"width":1920,"height":1920,"url":"https:\/\/www.xn--bgerogting-0cb.dk\/wp-content\/uploads\/2023\/11\/The-Little-Sail-Boat-by-Lois-Lenski.jpg","type":"image\/jpeg"}],"twitter_card":"summary_large_image","twitter_misc":{"Pris":"kr.&nbsp;125,00","Tilg\u00e6ngelighed":"P\u00e5 lager"},"schema":{"@context":"https:\/\/schema.org","@graph":[{"@type":"WebPage","@id":"https:\/\/www.xn--bgerogting-0cb.dk\/index.php\/vare\/the-little-sail-boat-by-lois-lenski\/","url":"https:\/\/www.xn--bgerogting-0cb.dk\/index.php\/vare\/the-little-sail-boat-by-lois-lenski\/","name":"The Little Sail Boat by Lois Lenski - B\u00f8ger og Ting","isPartOf":{"@id":"https:\/\/www.xn--bgerogting-0cb.dk\/#website"},"primaryImageOfPage":{"@id":"https:\/\/www.xn--bgerogting-0cb.dk\/index.php\/vare\/the-little-sail-boat-by-lois-lenski\/#primaryimage"},"image":{"@id":"https:\/\/www.xn--bgerogting-0cb.dk\/index.php\/vare\/the-little-sail-boat-by-lois-lenski\/#primaryimage"},"thumbnailUrl":"https:\/\/i0.wp.com\/www.xn--bgerogting-0cb.dk\/wp-content\/uploads\/2023\/11\/The-Little-Sail-Boat-by-Lois-Lenski.jpg?fit=1920%2C1920&ssl=1","datePublished":"2023-11-07T21:24:47+00:00","dateModified":"2025-01-30T19:40:56+00:00","description":"The Little Sail Boat by Lois Lenski - Oxford University Press, 1954 - 12. printing - H\u00e6ftet med shirtingbind og smudsomslag - Bogen er i fin stand,","breadcrumb":{"@id":"https:\/\/www.xn--bgerogting-0cb.dk\/index.php\/vare\/the-little-sail-boat-by-lois-lenski\/#breadcrumb"},"inLanguage":"da-DK","potentialAction":[{"@type":"ReadAction","target":["https:\/\/www.xn--bgerogting-0cb.dk\/index.php\/vare\/the-little-sail-boat-by-lois-lenski\/"]}]},{"@type":"ImageObject","inLanguage":"da-DK","@id":"https:\/\/www.xn--bgerogting-0cb.dk\/index.php\/vare\/the-little-sail-boat-by-lois-lenski\/#primaryimage","url":"https:\/\/i0.wp.com\/www.xn--bgerogting-0cb.dk\/wp-content\/uploads\/2023\/11\/The-Little-Sail-Boat-by-Lois-Lenski.jpg?fit=1920%2C1920&ssl=1","contentUrl":"https:\/\/i0.wp.com\/www.xn--bgerogting-0cb.dk\/wp-content\/uploads\/2023\/11\/The-Little-Sail-Boat-by-Lois-Lenski.jpg?fit=1920%2C1920&ssl=1","width":1920,"height":1920,"caption":"The Little Sail Boat by Lois Lenski"},{"@type":"BreadcrumbList","@id":"https:\/\/www.xn--bgerogting-0cb.dk\/index.php\/vare\/the-little-sail-boat-by-lois-lenski\/#breadcrumb","itemListElement":[{"@type":"ListItem","position":1,"name":"Home","item":"https:\/\/www.xn--bgerogting-0cb.dk\/"},{"@type":"ListItem","position":2,"name":"Butik","item":"https:\/\/www.xn--bgerogting-0cb.dk\/index.php\/shop\/"},{"@type":"ListItem","position":3,"name":"The Little Sail Boat by Lois Lenski"}]},{"@type":"WebSite","@id":"https:\/\/www.xn--bgerogting-0cb.dk\/#website","url":"https:\/\/www.xn--bgerogting-0cb.dk\/","name":"B\u00f8ger og Ting","description":"Antikvarisk, retro, vintage og antik","publisher":{"@id":"https:\/\/www.xn--bgerogting-0cb.dk\/#organization"},"potentialAction":[{"@type":"SearchAction","target":{"@type":"EntryPoint","urlTemplate":"https:\/\/www.xn--bgerogting-0cb.dk\/?s={search_term_string}"},"query-input":{"@type":"PropertyValueSpecification","valueRequired":true,"valueName":"search_term_string"}}],"inLanguage":"da-DK"},{"@type":"Organization","@id":"https:\/\/www.xn--bgerogting-0cb.dk\/#organization","name":"B\u00f8ger og Ting","url":"https:\/\/www.xn--bgerogting-0cb.dk\/","logo":{"@type":"ImageObject","inLanguage":"da-DK","@id":"https:\/\/www.xn--bgerogting-0cb.dk\/#\/schema\/logo\/image\/","url":"https:\/\/i0.wp.com\/www.xn--bgerogting-0cb.dk\/wp-content\/uploads\/2019\/10\/webicon.png?fit=205%2C205&ssl=1","contentUrl":"https:\/\/i0.wp.com\/www.xn--bgerogting-0cb.dk\/wp-content\/uploads\/2019\/10\/webicon.png?fit=205%2C205&ssl=1","width":205,"height":205,"caption":"B\u00f8ger og Ting"},"image":{"@id":"https:\/\/www.xn--bgerogting-0cb.dk\/#\/schema\/logo\/image\/"},"sameAs":["https:\/\/www.facebook.com\/boegerogting\/","https:\/\/www.instagram.com\/bogerogting\/"]}]},"product_price_amount":"125.00","product_price_currency":"DKK","og_availability":"instock","product_availability":"instock","product_retailer_item_id":"9502","product_condition":"new"},"jetpack_sharing_enabled":true,"_links":{"self":[{"href":"https:\/\/www.xn--bgerogting-0cb.dk\/index.php\/wp-json\/wp\/v2\/product\/15245","targetHints":{"allow":["GET"]}}],"collection":[{"href":"https:\/\/www.xn--bgerogting-0cb.dk\/index.php\/wp-json\/wp\/v2\/product"}],"about":[{"href":"https:\/\/www.xn--bgerogting-0cb.dk\/index.php\/wp-json\/wp\/v2\/types\/product"}],"wp:featuredmedia":[{"embeddable":true,"href":"https:\/\/www.xn--bgerogting-0cb.dk\/index.php\/wp-json\/wp\/v2\/media\/15262"}],"wp:attachment":[{"href":"https:\/\/www.xn--bgerogting-0cb.dk\/index.php\/wp-json\/wp\/v2\/media?parent=15245"}],"wp:term":[{"taxonomy":"product_brand","embeddable":true,"href":"https:\/\/www.xn--bgerogting-0cb.dk\/index.php\/wp-json\/wp\/v2\/product_brand?post=15245"},{"taxonomy":"product_cat","embeddable":true,"href":"https:\/\/www.xn--bgerogting-0cb.dk\/index.php\/wp-json\/wp\/v2\/product_cat?post=15245"},{"taxonomy":"product_tag","embeddable":true,"href":"https:\/\/www.xn--bgerogting-0cb.dk\/index.php\/wp-json\/wp\/v2\/product_tag?post=15245"}],"curies":[{"name":"wp","href":"https:\/\/api.w.org\/{rel}","templated":true}]}}