{"id":15223,"date":"2023-11-03T16:39:11","date_gmt":"2023-11-03T15:39:11","guid":{"rendered":"https:\/\/www.xn--bgerogting-0cb.dk\/?post_type=product&#038;p=15223"},"modified":"2023-11-05T18:42:26","modified_gmt":"2023-11-05T17:42:26","slug":"mumitrolden-opdager-kometen-af-tove-jansson-sjaelden-bog","status":"publish","type":"product","link":"https:\/\/www.xn--bgerogting-0cb.dk\/index.php\/vare\/mumitrolden-opdager-kometen-af-tove-jansson-sjaelden-bog\/","title":{"rendered":"Mumitrolden opdager kometen af Tove Jansson &#8211; Sj\u00e6lden bog"},"content":{"rendered":"<p>Mumitrolden opdager kometen af Tove Jansson &#8211; F\u00f8rste danske udgave.<br \/>\nEiler Wangels Forlang u.\u00e5. (1954) &#8211; 71 sider &#8211; H\u00e6ftet med kartonbind og l\u00e6rredsryg.<br \/>\nIllustreret af forfatteren i s\/h.<br \/>\nBogen er professionelt repareret.\u00a0 Indvendigt er den fin og ren. Omslaget har lette brugsspor, og bogen har f\u00e5et ny ryg med p\u00e5trykt titel &#8211; se billede.<\/p>\n<p>Historien &#8220;Mumitrolden opdager kometen&#8221; var en del af Tove Janssons f\u00f8rste bog om Mumitroldene: &#8220;Kometjakten<i>&#8220;, <\/i>som blev udgivet i 1946.<br \/>\nMumitroldene har her i f\u00f8rsteudgaven endnu ikke helt f\u00e5et deres trivelige omfang, men er lidt tyndere.<\/p>\n","protected":false},"excerpt":{"rendered":"<p>Mumitrolden opdager kometen af Tove Jansson &#8211; F\u00f8rste danske udgave.<br \/>\nEiler Wangels Forlang u.\u00e5. (1954) &#8211; 71 sider &#8211; H\u00e6ftet med kartonbind og l\u00e6rredsryg.<br \/>\nIllustreret af forfatteren i s\/h.<br \/>\nBogen er professionelt repareret.\u00a0 Indvendigt er den fin og ren. Omslaget har lette brugsspor, og bogen har f\u00e5et ny ryg med p\u00e5trykt titel &#8211; se billede.<\/p>\n<p>Historien &#8220;Mumitrolden opdager kometen&#8221; var oprindeligt en del af Tove Janssons f\u00f8rste bog om Mumitroldene: &#8220;Kometjakten<i>&#8220;, <\/i>som blev udgivet i 1946.<br \/>\nMumitroldene har her i f\u00f8rsteudgaven endnu ikke helt f\u00e5et deres trivelige omfang, men er lidt tyndere.<\/p>\n","protected":false},"featured_media":15240,"template":"","meta":[],"product_brand":[],"product_cat":[57,27,35],"product_tag":[936,1406,261],"class_list":{"0":"post-15223","1":"product","2":"type-product","3":"status-publish","4":"has-post-thumbnail","6":"product_cat-alle-tiders-boerneboeger-1950-1959","7":"product_cat-boeger","8":"product_cat-barneboger","9":"product_tag-finsk","10":"product_tag-mumitroldene","11":"product_tag-tove-jansson","13":"first","14":"outofstock","15":"shipping-taxable","16":"purchasable","17":"product-type-simple"},"yoast_head":"<!-- This site is optimized with the Yoast SEO Premium plugin v27.4 (Yoast SEO v27.5) - https:\/\/yoast.com\/product\/yoast-seo-premium-wordpress\/ -->\n<title>Mumitrolden opdager kometen af Tove Jansson - Sj\u00e6lden bog - B\u00f8ger og Ting<\/title>\n<meta name=\"description\" content=\"Mumitrolden opdager kometen af Tove Jansson - F\u00f8rste danske udgave - Eiler Wangels Forlang u.\u00e5. (1954) - 71 sider - H\u00e6ftet med kartonbind og l\u00e6rredsryg.\" \/>\n<meta name=\"robots\" content=\"index, follow, max-snippet:-1, max-image-preview:large, max-video-preview:-1\" \/>\n<link rel=\"canonical\" href=\"https:\/\/www.xn--bgerogting-0cb.dk\/index.php\/vare\/mumitrolden-opdager-kometen-af-tove-jansson-sjaelden-bog\/\" \/>\n<meta property=\"og:locale\" content=\"da_DK\" \/>\n<meta property=\"og:type\" content=\"article\" \/>\n<meta property=\"og:title\" content=\"Mumitrolden opdager kometen af Tove Jansson - Sj\u00e6lden bog\" \/>\n<meta property=\"og:description\" content=\"Mumitrolden opdager kometen af Tove Jansson - F\u00f8rste danske udgave - Eiler Wangels Forlang u.\u00e5. (1954) - 71 sider - H\u00e6ftet med kartonbind og l\u00e6rredsryg.\" \/>\n<meta property=\"og:url\" content=\"https:\/\/www.xn--bgerogting-0cb.dk\/index.php\/vare\/mumitrolden-opdager-kometen-af-tove-jansson-sjaelden-bog\/\" \/>\n<meta property=\"og:site_name\" content=\"B\u00f8ger og Ting\" \/>\n<meta property=\"article:publisher\" content=\"https:\/\/www.facebook.com\/boegerogting\/\" \/>\n<meta property=\"article:modified_time\" content=\"2023-11-05T17:42:26+00:00\" \/>\n<meta property=\"og:image\" content=\"https:\/\/www.xn--bgerogting-0cb.dk\/wp-content\/uploads\/2023\/11\/Mumitrolden-opdager-kometen-af-Tove-Jansson.jpg\" \/>\n\t<meta property=\"og:image:width\" content=\"1920\" \/>\n\t<meta property=\"og:image:height\" content=\"1920\" \/>\n\t<meta property=\"og:image:type\" content=\"image\/jpeg\" \/>\n<meta name=\"twitter:card\" content=\"summary_large_image\" \/>\n<meta name=\"twitter:label1\" content=\"Pris\" \/>\n\t<meta name=\"twitter:data1\" content=\"kr.&nbsp;350,00\" \/>\n\t<meta name=\"twitter:label2\" content=\"Tilg\u00e6ngelighed\" \/>\n\t<meta name=\"twitter:data2\" content=\"Ikke p\u00e5 lager\" \/>\n<script type=\"application\/ld+json\" class=\"yoast-schema-graph\">{\"@context\":\"https:\\\/\\\/schema.org\",\"@graph\":[{\"@type\":\"WebPage\",\"@id\":\"https:\\\/\\\/www.xn--bgerogting-0cb.dk\\\/index.php\\\/vare\\\/mumitrolden-opdager-kometen-af-tove-jansson-sjaelden-bog\\\/\",\"url\":\"https:\\\/\\\/www.xn--bgerogting-0cb.dk\\\/index.php\\\/vare\\\/mumitrolden-opdager-kometen-af-tove-jansson-sjaelden-bog\\\/\",\"name\":\"Mumitrolden opdager kometen af Tove Jansson - Sj\u00e6lden bog - B\u00f8ger og Ting\",\"isPartOf\":{\"@id\":\"https:\\\/\\\/www.xn--bgerogting-0cb.dk\\\/#website\"},\"primaryImageOfPage\":{\"@id\":\"https:\\\/\\\/www.xn--bgerogting-0cb.dk\\\/index.php\\\/vare\\\/mumitrolden-opdager-kometen-af-tove-jansson-sjaelden-bog\\\/#primaryimage\"},\"image\":{\"@id\":\"https:\\\/\\\/www.xn--bgerogting-0cb.dk\\\/index.php\\\/vare\\\/mumitrolden-opdager-kometen-af-tove-jansson-sjaelden-bog\\\/#primaryimage\"},\"thumbnailUrl\":\"https:\\\/\\\/i0.wp.com\\\/www.xn--bgerogting-0cb.dk\\\/wp-content\\\/uploads\\\/2023\\\/11\\\/Mumitrolden-opdager-kometen-af-Tove-Jansson.jpg?fit=1920%2C1920&ssl=1\",\"datePublished\":\"2023-11-03T15:39:11+00:00\",\"dateModified\":\"2023-11-05T17:42:26+00:00\",\"description\":\"Mumitrolden opdager kometen af Tove Jansson - F\u00f8rste danske udgave - Eiler Wangels Forlang u.\u00e5. (1954) - 71 sider - H\u00e6ftet med kartonbind og l\u00e6rredsryg.\",\"breadcrumb\":{\"@id\":\"https:\\\/\\\/www.xn--bgerogting-0cb.dk\\\/index.php\\\/vare\\\/mumitrolden-opdager-kometen-af-tove-jansson-sjaelden-bog\\\/#breadcrumb\"},\"inLanguage\":\"da-DK\",\"potentialAction\":[{\"@type\":\"ReadAction\",\"target\":[\"https:\\\/\\\/www.xn--bgerogting-0cb.dk\\\/index.php\\\/vare\\\/mumitrolden-opdager-kometen-af-tove-jansson-sjaelden-bog\\\/\"]}]},{\"@type\":\"ImageObject\",\"inLanguage\":\"da-DK\",\"@id\":\"https:\\\/\\\/www.xn--bgerogting-0cb.dk\\\/index.php\\\/vare\\\/mumitrolden-opdager-kometen-af-tove-jansson-sjaelden-bog\\\/#primaryimage\",\"url\":\"https:\\\/\\\/i0.wp.com\\\/www.xn--bgerogting-0cb.dk\\\/wp-content\\\/uploads\\\/2023\\\/11\\\/Mumitrolden-opdager-kometen-af-Tove-Jansson.jpg?fit=1920%2C1920&ssl=1\",\"contentUrl\":\"https:\\\/\\\/i0.wp.com\\\/www.xn--bgerogting-0cb.dk\\\/wp-content\\\/uploads\\\/2023\\\/11\\\/Mumitrolden-opdager-kometen-af-Tove-Jansson.jpg?fit=1920%2C1920&ssl=1\",\"width\":1920,\"height\":1920,\"caption\":\"Mumitrolden opdager kometen af Tove Jansson\"},{\"@type\":\"BreadcrumbList\",\"@id\":\"https:\\\/\\\/www.xn--bgerogting-0cb.dk\\\/index.php\\\/vare\\\/mumitrolden-opdager-kometen-af-tove-jansson-sjaelden-bog\\\/#breadcrumb\",\"itemListElement\":[{\"@type\":\"ListItem\",\"position\":1,\"name\":\"Home\",\"item\":\"https:\\\/\\\/www.xn--bgerogting-0cb.dk\\\/\"},{\"@type\":\"ListItem\",\"position\":2,\"name\":\"Butik\",\"item\":\"https:\\\/\\\/www.xn--bgerogting-0cb.dk\\\/index.php\\\/shop\\\/\"},{\"@type\":\"ListItem\",\"position\":3,\"name\":\"Mumitrolden opdager kometen af Tove Jansson &#8211; Sj\u00e6lden bog\"}]},{\"@type\":\"WebSite\",\"@id\":\"https:\\\/\\\/www.xn--bgerogting-0cb.dk\\\/#website\",\"url\":\"https:\\\/\\\/www.xn--bgerogting-0cb.dk\\\/\",\"name\":\"B\u00f8ger og Ting\",\"description\":\"Antikvarisk, retro, vintage og antik\",\"publisher\":{\"@id\":\"https:\\\/\\\/www.xn--bgerogting-0cb.dk\\\/#organization\"},\"potentialAction\":[{\"@type\":\"SearchAction\",\"target\":{\"@type\":\"EntryPoint\",\"urlTemplate\":\"https:\\\/\\\/www.xn--bgerogting-0cb.dk\\\/?s={search_term_string}\"},\"query-input\":{\"@type\":\"PropertyValueSpecification\",\"valueRequired\":true,\"valueName\":\"search_term_string\"}}],\"inLanguage\":\"da-DK\"},{\"@type\":\"Organization\",\"@id\":\"https:\\\/\\\/www.xn--bgerogting-0cb.dk\\\/#organization\",\"name\":\"B\u00f8ger og Ting\",\"url\":\"https:\\\/\\\/www.xn--bgerogting-0cb.dk\\\/\",\"logo\":{\"@type\":\"ImageObject\",\"inLanguage\":\"da-DK\",\"@id\":\"https:\\\/\\\/www.xn--bgerogting-0cb.dk\\\/#\\\/schema\\\/logo\\\/image\\\/\",\"url\":\"https:\\\/\\\/i0.wp.com\\\/www.xn--bgerogting-0cb.dk\\\/wp-content\\\/uploads\\\/2019\\\/10\\\/webicon.png?fit=205%2C205&ssl=1\",\"contentUrl\":\"https:\\\/\\\/i0.wp.com\\\/www.xn--bgerogting-0cb.dk\\\/wp-content\\\/uploads\\\/2019\\\/10\\\/webicon.png?fit=205%2C205&ssl=1\",\"width\":205,\"height\":205,\"caption\":\"B\u00f8ger og Ting\"},\"image\":{\"@id\":\"https:\\\/\\\/www.xn--bgerogting-0cb.dk\\\/#\\\/schema\\\/logo\\\/image\\\/\"},\"sameAs\":[\"https:\\\/\\\/www.facebook.com\\\/boegerogting\\\/\",\"https:\\\/\\\/www.instagram.com\\\/bogerogting\\\/\"]}]}<\/script>\n<meta property=\"product:price:amount\" content=\"350.00\" \/>\n<meta property=\"product:price:currency\" content=\"DKK\" \/>\n<meta property=\"og:availability\" content=\"out of stock\" \/>\n<meta property=\"product:availability\" content=\"out of stock\" \/>\n<meta property=\"product:retailer_item_id\" content=\"6992\" \/>\n<meta property=\"product:condition\" content=\"new\" \/>\n<!-- \/ Yoast SEO Premium plugin. -->","yoast_head_json":{"title":"Mumitrolden opdager kometen af Tove Jansson - Sj\u00e6lden bog - B\u00f8ger og Ting","description":"Mumitrolden opdager kometen af Tove Jansson - F\u00f8rste danske udgave - Eiler Wangels Forlang u.\u00e5. (1954) - 71 sider - H\u00e6ftet med kartonbind og l\u00e6rredsryg.","robots":{"index":"index","follow":"follow","max-snippet":"max-snippet:-1","max-image-preview":"max-image-preview:large","max-video-preview":"max-video-preview:-1"},"canonical":"https:\/\/www.xn--bgerogting-0cb.dk\/index.php\/vare\/mumitrolden-opdager-kometen-af-tove-jansson-sjaelden-bog\/","og_locale":"da_DK","og_type":"article","og_title":"Mumitrolden opdager kometen af Tove Jansson - Sj\u00e6lden bog","og_description":"Mumitrolden opdager kometen af Tove Jansson - F\u00f8rste danske udgave - Eiler Wangels Forlang u.\u00e5. (1954) - 71 sider - H\u00e6ftet med kartonbind og l\u00e6rredsryg.","og_url":"https:\/\/www.xn--bgerogting-0cb.dk\/index.php\/vare\/mumitrolden-opdager-kometen-af-tove-jansson-sjaelden-bog\/","og_site_name":"B\u00f8ger og Ting","article_publisher":"https:\/\/www.facebook.com\/boegerogting\/","article_modified_time":"2023-11-05T17:42:26+00:00","og_image":[{"width":1920,"height":1920,"url":"https:\/\/www.xn--bgerogting-0cb.dk\/wp-content\/uploads\/2023\/11\/Mumitrolden-opdager-kometen-af-Tove-Jansson.jpg","type":"image\/jpeg"}],"twitter_card":"summary_large_image","twitter_misc":{"Pris":"kr.&nbsp;350,00","Tilg\u00e6ngelighed":"Ikke p\u00e5 lager"},"schema":{"@context":"https:\/\/schema.org","@graph":[{"@type":"WebPage","@id":"https:\/\/www.xn--bgerogting-0cb.dk\/index.php\/vare\/mumitrolden-opdager-kometen-af-tove-jansson-sjaelden-bog\/","url":"https:\/\/www.xn--bgerogting-0cb.dk\/index.php\/vare\/mumitrolden-opdager-kometen-af-tove-jansson-sjaelden-bog\/","name":"Mumitrolden opdager kometen af Tove Jansson - Sj\u00e6lden bog - B\u00f8ger og Ting","isPartOf":{"@id":"https:\/\/www.xn--bgerogting-0cb.dk\/#website"},"primaryImageOfPage":{"@id":"https:\/\/www.xn--bgerogting-0cb.dk\/index.php\/vare\/mumitrolden-opdager-kometen-af-tove-jansson-sjaelden-bog\/#primaryimage"},"image":{"@id":"https:\/\/www.xn--bgerogting-0cb.dk\/index.php\/vare\/mumitrolden-opdager-kometen-af-tove-jansson-sjaelden-bog\/#primaryimage"},"thumbnailUrl":"https:\/\/i0.wp.com\/www.xn--bgerogting-0cb.dk\/wp-content\/uploads\/2023\/11\/Mumitrolden-opdager-kometen-af-Tove-Jansson.jpg?fit=1920%2C1920&ssl=1","datePublished":"2023-11-03T15:39:11+00:00","dateModified":"2023-11-05T17:42:26+00:00","description":"Mumitrolden opdager kometen af Tove Jansson - F\u00f8rste danske udgave - Eiler Wangels Forlang u.\u00e5. (1954) - 71 sider - H\u00e6ftet med kartonbind og l\u00e6rredsryg.","breadcrumb":{"@id":"https:\/\/www.xn--bgerogting-0cb.dk\/index.php\/vare\/mumitrolden-opdager-kometen-af-tove-jansson-sjaelden-bog\/#breadcrumb"},"inLanguage":"da-DK","potentialAction":[{"@type":"ReadAction","target":["https:\/\/www.xn--bgerogting-0cb.dk\/index.php\/vare\/mumitrolden-opdager-kometen-af-tove-jansson-sjaelden-bog\/"]}]},{"@type":"ImageObject","inLanguage":"da-DK","@id":"https:\/\/www.xn--bgerogting-0cb.dk\/index.php\/vare\/mumitrolden-opdager-kometen-af-tove-jansson-sjaelden-bog\/#primaryimage","url":"https:\/\/i0.wp.com\/www.xn--bgerogting-0cb.dk\/wp-content\/uploads\/2023\/11\/Mumitrolden-opdager-kometen-af-Tove-Jansson.jpg?fit=1920%2C1920&ssl=1","contentUrl":"https:\/\/i0.wp.com\/www.xn--bgerogting-0cb.dk\/wp-content\/uploads\/2023\/11\/Mumitrolden-opdager-kometen-af-Tove-Jansson.jpg?fit=1920%2C1920&ssl=1","width":1920,"height":1920,"caption":"Mumitrolden opdager kometen af Tove Jansson"},{"@type":"BreadcrumbList","@id":"https:\/\/www.xn--bgerogting-0cb.dk\/index.php\/vare\/mumitrolden-opdager-kometen-af-tove-jansson-sjaelden-bog\/#breadcrumb","itemListElement":[{"@type":"ListItem","position":1,"name":"Home","item":"https:\/\/www.xn--bgerogting-0cb.dk\/"},{"@type":"ListItem","position":2,"name":"Butik","item":"https:\/\/www.xn--bgerogting-0cb.dk\/index.php\/shop\/"},{"@type":"ListItem","position":3,"name":"Mumitrolden opdager kometen af Tove Jansson &#8211; Sj\u00e6lden bog"}]},{"@type":"WebSite","@id":"https:\/\/www.xn--bgerogting-0cb.dk\/#website","url":"https:\/\/www.xn--bgerogting-0cb.dk\/","name":"B\u00f8ger og Ting","description":"Antikvarisk, retro, vintage og antik","publisher":{"@id":"https:\/\/www.xn--bgerogting-0cb.dk\/#organization"},"potentialAction":[{"@type":"SearchAction","target":{"@type":"EntryPoint","urlTemplate":"https:\/\/www.xn--bgerogting-0cb.dk\/?s={search_term_string}"},"query-input":{"@type":"PropertyValueSpecification","valueRequired":true,"valueName":"search_term_string"}}],"inLanguage":"da-DK"},{"@type":"Organization","@id":"https:\/\/www.xn--bgerogting-0cb.dk\/#organization","name":"B\u00f8ger og Ting","url":"https:\/\/www.xn--bgerogting-0cb.dk\/","logo":{"@type":"ImageObject","inLanguage":"da-DK","@id":"https:\/\/www.xn--bgerogting-0cb.dk\/#\/schema\/logo\/image\/","url":"https:\/\/i0.wp.com\/www.xn--bgerogting-0cb.dk\/wp-content\/uploads\/2019\/10\/webicon.png?fit=205%2C205&ssl=1","contentUrl":"https:\/\/i0.wp.com\/www.xn--bgerogting-0cb.dk\/wp-content\/uploads\/2019\/10\/webicon.png?fit=205%2C205&ssl=1","width":205,"height":205,"caption":"B\u00f8ger og Ting"},"image":{"@id":"https:\/\/www.xn--bgerogting-0cb.dk\/#\/schema\/logo\/image\/"},"sameAs":["https:\/\/www.facebook.com\/boegerogting\/","https:\/\/www.instagram.com\/bogerogting\/"]}]},"product_price_amount":"350.00","product_price_currency":"DKK","og_availability":"out of stock","product_availability":"out of stock","product_retailer_item_id":"6992","product_condition":"new"},"jetpack_sharing_enabled":true,"_links":{"self":[{"href":"https:\/\/www.xn--bgerogting-0cb.dk\/index.php\/wp-json\/wp\/v2\/product\/15223","targetHints":{"allow":["GET"]}}],"collection":[{"href":"https:\/\/www.xn--bgerogting-0cb.dk\/index.php\/wp-json\/wp\/v2\/product"}],"about":[{"href":"https:\/\/www.xn--bgerogting-0cb.dk\/index.php\/wp-json\/wp\/v2\/types\/product"}],"wp:featuredmedia":[{"embeddable":true,"href":"https:\/\/www.xn--bgerogting-0cb.dk\/index.php\/wp-json\/wp\/v2\/media\/15240"}],"wp:attachment":[{"href":"https:\/\/www.xn--bgerogting-0cb.dk\/index.php\/wp-json\/wp\/v2\/media?parent=15223"}],"wp:term":[{"taxonomy":"product_brand","embeddable":true,"href":"https:\/\/www.xn--bgerogting-0cb.dk\/index.php\/wp-json\/wp\/v2\/product_brand?post=15223"},{"taxonomy":"product_cat","embeddable":true,"href":"https:\/\/www.xn--bgerogting-0cb.dk\/index.php\/wp-json\/wp\/v2\/product_cat?post=15223"},{"taxonomy":"product_tag","embeddable":true,"href":"https:\/\/www.xn--bgerogting-0cb.dk\/index.php\/wp-json\/wp\/v2\/product_tag?post=15223"}],"curies":[{"name":"wp","href":"https:\/\/api.w.org\/{rel}","templated":true}]}}