{"id":15206,"date":"2023-11-02T20:35:36","date_gmt":"2023-11-02T19:35:36","guid":{"rendered":"https:\/\/www.xn--bgerogting-0cb.dk\/?post_type=product&#038;p=15206"},"modified":"2023-11-02T20:37:34","modified_gmt":"2023-11-02T19:37:34","slug":"lars-peters-foedselsdag-af-virginia-allen-jensen-2","status":"publish","type":"product","link":"https:\/\/www.xn--bgerogting-0cb.dk\/index.php\/vare\/lars-peters-foedselsdag-af-virginia-allen-jensen-2\/","title":{"rendered":"Lars-Peters f\u00f8dselsdag af Virginia Allen Jensen"},"content":{"rendered":"<p>Lars-Peters f\u00f8dselsdag af Virginia Allen Jensen.<br \/>\nGyldendal, 1959 &#8211; Rollinge B\u00f8gerne &#8211; Kartonbind med l\u00e6rredsryg.<br \/>\nMed tegninger og dansk tekst af Ib Spang Olsen.<br \/>\nOmslaget har brugsspor, men indvendigt er bogen fin og ren.<\/p>\n<p>Lars-Peter p\u00e5 5 \u00e5r \u00f8nsker sig br\u00e6ndende en cykel, og det skal han nok f\u00e5 p\u00e5 s\u00f8ndag, n\u00e5r han fylder 6 \u00e5r, men det er en laaang uge.<br \/>\nDejlige illustrationer af Ib Spang Olsen.<\/p>\n<p>Virginia Allen Olsen (1927 &#8211; 2014) var amerikaner, men giftede sig med en dansk mand og bosatte sig i K\u00f8benhavn. Hun blev b\u00f8rnebogsforfatter og udgav\u00a0 flere fine b\u00f8rneb\u00f8ger sammen med Ib Spang Olsen.<\/p>\n","protected":false},"excerpt":{"rendered":"<p>Lars-Peters f\u00f8dselsdag af Virginia Allen Jensen.<br \/>\nGyldendal, 1959 &#8211; Rollinge B\u00f8gerne &#8211; Kartonbind med l\u00e6rredsryg.<br \/>\nMed tegninger og dansk tekst af Ib Spang Olsen.<br \/>\nOmslaget har brugsspor, men indvendigt er bogen fin og ren.<\/p>\n<p>Lars-Peter er tit ude at cykle med mor. Han sidder bagp\u00e5 og kan n\u00e6sten ikke se andet end mors regnfrakke, s\u00e5 han vil meget gerne have sin egen cykel. Mor lover, at det vil han f\u00e5, n\u00e5r han er stor nok \u2026 p\u00e5 s\u00f8ndag, n\u00e5r han bliver 6 \u00e5r.<br \/>\nFantastiske tegninger af Ib Spang Olsen.<\/p>\n<p>Virginia Allen Olsen (1927 &#8211; 2014) var amerikaner, men giftede sig med en dansk mand og bosatte sig i K\u00f8benhavn. Hun blev b\u00f8rnebogsforfatter og udgav\u00a0 flere fine b\u00f8rneb\u00f8ger sammen med Ib Spang Olsen.<\/p>\n","protected":false},"featured_media":15209,"template":"","meta":[],"product_brand":[],"product_cat":[25],"product_tag":[],"class_list":{"0":"post-15206","1":"product","2":"type-product","3":"status-publish","4":"has-post-thumbnail","6":"product_cat-varia","8":"first","9":"instock","10":"shipping-taxable","11":"purchasable","12":"product-type-simple"},"yoast_head":"<!-- This site is optimized with the Yoast SEO Premium plugin v27.4 (Yoast SEO v27.5) - https:\/\/yoast.com\/product\/yoast-seo-premium-wordpress\/ -->\n<title>Lars-Peters f\u00f8dselsdag af Virginia Allen Jensen - B\u00f8ger og Ting<\/title>\n<meta name=\"robots\" content=\"index, follow, max-snippet:-1, max-image-preview:large, max-video-preview:-1\" \/>\n<link rel=\"canonical\" href=\"https:\/\/www.xn--bgerogting-0cb.dk\/index.php\/vare\/lars-peters-foedselsdag-af-virginia-allen-jensen-2\/\" \/>\n<meta property=\"og:locale\" content=\"da_DK\" \/>\n<meta property=\"og:type\" content=\"article\" \/>\n<meta property=\"og:title\" content=\"Lars-Peters f\u00f8dselsdag af Virginia Allen Jensen\" \/>\n<meta property=\"og:description\" content=\"Lars-Peters f\u00f8dselsdag af Virginia Allen Jensen. Gyldendal, 1959 - Rollinge B\u00f8gerne - Kartonbind med l\u00e6rredsryg. Med tegninger og dansk tekst af Ib Spang Olsen. Omslaget har brugsspor, men indvendigt er bogen fin og ren.  Lars-Peter er tit ude at cykle med mor. Han sidder bagp\u00e5 og kan n\u00e6sten ikke se andet end mors regnfrakke, s\u00e5 han vil meget gerne have sin egen cykel. Mor lover, at det vil han f\u00e5, n\u00e5r han er stor nok \u2026 p\u00e5 s\u00f8ndag, n\u00e5r han bliver 6 \u00e5r. Fantastiske tegninger af Ib Spang Olsen.  Virginia Allen Olsen (1927 - 2014) var amerikaner, men giftede sig med en dansk mand og bosatte sig i K\u00f8benhavn. Hun blev b\u00f8rnebogsforfatter og udgav\u00a0 flere fine b\u00f8rneb\u00f8ger sammen med Ib Spang Olsen.\" \/>\n<meta property=\"og:url\" content=\"https:\/\/www.xn--bgerogting-0cb.dk\/index.php\/vare\/lars-peters-foedselsdag-af-virginia-allen-jensen-2\/\" \/>\n<meta property=\"og:site_name\" content=\"B\u00f8ger og Ting\" \/>\n<meta property=\"article:publisher\" content=\"https:\/\/www.facebook.com\/boegerogting\/\" \/>\n<meta property=\"article:modified_time\" content=\"2023-11-02T19:37:34+00:00\" \/>\n<meta property=\"og:image\" content=\"https:\/\/www.xn--bgerogting-0cb.dk\/wp-content\/uploads\/2023\/11\/Lars-Peters-foedselsdag-af-Virginia-Allen-Jensen-2.jpg\" \/>\n\t<meta property=\"og:image:width\" content=\"1920\" \/>\n\t<meta property=\"og:image:height\" content=\"1920\" \/>\n\t<meta property=\"og:image:type\" content=\"image\/jpeg\" \/>\n<meta name=\"twitter:card\" content=\"summary_large_image\" \/>\n<meta name=\"twitter:label1\" content=\"Pris\" \/>\n\t<meta name=\"twitter:data1\" content=\"kr.&nbsp;125,00\" \/>\n\t<meta name=\"twitter:label2\" content=\"Tilg\u00e6ngelighed\" \/>\n\t<meta name=\"twitter:data2\" content=\"P\u00e5 lager\" \/>\n<script type=\"application\/ld+json\" class=\"yoast-schema-graph\">{\"@context\":\"https:\\\/\\\/schema.org\",\"@graph\":[{\"@type\":\"WebPage\",\"@id\":\"https:\\\/\\\/www.xn--bgerogting-0cb.dk\\\/index.php\\\/vare\\\/lars-peters-foedselsdag-af-virginia-allen-jensen-2\\\/\",\"url\":\"https:\\\/\\\/www.xn--bgerogting-0cb.dk\\\/index.php\\\/vare\\\/lars-peters-foedselsdag-af-virginia-allen-jensen-2\\\/\",\"name\":\"Lars-Peters f\u00f8dselsdag af Virginia Allen Jensen - B\u00f8ger og Ting\",\"isPartOf\":{\"@id\":\"https:\\\/\\\/www.xn--bgerogting-0cb.dk\\\/#website\"},\"primaryImageOfPage\":{\"@id\":\"https:\\\/\\\/www.xn--bgerogting-0cb.dk\\\/index.php\\\/vare\\\/lars-peters-foedselsdag-af-virginia-allen-jensen-2\\\/#primaryimage\"},\"image\":{\"@id\":\"https:\\\/\\\/www.xn--bgerogting-0cb.dk\\\/index.php\\\/vare\\\/lars-peters-foedselsdag-af-virginia-allen-jensen-2\\\/#primaryimage\"},\"thumbnailUrl\":\"https:\\\/\\\/i0.wp.com\\\/www.xn--bgerogting-0cb.dk\\\/wp-content\\\/uploads\\\/2023\\\/11\\\/Lars-Peters-foedselsdag-af-Virginia-Allen-Jensen-2.jpg?fit=1920%2C1920&ssl=1\",\"datePublished\":\"2023-11-02T19:35:36+00:00\",\"dateModified\":\"2023-11-02T19:37:34+00:00\",\"breadcrumb\":{\"@id\":\"https:\\\/\\\/www.xn--bgerogting-0cb.dk\\\/index.php\\\/vare\\\/lars-peters-foedselsdag-af-virginia-allen-jensen-2\\\/#breadcrumb\"},\"inLanguage\":\"da-DK\",\"potentialAction\":[{\"@type\":\"ReadAction\",\"target\":[\"https:\\\/\\\/www.xn--bgerogting-0cb.dk\\\/index.php\\\/vare\\\/lars-peters-foedselsdag-af-virginia-allen-jensen-2\\\/\"]}]},{\"@type\":\"ImageObject\",\"inLanguage\":\"da-DK\",\"@id\":\"https:\\\/\\\/www.xn--bgerogting-0cb.dk\\\/index.php\\\/vare\\\/lars-peters-foedselsdag-af-virginia-allen-jensen-2\\\/#primaryimage\",\"url\":\"https:\\\/\\\/i0.wp.com\\\/www.xn--bgerogting-0cb.dk\\\/wp-content\\\/uploads\\\/2023\\\/11\\\/Lars-Peters-foedselsdag-af-Virginia-Allen-Jensen-2.jpg?fit=1920%2C1920&ssl=1\",\"contentUrl\":\"https:\\\/\\\/i0.wp.com\\\/www.xn--bgerogting-0cb.dk\\\/wp-content\\\/uploads\\\/2023\\\/11\\\/Lars-Peters-foedselsdag-af-Virginia-Allen-Jensen-2.jpg?fit=1920%2C1920&ssl=1\",\"width\":1920,\"height\":1920,\"caption\":\"Lars-Peters f\u00f8dselsdag af Virginia Allen Jensen\"},{\"@type\":\"BreadcrumbList\",\"@id\":\"https:\\\/\\\/www.xn--bgerogting-0cb.dk\\\/index.php\\\/vare\\\/lars-peters-foedselsdag-af-virginia-allen-jensen-2\\\/#breadcrumb\",\"itemListElement\":[{\"@type\":\"ListItem\",\"position\":1,\"name\":\"Home\",\"item\":\"https:\\\/\\\/www.xn--bgerogting-0cb.dk\\\/\"},{\"@type\":\"ListItem\",\"position\":2,\"name\":\"Butik\",\"item\":\"https:\\\/\\\/www.xn--bgerogting-0cb.dk\\\/index.php\\\/shop\\\/\"},{\"@type\":\"ListItem\",\"position\":3,\"name\":\"Lars-Peters f\u00f8dselsdag af Virginia Allen Jensen\"}]},{\"@type\":\"WebSite\",\"@id\":\"https:\\\/\\\/www.xn--bgerogting-0cb.dk\\\/#website\",\"url\":\"https:\\\/\\\/www.xn--bgerogting-0cb.dk\\\/\",\"name\":\"B\u00f8ger og Ting\",\"description\":\"Antikvarisk, retro, vintage og antik\",\"publisher\":{\"@id\":\"https:\\\/\\\/www.xn--bgerogting-0cb.dk\\\/#organization\"},\"potentialAction\":[{\"@type\":\"SearchAction\",\"target\":{\"@type\":\"EntryPoint\",\"urlTemplate\":\"https:\\\/\\\/www.xn--bgerogting-0cb.dk\\\/?s={search_term_string}\"},\"query-input\":{\"@type\":\"PropertyValueSpecification\",\"valueRequired\":true,\"valueName\":\"search_term_string\"}}],\"inLanguage\":\"da-DK\"},{\"@type\":\"Organization\",\"@id\":\"https:\\\/\\\/www.xn--bgerogting-0cb.dk\\\/#organization\",\"name\":\"B\u00f8ger og Ting\",\"url\":\"https:\\\/\\\/www.xn--bgerogting-0cb.dk\\\/\",\"logo\":{\"@type\":\"ImageObject\",\"inLanguage\":\"da-DK\",\"@id\":\"https:\\\/\\\/www.xn--bgerogting-0cb.dk\\\/#\\\/schema\\\/logo\\\/image\\\/\",\"url\":\"https:\\\/\\\/i0.wp.com\\\/www.xn--bgerogting-0cb.dk\\\/wp-content\\\/uploads\\\/2019\\\/10\\\/webicon.png?fit=205%2C205&ssl=1\",\"contentUrl\":\"https:\\\/\\\/i0.wp.com\\\/www.xn--bgerogting-0cb.dk\\\/wp-content\\\/uploads\\\/2019\\\/10\\\/webicon.png?fit=205%2C205&ssl=1\",\"width\":205,\"height\":205,\"caption\":\"B\u00f8ger og Ting\"},\"image\":{\"@id\":\"https:\\\/\\\/www.xn--bgerogting-0cb.dk\\\/#\\\/schema\\\/logo\\\/image\\\/\"},\"sameAs\":[\"https:\\\/\\\/www.facebook.com\\\/boegerogting\\\/\",\"https:\\\/\\\/www.instagram.com\\\/bogerogting\\\/\"]}]}<\/script>\n<meta property=\"product:price:amount\" content=\"125.00\" \/>\n<meta property=\"product:price:currency\" content=\"DKK\" \/>\n<meta property=\"og:availability\" content=\"instock\" \/>\n<meta property=\"product:availability\" content=\"instock\" \/>\n<meta property=\"product:retailer_item_id\" content=\"9972\" \/>\n<meta property=\"product:condition\" content=\"new\" \/>\n<!-- \/ Yoast SEO Premium plugin. -->","yoast_head_json":{"title":"Lars-Peters f\u00f8dselsdag af Virginia Allen Jensen - B\u00f8ger og Ting","robots":{"index":"index","follow":"follow","max-snippet":"max-snippet:-1","max-image-preview":"max-image-preview:large","max-video-preview":"max-video-preview:-1"},"canonical":"https:\/\/www.xn--bgerogting-0cb.dk\/index.php\/vare\/lars-peters-foedselsdag-af-virginia-allen-jensen-2\/","og_locale":"da_DK","og_type":"article","og_title":"Lars-Peters f\u00f8dselsdag af Virginia Allen Jensen","og_description":"Lars-Peters f\u00f8dselsdag af Virginia Allen Jensen. Gyldendal, 1959 - Rollinge B\u00f8gerne - Kartonbind med l\u00e6rredsryg. Med tegninger og dansk tekst af Ib Spang Olsen. Omslaget har brugsspor, men indvendigt er bogen fin og ren.  Lars-Peter er tit ude at cykle med mor. Han sidder bagp\u00e5 og kan n\u00e6sten ikke se andet end mors regnfrakke, s\u00e5 han vil meget gerne have sin egen cykel. Mor lover, at det vil han f\u00e5, n\u00e5r han er stor nok \u2026 p\u00e5 s\u00f8ndag, n\u00e5r han bliver 6 \u00e5r. Fantastiske tegninger af Ib Spang Olsen.  Virginia Allen Olsen (1927 - 2014) var amerikaner, men giftede sig med en dansk mand og bosatte sig i K\u00f8benhavn. Hun blev b\u00f8rnebogsforfatter og udgav\u00a0 flere fine b\u00f8rneb\u00f8ger sammen med Ib Spang Olsen.","og_url":"https:\/\/www.xn--bgerogting-0cb.dk\/index.php\/vare\/lars-peters-foedselsdag-af-virginia-allen-jensen-2\/","og_site_name":"B\u00f8ger og Ting","article_publisher":"https:\/\/www.facebook.com\/boegerogting\/","article_modified_time":"2023-11-02T19:37:34+00:00","og_image":[{"width":1920,"height":1920,"url":"https:\/\/www.xn--bgerogting-0cb.dk\/wp-content\/uploads\/2023\/11\/Lars-Peters-foedselsdag-af-Virginia-Allen-Jensen-2.jpg","type":"image\/jpeg"}],"twitter_card":"summary_large_image","twitter_misc":{"Pris":"kr.&nbsp;125,00","Tilg\u00e6ngelighed":"P\u00e5 lager"},"schema":{"@context":"https:\/\/schema.org","@graph":[{"@type":"WebPage","@id":"https:\/\/www.xn--bgerogting-0cb.dk\/index.php\/vare\/lars-peters-foedselsdag-af-virginia-allen-jensen-2\/","url":"https:\/\/www.xn--bgerogting-0cb.dk\/index.php\/vare\/lars-peters-foedselsdag-af-virginia-allen-jensen-2\/","name":"Lars-Peters f\u00f8dselsdag af Virginia Allen Jensen - B\u00f8ger og Ting","isPartOf":{"@id":"https:\/\/www.xn--bgerogting-0cb.dk\/#website"},"primaryImageOfPage":{"@id":"https:\/\/www.xn--bgerogting-0cb.dk\/index.php\/vare\/lars-peters-foedselsdag-af-virginia-allen-jensen-2\/#primaryimage"},"image":{"@id":"https:\/\/www.xn--bgerogting-0cb.dk\/index.php\/vare\/lars-peters-foedselsdag-af-virginia-allen-jensen-2\/#primaryimage"},"thumbnailUrl":"https:\/\/i0.wp.com\/www.xn--bgerogting-0cb.dk\/wp-content\/uploads\/2023\/11\/Lars-Peters-foedselsdag-af-Virginia-Allen-Jensen-2.jpg?fit=1920%2C1920&ssl=1","datePublished":"2023-11-02T19:35:36+00:00","dateModified":"2023-11-02T19:37:34+00:00","breadcrumb":{"@id":"https:\/\/www.xn--bgerogting-0cb.dk\/index.php\/vare\/lars-peters-foedselsdag-af-virginia-allen-jensen-2\/#breadcrumb"},"inLanguage":"da-DK","potentialAction":[{"@type":"ReadAction","target":["https:\/\/www.xn--bgerogting-0cb.dk\/index.php\/vare\/lars-peters-foedselsdag-af-virginia-allen-jensen-2\/"]}]},{"@type":"ImageObject","inLanguage":"da-DK","@id":"https:\/\/www.xn--bgerogting-0cb.dk\/index.php\/vare\/lars-peters-foedselsdag-af-virginia-allen-jensen-2\/#primaryimage","url":"https:\/\/i0.wp.com\/www.xn--bgerogting-0cb.dk\/wp-content\/uploads\/2023\/11\/Lars-Peters-foedselsdag-af-Virginia-Allen-Jensen-2.jpg?fit=1920%2C1920&ssl=1","contentUrl":"https:\/\/i0.wp.com\/www.xn--bgerogting-0cb.dk\/wp-content\/uploads\/2023\/11\/Lars-Peters-foedselsdag-af-Virginia-Allen-Jensen-2.jpg?fit=1920%2C1920&ssl=1","width":1920,"height":1920,"caption":"Lars-Peters f\u00f8dselsdag af Virginia Allen Jensen"},{"@type":"BreadcrumbList","@id":"https:\/\/www.xn--bgerogting-0cb.dk\/index.php\/vare\/lars-peters-foedselsdag-af-virginia-allen-jensen-2\/#breadcrumb","itemListElement":[{"@type":"ListItem","position":1,"name":"Home","item":"https:\/\/www.xn--bgerogting-0cb.dk\/"},{"@type":"ListItem","position":2,"name":"Butik","item":"https:\/\/www.xn--bgerogting-0cb.dk\/index.php\/shop\/"},{"@type":"ListItem","position":3,"name":"Lars-Peters f\u00f8dselsdag af Virginia Allen Jensen"}]},{"@type":"WebSite","@id":"https:\/\/www.xn--bgerogting-0cb.dk\/#website","url":"https:\/\/www.xn--bgerogting-0cb.dk\/","name":"B\u00f8ger og Ting","description":"Antikvarisk, retro, vintage og antik","publisher":{"@id":"https:\/\/www.xn--bgerogting-0cb.dk\/#organization"},"potentialAction":[{"@type":"SearchAction","target":{"@type":"EntryPoint","urlTemplate":"https:\/\/www.xn--bgerogting-0cb.dk\/?s={search_term_string}"},"query-input":{"@type":"PropertyValueSpecification","valueRequired":true,"valueName":"search_term_string"}}],"inLanguage":"da-DK"},{"@type":"Organization","@id":"https:\/\/www.xn--bgerogting-0cb.dk\/#organization","name":"B\u00f8ger og Ting","url":"https:\/\/www.xn--bgerogting-0cb.dk\/","logo":{"@type":"ImageObject","inLanguage":"da-DK","@id":"https:\/\/www.xn--bgerogting-0cb.dk\/#\/schema\/logo\/image\/","url":"https:\/\/i0.wp.com\/www.xn--bgerogting-0cb.dk\/wp-content\/uploads\/2019\/10\/webicon.png?fit=205%2C205&ssl=1","contentUrl":"https:\/\/i0.wp.com\/www.xn--bgerogting-0cb.dk\/wp-content\/uploads\/2019\/10\/webicon.png?fit=205%2C205&ssl=1","width":205,"height":205,"caption":"B\u00f8ger og Ting"},"image":{"@id":"https:\/\/www.xn--bgerogting-0cb.dk\/#\/schema\/logo\/image\/"},"sameAs":["https:\/\/www.facebook.com\/boegerogting\/","https:\/\/www.instagram.com\/bogerogting\/"]}]},"product_price_amount":"125.00","product_price_currency":"DKK","og_availability":"instock","product_availability":"instock","product_retailer_item_id":"9972","product_condition":"new"},"jetpack_sharing_enabled":true,"_links":{"self":[{"href":"https:\/\/www.xn--bgerogting-0cb.dk\/index.php\/wp-json\/wp\/v2\/product\/15206","targetHints":{"allow":["GET"]}}],"collection":[{"href":"https:\/\/www.xn--bgerogting-0cb.dk\/index.php\/wp-json\/wp\/v2\/product"}],"about":[{"href":"https:\/\/www.xn--bgerogting-0cb.dk\/index.php\/wp-json\/wp\/v2\/types\/product"}],"wp:featuredmedia":[{"embeddable":true,"href":"https:\/\/www.xn--bgerogting-0cb.dk\/index.php\/wp-json\/wp\/v2\/media\/15209"}],"wp:attachment":[{"href":"https:\/\/www.xn--bgerogting-0cb.dk\/index.php\/wp-json\/wp\/v2\/media?parent=15206"}],"wp:term":[{"taxonomy":"product_brand","embeddable":true,"href":"https:\/\/www.xn--bgerogting-0cb.dk\/index.php\/wp-json\/wp\/v2\/product_brand?post=15206"},{"taxonomy":"product_cat","embeddable":true,"href":"https:\/\/www.xn--bgerogting-0cb.dk\/index.php\/wp-json\/wp\/v2\/product_cat?post=15206"},{"taxonomy":"product_tag","embeddable":true,"href":"https:\/\/www.xn--bgerogting-0cb.dk\/index.php\/wp-json\/wp\/v2\/product_tag?post=15206"}],"curies":[{"name":"wp","href":"https:\/\/api.w.org\/{rel}","templated":true}]}}