{"id":15171,"date":"2023-10-27T16:34:09","date_gmt":"2023-10-27T14:34:09","guid":{"rendered":"https:\/\/www.xn--bgerogting-0cb.dk\/?post_type=product&#038;p=15171"},"modified":"2023-10-27T16:34:10","modified_gmt":"2023-10-27T14:34:10","slug":"storfamilien-i-skoven-af-jane-werner-og-garth-williams","status":"publish","type":"product","link":"https:\/\/www.xn--bgerogting-0cb.dk\/index.php\/vare\/storfamilien-i-skoven-af-jane-werner-og-garth-williams\/","title":{"rendered":"Storfamilien i skoven af Jane Werner og Garth Williams"},"content":{"rendered":"<p>Storfamilien i skoven af Jane Werner og Garth Williams \u2013 \u00c6lle B\u00e6lle # 137<br \/>\nNogle af \u00c6lleb\u00e6lle-b\u00f8gerne kan have lidt brugsspor, men er generelt meget p\u00e6ne alderen taget i betragtning.<br \/>\nJeg har mange \u00c6lle-B\u00e6lle b\u00f8ger p\u00e5 lager.\u00a0<strong>Sp\u00f8rg gerne, hvis du mangler en bestemt titel.<\/strong><\/p>\n<p>Fra midten af 1950\u2019erne har \u00c6lle-B\u00e6lle b\u00f8gerne fra Carlsens forlag v\u00e6ret kendt og elske af generationer af b\u00f8rn.<br \/>\nDet var forlagets direkt\u00f8r, Per Carlsen, der p\u00e5 en rejse til USA blev opm\u00e6rksom p\u00e5 billedbogsserierne\u00a0<em>Wonder Books\u00a0<\/em>og<em>\u00a0Little Golden Books,\u00a0<\/em>som var gode, men billige b\u00f8ger i\u00a0 til de sm\u00e5<em>.\u00a0<\/em>P\u00e5 det tidspunkt var der ogs\u00e5 mange b\u00f8rn i Danmark, som slet ikke havde nogen b\u00f8ger, fordi de var for dyre. Per Carlsen tog\u00a0 derfor ideen med hjem og startede udgivelsen af serien \u00c6lle-B\u00e6lle b\u00f8gerne.<br \/>\nFrem til 1982 kom der ikke mindre end 276 b\u00f8ger i serien. Nogle titler er blevet genoptrykt mange gange, mens andre nu kun findes i de gamle udgaver og derfor er lidt dyrere.<\/p>\n","protected":false},"excerpt":{"rendered":"<p>Storfamilien i skoven af Jane Werner og Garth Williams \u2013 \u00c6lle B\u00e6lle # 137<br \/>\nNogle af \u00c6lleb\u00e6lle-b\u00f8gerne kan have lidt brugsspor, men er generelt meget p\u00e6ne alderen taget i betragtning.<br \/>\nJeg har mange \u00c6lle-B\u00e6lle b\u00f8ger p\u00e5 lager.\u00a0<strong>Sp\u00f8rg gerne, hvis du mangler en bestemt titel.<\/strong><\/p>\n<p>Fra midten af 1950\u2019erne har \u00c6lle-B\u00e6lle b\u00f8gerne fra Carlsens forlag v\u00e6ret kendt og elske af generationer af b\u00f8rn.<br \/>\nDet var forlagets direkt\u00f8r, Per Carlsen, der p\u00e5 en rejse til USA blev opm\u00e6rksom p\u00e5 billedbogsserierne\u00a0<em>Wonder Books\u00a0<\/em>og<em>\u00a0Little Golden Books,\u00a0<\/em>som var gode, men billige b\u00f8ger i\u00a0 til de sm\u00e5<em>.\u00a0<\/em>P\u00e5 det tidspunkt var der ogs\u00e5 mange b\u00f8rn i Danmark, som slet ikke havde nogen b\u00f8ger, fordi de var for dyre. Per Carlsen tog\u00a0 derfor ideen med hjem og startede udgivelsen af serien \u00c6lle-B\u00e6lle b\u00f8gerne.<br \/>\nFrem til 1982 kom der ikke mindre end 276 b\u00f8ger i serien. Nogle titler er blevet genoptrykt mange gange, mens andre nu kun findes i de gamle udgaver og derfor er lidt dyrere.<\/p>\n","protected":false},"featured_media":15172,"template":"","meta":[],"product_brand":[],"product_cat":[61,80,632,81,27,35],"product_tag":[152],"class_list":{"0":"post-15171","1":"product","2":"type-product","3":"status-publish","4":"has-post-thumbnail","6":"product_cat-alle-tiders-boerneboeger-1960-1969","7":"product_cat-alle-tiders-boerneboeger-1970-1979","8":"product_cat-aelle-baelle","9":"product_cat-billedboeger","10":"product_cat-boeger","11":"product_cat-barneboger","12":"product_tag-garth-williams","14":"first","15":"instock","16":"shipping-taxable","17":"purchasable","18":"product-type-simple"},"yoast_head":"<!-- This site is optimized with the Yoast SEO Premium plugin v27.4 (Yoast SEO v27.6) - https:\/\/yoast.com\/product\/yoast-seo-premium-wordpress\/ -->\n<title>Storfamilien i skoven af Jane Werner og Garth Williams - B\u00f8ger og Ting<\/title>\n<meta name=\"description\" content=\"Storfamilien i skoven af Jane Werner og Garth Williams \u2013 \u00c6lle B\u00e6lle # 137\" \/>\n<meta name=\"robots\" content=\"index, follow, max-snippet:-1, max-image-preview:large, max-video-preview:-1\" \/>\n<link rel=\"canonical\" href=\"https:\/\/www.xn--bgerogting-0cb.dk\/index.php\/vare\/storfamilien-i-skoven-af-jane-werner-og-garth-williams\/\" \/>\n<meta property=\"og:locale\" content=\"da_DK\" \/>\n<meta property=\"og:type\" content=\"article\" \/>\n<meta property=\"og:title\" content=\"Storfamilien i skoven af Jane Werner og Garth Williams\" \/>\n<meta property=\"og:description\" content=\"Storfamilien i skoven af Jane Werner og Garth Williams \u2013 \u00c6lle B\u00e6lle # 137\" \/>\n<meta property=\"og:url\" content=\"https:\/\/www.xn--bgerogting-0cb.dk\/index.php\/vare\/storfamilien-i-skoven-af-jane-werner-og-garth-williams\/\" \/>\n<meta property=\"og:site_name\" content=\"B\u00f8ger og Ting\" \/>\n<meta property=\"article:publisher\" content=\"https:\/\/www.facebook.com\/boegerogting\/\" \/>\n<meta property=\"article:modified_time\" content=\"2023-10-27T14:34:10+00:00\" \/>\n<meta property=\"og:image\" content=\"https:\/\/www.xn--bgerogting-0cb.dk\/wp-content\/uploads\/2023\/10\/Storfamilien-i-skoven-af-Jane-Werner-og-Garth-Williams.jpg\" \/>\n\t<meta property=\"og:image:width\" content=\"1920\" \/>\n\t<meta property=\"og:image:height\" content=\"1920\" \/>\n\t<meta property=\"og:image:type\" content=\"image\/jpeg\" \/>\n<meta name=\"twitter:card\" content=\"summary_large_image\" \/>\n<meta name=\"twitter:label1\" content=\"Pris\" \/>\n\t<meta name=\"twitter:data1\" content=\"kr.&nbsp;40,00\" \/>\n\t<meta name=\"twitter:label2\" content=\"Tilg\u00e6ngelighed\" \/>\n\t<meta name=\"twitter:data2\" content=\"P\u00e5 lager\" \/>\n<script type=\"application\/ld+json\" class=\"yoast-schema-graph\">{\"@context\":\"https:\\\/\\\/schema.org\",\"@graph\":[{\"@type\":\"WebPage\",\"@id\":\"https:\\\/\\\/www.xn--bgerogting-0cb.dk\\\/index.php\\\/vare\\\/storfamilien-i-skoven-af-jane-werner-og-garth-williams\\\/\",\"url\":\"https:\\\/\\\/www.xn--bgerogting-0cb.dk\\\/index.php\\\/vare\\\/storfamilien-i-skoven-af-jane-werner-og-garth-williams\\\/\",\"name\":\"Storfamilien i skoven af Jane Werner og Garth Williams - B\u00f8ger og Ting\",\"isPartOf\":{\"@id\":\"https:\\\/\\\/www.xn--bgerogting-0cb.dk\\\/#website\"},\"primaryImageOfPage\":{\"@id\":\"https:\\\/\\\/www.xn--bgerogting-0cb.dk\\\/index.php\\\/vare\\\/storfamilien-i-skoven-af-jane-werner-og-garth-williams\\\/#primaryimage\"},\"image\":{\"@id\":\"https:\\\/\\\/www.xn--bgerogting-0cb.dk\\\/index.php\\\/vare\\\/storfamilien-i-skoven-af-jane-werner-og-garth-williams\\\/#primaryimage\"},\"thumbnailUrl\":\"https:\\\/\\\/i0.wp.com\\\/www.xn--bgerogting-0cb.dk\\\/wp-content\\\/uploads\\\/2023\\\/10\\\/Storfamilien-i-skoven-af-Jane-Werner-og-Garth-Williams.jpg?fit=1920%2C1920&ssl=1\",\"datePublished\":\"2023-10-27T14:34:09+00:00\",\"dateModified\":\"2023-10-27T14:34:10+00:00\",\"description\":\"Storfamilien i skoven af Jane Werner og Garth Williams \u2013 \u00c6lle B\u00e6lle # 137\",\"breadcrumb\":{\"@id\":\"https:\\\/\\\/www.xn--bgerogting-0cb.dk\\\/index.php\\\/vare\\\/storfamilien-i-skoven-af-jane-werner-og-garth-williams\\\/#breadcrumb\"},\"inLanguage\":\"da-DK\",\"potentialAction\":[{\"@type\":\"ReadAction\",\"target\":[\"https:\\\/\\\/www.xn--bgerogting-0cb.dk\\\/index.php\\\/vare\\\/storfamilien-i-skoven-af-jane-werner-og-garth-williams\\\/\"]}]},{\"@type\":\"ImageObject\",\"inLanguage\":\"da-DK\",\"@id\":\"https:\\\/\\\/www.xn--bgerogting-0cb.dk\\\/index.php\\\/vare\\\/storfamilien-i-skoven-af-jane-werner-og-garth-williams\\\/#primaryimage\",\"url\":\"https:\\\/\\\/i0.wp.com\\\/www.xn--bgerogting-0cb.dk\\\/wp-content\\\/uploads\\\/2023\\\/10\\\/Storfamilien-i-skoven-af-Jane-Werner-og-Garth-Williams.jpg?fit=1920%2C1920&ssl=1\",\"contentUrl\":\"https:\\\/\\\/i0.wp.com\\\/www.xn--bgerogting-0cb.dk\\\/wp-content\\\/uploads\\\/2023\\\/10\\\/Storfamilien-i-skoven-af-Jane-Werner-og-Garth-Williams.jpg?fit=1920%2C1920&ssl=1\",\"width\":1920,\"height\":1920,\"caption\":\"Storfamilien i skoven af Jane Werner og Garth Williams\"},{\"@type\":\"BreadcrumbList\",\"@id\":\"https:\\\/\\\/www.xn--bgerogting-0cb.dk\\\/index.php\\\/vare\\\/storfamilien-i-skoven-af-jane-werner-og-garth-williams\\\/#breadcrumb\",\"itemListElement\":[{\"@type\":\"ListItem\",\"position\":1,\"name\":\"Home\",\"item\":\"https:\\\/\\\/www.xn--bgerogting-0cb.dk\\\/\"},{\"@type\":\"ListItem\",\"position\":2,\"name\":\"Butik\",\"item\":\"https:\\\/\\\/www.xn--bgerogting-0cb.dk\\\/index.php\\\/shop\\\/\"},{\"@type\":\"ListItem\",\"position\":3,\"name\":\"Storfamilien i skoven af Jane Werner og Garth Williams\"}]},{\"@type\":\"WebSite\",\"@id\":\"https:\\\/\\\/www.xn--bgerogting-0cb.dk\\\/#website\",\"url\":\"https:\\\/\\\/www.xn--bgerogting-0cb.dk\\\/\",\"name\":\"B\u00f8ger og Ting\",\"description\":\"Antikvarisk, retro, vintage og antik\",\"publisher\":{\"@id\":\"https:\\\/\\\/www.xn--bgerogting-0cb.dk\\\/#organization\"},\"potentialAction\":[{\"@type\":\"SearchAction\",\"target\":{\"@type\":\"EntryPoint\",\"urlTemplate\":\"https:\\\/\\\/www.xn--bgerogting-0cb.dk\\\/?s={search_term_string}\"},\"query-input\":{\"@type\":\"PropertyValueSpecification\",\"valueRequired\":true,\"valueName\":\"search_term_string\"}}],\"inLanguage\":\"da-DK\"},{\"@type\":\"Organization\",\"@id\":\"https:\\\/\\\/www.xn--bgerogting-0cb.dk\\\/#organization\",\"name\":\"B\u00f8ger og Ting\",\"url\":\"https:\\\/\\\/www.xn--bgerogting-0cb.dk\\\/\",\"logo\":{\"@type\":\"ImageObject\",\"inLanguage\":\"da-DK\",\"@id\":\"https:\\\/\\\/www.xn--bgerogting-0cb.dk\\\/#\\\/schema\\\/logo\\\/image\\\/\",\"url\":\"https:\\\/\\\/i0.wp.com\\\/www.xn--bgerogting-0cb.dk\\\/wp-content\\\/uploads\\\/2019\\\/10\\\/webicon.png?fit=205%2C205&ssl=1\",\"contentUrl\":\"https:\\\/\\\/i0.wp.com\\\/www.xn--bgerogting-0cb.dk\\\/wp-content\\\/uploads\\\/2019\\\/10\\\/webicon.png?fit=205%2C205&ssl=1\",\"width\":205,\"height\":205,\"caption\":\"B\u00f8ger og Ting\"},\"image\":{\"@id\":\"https:\\\/\\\/www.xn--bgerogting-0cb.dk\\\/#\\\/schema\\\/logo\\\/image\\\/\"},\"sameAs\":[\"https:\\\/\\\/www.facebook.com\\\/boegerogting\\\/\",\"https:\\\/\\\/www.instagram.com\\\/bogerogting\\\/\"]}]}<\/script>\n<meta property=\"product:price:amount\" content=\"40.00\" \/>\n<meta property=\"product:price:currency\" content=\"DKK\" \/>\n<meta property=\"og:availability\" content=\"instock\" \/>\n<meta property=\"product:availability\" content=\"instock\" \/>\n<meta property=\"product:retailer_item_id\" content=\"9701\" \/>\n<meta property=\"product:condition\" content=\"new\" \/>\n<!-- \/ Yoast SEO Premium plugin. -->","yoast_head_json":{"title":"Storfamilien i skoven af Jane Werner og Garth Williams - B\u00f8ger og Ting","description":"Storfamilien i skoven af Jane Werner og Garth Williams \u2013 \u00c6lle B\u00e6lle # 137","robots":{"index":"index","follow":"follow","max-snippet":"max-snippet:-1","max-image-preview":"max-image-preview:large","max-video-preview":"max-video-preview:-1"},"canonical":"https:\/\/www.xn--bgerogting-0cb.dk\/index.php\/vare\/storfamilien-i-skoven-af-jane-werner-og-garth-williams\/","og_locale":"da_DK","og_type":"article","og_title":"Storfamilien i skoven af Jane Werner og Garth Williams","og_description":"Storfamilien i skoven af Jane Werner og Garth Williams \u2013 \u00c6lle B\u00e6lle # 137","og_url":"https:\/\/www.xn--bgerogting-0cb.dk\/index.php\/vare\/storfamilien-i-skoven-af-jane-werner-og-garth-williams\/","og_site_name":"B\u00f8ger og Ting","article_publisher":"https:\/\/www.facebook.com\/boegerogting\/","article_modified_time":"2023-10-27T14:34:10+00:00","og_image":[{"width":1920,"height":1920,"url":"https:\/\/www.xn--bgerogting-0cb.dk\/wp-content\/uploads\/2023\/10\/Storfamilien-i-skoven-af-Jane-Werner-og-Garth-Williams.jpg","type":"image\/jpeg"}],"twitter_card":"summary_large_image","twitter_misc":{"Pris":"kr.&nbsp;40,00","Tilg\u00e6ngelighed":"P\u00e5 lager"},"schema":{"@context":"https:\/\/schema.org","@graph":[{"@type":"WebPage","@id":"https:\/\/www.xn--bgerogting-0cb.dk\/index.php\/vare\/storfamilien-i-skoven-af-jane-werner-og-garth-williams\/","url":"https:\/\/www.xn--bgerogting-0cb.dk\/index.php\/vare\/storfamilien-i-skoven-af-jane-werner-og-garth-williams\/","name":"Storfamilien i skoven af Jane Werner og Garth Williams - B\u00f8ger og Ting","isPartOf":{"@id":"https:\/\/www.xn--bgerogting-0cb.dk\/#website"},"primaryImageOfPage":{"@id":"https:\/\/www.xn--bgerogting-0cb.dk\/index.php\/vare\/storfamilien-i-skoven-af-jane-werner-og-garth-williams\/#primaryimage"},"image":{"@id":"https:\/\/www.xn--bgerogting-0cb.dk\/index.php\/vare\/storfamilien-i-skoven-af-jane-werner-og-garth-williams\/#primaryimage"},"thumbnailUrl":"https:\/\/i0.wp.com\/www.xn--bgerogting-0cb.dk\/wp-content\/uploads\/2023\/10\/Storfamilien-i-skoven-af-Jane-Werner-og-Garth-Williams.jpg?fit=1920%2C1920&ssl=1","datePublished":"2023-10-27T14:34:09+00:00","dateModified":"2023-10-27T14:34:10+00:00","description":"Storfamilien i skoven af Jane Werner og Garth Williams \u2013 \u00c6lle B\u00e6lle # 137","breadcrumb":{"@id":"https:\/\/www.xn--bgerogting-0cb.dk\/index.php\/vare\/storfamilien-i-skoven-af-jane-werner-og-garth-williams\/#breadcrumb"},"inLanguage":"da-DK","potentialAction":[{"@type":"ReadAction","target":["https:\/\/www.xn--bgerogting-0cb.dk\/index.php\/vare\/storfamilien-i-skoven-af-jane-werner-og-garth-williams\/"]}]},{"@type":"ImageObject","inLanguage":"da-DK","@id":"https:\/\/www.xn--bgerogting-0cb.dk\/index.php\/vare\/storfamilien-i-skoven-af-jane-werner-og-garth-williams\/#primaryimage","url":"https:\/\/i0.wp.com\/www.xn--bgerogting-0cb.dk\/wp-content\/uploads\/2023\/10\/Storfamilien-i-skoven-af-Jane-Werner-og-Garth-Williams.jpg?fit=1920%2C1920&ssl=1","contentUrl":"https:\/\/i0.wp.com\/www.xn--bgerogting-0cb.dk\/wp-content\/uploads\/2023\/10\/Storfamilien-i-skoven-af-Jane-Werner-og-Garth-Williams.jpg?fit=1920%2C1920&ssl=1","width":1920,"height":1920,"caption":"Storfamilien i skoven af Jane Werner og Garth Williams"},{"@type":"BreadcrumbList","@id":"https:\/\/www.xn--bgerogting-0cb.dk\/index.php\/vare\/storfamilien-i-skoven-af-jane-werner-og-garth-williams\/#breadcrumb","itemListElement":[{"@type":"ListItem","position":1,"name":"Home","item":"https:\/\/www.xn--bgerogting-0cb.dk\/"},{"@type":"ListItem","position":2,"name":"Butik","item":"https:\/\/www.xn--bgerogting-0cb.dk\/index.php\/shop\/"},{"@type":"ListItem","position":3,"name":"Storfamilien i skoven af Jane Werner og Garth Williams"}]},{"@type":"WebSite","@id":"https:\/\/www.xn--bgerogting-0cb.dk\/#website","url":"https:\/\/www.xn--bgerogting-0cb.dk\/","name":"B\u00f8ger og Ting","description":"Antikvarisk, retro, vintage og antik","publisher":{"@id":"https:\/\/www.xn--bgerogting-0cb.dk\/#organization"},"potentialAction":[{"@type":"SearchAction","target":{"@type":"EntryPoint","urlTemplate":"https:\/\/www.xn--bgerogting-0cb.dk\/?s={search_term_string}"},"query-input":{"@type":"PropertyValueSpecification","valueRequired":true,"valueName":"search_term_string"}}],"inLanguage":"da-DK"},{"@type":"Organization","@id":"https:\/\/www.xn--bgerogting-0cb.dk\/#organization","name":"B\u00f8ger og Ting","url":"https:\/\/www.xn--bgerogting-0cb.dk\/","logo":{"@type":"ImageObject","inLanguage":"da-DK","@id":"https:\/\/www.xn--bgerogting-0cb.dk\/#\/schema\/logo\/image\/","url":"https:\/\/i0.wp.com\/www.xn--bgerogting-0cb.dk\/wp-content\/uploads\/2019\/10\/webicon.png?fit=205%2C205&ssl=1","contentUrl":"https:\/\/i0.wp.com\/www.xn--bgerogting-0cb.dk\/wp-content\/uploads\/2019\/10\/webicon.png?fit=205%2C205&ssl=1","width":205,"height":205,"caption":"B\u00f8ger og Ting"},"image":{"@id":"https:\/\/www.xn--bgerogting-0cb.dk\/#\/schema\/logo\/image\/"},"sameAs":["https:\/\/www.facebook.com\/boegerogting\/","https:\/\/www.instagram.com\/bogerogting\/"]}]},"product_price_amount":"40.00","product_price_currency":"DKK","og_availability":"instock","product_availability":"instock","product_retailer_item_id":"9701","product_condition":"new"},"jetpack_sharing_enabled":true,"_links":{"self":[{"href":"https:\/\/www.xn--bgerogting-0cb.dk\/index.php\/wp-json\/wp\/v2\/product\/15171","targetHints":{"allow":["GET"]}}],"collection":[{"href":"https:\/\/www.xn--bgerogting-0cb.dk\/index.php\/wp-json\/wp\/v2\/product"}],"about":[{"href":"https:\/\/www.xn--bgerogting-0cb.dk\/index.php\/wp-json\/wp\/v2\/types\/product"}],"wp:featuredmedia":[{"embeddable":true,"href":"https:\/\/www.xn--bgerogting-0cb.dk\/index.php\/wp-json\/wp\/v2\/media\/15172"}],"wp:attachment":[{"href":"https:\/\/www.xn--bgerogting-0cb.dk\/index.php\/wp-json\/wp\/v2\/media?parent=15171"}],"wp:term":[{"taxonomy":"product_brand","embeddable":true,"href":"https:\/\/www.xn--bgerogting-0cb.dk\/index.php\/wp-json\/wp\/v2\/product_brand?post=15171"},{"taxonomy":"product_cat","embeddable":true,"href":"https:\/\/www.xn--bgerogting-0cb.dk\/index.php\/wp-json\/wp\/v2\/product_cat?post=15171"},{"taxonomy":"product_tag","embeddable":true,"href":"https:\/\/www.xn--bgerogting-0cb.dk\/index.php\/wp-json\/wp\/v2\/product_tag?post=15171"}],"curies":[{"name":"wp","href":"https:\/\/api.w.org\/{rel}","templated":true}]}}