{"id":14724,"date":"2023-08-25T17:04:59","date_gmt":"2023-08-25T15:04:59","guid":{"rendered":"https:\/\/www.xn--bgerogting-0cb.dk\/?post_type=product&#038;p=14724"},"modified":"2023-08-26T12:50:12","modified_gmt":"2023-08-26T10:50:12","slug":"nyhavn-huse-1943-radering-af-nicolaj-hammer","status":"publish","type":"product","link":"https:\/\/www.xn--bgerogting-0cb.dk\/index.php\/vare\/nyhavn-huse-1943-radering-af-nicolaj-hammer\/","title":{"rendered":"Radering af Nicolaj Hammer: &#8220;Nyhavn huse, 1943&#8221;"},"content":{"rendered":"<p>Radering af Nicolaj Hammer &#8220;Nyhavn huse, 1943&#8221;.<br \/>\nSigneret i bly.<br \/>\nIndrammet uden passepartout i p\u00e6n &#8220;s\u00f8lv&#8221; tr\u00e6ramme.<br \/>\nRammem\u00e5l: 47, 5 x 38 cm.<br \/>\nGod stand med lette brugsspor p\u00e5 rammen.<\/p>\n<p>Charmerende billede af det kendte torv med tidstypiske detaljer.<br \/>\nNicolaj Hammer, dansk kunstner (1887-1970).<\/p>\n","protected":false},"excerpt":{"rendered":"<p>Radering af Nicolaj Hammer &#8220;Nyhavn huse, 1943&#8221;.<br \/>\nSigneret i bly.<br \/>\nIndrammet uden passepartout i p\u00e6n &#8220;s\u00f8lv&#8221; tr\u00e6ramme.<br \/>\nRammem\u00e5l: 47, 5 x 38 cm.<br \/>\nGod stand med lette brugsspor p\u00e5 rammen.<\/p>\n<p>Charmerende billede af det kendte torv med tidstypiske detaljer.<br \/>\nNicolaj Hammer, dansk kunstner (1887-1970).<\/p>\n","protected":false},"featured_media":14728,"template":"","meta":[],"product_brand":[],"product_cat":[468,331,36,32],"product_tag":[1405,1404],"class_list":{"0":"post-14724","1":"product","2":"type-product","3":"status-publish","4":"has-post-thumbnail","6":"product_cat-1900-tallet","7":"product_cat-1940erne","8":"product_cat-ting-i-rammer","9":"product_cat-ting","10":"product_tag-nicolaj-hammer","11":"product_tag-raderinger","13":"first","14":"instock","15":"shipping-taxable","16":"purchasable","17":"product-type-simple"},"yoast_head":"<!-- This site is optimized with the Yoast SEO Premium plugin v27.4 (Yoast SEO v27.5) - https:\/\/yoast.com\/product\/yoast-seo-premium-wordpress\/ -->\n<title>Radering af Nicolaj Hammer: &quot;Nyhavn huse, 1943&quot; - B\u00f8ger og Ting<\/title>\n<meta name=\"description\" content=\"Radering af Nicolaj Hammer &quot;Nyhavn huse, 1943&quot; - Signeret i bly - Rammem\u00e5l: 47, 5 x 38 cm.\u00a0- God stand med lette brugsspor p\u00e5 rammen.\" \/>\n<meta name=\"robots\" content=\"index, follow, max-snippet:-1, max-image-preview:large, max-video-preview:-1\" \/>\n<link rel=\"canonical\" href=\"https:\/\/www.xn--bgerogting-0cb.dk\/index.php\/vare\/nyhavn-huse-1943-radering-af-nicolaj-hammer\/\" \/>\n<meta property=\"og:locale\" content=\"da_DK\" \/>\n<meta property=\"og:type\" content=\"article\" \/>\n<meta property=\"og:title\" content=\"Radering af Nicolaj Hammer: &quot;Nyhavn huse, 1943&quot;\" \/>\n<meta property=\"og:description\" content=\"Radering af Nicolaj Hammer &quot;Nyhavn huse, 1943&quot; - Signeret i bly - Rammem\u00e5l: 47, 5 x 38 cm.\u00a0- God stand med lette brugsspor p\u00e5 rammen.\" \/>\n<meta property=\"og:url\" content=\"https:\/\/www.xn--bgerogting-0cb.dk\/index.php\/vare\/nyhavn-huse-1943-radering-af-nicolaj-hammer\/\" \/>\n<meta property=\"og:site_name\" content=\"B\u00f8ger og Ting\" \/>\n<meta property=\"article:publisher\" content=\"https:\/\/www.facebook.com\/boegerogting\/\" \/>\n<meta property=\"article:modified_time\" content=\"2023-08-26T10:50:12+00:00\" \/>\n<meta property=\"og:image\" content=\"https:\/\/www.xn--bgerogting-0cb.dk\/wp-content\/uploads\/2023\/08\/Nyhavn-huse-1943.jpg\" \/>\n\t<meta property=\"og:image:width\" content=\"1920\" \/>\n\t<meta property=\"og:image:height\" content=\"1920\" \/>\n\t<meta property=\"og:image:type\" content=\"image\/jpeg\" \/>\n<meta name=\"twitter:card\" content=\"summary_large_image\" \/>\n<meta name=\"twitter:label1\" content=\"Pris\" \/>\n\t<meta name=\"twitter:data1\" content=\"kr.&nbsp;450,00\" \/>\n\t<meta name=\"twitter:label2\" content=\"Tilg\u00e6ngelighed\" \/>\n\t<meta name=\"twitter:data2\" content=\"P\u00e5 lager\" \/>\n<script type=\"application\/ld+json\" class=\"yoast-schema-graph\">{\"@context\":\"https:\\\/\\\/schema.org\",\"@graph\":[{\"@type\":\"WebPage\",\"@id\":\"https:\\\/\\\/www.xn--bgerogting-0cb.dk\\\/index.php\\\/vare\\\/nyhavn-huse-1943-radering-af-nicolaj-hammer\\\/\",\"url\":\"https:\\\/\\\/www.xn--bgerogting-0cb.dk\\\/index.php\\\/vare\\\/nyhavn-huse-1943-radering-af-nicolaj-hammer\\\/\",\"name\":\"Radering af Nicolaj Hammer: \\\"Nyhavn huse, 1943\\\" - B\u00f8ger og Ting\",\"isPartOf\":{\"@id\":\"https:\\\/\\\/www.xn--bgerogting-0cb.dk\\\/#website\"},\"primaryImageOfPage\":{\"@id\":\"https:\\\/\\\/www.xn--bgerogting-0cb.dk\\\/index.php\\\/vare\\\/nyhavn-huse-1943-radering-af-nicolaj-hammer\\\/#primaryimage\"},\"image\":{\"@id\":\"https:\\\/\\\/www.xn--bgerogting-0cb.dk\\\/index.php\\\/vare\\\/nyhavn-huse-1943-radering-af-nicolaj-hammer\\\/#primaryimage\"},\"thumbnailUrl\":\"https:\\\/\\\/i0.wp.com\\\/www.xn--bgerogting-0cb.dk\\\/wp-content\\\/uploads\\\/2023\\\/08\\\/Nyhavn-huse-1943.jpg?fit=1920%2C1920&ssl=1\",\"datePublished\":\"2023-08-25T15:04:59+00:00\",\"dateModified\":\"2023-08-26T10:50:12+00:00\",\"description\":\"Radering af Nicolaj Hammer \\\"Nyhavn huse, 1943\\\" - Signeret i bly - Rammem\u00e5l: 47, 5 x 38 cm.\u00a0- God stand med lette brugsspor p\u00e5 rammen.\",\"breadcrumb\":{\"@id\":\"https:\\\/\\\/www.xn--bgerogting-0cb.dk\\\/index.php\\\/vare\\\/nyhavn-huse-1943-radering-af-nicolaj-hammer\\\/#breadcrumb\"},\"inLanguage\":\"da-DK\",\"potentialAction\":[{\"@type\":\"ReadAction\",\"target\":[\"https:\\\/\\\/www.xn--bgerogting-0cb.dk\\\/index.php\\\/vare\\\/nyhavn-huse-1943-radering-af-nicolaj-hammer\\\/\"]}]},{\"@type\":\"ImageObject\",\"inLanguage\":\"da-DK\",\"@id\":\"https:\\\/\\\/www.xn--bgerogting-0cb.dk\\\/index.php\\\/vare\\\/nyhavn-huse-1943-radering-af-nicolaj-hammer\\\/#primaryimage\",\"url\":\"https:\\\/\\\/i0.wp.com\\\/www.xn--bgerogting-0cb.dk\\\/wp-content\\\/uploads\\\/2023\\\/08\\\/Nyhavn-huse-1943.jpg?fit=1920%2C1920&ssl=1\",\"contentUrl\":\"https:\\\/\\\/i0.wp.com\\\/www.xn--bgerogting-0cb.dk\\\/wp-content\\\/uploads\\\/2023\\\/08\\\/Nyhavn-huse-1943.jpg?fit=1920%2C1920&ssl=1\",\"width\":1920,\"height\":1920,\"caption\":\"Nyhavn huse, 1943\"},{\"@type\":\"BreadcrumbList\",\"@id\":\"https:\\\/\\\/www.xn--bgerogting-0cb.dk\\\/index.php\\\/vare\\\/nyhavn-huse-1943-radering-af-nicolaj-hammer\\\/#breadcrumb\",\"itemListElement\":[{\"@type\":\"ListItem\",\"position\":1,\"name\":\"Home\",\"item\":\"https:\\\/\\\/www.xn--bgerogting-0cb.dk\\\/\"},{\"@type\":\"ListItem\",\"position\":2,\"name\":\"Butik\",\"item\":\"https:\\\/\\\/www.xn--bgerogting-0cb.dk\\\/index.php\\\/shop\\\/\"},{\"@type\":\"ListItem\",\"position\":3,\"name\":\"Radering af Nicolaj Hammer: &#8220;Nyhavn huse, 1943&#8221;\"}]},{\"@type\":\"WebSite\",\"@id\":\"https:\\\/\\\/www.xn--bgerogting-0cb.dk\\\/#website\",\"url\":\"https:\\\/\\\/www.xn--bgerogting-0cb.dk\\\/\",\"name\":\"B\u00f8ger og Ting\",\"description\":\"Antikvarisk, retro, vintage og antik\",\"publisher\":{\"@id\":\"https:\\\/\\\/www.xn--bgerogting-0cb.dk\\\/#organization\"},\"potentialAction\":[{\"@type\":\"SearchAction\",\"target\":{\"@type\":\"EntryPoint\",\"urlTemplate\":\"https:\\\/\\\/www.xn--bgerogting-0cb.dk\\\/?s={search_term_string}\"},\"query-input\":{\"@type\":\"PropertyValueSpecification\",\"valueRequired\":true,\"valueName\":\"search_term_string\"}}],\"inLanguage\":\"da-DK\"},{\"@type\":\"Organization\",\"@id\":\"https:\\\/\\\/www.xn--bgerogting-0cb.dk\\\/#organization\",\"name\":\"B\u00f8ger og Ting\",\"url\":\"https:\\\/\\\/www.xn--bgerogting-0cb.dk\\\/\",\"logo\":{\"@type\":\"ImageObject\",\"inLanguage\":\"da-DK\",\"@id\":\"https:\\\/\\\/www.xn--bgerogting-0cb.dk\\\/#\\\/schema\\\/logo\\\/image\\\/\",\"url\":\"https:\\\/\\\/i0.wp.com\\\/www.xn--bgerogting-0cb.dk\\\/wp-content\\\/uploads\\\/2019\\\/10\\\/webicon.png?fit=205%2C205&ssl=1\",\"contentUrl\":\"https:\\\/\\\/i0.wp.com\\\/www.xn--bgerogting-0cb.dk\\\/wp-content\\\/uploads\\\/2019\\\/10\\\/webicon.png?fit=205%2C205&ssl=1\",\"width\":205,\"height\":205,\"caption\":\"B\u00f8ger og Ting\"},\"image\":{\"@id\":\"https:\\\/\\\/www.xn--bgerogting-0cb.dk\\\/#\\\/schema\\\/logo\\\/image\\\/\"},\"sameAs\":[\"https:\\\/\\\/www.facebook.com\\\/boegerogting\\\/\",\"https:\\\/\\\/www.instagram.com\\\/bogerogting\\\/\"]}]}<\/script>\n<meta property=\"product:price:amount\" content=\"450.00\" \/>\n<meta property=\"product:price:currency\" content=\"DKK\" \/>\n<meta property=\"og:availability\" content=\"instock\" \/>\n<meta property=\"product:availability\" content=\"instock\" \/>\n<meta property=\"product:retailer_item_id\" content=\"9794\" \/>\n<meta property=\"product:condition\" content=\"new\" \/>\n<!-- \/ Yoast SEO Premium plugin. -->","yoast_head_json":{"title":"Radering af Nicolaj Hammer: \"Nyhavn huse, 1943\" - B\u00f8ger og Ting","description":"Radering af Nicolaj Hammer \"Nyhavn huse, 1943\" - Signeret i bly - Rammem\u00e5l: 47, 5 x 38 cm.\u00a0- God stand med lette brugsspor p\u00e5 rammen.","robots":{"index":"index","follow":"follow","max-snippet":"max-snippet:-1","max-image-preview":"max-image-preview:large","max-video-preview":"max-video-preview:-1"},"canonical":"https:\/\/www.xn--bgerogting-0cb.dk\/index.php\/vare\/nyhavn-huse-1943-radering-af-nicolaj-hammer\/","og_locale":"da_DK","og_type":"article","og_title":"Radering af Nicolaj Hammer: \"Nyhavn huse, 1943\"","og_description":"Radering af Nicolaj Hammer \"Nyhavn huse, 1943\" - Signeret i bly - Rammem\u00e5l: 47, 5 x 38 cm.\u00a0- God stand med lette brugsspor p\u00e5 rammen.","og_url":"https:\/\/www.xn--bgerogting-0cb.dk\/index.php\/vare\/nyhavn-huse-1943-radering-af-nicolaj-hammer\/","og_site_name":"B\u00f8ger og Ting","article_publisher":"https:\/\/www.facebook.com\/boegerogting\/","article_modified_time":"2023-08-26T10:50:12+00:00","og_image":[{"width":1920,"height":1920,"url":"https:\/\/www.xn--bgerogting-0cb.dk\/wp-content\/uploads\/2023\/08\/Nyhavn-huse-1943.jpg","type":"image\/jpeg"}],"twitter_card":"summary_large_image","twitter_misc":{"Pris":"kr.&nbsp;450,00","Tilg\u00e6ngelighed":"P\u00e5 lager"},"schema":{"@context":"https:\/\/schema.org","@graph":[{"@type":"WebPage","@id":"https:\/\/www.xn--bgerogting-0cb.dk\/index.php\/vare\/nyhavn-huse-1943-radering-af-nicolaj-hammer\/","url":"https:\/\/www.xn--bgerogting-0cb.dk\/index.php\/vare\/nyhavn-huse-1943-radering-af-nicolaj-hammer\/","name":"Radering af Nicolaj Hammer: \"Nyhavn huse, 1943\" - B\u00f8ger og Ting","isPartOf":{"@id":"https:\/\/www.xn--bgerogting-0cb.dk\/#website"},"primaryImageOfPage":{"@id":"https:\/\/www.xn--bgerogting-0cb.dk\/index.php\/vare\/nyhavn-huse-1943-radering-af-nicolaj-hammer\/#primaryimage"},"image":{"@id":"https:\/\/www.xn--bgerogting-0cb.dk\/index.php\/vare\/nyhavn-huse-1943-radering-af-nicolaj-hammer\/#primaryimage"},"thumbnailUrl":"https:\/\/i0.wp.com\/www.xn--bgerogting-0cb.dk\/wp-content\/uploads\/2023\/08\/Nyhavn-huse-1943.jpg?fit=1920%2C1920&ssl=1","datePublished":"2023-08-25T15:04:59+00:00","dateModified":"2023-08-26T10:50:12+00:00","description":"Radering af Nicolaj Hammer \"Nyhavn huse, 1943\" - Signeret i bly - Rammem\u00e5l: 47, 5 x 38 cm.\u00a0- God stand med lette brugsspor p\u00e5 rammen.","breadcrumb":{"@id":"https:\/\/www.xn--bgerogting-0cb.dk\/index.php\/vare\/nyhavn-huse-1943-radering-af-nicolaj-hammer\/#breadcrumb"},"inLanguage":"da-DK","potentialAction":[{"@type":"ReadAction","target":["https:\/\/www.xn--bgerogting-0cb.dk\/index.php\/vare\/nyhavn-huse-1943-radering-af-nicolaj-hammer\/"]}]},{"@type":"ImageObject","inLanguage":"da-DK","@id":"https:\/\/www.xn--bgerogting-0cb.dk\/index.php\/vare\/nyhavn-huse-1943-radering-af-nicolaj-hammer\/#primaryimage","url":"https:\/\/i0.wp.com\/www.xn--bgerogting-0cb.dk\/wp-content\/uploads\/2023\/08\/Nyhavn-huse-1943.jpg?fit=1920%2C1920&ssl=1","contentUrl":"https:\/\/i0.wp.com\/www.xn--bgerogting-0cb.dk\/wp-content\/uploads\/2023\/08\/Nyhavn-huse-1943.jpg?fit=1920%2C1920&ssl=1","width":1920,"height":1920,"caption":"Nyhavn huse, 1943"},{"@type":"BreadcrumbList","@id":"https:\/\/www.xn--bgerogting-0cb.dk\/index.php\/vare\/nyhavn-huse-1943-radering-af-nicolaj-hammer\/#breadcrumb","itemListElement":[{"@type":"ListItem","position":1,"name":"Home","item":"https:\/\/www.xn--bgerogting-0cb.dk\/"},{"@type":"ListItem","position":2,"name":"Butik","item":"https:\/\/www.xn--bgerogting-0cb.dk\/index.php\/shop\/"},{"@type":"ListItem","position":3,"name":"Radering af Nicolaj Hammer: &#8220;Nyhavn huse, 1943&#8221;"}]},{"@type":"WebSite","@id":"https:\/\/www.xn--bgerogting-0cb.dk\/#website","url":"https:\/\/www.xn--bgerogting-0cb.dk\/","name":"B\u00f8ger og Ting","description":"Antikvarisk, retro, vintage og antik","publisher":{"@id":"https:\/\/www.xn--bgerogting-0cb.dk\/#organization"},"potentialAction":[{"@type":"SearchAction","target":{"@type":"EntryPoint","urlTemplate":"https:\/\/www.xn--bgerogting-0cb.dk\/?s={search_term_string}"},"query-input":{"@type":"PropertyValueSpecification","valueRequired":true,"valueName":"search_term_string"}}],"inLanguage":"da-DK"},{"@type":"Organization","@id":"https:\/\/www.xn--bgerogting-0cb.dk\/#organization","name":"B\u00f8ger og Ting","url":"https:\/\/www.xn--bgerogting-0cb.dk\/","logo":{"@type":"ImageObject","inLanguage":"da-DK","@id":"https:\/\/www.xn--bgerogting-0cb.dk\/#\/schema\/logo\/image\/","url":"https:\/\/i0.wp.com\/www.xn--bgerogting-0cb.dk\/wp-content\/uploads\/2019\/10\/webicon.png?fit=205%2C205&ssl=1","contentUrl":"https:\/\/i0.wp.com\/www.xn--bgerogting-0cb.dk\/wp-content\/uploads\/2019\/10\/webicon.png?fit=205%2C205&ssl=1","width":205,"height":205,"caption":"B\u00f8ger og Ting"},"image":{"@id":"https:\/\/www.xn--bgerogting-0cb.dk\/#\/schema\/logo\/image\/"},"sameAs":["https:\/\/www.facebook.com\/boegerogting\/","https:\/\/www.instagram.com\/bogerogting\/"]}]},"product_price_amount":"450.00","product_price_currency":"DKK","og_availability":"instock","product_availability":"instock","product_retailer_item_id":"9794","product_condition":"new"},"jetpack_sharing_enabled":true,"_links":{"self":[{"href":"https:\/\/www.xn--bgerogting-0cb.dk\/index.php\/wp-json\/wp\/v2\/product\/14724","targetHints":{"allow":["GET"]}}],"collection":[{"href":"https:\/\/www.xn--bgerogting-0cb.dk\/index.php\/wp-json\/wp\/v2\/product"}],"about":[{"href":"https:\/\/www.xn--bgerogting-0cb.dk\/index.php\/wp-json\/wp\/v2\/types\/product"}],"wp:featuredmedia":[{"embeddable":true,"href":"https:\/\/www.xn--bgerogting-0cb.dk\/index.php\/wp-json\/wp\/v2\/media\/14728"}],"wp:attachment":[{"href":"https:\/\/www.xn--bgerogting-0cb.dk\/index.php\/wp-json\/wp\/v2\/media?parent=14724"}],"wp:term":[{"taxonomy":"product_brand","embeddable":true,"href":"https:\/\/www.xn--bgerogting-0cb.dk\/index.php\/wp-json\/wp\/v2\/product_brand?post=14724"},{"taxonomy":"product_cat","embeddable":true,"href":"https:\/\/www.xn--bgerogting-0cb.dk\/index.php\/wp-json\/wp\/v2\/product_cat?post=14724"},{"taxonomy":"product_tag","embeddable":true,"href":"https:\/\/www.xn--bgerogting-0cb.dk\/index.php\/wp-json\/wp\/v2\/product_tag?post=14724"}],"curies":[{"name":"wp","href":"https:\/\/api.w.org\/{rel}","templated":true}]}}