{"id":14594,"date":"2023-08-08T21:01:42","date_gmt":"2023-08-08T19:01:42","guid":{"rendered":"https:\/\/www.xn--bgerogting-0cb.dk\/?post_type=product&#038;p=14594"},"modified":"2023-08-08T21:13:06","modified_gmt":"2023-08-08T19:13:06","slug":"villy-vilddyr-af-maurice-sendak","status":"publish","type":"product","link":"https:\/\/www.xn--bgerogting-0cb.dk\/index.php\/vare\/villy-vilddyr-af-maurice-sendak\/","title":{"rendered":"Villy Vilddyr af Maurice Sendak"},"content":{"rendered":"<p>Villy Vilddyr af Maurice Sendak.<br \/>\nH\u00f8st &amp; S\u00f8n, 2001 &#8211; 3. udgave (Spiren) &#8211; H\u00e6ftet hardback.<br \/>\nIllustreret af forfatteren &#8211; Amerikansk originaltitel: Where the Wild Things Go, 1963.<br \/>\nFin stand, dog er ryggen let gulnet. Overstreget ejernavn p\u00e5 forsats.<\/p>\n<p>Villy Vilddyr er en af de helt store b\u00f8rnebogsklassikere &#8211; elsket af store og sm\u00e5!<br \/>\nDen begynder s\u00e5dan her: &#8220;Om aftenen tog Villy sin ulvedragt p\u00e5 og lavede den ene skarnsstreg efter den anden &#8230;. &#8221;<br \/>\nHan truer med at \u00e6de sin mor og bliver sendt i seng uden aftensmad. Men s\u00e5 sker der noget m\u00e6rkeligt! Der vokser en skov op i Villys v\u00e6relse. Bag skoven er havet og Villy sejler gennem nat og dag til det sted HVOR VILDDYRENE BOR!!!<\/p>\n","protected":false},"excerpt":{"rendered":"<p>Villy Vilddyr af Maurice Sendak.<br \/>\nH\u00f8st &amp; S\u00f8n, 2001 &#8211; 3. udgave (Spiren) &#8211; H\u00e6ftet hardback.<br \/>\nIllustreret af forfatteren &#8211; Amerikansk originaltitel: Where the Wild Things Go, 1963.<br \/>\nFin stand, dog er ryggen let gulnet. Overstreget ejernavn p\u00e5 forsats.<\/p>\n<p>Villy Vilddyr er en af de helt store b\u00f8rnebogsklassikere &#8211; elsket af store og sm\u00e5!<br \/>\nDen begynder s\u00e5dan her: &#8220;Om aftenen tog Villy sin ulvedragt p\u00e5 og lavede den ene skarnsstreg efter den anden &#8230;. &#8221;<br \/>\nHan truer med at \u00e6de sin mor og bliver sendt i seng uden aftensmad. Men s\u00e5 sker der noget m\u00e6rkeligt! Der vokser en skov op i Villys v\u00e6relse. Bag skoven er havet og Villy sejler gennem nat og dag til det sted HVOR VILDDYRENE BOR!!!<\/p>\n","protected":false},"featured_media":14597,"template":"","meta":[],"product_brand":[],"product_cat":[61,126,81,416,27,35],"product_tag":[219,108,322],"class_list":{"0":"post-14594","1":"product","2":"type-product","3":"status-publish","4":"has-post-thumbnail","6":"product_cat-alle-tiders-boerneboeger-1960-1969","7":"product_cat-alle-tiders-boerneboeger-2000-2009","8":"product_cat-billedboeger","9":"product_cat-voksne","10":"product_cat-boeger","11":"product_cat-barneboger","12":"product_tag-amerikansk","13":"product_tag-billedbogsklassiker","14":"product_tag-maurice-sendak","16":"first","17":"outofstock","18":"shipping-taxable","19":"purchasable","20":"product-type-simple"},"yoast_head":"<!-- This site is optimized with the Yoast SEO Premium plugin v27.4 (Yoast SEO v27.5) - https:\/\/yoast.com\/product\/yoast-seo-premium-wordpress\/ -->\n<title>Villy Vilddyr af Maurice Sendak - B\u00f8ger og Ting<\/title>\n<meta name=\"description\" content=\"Villy Vilddyr af Maurice Sendak - H\u00f8st &amp; S\u00f8n, 2001 - 3. udgave (Spiren) - H\u00e6ftet hardback - Fin stand.\" \/>\n<meta name=\"robots\" content=\"index, follow, max-snippet:-1, max-image-preview:large, max-video-preview:-1\" \/>\n<link rel=\"canonical\" href=\"https:\/\/www.xn--bgerogting-0cb.dk\/index.php\/vare\/villy-vilddyr-af-maurice-sendak\/\" \/>\n<meta property=\"og:locale\" content=\"da_DK\" \/>\n<meta property=\"og:type\" content=\"article\" \/>\n<meta property=\"og:title\" content=\"Villy Vilddyr af Maurice Sendak\" \/>\n<meta property=\"og:description\" content=\"Villy Vilddyr af Maurice Sendak - H\u00f8st &amp; S\u00f8n, 2001 - 3. udgave (Spiren) - H\u00e6ftet hardback - Fin stand.\" \/>\n<meta property=\"og:url\" content=\"https:\/\/www.xn--bgerogting-0cb.dk\/index.php\/vare\/villy-vilddyr-af-maurice-sendak\/\" \/>\n<meta property=\"og:site_name\" content=\"B\u00f8ger og Ting\" \/>\n<meta property=\"article:publisher\" content=\"https:\/\/www.facebook.com\/boegerogting\/\" \/>\n<meta property=\"article:modified_time\" content=\"2023-08-08T19:13:06+00:00\" \/>\n<meta property=\"og:image\" content=\"https:\/\/www.xn--bgerogting-0cb.dk\/wp-content\/uploads\/2023\/08\/Villy-Vilddyr-af-Maurice-Sendak.jpg\" \/>\n\t<meta property=\"og:image:width\" content=\"1920\" \/>\n\t<meta property=\"og:image:height\" content=\"1920\" \/>\n\t<meta property=\"og:image:type\" content=\"image\/jpeg\" \/>\n<meta name=\"twitter:card\" content=\"summary_large_image\" \/>\n<meta name=\"twitter:label1\" content=\"Pris\" \/>\n\t<meta name=\"twitter:data1\" content=\"kr.&nbsp;225,00\" \/>\n\t<meta name=\"twitter:label2\" content=\"Tilg\u00e6ngelighed\" \/>\n\t<meta name=\"twitter:data2\" content=\"Ikke p\u00e5 lager\" \/>\n<script type=\"application\/ld+json\" class=\"yoast-schema-graph\">{\"@context\":\"https:\\\/\\\/schema.org\",\"@graph\":[{\"@type\":\"WebPage\",\"@id\":\"https:\\\/\\\/www.xn--bgerogting-0cb.dk\\\/index.php\\\/vare\\\/villy-vilddyr-af-maurice-sendak\\\/\",\"url\":\"https:\\\/\\\/www.xn--bgerogting-0cb.dk\\\/index.php\\\/vare\\\/villy-vilddyr-af-maurice-sendak\\\/\",\"name\":\"Villy Vilddyr af Maurice Sendak - B\u00f8ger og Ting\",\"isPartOf\":{\"@id\":\"https:\\\/\\\/www.xn--bgerogting-0cb.dk\\\/#website\"},\"primaryImageOfPage\":{\"@id\":\"https:\\\/\\\/www.xn--bgerogting-0cb.dk\\\/index.php\\\/vare\\\/villy-vilddyr-af-maurice-sendak\\\/#primaryimage\"},\"image\":{\"@id\":\"https:\\\/\\\/www.xn--bgerogting-0cb.dk\\\/index.php\\\/vare\\\/villy-vilddyr-af-maurice-sendak\\\/#primaryimage\"},\"thumbnailUrl\":\"https:\\\/\\\/i0.wp.com\\\/www.xn--bgerogting-0cb.dk\\\/wp-content\\\/uploads\\\/2023\\\/08\\\/Villy-Vilddyr-af-Maurice-Sendak.jpg?fit=1920%2C1920&ssl=1\",\"datePublished\":\"2023-08-08T19:01:42+00:00\",\"dateModified\":\"2023-08-08T19:13:06+00:00\",\"description\":\"Villy Vilddyr af Maurice Sendak - H\u00f8st & S\u00f8n, 2001 - 3. udgave (Spiren) - H\u00e6ftet hardback - Fin stand.\",\"breadcrumb\":{\"@id\":\"https:\\\/\\\/www.xn--bgerogting-0cb.dk\\\/index.php\\\/vare\\\/villy-vilddyr-af-maurice-sendak\\\/#breadcrumb\"},\"inLanguage\":\"da-DK\",\"potentialAction\":[{\"@type\":\"ReadAction\",\"target\":[\"https:\\\/\\\/www.xn--bgerogting-0cb.dk\\\/index.php\\\/vare\\\/villy-vilddyr-af-maurice-sendak\\\/\"]}]},{\"@type\":\"ImageObject\",\"inLanguage\":\"da-DK\",\"@id\":\"https:\\\/\\\/www.xn--bgerogting-0cb.dk\\\/index.php\\\/vare\\\/villy-vilddyr-af-maurice-sendak\\\/#primaryimage\",\"url\":\"https:\\\/\\\/i0.wp.com\\\/www.xn--bgerogting-0cb.dk\\\/wp-content\\\/uploads\\\/2023\\\/08\\\/Villy-Vilddyr-af-Maurice-Sendak.jpg?fit=1920%2C1920&ssl=1\",\"contentUrl\":\"https:\\\/\\\/i0.wp.com\\\/www.xn--bgerogting-0cb.dk\\\/wp-content\\\/uploads\\\/2023\\\/08\\\/Villy-Vilddyr-af-Maurice-Sendak.jpg?fit=1920%2C1920&ssl=1\",\"width\":1920,\"height\":1920,\"caption\":\"Villy Vilddyr af Maurice Sendak\"},{\"@type\":\"BreadcrumbList\",\"@id\":\"https:\\\/\\\/www.xn--bgerogting-0cb.dk\\\/index.php\\\/vare\\\/villy-vilddyr-af-maurice-sendak\\\/#breadcrumb\",\"itemListElement\":[{\"@type\":\"ListItem\",\"position\":1,\"name\":\"Home\",\"item\":\"https:\\\/\\\/www.xn--bgerogting-0cb.dk\\\/\"},{\"@type\":\"ListItem\",\"position\":2,\"name\":\"Butik\",\"item\":\"https:\\\/\\\/www.xn--bgerogting-0cb.dk\\\/index.php\\\/shop\\\/\"},{\"@type\":\"ListItem\",\"position\":3,\"name\":\"Villy Vilddyr af Maurice Sendak\"}]},{\"@type\":\"WebSite\",\"@id\":\"https:\\\/\\\/www.xn--bgerogting-0cb.dk\\\/#website\",\"url\":\"https:\\\/\\\/www.xn--bgerogting-0cb.dk\\\/\",\"name\":\"B\u00f8ger og Ting\",\"description\":\"Antikvarisk, retro, vintage og antik\",\"publisher\":{\"@id\":\"https:\\\/\\\/www.xn--bgerogting-0cb.dk\\\/#organization\"},\"potentialAction\":[{\"@type\":\"SearchAction\",\"target\":{\"@type\":\"EntryPoint\",\"urlTemplate\":\"https:\\\/\\\/www.xn--bgerogting-0cb.dk\\\/?s={search_term_string}\"},\"query-input\":{\"@type\":\"PropertyValueSpecification\",\"valueRequired\":true,\"valueName\":\"search_term_string\"}}],\"inLanguage\":\"da-DK\"},{\"@type\":\"Organization\",\"@id\":\"https:\\\/\\\/www.xn--bgerogting-0cb.dk\\\/#organization\",\"name\":\"B\u00f8ger og Ting\",\"url\":\"https:\\\/\\\/www.xn--bgerogting-0cb.dk\\\/\",\"logo\":{\"@type\":\"ImageObject\",\"inLanguage\":\"da-DK\",\"@id\":\"https:\\\/\\\/www.xn--bgerogting-0cb.dk\\\/#\\\/schema\\\/logo\\\/image\\\/\",\"url\":\"https:\\\/\\\/i0.wp.com\\\/www.xn--bgerogting-0cb.dk\\\/wp-content\\\/uploads\\\/2019\\\/10\\\/webicon.png?fit=205%2C205&ssl=1\",\"contentUrl\":\"https:\\\/\\\/i0.wp.com\\\/www.xn--bgerogting-0cb.dk\\\/wp-content\\\/uploads\\\/2019\\\/10\\\/webicon.png?fit=205%2C205&ssl=1\",\"width\":205,\"height\":205,\"caption\":\"B\u00f8ger og Ting\"},\"image\":{\"@id\":\"https:\\\/\\\/www.xn--bgerogting-0cb.dk\\\/#\\\/schema\\\/logo\\\/image\\\/\"},\"sameAs\":[\"https:\\\/\\\/www.facebook.com\\\/boegerogting\\\/\",\"https:\\\/\\\/www.instagram.com\\\/bogerogting\\\/\"]}]}<\/script>\n<meta property=\"product:price:amount\" content=\"225.00\" \/>\n<meta property=\"product:price:currency\" content=\"DKK\" \/>\n<meta property=\"og:availability\" content=\"out of stock\" \/>\n<meta property=\"product:availability\" content=\"out of stock\" \/>\n<meta property=\"product:retailer_item_id\" content=\"9612\" \/>\n<meta property=\"product:condition\" content=\"new\" \/>\n<!-- \/ Yoast SEO Premium plugin. -->","yoast_head_json":{"title":"Villy Vilddyr af Maurice Sendak - B\u00f8ger og Ting","description":"Villy Vilddyr af Maurice Sendak - H\u00f8st & S\u00f8n, 2001 - 3. udgave (Spiren) - H\u00e6ftet hardback - Fin stand.","robots":{"index":"index","follow":"follow","max-snippet":"max-snippet:-1","max-image-preview":"max-image-preview:large","max-video-preview":"max-video-preview:-1"},"canonical":"https:\/\/www.xn--bgerogting-0cb.dk\/index.php\/vare\/villy-vilddyr-af-maurice-sendak\/","og_locale":"da_DK","og_type":"article","og_title":"Villy Vilddyr af Maurice Sendak","og_description":"Villy Vilddyr af Maurice Sendak - H\u00f8st & S\u00f8n, 2001 - 3. udgave (Spiren) - H\u00e6ftet hardback - Fin stand.","og_url":"https:\/\/www.xn--bgerogting-0cb.dk\/index.php\/vare\/villy-vilddyr-af-maurice-sendak\/","og_site_name":"B\u00f8ger og Ting","article_publisher":"https:\/\/www.facebook.com\/boegerogting\/","article_modified_time":"2023-08-08T19:13:06+00:00","og_image":[{"width":1920,"height":1920,"url":"https:\/\/www.xn--bgerogting-0cb.dk\/wp-content\/uploads\/2023\/08\/Villy-Vilddyr-af-Maurice-Sendak.jpg","type":"image\/jpeg"}],"twitter_card":"summary_large_image","twitter_misc":{"Pris":"kr.&nbsp;225,00","Tilg\u00e6ngelighed":"Ikke p\u00e5 lager"},"schema":{"@context":"https:\/\/schema.org","@graph":[{"@type":"WebPage","@id":"https:\/\/www.xn--bgerogting-0cb.dk\/index.php\/vare\/villy-vilddyr-af-maurice-sendak\/","url":"https:\/\/www.xn--bgerogting-0cb.dk\/index.php\/vare\/villy-vilddyr-af-maurice-sendak\/","name":"Villy Vilddyr af Maurice Sendak - B\u00f8ger og Ting","isPartOf":{"@id":"https:\/\/www.xn--bgerogting-0cb.dk\/#website"},"primaryImageOfPage":{"@id":"https:\/\/www.xn--bgerogting-0cb.dk\/index.php\/vare\/villy-vilddyr-af-maurice-sendak\/#primaryimage"},"image":{"@id":"https:\/\/www.xn--bgerogting-0cb.dk\/index.php\/vare\/villy-vilddyr-af-maurice-sendak\/#primaryimage"},"thumbnailUrl":"https:\/\/i0.wp.com\/www.xn--bgerogting-0cb.dk\/wp-content\/uploads\/2023\/08\/Villy-Vilddyr-af-Maurice-Sendak.jpg?fit=1920%2C1920&ssl=1","datePublished":"2023-08-08T19:01:42+00:00","dateModified":"2023-08-08T19:13:06+00:00","description":"Villy Vilddyr af Maurice Sendak - H\u00f8st & S\u00f8n, 2001 - 3. udgave (Spiren) - H\u00e6ftet hardback - Fin stand.","breadcrumb":{"@id":"https:\/\/www.xn--bgerogting-0cb.dk\/index.php\/vare\/villy-vilddyr-af-maurice-sendak\/#breadcrumb"},"inLanguage":"da-DK","potentialAction":[{"@type":"ReadAction","target":["https:\/\/www.xn--bgerogting-0cb.dk\/index.php\/vare\/villy-vilddyr-af-maurice-sendak\/"]}]},{"@type":"ImageObject","inLanguage":"da-DK","@id":"https:\/\/www.xn--bgerogting-0cb.dk\/index.php\/vare\/villy-vilddyr-af-maurice-sendak\/#primaryimage","url":"https:\/\/i0.wp.com\/www.xn--bgerogting-0cb.dk\/wp-content\/uploads\/2023\/08\/Villy-Vilddyr-af-Maurice-Sendak.jpg?fit=1920%2C1920&ssl=1","contentUrl":"https:\/\/i0.wp.com\/www.xn--bgerogting-0cb.dk\/wp-content\/uploads\/2023\/08\/Villy-Vilddyr-af-Maurice-Sendak.jpg?fit=1920%2C1920&ssl=1","width":1920,"height":1920,"caption":"Villy Vilddyr af Maurice Sendak"},{"@type":"BreadcrumbList","@id":"https:\/\/www.xn--bgerogting-0cb.dk\/index.php\/vare\/villy-vilddyr-af-maurice-sendak\/#breadcrumb","itemListElement":[{"@type":"ListItem","position":1,"name":"Home","item":"https:\/\/www.xn--bgerogting-0cb.dk\/"},{"@type":"ListItem","position":2,"name":"Butik","item":"https:\/\/www.xn--bgerogting-0cb.dk\/index.php\/shop\/"},{"@type":"ListItem","position":3,"name":"Villy Vilddyr af Maurice Sendak"}]},{"@type":"WebSite","@id":"https:\/\/www.xn--bgerogting-0cb.dk\/#website","url":"https:\/\/www.xn--bgerogting-0cb.dk\/","name":"B\u00f8ger og Ting","description":"Antikvarisk, retro, vintage og antik","publisher":{"@id":"https:\/\/www.xn--bgerogting-0cb.dk\/#organization"},"potentialAction":[{"@type":"SearchAction","target":{"@type":"EntryPoint","urlTemplate":"https:\/\/www.xn--bgerogting-0cb.dk\/?s={search_term_string}"},"query-input":{"@type":"PropertyValueSpecification","valueRequired":true,"valueName":"search_term_string"}}],"inLanguage":"da-DK"},{"@type":"Organization","@id":"https:\/\/www.xn--bgerogting-0cb.dk\/#organization","name":"B\u00f8ger og Ting","url":"https:\/\/www.xn--bgerogting-0cb.dk\/","logo":{"@type":"ImageObject","inLanguage":"da-DK","@id":"https:\/\/www.xn--bgerogting-0cb.dk\/#\/schema\/logo\/image\/","url":"https:\/\/i0.wp.com\/www.xn--bgerogting-0cb.dk\/wp-content\/uploads\/2019\/10\/webicon.png?fit=205%2C205&ssl=1","contentUrl":"https:\/\/i0.wp.com\/www.xn--bgerogting-0cb.dk\/wp-content\/uploads\/2019\/10\/webicon.png?fit=205%2C205&ssl=1","width":205,"height":205,"caption":"B\u00f8ger og Ting"},"image":{"@id":"https:\/\/www.xn--bgerogting-0cb.dk\/#\/schema\/logo\/image\/"},"sameAs":["https:\/\/www.facebook.com\/boegerogting\/","https:\/\/www.instagram.com\/bogerogting\/"]}]},"product_price_amount":"225.00","product_price_currency":"DKK","og_availability":"out of stock","product_availability":"out of stock","product_retailer_item_id":"9612","product_condition":"new"},"jetpack_sharing_enabled":true,"_links":{"self":[{"href":"https:\/\/www.xn--bgerogting-0cb.dk\/index.php\/wp-json\/wp\/v2\/product\/14594","targetHints":{"allow":["GET"]}}],"collection":[{"href":"https:\/\/www.xn--bgerogting-0cb.dk\/index.php\/wp-json\/wp\/v2\/product"}],"about":[{"href":"https:\/\/www.xn--bgerogting-0cb.dk\/index.php\/wp-json\/wp\/v2\/types\/product"}],"wp:featuredmedia":[{"embeddable":true,"href":"https:\/\/www.xn--bgerogting-0cb.dk\/index.php\/wp-json\/wp\/v2\/media\/14597"}],"wp:attachment":[{"href":"https:\/\/www.xn--bgerogting-0cb.dk\/index.php\/wp-json\/wp\/v2\/media?parent=14594"}],"wp:term":[{"taxonomy":"product_brand","embeddable":true,"href":"https:\/\/www.xn--bgerogting-0cb.dk\/index.php\/wp-json\/wp\/v2\/product_brand?post=14594"},{"taxonomy":"product_cat","embeddable":true,"href":"https:\/\/www.xn--bgerogting-0cb.dk\/index.php\/wp-json\/wp\/v2\/product_cat?post=14594"},{"taxonomy":"product_tag","embeddable":true,"href":"https:\/\/www.xn--bgerogting-0cb.dk\/index.php\/wp-json\/wp\/v2\/product_tag?post=14594"}],"curies":[{"name":"wp","href":"https:\/\/api.w.org\/{rel}","templated":true}]}}