{"id":14392,"date":"2023-06-09T14:03:12","date_gmt":"2023-06-09T12:03:12","guid":{"rendered":"https:\/\/www.xn--bgerogting-0cb.dk\/?post_type=product&#038;p=14392"},"modified":"2023-07-31T18:10:10","modified_gmt":"2023-07-31T16:10:10","slug":"loevemose-retro-tekopper","status":"publish","type":"product","link":"https:\/\/www.xn--bgerogting-0cb.dk\/index.php\/vare\/loevemose-retro-tekopper\/","title":{"rendered":"L\u00f8vemose retro tekopper"},"content":{"rendered":"<p>4 s\u00e6t L\u00f8vemose retro tekopper &#8211; s\u00e6lges samlet.<br \/>\nBrune nuancer i dekorationen &#8211; indvendigt er kopperne n\u00e6rmest cremegule.<br \/>\nKop: h\u00f8jde 5,5 cm. &#8211; diameter 11 cm.<br \/>\nUnderkop: diameter 16,5 cm<br \/>\nKagetallerken: 18 cm.<br \/>\nStemplet L\u00f8vemose Keramik &#8211; Made in Denmark.<br \/>\nAlle 4 s\u00e6t er i fin stand uden sk\u00e5r eller revner. Kopperne er let krakelerede indvendigt.<\/p>\n<p>Charmerende tekopper i en god st\u00f8rrelse. Selve koppen er i ret tynd gods.<\/p>\n<p>L\u00f8vemose Keramik blev startet i 1942 af Johannes Hansen og hans kone Marie i K\u00e6deby p\u00e5 Langeland. Virksomheden eksisterede til begyndelsen af 1980&#8217;erne.<\/p>\n","protected":false},"excerpt":{"rendered":"<p>4 s\u00e6t L\u00f8vemose retro tekopper &#8211; s\u00e6lges samlet.<br \/>\nBrune nuancer i dekorationen &#8211; indvendigt er kopperne n\u00e6rmest cremegule.<br \/>\nKop: h\u00f8jde 5,5 cm. &#8211; diameter 11 cm.<br \/>\nUnderkop: diameter 16,5 cm<br \/>\nKagetallerken: 18 cm.<br \/>\nAlle 4 s\u00e6t er i fin stand uden sk\u00e5r eller revner. Kopperne er let krakelerede indvendigt, og et par stykker har spor af metalteske, men det kan formentlig fjernes.<\/p>\n<p>Charmerende tekopper i en god st\u00f8rrelse. Ret tynd gods.<\/p>\n<p>L\u00f8vemose Keramik blev startet i 1942 af Johannes Hansen og hans kone Marie i K\u00e6deby p\u00e5 Langeland. Virksomheden eksisterede til begyndelsen af 1980&#8217;erne.<\/p>\n","protected":false},"featured_media":14399,"template":"","meta":[],"product_brand":[],"product_cat":[329,88,41,38,32,31],"product_tag":[1375,234],"class_list":{"0":"post-14392","1":"product","2":"type-product","3":"status-publish","4":"has-post-thumbnail","6":"product_cat-1960erne","7":"product_cat-1970erne","8":"product_cat-keramik","9":"product_cat-retro","10":"product_cat-ting","11":"product_cat-ting-til-te-og-kaffe","12":"product_tag-loevemose-keramik","13":"product_tag-tekopper","15":"first","16":"outofstock","17":"shipping-taxable","18":"purchasable","19":"product-type-simple"},"yoast_head":"<!-- This site is optimized with the Yoast SEO Premium plugin v26.9 (Yoast SEO v27.3) - https:\/\/yoast.com\/product\/yoast-seo-premium-wordpress\/ -->\n<title>L\u00f8vemose retro tekopper - B\u00f8ger og Ting<\/title>\n<meta name=\"robots\" content=\"index, follow, max-snippet:-1, max-image-preview:large, max-video-preview:-1\" \/>\n<link rel=\"canonical\" href=\"https:\/\/www.xn--bgerogting-0cb.dk\/index.php\/vare\/loevemose-retro-tekopper\/\" \/>\n<meta property=\"og:locale\" content=\"da_DK\" \/>\n<meta property=\"og:type\" content=\"article\" \/>\n<meta property=\"og:title\" content=\"L\u00f8vemose retro tekopper\" \/>\n<meta property=\"og:description\" content=\"4 s\u00e6t L\u00f8vemose retro tekopper - s\u00e6lges samlet. Brune nuancer i dekorationen - indvendigt er kopperne n\u00e6rmest cremegule. Kop: h\u00f8jde 5,5 cm. - diameter 11 cm. Underkop: diameter 16,5 cm Kagetallerken: 18 cm. Alle 4 s\u00e6t er i fin stand uden sk\u00e5r eller revner. Kopperne er let krakelerede indvendigt, og et par stykker har spor af metalteske, men det kan formentlig fjernes.  Charmerende tekopper i en god st\u00f8rrelse. Ret tynd gods.  L\u00f8vemose Keramik blev startet i 1942 af Johannes Hansen og hans kone Marie i K\u00e6deby p\u00e5 Langeland. Virksomheden eksisterede til begyndelsen af 1980&#039;erne.\" \/>\n<meta property=\"og:url\" content=\"https:\/\/www.xn--bgerogting-0cb.dk\/index.php\/vare\/loevemose-retro-tekopper\/\" \/>\n<meta property=\"og:site_name\" content=\"B\u00f8ger og Ting\" \/>\n<meta property=\"article:publisher\" content=\"https:\/\/www.facebook.com\/boegerogting\/\" \/>\n<meta property=\"article:modified_time\" content=\"2023-07-31T16:10:10+00:00\" \/>\n<meta property=\"og:image\" content=\"https:\/\/www.xn--bgerogting-0cb.dk\/wp-content\/uploads\/2023\/06\/Loevemose-retro-tekopper.jpg\" \/>\n\t<meta property=\"og:image:width\" content=\"1920\" \/>\n\t<meta property=\"og:image:height\" content=\"1920\" \/>\n\t<meta property=\"og:image:type\" content=\"image\/jpeg\" \/>\n<meta name=\"twitter:card\" content=\"summary_large_image\" \/>\n<meta name=\"twitter:label1\" content=\"Pris\" \/>\n\t<meta name=\"twitter:data1\" content=\"kr.&nbsp;350,00\" \/>\n\t<meta name=\"twitter:label2\" content=\"Tilg\u00e6ngelighed\" \/>\n\t<meta name=\"twitter:data2\" content=\"Ikke p\u00e5 lager\" \/>\n<script type=\"application\/ld+json\" class=\"yoast-schema-graph\">{\"@context\":\"https:\\\/\\\/schema.org\",\"@graph\":[{\"@type\":\"WebPage\",\"@id\":\"https:\\\/\\\/www.xn--bgerogting-0cb.dk\\\/index.php\\\/vare\\\/loevemose-retro-tekopper\\\/\",\"url\":\"https:\\\/\\\/www.xn--bgerogting-0cb.dk\\\/index.php\\\/vare\\\/loevemose-retro-tekopper\\\/\",\"name\":\"L\u00f8vemose retro tekopper - B\u00f8ger og Ting\",\"isPartOf\":{\"@id\":\"https:\\\/\\\/www.xn--bgerogting-0cb.dk\\\/#website\"},\"primaryImageOfPage\":{\"@id\":\"https:\\\/\\\/www.xn--bgerogting-0cb.dk\\\/index.php\\\/vare\\\/loevemose-retro-tekopper\\\/#primaryimage\"},\"image\":{\"@id\":\"https:\\\/\\\/www.xn--bgerogting-0cb.dk\\\/index.php\\\/vare\\\/loevemose-retro-tekopper\\\/#primaryimage\"},\"thumbnailUrl\":\"https:\\\/\\\/i0.wp.com\\\/www.xn--bgerogting-0cb.dk\\\/wp-content\\\/uploads\\\/2023\\\/06\\\/Loevemose-retro-tekopper.jpg?fit=1920%2C1920&ssl=1\",\"datePublished\":\"2023-06-09T12:03:12+00:00\",\"dateModified\":\"2023-07-31T16:10:10+00:00\",\"breadcrumb\":{\"@id\":\"https:\\\/\\\/www.xn--bgerogting-0cb.dk\\\/index.php\\\/vare\\\/loevemose-retro-tekopper\\\/#breadcrumb\"},\"inLanguage\":\"da-DK\",\"potentialAction\":[{\"@type\":\"ReadAction\",\"target\":[\"https:\\\/\\\/www.xn--bgerogting-0cb.dk\\\/index.php\\\/vare\\\/loevemose-retro-tekopper\\\/\"]}]},{\"@type\":\"ImageObject\",\"inLanguage\":\"da-DK\",\"@id\":\"https:\\\/\\\/www.xn--bgerogting-0cb.dk\\\/index.php\\\/vare\\\/loevemose-retro-tekopper\\\/#primaryimage\",\"url\":\"https:\\\/\\\/i0.wp.com\\\/www.xn--bgerogting-0cb.dk\\\/wp-content\\\/uploads\\\/2023\\\/06\\\/Loevemose-retro-tekopper.jpg?fit=1920%2C1920&ssl=1\",\"contentUrl\":\"https:\\\/\\\/i0.wp.com\\\/www.xn--bgerogting-0cb.dk\\\/wp-content\\\/uploads\\\/2023\\\/06\\\/Loevemose-retro-tekopper.jpg?fit=1920%2C1920&ssl=1\",\"width\":1920,\"height\":1920,\"caption\":\"L\u00f8vemose retro tekopper\"},{\"@type\":\"BreadcrumbList\",\"@id\":\"https:\\\/\\\/www.xn--bgerogting-0cb.dk\\\/index.php\\\/vare\\\/loevemose-retro-tekopper\\\/#breadcrumb\",\"itemListElement\":[{\"@type\":\"ListItem\",\"position\":1,\"name\":\"Home\",\"item\":\"https:\\\/\\\/www.xn--bgerogting-0cb.dk\\\/\"},{\"@type\":\"ListItem\",\"position\":2,\"name\":\"Butik\",\"item\":\"https:\\\/\\\/www.xn--bgerogting-0cb.dk\\\/index.php\\\/shop\\\/\"},{\"@type\":\"ListItem\",\"position\":3,\"name\":\"L\u00f8vemose retro tekopper\"}]},{\"@type\":\"WebSite\",\"@id\":\"https:\\\/\\\/www.xn--bgerogting-0cb.dk\\\/#website\",\"url\":\"https:\\\/\\\/www.xn--bgerogting-0cb.dk\\\/\",\"name\":\"B\u00f8ger og Ting\",\"description\":\"Antikvarisk, retro, vintage og antik\",\"publisher\":{\"@id\":\"https:\\\/\\\/www.xn--bgerogting-0cb.dk\\\/#organization\"},\"potentialAction\":[{\"@type\":\"SearchAction\",\"target\":{\"@type\":\"EntryPoint\",\"urlTemplate\":\"https:\\\/\\\/www.xn--bgerogting-0cb.dk\\\/?s={search_term_string}\"},\"query-input\":{\"@type\":\"PropertyValueSpecification\",\"valueRequired\":true,\"valueName\":\"search_term_string\"}}],\"inLanguage\":\"da-DK\"},{\"@type\":\"Organization\",\"@id\":\"https:\\\/\\\/www.xn--bgerogting-0cb.dk\\\/#organization\",\"name\":\"B\u00f8ger og Ting\",\"url\":\"https:\\\/\\\/www.xn--bgerogting-0cb.dk\\\/\",\"logo\":{\"@type\":\"ImageObject\",\"inLanguage\":\"da-DK\",\"@id\":\"https:\\\/\\\/www.xn--bgerogting-0cb.dk\\\/#\\\/schema\\\/logo\\\/image\\\/\",\"url\":\"https:\\\/\\\/i0.wp.com\\\/www.xn--bgerogting-0cb.dk\\\/wp-content\\\/uploads\\\/2019\\\/10\\\/webicon.png?fit=205%2C205&ssl=1\",\"contentUrl\":\"https:\\\/\\\/i0.wp.com\\\/www.xn--bgerogting-0cb.dk\\\/wp-content\\\/uploads\\\/2019\\\/10\\\/webicon.png?fit=205%2C205&ssl=1\",\"width\":205,\"height\":205,\"caption\":\"B\u00f8ger og Ting\"},\"image\":{\"@id\":\"https:\\\/\\\/www.xn--bgerogting-0cb.dk\\\/#\\\/schema\\\/logo\\\/image\\\/\"},\"sameAs\":[\"https:\\\/\\\/www.facebook.com\\\/boegerogting\\\/\",\"https:\\\/\\\/www.instagram.com\\\/bogerogting\\\/\"]}]}<\/script>\n<meta property=\"product:price:amount\" content=\"350.00\" \/>\n<meta property=\"product:price:currency\" content=\"DKK\" \/>\n<meta property=\"og:availability\" content=\"out of stock\" \/>\n<meta property=\"product:availability\" content=\"out of stock\" \/>\n<meta property=\"product:retailer_item_id\" content=\"5345\" \/>\n<meta property=\"product:condition\" content=\"new\" \/>\n<!-- \/ Yoast SEO Premium plugin. -->","yoast_head_json":{"title":"L\u00f8vemose retro tekopper - B\u00f8ger og Ting","robots":{"index":"index","follow":"follow","max-snippet":"max-snippet:-1","max-image-preview":"max-image-preview:large","max-video-preview":"max-video-preview:-1"},"canonical":"https:\/\/www.xn--bgerogting-0cb.dk\/index.php\/vare\/loevemose-retro-tekopper\/","og_locale":"da_DK","og_type":"article","og_title":"L\u00f8vemose retro tekopper","og_description":"4 s\u00e6t L\u00f8vemose retro tekopper - s\u00e6lges samlet. Brune nuancer i dekorationen - indvendigt er kopperne n\u00e6rmest cremegule. Kop: h\u00f8jde 5,5 cm. - diameter 11 cm. Underkop: diameter 16,5 cm Kagetallerken: 18 cm. Alle 4 s\u00e6t er i fin stand uden sk\u00e5r eller revner. Kopperne er let krakelerede indvendigt, og et par stykker har spor af metalteske, men det kan formentlig fjernes.  Charmerende tekopper i en god st\u00f8rrelse. Ret tynd gods.  L\u00f8vemose Keramik blev startet i 1942 af Johannes Hansen og hans kone Marie i K\u00e6deby p\u00e5 Langeland. Virksomheden eksisterede til begyndelsen af 1980'erne.","og_url":"https:\/\/www.xn--bgerogting-0cb.dk\/index.php\/vare\/loevemose-retro-tekopper\/","og_site_name":"B\u00f8ger og Ting","article_publisher":"https:\/\/www.facebook.com\/boegerogting\/","article_modified_time":"2023-07-31T16:10:10+00:00","og_image":[{"width":1920,"height":1920,"url":"https:\/\/www.xn--bgerogting-0cb.dk\/wp-content\/uploads\/2023\/06\/Loevemose-retro-tekopper.jpg","type":"image\/jpeg"}],"twitter_card":"summary_large_image","twitter_misc":{"Pris":"kr.&nbsp;350,00","Tilg\u00e6ngelighed":"Ikke p\u00e5 lager"},"schema":{"@context":"https:\/\/schema.org","@graph":[{"@type":"WebPage","@id":"https:\/\/www.xn--bgerogting-0cb.dk\/index.php\/vare\/loevemose-retro-tekopper\/","url":"https:\/\/www.xn--bgerogting-0cb.dk\/index.php\/vare\/loevemose-retro-tekopper\/","name":"L\u00f8vemose retro tekopper - B\u00f8ger og Ting","isPartOf":{"@id":"https:\/\/www.xn--bgerogting-0cb.dk\/#website"},"primaryImageOfPage":{"@id":"https:\/\/www.xn--bgerogting-0cb.dk\/index.php\/vare\/loevemose-retro-tekopper\/#primaryimage"},"image":{"@id":"https:\/\/www.xn--bgerogting-0cb.dk\/index.php\/vare\/loevemose-retro-tekopper\/#primaryimage"},"thumbnailUrl":"https:\/\/i0.wp.com\/www.xn--bgerogting-0cb.dk\/wp-content\/uploads\/2023\/06\/Loevemose-retro-tekopper.jpg?fit=1920%2C1920&ssl=1","datePublished":"2023-06-09T12:03:12+00:00","dateModified":"2023-07-31T16:10:10+00:00","breadcrumb":{"@id":"https:\/\/www.xn--bgerogting-0cb.dk\/index.php\/vare\/loevemose-retro-tekopper\/#breadcrumb"},"inLanguage":"da-DK","potentialAction":[{"@type":"ReadAction","target":["https:\/\/www.xn--bgerogting-0cb.dk\/index.php\/vare\/loevemose-retro-tekopper\/"]}]},{"@type":"ImageObject","inLanguage":"da-DK","@id":"https:\/\/www.xn--bgerogting-0cb.dk\/index.php\/vare\/loevemose-retro-tekopper\/#primaryimage","url":"https:\/\/i0.wp.com\/www.xn--bgerogting-0cb.dk\/wp-content\/uploads\/2023\/06\/Loevemose-retro-tekopper.jpg?fit=1920%2C1920&ssl=1","contentUrl":"https:\/\/i0.wp.com\/www.xn--bgerogting-0cb.dk\/wp-content\/uploads\/2023\/06\/Loevemose-retro-tekopper.jpg?fit=1920%2C1920&ssl=1","width":1920,"height":1920,"caption":"L\u00f8vemose retro tekopper"},{"@type":"BreadcrumbList","@id":"https:\/\/www.xn--bgerogting-0cb.dk\/index.php\/vare\/loevemose-retro-tekopper\/#breadcrumb","itemListElement":[{"@type":"ListItem","position":1,"name":"Home","item":"https:\/\/www.xn--bgerogting-0cb.dk\/"},{"@type":"ListItem","position":2,"name":"Butik","item":"https:\/\/www.xn--bgerogting-0cb.dk\/index.php\/shop\/"},{"@type":"ListItem","position":3,"name":"L\u00f8vemose retro tekopper"}]},{"@type":"WebSite","@id":"https:\/\/www.xn--bgerogting-0cb.dk\/#website","url":"https:\/\/www.xn--bgerogting-0cb.dk\/","name":"B\u00f8ger og Ting","description":"Antikvarisk, retro, vintage og antik","publisher":{"@id":"https:\/\/www.xn--bgerogting-0cb.dk\/#organization"},"potentialAction":[{"@type":"SearchAction","target":{"@type":"EntryPoint","urlTemplate":"https:\/\/www.xn--bgerogting-0cb.dk\/?s={search_term_string}"},"query-input":{"@type":"PropertyValueSpecification","valueRequired":true,"valueName":"search_term_string"}}],"inLanguage":"da-DK"},{"@type":"Organization","@id":"https:\/\/www.xn--bgerogting-0cb.dk\/#organization","name":"B\u00f8ger og Ting","url":"https:\/\/www.xn--bgerogting-0cb.dk\/","logo":{"@type":"ImageObject","inLanguage":"da-DK","@id":"https:\/\/www.xn--bgerogting-0cb.dk\/#\/schema\/logo\/image\/","url":"https:\/\/i0.wp.com\/www.xn--bgerogting-0cb.dk\/wp-content\/uploads\/2019\/10\/webicon.png?fit=205%2C205&ssl=1","contentUrl":"https:\/\/i0.wp.com\/www.xn--bgerogting-0cb.dk\/wp-content\/uploads\/2019\/10\/webicon.png?fit=205%2C205&ssl=1","width":205,"height":205,"caption":"B\u00f8ger og Ting"},"image":{"@id":"https:\/\/www.xn--bgerogting-0cb.dk\/#\/schema\/logo\/image\/"},"sameAs":["https:\/\/www.facebook.com\/boegerogting\/","https:\/\/www.instagram.com\/bogerogting\/"]}]},"product_price_amount":"350.00","product_price_currency":"DKK","og_availability":"out of stock","product_availability":"out of stock","product_retailer_item_id":"5345","product_condition":"new"},"jetpack_sharing_enabled":true,"_links":{"self":[{"href":"https:\/\/www.xn--bgerogting-0cb.dk\/index.php\/wp-json\/wp\/v2\/product\/14392","targetHints":{"allow":["GET"]}}],"collection":[{"href":"https:\/\/www.xn--bgerogting-0cb.dk\/index.php\/wp-json\/wp\/v2\/product"}],"about":[{"href":"https:\/\/www.xn--bgerogting-0cb.dk\/index.php\/wp-json\/wp\/v2\/types\/product"}],"wp:featuredmedia":[{"embeddable":true,"href":"https:\/\/www.xn--bgerogting-0cb.dk\/index.php\/wp-json\/wp\/v2\/media\/14399"}],"wp:attachment":[{"href":"https:\/\/www.xn--bgerogting-0cb.dk\/index.php\/wp-json\/wp\/v2\/media?parent=14392"}],"wp:term":[{"taxonomy":"product_brand","embeddable":true,"href":"https:\/\/www.xn--bgerogting-0cb.dk\/index.php\/wp-json\/wp\/v2\/product_brand?post=14392"},{"taxonomy":"product_cat","embeddable":true,"href":"https:\/\/www.xn--bgerogting-0cb.dk\/index.php\/wp-json\/wp\/v2\/product_cat?post=14392"},{"taxonomy":"product_tag","embeddable":true,"href":"https:\/\/www.xn--bgerogting-0cb.dk\/index.php\/wp-json\/wp\/v2\/product_tag?post=14392"}],"curies":[{"name":"wp","href":"https:\/\/api.w.org\/{rel}","templated":true}]}}