{"id":13842,"date":"2023-02-06T22:59:54","date_gmt":"2023-02-06T21:59:54","guid":{"rendered":"https:\/\/www.xn--bgerogting-0cb.dk\/?post_type=product&#038;p=13842"},"modified":"2025-01-30T20:47:51","modified_gmt":"2025-01-30T19:47:51","slug":"pleasant-fieldmouses-valentine-trick-by-jan-wahl","status":"publish","type":"product","link":"https:\/\/www.xn--bgerogting-0cb.dk\/index.php\/vare\/pleasant-fieldmouses-valentine-trick-by-jan-wahl\/","title":{"rendered":"Pleasant Fieldmouse&#8217;s Valentine Trick by Jan Wahl"},"content":{"rendered":"<p>Pleasant Fieldmouse&#8217;s Valentine Trick by Jan Wahl.<br \/>\nA World&#8217;s Work Childrens Books, 1977 &#8211; 1. udgave &#8211; H\u00e6ftet hardback.<br \/>\nTegninger af\u00a0 Erik Blegvad.<br \/>\nBogen er i fin stand.<\/p>\n<p>Det er &#8220;Groundhog Day&#8221;, og dyrene i skoven venter sp\u00e6ndt p\u00e5 at h\u00f8re, om vinteren snart er slut, men Snug Groundhog gider ikke at st\u00e5 op af sin varme seng, s\u00e5 de andre dyr venter forg\u00e6ves p\u00e5 at h\u00f8re om, vinteren snart er slut. De bliver sure p\u00e5 hinanden, men Pleasent Fieldmouse finder p\u00e5 en m\u00e5de, s\u00e5 hans naboer kan blive glade igen&#8230;<br \/>\nBogen er illustreret med s\u00f8de pennetegninger.<\/p>\n<p>&nbsp;<\/p>\n","protected":false},"excerpt":{"rendered":"<p>Pleasant Fieldmouse&#8217;s Valentine Trick by Jan Wahl.<br \/>\nA World&#8217;s Work Childrens Books, 1977 &#8211; 1. udgave &#8211; H\u00e6ftet hardback.<br \/>\nTegninger af\u00a0 Erik Blegvad.<br \/>\nBogen er i fin stand.<\/p>\n<p>Det er &#8220;Groundhog Day&#8221;, og dyrene i skoven venter sp\u00e6ndt p\u00e5 at h\u00f8re, om vinteren snart er slut, men Snug Groundhog gider ikke at st\u00e5 op af sin varme seng, s\u00e5 de andre dyr venter forg\u00e6ves p\u00e5 at h\u00f8re om, vinteren snart er slut. De bliver sure p\u00e5 hinanden, men Pleasent Fieldmouse finder p\u00e5 en m\u00e5de, s\u00e5 hans naboer kan blive glade igen&#8230;<br \/>\nBogen er illustreret med s\u00f8de pennetegninger.<\/p>\n","protected":false},"featured_media":13845,"template":"","meta":[],"product_brand":[],"product_cat":[80,81,1009,1523,27,1629,35],"product_tag":[219,301,1320,1321],"class_list":{"0":"post-13842","1":"product","2":"type-product","3":"status-publish","4":"has-post-thumbnail","6":"product_cat-alle-tiders-boerneboeger-1970-1979","7":"product_cat-billedboeger","8":"product_cat-books-in-english","9":"product_cat-books-in-english-boeger","10":"product_cat-boeger","11":"product_cat-andre-sprog","12":"product_cat-barneboger","13":"product_tag-amerikansk","14":"product_tag-erik-blegvad","15":"product_tag-jan-wahl","16":"product_tag-valentines-day","18":"first","19":"instock","20":"shipping-taxable","21":"purchasable","22":"product-type-simple"},"yoast_head":"<!-- This site is optimized with the Yoast SEO Premium plugin v27.4 (Yoast SEO v27.5) - https:\/\/yoast.com\/product\/yoast-seo-premium-wordpress\/ -->\n<title>Pleasant Fieldmouse&#039;s Valentine Trick by Jan Wahl - B\u00f8ger og Ting<\/title>\n<meta name=\"description\" content=\"Pleasant Fieldmouse&#039;s Valentine Trick by Jan Wahl - A World&#039;s Work Childrens Books, 1977 - 1. udgave - H\u00e6ftet hardback - Tegninger af\u00a0 Erik Blegvad.\" \/>\n<meta name=\"robots\" content=\"index, follow, max-snippet:-1, max-image-preview:large, max-video-preview:-1\" \/>\n<link rel=\"canonical\" href=\"https:\/\/www.xn--bgerogting-0cb.dk\/index.php\/vare\/pleasant-fieldmouses-valentine-trick-by-jan-wahl\/\" \/>\n<meta property=\"og:locale\" content=\"da_DK\" \/>\n<meta property=\"og:type\" content=\"article\" \/>\n<meta property=\"og:title\" content=\"Pleasant Fieldmouse&#039;s Valentine Trick by Jan Wahl\" \/>\n<meta property=\"og:description\" content=\"Pleasant Fieldmouse&#039;s Valentine Trick by Jan Wahl - A World&#039;s Work Childrens Books, 1977 - 1. udgave - H\u00e6ftet hardback - Tegninger af\u00a0 Erik Blegvad.\" \/>\n<meta property=\"og:url\" content=\"https:\/\/www.xn--bgerogting-0cb.dk\/index.php\/vare\/pleasant-fieldmouses-valentine-trick-by-jan-wahl\/\" \/>\n<meta property=\"og:site_name\" content=\"B\u00f8ger og Ting\" \/>\n<meta property=\"article:publisher\" content=\"https:\/\/www.facebook.com\/boegerogting\/\" \/>\n<meta property=\"article:modified_time\" content=\"2025-01-30T19:47:51+00:00\" \/>\n<meta property=\"og:image\" content=\"https:\/\/www.xn--bgerogting-0cb.dk\/wp-content\/uploads\/2023\/02\/Pleasant-Fieldmouss-Valentine-Trick.jpg\" \/>\n\t<meta property=\"og:image:width\" content=\"1920\" \/>\n\t<meta property=\"og:image:height\" content=\"1920\" \/>\n\t<meta property=\"og:image:type\" content=\"image\/jpeg\" \/>\n<meta name=\"twitter:card\" content=\"summary_large_image\" \/>\n<meta name=\"twitter:label1\" content=\"Pris\" \/>\n\t<meta name=\"twitter:data1\" content=\"kr.&nbsp;90,00\" \/>\n\t<meta name=\"twitter:label2\" content=\"Tilg\u00e6ngelighed\" \/>\n\t<meta name=\"twitter:data2\" content=\"P\u00e5 lager\" \/>\n<script type=\"application\/ld+json\" class=\"yoast-schema-graph\">{\"@context\":\"https:\\\/\\\/schema.org\",\"@graph\":[{\"@type\":\"WebPage\",\"@id\":\"https:\\\/\\\/www.xn--bgerogting-0cb.dk\\\/index.php\\\/vare\\\/pleasant-fieldmouses-valentine-trick-by-jan-wahl\\\/\",\"url\":\"https:\\\/\\\/www.xn--bgerogting-0cb.dk\\\/index.php\\\/vare\\\/pleasant-fieldmouses-valentine-trick-by-jan-wahl\\\/\",\"name\":\"Pleasant Fieldmouse's Valentine Trick by Jan Wahl - B\u00f8ger og Ting\",\"isPartOf\":{\"@id\":\"https:\\\/\\\/www.xn--bgerogting-0cb.dk\\\/#website\"},\"primaryImageOfPage\":{\"@id\":\"https:\\\/\\\/www.xn--bgerogting-0cb.dk\\\/index.php\\\/vare\\\/pleasant-fieldmouses-valentine-trick-by-jan-wahl\\\/#primaryimage\"},\"image\":{\"@id\":\"https:\\\/\\\/www.xn--bgerogting-0cb.dk\\\/index.php\\\/vare\\\/pleasant-fieldmouses-valentine-trick-by-jan-wahl\\\/#primaryimage\"},\"thumbnailUrl\":\"https:\\\/\\\/i0.wp.com\\\/www.xn--bgerogting-0cb.dk\\\/wp-content\\\/uploads\\\/2023\\\/02\\\/Pleasant-Fieldmouss-Valentine-Trick.jpg?fit=1920%2C1920&ssl=1\",\"datePublished\":\"2023-02-06T21:59:54+00:00\",\"dateModified\":\"2025-01-30T19:47:51+00:00\",\"description\":\"Pleasant Fieldmouse's Valentine Trick by Jan Wahl - A World's Work Childrens Books, 1977 - 1. udgave - H\u00e6ftet hardback - Tegninger af\u00a0 Erik Blegvad.\",\"breadcrumb\":{\"@id\":\"https:\\\/\\\/www.xn--bgerogting-0cb.dk\\\/index.php\\\/vare\\\/pleasant-fieldmouses-valentine-trick-by-jan-wahl\\\/#breadcrumb\"},\"inLanguage\":\"da-DK\",\"potentialAction\":[{\"@type\":\"ReadAction\",\"target\":[\"https:\\\/\\\/www.xn--bgerogting-0cb.dk\\\/index.php\\\/vare\\\/pleasant-fieldmouses-valentine-trick-by-jan-wahl\\\/\"]}]},{\"@type\":\"ImageObject\",\"inLanguage\":\"da-DK\",\"@id\":\"https:\\\/\\\/www.xn--bgerogting-0cb.dk\\\/index.php\\\/vare\\\/pleasant-fieldmouses-valentine-trick-by-jan-wahl\\\/#primaryimage\",\"url\":\"https:\\\/\\\/i0.wp.com\\\/www.xn--bgerogting-0cb.dk\\\/wp-content\\\/uploads\\\/2023\\\/02\\\/Pleasant-Fieldmouss-Valentine-Trick.jpg?fit=1920%2C1920&ssl=1\",\"contentUrl\":\"https:\\\/\\\/i0.wp.com\\\/www.xn--bgerogting-0cb.dk\\\/wp-content\\\/uploads\\\/2023\\\/02\\\/Pleasant-Fieldmouss-Valentine-Trick.jpg?fit=1920%2C1920&ssl=1\",\"width\":1920,\"height\":1920,\"caption\":\"Pleasant Fieldmous's Valentine Trick\"},{\"@type\":\"BreadcrumbList\",\"@id\":\"https:\\\/\\\/www.xn--bgerogting-0cb.dk\\\/index.php\\\/vare\\\/pleasant-fieldmouses-valentine-trick-by-jan-wahl\\\/#breadcrumb\",\"itemListElement\":[{\"@type\":\"ListItem\",\"position\":1,\"name\":\"Home\",\"item\":\"https:\\\/\\\/www.xn--bgerogting-0cb.dk\\\/\"},{\"@type\":\"ListItem\",\"position\":2,\"name\":\"Butik\",\"item\":\"https:\\\/\\\/www.xn--bgerogting-0cb.dk\\\/index.php\\\/shop\\\/\"},{\"@type\":\"ListItem\",\"position\":3,\"name\":\"Pleasant Fieldmouse&#8217;s Valentine Trick by Jan Wahl\"}]},{\"@type\":\"WebSite\",\"@id\":\"https:\\\/\\\/www.xn--bgerogting-0cb.dk\\\/#website\",\"url\":\"https:\\\/\\\/www.xn--bgerogting-0cb.dk\\\/\",\"name\":\"B\u00f8ger og Ting\",\"description\":\"Antikvarisk, retro, vintage og antik\",\"publisher\":{\"@id\":\"https:\\\/\\\/www.xn--bgerogting-0cb.dk\\\/#organization\"},\"potentialAction\":[{\"@type\":\"SearchAction\",\"target\":{\"@type\":\"EntryPoint\",\"urlTemplate\":\"https:\\\/\\\/www.xn--bgerogting-0cb.dk\\\/?s={search_term_string}\"},\"query-input\":{\"@type\":\"PropertyValueSpecification\",\"valueRequired\":true,\"valueName\":\"search_term_string\"}}],\"inLanguage\":\"da-DK\"},{\"@type\":\"Organization\",\"@id\":\"https:\\\/\\\/www.xn--bgerogting-0cb.dk\\\/#organization\",\"name\":\"B\u00f8ger og Ting\",\"url\":\"https:\\\/\\\/www.xn--bgerogting-0cb.dk\\\/\",\"logo\":{\"@type\":\"ImageObject\",\"inLanguage\":\"da-DK\",\"@id\":\"https:\\\/\\\/www.xn--bgerogting-0cb.dk\\\/#\\\/schema\\\/logo\\\/image\\\/\",\"url\":\"https:\\\/\\\/i0.wp.com\\\/www.xn--bgerogting-0cb.dk\\\/wp-content\\\/uploads\\\/2019\\\/10\\\/webicon.png?fit=205%2C205&ssl=1\",\"contentUrl\":\"https:\\\/\\\/i0.wp.com\\\/www.xn--bgerogting-0cb.dk\\\/wp-content\\\/uploads\\\/2019\\\/10\\\/webicon.png?fit=205%2C205&ssl=1\",\"width\":205,\"height\":205,\"caption\":\"B\u00f8ger og Ting\"},\"image\":{\"@id\":\"https:\\\/\\\/www.xn--bgerogting-0cb.dk\\\/#\\\/schema\\\/logo\\\/image\\\/\"},\"sameAs\":[\"https:\\\/\\\/www.facebook.com\\\/boegerogting\\\/\",\"https:\\\/\\\/www.instagram.com\\\/bogerogting\\\/\"]}]}<\/script>\n<meta property=\"product:price:amount\" content=\"90.00\" \/>\n<meta property=\"product:price:currency\" content=\"DKK\" \/>\n<meta property=\"og:availability\" content=\"instock\" \/>\n<meta property=\"product:availability\" content=\"instock\" \/>\n<meta property=\"product:retailer_item_id\" content=\"6817\" \/>\n<meta property=\"product:condition\" content=\"new\" \/>\n<!-- \/ Yoast SEO Premium plugin. -->","yoast_head_json":{"title":"Pleasant Fieldmouse's Valentine Trick by Jan Wahl - B\u00f8ger og Ting","description":"Pleasant Fieldmouse's Valentine Trick by Jan Wahl - A World's Work Childrens Books, 1977 - 1. udgave - H\u00e6ftet hardback - Tegninger af\u00a0 Erik Blegvad.","robots":{"index":"index","follow":"follow","max-snippet":"max-snippet:-1","max-image-preview":"max-image-preview:large","max-video-preview":"max-video-preview:-1"},"canonical":"https:\/\/www.xn--bgerogting-0cb.dk\/index.php\/vare\/pleasant-fieldmouses-valentine-trick-by-jan-wahl\/","og_locale":"da_DK","og_type":"article","og_title":"Pleasant Fieldmouse's Valentine Trick by Jan Wahl","og_description":"Pleasant Fieldmouse's Valentine Trick by Jan Wahl - A World's Work Childrens Books, 1977 - 1. udgave - H\u00e6ftet hardback - Tegninger af\u00a0 Erik Blegvad.","og_url":"https:\/\/www.xn--bgerogting-0cb.dk\/index.php\/vare\/pleasant-fieldmouses-valentine-trick-by-jan-wahl\/","og_site_name":"B\u00f8ger og Ting","article_publisher":"https:\/\/www.facebook.com\/boegerogting\/","article_modified_time":"2025-01-30T19:47:51+00:00","og_image":[{"width":1920,"height":1920,"url":"https:\/\/www.xn--bgerogting-0cb.dk\/wp-content\/uploads\/2023\/02\/Pleasant-Fieldmouss-Valentine-Trick.jpg","type":"image\/jpeg"}],"twitter_card":"summary_large_image","twitter_misc":{"Pris":"kr.&nbsp;90,00","Tilg\u00e6ngelighed":"P\u00e5 lager"},"schema":{"@context":"https:\/\/schema.org","@graph":[{"@type":"WebPage","@id":"https:\/\/www.xn--bgerogting-0cb.dk\/index.php\/vare\/pleasant-fieldmouses-valentine-trick-by-jan-wahl\/","url":"https:\/\/www.xn--bgerogting-0cb.dk\/index.php\/vare\/pleasant-fieldmouses-valentine-trick-by-jan-wahl\/","name":"Pleasant Fieldmouse's Valentine Trick by Jan Wahl - B\u00f8ger og Ting","isPartOf":{"@id":"https:\/\/www.xn--bgerogting-0cb.dk\/#website"},"primaryImageOfPage":{"@id":"https:\/\/www.xn--bgerogting-0cb.dk\/index.php\/vare\/pleasant-fieldmouses-valentine-trick-by-jan-wahl\/#primaryimage"},"image":{"@id":"https:\/\/www.xn--bgerogting-0cb.dk\/index.php\/vare\/pleasant-fieldmouses-valentine-trick-by-jan-wahl\/#primaryimage"},"thumbnailUrl":"https:\/\/i0.wp.com\/www.xn--bgerogting-0cb.dk\/wp-content\/uploads\/2023\/02\/Pleasant-Fieldmouss-Valentine-Trick.jpg?fit=1920%2C1920&ssl=1","datePublished":"2023-02-06T21:59:54+00:00","dateModified":"2025-01-30T19:47:51+00:00","description":"Pleasant Fieldmouse's Valentine Trick by Jan Wahl - A World's Work Childrens Books, 1977 - 1. udgave - H\u00e6ftet hardback - Tegninger af\u00a0 Erik Blegvad.","breadcrumb":{"@id":"https:\/\/www.xn--bgerogting-0cb.dk\/index.php\/vare\/pleasant-fieldmouses-valentine-trick-by-jan-wahl\/#breadcrumb"},"inLanguage":"da-DK","potentialAction":[{"@type":"ReadAction","target":["https:\/\/www.xn--bgerogting-0cb.dk\/index.php\/vare\/pleasant-fieldmouses-valentine-trick-by-jan-wahl\/"]}]},{"@type":"ImageObject","inLanguage":"da-DK","@id":"https:\/\/www.xn--bgerogting-0cb.dk\/index.php\/vare\/pleasant-fieldmouses-valentine-trick-by-jan-wahl\/#primaryimage","url":"https:\/\/i0.wp.com\/www.xn--bgerogting-0cb.dk\/wp-content\/uploads\/2023\/02\/Pleasant-Fieldmouss-Valentine-Trick.jpg?fit=1920%2C1920&ssl=1","contentUrl":"https:\/\/i0.wp.com\/www.xn--bgerogting-0cb.dk\/wp-content\/uploads\/2023\/02\/Pleasant-Fieldmouss-Valentine-Trick.jpg?fit=1920%2C1920&ssl=1","width":1920,"height":1920,"caption":"Pleasant Fieldmous's Valentine Trick"},{"@type":"BreadcrumbList","@id":"https:\/\/www.xn--bgerogting-0cb.dk\/index.php\/vare\/pleasant-fieldmouses-valentine-trick-by-jan-wahl\/#breadcrumb","itemListElement":[{"@type":"ListItem","position":1,"name":"Home","item":"https:\/\/www.xn--bgerogting-0cb.dk\/"},{"@type":"ListItem","position":2,"name":"Butik","item":"https:\/\/www.xn--bgerogting-0cb.dk\/index.php\/shop\/"},{"@type":"ListItem","position":3,"name":"Pleasant Fieldmouse&#8217;s Valentine Trick by Jan Wahl"}]},{"@type":"WebSite","@id":"https:\/\/www.xn--bgerogting-0cb.dk\/#website","url":"https:\/\/www.xn--bgerogting-0cb.dk\/","name":"B\u00f8ger og Ting","description":"Antikvarisk, retro, vintage og antik","publisher":{"@id":"https:\/\/www.xn--bgerogting-0cb.dk\/#organization"},"potentialAction":[{"@type":"SearchAction","target":{"@type":"EntryPoint","urlTemplate":"https:\/\/www.xn--bgerogting-0cb.dk\/?s={search_term_string}"},"query-input":{"@type":"PropertyValueSpecification","valueRequired":true,"valueName":"search_term_string"}}],"inLanguage":"da-DK"},{"@type":"Organization","@id":"https:\/\/www.xn--bgerogting-0cb.dk\/#organization","name":"B\u00f8ger og Ting","url":"https:\/\/www.xn--bgerogting-0cb.dk\/","logo":{"@type":"ImageObject","inLanguage":"da-DK","@id":"https:\/\/www.xn--bgerogting-0cb.dk\/#\/schema\/logo\/image\/","url":"https:\/\/i0.wp.com\/www.xn--bgerogting-0cb.dk\/wp-content\/uploads\/2019\/10\/webicon.png?fit=205%2C205&ssl=1","contentUrl":"https:\/\/i0.wp.com\/www.xn--bgerogting-0cb.dk\/wp-content\/uploads\/2019\/10\/webicon.png?fit=205%2C205&ssl=1","width":205,"height":205,"caption":"B\u00f8ger og Ting"},"image":{"@id":"https:\/\/www.xn--bgerogting-0cb.dk\/#\/schema\/logo\/image\/"},"sameAs":["https:\/\/www.facebook.com\/boegerogting\/","https:\/\/www.instagram.com\/bogerogting\/"]}]},"product_price_amount":"90.00","product_price_currency":"DKK","og_availability":"instock","product_availability":"instock","product_retailer_item_id":"6817","product_condition":"new"},"jetpack_sharing_enabled":true,"_links":{"self":[{"href":"https:\/\/www.xn--bgerogting-0cb.dk\/index.php\/wp-json\/wp\/v2\/product\/13842","targetHints":{"allow":["GET"]}}],"collection":[{"href":"https:\/\/www.xn--bgerogting-0cb.dk\/index.php\/wp-json\/wp\/v2\/product"}],"about":[{"href":"https:\/\/www.xn--bgerogting-0cb.dk\/index.php\/wp-json\/wp\/v2\/types\/product"}],"wp:featuredmedia":[{"embeddable":true,"href":"https:\/\/www.xn--bgerogting-0cb.dk\/index.php\/wp-json\/wp\/v2\/media\/13845"}],"wp:attachment":[{"href":"https:\/\/www.xn--bgerogting-0cb.dk\/index.php\/wp-json\/wp\/v2\/media?parent=13842"}],"wp:term":[{"taxonomy":"product_brand","embeddable":true,"href":"https:\/\/www.xn--bgerogting-0cb.dk\/index.php\/wp-json\/wp\/v2\/product_brand?post=13842"},{"taxonomy":"product_cat","embeddable":true,"href":"https:\/\/www.xn--bgerogting-0cb.dk\/index.php\/wp-json\/wp\/v2\/product_cat?post=13842"},{"taxonomy":"product_tag","embeddable":true,"href":"https:\/\/www.xn--bgerogting-0cb.dk\/index.php\/wp-json\/wp\/v2\/product_tag?post=13842"}],"curies":[{"name":"wp","href":"https:\/\/api.w.org\/{rel}","templated":true}]}}