{"id":13779,"date":"2023-01-25T17:55:07","date_gmt":"2023-01-25T16:55:07","guid":{"rendered":"https:\/\/www.xn--bgerogting-0cb.dk\/?post_type=product&#038;p=13779"},"modified":"2023-01-25T17:55:08","modified_gmt":"2023-01-25T16:55:08","slug":"da-fuglene-floej-af-john-yeoman-og-quentin-blake","status":"publish","type":"product","link":"https:\/\/www.xn--bgerogting-0cb.dk\/index.php\/vare\/da-fuglene-floej-af-john-yeoman-og-quentin-blake\/","title":{"rendered":"Da fuglene fl\u00f8j af John Yeoman og Quentin Blake"},"content":{"rendered":"<p>Da fuglene fl\u00f8j af John Yeoman og Quentin Blake.<br \/>\nSesam, 1998 &#8211; H\u00e6ftet hardback.<br \/>\nIllustreret af Quentin Blake &#8211; Amerikansk originaltitel: Up with birds!, 1995.<br \/>\nBogen er i fin stand.<\/p>\n<p>Vild og sk\u00f8r billedbog af makkerparret Yeoman og Blake om noget, man aldrig har h\u00f8rt om f\u00f8r!<br \/>\nDer var nemlig engang, da fuglene bare s\u00e5dan gik rundt overalt p\u00e5 jorden, hvilket gjorde livet meget besv\u00e6rligt. Is\u00e6r for familien Flax, der boede i en lille by, hvor der var masser af fugle. De fleste af dem var meget st\u00f8jende, og hvor de fandt en \u00e5ben d\u00f8r, vadede de lige ind. Men en dag g\u00f8r hr. Flax en opfindelse &#8230;<\/p>\n","protected":false},"excerpt":{"rendered":"<p>Da fuglene fl\u00f8j af John Yeoman og Quentin Blake.<br \/>\nSesam, 1998 &#8211; H\u00e6ftet hardback.<br \/>\nIllustreret af Quentin Blake &#8211; Amerikansk originaltitel: Up with birds!, 1995.<br \/>\nBogen er i fin stand.<\/p>\n<p>Vild og sk\u00f8r billedbog af makkerparret Yeoman og Blake om noget, man aldrig har h\u00f8rt om f\u00f8r!<br \/>\nDer var nemlig engang, da fuglene bare s\u00e5dan gik rundt overalt p\u00e5 jorden, hvilket gjorde livet meget besv\u00e6rligt. Is\u00e6r for familien Flax, der boede i en lille by, hvor der var masser af fugle. De fleste af dem var meget st\u00f8jende, og hvor de fandt en \u00e5ben d\u00f8r, vadede de lige ind. Men en dag g\u00f8r hr. Flax en opfindelse &#8230;<\/p>\n","protected":false},"featured_media":13793,"template":"","meta":[],"product_brand":[],"product_cat":[54,81,27,35],"product_tag":[219,1309,575,573],"class_list":{"0":"post-13779","1":"product","2":"type-product","3":"status-publish","4":"has-post-thumbnail","6":"product_cat-alle-tiders-boerneboeger-1990-1999","7":"product_cat-billedboeger","8":"product_cat-boeger","9":"product_cat-barneboger","10":"product_tag-amerikansk","11":"product_tag-john-yeoman","12":"product_tag-quentin-blake","13":"product_tag-sjove-boeger","15":"first","16":"instock","17":"shipping-taxable","18":"purchasable","19":"product-type-simple"},"yoast_head":"<!-- This site is optimized with the Yoast SEO Premium plugin v27.4 (Yoast SEO v27.5) - https:\/\/yoast.com\/product\/yoast-seo-premium-wordpress\/ -->\n<title>Da fuglene fl\u00f8j af John Yeoman og Quentin Blake - B\u00f8ger og Ting<\/title>\n<meta name=\"description\" content=\"Da fuglene fl\u00f8j af John Yeoman og Quentin Blake - Sesam, 1998 - H\u00e6ftet hardback -llustreret af Quentin Blake - Bogen er i fin stand.\" \/>\n<meta name=\"robots\" content=\"index, follow, max-snippet:-1, max-image-preview:large, max-video-preview:-1\" \/>\n<link rel=\"canonical\" href=\"https:\/\/www.xn--bgerogting-0cb.dk\/index.php\/vare\/da-fuglene-floej-af-john-yeoman-og-quentin-blake\/\" \/>\n<meta property=\"og:locale\" content=\"da_DK\" \/>\n<meta property=\"og:type\" content=\"article\" \/>\n<meta property=\"og:title\" content=\"Da fuglene fl\u00f8j af John Yeoman og Quentin Blake\" \/>\n<meta property=\"og:description\" content=\"Da fuglene fl\u00f8j af John Yeoman og Quentin Blake - Sesam, 1998 - H\u00e6ftet hardback -llustreret af Quentin Blake - Bogen er i fin stand.\" \/>\n<meta property=\"og:url\" content=\"https:\/\/www.xn--bgerogting-0cb.dk\/index.php\/vare\/da-fuglene-floej-af-john-yeoman-og-quentin-blake\/\" \/>\n<meta property=\"og:site_name\" content=\"B\u00f8ger og Ting\" \/>\n<meta property=\"article:publisher\" content=\"https:\/\/www.facebook.com\/boegerogting\/\" \/>\n<meta property=\"article:modified_time\" content=\"2023-01-25T16:55:08+00:00\" \/>\n<meta property=\"og:image\" content=\"https:\/\/www.xn--bgerogting-0cb.dk\/wp-content\/uploads\/2023\/01\/Da-fuglene-floej-af-John-Yeoman.jpg\" \/>\n\t<meta property=\"og:image:width\" content=\"1920\" \/>\n\t<meta property=\"og:image:height\" content=\"1920\" \/>\n\t<meta property=\"og:image:type\" content=\"image\/jpeg\" \/>\n<meta name=\"twitter:card\" content=\"summary_large_image\" \/>\n<meta name=\"twitter:label1\" content=\"Pris\" \/>\n\t<meta name=\"twitter:data1\" content=\"kr.&nbsp;75,00\" \/>\n\t<meta name=\"twitter:label2\" content=\"Tilg\u00e6ngelighed\" \/>\n\t<meta name=\"twitter:data2\" content=\"P\u00e5 lager\" \/>\n<script type=\"application\/ld+json\" class=\"yoast-schema-graph\">{\"@context\":\"https:\\\/\\\/schema.org\",\"@graph\":[{\"@type\":\"WebPage\",\"@id\":\"https:\\\/\\\/www.xn--bgerogting-0cb.dk\\\/index.php\\\/vare\\\/da-fuglene-floej-af-john-yeoman-og-quentin-blake\\\/\",\"url\":\"https:\\\/\\\/www.xn--bgerogting-0cb.dk\\\/index.php\\\/vare\\\/da-fuglene-floej-af-john-yeoman-og-quentin-blake\\\/\",\"name\":\"Da fuglene fl\u00f8j af John Yeoman og Quentin Blake - B\u00f8ger og Ting\",\"isPartOf\":{\"@id\":\"https:\\\/\\\/www.xn--bgerogting-0cb.dk\\\/#website\"},\"primaryImageOfPage\":{\"@id\":\"https:\\\/\\\/www.xn--bgerogting-0cb.dk\\\/index.php\\\/vare\\\/da-fuglene-floej-af-john-yeoman-og-quentin-blake\\\/#primaryimage\"},\"image\":{\"@id\":\"https:\\\/\\\/www.xn--bgerogting-0cb.dk\\\/index.php\\\/vare\\\/da-fuglene-floej-af-john-yeoman-og-quentin-blake\\\/#primaryimage\"},\"thumbnailUrl\":\"https:\\\/\\\/i0.wp.com\\\/www.xn--bgerogting-0cb.dk\\\/wp-content\\\/uploads\\\/2023\\\/01\\\/Da-fuglene-floej-af-John-Yeoman.jpg?fit=1920%2C1920&ssl=1\",\"datePublished\":\"2023-01-25T16:55:07+00:00\",\"dateModified\":\"2023-01-25T16:55:08+00:00\",\"description\":\"Da fuglene fl\u00f8j af John Yeoman og Quentin Blake - Sesam, 1998 - H\u00e6ftet hardback -llustreret af Quentin Blake - Bogen er i fin stand.\",\"breadcrumb\":{\"@id\":\"https:\\\/\\\/www.xn--bgerogting-0cb.dk\\\/index.php\\\/vare\\\/da-fuglene-floej-af-john-yeoman-og-quentin-blake\\\/#breadcrumb\"},\"inLanguage\":\"da-DK\",\"potentialAction\":[{\"@type\":\"ReadAction\",\"target\":[\"https:\\\/\\\/www.xn--bgerogting-0cb.dk\\\/index.php\\\/vare\\\/da-fuglene-floej-af-john-yeoman-og-quentin-blake\\\/\"]}]},{\"@type\":\"ImageObject\",\"inLanguage\":\"da-DK\",\"@id\":\"https:\\\/\\\/www.xn--bgerogting-0cb.dk\\\/index.php\\\/vare\\\/da-fuglene-floej-af-john-yeoman-og-quentin-blake\\\/#primaryimage\",\"url\":\"https:\\\/\\\/i0.wp.com\\\/www.xn--bgerogting-0cb.dk\\\/wp-content\\\/uploads\\\/2023\\\/01\\\/Da-fuglene-floej-af-John-Yeoman.jpg?fit=1920%2C1920&ssl=1\",\"contentUrl\":\"https:\\\/\\\/i0.wp.com\\\/www.xn--bgerogting-0cb.dk\\\/wp-content\\\/uploads\\\/2023\\\/01\\\/Da-fuglene-floej-af-John-Yeoman.jpg?fit=1920%2C1920&ssl=1\",\"width\":1920,\"height\":1920,\"caption\":\"Da fuglene fl\u00f8j af John Yeoman\"},{\"@type\":\"BreadcrumbList\",\"@id\":\"https:\\\/\\\/www.xn--bgerogting-0cb.dk\\\/index.php\\\/vare\\\/da-fuglene-floej-af-john-yeoman-og-quentin-blake\\\/#breadcrumb\",\"itemListElement\":[{\"@type\":\"ListItem\",\"position\":1,\"name\":\"Home\",\"item\":\"https:\\\/\\\/www.xn--bgerogting-0cb.dk\\\/\"},{\"@type\":\"ListItem\",\"position\":2,\"name\":\"Butik\",\"item\":\"https:\\\/\\\/www.xn--bgerogting-0cb.dk\\\/index.php\\\/shop\\\/\"},{\"@type\":\"ListItem\",\"position\":3,\"name\":\"Da fuglene fl\u00f8j af John Yeoman og Quentin Blake\"}]},{\"@type\":\"WebSite\",\"@id\":\"https:\\\/\\\/www.xn--bgerogting-0cb.dk\\\/#website\",\"url\":\"https:\\\/\\\/www.xn--bgerogting-0cb.dk\\\/\",\"name\":\"B\u00f8ger og Ting\",\"description\":\"Antikvarisk, retro, vintage og antik\",\"publisher\":{\"@id\":\"https:\\\/\\\/www.xn--bgerogting-0cb.dk\\\/#organization\"},\"potentialAction\":[{\"@type\":\"SearchAction\",\"target\":{\"@type\":\"EntryPoint\",\"urlTemplate\":\"https:\\\/\\\/www.xn--bgerogting-0cb.dk\\\/?s={search_term_string}\"},\"query-input\":{\"@type\":\"PropertyValueSpecification\",\"valueRequired\":true,\"valueName\":\"search_term_string\"}}],\"inLanguage\":\"da-DK\"},{\"@type\":\"Organization\",\"@id\":\"https:\\\/\\\/www.xn--bgerogting-0cb.dk\\\/#organization\",\"name\":\"B\u00f8ger og Ting\",\"url\":\"https:\\\/\\\/www.xn--bgerogting-0cb.dk\\\/\",\"logo\":{\"@type\":\"ImageObject\",\"inLanguage\":\"da-DK\",\"@id\":\"https:\\\/\\\/www.xn--bgerogting-0cb.dk\\\/#\\\/schema\\\/logo\\\/image\\\/\",\"url\":\"https:\\\/\\\/i0.wp.com\\\/www.xn--bgerogting-0cb.dk\\\/wp-content\\\/uploads\\\/2019\\\/10\\\/webicon.png?fit=205%2C205&ssl=1\",\"contentUrl\":\"https:\\\/\\\/i0.wp.com\\\/www.xn--bgerogting-0cb.dk\\\/wp-content\\\/uploads\\\/2019\\\/10\\\/webicon.png?fit=205%2C205&ssl=1\",\"width\":205,\"height\":205,\"caption\":\"B\u00f8ger og Ting\"},\"image\":{\"@id\":\"https:\\\/\\\/www.xn--bgerogting-0cb.dk\\\/#\\\/schema\\\/logo\\\/image\\\/\"},\"sameAs\":[\"https:\\\/\\\/www.facebook.com\\\/boegerogting\\\/\",\"https:\\\/\\\/www.instagram.com\\\/bogerogting\\\/\"]}]}<\/script>\n<meta property=\"product:price:amount\" content=\"75.00\" \/>\n<meta property=\"product:price:currency\" content=\"DKK\" \/>\n<meta property=\"og:availability\" content=\"instock\" \/>\n<meta property=\"product:availability\" content=\"instock\" \/>\n<meta property=\"product:retailer_item_id\" content=\"8697\" \/>\n<meta property=\"product:condition\" content=\"new\" \/>\n<!-- \/ Yoast SEO Premium plugin. -->","yoast_head_json":{"title":"Da fuglene fl\u00f8j af John Yeoman og Quentin Blake - B\u00f8ger og Ting","description":"Da fuglene fl\u00f8j af John Yeoman og Quentin Blake - Sesam, 1998 - H\u00e6ftet hardback -llustreret af Quentin Blake - Bogen er i fin stand.","robots":{"index":"index","follow":"follow","max-snippet":"max-snippet:-1","max-image-preview":"max-image-preview:large","max-video-preview":"max-video-preview:-1"},"canonical":"https:\/\/www.xn--bgerogting-0cb.dk\/index.php\/vare\/da-fuglene-floej-af-john-yeoman-og-quentin-blake\/","og_locale":"da_DK","og_type":"article","og_title":"Da fuglene fl\u00f8j af John Yeoman og Quentin Blake","og_description":"Da fuglene fl\u00f8j af John Yeoman og Quentin Blake - Sesam, 1998 - H\u00e6ftet hardback -llustreret af Quentin Blake - Bogen er i fin stand.","og_url":"https:\/\/www.xn--bgerogting-0cb.dk\/index.php\/vare\/da-fuglene-floej-af-john-yeoman-og-quentin-blake\/","og_site_name":"B\u00f8ger og Ting","article_publisher":"https:\/\/www.facebook.com\/boegerogting\/","article_modified_time":"2023-01-25T16:55:08+00:00","og_image":[{"width":1920,"height":1920,"url":"https:\/\/www.xn--bgerogting-0cb.dk\/wp-content\/uploads\/2023\/01\/Da-fuglene-floej-af-John-Yeoman.jpg","type":"image\/jpeg"}],"twitter_card":"summary_large_image","twitter_misc":{"Pris":"kr.&nbsp;75,00","Tilg\u00e6ngelighed":"P\u00e5 lager"},"schema":{"@context":"https:\/\/schema.org","@graph":[{"@type":"WebPage","@id":"https:\/\/www.xn--bgerogting-0cb.dk\/index.php\/vare\/da-fuglene-floej-af-john-yeoman-og-quentin-blake\/","url":"https:\/\/www.xn--bgerogting-0cb.dk\/index.php\/vare\/da-fuglene-floej-af-john-yeoman-og-quentin-blake\/","name":"Da fuglene fl\u00f8j af John Yeoman og Quentin Blake - B\u00f8ger og Ting","isPartOf":{"@id":"https:\/\/www.xn--bgerogting-0cb.dk\/#website"},"primaryImageOfPage":{"@id":"https:\/\/www.xn--bgerogting-0cb.dk\/index.php\/vare\/da-fuglene-floej-af-john-yeoman-og-quentin-blake\/#primaryimage"},"image":{"@id":"https:\/\/www.xn--bgerogting-0cb.dk\/index.php\/vare\/da-fuglene-floej-af-john-yeoman-og-quentin-blake\/#primaryimage"},"thumbnailUrl":"https:\/\/i0.wp.com\/www.xn--bgerogting-0cb.dk\/wp-content\/uploads\/2023\/01\/Da-fuglene-floej-af-John-Yeoman.jpg?fit=1920%2C1920&ssl=1","datePublished":"2023-01-25T16:55:07+00:00","dateModified":"2023-01-25T16:55:08+00:00","description":"Da fuglene fl\u00f8j af John Yeoman og Quentin Blake - Sesam, 1998 - H\u00e6ftet hardback -llustreret af Quentin Blake - Bogen er i fin stand.","breadcrumb":{"@id":"https:\/\/www.xn--bgerogting-0cb.dk\/index.php\/vare\/da-fuglene-floej-af-john-yeoman-og-quentin-blake\/#breadcrumb"},"inLanguage":"da-DK","potentialAction":[{"@type":"ReadAction","target":["https:\/\/www.xn--bgerogting-0cb.dk\/index.php\/vare\/da-fuglene-floej-af-john-yeoman-og-quentin-blake\/"]}]},{"@type":"ImageObject","inLanguage":"da-DK","@id":"https:\/\/www.xn--bgerogting-0cb.dk\/index.php\/vare\/da-fuglene-floej-af-john-yeoman-og-quentin-blake\/#primaryimage","url":"https:\/\/i0.wp.com\/www.xn--bgerogting-0cb.dk\/wp-content\/uploads\/2023\/01\/Da-fuglene-floej-af-John-Yeoman.jpg?fit=1920%2C1920&ssl=1","contentUrl":"https:\/\/i0.wp.com\/www.xn--bgerogting-0cb.dk\/wp-content\/uploads\/2023\/01\/Da-fuglene-floej-af-John-Yeoman.jpg?fit=1920%2C1920&ssl=1","width":1920,"height":1920,"caption":"Da fuglene fl\u00f8j af John Yeoman"},{"@type":"BreadcrumbList","@id":"https:\/\/www.xn--bgerogting-0cb.dk\/index.php\/vare\/da-fuglene-floej-af-john-yeoman-og-quentin-blake\/#breadcrumb","itemListElement":[{"@type":"ListItem","position":1,"name":"Home","item":"https:\/\/www.xn--bgerogting-0cb.dk\/"},{"@type":"ListItem","position":2,"name":"Butik","item":"https:\/\/www.xn--bgerogting-0cb.dk\/index.php\/shop\/"},{"@type":"ListItem","position":3,"name":"Da fuglene fl\u00f8j af John Yeoman og Quentin Blake"}]},{"@type":"WebSite","@id":"https:\/\/www.xn--bgerogting-0cb.dk\/#website","url":"https:\/\/www.xn--bgerogting-0cb.dk\/","name":"B\u00f8ger og Ting","description":"Antikvarisk, retro, vintage og antik","publisher":{"@id":"https:\/\/www.xn--bgerogting-0cb.dk\/#organization"},"potentialAction":[{"@type":"SearchAction","target":{"@type":"EntryPoint","urlTemplate":"https:\/\/www.xn--bgerogting-0cb.dk\/?s={search_term_string}"},"query-input":{"@type":"PropertyValueSpecification","valueRequired":true,"valueName":"search_term_string"}}],"inLanguage":"da-DK"},{"@type":"Organization","@id":"https:\/\/www.xn--bgerogting-0cb.dk\/#organization","name":"B\u00f8ger og Ting","url":"https:\/\/www.xn--bgerogting-0cb.dk\/","logo":{"@type":"ImageObject","inLanguage":"da-DK","@id":"https:\/\/www.xn--bgerogting-0cb.dk\/#\/schema\/logo\/image\/","url":"https:\/\/i0.wp.com\/www.xn--bgerogting-0cb.dk\/wp-content\/uploads\/2019\/10\/webicon.png?fit=205%2C205&ssl=1","contentUrl":"https:\/\/i0.wp.com\/www.xn--bgerogting-0cb.dk\/wp-content\/uploads\/2019\/10\/webicon.png?fit=205%2C205&ssl=1","width":205,"height":205,"caption":"B\u00f8ger og Ting"},"image":{"@id":"https:\/\/www.xn--bgerogting-0cb.dk\/#\/schema\/logo\/image\/"},"sameAs":["https:\/\/www.facebook.com\/boegerogting\/","https:\/\/www.instagram.com\/bogerogting\/"]}]},"product_price_amount":"75.00","product_price_currency":"DKK","og_availability":"instock","product_availability":"instock","product_retailer_item_id":"8697","product_condition":"new"},"jetpack_sharing_enabled":true,"_links":{"self":[{"href":"https:\/\/www.xn--bgerogting-0cb.dk\/index.php\/wp-json\/wp\/v2\/product\/13779","targetHints":{"allow":["GET"]}}],"collection":[{"href":"https:\/\/www.xn--bgerogting-0cb.dk\/index.php\/wp-json\/wp\/v2\/product"}],"about":[{"href":"https:\/\/www.xn--bgerogting-0cb.dk\/index.php\/wp-json\/wp\/v2\/types\/product"}],"wp:featuredmedia":[{"embeddable":true,"href":"https:\/\/www.xn--bgerogting-0cb.dk\/index.php\/wp-json\/wp\/v2\/media\/13793"}],"wp:attachment":[{"href":"https:\/\/www.xn--bgerogting-0cb.dk\/index.php\/wp-json\/wp\/v2\/media?parent=13779"}],"wp:term":[{"taxonomy":"product_brand","embeddable":true,"href":"https:\/\/www.xn--bgerogting-0cb.dk\/index.php\/wp-json\/wp\/v2\/product_brand?post=13779"},{"taxonomy":"product_cat","embeddable":true,"href":"https:\/\/www.xn--bgerogting-0cb.dk\/index.php\/wp-json\/wp\/v2\/product_cat?post=13779"},{"taxonomy":"product_tag","embeddable":true,"href":"https:\/\/www.xn--bgerogting-0cb.dk\/index.php\/wp-json\/wp\/v2\/product_tag?post=13779"}],"curies":[{"name":"wp","href":"https:\/\/api.w.org\/{rel}","templated":true}]}}