{"id":13768,"date":"2023-01-25T14:16:59","date_gmt":"2023-01-25T13:16:59","guid":{"rendered":"https:\/\/www.xn--bgerogting-0cb.dk\/?post_type=product&#038;p=13768"},"modified":"2023-01-25T14:17:00","modified_gmt":"2023-01-25T13:17:00","slug":"den-foreloebige-james-joyce-encyklopaedi","status":"publish","type":"product","link":"https:\/\/www.xn--bgerogting-0cb.dk\/index.php\/vare\/den-foreloebige-james-joyce-encyklopaedi\/","title":{"rendered":"Den forel\u00f8bige James Joyce encyklop\u00e6di"},"content":{"rendered":"<p>Den forel\u00f8bige James Joyce encyklop\u00e6di &#8211; Redaktion: Arild Baltzer, Jacob Greve, Steen Klitg\u00e5rd Povlsen m.fl.<br \/>\nRoskilde Bogcafe, 1998 &#8211; 224 sider &#8211; H\u00e6ftet og biblioteksindbundet i lille format (18 x 13 cm.)<br \/>\nBogen, som er et frik\u00f8bt bibliotekseksemplar, er i fin stand. Bogen har diverse biblioteksstempler og stregkoder.<\/p>\n<p>Fra forordet:<br \/>\n&#8220;Jeg (S\u00f8ren Klitg\u00e5rd Povlsen) fik den ide at lave en James Joyce encyklop\u00e6di, en pendant til Br\u00f8ndums Encyklop\u00e6di med dens herlige subjektive og sk\u00e6ve syn p\u00e5 verden &#8230; Hovedtyngden blev forskubbet fra det subjektive, sk\u00e6ve og personlige til det mere analytiske, videnskabelige, suppleret med enkle muntre anekdotiske opslag, som ikke g\u00f8r krav p\u00e5 originalitet, men dog p\u00e5 en vis l\u00f8ssluppenhed&#8230; Encyklop\u00e6dien er udtryk for en mangfoldighed af indfaldsvinkler til Joyces verden &#8211; en bog hvor man kan sl\u00e5 op og springe over og g\u00e5 p\u00e5 opdagelse, ligesom i Br\u00f8ndums Encyklop\u00e6di.&#8221;<\/p>\n","protected":false},"excerpt":{"rendered":"<p>Den forel\u00f8bige James Joyce Encyklop\u00e6di &#8211; Redaktion: Arild Baltzer, Jacob Greve, Steen Klitg\u00e5rd Povlsen m.fl.<br \/>\nRoskilde Bogcafe, 1998 &#8211; 224 sider &#8211; H\u00e6ftet og biblioteksindbundet i lille format (18 x 13 cm.)<br \/>\nIllustreret i s\/h.<br \/>\nBogen, som er et frik\u00f8bt bibliotekseksemplar, er i fin stand. Bogen har diverse biblioteksstempler og stregkoder.<\/p>\n<p>Fra forordet:<br \/>\n&#8220;Jeg (S\u00f8ren Klitg\u00e5rd Povlsen) fik den ide at lave en James Joyce encyklop\u00e6di, en pendant til Br\u00f8ndums Encyklop\u00e6di med dens herlige subjektive og sk\u00e6ve syn p\u00e5 verden &#8230; Hovedtyngden blev forskubbet fra det subjektive, sk\u00e6ve og personlige til det mere analytiske, videnskabelige, suppleret med enkle muntre anekdotiske opslag, som ikke g\u00f8r krav p\u00e5 originalitet, men dog p\u00e5 en vis l\u00f8ssluppenhed&#8230; Encyklop\u00e6dien er udtryk for en mangfoldighed af indfaldsvinkler til Joyces verden &#8211; en bog hvor man kan sl\u00e5 op og springe over og g\u00e5 p\u00e5 opdagelse, ligesom i Br\u00f8ndums Encyklop\u00e6di.&#8221;<\/p>\n","protected":false},"featured_media":13771,"template":"","meta":[],"product_brand":[],"product_cat":[257,27,28,806],"product_tag":[1308,1307],"class_list":{"0":"post-13768","1":"product","2":"type-product","3":"status-publish","4":"has-post-thumbnail","6":"product_cat-biografier","7":"product_cat-boeger","8":"product_cat-fagboeger","9":"product_cat-litteraturhistorie-tidsskrifter-og-kritik","10":"product_tag-irsk","11":"product_tag-james-joyce","13":"first","14":"instock","15":"shipping-taxable","16":"purchasable","17":"product-type-simple"},"yoast_head":"<!-- This site is optimized with the Yoast SEO Premium plugin v27.4 (Yoast SEO v27.5) - https:\/\/yoast.com\/product\/yoast-seo-premium-wordpress\/ -->\n<title>Den forel\u00f8bige James Joyce encyklop\u00e6di - B\u00f8ger og Ting<\/title>\n<meta name=\"description\" content=\"Den forel\u00f8bige James Joyce encyklop\u00e6di - Roskilde Bogcafe, 1998 - 224 sider - H\u00e6ftet og biblioteksindbundet Bogen er i fin stand.\" \/>\n<meta name=\"robots\" content=\"index, follow, max-snippet:-1, max-image-preview:large, max-video-preview:-1\" \/>\n<link rel=\"canonical\" href=\"https:\/\/www.xn--bgerogting-0cb.dk\/index.php\/vare\/den-foreloebige-james-joyce-encyklopaedi\/\" \/>\n<meta property=\"og:locale\" content=\"da_DK\" \/>\n<meta property=\"og:type\" content=\"article\" \/>\n<meta property=\"og:title\" content=\"Den forel\u00f8bige James Joyce encyklop\u00e6di\" \/>\n<meta property=\"og:description\" content=\"Den forel\u00f8bige James Joyce encyklop\u00e6di - Roskilde Bogcafe, 1998 - 224 sider - H\u00e6ftet og biblioteksindbundet Bogen er i fin stand.\" \/>\n<meta property=\"og:url\" content=\"https:\/\/www.xn--bgerogting-0cb.dk\/index.php\/vare\/den-foreloebige-james-joyce-encyklopaedi\/\" \/>\n<meta property=\"og:site_name\" content=\"B\u00f8ger og Ting\" \/>\n<meta property=\"article:publisher\" content=\"https:\/\/www.facebook.com\/boegerogting\/\" \/>\n<meta property=\"article:modified_time\" content=\"2023-01-25T13:17:00+00:00\" \/>\n<meta property=\"og:image\" content=\"https:\/\/www.xn--bgerogting-0cb.dk\/wp-content\/uploads\/2023\/01\/Den-foreloebige-James-Joyce.jpg\" \/>\n\t<meta property=\"og:image:width\" content=\"1920\" \/>\n\t<meta property=\"og:image:height\" content=\"1920\" \/>\n\t<meta property=\"og:image:type\" content=\"image\/jpeg\" \/>\n<meta name=\"twitter:card\" content=\"summary_large_image\" \/>\n<meta name=\"twitter:label1\" content=\"Pris\" \/>\n\t<meta name=\"twitter:data1\" content=\"kr.&nbsp;100,00\" \/>\n\t<meta name=\"twitter:label2\" content=\"Tilg\u00e6ngelighed\" \/>\n\t<meta name=\"twitter:data2\" content=\"P\u00e5 lager\" \/>\n<script type=\"application\/ld+json\" class=\"yoast-schema-graph\">{\"@context\":\"https:\\\/\\\/schema.org\",\"@graph\":[{\"@type\":\"WebPage\",\"@id\":\"https:\\\/\\\/www.xn--bgerogting-0cb.dk\\\/index.php\\\/vare\\\/den-foreloebige-james-joyce-encyklopaedi\\\/\",\"url\":\"https:\\\/\\\/www.xn--bgerogting-0cb.dk\\\/index.php\\\/vare\\\/den-foreloebige-james-joyce-encyklopaedi\\\/\",\"name\":\"Den forel\u00f8bige James Joyce encyklop\u00e6di - B\u00f8ger og Ting\",\"isPartOf\":{\"@id\":\"https:\\\/\\\/www.xn--bgerogting-0cb.dk\\\/#website\"},\"primaryImageOfPage\":{\"@id\":\"https:\\\/\\\/www.xn--bgerogting-0cb.dk\\\/index.php\\\/vare\\\/den-foreloebige-james-joyce-encyklopaedi\\\/#primaryimage\"},\"image\":{\"@id\":\"https:\\\/\\\/www.xn--bgerogting-0cb.dk\\\/index.php\\\/vare\\\/den-foreloebige-james-joyce-encyklopaedi\\\/#primaryimage\"},\"thumbnailUrl\":\"https:\\\/\\\/i0.wp.com\\\/www.xn--bgerogting-0cb.dk\\\/wp-content\\\/uploads\\\/2023\\\/01\\\/Den-foreloebige-James-Joyce.jpg?fit=1920%2C1920&ssl=1\",\"datePublished\":\"2023-01-25T13:16:59+00:00\",\"dateModified\":\"2023-01-25T13:17:00+00:00\",\"description\":\"Den forel\u00f8bige James Joyce encyklop\u00e6di - Roskilde Bogcafe, 1998 - 224 sider - H\u00e6ftet og biblioteksindbundet Bogen er i fin stand.\",\"breadcrumb\":{\"@id\":\"https:\\\/\\\/www.xn--bgerogting-0cb.dk\\\/index.php\\\/vare\\\/den-foreloebige-james-joyce-encyklopaedi\\\/#breadcrumb\"},\"inLanguage\":\"da-DK\",\"potentialAction\":[{\"@type\":\"ReadAction\",\"target\":[\"https:\\\/\\\/www.xn--bgerogting-0cb.dk\\\/index.php\\\/vare\\\/den-foreloebige-james-joyce-encyklopaedi\\\/\"]}]},{\"@type\":\"ImageObject\",\"inLanguage\":\"da-DK\",\"@id\":\"https:\\\/\\\/www.xn--bgerogting-0cb.dk\\\/index.php\\\/vare\\\/den-foreloebige-james-joyce-encyklopaedi\\\/#primaryimage\",\"url\":\"https:\\\/\\\/i0.wp.com\\\/www.xn--bgerogting-0cb.dk\\\/wp-content\\\/uploads\\\/2023\\\/01\\\/Den-foreloebige-James-Joyce.jpg?fit=1920%2C1920&ssl=1\",\"contentUrl\":\"https:\\\/\\\/i0.wp.com\\\/www.xn--bgerogting-0cb.dk\\\/wp-content\\\/uploads\\\/2023\\\/01\\\/Den-foreloebige-James-Joyce.jpg?fit=1920%2C1920&ssl=1\",\"width\":1920,\"height\":1920,\"caption\":\"Den forel\u00f8bige James Joyce encyklop\u00e6di\"},{\"@type\":\"BreadcrumbList\",\"@id\":\"https:\\\/\\\/www.xn--bgerogting-0cb.dk\\\/index.php\\\/vare\\\/den-foreloebige-james-joyce-encyklopaedi\\\/#breadcrumb\",\"itemListElement\":[{\"@type\":\"ListItem\",\"position\":1,\"name\":\"Home\",\"item\":\"https:\\\/\\\/www.xn--bgerogting-0cb.dk\\\/\"},{\"@type\":\"ListItem\",\"position\":2,\"name\":\"Butik\",\"item\":\"https:\\\/\\\/www.xn--bgerogting-0cb.dk\\\/index.php\\\/shop\\\/\"},{\"@type\":\"ListItem\",\"position\":3,\"name\":\"Den forel\u00f8bige James Joyce encyklop\u00e6di\"}]},{\"@type\":\"WebSite\",\"@id\":\"https:\\\/\\\/www.xn--bgerogting-0cb.dk\\\/#website\",\"url\":\"https:\\\/\\\/www.xn--bgerogting-0cb.dk\\\/\",\"name\":\"B\u00f8ger og Ting\",\"description\":\"Antikvarisk, retro, vintage og antik\",\"publisher\":{\"@id\":\"https:\\\/\\\/www.xn--bgerogting-0cb.dk\\\/#organization\"},\"potentialAction\":[{\"@type\":\"SearchAction\",\"target\":{\"@type\":\"EntryPoint\",\"urlTemplate\":\"https:\\\/\\\/www.xn--bgerogting-0cb.dk\\\/?s={search_term_string}\"},\"query-input\":{\"@type\":\"PropertyValueSpecification\",\"valueRequired\":true,\"valueName\":\"search_term_string\"}}],\"inLanguage\":\"da-DK\"},{\"@type\":\"Organization\",\"@id\":\"https:\\\/\\\/www.xn--bgerogting-0cb.dk\\\/#organization\",\"name\":\"B\u00f8ger og Ting\",\"url\":\"https:\\\/\\\/www.xn--bgerogting-0cb.dk\\\/\",\"logo\":{\"@type\":\"ImageObject\",\"inLanguage\":\"da-DK\",\"@id\":\"https:\\\/\\\/www.xn--bgerogting-0cb.dk\\\/#\\\/schema\\\/logo\\\/image\\\/\",\"url\":\"https:\\\/\\\/i0.wp.com\\\/www.xn--bgerogting-0cb.dk\\\/wp-content\\\/uploads\\\/2019\\\/10\\\/webicon.png?fit=205%2C205&ssl=1\",\"contentUrl\":\"https:\\\/\\\/i0.wp.com\\\/www.xn--bgerogting-0cb.dk\\\/wp-content\\\/uploads\\\/2019\\\/10\\\/webicon.png?fit=205%2C205&ssl=1\",\"width\":205,\"height\":205,\"caption\":\"B\u00f8ger og Ting\"},\"image\":{\"@id\":\"https:\\\/\\\/www.xn--bgerogting-0cb.dk\\\/#\\\/schema\\\/logo\\\/image\\\/\"},\"sameAs\":[\"https:\\\/\\\/www.facebook.com\\\/boegerogting\\\/\",\"https:\\\/\\\/www.instagram.com\\\/bogerogting\\\/\"]}]}<\/script>\n<meta property=\"product:price:amount\" content=\"100.00\" \/>\n<meta property=\"product:price:currency\" content=\"DKK\" \/>\n<meta property=\"og:availability\" content=\"instock\" \/>\n<meta property=\"product:availability\" content=\"instock\" \/>\n<meta property=\"product:retailer_item_id\" content=\"9082\" \/>\n<meta property=\"product:condition\" content=\"new\" \/>\n<!-- \/ Yoast SEO Premium plugin. -->","yoast_head_json":{"title":"Den forel\u00f8bige James Joyce encyklop\u00e6di - B\u00f8ger og Ting","description":"Den forel\u00f8bige James Joyce encyklop\u00e6di - Roskilde Bogcafe, 1998 - 224 sider - H\u00e6ftet og biblioteksindbundet Bogen er i fin stand.","robots":{"index":"index","follow":"follow","max-snippet":"max-snippet:-1","max-image-preview":"max-image-preview:large","max-video-preview":"max-video-preview:-1"},"canonical":"https:\/\/www.xn--bgerogting-0cb.dk\/index.php\/vare\/den-foreloebige-james-joyce-encyklopaedi\/","og_locale":"da_DK","og_type":"article","og_title":"Den forel\u00f8bige James Joyce encyklop\u00e6di","og_description":"Den forel\u00f8bige James Joyce encyklop\u00e6di - Roskilde Bogcafe, 1998 - 224 sider - H\u00e6ftet og biblioteksindbundet Bogen er i fin stand.","og_url":"https:\/\/www.xn--bgerogting-0cb.dk\/index.php\/vare\/den-foreloebige-james-joyce-encyklopaedi\/","og_site_name":"B\u00f8ger og Ting","article_publisher":"https:\/\/www.facebook.com\/boegerogting\/","article_modified_time":"2023-01-25T13:17:00+00:00","og_image":[{"width":1920,"height":1920,"url":"https:\/\/www.xn--bgerogting-0cb.dk\/wp-content\/uploads\/2023\/01\/Den-foreloebige-James-Joyce.jpg","type":"image\/jpeg"}],"twitter_card":"summary_large_image","twitter_misc":{"Pris":"kr.&nbsp;100,00","Tilg\u00e6ngelighed":"P\u00e5 lager"},"schema":{"@context":"https:\/\/schema.org","@graph":[{"@type":"WebPage","@id":"https:\/\/www.xn--bgerogting-0cb.dk\/index.php\/vare\/den-foreloebige-james-joyce-encyklopaedi\/","url":"https:\/\/www.xn--bgerogting-0cb.dk\/index.php\/vare\/den-foreloebige-james-joyce-encyklopaedi\/","name":"Den forel\u00f8bige James Joyce encyklop\u00e6di - B\u00f8ger og Ting","isPartOf":{"@id":"https:\/\/www.xn--bgerogting-0cb.dk\/#website"},"primaryImageOfPage":{"@id":"https:\/\/www.xn--bgerogting-0cb.dk\/index.php\/vare\/den-foreloebige-james-joyce-encyklopaedi\/#primaryimage"},"image":{"@id":"https:\/\/www.xn--bgerogting-0cb.dk\/index.php\/vare\/den-foreloebige-james-joyce-encyklopaedi\/#primaryimage"},"thumbnailUrl":"https:\/\/i0.wp.com\/www.xn--bgerogting-0cb.dk\/wp-content\/uploads\/2023\/01\/Den-foreloebige-James-Joyce.jpg?fit=1920%2C1920&ssl=1","datePublished":"2023-01-25T13:16:59+00:00","dateModified":"2023-01-25T13:17:00+00:00","description":"Den forel\u00f8bige James Joyce encyklop\u00e6di - Roskilde Bogcafe, 1998 - 224 sider - H\u00e6ftet og biblioteksindbundet Bogen er i fin stand.","breadcrumb":{"@id":"https:\/\/www.xn--bgerogting-0cb.dk\/index.php\/vare\/den-foreloebige-james-joyce-encyklopaedi\/#breadcrumb"},"inLanguage":"da-DK","potentialAction":[{"@type":"ReadAction","target":["https:\/\/www.xn--bgerogting-0cb.dk\/index.php\/vare\/den-foreloebige-james-joyce-encyklopaedi\/"]}]},{"@type":"ImageObject","inLanguage":"da-DK","@id":"https:\/\/www.xn--bgerogting-0cb.dk\/index.php\/vare\/den-foreloebige-james-joyce-encyklopaedi\/#primaryimage","url":"https:\/\/i0.wp.com\/www.xn--bgerogting-0cb.dk\/wp-content\/uploads\/2023\/01\/Den-foreloebige-James-Joyce.jpg?fit=1920%2C1920&ssl=1","contentUrl":"https:\/\/i0.wp.com\/www.xn--bgerogting-0cb.dk\/wp-content\/uploads\/2023\/01\/Den-foreloebige-James-Joyce.jpg?fit=1920%2C1920&ssl=1","width":1920,"height":1920,"caption":"Den forel\u00f8bige James Joyce encyklop\u00e6di"},{"@type":"BreadcrumbList","@id":"https:\/\/www.xn--bgerogting-0cb.dk\/index.php\/vare\/den-foreloebige-james-joyce-encyklopaedi\/#breadcrumb","itemListElement":[{"@type":"ListItem","position":1,"name":"Home","item":"https:\/\/www.xn--bgerogting-0cb.dk\/"},{"@type":"ListItem","position":2,"name":"Butik","item":"https:\/\/www.xn--bgerogting-0cb.dk\/index.php\/shop\/"},{"@type":"ListItem","position":3,"name":"Den forel\u00f8bige James Joyce encyklop\u00e6di"}]},{"@type":"WebSite","@id":"https:\/\/www.xn--bgerogting-0cb.dk\/#website","url":"https:\/\/www.xn--bgerogting-0cb.dk\/","name":"B\u00f8ger og Ting","description":"Antikvarisk, retro, vintage og antik","publisher":{"@id":"https:\/\/www.xn--bgerogting-0cb.dk\/#organization"},"potentialAction":[{"@type":"SearchAction","target":{"@type":"EntryPoint","urlTemplate":"https:\/\/www.xn--bgerogting-0cb.dk\/?s={search_term_string}"},"query-input":{"@type":"PropertyValueSpecification","valueRequired":true,"valueName":"search_term_string"}}],"inLanguage":"da-DK"},{"@type":"Organization","@id":"https:\/\/www.xn--bgerogting-0cb.dk\/#organization","name":"B\u00f8ger og Ting","url":"https:\/\/www.xn--bgerogting-0cb.dk\/","logo":{"@type":"ImageObject","inLanguage":"da-DK","@id":"https:\/\/www.xn--bgerogting-0cb.dk\/#\/schema\/logo\/image\/","url":"https:\/\/i0.wp.com\/www.xn--bgerogting-0cb.dk\/wp-content\/uploads\/2019\/10\/webicon.png?fit=205%2C205&ssl=1","contentUrl":"https:\/\/i0.wp.com\/www.xn--bgerogting-0cb.dk\/wp-content\/uploads\/2019\/10\/webicon.png?fit=205%2C205&ssl=1","width":205,"height":205,"caption":"B\u00f8ger og Ting"},"image":{"@id":"https:\/\/www.xn--bgerogting-0cb.dk\/#\/schema\/logo\/image\/"},"sameAs":["https:\/\/www.facebook.com\/boegerogting\/","https:\/\/www.instagram.com\/bogerogting\/"]}]},"product_price_amount":"100.00","product_price_currency":"DKK","og_availability":"instock","product_availability":"instock","product_retailer_item_id":"9082","product_condition":"new"},"jetpack_sharing_enabled":true,"_links":{"self":[{"href":"https:\/\/www.xn--bgerogting-0cb.dk\/index.php\/wp-json\/wp\/v2\/product\/13768","targetHints":{"allow":["GET"]}}],"collection":[{"href":"https:\/\/www.xn--bgerogting-0cb.dk\/index.php\/wp-json\/wp\/v2\/product"}],"about":[{"href":"https:\/\/www.xn--bgerogting-0cb.dk\/index.php\/wp-json\/wp\/v2\/types\/product"}],"wp:featuredmedia":[{"embeddable":true,"href":"https:\/\/www.xn--bgerogting-0cb.dk\/index.php\/wp-json\/wp\/v2\/media\/13771"}],"wp:attachment":[{"href":"https:\/\/www.xn--bgerogting-0cb.dk\/index.php\/wp-json\/wp\/v2\/media?parent=13768"}],"wp:term":[{"taxonomy":"product_brand","embeddable":true,"href":"https:\/\/www.xn--bgerogting-0cb.dk\/index.php\/wp-json\/wp\/v2\/product_brand?post=13768"},{"taxonomy":"product_cat","embeddable":true,"href":"https:\/\/www.xn--bgerogting-0cb.dk\/index.php\/wp-json\/wp\/v2\/product_cat?post=13768"},{"taxonomy":"product_tag","embeddable":true,"href":"https:\/\/www.xn--bgerogting-0cb.dk\/index.php\/wp-json\/wp\/v2\/product_tag?post=13768"}],"curies":[{"name":"wp","href":"https:\/\/api.w.org\/{rel}","templated":true}]}}