{"id":13755,"date":"2023-01-24T20:19:56","date_gmt":"2023-01-24T19:19:56","guid":{"rendered":"https:\/\/www.xn--bgerogting-0cb.dk\/?post_type=product&#038;p=13755"},"modified":"2023-01-24T20:21:30","modified_gmt":"2023-01-24T19:21:30","slug":"hvis-fido-har-nerver-bogen-til-hundens-bedste-ven-af-stephen-baker","status":"publish","type":"product","link":"https:\/\/www.xn--bgerogting-0cb.dk\/index.php\/vare\/hvis-fido-har-nerver-bogen-til-hundens-bedste-ven-af-stephen-baker\/","title":{"rendered":"Hvis Fido har nerver : bogen til hundens bedste ven af Stephen Baker"},"content":{"rendered":"<p>Hvis Fido har nerver : bogen til hundens bedste ven af Stephen Baker.<br \/>\nNyt nordisk Forlag, 1962 &#8211; ca. 150 sider (u.sidetal) &#8211; H\u00e6ftet med kartonbind.<br \/>\nIllustreret af Eric Gurney &#8211; Engelsk originaltitel: How to live with a Neurotic Dog, 1960.<br \/>\nBogen er generelt i fin stand, dog har kartonbindet en smule brugsspor.<\/p>\n<p>En herlig bog for hundeejere med humoristisk sans!<br \/>\nFra bogens bagside:<br \/>\n&#8220;De fleste hunde er nerv\u00f8se vrag &#8211; ustandseligt st\u00f8der de p\u00e5 forhindringer for tilfredsstillesen af de mest element\u00e6re behov: behovet for s\u00f8vn og mad. Gennemsnitshunden kan have et s\u00f8vnbehov p\u00e5 omkring 24 timer i d\u00f8gnet, men forskellige faktorer i dens milieu forhindrer den i at tilfredsstille dette behov.<br \/>\nMed opskrifter p\u00e5 hvordan man kan psykoanalysere sin hund hjemme, og hvordan man undg\u00e5r rivalisering mellem hund og lillebror er denne bog en af de forn\u00f8jeligste skildringer af hundens sj\u00e6leliv og hundens forhold til mennesket.&#8221;<\/p>\n","protected":false},"excerpt":{"rendered":"<p>Hvis Fido har nerver : bogen til hundens bedste ven af Stephen Baker.<br \/>\nNyt nordisk Forlag, 1962 &#8211; ca. 150 sider (u.sidetal) &#8211; H\u00e6ftet med kartonbind.<br \/>\nIllustreret af Eric Gurney &#8211; Engelsk originaltitel: How to live with a Neurotic Dog, 1960.<br \/>\nBogen er generelt i fin stand, dog har kartonbindet en smule brugsspor.<\/p>\n<p>En herlig bog for hundeejere med humoristisk sans!<br \/>\nFra bogens bagside:<br \/>\n&#8220;De fleste hunde er nerv\u00f8se vrag &#8211; ustandseligt st\u00f8der de p\u00e5 forhindringer for tilfredsstillesen af de mest element\u00e6re behov: behovet for s\u00f8vn og mad. Gennemsnitshunden kan have et s\u00f8vnbehov p\u00e5 omkring 24 timer i d\u00f8gnet, men forskellige faktorer i dens milieu forhindrer den i at tilfredsstille dette behov.<br \/>\nMed opskrifter p\u00e5 hvordan man kan psykoanalysere sin hund hjemme, og hvordan man undg\u00e5r rivalisering mellem hund og lillebror er denne bog en af de forn\u00f8jeligste skildringer af hundens sj\u00e6leliv og hundens forhold til mennesket&#8230; De vil muligvis ikke f\u00e5 nogen hj\u00e6lp af bogen, med De vil more dem kongeligt.&#8221;<\/p>\n","protected":false},"featured_media":13762,"template":"","meta":[],"product_brand":[],"product_cat":[27,28,278,1154],"product_tag":[271,1306,113,1305],"class_list":{"0":"post-13755","1":"product","2":"type-product","3":"status-publish","4":"has-post-thumbnail","6":"product_cat-boeger","7":"product_cat-fagboeger","8":"product_cat-humor-og-satire","9":"product_cat-husdyr-fagboeger","10":"product_tag-engelsk","11":"product_tag-eric-gurney","12":"product_tag-hunde","13":"product_tag-stephen-baker","15":"first","16":"instock","17":"shipping-taxable","18":"purchasable","19":"product-type-simple"},"yoast_head":"<!-- This site is optimized with the Yoast SEO Premium plugin v27.4 (Yoast SEO v27.5) - https:\/\/yoast.com\/product\/yoast-seo-premium-wordpress\/ -->\n<title>Hvis Fido har nerver : bogen til hundens bedste ven af Stephen Baker - B\u00f8ger og Ting<\/title>\n<meta name=\"description\" content=\"Hvis Fido har nerver : bogen til hundens bedste ven af Stephen Baker - Nyt nordisk Forlag, 1962 - ca. 150 sider (u.sidetal) - H\u00e6ftet med kartonbind - Fin stand.\" \/>\n<meta name=\"robots\" content=\"index, follow, max-snippet:-1, max-image-preview:large, max-video-preview:-1\" \/>\n<link rel=\"canonical\" href=\"https:\/\/www.xn--bgerogting-0cb.dk\/index.php\/vare\/hvis-fido-har-nerver-bogen-til-hundens-bedste-ven-af-stephen-baker\/\" \/>\n<meta property=\"og:locale\" content=\"da_DK\" \/>\n<meta property=\"og:type\" content=\"article\" \/>\n<meta property=\"og:title\" content=\"Hvis Fido har nerver : bogen til hundens bedste ven af Stephen Baker\" \/>\n<meta property=\"og:description\" content=\"Hvis Fido har nerver : bogen til hundens bedste ven af Stephen Baker - Nyt nordisk Forlag, 1962 - ca. 150 sider (u.sidetal) - H\u00e6ftet med kartonbind - Fin stand.\" \/>\n<meta property=\"og:url\" content=\"https:\/\/www.xn--bgerogting-0cb.dk\/index.php\/vare\/hvis-fido-har-nerver-bogen-til-hundens-bedste-ven-af-stephen-baker\/\" \/>\n<meta property=\"og:site_name\" content=\"B\u00f8ger og Ting\" \/>\n<meta property=\"article:publisher\" content=\"https:\/\/www.facebook.com\/boegerogting\/\" \/>\n<meta property=\"article:modified_time\" content=\"2023-01-24T19:21:30+00:00\" \/>\n<meta property=\"og:image\" content=\"https:\/\/www.xn--bgerogting-0cb.dk\/wp-content\/uploads\/2023\/01\/Hvis-Fido-har-nerver.jpg\" \/>\n\t<meta property=\"og:image:width\" content=\"1920\" \/>\n\t<meta property=\"og:image:height\" content=\"1920\" \/>\n\t<meta property=\"og:image:type\" content=\"image\/jpeg\" \/>\n<meta name=\"twitter:card\" content=\"summary_large_image\" \/>\n<meta name=\"twitter:label1\" content=\"Pris\" \/>\n\t<meta name=\"twitter:data1\" content=\"kr.&nbsp;100,00\" \/>\n\t<meta name=\"twitter:label2\" content=\"Tilg\u00e6ngelighed\" \/>\n\t<meta name=\"twitter:data2\" content=\"P\u00e5 lager\" \/>\n<script type=\"application\/ld+json\" class=\"yoast-schema-graph\">{\"@context\":\"https:\\\/\\\/schema.org\",\"@graph\":[{\"@type\":\"WebPage\",\"@id\":\"https:\\\/\\\/www.xn--bgerogting-0cb.dk\\\/index.php\\\/vare\\\/hvis-fido-har-nerver-bogen-til-hundens-bedste-ven-af-stephen-baker\\\/\",\"url\":\"https:\\\/\\\/www.xn--bgerogting-0cb.dk\\\/index.php\\\/vare\\\/hvis-fido-har-nerver-bogen-til-hundens-bedste-ven-af-stephen-baker\\\/\",\"name\":\"Hvis Fido har nerver : bogen til hundens bedste ven af Stephen Baker - B\u00f8ger og Ting\",\"isPartOf\":{\"@id\":\"https:\\\/\\\/www.xn--bgerogting-0cb.dk\\\/#website\"},\"primaryImageOfPage\":{\"@id\":\"https:\\\/\\\/www.xn--bgerogting-0cb.dk\\\/index.php\\\/vare\\\/hvis-fido-har-nerver-bogen-til-hundens-bedste-ven-af-stephen-baker\\\/#primaryimage\"},\"image\":{\"@id\":\"https:\\\/\\\/www.xn--bgerogting-0cb.dk\\\/index.php\\\/vare\\\/hvis-fido-har-nerver-bogen-til-hundens-bedste-ven-af-stephen-baker\\\/#primaryimage\"},\"thumbnailUrl\":\"https:\\\/\\\/i0.wp.com\\\/www.xn--bgerogting-0cb.dk\\\/wp-content\\\/uploads\\\/2023\\\/01\\\/Hvis-Fido-har-nerver.jpg?fit=1920%2C1920&ssl=1\",\"datePublished\":\"2023-01-24T19:19:56+00:00\",\"dateModified\":\"2023-01-24T19:21:30+00:00\",\"description\":\"Hvis Fido har nerver : bogen til hundens bedste ven af Stephen Baker - Nyt nordisk Forlag, 1962 - ca. 150 sider (u.sidetal) - H\u00e6ftet med kartonbind - Fin stand.\",\"breadcrumb\":{\"@id\":\"https:\\\/\\\/www.xn--bgerogting-0cb.dk\\\/index.php\\\/vare\\\/hvis-fido-har-nerver-bogen-til-hundens-bedste-ven-af-stephen-baker\\\/#breadcrumb\"},\"inLanguage\":\"da-DK\",\"potentialAction\":[{\"@type\":\"ReadAction\",\"target\":[\"https:\\\/\\\/www.xn--bgerogting-0cb.dk\\\/index.php\\\/vare\\\/hvis-fido-har-nerver-bogen-til-hundens-bedste-ven-af-stephen-baker\\\/\"]}]},{\"@type\":\"ImageObject\",\"inLanguage\":\"da-DK\",\"@id\":\"https:\\\/\\\/www.xn--bgerogting-0cb.dk\\\/index.php\\\/vare\\\/hvis-fido-har-nerver-bogen-til-hundens-bedste-ven-af-stephen-baker\\\/#primaryimage\",\"url\":\"https:\\\/\\\/i0.wp.com\\\/www.xn--bgerogting-0cb.dk\\\/wp-content\\\/uploads\\\/2023\\\/01\\\/Hvis-Fido-har-nerver.jpg?fit=1920%2C1920&ssl=1\",\"contentUrl\":\"https:\\\/\\\/i0.wp.com\\\/www.xn--bgerogting-0cb.dk\\\/wp-content\\\/uploads\\\/2023\\\/01\\\/Hvis-Fido-har-nerver.jpg?fit=1920%2C1920&ssl=1\",\"width\":1920,\"height\":1920,\"caption\":\"Hvis Fido har nerver\"},{\"@type\":\"BreadcrumbList\",\"@id\":\"https:\\\/\\\/www.xn--bgerogting-0cb.dk\\\/index.php\\\/vare\\\/hvis-fido-har-nerver-bogen-til-hundens-bedste-ven-af-stephen-baker\\\/#breadcrumb\",\"itemListElement\":[{\"@type\":\"ListItem\",\"position\":1,\"name\":\"Home\",\"item\":\"https:\\\/\\\/www.xn--bgerogting-0cb.dk\\\/\"},{\"@type\":\"ListItem\",\"position\":2,\"name\":\"Butik\",\"item\":\"https:\\\/\\\/www.xn--bgerogting-0cb.dk\\\/index.php\\\/shop\\\/\"},{\"@type\":\"ListItem\",\"position\":3,\"name\":\"Hvis Fido har nerver : bogen til hundens bedste ven af Stephen Baker\"}]},{\"@type\":\"WebSite\",\"@id\":\"https:\\\/\\\/www.xn--bgerogting-0cb.dk\\\/#website\",\"url\":\"https:\\\/\\\/www.xn--bgerogting-0cb.dk\\\/\",\"name\":\"B\u00f8ger og Ting\",\"description\":\"Antikvarisk, retro, vintage og antik\",\"publisher\":{\"@id\":\"https:\\\/\\\/www.xn--bgerogting-0cb.dk\\\/#organization\"},\"potentialAction\":[{\"@type\":\"SearchAction\",\"target\":{\"@type\":\"EntryPoint\",\"urlTemplate\":\"https:\\\/\\\/www.xn--bgerogting-0cb.dk\\\/?s={search_term_string}\"},\"query-input\":{\"@type\":\"PropertyValueSpecification\",\"valueRequired\":true,\"valueName\":\"search_term_string\"}}],\"inLanguage\":\"da-DK\"},{\"@type\":\"Organization\",\"@id\":\"https:\\\/\\\/www.xn--bgerogting-0cb.dk\\\/#organization\",\"name\":\"B\u00f8ger og Ting\",\"url\":\"https:\\\/\\\/www.xn--bgerogting-0cb.dk\\\/\",\"logo\":{\"@type\":\"ImageObject\",\"inLanguage\":\"da-DK\",\"@id\":\"https:\\\/\\\/www.xn--bgerogting-0cb.dk\\\/#\\\/schema\\\/logo\\\/image\\\/\",\"url\":\"https:\\\/\\\/i0.wp.com\\\/www.xn--bgerogting-0cb.dk\\\/wp-content\\\/uploads\\\/2019\\\/10\\\/webicon.png?fit=205%2C205&ssl=1\",\"contentUrl\":\"https:\\\/\\\/i0.wp.com\\\/www.xn--bgerogting-0cb.dk\\\/wp-content\\\/uploads\\\/2019\\\/10\\\/webicon.png?fit=205%2C205&ssl=1\",\"width\":205,\"height\":205,\"caption\":\"B\u00f8ger og Ting\"},\"image\":{\"@id\":\"https:\\\/\\\/www.xn--bgerogting-0cb.dk\\\/#\\\/schema\\\/logo\\\/image\\\/\"},\"sameAs\":[\"https:\\\/\\\/www.facebook.com\\\/boegerogting\\\/\",\"https:\\\/\\\/www.instagram.com\\\/bogerogting\\\/\"]}]}<\/script>\n<meta property=\"product:price:amount\" content=\"100.00\" \/>\n<meta property=\"product:price:currency\" content=\"DKK\" \/>\n<meta property=\"og:availability\" content=\"instock\" \/>\n<meta property=\"product:availability\" content=\"instock\" \/>\n<meta property=\"product:retailer_item_id\" content=\"8904\" \/>\n<meta property=\"product:condition\" content=\"new\" \/>\n<!-- \/ Yoast SEO Premium plugin. -->","yoast_head_json":{"title":"Hvis Fido har nerver : bogen til hundens bedste ven af Stephen Baker - B\u00f8ger og Ting","description":"Hvis Fido har nerver : bogen til hundens bedste ven af Stephen Baker - Nyt nordisk Forlag, 1962 - ca. 150 sider (u.sidetal) - H\u00e6ftet med kartonbind - Fin stand.","robots":{"index":"index","follow":"follow","max-snippet":"max-snippet:-1","max-image-preview":"max-image-preview:large","max-video-preview":"max-video-preview:-1"},"canonical":"https:\/\/www.xn--bgerogting-0cb.dk\/index.php\/vare\/hvis-fido-har-nerver-bogen-til-hundens-bedste-ven-af-stephen-baker\/","og_locale":"da_DK","og_type":"article","og_title":"Hvis Fido har nerver : bogen til hundens bedste ven af Stephen Baker","og_description":"Hvis Fido har nerver : bogen til hundens bedste ven af Stephen Baker - Nyt nordisk Forlag, 1962 - ca. 150 sider (u.sidetal) - H\u00e6ftet med kartonbind - Fin stand.","og_url":"https:\/\/www.xn--bgerogting-0cb.dk\/index.php\/vare\/hvis-fido-har-nerver-bogen-til-hundens-bedste-ven-af-stephen-baker\/","og_site_name":"B\u00f8ger og Ting","article_publisher":"https:\/\/www.facebook.com\/boegerogting\/","article_modified_time":"2023-01-24T19:21:30+00:00","og_image":[{"width":1920,"height":1920,"url":"https:\/\/www.xn--bgerogting-0cb.dk\/wp-content\/uploads\/2023\/01\/Hvis-Fido-har-nerver.jpg","type":"image\/jpeg"}],"twitter_card":"summary_large_image","twitter_misc":{"Pris":"kr.&nbsp;100,00","Tilg\u00e6ngelighed":"P\u00e5 lager"},"schema":{"@context":"https:\/\/schema.org","@graph":[{"@type":"WebPage","@id":"https:\/\/www.xn--bgerogting-0cb.dk\/index.php\/vare\/hvis-fido-har-nerver-bogen-til-hundens-bedste-ven-af-stephen-baker\/","url":"https:\/\/www.xn--bgerogting-0cb.dk\/index.php\/vare\/hvis-fido-har-nerver-bogen-til-hundens-bedste-ven-af-stephen-baker\/","name":"Hvis Fido har nerver : bogen til hundens bedste ven af Stephen Baker - B\u00f8ger og Ting","isPartOf":{"@id":"https:\/\/www.xn--bgerogting-0cb.dk\/#website"},"primaryImageOfPage":{"@id":"https:\/\/www.xn--bgerogting-0cb.dk\/index.php\/vare\/hvis-fido-har-nerver-bogen-til-hundens-bedste-ven-af-stephen-baker\/#primaryimage"},"image":{"@id":"https:\/\/www.xn--bgerogting-0cb.dk\/index.php\/vare\/hvis-fido-har-nerver-bogen-til-hundens-bedste-ven-af-stephen-baker\/#primaryimage"},"thumbnailUrl":"https:\/\/i0.wp.com\/www.xn--bgerogting-0cb.dk\/wp-content\/uploads\/2023\/01\/Hvis-Fido-har-nerver.jpg?fit=1920%2C1920&ssl=1","datePublished":"2023-01-24T19:19:56+00:00","dateModified":"2023-01-24T19:21:30+00:00","description":"Hvis Fido har nerver : bogen til hundens bedste ven af Stephen Baker - Nyt nordisk Forlag, 1962 - ca. 150 sider (u.sidetal) - H\u00e6ftet med kartonbind - Fin stand.","breadcrumb":{"@id":"https:\/\/www.xn--bgerogting-0cb.dk\/index.php\/vare\/hvis-fido-har-nerver-bogen-til-hundens-bedste-ven-af-stephen-baker\/#breadcrumb"},"inLanguage":"da-DK","potentialAction":[{"@type":"ReadAction","target":["https:\/\/www.xn--bgerogting-0cb.dk\/index.php\/vare\/hvis-fido-har-nerver-bogen-til-hundens-bedste-ven-af-stephen-baker\/"]}]},{"@type":"ImageObject","inLanguage":"da-DK","@id":"https:\/\/www.xn--bgerogting-0cb.dk\/index.php\/vare\/hvis-fido-har-nerver-bogen-til-hundens-bedste-ven-af-stephen-baker\/#primaryimage","url":"https:\/\/i0.wp.com\/www.xn--bgerogting-0cb.dk\/wp-content\/uploads\/2023\/01\/Hvis-Fido-har-nerver.jpg?fit=1920%2C1920&ssl=1","contentUrl":"https:\/\/i0.wp.com\/www.xn--bgerogting-0cb.dk\/wp-content\/uploads\/2023\/01\/Hvis-Fido-har-nerver.jpg?fit=1920%2C1920&ssl=1","width":1920,"height":1920,"caption":"Hvis Fido har nerver"},{"@type":"BreadcrumbList","@id":"https:\/\/www.xn--bgerogting-0cb.dk\/index.php\/vare\/hvis-fido-har-nerver-bogen-til-hundens-bedste-ven-af-stephen-baker\/#breadcrumb","itemListElement":[{"@type":"ListItem","position":1,"name":"Home","item":"https:\/\/www.xn--bgerogting-0cb.dk\/"},{"@type":"ListItem","position":2,"name":"Butik","item":"https:\/\/www.xn--bgerogting-0cb.dk\/index.php\/shop\/"},{"@type":"ListItem","position":3,"name":"Hvis Fido har nerver : bogen til hundens bedste ven af Stephen Baker"}]},{"@type":"WebSite","@id":"https:\/\/www.xn--bgerogting-0cb.dk\/#website","url":"https:\/\/www.xn--bgerogting-0cb.dk\/","name":"B\u00f8ger og Ting","description":"Antikvarisk, retro, vintage og antik","publisher":{"@id":"https:\/\/www.xn--bgerogting-0cb.dk\/#organization"},"potentialAction":[{"@type":"SearchAction","target":{"@type":"EntryPoint","urlTemplate":"https:\/\/www.xn--bgerogting-0cb.dk\/?s={search_term_string}"},"query-input":{"@type":"PropertyValueSpecification","valueRequired":true,"valueName":"search_term_string"}}],"inLanguage":"da-DK"},{"@type":"Organization","@id":"https:\/\/www.xn--bgerogting-0cb.dk\/#organization","name":"B\u00f8ger og Ting","url":"https:\/\/www.xn--bgerogting-0cb.dk\/","logo":{"@type":"ImageObject","inLanguage":"da-DK","@id":"https:\/\/www.xn--bgerogting-0cb.dk\/#\/schema\/logo\/image\/","url":"https:\/\/i0.wp.com\/www.xn--bgerogting-0cb.dk\/wp-content\/uploads\/2019\/10\/webicon.png?fit=205%2C205&ssl=1","contentUrl":"https:\/\/i0.wp.com\/www.xn--bgerogting-0cb.dk\/wp-content\/uploads\/2019\/10\/webicon.png?fit=205%2C205&ssl=1","width":205,"height":205,"caption":"B\u00f8ger og Ting"},"image":{"@id":"https:\/\/www.xn--bgerogting-0cb.dk\/#\/schema\/logo\/image\/"},"sameAs":["https:\/\/www.facebook.com\/boegerogting\/","https:\/\/www.instagram.com\/bogerogting\/"]}]},"product_price_amount":"100.00","product_price_currency":"DKK","og_availability":"instock","product_availability":"instock","product_retailer_item_id":"8904","product_condition":"new"},"jetpack_sharing_enabled":true,"_links":{"self":[{"href":"https:\/\/www.xn--bgerogting-0cb.dk\/index.php\/wp-json\/wp\/v2\/product\/13755","targetHints":{"allow":["GET"]}}],"collection":[{"href":"https:\/\/www.xn--bgerogting-0cb.dk\/index.php\/wp-json\/wp\/v2\/product"}],"about":[{"href":"https:\/\/www.xn--bgerogting-0cb.dk\/index.php\/wp-json\/wp\/v2\/types\/product"}],"wp:featuredmedia":[{"embeddable":true,"href":"https:\/\/www.xn--bgerogting-0cb.dk\/index.php\/wp-json\/wp\/v2\/media\/13762"}],"wp:attachment":[{"href":"https:\/\/www.xn--bgerogting-0cb.dk\/index.php\/wp-json\/wp\/v2\/media?parent=13755"}],"wp:term":[{"taxonomy":"product_brand","embeddable":true,"href":"https:\/\/www.xn--bgerogting-0cb.dk\/index.php\/wp-json\/wp\/v2\/product_brand?post=13755"},{"taxonomy":"product_cat","embeddable":true,"href":"https:\/\/www.xn--bgerogting-0cb.dk\/index.php\/wp-json\/wp\/v2\/product_cat?post=13755"},{"taxonomy":"product_tag","embeddable":true,"href":"https:\/\/www.xn--bgerogting-0cb.dk\/index.php\/wp-json\/wp\/v2\/product_tag?post=13755"}],"curies":[{"name":"wp","href":"https:\/\/api.w.org\/{rel}","templated":true}]}}