{"id":13543,"date":"2022-12-07T18:18:19","date_gmt":"2022-12-07T17:18:19","guid":{"rendered":"https:\/\/www.xn--bgerogting-0cb.dk\/?post_type=product&#038;p=13543"},"modified":"2022-12-08T13:09:22","modified_gmt":"2022-12-08T12:09:22","slug":"strikkehaefte-fra-besaettelsestiden-strikkenoegle","status":"publish","type":"product","link":"https:\/\/www.xn--bgerogting-0cb.dk\/index.php\/vare\/strikkehaefte-fra-besaettelsestiden-strikkenoegle\/","title":{"rendered":"Strikkeh\u00e6fte fra Bes\u00e6ttelsestiden: Strikken\u00f8gle S\u00f8nderborg Garn"},"content":{"rendered":"<p>Strikkeh\u00e6fte fra Bes\u00e6ttelsestiden: Strikken\u00f8gle S\u00f8nderborg Garn<br \/>\nDet nordiske Kamgarnsspinderi, u.\u00e5r (1940 &#8211; 45) &#8211; 19 sider &#8211; H\u00e6fte samlet med clips (originalt).<br \/>\nIllustreret med fotos i s\/h.<br \/>\nH\u00e6ftet med i god stand , men dog med brugsspor &#8211; tydeligere p\u00e5 fotos end i virkeligheden.\u00a0 Ejernavn p\u00e5 indersiden af omslaget.<\/p>\n<p>Strikkeh\u00e6ftet, der viser en reprise af modeller, som tidligere er udgivet, har indledningsvis en beklagelse af &#8220;De gamle, kendte Kvaliteter S\u00f8nderborg Garn kan desv\u00e6rre ikke fremstilles for \u00d8jeblikket. Der er ogs\u00e5 en anvisning p\u00e5 optr\u00e6vling af vask af garn til genbrug.<\/p>\n","protected":false},"excerpt":{"rendered":"<p>Strikkeh\u00e6fte fra Bes\u00e6ttelsestiden: Strikken\u00f8gle S\u00f8nderborg Garn.<br \/>\nDet nordiske Kamgarnsspinderi, u.\u00e5r (1940 &#8211; 45) &#8211; 19 sider &#8211; H\u00e6fte samlet med clips (originalt).<br \/>\nIllustreret med fotos i s\/h.<br \/>\nH\u00e6ftet med i god stand , men dog med brugsspor &#8211; tydeligere p\u00e5 fotos end i virkeligheden.\u00a0 Ejernavn p\u00e5 indersiden af omslaget.<\/p>\n<p>Strikkeh\u00e6ftet, der viser en reprise af modeller, som tidligere er udgivet, har indledningsvis en beklagelse af &#8220;De gamle, kendte Kvaliteter S\u00f8nderborg Garn kan desv\u00e6rre ikke fremstilles for \u00d8jeblikket. Der er ogs\u00e5 en anvisning p\u00e5 optr\u00e6vling af vask af garn til genbrug.<\/p>\n","protected":false},"featured_media":13547,"template":"","meta":[],"product_brand":[],"product_cat":[287,27,28,200],"product_tag":[336,711,826],"class_list":{"0":"post-13543","1":"product","2":"type-product","3":"status-publish","4":"has-post-thumbnail","6":"product_cat-blade","7":"product_cat-boeger","8":"product_cat-fagboeger","9":"product_cat-haandarbejde-og-hobby","10":"product_tag-besaettelsestiden","11":"product_tag-haandarbejde","12":"product_tag-strik","14":"first","15":"outofstock","16":"shipping-taxable","17":"purchasable","18":"product-type-simple"},"yoast_head":"<!-- This site is optimized with the Yoast SEO Premium plugin v27.4 (Yoast SEO v27.5) - https:\/\/yoast.com\/product\/yoast-seo-premium-wordpress\/ -->\n<title>Strikkeh\u00e6fte fra Bes\u00e6ttelsestiden: Strikken\u00f8gle S\u00f8nderborg Garn - B\u00f8ger og Ting<\/title>\n<meta name=\"robots\" content=\"index, follow, max-snippet:-1, max-image-preview:large, max-video-preview:-1\" \/>\n<link rel=\"canonical\" href=\"https:\/\/www.xn--bgerogting-0cb.dk\/index.php\/vare\/strikkehaefte-fra-besaettelsestiden-strikkenoegle\/\" \/>\n<meta property=\"og:locale\" content=\"da_DK\" \/>\n<meta property=\"og:type\" content=\"article\" \/>\n<meta property=\"og:title\" content=\"Strikkeh\u00e6fte fra Bes\u00e6ttelsestiden: Strikken\u00f8gle S\u00f8nderborg Garn\" \/>\n<meta property=\"og:description\" content=\"Strikkeh\u00e6fte fra Bes\u00e6ttelsestiden: Strikken\u00f8gle S\u00f8nderborg Garn. Det nordiske Kamgarnsspinderi, u.\u00e5r (1940 - 45) - 19 sider - H\u00e6fte samlet med clips (originalt). Illustreret med fotos i s\/h. H\u00e6ftet med i god stand , men dog med brugsspor - tydeligere p\u00e5 fotos end i virkeligheden.\u00a0 Ejernavn p\u00e5 indersiden af omslaget.  Strikkeh\u00e6ftet, der viser en reprise af modeller, som tidligere er udgivet, har indledningsvis en beklagelse af &quot;De gamle, kendte Kvaliteter S\u00f8nderborg Garn kan desv\u00e6rre ikke fremstilles for \u00d8jeblikket. Der er ogs\u00e5 en anvisning p\u00e5 optr\u00e6vling af vask af garn til genbrug.\" \/>\n<meta property=\"og:url\" content=\"https:\/\/www.xn--bgerogting-0cb.dk\/index.php\/vare\/strikkehaefte-fra-besaettelsestiden-strikkenoegle\/\" \/>\n<meta property=\"og:site_name\" content=\"B\u00f8ger og Ting\" \/>\n<meta property=\"article:publisher\" content=\"https:\/\/www.facebook.com\/boegerogting\/\" \/>\n<meta property=\"article:modified_time\" content=\"2022-12-08T12:09:22+00:00\" \/>\n<meta property=\"og:image\" content=\"https:\/\/www.xn--bgerogting-0cb.dk\/wp-content\/uploads\/2022\/12\/Strikkehaefte-fra-Besaettelsestiden.jpg\" \/>\n\t<meta property=\"og:image:width\" content=\"1920\" \/>\n\t<meta property=\"og:image:height\" content=\"1920\" \/>\n\t<meta property=\"og:image:type\" content=\"image\/jpeg\" \/>\n<meta name=\"twitter:card\" content=\"summary_large_image\" \/>\n<meta name=\"twitter:label1\" content=\"Pris\" \/>\n\t<meta name=\"twitter:data1\" content=\"kr.&nbsp;80,00\" \/>\n\t<meta name=\"twitter:label2\" content=\"Tilg\u00e6ngelighed\" \/>\n\t<meta name=\"twitter:data2\" content=\"Ikke p\u00e5 lager\" \/>\n<script type=\"application\/ld+json\" class=\"yoast-schema-graph\">{\"@context\":\"https:\\\/\\\/schema.org\",\"@graph\":[{\"@type\":\"WebPage\",\"@id\":\"https:\\\/\\\/www.xn--bgerogting-0cb.dk\\\/index.php\\\/vare\\\/strikkehaefte-fra-besaettelsestiden-strikkenoegle\\\/\",\"url\":\"https:\\\/\\\/www.xn--bgerogting-0cb.dk\\\/index.php\\\/vare\\\/strikkehaefte-fra-besaettelsestiden-strikkenoegle\\\/\",\"name\":\"Strikkeh\u00e6fte fra Bes\u00e6ttelsestiden: Strikken\u00f8gle S\u00f8nderborg Garn - B\u00f8ger og Ting\",\"isPartOf\":{\"@id\":\"https:\\\/\\\/www.xn--bgerogting-0cb.dk\\\/#website\"},\"primaryImageOfPage\":{\"@id\":\"https:\\\/\\\/www.xn--bgerogting-0cb.dk\\\/index.php\\\/vare\\\/strikkehaefte-fra-besaettelsestiden-strikkenoegle\\\/#primaryimage\"},\"image\":{\"@id\":\"https:\\\/\\\/www.xn--bgerogting-0cb.dk\\\/index.php\\\/vare\\\/strikkehaefte-fra-besaettelsestiden-strikkenoegle\\\/#primaryimage\"},\"thumbnailUrl\":\"https:\\\/\\\/i0.wp.com\\\/www.xn--bgerogting-0cb.dk\\\/wp-content\\\/uploads\\\/2022\\\/12\\\/Strikkehaefte-fra-Besaettelsestiden.jpg?fit=1920%2C1920&ssl=1\",\"datePublished\":\"2022-12-07T17:18:19+00:00\",\"dateModified\":\"2022-12-08T12:09:22+00:00\",\"breadcrumb\":{\"@id\":\"https:\\\/\\\/www.xn--bgerogting-0cb.dk\\\/index.php\\\/vare\\\/strikkehaefte-fra-besaettelsestiden-strikkenoegle\\\/#breadcrumb\"},\"inLanguage\":\"da-DK\",\"potentialAction\":[{\"@type\":\"ReadAction\",\"target\":[\"https:\\\/\\\/www.xn--bgerogting-0cb.dk\\\/index.php\\\/vare\\\/strikkehaefte-fra-besaettelsestiden-strikkenoegle\\\/\"]}]},{\"@type\":\"ImageObject\",\"inLanguage\":\"da-DK\",\"@id\":\"https:\\\/\\\/www.xn--bgerogting-0cb.dk\\\/index.php\\\/vare\\\/strikkehaefte-fra-besaettelsestiden-strikkenoegle\\\/#primaryimage\",\"url\":\"https:\\\/\\\/i0.wp.com\\\/www.xn--bgerogting-0cb.dk\\\/wp-content\\\/uploads\\\/2022\\\/12\\\/Strikkehaefte-fra-Besaettelsestiden.jpg?fit=1920%2C1920&ssl=1\",\"contentUrl\":\"https:\\\/\\\/i0.wp.com\\\/www.xn--bgerogting-0cb.dk\\\/wp-content\\\/uploads\\\/2022\\\/12\\\/Strikkehaefte-fra-Besaettelsestiden.jpg?fit=1920%2C1920&ssl=1\",\"width\":1920,\"height\":1920,\"caption\":\"Strikkeh\u00e6fte fra Bes\u00e6ttelsestiden\"},{\"@type\":\"BreadcrumbList\",\"@id\":\"https:\\\/\\\/www.xn--bgerogting-0cb.dk\\\/index.php\\\/vare\\\/strikkehaefte-fra-besaettelsestiden-strikkenoegle\\\/#breadcrumb\",\"itemListElement\":[{\"@type\":\"ListItem\",\"position\":1,\"name\":\"Home\",\"item\":\"https:\\\/\\\/www.xn--bgerogting-0cb.dk\\\/\"},{\"@type\":\"ListItem\",\"position\":2,\"name\":\"Butik\",\"item\":\"https:\\\/\\\/www.xn--bgerogting-0cb.dk\\\/index.php\\\/shop\\\/\"},{\"@type\":\"ListItem\",\"position\":3,\"name\":\"Strikkeh\u00e6fte fra Bes\u00e6ttelsestiden: Strikken\u00f8gle S\u00f8nderborg Garn\"}]},{\"@type\":\"WebSite\",\"@id\":\"https:\\\/\\\/www.xn--bgerogting-0cb.dk\\\/#website\",\"url\":\"https:\\\/\\\/www.xn--bgerogting-0cb.dk\\\/\",\"name\":\"B\u00f8ger og Ting\",\"description\":\"Antikvarisk, retro, vintage og antik\",\"publisher\":{\"@id\":\"https:\\\/\\\/www.xn--bgerogting-0cb.dk\\\/#organization\"},\"potentialAction\":[{\"@type\":\"SearchAction\",\"target\":{\"@type\":\"EntryPoint\",\"urlTemplate\":\"https:\\\/\\\/www.xn--bgerogting-0cb.dk\\\/?s={search_term_string}\"},\"query-input\":{\"@type\":\"PropertyValueSpecification\",\"valueRequired\":true,\"valueName\":\"search_term_string\"}}],\"inLanguage\":\"da-DK\"},{\"@type\":\"Organization\",\"@id\":\"https:\\\/\\\/www.xn--bgerogting-0cb.dk\\\/#organization\",\"name\":\"B\u00f8ger og Ting\",\"url\":\"https:\\\/\\\/www.xn--bgerogting-0cb.dk\\\/\",\"logo\":{\"@type\":\"ImageObject\",\"inLanguage\":\"da-DK\",\"@id\":\"https:\\\/\\\/www.xn--bgerogting-0cb.dk\\\/#\\\/schema\\\/logo\\\/image\\\/\",\"url\":\"https:\\\/\\\/i0.wp.com\\\/www.xn--bgerogting-0cb.dk\\\/wp-content\\\/uploads\\\/2019\\\/10\\\/webicon.png?fit=205%2C205&ssl=1\",\"contentUrl\":\"https:\\\/\\\/i0.wp.com\\\/www.xn--bgerogting-0cb.dk\\\/wp-content\\\/uploads\\\/2019\\\/10\\\/webicon.png?fit=205%2C205&ssl=1\",\"width\":205,\"height\":205,\"caption\":\"B\u00f8ger og Ting\"},\"image\":{\"@id\":\"https:\\\/\\\/www.xn--bgerogting-0cb.dk\\\/#\\\/schema\\\/logo\\\/image\\\/\"},\"sameAs\":[\"https:\\\/\\\/www.facebook.com\\\/boegerogting\\\/\",\"https:\\\/\\\/www.instagram.com\\\/bogerogting\\\/\"]}]}<\/script>\n<meta property=\"product:price:amount\" content=\"80.00\" \/>\n<meta property=\"product:price:currency\" content=\"DKK\" \/>\n<meta property=\"og:availability\" content=\"out of stock\" \/>\n<meta property=\"product:availability\" content=\"out of stock\" \/>\n<meta property=\"product:retailer_item_id\" content=\"7636\" \/>\n<meta property=\"product:condition\" content=\"new\" \/>\n<!-- \/ Yoast SEO Premium plugin. -->","yoast_head_json":{"title":"Strikkeh\u00e6fte fra Bes\u00e6ttelsestiden: Strikken\u00f8gle S\u00f8nderborg Garn - B\u00f8ger og Ting","robots":{"index":"index","follow":"follow","max-snippet":"max-snippet:-1","max-image-preview":"max-image-preview:large","max-video-preview":"max-video-preview:-1"},"canonical":"https:\/\/www.xn--bgerogting-0cb.dk\/index.php\/vare\/strikkehaefte-fra-besaettelsestiden-strikkenoegle\/","og_locale":"da_DK","og_type":"article","og_title":"Strikkeh\u00e6fte fra Bes\u00e6ttelsestiden: Strikken\u00f8gle S\u00f8nderborg Garn","og_description":"Strikkeh\u00e6fte fra Bes\u00e6ttelsestiden: Strikken\u00f8gle S\u00f8nderborg Garn. Det nordiske Kamgarnsspinderi, u.\u00e5r (1940 - 45) - 19 sider - H\u00e6fte samlet med clips (originalt). Illustreret med fotos i s\/h. H\u00e6ftet med i god stand , men dog med brugsspor - tydeligere p\u00e5 fotos end i virkeligheden.\u00a0 Ejernavn p\u00e5 indersiden af omslaget.  Strikkeh\u00e6ftet, der viser en reprise af modeller, som tidligere er udgivet, har indledningsvis en beklagelse af \"De gamle, kendte Kvaliteter S\u00f8nderborg Garn kan desv\u00e6rre ikke fremstilles for \u00d8jeblikket. Der er ogs\u00e5 en anvisning p\u00e5 optr\u00e6vling af vask af garn til genbrug.","og_url":"https:\/\/www.xn--bgerogting-0cb.dk\/index.php\/vare\/strikkehaefte-fra-besaettelsestiden-strikkenoegle\/","og_site_name":"B\u00f8ger og Ting","article_publisher":"https:\/\/www.facebook.com\/boegerogting\/","article_modified_time":"2022-12-08T12:09:22+00:00","og_image":[{"width":1920,"height":1920,"url":"https:\/\/www.xn--bgerogting-0cb.dk\/wp-content\/uploads\/2022\/12\/Strikkehaefte-fra-Besaettelsestiden.jpg","type":"image\/jpeg"}],"twitter_card":"summary_large_image","twitter_misc":{"Pris":"kr.&nbsp;80,00","Tilg\u00e6ngelighed":"Ikke p\u00e5 lager"},"schema":{"@context":"https:\/\/schema.org","@graph":[{"@type":"WebPage","@id":"https:\/\/www.xn--bgerogting-0cb.dk\/index.php\/vare\/strikkehaefte-fra-besaettelsestiden-strikkenoegle\/","url":"https:\/\/www.xn--bgerogting-0cb.dk\/index.php\/vare\/strikkehaefte-fra-besaettelsestiden-strikkenoegle\/","name":"Strikkeh\u00e6fte fra Bes\u00e6ttelsestiden: Strikken\u00f8gle S\u00f8nderborg Garn - B\u00f8ger og Ting","isPartOf":{"@id":"https:\/\/www.xn--bgerogting-0cb.dk\/#website"},"primaryImageOfPage":{"@id":"https:\/\/www.xn--bgerogting-0cb.dk\/index.php\/vare\/strikkehaefte-fra-besaettelsestiden-strikkenoegle\/#primaryimage"},"image":{"@id":"https:\/\/www.xn--bgerogting-0cb.dk\/index.php\/vare\/strikkehaefte-fra-besaettelsestiden-strikkenoegle\/#primaryimage"},"thumbnailUrl":"https:\/\/i0.wp.com\/www.xn--bgerogting-0cb.dk\/wp-content\/uploads\/2022\/12\/Strikkehaefte-fra-Besaettelsestiden.jpg?fit=1920%2C1920&ssl=1","datePublished":"2022-12-07T17:18:19+00:00","dateModified":"2022-12-08T12:09:22+00:00","breadcrumb":{"@id":"https:\/\/www.xn--bgerogting-0cb.dk\/index.php\/vare\/strikkehaefte-fra-besaettelsestiden-strikkenoegle\/#breadcrumb"},"inLanguage":"da-DK","potentialAction":[{"@type":"ReadAction","target":["https:\/\/www.xn--bgerogting-0cb.dk\/index.php\/vare\/strikkehaefte-fra-besaettelsestiden-strikkenoegle\/"]}]},{"@type":"ImageObject","inLanguage":"da-DK","@id":"https:\/\/www.xn--bgerogting-0cb.dk\/index.php\/vare\/strikkehaefte-fra-besaettelsestiden-strikkenoegle\/#primaryimage","url":"https:\/\/i0.wp.com\/www.xn--bgerogting-0cb.dk\/wp-content\/uploads\/2022\/12\/Strikkehaefte-fra-Besaettelsestiden.jpg?fit=1920%2C1920&ssl=1","contentUrl":"https:\/\/i0.wp.com\/www.xn--bgerogting-0cb.dk\/wp-content\/uploads\/2022\/12\/Strikkehaefte-fra-Besaettelsestiden.jpg?fit=1920%2C1920&ssl=1","width":1920,"height":1920,"caption":"Strikkeh\u00e6fte fra Bes\u00e6ttelsestiden"},{"@type":"BreadcrumbList","@id":"https:\/\/www.xn--bgerogting-0cb.dk\/index.php\/vare\/strikkehaefte-fra-besaettelsestiden-strikkenoegle\/#breadcrumb","itemListElement":[{"@type":"ListItem","position":1,"name":"Home","item":"https:\/\/www.xn--bgerogting-0cb.dk\/"},{"@type":"ListItem","position":2,"name":"Butik","item":"https:\/\/www.xn--bgerogting-0cb.dk\/index.php\/shop\/"},{"@type":"ListItem","position":3,"name":"Strikkeh\u00e6fte fra Bes\u00e6ttelsestiden: Strikken\u00f8gle S\u00f8nderborg Garn"}]},{"@type":"WebSite","@id":"https:\/\/www.xn--bgerogting-0cb.dk\/#website","url":"https:\/\/www.xn--bgerogting-0cb.dk\/","name":"B\u00f8ger og Ting","description":"Antikvarisk, retro, vintage og antik","publisher":{"@id":"https:\/\/www.xn--bgerogting-0cb.dk\/#organization"},"potentialAction":[{"@type":"SearchAction","target":{"@type":"EntryPoint","urlTemplate":"https:\/\/www.xn--bgerogting-0cb.dk\/?s={search_term_string}"},"query-input":{"@type":"PropertyValueSpecification","valueRequired":true,"valueName":"search_term_string"}}],"inLanguage":"da-DK"},{"@type":"Organization","@id":"https:\/\/www.xn--bgerogting-0cb.dk\/#organization","name":"B\u00f8ger og Ting","url":"https:\/\/www.xn--bgerogting-0cb.dk\/","logo":{"@type":"ImageObject","inLanguage":"da-DK","@id":"https:\/\/www.xn--bgerogting-0cb.dk\/#\/schema\/logo\/image\/","url":"https:\/\/i0.wp.com\/www.xn--bgerogting-0cb.dk\/wp-content\/uploads\/2019\/10\/webicon.png?fit=205%2C205&ssl=1","contentUrl":"https:\/\/i0.wp.com\/www.xn--bgerogting-0cb.dk\/wp-content\/uploads\/2019\/10\/webicon.png?fit=205%2C205&ssl=1","width":205,"height":205,"caption":"B\u00f8ger og Ting"},"image":{"@id":"https:\/\/www.xn--bgerogting-0cb.dk\/#\/schema\/logo\/image\/"},"sameAs":["https:\/\/www.facebook.com\/boegerogting\/","https:\/\/www.instagram.com\/bogerogting\/"]}]},"product_price_amount":"80.00","product_price_currency":"DKK","og_availability":"out of stock","product_availability":"out of stock","product_retailer_item_id":"7636","product_condition":"new"},"jetpack_sharing_enabled":true,"_links":{"self":[{"href":"https:\/\/www.xn--bgerogting-0cb.dk\/index.php\/wp-json\/wp\/v2\/product\/13543","targetHints":{"allow":["GET"]}}],"collection":[{"href":"https:\/\/www.xn--bgerogting-0cb.dk\/index.php\/wp-json\/wp\/v2\/product"}],"about":[{"href":"https:\/\/www.xn--bgerogting-0cb.dk\/index.php\/wp-json\/wp\/v2\/types\/product"}],"wp:featuredmedia":[{"embeddable":true,"href":"https:\/\/www.xn--bgerogting-0cb.dk\/index.php\/wp-json\/wp\/v2\/media\/13547"}],"wp:attachment":[{"href":"https:\/\/www.xn--bgerogting-0cb.dk\/index.php\/wp-json\/wp\/v2\/media?parent=13543"}],"wp:term":[{"taxonomy":"product_brand","embeddable":true,"href":"https:\/\/www.xn--bgerogting-0cb.dk\/index.php\/wp-json\/wp\/v2\/product_brand?post=13543"},{"taxonomy":"product_cat","embeddable":true,"href":"https:\/\/www.xn--bgerogting-0cb.dk\/index.php\/wp-json\/wp\/v2\/product_cat?post=13543"},{"taxonomy":"product_tag","embeddable":true,"href":"https:\/\/www.xn--bgerogting-0cb.dk\/index.php\/wp-json\/wp\/v2\/product_tag?post=13543"}],"curies":[{"name":"wp","href":"https:\/\/api.w.org\/{rel}","templated":true}]}}