{"id":13505,"date":"2022-12-01T17:00:02","date_gmt":"2022-12-01T16:00:02","guid":{"rendered":"https:\/\/www.xn--bgerogting-0cb.dk\/?post_type=product&#038;p=13505"},"modified":"2025-01-27T20:43:47","modified_gmt":"2025-01-27T19:43:47","slug":"the-cat-in-the-hat-beginner-book-dictionary-by-p-d-eastman","status":"publish","type":"product","link":"https:\/\/www.xn--bgerogting-0cb.dk\/index.php\/vare\/the-cat-in-the-hat-beginner-book-dictionary-by-p-d-eastman\/","title":{"rendered":"The Cat in the Hat Beginner Book Dictionary by P.D. Eastman"},"content":{"rendered":"<p>The Cat in the Hat Beginner Book Dictionary by P.D. Eastman.<br \/>\nCollin and Harvill, 1976 &#8211; 12. udgave &#8211; 133 sider &#8211; H\u00e6ftet med kartonbind.<br \/>\nIllustreret af forfatteren &#8211; Amerikansk f\u00f8rsteudgave, 1964.<br \/>\nBogen er i god stand kun med lette brugsspor.<\/p>\n<p>Herlig ordbog, der hj\u00e6lper barnet med at l\u00e6re at l\u00e6se engelsk p\u00e5 en sjov m\u00e5de.<\/p>\n<p>&#8220;It&#8217;s full of ridiculous alligators, foolish bears an giraffes&#8217; uncels, all racing round and getting involved in nonsensical adventures.<br \/>\nThe average child, we&#8217;ve discovered, seems to like things that way. And that is fine. It helps us to focus the childs attention on the serious job we&#8217;re trying to accomplish &#8230; to make him recognize, remember, and really enjoy a basic vocabulary of 1350 words&#8221;<br \/>\nDr. Seuss<\/p>\n","protected":false},"excerpt":{"rendered":"<p>The Cat in the Hat Beginner Book Dictionary by P.D. Eastman.<br \/>\nCollin and Harvill, 1976 &#8211; 12. udgave &#8211; 133 sider &#8211; H\u00e6ftet med kartonbind.<br \/>\nIllustreret af forfatteren &#8211; Amerikansk f\u00f8rsteudgave, 1964.<br \/>\nBogen er i god stand kun med lette brugsspor. Navn p\u00e5 forsats.<\/p>\n<p>Herlig ordbog, der hj\u00e6lper barnet med at l\u00e6re at l\u00e6se engelsk p\u00e5 en sjov m\u00e5de.<\/p>\n<p>&#8220;It&#8217;s full of ridiculous alligators, foolish bears an giraffes&#8217; uncels, all racing round and getting involved in nonsensical adventures.<br \/>\nThe average child, we&#8217;ve discovered, seems to like things that way. And that is fine. It helps us to focus the childs attention on the serious job we&#8217;re trying to accomplish &#8230; to make him recognize, remember, and really enjoy a basic vocabulary of 1350 words&#8221;<br \/>\nDr. Seuss<\/p>\n","protected":false},"featured_media":13506,"template":"","meta":[],"product_brand":[],"product_cat":[61,80,27,35],"product_tag":[219,1060,1267],"class_list":{"0":"post-13505","1":"product","2":"type-product","3":"status-publish","4":"has-post-thumbnail","6":"product_cat-alle-tiders-boerneboeger-1960-1969","7":"product_cat-alle-tiders-boerneboeger-1970-1979","8":"product_cat-boeger","9":"product_cat-barneboger","10":"product_tag-amerikansk","11":"product_tag-dr-seuss","12":"product_tag-p-d-eastmann","14":"first","15":"instock","16":"shipping-taxable","17":"purchasable","18":"product-type-simple"},"yoast_head":"<!-- This site is optimized with the Yoast SEO Premium plugin v27.4 (Yoast SEO v27.6) - https:\/\/yoast.com\/product\/yoast-seo-premium-wordpress\/ -->\n<title>The Cat in the Hat Beginner Book Dictionary by P.D. Eastman - B\u00f8ger og Ting<\/title>\n<meta name=\"description\" content=\"The Cat in the Hat Beginner Book Dictionary by P.D. Eastman - Collin and Harvill, 1976 - 12. udgave - 133 sider - H\u00e6ftet med kartonbind - God stand.\" \/>\n<meta name=\"robots\" content=\"index, follow, max-snippet:-1, max-image-preview:large, max-video-preview:-1\" \/>\n<link rel=\"canonical\" href=\"https:\/\/www.xn--bgerogting-0cb.dk\/index.php\/vare\/the-cat-in-the-hat-beginner-book-dictionary-by-p-d-eastman\/\" \/>\n<meta property=\"og:locale\" content=\"da_DK\" \/>\n<meta property=\"og:type\" content=\"article\" \/>\n<meta property=\"og:title\" content=\"The Cat in the Hat Beginner Book Dictionary by P.D. Eastman\" \/>\n<meta property=\"og:description\" content=\"The Cat in the Hat Beginner Book Dictionary by P.D. Eastman - Collin and Harvill, 1976 - 12. udgave - 133 sider - H\u00e6ftet med kartonbind - God stand.\" \/>\n<meta property=\"og:url\" content=\"https:\/\/www.xn--bgerogting-0cb.dk\/index.php\/vare\/the-cat-in-the-hat-beginner-book-dictionary-by-p-d-eastman\/\" \/>\n<meta property=\"og:site_name\" content=\"B\u00f8ger og Ting\" \/>\n<meta property=\"article:publisher\" content=\"https:\/\/www.facebook.com\/boegerogting\/\" \/>\n<meta property=\"article:modified_time\" content=\"2025-01-27T19:43:47+00:00\" \/>\n<meta property=\"og:image\" content=\"https:\/\/www.xn--bgerogting-0cb.dk\/wp-content\/uploads\/2022\/12\/Beginner-Book-Dictionary-by-P.D.-Eastman.jpg\" \/>\n\t<meta property=\"og:image:width\" content=\"1920\" \/>\n\t<meta property=\"og:image:height\" content=\"1920\" \/>\n\t<meta property=\"og:image:type\" content=\"image\/jpeg\" \/>\n<meta name=\"twitter:card\" content=\"summary_large_image\" \/>\n<meta name=\"twitter:label1\" content=\"Pris\" \/>\n\t<meta name=\"twitter:data1\" content=\"kr.&nbsp;90,00\" \/>\n\t<meta name=\"twitter:label2\" content=\"Tilg\u00e6ngelighed\" \/>\n\t<meta name=\"twitter:data2\" content=\"P\u00e5 lager\" \/>\n<script type=\"application\/ld+json\" class=\"yoast-schema-graph\">{\"@context\":\"https:\\\/\\\/schema.org\",\"@graph\":[{\"@type\":\"WebPage\",\"@id\":\"https:\\\/\\\/www.xn--bgerogting-0cb.dk\\\/index.php\\\/vare\\\/the-cat-in-the-hat-beginner-book-dictionary-by-p-d-eastman\\\/\",\"url\":\"https:\\\/\\\/www.xn--bgerogting-0cb.dk\\\/index.php\\\/vare\\\/the-cat-in-the-hat-beginner-book-dictionary-by-p-d-eastman\\\/\",\"name\":\"The Cat in the Hat Beginner Book Dictionary by P.D. Eastman - B\u00f8ger og Ting\",\"isPartOf\":{\"@id\":\"https:\\\/\\\/www.xn--bgerogting-0cb.dk\\\/#website\"},\"primaryImageOfPage\":{\"@id\":\"https:\\\/\\\/www.xn--bgerogting-0cb.dk\\\/index.php\\\/vare\\\/the-cat-in-the-hat-beginner-book-dictionary-by-p-d-eastman\\\/#primaryimage\"},\"image\":{\"@id\":\"https:\\\/\\\/www.xn--bgerogting-0cb.dk\\\/index.php\\\/vare\\\/the-cat-in-the-hat-beginner-book-dictionary-by-p-d-eastman\\\/#primaryimage\"},\"thumbnailUrl\":\"https:\\\/\\\/i0.wp.com\\\/www.xn--bgerogting-0cb.dk\\\/wp-content\\\/uploads\\\/2022\\\/12\\\/Beginner-Book-Dictionary-by-P.D.-Eastman.jpg?fit=1920%2C1920&ssl=1\",\"datePublished\":\"2022-12-01T16:00:02+00:00\",\"dateModified\":\"2025-01-27T19:43:47+00:00\",\"description\":\"The Cat in the Hat Beginner Book Dictionary by P.D. Eastman - Collin and Harvill, 1976 - 12. udgave - 133 sider - H\u00e6ftet med kartonbind - God stand.\",\"breadcrumb\":{\"@id\":\"https:\\\/\\\/www.xn--bgerogting-0cb.dk\\\/index.php\\\/vare\\\/the-cat-in-the-hat-beginner-book-dictionary-by-p-d-eastman\\\/#breadcrumb\"},\"inLanguage\":\"da-DK\",\"potentialAction\":[{\"@type\":\"ReadAction\",\"target\":[\"https:\\\/\\\/www.xn--bgerogting-0cb.dk\\\/index.php\\\/vare\\\/the-cat-in-the-hat-beginner-book-dictionary-by-p-d-eastman\\\/\"]}]},{\"@type\":\"ImageObject\",\"inLanguage\":\"da-DK\",\"@id\":\"https:\\\/\\\/www.xn--bgerogting-0cb.dk\\\/index.php\\\/vare\\\/the-cat-in-the-hat-beginner-book-dictionary-by-p-d-eastman\\\/#primaryimage\",\"url\":\"https:\\\/\\\/i0.wp.com\\\/www.xn--bgerogting-0cb.dk\\\/wp-content\\\/uploads\\\/2022\\\/12\\\/Beginner-Book-Dictionary-by-P.D.-Eastman.jpg?fit=1920%2C1920&ssl=1\",\"contentUrl\":\"https:\\\/\\\/i0.wp.com\\\/www.xn--bgerogting-0cb.dk\\\/wp-content\\\/uploads\\\/2022\\\/12\\\/Beginner-Book-Dictionary-by-P.D.-Eastman.jpg?fit=1920%2C1920&ssl=1\",\"width\":1920,\"height\":1920,\"caption\":\"Beginner Book Dictionary by P.D. Eastman\"},{\"@type\":\"BreadcrumbList\",\"@id\":\"https:\\\/\\\/www.xn--bgerogting-0cb.dk\\\/index.php\\\/vare\\\/the-cat-in-the-hat-beginner-book-dictionary-by-p-d-eastman\\\/#breadcrumb\",\"itemListElement\":[{\"@type\":\"ListItem\",\"position\":1,\"name\":\"Home\",\"item\":\"https:\\\/\\\/www.xn--bgerogting-0cb.dk\\\/\"},{\"@type\":\"ListItem\",\"position\":2,\"name\":\"Butik\",\"item\":\"https:\\\/\\\/www.xn--bgerogting-0cb.dk\\\/index.php\\\/shop\\\/\"},{\"@type\":\"ListItem\",\"position\":3,\"name\":\"The Cat in the Hat Beginner Book Dictionary by P.D. Eastman\"}]},{\"@type\":\"WebSite\",\"@id\":\"https:\\\/\\\/www.xn--bgerogting-0cb.dk\\\/#website\",\"url\":\"https:\\\/\\\/www.xn--bgerogting-0cb.dk\\\/\",\"name\":\"B\u00f8ger og Ting\",\"description\":\"Antikvarisk, retro, vintage og antik\",\"publisher\":{\"@id\":\"https:\\\/\\\/www.xn--bgerogting-0cb.dk\\\/#organization\"},\"potentialAction\":[{\"@type\":\"SearchAction\",\"target\":{\"@type\":\"EntryPoint\",\"urlTemplate\":\"https:\\\/\\\/www.xn--bgerogting-0cb.dk\\\/?s={search_term_string}\"},\"query-input\":{\"@type\":\"PropertyValueSpecification\",\"valueRequired\":true,\"valueName\":\"search_term_string\"}}],\"inLanguage\":\"da-DK\"},{\"@type\":\"Organization\",\"@id\":\"https:\\\/\\\/www.xn--bgerogting-0cb.dk\\\/#organization\",\"name\":\"B\u00f8ger og Ting\",\"url\":\"https:\\\/\\\/www.xn--bgerogting-0cb.dk\\\/\",\"logo\":{\"@type\":\"ImageObject\",\"inLanguage\":\"da-DK\",\"@id\":\"https:\\\/\\\/www.xn--bgerogting-0cb.dk\\\/#\\\/schema\\\/logo\\\/image\\\/\",\"url\":\"https:\\\/\\\/i0.wp.com\\\/www.xn--bgerogting-0cb.dk\\\/wp-content\\\/uploads\\\/2019\\\/10\\\/webicon.png?fit=205%2C205&ssl=1\",\"contentUrl\":\"https:\\\/\\\/i0.wp.com\\\/www.xn--bgerogting-0cb.dk\\\/wp-content\\\/uploads\\\/2019\\\/10\\\/webicon.png?fit=205%2C205&ssl=1\",\"width\":205,\"height\":205,\"caption\":\"B\u00f8ger og Ting\"},\"image\":{\"@id\":\"https:\\\/\\\/www.xn--bgerogting-0cb.dk\\\/#\\\/schema\\\/logo\\\/image\\\/\"},\"sameAs\":[\"https:\\\/\\\/www.facebook.com\\\/boegerogting\\\/\",\"https:\\\/\\\/www.instagram.com\\\/bogerogting\\\/\"]}]}<\/script>\n<meta property=\"product:price:amount\" content=\"90.00\" \/>\n<meta property=\"product:price:currency\" content=\"DKK\" \/>\n<meta property=\"og:availability\" content=\"instock\" \/>\n<meta property=\"product:availability\" content=\"instock\" \/>\n<meta property=\"product:retailer_item_id\" content=\"9006\" \/>\n<meta property=\"product:condition\" content=\"new\" \/>\n<!-- \/ Yoast SEO Premium plugin. -->","yoast_head_json":{"title":"The Cat in the Hat Beginner Book Dictionary by P.D. Eastman - B\u00f8ger og Ting","description":"The Cat in the Hat Beginner Book Dictionary by P.D. Eastman - Collin and Harvill, 1976 - 12. udgave - 133 sider - H\u00e6ftet med kartonbind - God stand.","robots":{"index":"index","follow":"follow","max-snippet":"max-snippet:-1","max-image-preview":"max-image-preview:large","max-video-preview":"max-video-preview:-1"},"canonical":"https:\/\/www.xn--bgerogting-0cb.dk\/index.php\/vare\/the-cat-in-the-hat-beginner-book-dictionary-by-p-d-eastman\/","og_locale":"da_DK","og_type":"article","og_title":"The Cat in the Hat Beginner Book Dictionary by P.D. Eastman","og_description":"The Cat in the Hat Beginner Book Dictionary by P.D. Eastman - Collin and Harvill, 1976 - 12. udgave - 133 sider - H\u00e6ftet med kartonbind - God stand.","og_url":"https:\/\/www.xn--bgerogting-0cb.dk\/index.php\/vare\/the-cat-in-the-hat-beginner-book-dictionary-by-p-d-eastman\/","og_site_name":"B\u00f8ger og Ting","article_publisher":"https:\/\/www.facebook.com\/boegerogting\/","article_modified_time":"2025-01-27T19:43:47+00:00","og_image":[{"width":1920,"height":1920,"url":"https:\/\/www.xn--bgerogting-0cb.dk\/wp-content\/uploads\/2022\/12\/Beginner-Book-Dictionary-by-P.D.-Eastman.jpg","type":"image\/jpeg"}],"twitter_card":"summary_large_image","twitter_misc":{"Pris":"kr.&nbsp;90,00","Tilg\u00e6ngelighed":"P\u00e5 lager"},"schema":{"@context":"https:\/\/schema.org","@graph":[{"@type":"WebPage","@id":"https:\/\/www.xn--bgerogting-0cb.dk\/index.php\/vare\/the-cat-in-the-hat-beginner-book-dictionary-by-p-d-eastman\/","url":"https:\/\/www.xn--bgerogting-0cb.dk\/index.php\/vare\/the-cat-in-the-hat-beginner-book-dictionary-by-p-d-eastman\/","name":"The Cat in the Hat Beginner Book Dictionary by P.D. Eastman - B\u00f8ger og Ting","isPartOf":{"@id":"https:\/\/www.xn--bgerogting-0cb.dk\/#website"},"primaryImageOfPage":{"@id":"https:\/\/www.xn--bgerogting-0cb.dk\/index.php\/vare\/the-cat-in-the-hat-beginner-book-dictionary-by-p-d-eastman\/#primaryimage"},"image":{"@id":"https:\/\/www.xn--bgerogting-0cb.dk\/index.php\/vare\/the-cat-in-the-hat-beginner-book-dictionary-by-p-d-eastman\/#primaryimage"},"thumbnailUrl":"https:\/\/i0.wp.com\/www.xn--bgerogting-0cb.dk\/wp-content\/uploads\/2022\/12\/Beginner-Book-Dictionary-by-P.D.-Eastman.jpg?fit=1920%2C1920&ssl=1","datePublished":"2022-12-01T16:00:02+00:00","dateModified":"2025-01-27T19:43:47+00:00","description":"The Cat in the Hat Beginner Book Dictionary by P.D. Eastman - Collin and Harvill, 1976 - 12. udgave - 133 sider - H\u00e6ftet med kartonbind - God stand.","breadcrumb":{"@id":"https:\/\/www.xn--bgerogting-0cb.dk\/index.php\/vare\/the-cat-in-the-hat-beginner-book-dictionary-by-p-d-eastman\/#breadcrumb"},"inLanguage":"da-DK","potentialAction":[{"@type":"ReadAction","target":["https:\/\/www.xn--bgerogting-0cb.dk\/index.php\/vare\/the-cat-in-the-hat-beginner-book-dictionary-by-p-d-eastman\/"]}]},{"@type":"ImageObject","inLanguage":"da-DK","@id":"https:\/\/www.xn--bgerogting-0cb.dk\/index.php\/vare\/the-cat-in-the-hat-beginner-book-dictionary-by-p-d-eastman\/#primaryimage","url":"https:\/\/i0.wp.com\/www.xn--bgerogting-0cb.dk\/wp-content\/uploads\/2022\/12\/Beginner-Book-Dictionary-by-P.D.-Eastman.jpg?fit=1920%2C1920&ssl=1","contentUrl":"https:\/\/i0.wp.com\/www.xn--bgerogting-0cb.dk\/wp-content\/uploads\/2022\/12\/Beginner-Book-Dictionary-by-P.D.-Eastman.jpg?fit=1920%2C1920&ssl=1","width":1920,"height":1920,"caption":"Beginner Book Dictionary by P.D. Eastman"},{"@type":"BreadcrumbList","@id":"https:\/\/www.xn--bgerogting-0cb.dk\/index.php\/vare\/the-cat-in-the-hat-beginner-book-dictionary-by-p-d-eastman\/#breadcrumb","itemListElement":[{"@type":"ListItem","position":1,"name":"Home","item":"https:\/\/www.xn--bgerogting-0cb.dk\/"},{"@type":"ListItem","position":2,"name":"Butik","item":"https:\/\/www.xn--bgerogting-0cb.dk\/index.php\/shop\/"},{"@type":"ListItem","position":3,"name":"The Cat in the Hat Beginner Book Dictionary by P.D. Eastman"}]},{"@type":"WebSite","@id":"https:\/\/www.xn--bgerogting-0cb.dk\/#website","url":"https:\/\/www.xn--bgerogting-0cb.dk\/","name":"B\u00f8ger og Ting","description":"Antikvarisk, retro, vintage og antik","publisher":{"@id":"https:\/\/www.xn--bgerogting-0cb.dk\/#organization"},"potentialAction":[{"@type":"SearchAction","target":{"@type":"EntryPoint","urlTemplate":"https:\/\/www.xn--bgerogting-0cb.dk\/?s={search_term_string}"},"query-input":{"@type":"PropertyValueSpecification","valueRequired":true,"valueName":"search_term_string"}}],"inLanguage":"da-DK"},{"@type":"Organization","@id":"https:\/\/www.xn--bgerogting-0cb.dk\/#organization","name":"B\u00f8ger og Ting","url":"https:\/\/www.xn--bgerogting-0cb.dk\/","logo":{"@type":"ImageObject","inLanguage":"da-DK","@id":"https:\/\/www.xn--bgerogting-0cb.dk\/#\/schema\/logo\/image\/","url":"https:\/\/i0.wp.com\/www.xn--bgerogting-0cb.dk\/wp-content\/uploads\/2019\/10\/webicon.png?fit=205%2C205&ssl=1","contentUrl":"https:\/\/i0.wp.com\/www.xn--bgerogting-0cb.dk\/wp-content\/uploads\/2019\/10\/webicon.png?fit=205%2C205&ssl=1","width":205,"height":205,"caption":"B\u00f8ger og Ting"},"image":{"@id":"https:\/\/www.xn--bgerogting-0cb.dk\/#\/schema\/logo\/image\/"},"sameAs":["https:\/\/www.facebook.com\/boegerogting\/","https:\/\/www.instagram.com\/bogerogting\/"]}]},"product_price_amount":"90.00","product_price_currency":"DKK","og_availability":"instock","product_availability":"instock","product_retailer_item_id":"9006","product_condition":"new"},"jetpack_sharing_enabled":true,"_links":{"self":[{"href":"https:\/\/www.xn--bgerogting-0cb.dk\/index.php\/wp-json\/wp\/v2\/product\/13505","targetHints":{"allow":["GET"]}}],"collection":[{"href":"https:\/\/www.xn--bgerogting-0cb.dk\/index.php\/wp-json\/wp\/v2\/product"}],"about":[{"href":"https:\/\/www.xn--bgerogting-0cb.dk\/index.php\/wp-json\/wp\/v2\/types\/product"}],"wp:featuredmedia":[{"embeddable":true,"href":"https:\/\/www.xn--bgerogting-0cb.dk\/index.php\/wp-json\/wp\/v2\/media\/13506"}],"wp:attachment":[{"href":"https:\/\/www.xn--bgerogting-0cb.dk\/index.php\/wp-json\/wp\/v2\/media?parent=13505"}],"wp:term":[{"taxonomy":"product_brand","embeddable":true,"href":"https:\/\/www.xn--bgerogting-0cb.dk\/index.php\/wp-json\/wp\/v2\/product_brand?post=13505"},{"taxonomy":"product_cat","embeddable":true,"href":"https:\/\/www.xn--bgerogting-0cb.dk\/index.php\/wp-json\/wp\/v2\/product_cat?post=13505"},{"taxonomy":"product_tag","embeddable":true,"href":"https:\/\/www.xn--bgerogting-0cb.dk\/index.php\/wp-json\/wp\/v2\/product_tag?post=13505"}],"curies":[{"name":"wp","href":"https:\/\/api.w.org\/{rel}","templated":true}]}}