{"id":13492,"date":"2022-11-25T17:24:23","date_gmt":"2022-11-25T16:24:23","guid":{"rendered":"https:\/\/www.xn--bgerogting-0cb.dk\/?post_type=product&#038;p=13492"},"modified":"2023-03-01T19:07:31","modified_gmt":"2023-03-01T18:07:31","slug":"the-tale-of-mrs-tiggy-winkle-by-beatrix-potter","status":"publish","type":"product","link":"https:\/\/www.xn--bgerogting-0cb.dk\/index.php\/vare\/the-tale-of-mrs-tiggy-winkle-by-beatrix-potter\/","title":{"rendered":"The Tale of Mrs. Tiggy-Winkle by Beatrix Potter"},"content":{"rendered":"<p>The Tale of Mrs. Tiggy-Winkle by Beatrix Potter.<br \/>\nF. Warne &amp; Co, u.\u00e5r. &#8211; H\u00e6ftet med kartonbind i lille format (10,5 x 14,5 cm.). P\u00e5kl\u00e6bet illustration p\u00e5 forsiden. Koblede sider &#8211; dvs. at der indimellem er blanke sider (originalt).<br \/>\nBogen udkom f\u00f8rste gang i 1905.<br \/>\nBogen er i rigtig god stand. Ryggen er blevet lidt m\u00f8rkere end resten af bindet. Lette brugsspor. Ejerstempler p\u00e5 forsats og ejernavn + dedikation.<\/p>\n<p>En fin gammel udgave. Det er sv\u00e6rt at angive udgivelses\u00e5ret pr\u00e6cist, da udgivelses\u00e5r ofte er udeladt i \u00e6ldre engelske b\u00f8ger, men det fremg\u00e5r, at bogen har v\u00e6ret til salg i 1931 &#8211; brugt eller ny? Beatrix Potter lagde v\u00e6gt p\u00e5, at b\u00f8gerne skulle v\u00e6re i lille format, s\u00e5 de passede til sm\u00e5 h\u00e6nder.<\/p>\n<p>I historien m\u00f8der pigen Lucie mrs. Tiggy-Winkle, som er en elskelig pindsvinedame, der har et vaskeri. Lucie bes\u00f8ger mrs. Tiggy-Winkles vaskeri, og her genfinder hun til sin overraskelse de lommet\u00f8rkl\u00e6der, hun har tabt. De er nu blevet til vanter til en lille killing!<\/p>\n<p>Beatrix Potter (1866 &#8211; 1945) engelsk b\u00f8rnebogsforfatter og illustrator. Hun arbejde ogs\u00e5 med videnskabelige illustration &#8211; is\u00e6r af svampe, men er mest kendt for sine b\u00f8rneb\u00f8ger.<br \/>\nHun udgav i alt 23 b\u00f8ger. Den f\u00f8rste var <i>The Tale of Peter Rabbit<\/i>\u00a0 i 1903.<\/p>\n","protected":false},"excerpt":{"rendered":"<p>The Tale of Mrs. Tiggy-Winkle by Beatrix Potter.<br \/>\nF. Warne &amp; Co, u.\u00e5r. &#8211; H\u00e6ftet med kartonbind i lille format (10,5 x 14,5 cm.). P\u00e5kl\u00e6bet illustration p\u00e5 forsiden. Koblede sider &#8211; dvs. at der indimellem er blanke sider (originalt).<br \/>\nBogen udkom f\u00f8rste gang i 1905.<br \/>\nBogen er i rigtig god stand. Ryggen er blevet lidt m\u00f8rkere end resten af bindet. Lette brugsspor. Ejerstempler p\u00e5 forsats og ejernavn + dedikation.<\/p>\n<p>En fin gammel udgave. Det er sv\u00e6rt at angive udgivelses\u00e5ret pr\u00e6cist, da udgivelses\u00e5r ofte er udeladt i \u00e6ldre engelske b\u00f8ger, men det fremg\u00e5r, at bogen har v\u00e6ret sat til salg d. 20\/2 1931 &#8211; brugt eller ny? Beatrix Potter lagde v\u00e6gt p\u00e5, at b\u00f8gerne skulle v\u00e6re i lille format, s\u00e5 de passede til sm\u00e5 h\u00e6nder.<\/p>\n<p>I historien m\u00f8der pigen Lucie mrs. Tiggy-Winkle, som er en elskelig pindsvinedame, der har et vaskeri. Lucie bes\u00f8ger mrs. Tiggy-Winkles vaskeri, og her genfinder hun til sin overraskelse de lommet\u00f8rkl\u00e6der, hun har tabt. De er nu blevet til vanter til en lille killing!<\/p>\n<p>Beatrix Potter (1866 &#8211; 1945) engelsk b\u00f8rnebogsforfatter og illustrator. Hun arbejde ogs\u00e5 med videnskabelige illustration &#8211; is\u00e6r af svampe, men er mest kendt for sine b\u00f8rneb\u00f8ger.<br \/>\nHun udgav i alt 23 b\u00f8ger. Den f\u00f8rste var <i>The Tale of Peter Rabbit<\/i>\u00a0 i 1903.<\/p>\n","protected":false},"featured_media":13495,"template":"","meta":[],"product_brand":[],"product_cat":[795,150,81,1009,27,996,35],"product_tag":[380,108,271,469],"class_list":{"0":"post-13492","1":"product","2":"type-product","3":"status-publish","4":"has-post-thumbnail","6":"product_cat-alle-tiders-boerneboeger-1900-1909","7":"product_cat-alle-tiders-boerneboeger-1930-1939","8":"product_cat-billedboeger","9":"product_cat-books-in-english","10":"product_cat-boeger","11":"product_cat-boerneboeger-til-voksne","12":"product_cat-barneboger","13":"product_tag-beatrix-potter","14":"product_tag-billedbogsklassiker","15":"product_tag-engelsk","16":"product_tag-pindsvin","18":"first","19":"outofstock","20":"shipping-taxable","21":"purchasable","22":"product-type-simple"},"yoast_head":"<!-- This site is optimized with the Yoast SEO Premium plugin v26.9 (Yoast SEO v27.3) - https:\/\/yoast.com\/product\/yoast-seo-premium-wordpress\/ -->\n<title>The Tale of Mrs. Tiggy-Winkle by Beatrix Potter - B\u00f8ger og Ting<\/title>\n<meta name=\"description\" content=\"The Tale of Mrs. Tiggy-Winkle by Beatrix Potter - F. Warne &amp; Co, u.\u00e5r. - H\u00e6ftet med kartonbind i lille format - Fin gammel udgave fra ca. 1930.\" \/>\n<meta name=\"robots\" content=\"index, follow, max-snippet:-1, max-image-preview:large, max-video-preview:-1\" \/>\n<link rel=\"canonical\" href=\"https:\/\/www.xn--bgerogting-0cb.dk\/index.php\/vare\/the-tale-of-mrs-tiggy-winkle-by-beatrix-potter\/\" \/>\n<meta property=\"og:locale\" content=\"da_DK\" \/>\n<meta property=\"og:type\" content=\"article\" \/>\n<meta property=\"og:title\" content=\"The Tale of Mrs. Tiggy-Winkle by Beatrix Potter\" \/>\n<meta property=\"og:description\" content=\"The Tale of Mrs. Tiggy-Winkle by Beatrix Potter - F. Warne &amp; Co, u.\u00e5r. - H\u00e6ftet med kartonbind i lille format - Fin gammel udgave fra ca. 1930.\" \/>\n<meta property=\"og:url\" content=\"https:\/\/www.xn--bgerogting-0cb.dk\/index.php\/vare\/the-tale-of-mrs-tiggy-winkle-by-beatrix-potter\/\" \/>\n<meta property=\"og:site_name\" content=\"B\u00f8ger og Ting\" \/>\n<meta property=\"article:publisher\" content=\"https:\/\/www.facebook.com\/boegerogting\/\" \/>\n<meta property=\"article:modified_time\" content=\"2023-03-01T18:07:31+00:00\" \/>\n<meta property=\"og:image\" content=\"https:\/\/www.xn--bgerogting-0cb.dk\/wp-content\/uploads\/2022\/11\/The-Tale-of-Mrs.-Tiggy-Winkle-by-Beatrix-Potter.jpg\" \/>\n\t<meta property=\"og:image:width\" content=\"1920\" \/>\n\t<meta property=\"og:image:height\" content=\"1920\" \/>\n\t<meta property=\"og:image:type\" content=\"image\/jpeg\" \/>\n<meta name=\"twitter:card\" content=\"summary_large_image\" \/>\n<meta name=\"twitter:label1\" content=\"Pris\" \/>\n\t<meta name=\"twitter:data1\" content=\"kr.&nbsp;400,00\" \/>\n\t<meta name=\"twitter:label2\" content=\"Tilg\u00e6ngelighed\" \/>\n\t<meta name=\"twitter:data2\" content=\"Ikke p\u00e5 lager\" \/>\n<script type=\"application\/ld+json\" class=\"yoast-schema-graph\">{\"@context\":\"https:\\\/\\\/schema.org\",\"@graph\":[{\"@type\":\"WebPage\",\"@id\":\"https:\\\/\\\/www.xn--bgerogting-0cb.dk\\\/index.php\\\/vare\\\/the-tale-of-mrs-tiggy-winkle-by-beatrix-potter\\\/\",\"url\":\"https:\\\/\\\/www.xn--bgerogting-0cb.dk\\\/index.php\\\/vare\\\/the-tale-of-mrs-tiggy-winkle-by-beatrix-potter\\\/\",\"name\":\"The Tale of Mrs. Tiggy-Winkle by Beatrix Potter - B\u00f8ger og Ting\",\"isPartOf\":{\"@id\":\"https:\\\/\\\/www.xn--bgerogting-0cb.dk\\\/#website\"},\"primaryImageOfPage\":{\"@id\":\"https:\\\/\\\/www.xn--bgerogting-0cb.dk\\\/index.php\\\/vare\\\/the-tale-of-mrs-tiggy-winkle-by-beatrix-potter\\\/#primaryimage\"},\"image\":{\"@id\":\"https:\\\/\\\/www.xn--bgerogting-0cb.dk\\\/index.php\\\/vare\\\/the-tale-of-mrs-tiggy-winkle-by-beatrix-potter\\\/#primaryimage\"},\"thumbnailUrl\":\"https:\\\/\\\/i0.wp.com\\\/www.xn--bgerogting-0cb.dk\\\/wp-content\\\/uploads\\\/2022\\\/11\\\/The-Tale-of-Mrs.-Tiggy-Winkle-by-Beatrix-Potter.jpg?fit=1920%2C1920&ssl=1\",\"datePublished\":\"2022-11-25T16:24:23+00:00\",\"dateModified\":\"2023-03-01T18:07:31+00:00\",\"description\":\"The Tale of Mrs. Tiggy-Winkle by Beatrix Potter - F. Warne & Co, u.\u00e5r. - H\u00e6ftet med kartonbind i lille format - Fin gammel udgave fra ca. 1930.\",\"breadcrumb\":{\"@id\":\"https:\\\/\\\/www.xn--bgerogting-0cb.dk\\\/index.php\\\/vare\\\/the-tale-of-mrs-tiggy-winkle-by-beatrix-potter\\\/#breadcrumb\"},\"inLanguage\":\"da-DK\",\"potentialAction\":[{\"@type\":\"ReadAction\",\"target\":[\"https:\\\/\\\/www.xn--bgerogting-0cb.dk\\\/index.php\\\/vare\\\/the-tale-of-mrs-tiggy-winkle-by-beatrix-potter\\\/\"]}]},{\"@type\":\"ImageObject\",\"inLanguage\":\"da-DK\",\"@id\":\"https:\\\/\\\/www.xn--bgerogting-0cb.dk\\\/index.php\\\/vare\\\/the-tale-of-mrs-tiggy-winkle-by-beatrix-potter\\\/#primaryimage\",\"url\":\"https:\\\/\\\/i0.wp.com\\\/www.xn--bgerogting-0cb.dk\\\/wp-content\\\/uploads\\\/2022\\\/11\\\/The-Tale-of-Mrs.-Tiggy-Winkle-by-Beatrix-Potter.jpg?fit=1920%2C1920&ssl=1\",\"contentUrl\":\"https:\\\/\\\/i0.wp.com\\\/www.xn--bgerogting-0cb.dk\\\/wp-content\\\/uploads\\\/2022\\\/11\\\/The-Tale-of-Mrs.-Tiggy-Winkle-by-Beatrix-Potter.jpg?fit=1920%2C1920&ssl=1\",\"width\":1920,\"height\":1920,\"caption\":\"The Tale of Mrs. Tiggy-Winkle by Beatrix Potter\"},{\"@type\":\"BreadcrumbList\",\"@id\":\"https:\\\/\\\/www.xn--bgerogting-0cb.dk\\\/index.php\\\/vare\\\/the-tale-of-mrs-tiggy-winkle-by-beatrix-potter\\\/#breadcrumb\",\"itemListElement\":[{\"@type\":\"ListItem\",\"position\":1,\"name\":\"Home\",\"item\":\"https:\\\/\\\/www.xn--bgerogting-0cb.dk\\\/\"},{\"@type\":\"ListItem\",\"position\":2,\"name\":\"Butik\",\"item\":\"https:\\\/\\\/www.xn--bgerogting-0cb.dk\\\/index.php\\\/shop\\\/\"},{\"@type\":\"ListItem\",\"position\":3,\"name\":\"The Tale of Mrs. Tiggy-Winkle by Beatrix Potter\"}]},{\"@type\":\"WebSite\",\"@id\":\"https:\\\/\\\/www.xn--bgerogting-0cb.dk\\\/#website\",\"url\":\"https:\\\/\\\/www.xn--bgerogting-0cb.dk\\\/\",\"name\":\"B\u00f8ger og Ting\",\"description\":\"Antikvarisk, retro, vintage og antik\",\"publisher\":{\"@id\":\"https:\\\/\\\/www.xn--bgerogting-0cb.dk\\\/#organization\"},\"potentialAction\":[{\"@type\":\"SearchAction\",\"target\":{\"@type\":\"EntryPoint\",\"urlTemplate\":\"https:\\\/\\\/www.xn--bgerogting-0cb.dk\\\/?s={search_term_string}\"},\"query-input\":{\"@type\":\"PropertyValueSpecification\",\"valueRequired\":true,\"valueName\":\"search_term_string\"}}],\"inLanguage\":\"da-DK\"},{\"@type\":\"Organization\",\"@id\":\"https:\\\/\\\/www.xn--bgerogting-0cb.dk\\\/#organization\",\"name\":\"B\u00f8ger og Ting\",\"url\":\"https:\\\/\\\/www.xn--bgerogting-0cb.dk\\\/\",\"logo\":{\"@type\":\"ImageObject\",\"inLanguage\":\"da-DK\",\"@id\":\"https:\\\/\\\/www.xn--bgerogting-0cb.dk\\\/#\\\/schema\\\/logo\\\/image\\\/\",\"url\":\"https:\\\/\\\/i0.wp.com\\\/www.xn--bgerogting-0cb.dk\\\/wp-content\\\/uploads\\\/2019\\\/10\\\/webicon.png?fit=205%2C205&ssl=1\",\"contentUrl\":\"https:\\\/\\\/i0.wp.com\\\/www.xn--bgerogting-0cb.dk\\\/wp-content\\\/uploads\\\/2019\\\/10\\\/webicon.png?fit=205%2C205&ssl=1\",\"width\":205,\"height\":205,\"caption\":\"B\u00f8ger og Ting\"},\"image\":{\"@id\":\"https:\\\/\\\/www.xn--bgerogting-0cb.dk\\\/#\\\/schema\\\/logo\\\/image\\\/\"},\"sameAs\":[\"https:\\\/\\\/www.facebook.com\\\/boegerogting\\\/\",\"https:\\\/\\\/www.instagram.com\\\/bogerogting\\\/\"]}]}<\/script>\n<meta property=\"product:price:amount\" content=\"400.00\" \/>\n<meta property=\"product:price:currency\" content=\"DKK\" \/>\n<meta property=\"og:availability\" content=\"out of stock\" \/>\n<meta property=\"product:availability\" content=\"out of stock\" \/>\n<meta property=\"product:retailer_item_id\" content=\"9007\" \/>\n<meta property=\"product:condition\" content=\"new\" \/>\n<!-- \/ Yoast SEO Premium plugin. -->","yoast_head_json":{"title":"The Tale of Mrs. Tiggy-Winkle by Beatrix Potter - B\u00f8ger og Ting","description":"The Tale of Mrs. Tiggy-Winkle by Beatrix Potter - F. Warne & Co, u.\u00e5r. - H\u00e6ftet med kartonbind i lille format - Fin gammel udgave fra ca. 1930.","robots":{"index":"index","follow":"follow","max-snippet":"max-snippet:-1","max-image-preview":"max-image-preview:large","max-video-preview":"max-video-preview:-1"},"canonical":"https:\/\/www.xn--bgerogting-0cb.dk\/index.php\/vare\/the-tale-of-mrs-tiggy-winkle-by-beatrix-potter\/","og_locale":"da_DK","og_type":"article","og_title":"The Tale of Mrs. Tiggy-Winkle by Beatrix Potter","og_description":"The Tale of Mrs. Tiggy-Winkle by Beatrix Potter - F. Warne & Co, u.\u00e5r. - H\u00e6ftet med kartonbind i lille format - Fin gammel udgave fra ca. 1930.","og_url":"https:\/\/www.xn--bgerogting-0cb.dk\/index.php\/vare\/the-tale-of-mrs-tiggy-winkle-by-beatrix-potter\/","og_site_name":"B\u00f8ger og Ting","article_publisher":"https:\/\/www.facebook.com\/boegerogting\/","article_modified_time":"2023-03-01T18:07:31+00:00","og_image":[{"width":1920,"height":1920,"url":"https:\/\/www.xn--bgerogting-0cb.dk\/wp-content\/uploads\/2022\/11\/The-Tale-of-Mrs.-Tiggy-Winkle-by-Beatrix-Potter.jpg","type":"image\/jpeg"}],"twitter_card":"summary_large_image","twitter_misc":{"Pris":"kr.&nbsp;400,00","Tilg\u00e6ngelighed":"Ikke p\u00e5 lager"},"schema":{"@context":"https:\/\/schema.org","@graph":[{"@type":"WebPage","@id":"https:\/\/www.xn--bgerogting-0cb.dk\/index.php\/vare\/the-tale-of-mrs-tiggy-winkle-by-beatrix-potter\/","url":"https:\/\/www.xn--bgerogting-0cb.dk\/index.php\/vare\/the-tale-of-mrs-tiggy-winkle-by-beatrix-potter\/","name":"The Tale of Mrs. Tiggy-Winkle by Beatrix Potter - B\u00f8ger og Ting","isPartOf":{"@id":"https:\/\/www.xn--bgerogting-0cb.dk\/#website"},"primaryImageOfPage":{"@id":"https:\/\/www.xn--bgerogting-0cb.dk\/index.php\/vare\/the-tale-of-mrs-tiggy-winkle-by-beatrix-potter\/#primaryimage"},"image":{"@id":"https:\/\/www.xn--bgerogting-0cb.dk\/index.php\/vare\/the-tale-of-mrs-tiggy-winkle-by-beatrix-potter\/#primaryimage"},"thumbnailUrl":"https:\/\/i0.wp.com\/www.xn--bgerogting-0cb.dk\/wp-content\/uploads\/2022\/11\/The-Tale-of-Mrs.-Tiggy-Winkle-by-Beatrix-Potter.jpg?fit=1920%2C1920&ssl=1","datePublished":"2022-11-25T16:24:23+00:00","dateModified":"2023-03-01T18:07:31+00:00","description":"The Tale of Mrs. Tiggy-Winkle by Beatrix Potter - F. Warne & Co, u.\u00e5r. - H\u00e6ftet med kartonbind i lille format - Fin gammel udgave fra ca. 1930.","breadcrumb":{"@id":"https:\/\/www.xn--bgerogting-0cb.dk\/index.php\/vare\/the-tale-of-mrs-tiggy-winkle-by-beatrix-potter\/#breadcrumb"},"inLanguage":"da-DK","potentialAction":[{"@type":"ReadAction","target":["https:\/\/www.xn--bgerogting-0cb.dk\/index.php\/vare\/the-tale-of-mrs-tiggy-winkle-by-beatrix-potter\/"]}]},{"@type":"ImageObject","inLanguage":"da-DK","@id":"https:\/\/www.xn--bgerogting-0cb.dk\/index.php\/vare\/the-tale-of-mrs-tiggy-winkle-by-beatrix-potter\/#primaryimage","url":"https:\/\/i0.wp.com\/www.xn--bgerogting-0cb.dk\/wp-content\/uploads\/2022\/11\/The-Tale-of-Mrs.-Tiggy-Winkle-by-Beatrix-Potter.jpg?fit=1920%2C1920&ssl=1","contentUrl":"https:\/\/i0.wp.com\/www.xn--bgerogting-0cb.dk\/wp-content\/uploads\/2022\/11\/The-Tale-of-Mrs.-Tiggy-Winkle-by-Beatrix-Potter.jpg?fit=1920%2C1920&ssl=1","width":1920,"height":1920,"caption":"The Tale of Mrs. Tiggy-Winkle by Beatrix Potter"},{"@type":"BreadcrumbList","@id":"https:\/\/www.xn--bgerogting-0cb.dk\/index.php\/vare\/the-tale-of-mrs-tiggy-winkle-by-beatrix-potter\/#breadcrumb","itemListElement":[{"@type":"ListItem","position":1,"name":"Home","item":"https:\/\/www.xn--bgerogting-0cb.dk\/"},{"@type":"ListItem","position":2,"name":"Butik","item":"https:\/\/www.xn--bgerogting-0cb.dk\/index.php\/shop\/"},{"@type":"ListItem","position":3,"name":"The Tale of Mrs. Tiggy-Winkle by Beatrix Potter"}]},{"@type":"WebSite","@id":"https:\/\/www.xn--bgerogting-0cb.dk\/#website","url":"https:\/\/www.xn--bgerogting-0cb.dk\/","name":"B\u00f8ger og Ting","description":"Antikvarisk, retro, vintage og antik","publisher":{"@id":"https:\/\/www.xn--bgerogting-0cb.dk\/#organization"},"potentialAction":[{"@type":"SearchAction","target":{"@type":"EntryPoint","urlTemplate":"https:\/\/www.xn--bgerogting-0cb.dk\/?s={search_term_string}"},"query-input":{"@type":"PropertyValueSpecification","valueRequired":true,"valueName":"search_term_string"}}],"inLanguage":"da-DK"},{"@type":"Organization","@id":"https:\/\/www.xn--bgerogting-0cb.dk\/#organization","name":"B\u00f8ger og Ting","url":"https:\/\/www.xn--bgerogting-0cb.dk\/","logo":{"@type":"ImageObject","inLanguage":"da-DK","@id":"https:\/\/www.xn--bgerogting-0cb.dk\/#\/schema\/logo\/image\/","url":"https:\/\/i0.wp.com\/www.xn--bgerogting-0cb.dk\/wp-content\/uploads\/2019\/10\/webicon.png?fit=205%2C205&ssl=1","contentUrl":"https:\/\/i0.wp.com\/www.xn--bgerogting-0cb.dk\/wp-content\/uploads\/2019\/10\/webicon.png?fit=205%2C205&ssl=1","width":205,"height":205,"caption":"B\u00f8ger og Ting"},"image":{"@id":"https:\/\/www.xn--bgerogting-0cb.dk\/#\/schema\/logo\/image\/"},"sameAs":["https:\/\/www.facebook.com\/boegerogting\/","https:\/\/www.instagram.com\/bogerogting\/"]}]},"product_price_amount":"400.00","product_price_currency":"DKK","og_availability":"out of stock","product_availability":"out of stock","product_retailer_item_id":"9007","product_condition":"new"},"jetpack_sharing_enabled":true,"_links":{"self":[{"href":"https:\/\/www.xn--bgerogting-0cb.dk\/index.php\/wp-json\/wp\/v2\/product\/13492","targetHints":{"allow":["GET"]}}],"collection":[{"href":"https:\/\/www.xn--bgerogting-0cb.dk\/index.php\/wp-json\/wp\/v2\/product"}],"about":[{"href":"https:\/\/www.xn--bgerogting-0cb.dk\/index.php\/wp-json\/wp\/v2\/types\/product"}],"wp:featuredmedia":[{"embeddable":true,"href":"https:\/\/www.xn--bgerogting-0cb.dk\/index.php\/wp-json\/wp\/v2\/media\/13495"}],"wp:attachment":[{"href":"https:\/\/www.xn--bgerogting-0cb.dk\/index.php\/wp-json\/wp\/v2\/media?parent=13492"}],"wp:term":[{"taxonomy":"product_brand","embeddable":true,"href":"https:\/\/www.xn--bgerogting-0cb.dk\/index.php\/wp-json\/wp\/v2\/product_brand?post=13492"},{"taxonomy":"product_cat","embeddable":true,"href":"https:\/\/www.xn--bgerogting-0cb.dk\/index.php\/wp-json\/wp\/v2\/product_cat?post=13492"},{"taxonomy":"product_tag","embeddable":true,"href":"https:\/\/www.xn--bgerogting-0cb.dk\/index.php\/wp-json\/wp\/v2\/product_tag?post=13492"}],"curies":[{"name":"wp","href":"https:\/\/api.w.org\/{rel}","templated":true}]}}