{"id":13340,"date":"2022-10-25T15:36:52","date_gmt":"2022-10-25T13:36:52","guid":{"rendered":"https:\/\/www.xn--bgerogting-0cb.dk\/?post_type=product&#038;p=13340"},"modified":"2022-11-12T11:58:05","modified_gmt":"2022-11-12T10:58:05","slug":"nisser-i-hverdag-og-fest-af-wil-huygen-2","status":"publish","type":"product","link":"https:\/\/www.xn--bgerogting-0cb.dk\/index.php\/vare\/nisser-i-hverdag-og-fest-af-wil-huygen-2\/","title":{"rendered":"Nisser i hverdag og fest af Wil Huygen"},"content":{"rendered":"<p>Nisser i hverdag og fest af Wil Huygen.<br \/>\nSesam, 2000 &#8211; 6. oplag &#8211; 208 sider &#8211; H\u00e6ftet hardback i stort format<br \/>\nIllustreret af Rien Poortvliet &#8211; P\u00e5 dansk ved Vagn Simonsen.<br \/>\nBogen i meget fin stand &#8211; n\u00e6rmest som ny.<\/p>\n<p>Den kendte og elskede pseudovidenskabelige &#8220;rapport&#8221; om nissernes levevis og arbejdsforhold.<br \/>\nI forordet til bogen bringer forfatteren denne tak:<br \/>\n&#8220;Nissernes fagforening fortjener indledningsvis vor tak for tilladelsen til at publicere dette materiale. Hermed afsluttes hen ved tyve \u00e5rs forskning. &#8230;Vi er taknemmelige for saglige dr\u00f8ftelser og overvejelser, der er f\u00f8rt med i mere end fem \u00e5r om, hvorvidt rapporten kunne frigives eller ej.&#8221; S\u00e5 er stilen ligesom lagt.<br \/>\nEn bog, der gl\u00e6der b\u00e5de b\u00f8rn og voksne.<\/p>\n","protected":false},"excerpt":{"rendered":"<p>Nisser i hverdag og fest af Wil Huygen.<br \/>\nSesam, 2000 &#8211; 6. oplag &#8211; 208 sider &#8211; H\u00e6ftet hardback i stort format<br \/>\nIllustreret af Rien Poortvliet &#8211; P\u00e5 dansk ved Vagn Simonsen.<br \/>\nBogen i meget fin stand &#8211; n\u00e6rmest som ny.<\/p>\n<p>Den kendte og elskede pseudovidenskabelige &#8220;rapport&#8221; om nissernes levevis og arbejdsforhold.<br \/>\nI forordet til bogen bringer forfatteren denne tak:<br \/>\n&#8220;Nissernes fagforening fortjener indledningsvis vor tak for tilladelsen til at publicere dette materiale. Hermed afsluttes hen ved tyve \u00e5rs forskning. &#8230;Vi er taknemmelige for saglige dr\u00f8ftelser og overvejelser, der er f\u00f8rt med i mere end fem \u00e5r om, hvorvidt rapporten kunne frigives eller ej.&#8221; S\u00e5 er stilen ligesom lagt.<br \/>\nEn bog, der gl\u00e6der b\u00e5de b\u00f8rn og voksne.<\/p>\n","protected":false},"featured_media":13341,"template":"","meta":[],"product_brand":[],"product_cat":[85,27,996,308,35,48],"product_tag":[1057,160,1252,754,753],"class_list":{"0":"post-13340","1":"product","2":"type-product","3":"status-publish","4":"has-post-thumbnail","6":"product_cat-alle-tiders-boerneboeger-1980-1989","7":"product_cat-boeger","8":"product_cat-boerneboeger-til-voksne","9":"product_cat-jul-tema","10":"product_cat-barneboger","11":"product_cat-tema","12":"product_tag-hollandsk","13":"product_tag-nisser","14":"product_tag-rien-poortvliet","15":"product_tag-vagn-simonsen","16":"product_tag-wil-huygen","18":"first","19":"outofstock","20":"shipping-taxable","21":"purchasable","22":"product-type-simple"},"yoast_head":"<!-- This site is optimized with the Yoast SEO Premium plugin v27.4 (Yoast SEO v27.5) - https:\/\/yoast.com\/product\/yoast-seo-premium-wordpress\/ -->\n<title>Nisser i hverdag og fest af Wil Huygen - B\u00f8ger og Ting<\/title>\n<meta name=\"description\" content=\"Nisser i hverdag og fest af Wil Huygen - Sesam, 2000 - 208 sider - H\u00e6ftet hardback i stort format - Illustreret af Rien Poortvliet - Meget fin stand - n\u00e6rmest som ny.\" \/>\n<meta name=\"robots\" content=\"index, follow, max-snippet:-1, max-image-preview:large, max-video-preview:-1\" \/>\n<link rel=\"canonical\" href=\"https:\/\/www.xn--bgerogting-0cb.dk\/index.php\/vare\/nisser-i-hverdag-og-fest-af-wil-huygen-2\/\" \/>\n<meta property=\"og:locale\" content=\"da_DK\" \/>\n<meta property=\"og:type\" content=\"article\" \/>\n<meta property=\"og:title\" content=\"Nisser i hverdag og fest af Wil Huygen\" \/>\n<meta property=\"og:description\" content=\"Nisser i hverdag og fest af Wil Huygen - Sesam, 2000 - 208 sider - H\u00e6ftet hardback i stort format - Illustreret af Rien Poortvliet - Meget fin stand - n\u00e6rmest som ny.\" \/>\n<meta property=\"og:url\" content=\"https:\/\/www.xn--bgerogting-0cb.dk\/index.php\/vare\/nisser-i-hverdag-og-fest-af-wil-huygen-2\/\" \/>\n<meta property=\"og:site_name\" content=\"B\u00f8ger og Ting\" \/>\n<meta property=\"article:publisher\" content=\"https:\/\/www.facebook.com\/boegerogting\/\" \/>\n<meta property=\"article:modified_time\" content=\"2022-11-12T10:58:05+00:00\" \/>\n<meta property=\"og:image\" content=\"https:\/\/www.xn--bgerogting-0cb.dk\/wp-content\/uploads\/2022\/10\/Nisser-i-hverdag-og-fest-af-Wil-Huygen-2.jpg\" \/>\n\t<meta property=\"og:image:width\" content=\"1916\" \/>\n\t<meta property=\"og:image:height\" content=\"1920\" \/>\n\t<meta property=\"og:image:type\" content=\"image\/jpeg\" \/>\n<meta name=\"twitter:card\" content=\"summary_large_image\" \/>\n<meta name=\"twitter:label1\" content=\"Pris\" \/>\n\t<meta name=\"twitter:data1\" content=\"kr.&nbsp;350,00\" \/>\n\t<meta name=\"twitter:label2\" content=\"Tilg\u00e6ngelighed\" \/>\n\t<meta name=\"twitter:data2\" content=\"Ikke p\u00e5 lager\" \/>\n<script type=\"application\/ld+json\" class=\"yoast-schema-graph\">{\"@context\":\"https:\\\/\\\/schema.org\",\"@graph\":[{\"@type\":\"WebPage\",\"@id\":\"https:\\\/\\\/www.xn--bgerogting-0cb.dk\\\/index.php\\\/vare\\\/nisser-i-hverdag-og-fest-af-wil-huygen-2\\\/\",\"url\":\"https:\\\/\\\/www.xn--bgerogting-0cb.dk\\\/index.php\\\/vare\\\/nisser-i-hverdag-og-fest-af-wil-huygen-2\\\/\",\"name\":\"Nisser i hverdag og fest af Wil Huygen - B\u00f8ger og Ting\",\"isPartOf\":{\"@id\":\"https:\\\/\\\/www.xn--bgerogting-0cb.dk\\\/#website\"},\"primaryImageOfPage\":{\"@id\":\"https:\\\/\\\/www.xn--bgerogting-0cb.dk\\\/index.php\\\/vare\\\/nisser-i-hverdag-og-fest-af-wil-huygen-2\\\/#primaryimage\"},\"image\":{\"@id\":\"https:\\\/\\\/www.xn--bgerogting-0cb.dk\\\/index.php\\\/vare\\\/nisser-i-hverdag-og-fest-af-wil-huygen-2\\\/#primaryimage\"},\"thumbnailUrl\":\"https:\\\/\\\/i0.wp.com\\\/www.xn--bgerogting-0cb.dk\\\/wp-content\\\/uploads\\\/2022\\\/10\\\/Nisser-i-hverdag-og-fest-af-Wil-Huygen-2.jpg?fit=1916%2C1920&ssl=1\",\"datePublished\":\"2022-10-25T13:36:52+00:00\",\"dateModified\":\"2022-11-12T10:58:05+00:00\",\"description\":\"Nisser i hverdag og fest af Wil Huygen - Sesam, 2000 - 208 sider - H\u00e6ftet hardback i stort format - Illustreret af Rien Poortvliet - Meget fin stand - n\u00e6rmest som ny.\",\"breadcrumb\":{\"@id\":\"https:\\\/\\\/www.xn--bgerogting-0cb.dk\\\/index.php\\\/vare\\\/nisser-i-hverdag-og-fest-af-wil-huygen-2\\\/#breadcrumb\"},\"inLanguage\":\"da-DK\",\"potentialAction\":[{\"@type\":\"ReadAction\",\"target\":[\"https:\\\/\\\/www.xn--bgerogting-0cb.dk\\\/index.php\\\/vare\\\/nisser-i-hverdag-og-fest-af-wil-huygen-2\\\/\"]}]},{\"@type\":\"ImageObject\",\"inLanguage\":\"da-DK\",\"@id\":\"https:\\\/\\\/www.xn--bgerogting-0cb.dk\\\/index.php\\\/vare\\\/nisser-i-hverdag-og-fest-af-wil-huygen-2\\\/#primaryimage\",\"url\":\"https:\\\/\\\/i0.wp.com\\\/www.xn--bgerogting-0cb.dk\\\/wp-content\\\/uploads\\\/2022\\\/10\\\/Nisser-i-hverdag-og-fest-af-Wil-Huygen-2.jpg?fit=1916%2C1920&ssl=1\",\"contentUrl\":\"https:\\\/\\\/i0.wp.com\\\/www.xn--bgerogting-0cb.dk\\\/wp-content\\\/uploads\\\/2022\\\/10\\\/Nisser-i-hverdag-og-fest-af-Wil-Huygen-2.jpg?fit=1916%2C1920&ssl=1\",\"width\":1916,\"height\":1920,\"caption\":\"Nisser i hverdag og fest af Wil Huygen\"},{\"@type\":\"BreadcrumbList\",\"@id\":\"https:\\\/\\\/www.xn--bgerogting-0cb.dk\\\/index.php\\\/vare\\\/nisser-i-hverdag-og-fest-af-wil-huygen-2\\\/#breadcrumb\",\"itemListElement\":[{\"@type\":\"ListItem\",\"position\":1,\"name\":\"Home\",\"item\":\"https:\\\/\\\/www.xn--bgerogting-0cb.dk\\\/\"},{\"@type\":\"ListItem\",\"position\":2,\"name\":\"Butik\",\"item\":\"https:\\\/\\\/www.xn--bgerogting-0cb.dk\\\/index.php\\\/shop\\\/\"},{\"@type\":\"ListItem\",\"position\":3,\"name\":\"Nisser i hverdag og fest af Wil Huygen\"}]},{\"@type\":\"WebSite\",\"@id\":\"https:\\\/\\\/www.xn--bgerogting-0cb.dk\\\/#website\",\"url\":\"https:\\\/\\\/www.xn--bgerogting-0cb.dk\\\/\",\"name\":\"B\u00f8ger og Ting\",\"description\":\"Antikvarisk, retro, vintage og antik\",\"publisher\":{\"@id\":\"https:\\\/\\\/www.xn--bgerogting-0cb.dk\\\/#organization\"},\"potentialAction\":[{\"@type\":\"SearchAction\",\"target\":{\"@type\":\"EntryPoint\",\"urlTemplate\":\"https:\\\/\\\/www.xn--bgerogting-0cb.dk\\\/?s={search_term_string}\"},\"query-input\":{\"@type\":\"PropertyValueSpecification\",\"valueRequired\":true,\"valueName\":\"search_term_string\"}}],\"inLanguage\":\"da-DK\"},{\"@type\":\"Organization\",\"@id\":\"https:\\\/\\\/www.xn--bgerogting-0cb.dk\\\/#organization\",\"name\":\"B\u00f8ger og Ting\",\"url\":\"https:\\\/\\\/www.xn--bgerogting-0cb.dk\\\/\",\"logo\":{\"@type\":\"ImageObject\",\"inLanguage\":\"da-DK\",\"@id\":\"https:\\\/\\\/www.xn--bgerogting-0cb.dk\\\/#\\\/schema\\\/logo\\\/image\\\/\",\"url\":\"https:\\\/\\\/i0.wp.com\\\/www.xn--bgerogting-0cb.dk\\\/wp-content\\\/uploads\\\/2019\\\/10\\\/webicon.png?fit=205%2C205&ssl=1\",\"contentUrl\":\"https:\\\/\\\/i0.wp.com\\\/www.xn--bgerogting-0cb.dk\\\/wp-content\\\/uploads\\\/2019\\\/10\\\/webicon.png?fit=205%2C205&ssl=1\",\"width\":205,\"height\":205,\"caption\":\"B\u00f8ger og Ting\"},\"image\":{\"@id\":\"https:\\\/\\\/www.xn--bgerogting-0cb.dk\\\/#\\\/schema\\\/logo\\\/image\\\/\"},\"sameAs\":[\"https:\\\/\\\/www.facebook.com\\\/boegerogting\\\/\",\"https:\\\/\\\/www.instagram.com\\\/bogerogting\\\/\"]}]}<\/script>\n<meta property=\"product:price:amount\" content=\"350.00\" \/>\n<meta property=\"product:price:currency\" content=\"DKK\" \/>\n<meta property=\"og:availability\" content=\"out of stock\" \/>\n<meta property=\"product:availability\" content=\"out of stock\" \/>\n<meta property=\"product:retailer_item_id\" content=\"8874\" \/>\n<meta property=\"product:condition\" content=\"new\" \/>\n<!-- \/ Yoast SEO Premium plugin. -->","yoast_head_json":{"title":"Nisser i hverdag og fest af Wil Huygen - B\u00f8ger og Ting","description":"Nisser i hverdag og fest af Wil Huygen - Sesam, 2000 - 208 sider - H\u00e6ftet hardback i stort format - Illustreret af Rien Poortvliet - Meget fin stand - n\u00e6rmest som ny.","robots":{"index":"index","follow":"follow","max-snippet":"max-snippet:-1","max-image-preview":"max-image-preview:large","max-video-preview":"max-video-preview:-1"},"canonical":"https:\/\/www.xn--bgerogting-0cb.dk\/index.php\/vare\/nisser-i-hverdag-og-fest-af-wil-huygen-2\/","og_locale":"da_DK","og_type":"article","og_title":"Nisser i hverdag og fest af Wil Huygen","og_description":"Nisser i hverdag og fest af Wil Huygen - Sesam, 2000 - 208 sider - H\u00e6ftet hardback i stort format - Illustreret af Rien Poortvliet - Meget fin stand - n\u00e6rmest som ny.","og_url":"https:\/\/www.xn--bgerogting-0cb.dk\/index.php\/vare\/nisser-i-hverdag-og-fest-af-wil-huygen-2\/","og_site_name":"B\u00f8ger og Ting","article_publisher":"https:\/\/www.facebook.com\/boegerogting\/","article_modified_time":"2022-11-12T10:58:05+00:00","og_image":[{"width":1916,"height":1920,"url":"https:\/\/www.xn--bgerogting-0cb.dk\/wp-content\/uploads\/2022\/10\/Nisser-i-hverdag-og-fest-af-Wil-Huygen-2.jpg","type":"image\/jpeg"}],"twitter_card":"summary_large_image","twitter_misc":{"Pris":"kr.&nbsp;350,00","Tilg\u00e6ngelighed":"Ikke p\u00e5 lager"},"schema":{"@context":"https:\/\/schema.org","@graph":[{"@type":"WebPage","@id":"https:\/\/www.xn--bgerogting-0cb.dk\/index.php\/vare\/nisser-i-hverdag-og-fest-af-wil-huygen-2\/","url":"https:\/\/www.xn--bgerogting-0cb.dk\/index.php\/vare\/nisser-i-hverdag-og-fest-af-wil-huygen-2\/","name":"Nisser i hverdag og fest af Wil Huygen - B\u00f8ger og Ting","isPartOf":{"@id":"https:\/\/www.xn--bgerogting-0cb.dk\/#website"},"primaryImageOfPage":{"@id":"https:\/\/www.xn--bgerogting-0cb.dk\/index.php\/vare\/nisser-i-hverdag-og-fest-af-wil-huygen-2\/#primaryimage"},"image":{"@id":"https:\/\/www.xn--bgerogting-0cb.dk\/index.php\/vare\/nisser-i-hverdag-og-fest-af-wil-huygen-2\/#primaryimage"},"thumbnailUrl":"https:\/\/i0.wp.com\/www.xn--bgerogting-0cb.dk\/wp-content\/uploads\/2022\/10\/Nisser-i-hverdag-og-fest-af-Wil-Huygen-2.jpg?fit=1916%2C1920&ssl=1","datePublished":"2022-10-25T13:36:52+00:00","dateModified":"2022-11-12T10:58:05+00:00","description":"Nisser i hverdag og fest af Wil Huygen - Sesam, 2000 - 208 sider - H\u00e6ftet hardback i stort format - Illustreret af Rien Poortvliet - Meget fin stand - n\u00e6rmest som ny.","breadcrumb":{"@id":"https:\/\/www.xn--bgerogting-0cb.dk\/index.php\/vare\/nisser-i-hverdag-og-fest-af-wil-huygen-2\/#breadcrumb"},"inLanguage":"da-DK","potentialAction":[{"@type":"ReadAction","target":["https:\/\/www.xn--bgerogting-0cb.dk\/index.php\/vare\/nisser-i-hverdag-og-fest-af-wil-huygen-2\/"]}]},{"@type":"ImageObject","inLanguage":"da-DK","@id":"https:\/\/www.xn--bgerogting-0cb.dk\/index.php\/vare\/nisser-i-hverdag-og-fest-af-wil-huygen-2\/#primaryimage","url":"https:\/\/i0.wp.com\/www.xn--bgerogting-0cb.dk\/wp-content\/uploads\/2022\/10\/Nisser-i-hverdag-og-fest-af-Wil-Huygen-2.jpg?fit=1916%2C1920&ssl=1","contentUrl":"https:\/\/i0.wp.com\/www.xn--bgerogting-0cb.dk\/wp-content\/uploads\/2022\/10\/Nisser-i-hverdag-og-fest-af-Wil-Huygen-2.jpg?fit=1916%2C1920&ssl=1","width":1916,"height":1920,"caption":"Nisser i hverdag og fest af Wil Huygen"},{"@type":"BreadcrumbList","@id":"https:\/\/www.xn--bgerogting-0cb.dk\/index.php\/vare\/nisser-i-hverdag-og-fest-af-wil-huygen-2\/#breadcrumb","itemListElement":[{"@type":"ListItem","position":1,"name":"Home","item":"https:\/\/www.xn--bgerogting-0cb.dk\/"},{"@type":"ListItem","position":2,"name":"Butik","item":"https:\/\/www.xn--bgerogting-0cb.dk\/index.php\/shop\/"},{"@type":"ListItem","position":3,"name":"Nisser i hverdag og fest af Wil Huygen"}]},{"@type":"WebSite","@id":"https:\/\/www.xn--bgerogting-0cb.dk\/#website","url":"https:\/\/www.xn--bgerogting-0cb.dk\/","name":"B\u00f8ger og Ting","description":"Antikvarisk, retro, vintage og antik","publisher":{"@id":"https:\/\/www.xn--bgerogting-0cb.dk\/#organization"},"potentialAction":[{"@type":"SearchAction","target":{"@type":"EntryPoint","urlTemplate":"https:\/\/www.xn--bgerogting-0cb.dk\/?s={search_term_string}"},"query-input":{"@type":"PropertyValueSpecification","valueRequired":true,"valueName":"search_term_string"}}],"inLanguage":"da-DK"},{"@type":"Organization","@id":"https:\/\/www.xn--bgerogting-0cb.dk\/#organization","name":"B\u00f8ger og Ting","url":"https:\/\/www.xn--bgerogting-0cb.dk\/","logo":{"@type":"ImageObject","inLanguage":"da-DK","@id":"https:\/\/www.xn--bgerogting-0cb.dk\/#\/schema\/logo\/image\/","url":"https:\/\/i0.wp.com\/www.xn--bgerogting-0cb.dk\/wp-content\/uploads\/2019\/10\/webicon.png?fit=205%2C205&ssl=1","contentUrl":"https:\/\/i0.wp.com\/www.xn--bgerogting-0cb.dk\/wp-content\/uploads\/2019\/10\/webicon.png?fit=205%2C205&ssl=1","width":205,"height":205,"caption":"B\u00f8ger og Ting"},"image":{"@id":"https:\/\/www.xn--bgerogting-0cb.dk\/#\/schema\/logo\/image\/"},"sameAs":["https:\/\/www.facebook.com\/boegerogting\/","https:\/\/www.instagram.com\/bogerogting\/"]}]},"product_price_amount":"350.00","product_price_currency":"DKK","og_availability":"out of stock","product_availability":"out of stock","product_retailer_item_id":"8874","product_condition":"new"},"jetpack_sharing_enabled":true,"_links":{"self":[{"href":"https:\/\/www.xn--bgerogting-0cb.dk\/index.php\/wp-json\/wp\/v2\/product\/13340","targetHints":{"allow":["GET"]}}],"collection":[{"href":"https:\/\/www.xn--bgerogting-0cb.dk\/index.php\/wp-json\/wp\/v2\/product"}],"about":[{"href":"https:\/\/www.xn--bgerogting-0cb.dk\/index.php\/wp-json\/wp\/v2\/types\/product"}],"wp:featuredmedia":[{"embeddable":true,"href":"https:\/\/www.xn--bgerogting-0cb.dk\/index.php\/wp-json\/wp\/v2\/media\/13341"}],"wp:attachment":[{"href":"https:\/\/www.xn--bgerogting-0cb.dk\/index.php\/wp-json\/wp\/v2\/media?parent=13340"}],"wp:term":[{"taxonomy":"product_brand","embeddable":true,"href":"https:\/\/www.xn--bgerogting-0cb.dk\/index.php\/wp-json\/wp\/v2\/product_brand?post=13340"},{"taxonomy":"product_cat","embeddable":true,"href":"https:\/\/www.xn--bgerogting-0cb.dk\/index.php\/wp-json\/wp\/v2\/product_cat?post=13340"},{"taxonomy":"product_tag","embeddable":true,"href":"https:\/\/www.xn--bgerogting-0cb.dk\/index.php\/wp-json\/wp\/v2\/product_tag?post=13340"}],"curies":[{"name":"wp","href":"https:\/\/api.w.org\/{rel}","templated":true}]}}