{"id":13260,"date":"2022-09-30T12:15:25","date_gmt":"2022-09-30T10:15:25","guid":{"rendered":"https:\/\/www.xn--bgerogting-0cb.dk\/?post_type=product&#038;p=13260"},"modified":"2024-12-18T15:24:56","modified_gmt":"2024-12-18T14:24:56","slug":"fra-morgen-til-aften-en-sommerdag-i-bronzealderen-af-peter-seeberg","status":"publish","type":"product","link":"https:\/\/www.xn--bgerogting-0cb.dk\/index.php\/vare\/fra-morgen-til-aften-en-sommerdag-i-bronzealderen-af-peter-seeberg\/","title":{"rendered":"Fra morgen til aften : En sommerdag i bronzealderen af Peter Seeberg"},"content":{"rendered":"<p>Fra morgen til aften : En sommerdag i bronzealderen af Peter Seeberg<br \/>\nGyldendal, 1997 &#8211; H\u00e6ftet hardback.<br \/>\nIllustreret af Ursula Seeberg.<br \/>\nBogen er i fin stand &#8211; ryggen er dog falmet.<\/p>\n<p>Anden bog i den historiske billedbogsserie &#8220;Fra morgen til aften&#8221; for mindre b\u00f8rn.<br \/>\nB\u00f8gerne er meget smukt og b\u00f8rnevenligt illustreret af Peter Seebergs datter, Ursula.<\/p>\n<p>Det er midsommer for 3000 \u00e5r siden. B\u00f8rnene V\u00e6n og Blink er v\u00e5gne og ligger og lytter efter lurerne. Endelig gjalder de, og gamle, unge og b\u00f8rn forlader sengene og g\u00e5r ud i sollyset for at lytte til dem &#8230;<\/p>\n","protected":false},"excerpt":{"rendered":"<p>Fra morgen til aften : En sommerdag i bronzealderen af Peter Seeberg<br \/>\nGyldendal, 1997 &#8211; H\u00e6ftet hardback.<br \/>\nIllustreret af Ursula Seeberg.<br \/>\nBogen er i fin stand &#8211; ryggen er dog falmet.<\/p>\n<p>Anden bog i den historiske billedbogsserie &#8220;Fra morgen til aften&#8221; for mindre b\u00f8rn.<br \/>\nB\u00f8gerne er meget smukt og b\u00f8rnevenligt illustreret af Peter Seebergs datter, Ursula.<\/p>\n<p>Det er midsommer for 3000 \u00e5r siden. B\u00f8rnene\u00a0 V\u00e6n og Blink er v\u00e5gne og ligger og lytter efter lurerne. Endelig gjalder de, og gamle, unge og b\u00f8rn forlader sengene og g\u00e5r ud i sollyset for at lytte til dem &#8230;<\/p>\n","protected":false},"featured_media":13268,"template":"","meta":[],"product_brand":[],"product_cat":[54,81,27,101,184,35],"product_tag":[1245,1241,1242],"class_list":{"0":"post-13260","1":"product","2":"type-product","3":"status-publish","4":"has-post-thumbnail","6":"product_cat-alle-tiders-boerneboeger-1990-1999","7":"product_cat-billedboeger","8":"product_cat-boeger","9":"product_cat-danske-illustratorer","10":"product_cat-historie","11":"product_cat-barneboger","12":"product_tag-bronzealderen","13":"product_tag-peter-seeberg","14":"product_tag-ursula-seeberg","16":"first","17":"instock","18":"shipping-taxable","19":"purchasable","20":"product-type-simple"},"yoast_head":"<!-- This site is optimized with the Yoast SEO Premium plugin v27.4 (Yoast SEO v27.5) - https:\/\/yoast.com\/product\/yoast-seo-premium-wordpress\/ -->\n<title>Fra morgen til aften : En sommerdag i bronzealderen af Peter Seeberg - B\u00f8ger og Ting<\/title>\n<meta name=\"description\" content=\"Fra morgen til aften : En sommerdag i bronzealderen af Peter Seeberg - Gyldendal, 1997 - H\u00e6ftet hardback - Illustreret af Ursula Seeberg - Fin stand.\" \/>\n<meta name=\"robots\" content=\"index, follow, max-snippet:-1, max-image-preview:large, max-video-preview:-1\" \/>\n<link rel=\"canonical\" href=\"https:\/\/www.xn--bgerogting-0cb.dk\/index.php\/vare\/fra-morgen-til-aften-en-sommerdag-i-bronzealderen-af-peter-seeberg\/\" \/>\n<meta property=\"og:locale\" content=\"da_DK\" \/>\n<meta property=\"og:type\" content=\"article\" \/>\n<meta property=\"og:title\" content=\"Fra morgen til aften : En sommerdag i bronzealderen af Peter Seeberg\" \/>\n<meta property=\"og:description\" content=\"Fra morgen til aften : En sommerdag i bronzealderen af Peter Seeberg - Gyldendal, 1997 - H\u00e6ftet hardback - Illustreret af Ursula Seeberg - Fin stand.\" \/>\n<meta property=\"og:url\" content=\"https:\/\/www.xn--bgerogting-0cb.dk\/index.php\/vare\/fra-morgen-til-aften-en-sommerdag-i-bronzealderen-af-peter-seeberg\/\" \/>\n<meta property=\"og:site_name\" content=\"B\u00f8ger og Ting\" \/>\n<meta property=\"article:publisher\" content=\"https:\/\/www.facebook.com\/boegerogting\/\" \/>\n<meta property=\"article:modified_time\" content=\"2024-12-18T14:24:56+00:00\" \/>\n<meta property=\"og:image\" content=\"https:\/\/www.xn--bgerogting-0cb.dk\/wp-content\/uploads\/2022\/09\/En-sommerdag-i-bronzealderen-af-Peter-Seeberg.jpg\" \/>\n\t<meta property=\"og:image:width\" content=\"1920\" \/>\n\t<meta property=\"og:image:height\" content=\"1920\" \/>\n\t<meta property=\"og:image:type\" content=\"image\/jpeg\" \/>\n<meta name=\"twitter:card\" content=\"summary_large_image\" \/>\n<meta name=\"twitter:label1\" content=\"Pris\" \/>\n\t<meta name=\"twitter:data1\" content=\"kr.&nbsp;75,00\" \/>\n\t<meta name=\"twitter:label2\" content=\"Tilg\u00e6ngelighed\" \/>\n\t<meta name=\"twitter:data2\" content=\"P\u00e5 lager\" \/>\n<script type=\"application\/ld+json\" class=\"yoast-schema-graph\">{\"@context\":\"https:\\\/\\\/schema.org\",\"@graph\":[{\"@type\":\"WebPage\",\"@id\":\"https:\\\/\\\/www.xn--bgerogting-0cb.dk\\\/index.php\\\/vare\\\/fra-morgen-til-aften-en-sommerdag-i-bronzealderen-af-peter-seeberg\\\/\",\"url\":\"https:\\\/\\\/www.xn--bgerogting-0cb.dk\\\/index.php\\\/vare\\\/fra-morgen-til-aften-en-sommerdag-i-bronzealderen-af-peter-seeberg\\\/\",\"name\":\"Fra morgen til aften : En sommerdag i bronzealderen af Peter Seeberg - B\u00f8ger og Ting\",\"isPartOf\":{\"@id\":\"https:\\\/\\\/www.xn--bgerogting-0cb.dk\\\/#website\"},\"primaryImageOfPage\":{\"@id\":\"https:\\\/\\\/www.xn--bgerogting-0cb.dk\\\/index.php\\\/vare\\\/fra-morgen-til-aften-en-sommerdag-i-bronzealderen-af-peter-seeberg\\\/#primaryimage\"},\"image\":{\"@id\":\"https:\\\/\\\/www.xn--bgerogting-0cb.dk\\\/index.php\\\/vare\\\/fra-morgen-til-aften-en-sommerdag-i-bronzealderen-af-peter-seeberg\\\/#primaryimage\"},\"thumbnailUrl\":\"https:\\\/\\\/i0.wp.com\\\/www.xn--bgerogting-0cb.dk\\\/wp-content\\\/uploads\\\/2022\\\/09\\\/En-sommerdag-i-bronzealderen-af-Peter-Seeberg.jpg?fit=1920%2C1920&ssl=1\",\"datePublished\":\"2022-09-30T10:15:25+00:00\",\"dateModified\":\"2024-12-18T14:24:56+00:00\",\"description\":\"Fra morgen til aften : En sommerdag i bronzealderen af Peter Seeberg - Gyldendal, 1997 - H\u00e6ftet hardback - Illustreret af Ursula Seeberg - Fin stand.\",\"breadcrumb\":{\"@id\":\"https:\\\/\\\/www.xn--bgerogting-0cb.dk\\\/index.php\\\/vare\\\/fra-morgen-til-aften-en-sommerdag-i-bronzealderen-af-peter-seeberg\\\/#breadcrumb\"},\"inLanguage\":\"da-DK\",\"potentialAction\":[{\"@type\":\"ReadAction\",\"target\":[\"https:\\\/\\\/www.xn--bgerogting-0cb.dk\\\/index.php\\\/vare\\\/fra-morgen-til-aften-en-sommerdag-i-bronzealderen-af-peter-seeberg\\\/\"]}]},{\"@type\":\"ImageObject\",\"inLanguage\":\"da-DK\",\"@id\":\"https:\\\/\\\/www.xn--bgerogting-0cb.dk\\\/index.php\\\/vare\\\/fra-morgen-til-aften-en-sommerdag-i-bronzealderen-af-peter-seeberg\\\/#primaryimage\",\"url\":\"https:\\\/\\\/i0.wp.com\\\/www.xn--bgerogting-0cb.dk\\\/wp-content\\\/uploads\\\/2022\\\/09\\\/En-sommerdag-i-bronzealderen-af-Peter-Seeberg.jpg?fit=1920%2C1920&ssl=1\",\"contentUrl\":\"https:\\\/\\\/i0.wp.com\\\/www.xn--bgerogting-0cb.dk\\\/wp-content\\\/uploads\\\/2022\\\/09\\\/En-sommerdag-i-bronzealderen-af-Peter-Seeberg.jpg?fit=1920%2C1920&ssl=1\",\"width\":1920,\"height\":1920,\"caption\":\"En sommerdag i bronzealderen af Peter Seeberg\"},{\"@type\":\"BreadcrumbList\",\"@id\":\"https:\\\/\\\/www.xn--bgerogting-0cb.dk\\\/index.php\\\/vare\\\/fra-morgen-til-aften-en-sommerdag-i-bronzealderen-af-peter-seeberg\\\/#breadcrumb\",\"itemListElement\":[{\"@type\":\"ListItem\",\"position\":1,\"name\":\"Home\",\"item\":\"https:\\\/\\\/www.xn--bgerogting-0cb.dk\\\/\"},{\"@type\":\"ListItem\",\"position\":2,\"name\":\"Butik\",\"item\":\"https:\\\/\\\/www.xn--bgerogting-0cb.dk\\\/index.php\\\/shop\\\/\"},{\"@type\":\"ListItem\",\"position\":3,\"name\":\"Fra morgen til aften : En sommerdag i bronzealderen af Peter Seeberg\"}]},{\"@type\":\"WebSite\",\"@id\":\"https:\\\/\\\/www.xn--bgerogting-0cb.dk\\\/#website\",\"url\":\"https:\\\/\\\/www.xn--bgerogting-0cb.dk\\\/\",\"name\":\"B\u00f8ger og Ting\",\"description\":\"Antikvarisk, retro, vintage og antik\",\"publisher\":{\"@id\":\"https:\\\/\\\/www.xn--bgerogting-0cb.dk\\\/#organization\"},\"potentialAction\":[{\"@type\":\"SearchAction\",\"target\":{\"@type\":\"EntryPoint\",\"urlTemplate\":\"https:\\\/\\\/www.xn--bgerogting-0cb.dk\\\/?s={search_term_string}\"},\"query-input\":{\"@type\":\"PropertyValueSpecification\",\"valueRequired\":true,\"valueName\":\"search_term_string\"}}],\"inLanguage\":\"da-DK\"},{\"@type\":\"Organization\",\"@id\":\"https:\\\/\\\/www.xn--bgerogting-0cb.dk\\\/#organization\",\"name\":\"B\u00f8ger og Ting\",\"url\":\"https:\\\/\\\/www.xn--bgerogting-0cb.dk\\\/\",\"logo\":{\"@type\":\"ImageObject\",\"inLanguage\":\"da-DK\",\"@id\":\"https:\\\/\\\/www.xn--bgerogting-0cb.dk\\\/#\\\/schema\\\/logo\\\/image\\\/\",\"url\":\"https:\\\/\\\/i0.wp.com\\\/www.xn--bgerogting-0cb.dk\\\/wp-content\\\/uploads\\\/2019\\\/10\\\/webicon.png?fit=205%2C205&ssl=1\",\"contentUrl\":\"https:\\\/\\\/i0.wp.com\\\/www.xn--bgerogting-0cb.dk\\\/wp-content\\\/uploads\\\/2019\\\/10\\\/webicon.png?fit=205%2C205&ssl=1\",\"width\":205,\"height\":205,\"caption\":\"B\u00f8ger og Ting\"},\"image\":{\"@id\":\"https:\\\/\\\/www.xn--bgerogting-0cb.dk\\\/#\\\/schema\\\/logo\\\/image\\\/\"},\"sameAs\":[\"https:\\\/\\\/www.facebook.com\\\/boegerogting\\\/\",\"https:\\\/\\\/www.instagram.com\\\/bogerogting\\\/\"]}]}<\/script>\n<meta property=\"product:price:amount\" content=\"75.00\" \/>\n<meta property=\"product:price:currency\" content=\"DKK\" \/>\n<meta property=\"og:availability\" content=\"instock\" \/>\n<meta property=\"product:availability\" content=\"instock\" \/>\n<meta property=\"product:retailer_item_id\" content=\"10511\" \/>\n<meta property=\"product:condition\" content=\"new\" \/>\n<!-- \/ Yoast SEO Premium plugin. -->","yoast_head_json":{"title":"Fra morgen til aften : En sommerdag i bronzealderen af Peter Seeberg - B\u00f8ger og Ting","description":"Fra morgen til aften : En sommerdag i bronzealderen af Peter Seeberg - Gyldendal, 1997 - H\u00e6ftet hardback - Illustreret af Ursula Seeberg - Fin stand.","robots":{"index":"index","follow":"follow","max-snippet":"max-snippet:-1","max-image-preview":"max-image-preview:large","max-video-preview":"max-video-preview:-1"},"canonical":"https:\/\/www.xn--bgerogting-0cb.dk\/index.php\/vare\/fra-morgen-til-aften-en-sommerdag-i-bronzealderen-af-peter-seeberg\/","og_locale":"da_DK","og_type":"article","og_title":"Fra morgen til aften : En sommerdag i bronzealderen af Peter Seeberg","og_description":"Fra morgen til aften : En sommerdag i bronzealderen af Peter Seeberg - Gyldendal, 1997 - H\u00e6ftet hardback - Illustreret af Ursula Seeberg - Fin stand.","og_url":"https:\/\/www.xn--bgerogting-0cb.dk\/index.php\/vare\/fra-morgen-til-aften-en-sommerdag-i-bronzealderen-af-peter-seeberg\/","og_site_name":"B\u00f8ger og Ting","article_publisher":"https:\/\/www.facebook.com\/boegerogting\/","article_modified_time":"2024-12-18T14:24:56+00:00","og_image":[{"width":1920,"height":1920,"url":"https:\/\/www.xn--bgerogting-0cb.dk\/wp-content\/uploads\/2022\/09\/En-sommerdag-i-bronzealderen-af-Peter-Seeberg.jpg","type":"image\/jpeg"}],"twitter_card":"summary_large_image","twitter_misc":{"Pris":"kr.&nbsp;75,00","Tilg\u00e6ngelighed":"P\u00e5 lager"},"schema":{"@context":"https:\/\/schema.org","@graph":[{"@type":"WebPage","@id":"https:\/\/www.xn--bgerogting-0cb.dk\/index.php\/vare\/fra-morgen-til-aften-en-sommerdag-i-bronzealderen-af-peter-seeberg\/","url":"https:\/\/www.xn--bgerogting-0cb.dk\/index.php\/vare\/fra-morgen-til-aften-en-sommerdag-i-bronzealderen-af-peter-seeberg\/","name":"Fra morgen til aften : En sommerdag i bronzealderen af Peter Seeberg - B\u00f8ger og Ting","isPartOf":{"@id":"https:\/\/www.xn--bgerogting-0cb.dk\/#website"},"primaryImageOfPage":{"@id":"https:\/\/www.xn--bgerogting-0cb.dk\/index.php\/vare\/fra-morgen-til-aften-en-sommerdag-i-bronzealderen-af-peter-seeberg\/#primaryimage"},"image":{"@id":"https:\/\/www.xn--bgerogting-0cb.dk\/index.php\/vare\/fra-morgen-til-aften-en-sommerdag-i-bronzealderen-af-peter-seeberg\/#primaryimage"},"thumbnailUrl":"https:\/\/i0.wp.com\/www.xn--bgerogting-0cb.dk\/wp-content\/uploads\/2022\/09\/En-sommerdag-i-bronzealderen-af-Peter-Seeberg.jpg?fit=1920%2C1920&ssl=1","datePublished":"2022-09-30T10:15:25+00:00","dateModified":"2024-12-18T14:24:56+00:00","description":"Fra morgen til aften : En sommerdag i bronzealderen af Peter Seeberg - Gyldendal, 1997 - H\u00e6ftet hardback - Illustreret af Ursula Seeberg - Fin stand.","breadcrumb":{"@id":"https:\/\/www.xn--bgerogting-0cb.dk\/index.php\/vare\/fra-morgen-til-aften-en-sommerdag-i-bronzealderen-af-peter-seeberg\/#breadcrumb"},"inLanguage":"da-DK","potentialAction":[{"@type":"ReadAction","target":["https:\/\/www.xn--bgerogting-0cb.dk\/index.php\/vare\/fra-morgen-til-aften-en-sommerdag-i-bronzealderen-af-peter-seeberg\/"]}]},{"@type":"ImageObject","inLanguage":"da-DK","@id":"https:\/\/www.xn--bgerogting-0cb.dk\/index.php\/vare\/fra-morgen-til-aften-en-sommerdag-i-bronzealderen-af-peter-seeberg\/#primaryimage","url":"https:\/\/i0.wp.com\/www.xn--bgerogting-0cb.dk\/wp-content\/uploads\/2022\/09\/En-sommerdag-i-bronzealderen-af-Peter-Seeberg.jpg?fit=1920%2C1920&ssl=1","contentUrl":"https:\/\/i0.wp.com\/www.xn--bgerogting-0cb.dk\/wp-content\/uploads\/2022\/09\/En-sommerdag-i-bronzealderen-af-Peter-Seeberg.jpg?fit=1920%2C1920&ssl=1","width":1920,"height":1920,"caption":"En sommerdag i bronzealderen af Peter Seeberg"},{"@type":"BreadcrumbList","@id":"https:\/\/www.xn--bgerogting-0cb.dk\/index.php\/vare\/fra-morgen-til-aften-en-sommerdag-i-bronzealderen-af-peter-seeberg\/#breadcrumb","itemListElement":[{"@type":"ListItem","position":1,"name":"Home","item":"https:\/\/www.xn--bgerogting-0cb.dk\/"},{"@type":"ListItem","position":2,"name":"Butik","item":"https:\/\/www.xn--bgerogting-0cb.dk\/index.php\/shop\/"},{"@type":"ListItem","position":3,"name":"Fra morgen til aften : En sommerdag i bronzealderen af Peter Seeberg"}]},{"@type":"WebSite","@id":"https:\/\/www.xn--bgerogting-0cb.dk\/#website","url":"https:\/\/www.xn--bgerogting-0cb.dk\/","name":"B\u00f8ger og Ting","description":"Antikvarisk, retro, vintage og antik","publisher":{"@id":"https:\/\/www.xn--bgerogting-0cb.dk\/#organization"},"potentialAction":[{"@type":"SearchAction","target":{"@type":"EntryPoint","urlTemplate":"https:\/\/www.xn--bgerogting-0cb.dk\/?s={search_term_string}"},"query-input":{"@type":"PropertyValueSpecification","valueRequired":true,"valueName":"search_term_string"}}],"inLanguage":"da-DK"},{"@type":"Organization","@id":"https:\/\/www.xn--bgerogting-0cb.dk\/#organization","name":"B\u00f8ger og Ting","url":"https:\/\/www.xn--bgerogting-0cb.dk\/","logo":{"@type":"ImageObject","inLanguage":"da-DK","@id":"https:\/\/www.xn--bgerogting-0cb.dk\/#\/schema\/logo\/image\/","url":"https:\/\/i0.wp.com\/www.xn--bgerogting-0cb.dk\/wp-content\/uploads\/2019\/10\/webicon.png?fit=205%2C205&ssl=1","contentUrl":"https:\/\/i0.wp.com\/www.xn--bgerogting-0cb.dk\/wp-content\/uploads\/2019\/10\/webicon.png?fit=205%2C205&ssl=1","width":205,"height":205,"caption":"B\u00f8ger og Ting"},"image":{"@id":"https:\/\/www.xn--bgerogting-0cb.dk\/#\/schema\/logo\/image\/"},"sameAs":["https:\/\/www.facebook.com\/boegerogting\/","https:\/\/www.instagram.com\/bogerogting\/"]}]},"product_price_amount":"75.00","product_price_currency":"DKK","og_availability":"instock","product_availability":"instock","product_retailer_item_id":"10511","product_condition":"new"},"jetpack_sharing_enabled":true,"_links":{"self":[{"href":"https:\/\/www.xn--bgerogting-0cb.dk\/index.php\/wp-json\/wp\/v2\/product\/13260","targetHints":{"allow":["GET"]}}],"collection":[{"href":"https:\/\/www.xn--bgerogting-0cb.dk\/index.php\/wp-json\/wp\/v2\/product"}],"about":[{"href":"https:\/\/www.xn--bgerogting-0cb.dk\/index.php\/wp-json\/wp\/v2\/types\/product"}],"wp:featuredmedia":[{"embeddable":true,"href":"https:\/\/www.xn--bgerogting-0cb.dk\/index.php\/wp-json\/wp\/v2\/media\/13268"}],"wp:attachment":[{"href":"https:\/\/www.xn--bgerogting-0cb.dk\/index.php\/wp-json\/wp\/v2\/media?parent=13260"}],"wp:term":[{"taxonomy":"product_brand","embeddable":true,"href":"https:\/\/www.xn--bgerogting-0cb.dk\/index.php\/wp-json\/wp\/v2\/product_brand?post=13260"},{"taxonomy":"product_cat","embeddable":true,"href":"https:\/\/www.xn--bgerogting-0cb.dk\/index.php\/wp-json\/wp\/v2\/product_cat?post=13260"},{"taxonomy":"product_tag","embeddable":true,"href":"https:\/\/www.xn--bgerogting-0cb.dk\/index.php\/wp-json\/wp\/v2\/product_tag?post=13260"}],"curies":[{"name":"wp","href":"https:\/\/api.w.org\/{rel}","templated":true}]}}