{"id":13013,"date":"2026-01-26T12:47:42","date_gmt":"2026-01-26T11:47:42","guid":{"rendered":"https:\/\/www.xn--bgerogting-0cb.dk\/?post_type=product&#038;p=13013"},"modified":"2026-01-27T12:26:59","modified_gmt":"2026-01-27T11:26:59","slug":"kaempekaninen-af-bill-peet","status":"publish","type":"product","link":"https:\/\/www.xn--bgerogting-0cb.dk\/index.php\/vare\/kaempekaninen-af-bill-peet\/","title":{"rendered":"K\u00e6mpekaninen af Bill Peet"},"content":{"rendered":"<p>K\u00e6mpekaninen af Bill Peet.<br \/>\nB\u00f8rnenes nye Bogklub, 1984 &#8211; H\u00e6ftet hardback.<br \/>\nIllustreret af forfatteren &#8211; Amerikansk originaltitel: Huge Harold, 1961.<br \/>\nBogen er generelt i fin stand, dog med lidt ridser p\u00e5 bindet og &#8220;nus&#8221; p\u00e5 indersiden af bindet bagerst i bogen.<\/p>\n<p>Stakkels Kalle er ikke som sine br\u00f8dre og s\u00f8stre. Han er f\u00f8dt med k\u00e6mpestore f\u00f8dder, og hans for\u00e6ldre er bekymrede for, at det vil betyde, at han bliver meget stor.<br \/>\nOg de f\u00e5r ret &#8211; han bliver K\u00c6MPESTOR, og han passer ikke nogen steder, men bliver jaget v\u00e6k og jagtet af j\u00e6gere.<br \/>\nTil sidst kommer han heldigvis til at bo hos en flink bondemand. Han bor i stalden sammen med bondens v\u00e6ddel\u00f8bsheste og kommer selv til at vinde mange v\u00e6ddel\u00f8b!<\/p>\n<p>&nbsp;<\/p>\n","protected":false},"excerpt":{"rendered":"<p>K\u00e6mpekaninen af Bill Peet.<br \/>\nB\u00f8rnenes nye Bogklub, 1984 &#8211; H\u00e6ftet hardback.<br \/>\nIllustreret af forfatteren &#8211; Amerikansk originaltitel: Huge Harold, 1961.<br \/>\nBogen er generelt i fin stand, dog med lidt ridser p\u00e5 bindet og &#8220;nus&#8221; p\u00e5 indersiden af bindet bagerst i bogen. Ejernavn p\u00e5 f\u00f8rste side.<\/p>\n<p>Stakkels Kalle er ikke som sine br\u00f8dre og s\u00f8stre. Han er f\u00f8dt med k\u00e6mpestore f\u00f8dder, og hans for\u00e6ldre er bekymrede for, at det vil betyde, at han bliver meget stor.<br \/>\nOg de f\u00e5r ret &#8211; han bliver K\u00c6MPESTOR, og han passer ikke nogen steder, men bliver jaget v\u00e6k og jagtet af j\u00e6gere.<br \/>\nTil sidst kommer han heldigvis til at bo hos en flink bondemand. Han bor i stalden sammen med bondens v\u00e6ddel\u00f8bsheste og kommer selv til at vinde mange v\u00e6ddel\u00f8b!<\/p>\n","protected":false},"featured_media":13017,"template":"","meta":[],"product_brand":[],"product_cat":[85,27,917,35],"product_tag":[219,107,294],"class_list":{"0":"post-13013","1":"product","2":"type-product","3":"status-publish","4":"has-post-thumbnail","6":"product_cat-alle-tiders-boerneboeger-1980-1989","7":"product_cat-boeger","8":"product_cat-boernenes-nye-bogklub","9":"product_cat-barneboger","10":"product_tag-amerikansk","11":"product_tag-bill-peet","12":"product_tag-kaniner","14":"first","15":"instock","16":"shipping-taxable","17":"purchasable","18":"product-type-simple"},"yoast_head":"<!-- This site is optimized with the Yoast SEO Premium plugin v27.4 (Yoast SEO v27.5) - https:\/\/yoast.com\/product\/yoast-seo-premium-wordpress\/ -->\n<title>K\u00e6mpekaninen af Bill Peet - B\u00f8ger og Ting<\/title>\n<meta name=\"description\" content=\"K\u00e6mpekaninen af Bill Peet - B\u00f8rnenes nye Bogklub, 1984 - H\u00e6ftet hardback - Bogen er i god stand.\" \/>\n<meta name=\"robots\" content=\"index, follow, max-snippet:-1, max-image-preview:large, max-video-preview:-1\" \/>\n<link rel=\"canonical\" href=\"https:\/\/www.xn--bgerogting-0cb.dk\/index.php\/vare\/kaempekaninen-af-bill-peet\/\" \/>\n<meta property=\"og:locale\" content=\"da_DK\" \/>\n<meta property=\"og:type\" content=\"article\" \/>\n<meta property=\"og:title\" content=\"K\u00e6mpekaninen af Bill Peet\" \/>\n<meta property=\"og:description\" content=\"K\u00e6mpekaninen af Bill Peet - B\u00f8rnenes nye Bogklub, 1984 - H\u00e6ftet hardback - Bogen er i god stand.\" \/>\n<meta property=\"og:url\" content=\"https:\/\/www.xn--bgerogting-0cb.dk\/index.php\/vare\/kaempekaninen-af-bill-peet\/\" \/>\n<meta property=\"og:site_name\" content=\"B\u00f8ger og Ting\" \/>\n<meta property=\"article:publisher\" content=\"https:\/\/www.facebook.com\/boegerogting\/\" \/>\n<meta property=\"article:modified_time\" content=\"2026-01-27T11:26:59+00:00\" \/>\n<meta property=\"og:image\" content=\"https:\/\/www.xn--bgerogting-0cb.dk\/wp-content\/uploads\/2022\/08\/Kaempekaninen-af-Bill-Peet.jpg\" \/>\n\t<meta property=\"og:image:width\" content=\"1920\" \/>\n\t<meta property=\"og:image:height\" content=\"1920\" \/>\n\t<meta property=\"og:image:type\" content=\"image\/jpeg\" \/>\n<meta name=\"twitter:card\" content=\"summary_large_image\" \/>\n<meta name=\"twitter:label1\" content=\"Pris\" \/>\n\t<meta name=\"twitter:data1\" content=\"kr.&nbsp;90,00\" \/>\n\t<meta name=\"twitter:label2\" content=\"Tilg\u00e6ngelighed\" \/>\n\t<meta name=\"twitter:data2\" content=\"P\u00e5 lager\" \/>\n<script type=\"application\/ld+json\" class=\"yoast-schema-graph\">{\"@context\":\"https:\\\/\\\/schema.org\",\"@graph\":[{\"@type\":\"WebPage\",\"@id\":\"https:\\\/\\\/www.xn--bgerogting-0cb.dk\\\/index.php\\\/vare\\\/kaempekaninen-af-bill-peet\\\/\",\"url\":\"https:\\\/\\\/www.xn--bgerogting-0cb.dk\\\/index.php\\\/vare\\\/kaempekaninen-af-bill-peet\\\/\",\"name\":\"K\u00e6mpekaninen af Bill Peet - B\u00f8ger og Ting\",\"isPartOf\":{\"@id\":\"https:\\\/\\\/www.xn--bgerogting-0cb.dk\\\/#website\"},\"primaryImageOfPage\":{\"@id\":\"https:\\\/\\\/www.xn--bgerogting-0cb.dk\\\/index.php\\\/vare\\\/kaempekaninen-af-bill-peet\\\/#primaryimage\"},\"image\":{\"@id\":\"https:\\\/\\\/www.xn--bgerogting-0cb.dk\\\/index.php\\\/vare\\\/kaempekaninen-af-bill-peet\\\/#primaryimage\"},\"thumbnailUrl\":\"https:\\\/\\\/i0.wp.com\\\/www.xn--bgerogting-0cb.dk\\\/wp-content\\\/uploads\\\/2022\\\/08\\\/Kaempekaninen-af-Bill-Peet.jpg?fit=1920%2C1920&ssl=1\",\"datePublished\":\"2026-01-26T11:47:42+00:00\",\"dateModified\":\"2026-01-27T11:26:59+00:00\",\"description\":\"K\u00e6mpekaninen af Bill Peet - B\u00f8rnenes nye Bogklub, 1984 - H\u00e6ftet hardback - Bogen er i god stand.\",\"breadcrumb\":{\"@id\":\"https:\\\/\\\/www.xn--bgerogting-0cb.dk\\\/index.php\\\/vare\\\/kaempekaninen-af-bill-peet\\\/#breadcrumb\"},\"inLanguage\":\"da-DK\",\"potentialAction\":[{\"@type\":\"ReadAction\",\"target\":[\"https:\\\/\\\/www.xn--bgerogting-0cb.dk\\\/index.php\\\/vare\\\/kaempekaninen-af-bill-peet\\\/\"]}]},{\"@type\":\"ImageObject\",\"inLanguage\":\"da-DK\",\"@id\":\"https:\\\/\\\/www.xn--bgerogting-0cb.dk\\\/index.php\\\/vare\\\/kaempekaninen-af-bill-peet\\\/#primaryimage\",\"url\":\"https:\\\/\\\/i0.wp.com\\\/www.xn--bgerogting-0cb.dk\\\/wp-content\\\/uploads\\\/2022\\\/08\\\/Kaempekaninen-af-Bill-Peet.jpg?fit=1920%2C1920&ssl=1\",\"contentUrl\":\"https:\\\/\\\/i0.wp.com\\\/www.xn--bgerogting-0cb.dk\\\/wp-content\\\/uploads\\\/2022\\\/08\\\/Kaempekaninen-af-Bill-Peet.jpg?fit=1920%2C1920&ssl=1\",\"width\":1920,\"height\":1920,\"caption\":\"K\u00e6mpekaninen af Bill Peet\"},{\"@type\":\"BreadcrumbList\",\"@id\":\"https:\\\/\\\/www.xn--bgerogting-0cb.dk\\\/index.php\\\/vare\\\/kaempekaninen-af-bill-peet\\\/#breadcrumb\",\"itemListElement\":[{\"@type\":\"ListItem\",\"position\":1,\"name\":\"Home\",\"item\":\"https:\\\/\\\/www.xn--bgerogting-0cb.dk\\\/\"},{\"@type\":\"ListItem\",\"position\":2,\"name\":\"Butik\",\"item\":\"https:\\\/\\\/www.xn--bgerogting-0cb.dk\\\/index.php\\\/shop\\\/\"},{\"@type\":\"ListItem\",\"position\":3,\"name\":\"K\u00e6mpekaninen af Bill Peet\"}]},{\"@type\":\"WebSite\",\"@id\":\"https:\\\/\\\/www.xn--bgerogting-0cb.dk\\\/#website\",\"url\":\"https:\\\/\\\/www.xn--bgerogting-0cb.dk\\\/\",\"name\":\"B\u00f8ger og Ting\",\"description\":\"Antikvarisk, retro, vintage og antik\",\"publisher\":{\"@id\":\"https:\\\/\\\/www.xn--bgerogting-0cb.dk\\\/#organization\"},\"potentialAction\":[{\"@type\":\"SearchAction\",\"target\":{\"@type\":\"EntryPoint\",\"urlTemplate\":\"https:\\\/\\\/www.xn--bgerogting-0cb.dk\\\/?s={search_term_string}\"},\"query-input\":{\"@type\":\"PropertyValueSpecification\",\"valueRequired\":true,\"valueName\":\"search_term_string\"}}],\"inLanguage\":\"da-DK\"},{\"@type\":\"Organization\",\"@id\":\"https:\\\/\\\/www.xn--bgerogting-0cb.dk\\\/#organization\",\"name\":\"B\u00f8ger og Ting\",\"url\":\"https:\\\/\\\/www.xn--bgerogting-0cb.dk\\\/\",\"logo\":{\"@type\":\"ImageObject\",\"inLanguage\":\"da-DK\",\"@id\":\"https:\\\/\\\/www.xn--bgerogting-0cb.dk\\\/#\\\/schema\\\/logo\\\/image\\\/\",\"url\":\"https:\\\/\\\/i0.wp.com\\\/www.xn--bgerogting-0cb.dk\\\/wp-content\\\/uploads\\\/2019\\\/10\\\/webicon.png?fit=205%2C205&ssl=1\",\"contentUrl\":\"https:\\\/\\\/i0.wp.com\\\/www.xn--bgerogting-0cb.dk\\\/wp-content\\\/uploads\\\/2019\\\/10\\\/webicon.png?fit=205%2C205&ssl=1\",\"width\":205,\"height\":205,\"caption\":\"B\u00f8ger og Ting\"},\"image\":{\"@id\":\"https:\\\/\\\/www.xn--bgerogting-0cb.dk\\\/#\\\/schema\\\/logo\\\/image\\\/\"},\"sameAs\":[\"https:\\\/\\\/www.facebook.com\\\/boegerogting\\\/\",\"https:\\\/\\\/www.instagram.com\\\/bogerogting\\\/\"]}]}<\/script>\n<meta property=\"product:price:amount\" content=\"90.00\" \/>\n<meta property=\"product:price:currency\" content=\"DKK\" \/>\n<meta property=\"og:availability\" content=\"instock\" \/>\n<meta property=\"product:availability\" content=\"instock\" \/>\n<meta property=\"product:retailer_item_id\" content=\"10464\" \/>\n<meta property=\"product:condition\" content=\"new\" \/>\n<!-- \/ Yoast SEO Premium plugin. -->","yoast_head_json":{"title":"K\u00e6mpekaninen af Bill Peet - B\u00f8ger og Ting","description":"K\u00e6mpekaninen af Bill Peet - B\u00f8rnenes nye Bogklub, 1984 - H\u00e6ftet hardback - Bogen er i god stand.","robots":{"index":"index","follow":"follow","max-snippet":"max-snippet:-1","max-image-preview":"max-image-preview:large","max-video-preview":"max-video-preview:-1"},"canonical":"https:\/\/www.xn--bgerogting-0cb.dk\/index.php\/vare\/kaempekaninen-af-bill-peet\/","og_locale":"da_DK","og_type":"article","og_title":"K\u00e6mpekaninen af Bill Peet","og_description":"K\u00e6mpekaninen af Bill Peet - B\u00f8rnenes nye Bogklub, 1984 - H\u00e6ftet hardback - Bogen er i god stand.","og_url":"https:\/\/www.xn--bgerogting-0cb.dk\/index.php\/vare\/kaempekaninen-af-bill-peet\/","og_site_name":"B\u00f8ger og Ting","article_publisher":"https:\/\/www.facebook.com\/boegerogting\/","article_modified_time":"2026-01-27T11:26:59+00:00","og_image":[{"width":1920,"height":1920,"url":"https:\/\/www.xn--bgerogting-0cb.dk\/wp-content\/uploads\/2022\/08\/Kaempekaninen-af-Bill-Peet.jpg","type":"image\/jpeg"}],"twitter_card":"summary_large_image","twitter_misc":{"Pris":"kr.&nbsp;90,00","Tilg\u00e6ngelighed":"P\u00e5 lager"},"schema":{"@context":"https:\/\/schema.org","@graph":[{"@type":"WebPage","@id":"https:\/\/www.xn--bgerogting-0cb.dk\/index.php\/vare\/kaempekaninen-af-bill-peet\/","url":"https:\/\/www.xn--bgerogting-0cb.dk\/index.php\/vare\/kaempekaninen-af-bill-peet\/","name":"K\u00e6mpekaninen af Bill Peet - B\u00f8ger og Ting","isPartOf":{"@id":"https:\/\/www.xn--bgerogting-0cb.dk\/#website"},"primaryImageOfPage":{"@id":"https:\/\/www.xn--bgerogting-0cb.dk\/index.php\/vare\/kaempekaninen-af-bill-peet\/#primaryimage"},"image":{"@id":"https:\/\/www.xn--bgerogting-0cb.dk\/index.php\/vare\/kaempekaninen-af-bill-peet\/#primaryimage"},"thumbnailUrl":"https:\/\/i0.wp.com\/www.xn--bgerogting-0cb.dk\/wp-content\/uploads\/2022\/08\/Kaempekaninen-af-Bill-Peet.jpg?fit=1920%2C1920&ssl=1","datePublished":"2026-01-26T11:47:42+00:00","dateModified":"2026-01-27T11:26:59+00:00","description":"K\u00e6mpekaninen af Bill Peet - B\u00f8rnenes nye Bogklub, 1984 - H\u00e6ftet hardback - Bogen er i god stand.","breadcrumb":{"@id":"https:\/\/www.xn--bgerogting-0cb.dk\/index.php\/vare\/kaempekaninen-af-bill-peet\/#breadcrumb"},"inLanguage":"da-DK","potentialAction":[{"@type":"ReadAction","target":["https:\/\/www.xn--bgerogting-0cb.dk\/index.php\/vare\/kaempekaninen-af-bill-peet\/"]}]},{"@type":"ImageObject","inLanguage":"da-DK","@id":"https:\/\/www.xn--bgerogting-0cb.dk\/index.php\/vare\/kaempekaninen-af-bill-peet\/#primaryimage","url":"https:\/\/i0.wp.com\/www.xn--bgerogting-0cb.dk\/wp-content\/uploads\/2022\/08\/Kaempekaninen-af-Bill-Peet.jpg?fit=1920%2C1920&ssl=1","contentUrl":"https:\/\/i0.wp.com\/www.xn--bgerogting-0cb.dk\/wp-content\/uploads\/2022\/08\/Kaempekaninen-af-Bill-Peet.jpg?fit=1920%2C1920&ssl=1","width":1920,"height":1920,"caption":"K\u00e6mpekaninen af Bill Peet"},{"@type":"BreadcrumbList","@id":"https:\/\/www.xn--bgerogting-0cb.dk\/index.php\/vare\/kaempekaninen-af-bill-peet\/#breadcrumb","itemListElement":[{"@type":"ListItem","position":1,"name":"Home","item":"https:\/\/www.xn--bgerogting-0cb.dk\/"},{"@type":"ListItem","position":2,"name":"Butik","item":"https:\/\/www.xn--bgerogting-0cb.dk\/index.php\/shop\/"},{"@type":"ListItem","position":3,"name":"K\u00e6mpekaninen af Bill Peet"}]},{"@type":"WebSite","@id":"https:\/\/www.xn--bgerogting-0cb.dk\/#website","url":"https:\/\/www.xn--bgerogting-0cb.dk\/","name":"B\u00f8ger og Ting","description":"Antikvarisk, retro, vintage og antik","publisher":{"@id":"https:\/\/www.xn--bgerogting-0cb.dk\/#organization"},"potentialAction":[{"@type":"SearchAction","target":{"@type":"EntryPoint","urlTemplate":"https:\/\/www.xn--bgerogting-0cb.dk\/?s={search_term_string}"},"query-input":{"@type":"PropertyValueSpecification","valueRequired":true,"valueName":"search_term_string"}}],"inLanguage":"da-DK"},{"@type":"Organization","@id":"https:\/\/www.xn--bgerogting-0cb.dk\/#organization","name":"B\u00f8ger og Ting","url":"https:\/\/www.xn--bgerogting-0cb.dk\/","logo":{"@type":"ImageObject","inLanguage":"da-DK","@id":"https:\/\/www.xn--bgerogting-0cb.dk\/#\/schema\/logo\/image\/","url":"https:\/\/i0.wp.com\/www.xn--bgerogting-0cb.dk\/wp-content\/uploads\/2019\/10\/webicon.png?fit=205%2C205&ssl=1","contentUrl":"https:\/\/i0.wp.com\/www.xn--bgerogting-0cb.dk\/wp-content\/uploads\/2019\/10\/webicon.png?fit=205%2C205&ssl=1","width":205,"height":205,"caption":"B\u00f8ger og Ting"},"image":{"@id":"https:\/\/www.xn--bgerogting-0cb.dk\/#\/schema\/logo\/image\/"},"sameAs":["https:\/\/www.facebook.com\/boegerogting\/","https:\/\/www.instagram.com\/bogerogting\/"]}]},"product_price_amount":"90.00","product_price_currency":"DKK","og_availability":"instock","product_availability":"instock","product_retailer_item_id":"10464","product_condition":"new"},"jetpack_sharing_enabled":true,"_links":{"self":[{"href":"https:\/\/www.xn--bgerogting-0cb.dk\/index.php\/wp-json\/wp\/v2\/product\/13013","targetHints":{"allow":["GET"]}}],"collection":[{"href":"https:\/\/www.xn--bgerogting-0cb.dk\/index.php\/wp-json\/wp\/v2\/product"}],"about":[{"href":"https:\/\/www.xn--bgerogting-0cb.dk\/index.php\/wp-json\/wp\/v2\/types\/product"}],"wp:featuredmedia":[{"embeddable":true,"href":"https:\/\/www.xn--bgerogting-0cb.dk\/index.php\/wp-json\/wp\/v2\/media\/13017"}],"wp:attachment":[{"href":"https:\/\/www.xn--bgerogting-0cb.dk\/index.php\/wp-json\/wp\/v2\/media?parent=13013"}],"wp:term":[{"taxonomy":"product_brand","embeddable":true,"href":"https:\/\/www.xn--bgerogting-0cb.dk\/index.php\/wp-json\/wp\/v2\/product_brand?post=13013"},{"taxonomy":"product_cat","embeddable":true,"href":"https:\/\/www.xn--bgerogting-0cb.dk\/index.php\/wp-json\/wp\/v2\/product_cat?post=13013"},{"taxonomy":"product_tag","embeddable":true,"href":"https:\/\/www.xn--bgerogting-0cb.dk\/index.php\/wp-json\/wp\/v2\/product_tag?post=13013"}],"curies":[{"name":"wp","href":"https:\/\/api.w.org\/{rel}","templated":true}]}}