{"id":12890,"date":"2022-06-17T14:43:30","date_gmt":"2022-06-17T12:43:30","guid":{"rendered":"https:\/\/www.xn--bgerogting-0cb.dk\/?post_type=product&#038;p=12890"},"modified":"2025-12-11T16:03:23","modified_gmt":"2025-12-11T15:03:23","slug":"a-little-book-of-rhymes-new-and-old-by-cicely-mary-barker","status":"publish","type":"product","link":"https:\/\/www.xn--bgerogting-0cb.dk\/index.php\/vare\/a-little-book-of-rhymes-new-and-old-by-cicely-mary-barker\/","title":{"rendered":"A Little Book of Rhymes New and Old by Cicely Mary Barker"},"content":{"rendered":"<p>A Little Book of Rhymes New and Old by Cicely Mary Barker.<br \/>\nBlackie and Sons Limited, u.\u00e5. (1937) \u2013 Uden sidetal \u2013 H\u00e6ftet med kartonbind.<br \/>\nIndeholder mange fine stregtegninger og 12 helsidesbilleder i farver.<br \/>\nBogen er generelt i meget fin stand , dog har bindet f\u00e5et en n\u00e6ppe synlig fugtskade nederst , som bevirker, at forsatssiderne kl\u00e6ber til bindet.<\/p>\n<p>Cicely Mary Barkers fine, sm\u00e5 b\u00f8ger om blomsteralfer begyndte at udkomme i starten af 1920\u2019erne og blev en stor succes.<br \/>\nSiden udgav hun ogs\u00e5 b\u00f8ger med rim og remser, sm\u00e5 historier og b\u00f8rnevenlige salmer.<\/p>\n","protected":false},"excerpt":{"rendered":"<p>A Little Book of Rhymes New and Old by Cicely Mary Barker.<br \/>\nBlackie and Sons Limited, u.\u00e5. (1937) \u2013 Uden sidetal \u2013 H\u00e6ftet med kartonbind. Smudsomslag mangler.<br \/>\nIndeholder mange fine stregtegninger og 12 helsidesbilleder i farver.<br \/>\nBogen er generelt i meget fin stand, dog har bindet f\u00e5et en n\u00e6ppe synlig fugtskade nederst, som bevirker, at forsatssiderne kl\u00e6ber til bindet &#8211; se billeder.<\/p>\n<p>Cicely Mary Barkers fine, sm\u00e5 b\u00f8ger om blomsteralfer begyndte at udkomme i starten af 1920\u2019erne og blev en stor succes.<br \/>\nSiden udgav hun ogs\u00e5 b\u00f8ger med rim og remser, sm\u00e5 historier og b\u00f8rnevenlige salmer.<\/p>\n","protected":false},"featured_media":12897,"template":"","meta":[],"product_brand":[],"product_cat":[150,81,1009,1523,27,1629,996,35,123],"product_tag":[1113,271],"class_list":{"0":"post-12890","1":"product","2":"type-product","3":"status-publish","4":"has-post-thumbnail","6":"product_cat-alle-tiders-boerneboeger-1930-1939","7":"product_cat-billedboeger","8":"product_cat-books-in-english","9":"product_cat-books-in-english-boeger","10":"product_cat-boeger","11":"product_cat-andre-sprog","12":"product_cat-boerneboeger-til-voksne","13":"product_cat-barneboger","14":"product_cat-rim-og-remser","15":"product_tag-cicely-mary-barker","16":"product_tag-engelsk","18":"first","19":"instock","20":"shipping-taxable","21":"purchasable","22":"product-type-simple"},"yoast_head":"<!-- This site is optimized with the Yoast SEO Premium plugin v27.4 (Yoast SEO v27.5) - https:\/\/yoast.com\/product\/yoast-seo-premium-wordpress\/ -->\n<title>A Little Book of Rhymes New and Old by Cicely Mary Barker - B\u00f8ger og Ting<\/title>\n<meta name=\"description\" content=\"A Little Book of Rhymes New and Old by Cicely Mary Barker - Blackie and Sons Limited, u.\u00e5. (1937) \u2013 Uden sidetal \u2013 H\u00e6ftet med kartonbind.\" \/>\n<meta name=\"robots\" content=\"index, follow, max-snippet:-1, max-image-preview:large, max-video-preview:-1\" \/>\n<link rel=\"canonical\" href=\"https:\/\/www.xn--bgerogting-0cb.dk\/index.php\/vare\/a-little-book-of-rhymes-new-and-old-by-cicely-mary-barker\/\" \/>\n<meta property=\"og:locale\" content=\"da_DK\" \/>\n<meta property=\"og:type\" content=\"article\" \/>\n<meta property=\"og:title\" content=\"A Little Book of Rhymes New and Old by Cicely Mary Barker\" \/>\n<meta property=\"og:description\" content=\"A Little Book of Rhymes New and Old by Cicely Mary Barker - Blackie and Sons Limited, u.\u00e5. (1937) \u2013 Uden sidetal \u2013 H\u00e6ftet med kartonbind.\" \/>\n<meta property=\"og:url\" content=\"https:\/\/www.xn--bgerogting-0cb.dk\/index.php\/vare\/a-little-book-of-rhymes-new-and-old-by-cicely-mary-barker\/\" \/>\n<meta property=\"og:site_name\" content=\"B\u00f8ger og Ting\" \/>\n<meta property=\"article:publisher\" content=\"https:\/\/www.facebook.com\/boegerogting\/\" \/>\n<meta property=\"article:modified_time\" content=\"2025-12-11T15:03:23+00:00\" \/>\n<meta property=\"og:image\" content=\"https:\/\/www.xn--bgerogting-0cb.dk\/wp-content\/uploads\/2022\/06\/A-Little-Book-of-Rhymes-New-and-Old-by-Cicely-Mary-Barker.jpg\" \/>\n\t<meta property=\"og:image:width\" content=\"1920\" \/>\n\t<meta property=\"og:image:height\" content=\"1920\" \/>\n\t<meta property=\"og:image:type\" content=\"image\/jpeg\" \/>\n<meta name=\"twitter:card\" content=\"summary_large_image\" \/>\n<meta name=\"twitter:label1\" content=\"Pris\" \/>\n\t<meta name=\"twitter:data1\" content=\"kr.&nbsp;200,00\" \/>\n\t<meta name=\"twitter:label2\" content=\"Tilg\u00e6ngelighed\" \/>\n\t<meta name=\"twitter:data2\" content=\"P\u00e5 lager\" \/>\n<script type=\"application\/ld+json\" class=\"yoast-schema-graph\">{\"@context\":\"https:\\\/\\\/schema.org\",\"@graph\":[{\"@type\":\"WebPage\",\"@id\":\"https:\\\/\\\/www.xn--bgerogting-0cb.dk\\\/index.php\\\/vare\\\/a-little-book-of-rhymes-new-and-old-by-cicely-mary-barker\\\/\",\"url\":\"https:\\\/\\\/www.xn--bgerogting-0cb.dk\\\/index.php\\\/vare\\\/a-little-book-of-rhymes-new-and-old-by-cicely-mary-barker\\\/\",\"name\":\"A Little Book of Rhymes New and Old by Cicely Mary Barker - B\u00f8ger og Ting\",\"isPartOf\":{\"@id\":\"https:\\\/\\\/www.xn--bgerogting-0cb.dk\\\/#website\"},\"primaryImageOfPage\":{\"@id\":\"https:\\\/\\\/www.xn--bgerogting-0cb.dk\\\/index.php\\\/vare\\\/a-little-book-of-rhymes-new-and-old-by-cicely-mary-barker\\\/#primaryimage\"},\"image\":{\"@id\":\"https:\\\/\\\/www.xn--bgerogting-0cb.dk\\\/index.php\\\/vare\\\/a-little-book-of-rhymes-new-and-old-by-cicely-mary-barker\\\/#primaryimage\"},\"thumbnailUrl\":\"https:\\\/\\\/i0.wp.com\\\/www.xn--bgerogting-0cb.dk\\\/wp-content\\\/uploads\\\/2022\\\/06\\\/A-Little-Book-of-Rhymes-New-and-Old-by-Cicely-Mary-Barker.jpg?fit=1920%2C1920&ssl=1\",\"datePublished\":\"2022-06-17T12:43:30+00:00\",\"dateModified\":\"2025-12-11T15:03:23+00:00\",\"description\":\"A Little Book of Rhymes New and Old by Cicely Mary Barker - Blackie and Sons Limited, u.\u00e5. (1937) \u2013 Uden sidetal \u2013 H\u00e6ftet med kartonbind.\",\"breadcrumb\":{\"@id\":\"https:\\\/\\\/www.xn--bgerogting-0cb.dk\\\/index.php\\\/vare\\\/a-little-book-of-rhymes-new-and-old-by-cicely-mary-barker\\\/#breadcrumb\"},\"inLanguage\":\"da-DK\",\"potentialAction\":[{\"@type\":\"ReadAction\",\"target\":[\"https:\\\/\\\/www.xn--bgerogting-0cb.dk\\\/index.php\\\/vare\\\/a-little-book-of-rhymes-new-and-old-by-cicely-mary-barker\\\/\"]}]},{\"@type\":\"ImageObject\",\"inLanguage\":\"da-DK\",\"@id\":\"https:\\\/\\\/www.xn--bgerogting-0cb.dk\\\/index.php\\\/vare\\\/a-little-book-of-rhymes-new-and-old-by-cicely-mary-barker\\\/#primaryimage\",\"url\":\"https:\\\/\\\/i0.wp.com\\\/www.xn--bgerogting-0cb.dk\\\/wp-content\\\/uploads\\\/2022\\\/06\\\/A-Little-Book-of-Rhymes-New-and-Old-by-Cicely-Mary-Barker.jpg?fit=1920%2C1920&ssl=1\",\"contentUrl\":\"https:\\\/\\\/i0.wp.com\\\/www.xn--bgerogting-0cb.dk\\\/wp-content\\\/uploads\\\/2022\\\/06\\\/A-Little-Book-of-Rhymes-New-and-Old-by-Cicely-Mary-Barker.jpg?fit=1920%2C1920&ssl=1\",\"width\":1920,\"height\":1920,\"caption\":\"A Little Book of Rhymes New and Old by Cicely Mary Barker\"},{\"@type\":\"BreadcrumbList\",\"@id\":\"https:\\\/\\\/www.xn--bgerogting-0cb.dk\\\/index.php\\\/vare\\\/a-little-book-of-rhymes-new-and-old-by-cicely-mary-barker\\\/#breadcrumb\",\"itemListElement\":[{\"@type\":\"ListItem\",\"position\":1,\"name\":\"Home\",\"item\":\"https:\\\/\\\/www.xn--bgerogting-0cb.dk\\\/\"},{\"@type\":\"ListItem\",\"position\":2,\"name\":\"Butik\",\"item\":\"https:\\\/\\\/www.xn--bgerogting-0cb.dk\\\/index.php\\\/shop\\\/\"},{\"@type\":\"ListItem\",\"position\":3,\"name\":\"A Little Book of Rhymes New and Old by Cicely Mary Barker\"}]},{\"@type\":\"WebSite\",\"@id\":\"https:\\\/\\\/www.xn--bgerogting-0cb.dk\\\/#website\",\"url\":\"https:\\\/\\\/www.xn--bgerogting-0cb.dk\\\/\",\"name\":\"B\u00f8ger og Ting\",\"description\":\"Antikvarisk, retro, vintage og antik\",\"publisher\":{\"@id\":\"https:\\\/\\\/www.xn--bgerogting-0cb.dk\\\/#organization\"},\"potentialAction\":[{\"@type\":\"SearchAction\",\"target\":{\"@type\":\"EntryPoint\",\"urlTemplate\":\"https:\\\/\\\/www.xn--bgerogting-0cb.dk\\\/?s={search_term_string}\"},\"query-input\":{\"@type\":\"PropertyValueSpecification\",\"valueRequired\":true,\"valueName\":\"search_term_string\"}}],\"inLanguage\":\"da-DK\"},{\"@type\":\"Organization\",\"@id\":\"https:\\\/\\\/www.xn--bgerogting-0cb.dk\\\/#organization\",\"name\":\"B\u00f8ger og Ting\",\"url\":\"https:\\\/\\\/www.xn--bgerogting-0cb.dk\\\/\",\"logo\":{\"@type\":\"ImageObject\",\"inLanguage\":\"da-DK\",\"@id\":\"https:\\\/\\\/www.xn--bgerogting-0cb.dk\\\/#\\\/schema\\\/logo\\\/image\\\/\",\"url\":\"https:\\\/\\\/i0.wp.com\\\/www.xn--bgerogting-0cb.dk\\\/wp-content\\\/uploads\\\/2019\\\/10\\\/webicon.png?fit=205%2C205&ssl=1\",\"contentUrl\":\"https:\\\/\\\/i0.wp.com\\\/www.xn--bgerogting-0cb.dk\\\/wp-content\\\/uploads\\\/2019\\\/10\\\/webicon.png?fit=205%2C205&ssl=1\",\"width\":205,\"height\":205,\"caption\":\"B\u00f8ger og Ting\"},\"image\":{\"@id\":\"https:\\\/\\\/www.xn--bgerogting-0cb.dk\\\/#\\\/schema\\\/logo\\\/image\\\/\"},\"sameAs\":[\"https:\\\/\\\/www.facebook.com\\\/boegerogting\\\/\",\"https:\\\/\\\/www.instagram.com\\\/bogerogting\\\/\"]}]}<\/script>\n<meta property=\"product:price:amount\" content=\"200.00\" \/>\n<meta property=\"product:price:currency\" content=\"DKK\" \/>\n<meta property=\"og:availability\" content=\"instock\" \/>\n<meta property=\"product:availability\" content=\"instock\" \/>\n<meta property=\"product:retailer_item_id\" content=\"7842 - 2\" \/>\n<meta property=\"product:condition\" content=\"new\" \/>\n<!-- \/ Yoast SEO Premium plugin. -->","yoast_head_json":{"title":"A Little Book of Rhymes New and Old by Cicely Mary Barker - B\u00f8ger og Ting","description":"A Little Book of Rhymes New and Old by Cicely Mary Barker - Blackie and Sons Limited, u.\u00e5. (1937) \u2013 Uden sidetal \u2013 H\u00e6ftet med kartonbind.","robots":{"index":"index","follow":"follow","max-snippet":"max-snippet:-1","max-image-preview":"max-image-preview:large","max-video-preview":"max-video-preview:-1"},"canonical":"https:\/\/www.xn--bgerogting-0cb.dk\/index.php\/vare\/a-little-book-of-rhymes-new-and-old-by-cicely-mary-barker\/","og_locale":"da_DK","og_type":"article","og_title":"A Little Book of Rhymes New and Old by Cicely Mary Barker","og_description":"A Little Book of Rhymes New and Old by Cicely Mary Barker - Blackie and Sons Limited, u.\u00e5. (1937) \u2013 Uden sidetal \u2013 H\u00e6ftet med kartonbind.","og_url":"https:\/\/www.xn--bgerogting-0cb.dk\/index.php\/vare\/a-little-book-of-rhymes-new-and-old-by-cicely-mary-barker\/","og_site_name":"B\u00f8ger og Ting","article_publisher":"https:\/\/www.facebook.com\/boegerogting\/","article_modified_time":"2025-12-11T15:03:23+00:00","og_image":[{"width":1920,"height":1920,"url":"https:\/\/www.xn--bgerogting-0cb.dk\/wp-content\/uploads\/2022\/06\/A-Little-Book-of-Rhymes-New-and-Old-by-Cicely-Mary-Barker.jpg","type":"image\/jpeg"}],"twitter_card":"summary_large_image","twitter_misc":{"Pris":"kr.&nbsp;200,00","Tilg\u00e6ngelighed":"P\u00e5 lager"},"schema":{"@context":"https:\/\/schema.org","@graph":[{"@type":"WebPage","@id":"https:\/\/www.xn--bgerogting-0cb.dk\/index.php\/vare\/a-little-book-of-rhymes-new-and-old-by-cicely-mary-barker\/","url":"https:\/\/www.xn--bgerogting-0cb.dk\/index.php\/vare\/a-little-book-of-rhymes-new-and-old-by-cicely-mary-barker\/","name":"A Little Book of Rhymes New and Old by Cicely Mary Barker - B\u00f8ger og Ting","isPartOf":{"@id":"https:\/\/www.xn--bgerogting-0cb.dk\/#website"},"primaryImageOfPage":{"@id":"https:\/\/www.xn--bgerogting-0cb.dk\/index.php\/vare\/a-little-book-of-rhymes-new-and-old-by-cicely-mary-barker\/#primaryimage"},"image":{"@id":"https:\/\/www.xn--bgerogting-0cb.dk\/index.php\/vare\/a-little-book-of-rhymes-new-and-old-by-cicely-mary-barker\/#primaryimage"},"thumbnailUrl":"https:\/\/i0.wp.com\/www.xn--bgerogting-0cb.dk\/wp-content\/uploads\/2022\/06\/A-Little-Book-of-Rhymes-New-and-Old-by-Cicely-Mary-Barker.jpg?fit=1920%2C1920&ssl=1","datePublished":"2022-06-17T12:43:30+00:00","dateModified":"2025-12-11T15:03:23+00:00","description":"A Little Book of Rhymes New and Old by Cicely Mary Barker - Blackie and Sons Limited, u.\u00e5. (1937) \u2013 Uden sidetal \u2013 H\u00e6ftet med kartonbind.","breadcrumb":{"@id":"https:\/\/www.xn--bgerogting-0cb.dk\/index.php\/vare\/a-little-book-of-rhymes-new-and-old-by-cicely-mary-barker\/#breadcrumb"},"inLanguage":"da-DK","potentialAction":[{"@type":"ReadAction","target":["https:\/\/www.xn--bgerogting-0cb.dk\/index.php\/vare\/a-little-book-of-rhymes-new-and-old-by-cicely-mary-barker\/"]}]},{"@type":"ImageObject","inLanguage":"da-DK","@id":"https:\/\/www.xn--bgerogting-0cb.dk\/index.php\/vare\/a-little-book-of-rhymes-new-and-old-by-cicely-mary-barker\/#primaryimage","url":"https:\/\/i0.wp.com\/www.xn--bgerogting-0cb.dk\/wp-content\/uploads\/2022\/06\/A-Little-Book-of-Rhymes-New-and-Old-by-Cicely-Mary-Barker.jpg?fit=1920%2C1920&ssl=1","contentUrl":"https:\/\/i0.wp.com\/www.xn--bgerogting-0cb.dk\/wp-content\/uploads\/2022\/06\/A-Little-Book-of-Rhymes-New-and-Old-by-Cicely-Mary-Barker.jpg?fit=1920%2C1920&ssl=1","width":1920,"height":1920,"caption":"A Little Book of Rhymes New and Old by Cicely Mary Barker"},{"@type":"BreadcrumbList","@id":"https:\/\/www.xn--bgerogting-0cb.dk\/index.php\/vare\/a-little-book-of-rhymes-new-and-old-by-cicely-mary-barker\/#breadcrumb","itemListElement":[{"@type":"ListItem","position":1,"name":"Home","item":"https:\/\/www.xn--bgerogting-0cb.dk\/"},{"@type":"ListItem","position":2,"name":"Butik","item":"https:\/\/www.xn--bgerogting-0cb.dk\/index.php\/shop\/"},{"@type":"ListItem","position":3,"name":"A Little Book of Rhymes New and Old by Cicely Mary Barker"}]},{"@type":"WebSite","@id":"https:\/\/www.xn--bgerogting-0cb.dk\/#website","url":"https:\/\/www.xn--bgerogting-0cb.dk\/","name":"B\u00f8ger og Ting","description":"Antikvarisk, retro, vintage og antik","publisher":{"@id":"https:\/\/www.xn--bgerogting-0cb.dk\/#organization"},"potentialAction":[{"@type":"SearchAction","target":{"@type":"EntryPoint","urlTemplate":"https:\/\/www.xn--bgerogting-0cb.dk\/?s={search_term_string}"},"query-input":{"@type":"PropertyValueSpecification","valueRequired":true,"valueName":"search_term_string"}}],"inLanguage":"da-DK"},{"@type":"Organization","@id":"https:\/\/www.xn--bgerogting-0cb.dk\/#organization","name":"B\u00f8ger og Ting","url":"https:\/\/www.xn--bgerogting-0cb.dk\/","logo":{"@type":"ImageObject","inLanguage":"da-DK","@id":"https:\/\/www.xn--bgerogting-0cb.dk\/#\/schema\/logo\/image\/","url":"https:\/\/i0.wp.com\/www.xn--bgerogting-0cb.dk\/wp-content\/uploads\/2019\/10\/webicon.png?fit=205%2C205&ssl=1","contentUrl":"https:\/\/i0.wp.com\/www.xn--bgerogting-0cb.dk\/wp-content\/uploads\/2019\/10\/webicon.png?fit=205%2C205&ssl=1","width":205,"height":205,"caption":"B\u00f8ger og Ting"},"image":{"@id":"https:\/\/www.xn--bgerogting-0cb.dk\/#\/schema\/logo\/image\/"},"sameAs":["https:\/\/www.facebook.com\/boegerogting\/","https:\/\/www.instagram.com\/bogerogting\/"]}]},"product_price_amount":"200.00","product_price_currency":"DKK","og_availability":"instock","product_availability":"instock","product_retailer_item_id":"7842 - 2","product_condition":"new"},"jetpack_sharing_enabled":true,"_links":{"self":[{"href":"https:\/\/www.xn--bgerogting-0cb.dk\/index.php\/wp-json\/wp\/v2\/product\/12890","targetHints":{"allow":["GET"]}}],"collection":[{"href":"https:\/\/www.xn--bgerogting-0cb.dk\/index.php\/wp-json\/wp\/v2\/product"}],"about":[{"href":"https:\/\/www.xn--bgerogting-0cb.dk\/index.php\/wp-json\/wp\/v2\/types\/product"}],"wp:featuredmedia":[{"embeddable":true,"href":"https:\/\/www.xn--bgerogting-0cb.dk\/index.php\/wp-json\/wp\/v2\/media\/12897"}],"wp:attachment":[{"href":"https:\/\/www.xn--bgerogting-0cb.dk\/index.php\/wp-json\/wp\/v2\/media?parent=12890"}],"wp:term":[{"taxonomy":"product_brand","embeddable":true,"href":"https:\/\/www.xn--bgerogting-0cb.dk\/index.php\/wp-json\/wp\/v2\/product_brand?post=12890"},{"taxonomy":"product_cat","embeddable":true,"href":"https:\/\/www.xn--bgerogting-0cb.dk\/index.php\/wp-json\/wp\/v2\/product_cat?post=12890"},{"taxonomy":"product_tag","embeddable":true,"href":"https:\/\/www.xn--bgerogting-0cb.dk\/index.php\/wp-json\/wp\/v2\/product_tag?post=12890"}],"curies":[{"name":"wp","href":"https:\/\/api.w.org\/{rel}","templated":true}]}}