{"id":12486,"date":"2022-03-25T17:13:32","date_gmt":"2022-03-25T16:13:32","guid":{"rendered":"https:\/\/www.xn--bgerogting-0cb.dk\/?post_type=product&#038;p=12486"},"modified":"2022-03-25T17:19:11","modified_gmt":"2022-03-25T16:19:11","slug":"det-gode-skib-haabet-af-lars-bo","status":"publish","type":"product","link":"https:\/\/www.xn--bgerogting-0cb.dk\/index.php\/vare\/det-gode-skib-haabet-af-lars-bo\/","title":{"rendered":"Det gode skib &#8220;H\u00e5bet&#8221; af Lars Bo"},"content":{"rendered":"<p>Det gode skib &#8220;H\u00e5bet&#8221; af Lars Bo.<br \/>\nCarit Andersens Forlag, 1971 &#8211; 38 sider &#8211; H\u00e6ftet med bl\u00f8dt omslag.<br \/>\nBogen er i fin stand.<\/p>\n<p>Sjov, fantasifuld og fabulerende historie om en familie , der tager ud p\u00e5 en sp\u00e6ndende rejse i et gammelt sejlskib.<br \/>\nTeksten er ret kortfattet, og historien fort\u00e6lles i h\u00f8j grad i de sk\u00f8nne tegninger.<\/p>\n<p>&#8220;Det gode skib H\u00e5bet sejlede f\u00f8rst i\u00a0 Politikens spalter i sommeren 1955&#8221;.<\/p>\n<p>Lars Bo har illustreret mange b\u00f8rneb\u00f8ger.<\/p>\n","protected":false},"excerpt":{"rendered":"<p>Det gode skib &#8220;H\u00e5bet&#8221; af Lars Bo.<br \/>\nCarit Andersens Forlag, 1971 &#8211; 38 sider &#8211; H\u00e6ftet med bl\u00f8dt omslag.<br \/>\nBogen er i fin stand.<\/p>\n<p>Sjov, fantasifuld og fabulerende historie om en familie , der tager ud p\u00e5 en sp\u00e6ndende rejse i et gammelt sejlskib.<br \/>\nTeksten er ret kortfattet, og historien fort\u00e6lles i h\u00f8j grad i de sk\u00f8nne tegninger.<\/p>\n<p>&#8220;Det gode skib H\u00e5bet sejlede f\u00f8rst i\u00a0 Politikens spalter i sommeren 1955&#8221;.<\/p>\n<p>Lars Bo har illustreret mange b\u00f8rneb\u00f8ger.<\/p>\n","protected":false},"featured_media":12488,"template":"","meta":[],"product_brand":[],"product_cat":[80,81,27,101,35],"product_tag":[508],"class_list":{"0":"post-12486","1":"product","2":"type-product","3":"status-publish","4":"has-post-thumbnail","6":"product_cat-alle-tiders-boerneboeger-1970-1979","7":"product_cat-billedboeger","8":"product_cat-boeger","9":"product_cat-danske-illustratorer","10":"product_cat-barneboger","11":"product_tag-lars-bo","13":"first","14":"instock","15":"shipping-taxable","16":"purchasable","17":"product-type-simple"},"yoast_head":"<!-- This site is optimized with the Yoast SEO Premium plugin v27.4 (Yoast SEO v27.6) - https:\/\/yoast.com\/product\/yoast-seo-premium-wordpress\/ -->\n<title>Det gode skib &quot;H\u00e5bet&quot; af Lars Bo - B\u00f8ger og Ting<\/title>\n<meta name=\"description\" content=\"Det gode skib &quot;H\u00e5bet&quot; af Lars Bo - Carit Andersens Forlag, 1971 - 38 sider - H\u00e6ftet med bl\u00f8dt omslag - Bogen er i fin stand.\" \/>\n<meta name=\"robots\" content=\"index, follow, max-snippet:-1, max-image-preview:large, max-video-preview:-1\" \/>\n<link rel=\"canonical\" href=\"https:\/\/www.xn--bgerogting-0cb.dk\/index.php\/vare\/det-gode-skib-haabet-af-lars-bo\/\" \/>\n<meta property=\"og:locale\" content=\"da_DK\" \/>\n<meta property=\"og:type\" content=\"article\" \/>\n<meta property=\"og:title\" content=\"Det gode skib &quot;H\u00e5bet&quot; af Lars Bo\" \/>\n<meta property=\"og:description\" content=\"Det gode skib &quot;H\u00e5bet&quot; af Lars Bo - Carit Andersens Forlag, 1971 - 38 sider - H\u00e6ftet med bl\u00f8dt omslag - Bogen er i fin stand.\" \/>\n<meta property=\"og:url\" content=\"https:\/\/www.xn--bgerogting-0cb.dk\/index.php\/vare\/det-gode-skib-haabet-af-lars-bo\/\" \/>\n<meta property=\"og:site_name\" content=\"B\u00f8ger og Ting\" \/>\n<meta property=\"article:publisher\" content=\"https:\/\/www.facebook.com\/boegerogting\/\" \/>\n<meta property=\"article:modified_time\" content=\"2022-03-25T16:19:11+00:00\" \/>\n<meta property=\"og:image\" content=\"https:\/\/www.xn--bgerogting-0cb.dk\/wp-content\/uploads\/2022\/03\/Det-gode-skib-Haabet-af-Lars-Bo.jpg\" \/>\n\t<meta property=\"og:image:width\" content=\"1920\" \/>\n\t<meta property=\"og:image:height\" content=\"1920\" \/>\n\t<meta property=\"og:image:type\" content=\"image\/jpeg\" \/>\n<meta name=\"twitter:card\" content=\"summary_large_image\" \/>\n<meta name=\"twitter:label1\" content=\"Pris\" \/>\n\t<meta name=\"twitter:data1\" content=\"kr.&nbsp;100,00\" \/>\n\t<meta name=\"twitter:label2\" content=\"Tilg\u00e6ngelighed\" \/>\n\t<meta name=\"twitter:data2\" content=\"P\u00e5 lager\" \/>\n<script type=\"application\/ld+json\" class=\"yoast-schema-graph\">{\"@context\":\"https:\\\/\\\/schema.org\",\"@graph\":[{\"@type\":\"WebPage\",\"@id\":\"https:\\\/\\\/www.xn--bgerogting-0cb.dk\\\/index.php\\\/vare\\\/det-gode-skib-haabet-af-lars-bo\\\/\",\"url\":\"https:\\\/\\\/www.xn--bgerogting-0cb.dk\\\/index.php\\\/vare\\\/det-gode-skib-haabet-af-lars-bo\\\/\",\"name\":\"Det gode skib \\\"H\u00e5bet\\\" af Lars Bo - B\u00f8ger og Ting\",\"isPartOf\":{\"@id\":\"https:\\\/\\\/www.xn--bgerogting-0cb.dk\\\/#website\"},\"primaryImageOfPage\":{\"@id\":\"https:\\\/\\\/www.xn--bgerogting-0cb.dk\\\/index.php\\\/vare\\\/det-gode-skib-haabet-af-lars-bo\\\/#primaryimage\"},\"image\":{\"@id\":\"https:\\\/\\\/www.xn--bgerogting-0cb.dk\\\/index.php\\\/vare\\\/det-gode-skib-haabet-af-lars-bo\\\/#primaryimage\"},\"thumbnailUrl\":\"https:\\\/\\\/i0.wp.com\\\/www.xn--bgerogting-0cb.dk\\\/wp-content\\\/uploads\\\/2022\\\/03\\\/Det-gode-skib-Haabet-af-Lars-Bo.jpg?fit=1920%2C1920&ssl=1\",\"datePublished\":\"2022-03-25T16:13:32+00:00\",\"dateModified\":\"2022-03-25T16:19:11+00:00\",\"description\":\"Det gode skib \\\"H\u00e5bet\\\" af Lars Bo - Carit Andersens Forlag, 1971 - 38 sider - H\u00e6ftet med bl\u00f8dt omslag - Bogen er i fin stand.\",\"breadcrumb\":{\"@id\":\"https:\\\/\\\/www.xn--bgerogting-0cb.dk\\\/index.php\\\/vare\\\/det-gode-skib-haabet-af-lars-bo\\\/#breadcrumb\"},\"inLanguage\":\"da-DK\",\"potentialAction\":[{\"@type\":\"ReadAction\",\"target\":[\"https:\\\/\\\/www.xn--bgerogting-0cb.dk\\\/index.php\\\/vare\\\/det-gode-skib-haabet-af-lars-bo\\\/\"]}]},{\"@type\":\"ImageObject\",\"inLanguage\":\"da-DK\",\"@id\":\"https:\\\/\\\/www.xn--bgerogting-0cb.dk\\\/index.php\\\/vare\\\/det-gode-skib-haabet-af-lars-bo\\\/#primaryimage\",\"url\":\"https:\\\/\\\/i0.wp.com\\\/www.xn--bgerogting-0cb.dk\\\/wp-content\\\/uploads\\\/2022\\\/03\\\/Det-gode-skib-Haabet-af-Lars-Bo.jpg?fit=1920%2C1920&ssl=1\",\"contentUrl\":\"https:\\\/\\\/i0.wp.com\\\/www.xn--bgerogting-0cb.dk\\\/wp-content\\\/uploads\\\/2022\\\/03\\\/Det-gode-skib-Haabet-af-Lars-Bo.jpg?fit=1920%2C1920&ssl=1\",\"width\":1920,\"height\":1920,\"caption\":\"Det gode skib H\u00e5bet af Lars Bo\"},{\"@type\":\"BreadcrumbList\",\"@id\":\"https:\\\/\\\/www.xn--bgerogting-0cb.dk\\\/index.php\\\/vare\\\/det-gode-skib-haabet-af-lars-bo\\\/#breadcrumb\",\"itemListElement\":[{\"@type\":\"ListItem\",\"position\":1,\"name\":\"Home\",\"item\":\"https:\\\/\\\/www.xn--bgerogting-0cb.dk\\\/\"},{\"@type\":\"ListItem\",\"position\":2,\"name\":\"Butik\",\"item\":\"https:\\\/\\\/www.xn--bgerogting-0cb.dk\\\/index.php\\\/shop\\\/\"},{\"@type\":\"ListItem\",\"position\":3,\"name\":\"Det gode skib &#8220;H\u00e5bet&#8221; af Lars Bo\"}]},{\"@type\":\"WebSite\",\"@id\":\"https:\\\/\\\/www.xn--bgerogting-0cb.dk\\\/#website\",\"url\":\"https:\\\/\\\/www.xn--bgerogting-0cb.dk\\\/\",\"name\":\"B\u00f8ger og Ting\",\"description\":\"Antikvarisk, retro, vintage og antik\",\"publisher\":{\"@id\":\"https:\\\/\\\/www.xn--bgerogting-0cb.dk\\\/#organization\"},\"potentialAction\":[{\"@type\":\"SearchAction\",\"target\":{\"@type\":\"EntryPoint\",\"urlTemplate\":\"https:\\\/\\\/www.xn--bgerogting-0cb.dk\\\/?s={search_term_string}\"},\"query-input\":{\"@type\":\"PropertyValueSpecification\",\"valueRequired\":true,\"valueName\":\"search_term_string\"}}],\"inLanguage\":\"da-DK\"},{\"@type\":\"Organization\",\"@id\":\"https:\\\/\\\/www.xn--bgerogting-0cb.dk\\\/#organization\",\"name\":\"B\u00f8ger og Ting\",\"url\":\"https:\\\/\\\/www.xn--bgerogting-0cb.dk\\\/\",\"logo\":{\"@type\":\"ImageObject\",\"inLanguage\":\"da-DK\",\"@id\":\"https:\\\/\\\/www.xn--bgerogting-0cb.dk\\\/#\\\/schema\\\/logo\\\/image\\\/\",\"url\":\"https:\\\/\\\/i0.wp.com\\\/www.xn--bgerogting-0cb.dk\\\/wp-content\\\/uploads\\\/2019\\\/10\\\/webicon.png?fit=205%2C205&ssl=1\",\"contentUrl\":\"https:\\\/\\\/i0.wp.com\\\/www.xn--bgerogting-0cb.dk\\\/wp-content\\\/uploads\\\/2019\\\/10\\\/webicon.png?fit=205%2C205&ssl=1\",\"width\":205,\"height\":205,\"caption\":\"B\u00f8ger og Ting\"},\"image\":{\"@id\":\"https:\\\/\\\/www.xn--bgerogting-0cb.dk\\\/#\\\/schema\\\/logo\\\/image\\\/\"},\"sameAs\":[\"https:\\\/\\\/www.facebook.com\\\/boegerogting\\\/\",\"https:\\\/\\\/www.instagram.com\\\/bogerogting\\\/\"]}]}<\/script>\n<meta property=\"product:price:amount\" content=\"100.00\" \/>\n<meta property=\"product:price:currency\" content=\"DKK\" \/>\n<meta property=\"og:availability\" content=\"instock\" \/>\n<meta property=\"product:availability\" content=\"instock\" \/>\n<meta property=\"product:retailer_item_id\" content=\"6030\" \/>\n<meta property=\"product:condition\" content=\"new\" \/>\n<!-- \/ Yoast SEO Premium plugin. -->","yoast_head_json":{"title":"Det gode skib \"H\u00e5bet\" af Lars Bo - B\u00f8ger og Ting","description":"Det gode skib \"H\u00e5bet\" af Lars Bo - Carit Andersens Forlag, 1971 - 38 sider - H\u00e6ftet med bl\u00f8dt omslag - Bogen er i fin stand.","robots":{"index":"index","follow":"follow","max-snippet":"max-snippet:-1","max-image-preview":"max-image-preview:large","max-video-preview":"max-video-preview:-1"},"canonical":"https:\/\/www.xn--bgerogting-0cb.dk\/index.php\/vare\/det-gode-skib-haabet-af-lars-bo\/","og_locale":"da_DK","og_type":"article","og_title":"Det gode skib \"H\u00e5bet\" af Lars Bo","og_description":"Det gode skib \"H\u00e5bet\" af Lars Bo - Carit Andersens Forlag, 1971 - 38 sider - H\u00e6ftet med bl\u00f8dt omslag - Bogen er i fin stand.","og_url":"https:\/\/www.xn--bgerogting-0cb.dk\/index.php\/vare\/det-gode-skib-haabet-af-lars-bo\/","og_site_name":"B\u00f8ger og Ting","article_publisher":"https:\/\/www.facebook.com\/boegerogting\/","article_modified_time":"2022-03-25T16:19:11+00:00","og_image":[{"width":1920,"height":1920,"url":"https:\/\/www.xn--bgerogting-0cb.dk\/wp-content\/uploads\/2022\/03\/Det-gode-skib-Haabet-af-Lars-Bo.jpg","type":"image\/jpeg"}],"twitter_card":"summary_large_image","twitter_misc":{"Pris":"kr.&nbsp;100,00","Tilg\u00e6ngelighed":"P\u00e5 lager"},"schema":{"@context":"https:\/\/schema.org","@graph":[{"@type":"WebPage","@id":"https:\/\/www.xn--bgerogting-0cb.dk\/index.php\/vare\/det-gode-skib-haabet-af-lars-bo\/","url":"https:\/\/www.xn--bgerogting-0cb.dk\/index.php\/vare\/det-gode-skib-haabet-af-lars-bo\/","name":"Det gode skib \"H\u00e5bet\" af Lars Bo - B\u00f8ger og Ting","isPartOf":{"@id":"https:\/\/www.xn--bgerogting-0cb.dk\/#website"},"primaryImageOfPage":{"@id":"https:\/\/www.xn--bgerogting-0cb.dk\/index.php\/vare\/det-gode-skib-haabet-af-lars-bo\/#primaryimage"},"image":{"@id":"https:\/\/www.xn--bgerogting-0cb.dk\/index.php\/vare\/det-gode-skib-haabet-af-lars-bo\/#primaryimage"},"thumbnailUrl":"https:\/\/i0.wp.com\/www.xn--bgerogting-0cb.dk\/wp-content\/uploads\/2022\/03\/Det-gode-skib-Haabet-af-Lars-Bo.jpg?fit=1920%2C1920&ssl=1","datePublished":"2022-03-25T16:13:32+00:00","dateModified":"2022-03-25T16:19:11+00:00","description":"Det gode skib \"H\u00e5bet\" af Lars Bo - Carit Andersens Forlag, 1971 - 38 sider - H\u00e6ftet med bl\u00f8dt omslag - Bogen er i fin stand.","breadcrumb":{"@id":"https:\/\/www.xn--bgerogting-0cb.dk\/index.php\/vare\/det-gode-skib-haabet-af-lars-bo\/#breadcrumb"},"inLanguage":"da-DK","potentialAction":[{"@type":"ReadAction","target":["https:\/\/www.xn--bgerogting-0cb.dk\/index.php\/vare\/det-gode-skib-haabet-af-lars-bo\/"]}]},{"@type":"ImageObject","inLanguage":"da-DK","@id":"https:\/\/www.xn--bgerogting-0cb.dk\/index.php\/vare\/det-gode-skib-haabet-af-lars-bo\/#primaryimage","url":"https:\/\/i0.wp.com\/www.xn--bgerogting-0cb.dk\/wp-content\/uploads\/2022\/03\/Det-gode-skib-Haabet-af-Lars-Bo.jpg?fit=1920%2C1920&ssl=1","contentUrl":"https:\/\/i0.wp.com\/www.xn--bgerogting-0cb.dk\/wp-content\/uploads\/2022\/03\/Det-gode-skib-Haabet-af-Lars-Bo.jpg?fit=1920%2C1920&ssl=1","width":1920,"height":1920,"caption":"Det gode skib H\u00e5bet af Lars Bo"},{"@type":"BreadcrumbList","@id":"https:\/\/www.xn--bgerogting-0cb.dk\/index.php\/vare\/det-gode-skib-haabet-af-lars-bo\/#breadcrumb","itemListElement":[{"@type":"ListItem","position":1,"name":"Home","item":"https:\/\/www.xn--bgerogting-0cb.dk\/"},{"@type":"ListItem","position":2,"name":"Butik","item":"https:\/\/www.xn--bgerogting-0cb.dk\/index.php\/shop\/"},{"@type":"ListItem","position":3,"name":"Det gode skib &#8220;H\u00e5bet&#8221; af Lars Bo"}]},{"@type":"WebSite","@id":"https:\/\/www.xn--bgerogting-0cb.dk\/#website","url":"https:\/\/www.xn--bgerogting-0cb.dk\/","name":"B\u00f8ger og Ting","description":"Antikvarisk, retro, vintage og antik","publisher":{"@id":"https:\/\/www.xn--bgerogting-0cb.dk\/#organization"},"potentialAction":[{"@type":"SearchAction","target":{"@type":"EntryPoint","urlTemplate":"https:\/\/www.xn--bgerogting-0cb.dk\/?s={search_term_string}"},"query-input":{"@type":"PropertyValueSpecification","valueRequired":true,"valueName":"search_term_string"}}],"inLanguage":"da-DK"},{"@type":"Organization","@id":"https:\/\/www.xn--bgerogting-0cb.dk\/#organization","name":"B\u00f8ger og Ting","url":"https:\/\/www.xn--bgerogting-0cb.dk\/","logo":{"@type":"ImageObject","inLanguage":"da-DK","@id":"https:\/\/www.xn--bgerogting-0cb.dk\/#\/schema\/logo\/image\/","url":"https:\/\/i0.wp.com\/www.xn--bgerogting-0cb.dk\/wp-content\/uploads\/2019\/10\/webicon.png?fit=205%2C205&ssl=1","contentUrl":"https:\/\/i0.wp.com\/www.xn--bgerogting-0cb.dk\/wp-content\/uploads\/2019\/10\/webicon.png?fit=205%2C205&ssl=1","width":205,"height":205,"caption":"B\u00f8ger og Ting"},"image":{"@id":"https:\/\/www.xn--bgerogting-0cb.dk\/#\/schema\/logo\/image\/"},"sameAs":["https:\/\/www.facebook.com\/boegerogting\/","https:\/\/www.instagram.com\/bogerogting\/"]}]},"product_price_amount":"100.00","product_price_currency":"DKK","og_availability":"instock","product_availability":"instock","product_retailer_item_id":"6030","product_condition":"new"},"jetpack_sharing_enabled":true,"_links":{"self":[{"href":"https:\/\/www.xn--bgerogting-0cb.dk\/index.php\/wp-json\/wp\/v2\/product\/12486","targetHints":{"allow":["GET"]}}],"collection":[{"href":"https:\/\/www.xn--bgerogting-0cb.dk\/index.php\/wp-json\/wp\/v2\/product"}],"about":[{"href":"https:\/\/www.xn--bgerogting-0cb.dk\/index.php\/wp-json\/wp\/v2\/types\/product"}],"wp:featuredmedia":[{"embeddable":true,"href":"https:\/\/www.xn--bgerogting-0cb.dk\/index.php\/wp-json\/wp\/v2\/media\/12488"}],"wp:attachment":[{"href":"https:\/\/www.xn--bgerogting-0cb.dk\/index.php\/wp-json\/wp\/v2\/media?parent=12486"}],"wp:term":[{"taxonomy":"product_brand","embeddable":true,"href":"https:\/\/www.xn--bgerogting-0cb.dk\/index.php\/wp-json\/wp\/v2\/product_brand?post=12486"},{"taxonomy":"product_cat","embeddable":true,"href":"https:\/\/www.xn--bgerogting-0cb.dk\/index.php\/wp-json\/wp\/v2\/product_cat?post=12486"},{"taxonomy":"product_tag","embeddable":true,"href":"https:\/\/www.xn--bgerogting-0cb.dk\/index.php\/wp-json\/wp\/v2\/product_tag?post=12486"}],"curies":[{"name":"wp","href":"https:\/\/api.w.org\/{rel}","templated":true}]}}