{"id":12390,"date":"2022-03-19T11:24:56","date_gmt":"2022-03-19T10:24:56","guid":{"rendered":"https:\/\/www.xn--bgerogting-0cb.dk\/?post_type=product&#038;p=12390"},"modified":"2025-01-30T20:55:18","modified_gmt":"2025-01-30T19:55:18","slug":"die-weise-von-liebe-ud-tod-af-reiner-maria-rilke","status":"publish","type":"product","link":"https:\/\/www.xn--bgerogting-0cb.dk\/index.php\/vare\/die-weise-von-liebe-ud-tod-af-reiner-maria-rilke\/","title":{"rendered":"Die Weise von Liebe ud Tod af Reiner Maria Rilke"},"content":{"rendered":"<p>Die Weise von Liebe ud Tod des Cornets Christoph Rilke af Reiner Maria Rilke.<br \/>\nIn Insel Verlag, 1930 &#8211; 376. &#8211; 400.000 &#8211; Insel B\u00fccherei; 1 &#8211; Lille format.<br \/>\nGotisk skrift.<br \/>\nBortset fra et par sm\u00e5 pletter p\u00e5 de f\u00f8rste sider\u00a0 er bogen i fin stand. Hilsen p\u00e5 forsats.<\/p>\n<p>Bogserien fra Insel Verlag blev p\u00e5begyndt i 1912. Ideen med serien var fra starten at udgive smukke b\u00f8ger i et lille, handy format og til en billig pris. I starten var alle titler sk\u00f8nlitteratur af anderkendte forfattere, men senere begyndte man ogs\u00e5 at udgive titler om kunst, natur, eventyr og sagn mm.<br \/>\nSerien var fra starten en stor succes og udgivelsen er forsat helt frem til i dag (2022), hvor den seneste titel i r\u00e6kken har nr. 1512.<br \/>\nB\u00f8gerne er letgenkendelige p\u00e5 det lille format og det smukke bogpapir. De enkelte titler kan v\u00e6re udgivet flere gange med forskelligt omslag. (Tak til Wikipedia)<\/p>\n<p>&nbsp;<\/p>\n","protected":false},"excerpt":{"rendered":"<p>Die Weise von Liebe ud Tod des Cornets Christoph Rilke af Reiner Maria Rilke.<br \/>\nIn Insel Verlag, 1930 &#8211; 376. &#8211; 400.000 &#8211; Insel B\u00fccherei; 1 &#8211; Lille format.<br \/>\nGotisk skrift.<br \/>\nBortset fra et par sm\u00e5 pletter p\u00e5 de f\u00f8rste sider og et\u00a0 er bogen i fin stand. Hilsen p\u00e5 forsats.<\/p>\n<p>Bogserien fra Insel Verlag blev p\u00e5begyndt i 1912. Ideen med serien var fra starten at udgive smukke b\u00f8ger i et lille, handy format og til en billig pris. I starten var alle titler sk\u00f8nlitteratur af anderkendte forfattere, men senere begyndte man ogs\u00e5 at udgive titler om kunst, natur, eventyr og sagn mm.<br \/>\nSerien var fra starten en stor succes og udgivelsen er forsat helt frem til i dag (2022), hvor den seneste titel i r\u00e6kken har nr. 1512.<br \/>\nB\u00f8gerne er letgenkendelige p\u00e5 det lille format og det smukke bogpapir. De enkelte titler kan v\u00e6re udgivet flere gange med forskelligt omslag. (Tak til Wikipedia)<\/p>\n","protected":false},"featured_media":12418,"template":"","meta":[],"product_brand":[],"product_cat":[27,1629,1618,100],"product_tag":[1158,1159,196],"class_list":{"0":"post-12390","1":"product","2":"type-product","3":"status-publish","4":"has-post-thumbnail","6":"product_cat-boeger","7":"product_cat-andre-sprog","8":"product_cat-bucher-auf-deutsch","9":"product_cat-skoenlitteratur","10":"product_tag-insel-bucherei","11":"product_tag-rainer-maria-rilke","12":"product_tag-smukke-boeger","14":"first","15":"instock","16":"shipping-taxable","17":"purchasable","18":"product-type-simple"},"yoast_head":"<!-- This site is optimized with the Yoast SEO Premium plugin v26.9 (Yoast SEO v27.3) - https:\/\/yoast.com\/product\/yoast-seo-premium-wordpress\/ -->\n<title>Die Weise von Liebe ud Tod af Reiner Maria Rilke - B\u00f8ger og Ting<\/title>\n<meta name=\"description\" content=\"Die Weise von Liebe ud Tod des Cornets Christoph Rilke af Reiner Maria Rilke - In Insel Verlag, 1930 - Insel B\u00fccherei; 1 - Lille format - God stand.\" \/>\n<meta name=\"robots\" content=\"index, follow, max-snippet:-1, max-image-preview:large, max-video-preview:-1\" \/>\n<link rel=\"canonical\" href=\"https:\/\/www.xn--bgerogting-0cb.dk\/index.php\/vare\/die-weise-von-liebe-ud-tod-af-reiner-maria-rilke\/\" \/>\n<meta property=\"og:locale\" content=\"da_DK\" \/>\n<meta property=\"og:type\" content=\"article\" \/>\n<meta property=\"og:title\" content=\"Die Weise von Liebe ud Tod af Reiner Maria Rilke\" \/>\n<meta property=\"og:description\" content=\"Die Weise von Liebe ud Tod des Cornets Christoph Rilke af Reiner Maria Rilke - In Insel Verlag, 1930 - Insel B\u00fccherei; 1 - Lille format - God stand.\" \/>\n<meta property=\"og:url\" content=\"https:\/\/www.xn--bgerogting-0cb.dk\/index.php\/vare\/die-weise-von-liebe-ud-tod-af-reiner-maria-rilke\/\" \/>\n<meta property=\"og:site_name\" content=\"B\u00f8ger og Ting\" \/>\n<meta property=\"article:publisher\" content=\"https:\/\/www.facebook.com\/boegerogting\/\" \/>\n<meta property=\"article:modified_time\" content=\"2025-01-30T19:55:18+00:00\" \/>\n<meta property=\"og:image\" content=\"https:\/\/www.xn--bgerogting-0cb.dk\/wp-content\/uploads\/2022\/03\/Die-Weise-von-Liebe-ud-Tod-af-Reiner-Maria-Rilke.jpg\" \/>\n\t<meta property=\"og:image:width\" content=\"1920\" \/>\n\t<meta property=\"og:image:height\" content=\"1920\" \/>\n\t<meta property=\"og:image:type\" content=\"image\/jpeg\" \/>\n<meta name=\"twitter:card\" content=\"summary_large_image\" \/>\n<meta name=\"twitter:label1\" content=\"Pris\" \/>\n\t<meta name=\"twitter:data1\" content=\"kr.&nbsp;80,00\" \/>\n\t<meta name=\"twitter:label2\" content=\"Tilg\u00e6ngelighed\" \/>\n\t<meta name=\"twitter:data2\" content=\"P\u00e5 lager\" \/>\n<script type=\"application\/ld+json\" class=\"yoast-schema-graph\">{\"@context\":\"https:\\\/\\\/schema.org\",\"@graph\":[{\"@type\":\"WebPage\",\"@id\":\"https:\\\/\\\/www.xn--bgerogting-0cb.dk\\\/index.php\\\/vare\\\/die-weise-von-liebe-ud-tod-af-reiner-maria-rilke\\\/\",\"url\":\"https:\\\/\\\/www.xn--bgerogting-0cb.dk\\\/index.php\\\/vare\\\/die-weise-von-liebe-ud-tod-af-reiner-maria-rilke\\\/\",\"name\":\"Die Weise von Liebe ud Tod af Reiner Maria Rilke - B\u00f8ger og Ting\",\"isPartOf\":{\"@id\":\"https:\\\/\\\/www.xn--bgerogting-0cb.dk\\\/#website\"},\"primaryImageOfPage\":{\"@id\":\"https:\\\/\\\/www.xn--bgerogting-0cb.dk\\\/index.php\\\/vare\\\/die-weise-von-liebe-ud-tod-af-reiner-maria-rilke\\\/#primaryimage\"},\"image\":{\"@id\":\"https:\\\/\\\/www.xn--bgerogting-0cb.dk\\\/index.php\\\/vare\\\/die-weise-von-liebe-ud-tod-af-reiner-maria-rilke\\\/#primaryimage\"},\"thumbnailUrl\":\"https:\\\/\\\/i0.wp.com\\\/www.xn--bgerogting-0cb.dk\\\/wp-content\\\/uploads\\\/2022\\\/03\\\/Die-Weise-von-Liebe-ud-Tod-af-Reiner-Maria-Rilke.jpg?fit=1920%2C1920&ssl=1\",\"datePublished\":\"2022-03-19T10:24:56+00:00\",\"dateModified\":\"2025-01-30T19:55:18+00:00\",\"description\":\"Die Weise von Liebe ud Tod des Cornets Christoph Rilke af Reiner Maria Rilke - In Insel Verlag, 1930 - Insel B\u00fccherei; 1 - Lille format - God stand.\",\"breadcrumb\":{\"@id\":\"https:\\\/\\\/www.xn--bgerogting-0cb.dk\\\/index.php\\\/vare\\\/die-weise-von-liebe-ud-tod-af-reiner-maria-rilke\\\/#breadcrumb\"},\"inLanguage\":\"da-DK\",\"potentialAction\":[{\"@type\":\"ReadAction\",\"target\":[\"https:\\\/\\\/www.xn--bgerogting-0cb.dk\\\/index.php\\\/vare\\\/die-weise-von-liebe-ud-tod-af-reiner-maria-rilke\\\/\"]}]},{\"@type\":\"ImageObject\",\"inLanguage\":\"da-DK\",\"@id\":\"https:\\\/\\\/www.xn--bgerogting-0cb.dk\\\/index.php\\\/vare\\\/die-weise-von-liebe-ud-tod-af-reiner-maria-rilke\\\/#primaryimage\",\"url\":\"https:\\\/\\\/i0.wp.com\\\/www.xn--bgerogting-0cb.dk\\\/wp-content\\\/uploads\\\/2022\\\/03\\\/Die-Weise-von-Liebe-ud-Tod-af-Reiner-Maria-Rilke.jpg?fit=1920%2C1920&ssl=1\",\"contentUrl\":\"https:\\\/\\\/i0.wp.com\\\/www.xn--bgerogting-0cb.dk\\\/wp-content\\\/uploads\\\/2022\\\/03\\\/Die-Weise-von-Liebe-ud-Tod-af-Reiner-Maria-Rilke.jpg?fit=1920%2C1920&ssl=1\",\"width\":1920,\"height\":1920,\"caption\":\"Die Weise von Liebe ud Tod af Reiner Maria Rilke\"},{\"@type\":\"BreadcrumbList\",\"@id\":\"https:\\\/\\\/www.xn--bgerogting-0cb.dk\\\/index.php\\\/vare\\\/die-weise-von-liebe-ud-tod-af-reiner-maria-rilke\\\/#breadcrumb\",\"itemListElement\":[{\"@type\":\"ListItem\",\"position\":1,\"name\":\"Home\",\"item\":\"https:\\\/\\\/www.xn--bgerogting-0cb.dk\\\/\"},{\"@type\":\"ListItem\",\"position\":2,\"name\":\"Butik\",\"item\":\"https:\\\/\\\/www.xn--bgerogting-0cb.dk\\\/index.php\\\/shop\\\/\"},{\"@type\":\"ListItem\",\"position\":3,\"name\":\"Die Weise von Liebe ud Tod af Reiner Maria Rilke\"}]},{\"@type\":\"WebSite\",\"@id\":\"https:\\\/\\\/www.xn--bgerogting-0cb.dk\\\/#website\",\"url\":\"https:\\\/\\\/www.xn--bgerogting-0cb.dk\\\/\",\"name\":\"B\u00f8ger og Ting\",\"description\":\"Antikvarisk, retro, vintage og antik\",\"publisher\":{\"@id\":\"https:\\\/\\\/www.xn--bgerogting-0cb.dk\\\/#organization\"},\"potentialAction\":[{\"@type\":\"SearchAction\",\"target\":{\"@type\":\"EntryPoint\",\"urlTemplate\":\"https:\\\/\\\/www.xn--bgerogting-0cb.dk\\\/?s={search_term_string}\"},\"query-input\":{\"@type\":\"PropertyValueSpecification\",\"valueRequired\":true,\"valueName\":\"search_term_string\"}}],\"inLanguage\":\"da-DK\"},{\"@type\":\"Organization\",\"@id\":\"https:\\\/\\\/www.xn--bgerogting-0cb.dk\\\/#organization\",\"name\":\"B\u00f8ger og Ting\",\"url\":\"https:\\\/\\\/www.xn--bgerogting-0cb.dk\\\/\",\"logo\":{\"@type\":\"ImageObject\",\"inLanguage\":\"da-DK\",\"@id\":\"https:\\\/\\\/www.xn--bgerogting-0cb.dk\\\/#\\\/schema\\\/logo\\\/image\\\/\",\"url\":\"https:\\\/\\\/i0.wp.com\\\/www.xn--bgerogting-0cb.dk\\\/wp-content\\\/uploads\\\/2019\\\/10\\\/webicon.png?fit=205%2C205&ssl=1\",\"contentUrl\":\"https:\\\/\\\/i0.wp.com\\\/www.xn--bgerogting-0cb.dk\\\/wp-content\\\/uploads\\\/2019\\\/10\\\/webicon.png?fit=205%2C205&ssl=1\",\"width\":205,\"height\":205,\"caption\":\"B\u00f8ger og Ting\"},\"image\":{\"@id\":\"https:\\\/\\\/www.xn--bgerogting-0cb.dk\\\/#\\\/schema\\\/logo\\\/image\\\/\"},\"sameAs\":[\"https:\\\/\\\/www.facebook.com\\\/boegerogting\\\/\",\"https:\\\/\\\/www.instagram.com\\\/bogerogting\\\/\"]}]}<\/script>\n<meta property=\"product:price:amount\" content=\"80.00\" \/>\n<meta property=\"product:price:currency\" content=\"DKK\" \/>\n<meta property=\"og:availability\" content=\"instock\" \/>\n<meta property=\"product:availability\" content=\"instock\" \/>\n<meta property=\"product:retailer_item_id\" content=\"6450\" \/>\n<meta property=\"product:condition\" content=\"new\" \/>\n<!-- \/ Yoast SEO Premium plugin. -->","yoast_head_json":{"title":"Die Weise von Liebe ud Tod af Reiner Maria Rilke - B\u00f8ger og Ting","description":"Die Weise von Liebe ud Tod des Cornets Christoph Rilke af Reiner Maria Rilke - In Insel Verlag, 1930 - Insel B\u00fccherei; 1 - Lille format - God stand.","robots":{"index":"index","follow":"follow","max-snippet":"max-snippet:-1","max-image-preview":"max-image-preview:large","max-video-preview":"max-video-preview:-1"},"canonical":"https:\/\/www.xn--bgerogting-0cb.dk\/index.php\/vare\/die-weise-von-liebe-ud-tod-af-reiner-maria-rilke\/","og_locale":"da_DK","og_type":"article","og_title":"Die Weise von Liebe ud Tod af Reiner Maria Rilke","og_description":"Die Weise von Liebe ud Tod des Cornets Christoph Rilke af Reiner Maria Rilke - In Insel Verlag, 1930 - Insel B\u00fccherei; 1 - Lille format - God stand.","og_url":"https:\/\/www.xn--bgerogting-0cb.dk\/index.php\/vare\/die-weise-von-liebe-ud-tod-af-reiner-maria-rilke\/","og_site_name":"B\u00f8ger og Ting","article_publisher":"https:\/\/www.facebook.com\/boegerogting\/","article_modified_time":"2025-01-30T19:55:18+00:00","og_image":[{"width":1920,"height":1920,"url":"https:\/\/www.xn--bgerogting-0cb.dk\/wp-content\/uploads\/2022\/03\/Die-Weise-von-Liebe-ud-Tod-af-Reiner-Maria-Rilke.jpg","type":"image\/jpeg"}],"twitter_card":"summary_large_image","twitter_misc":{"Pris":"kr.&nbsp;80,00","Tilg\u00e6ngelighed":"P\u00e5 lager"},"schema":{"@context":"https:\/\/schema.org","@graph":[{"@type":"WebPage","@id":"https:\/\/www.xn--bgerogting-0cb.dk\/index.php\/vare\/die-weise-von-liebe-ud-tod-af-reiner-maria-rilke\/","url":"https:\/\/www.xn--bgerogting-0cb.dk\/index.php\/vare\/die-weise-von-liebe-ud-tod-af-reiner-maria-rilke\/","name":"Die Weise von Liebe ud Tod af Reiner Maria Rilke - B\u00f8ger og Ting","isPartOf":{"@id":"https:\/\/www.xn--bgerogting-0cb.dk\/#website"},"primaryImageOfPage":{"@id":"https:\/\/www.xn--bgerogting-0cb.dk\/index.php\/vare\/die-weise-von-liebe-ud-tod-af-reiner-maria-rilke\/#primaryimage"},"image":{"@id":"https:\/\/www.xn--bgerogting-0cb.dk\/index.php\/vare\/die-weise-von-liebe-ud-tod-af-reiner-maria-rilke\/#primaryimage"},"thumbnailUrl":"https:\/\/i0.wp.com\/www.xn--bgerogting-0cb.dk\/wp-content\/uploads\/2022\/03\/Die-Weise-von-Liebe-ud-Tod-af-Reiner-Maria-Rilke.jpg?fit=1920%2C1920&ssl=1","datePublished":"2022-03-19T10:24:56+00:00","dateModified":"2025-01-30T19:55:18+00:00","description":"Die Weise von Liebe ud Tod des Cornets Christoph Rilke af Reiner Maria Rilke - In Insel Verlag, 1930 - Insel B\u00fccherei; 1 - Lille format - God stand.","breadcrumb":{"@id":"https:\/\/www.xn--bgerogting-0cb.dk\/index.php\/vare\/die-weise-von-liebe-ud-tod-af-reiner-maria-rilke\/#breadcrumb"},"inLanguage":"da-DK","potentialAction":[{"@type":"ReadAction","target":["https:\/\/www.xn--bgerogting-0cb.dk\/index.php\/vare\/die-weise-von-liebe-ud-tod-af-reiner-maria-rilke\/"]}]},{"@type":"ImageObject","inLanguage":"da-DK","@id":"https:\/\/www.xn--bgerogting-0cb.dk\/index.php\/vare\/die-weise-von-liebe-ud-tod-af-reiner-maria-rilke\/#primaryimage","url":"https:\/\/i0.wp.com\/www.xn--bgerogting-0cb.dk\/wp-content\/uploads\/2022\/03\/Die-Weise-von-Liebe-ud-Tod-af-Reiner-Maria-Rilke.jpg?fit=1920%2C1920&ssl=1","contentUrl":"https:\/\/i0.wp.com\/www.xn--bgerogting-0cb.dk\/wp-content\/uploads\/2022\/03\/Die-Weise-von-Liebe-ud-Tod-af-Reiner-Maria-Rilke.jpg?fit=1920%2C1920&ssl=1","width":1920,"height":1920,"caption":"Die Weise von Liebe ud Tod af Reiner Maria Rilke"},{"@type":"BreadcrumbList","@id":"https:\/\/www.xn--bgerogting-0cb.dk\/index.php\/vare\/die-weise-von-liebe-ud-tod-af-reiner-maria-rilke\/#breadcrumb","itemListElement":[{"@type":"ListItem","position":1,"name":"Home","item":"https:\/\/www.xn--bgerogting-0cb.dk\/"},{"@type":"ListItem","position":2,"name":"Butik","item":"https:\/\/www.xn--bgerogting-0cb.dk\/index.php\/shop\/"},{"@type":"ListItem","position":3,"name":"Die Weise von Liebe ud Tod af Reiner Maria Rilke"}]},{"@type":"WebSite","@id":"https:\/\/www.xn--bgerogting-0cb.dk\/#website","url":"https:\/\/www.xn--bgerogting-0cb.dk\/","name":"B\u00f8ger og Ting","description":"Antikvarisk, retro, vintage og antik","publisher":{"@id":"https:\/\/www.xn--bgerogting-0cb.dk\/#organization"},"potentialAction":[{"@type":"SearchAction","target":{"@type":"EntryPoint","urlTemplate":"https:\/\/www.xn--bgerogting-0cb.dk\/?s={search_term_string}"},"query-input":{"@type":"PropertyValueSpecification","valueRequired":true,"valueName":"search_term_string"}}],"inLanguage":"da-DK"},{"@type":"Organization","@id":"https:\/\/www.xn--bgerogting-0cb.dk\/#organization","name":"B\u00f8ger og Ting","url":"https:\/\/www.xn--bgerogting-0cb.dk\/","logo":{"@type":"ImageObject","inLanguage":"da-DK","@id":"https:\/\/www.xn--bgerogting-0cb.dk\/#\/schema\/logo\/image\/","url":"https:\/\/i0.wp.com\/www.xn--bgerogting-0cb.dk\/wp-content\/uploads\/2019\/10\/webicon.png?fit=205%2C205&ssl=1","contentUrl":"https:\/\/i0.wp.com\/www.xn--bgerogting-0cb.dk\/wp-content\/uploads\/2019\/10\/webicon.png?fit=205%2C205&ssl=1","width":205,"height":205,"caption":"B\u00f8ger og Ting"},"image":{"@id":"https:\/\/www.xn--bgerogting-0cb.dk\/#\/schema\/logo\/image\/"},"sameAs":["https:\/\/www.facebook.com\/boegerogting\/","https:\/\/www.instagram.com\/bogerogting\/"]}]},"product_price_amount":"80.00","product_price_currency":"DKK","og_availability":"instock","product_availability":"instock","product_retailer_item_id":"6450","product_condition":"new"},"jetpack_sharing_enabled":true,"_links":{"self":[{"href":"https:\/\/www.xn--bgerogting-0cb.dk\/index.php\/wp-json\/wp\/v2\/product\/12390","targetHints":{"allow":["GET"]}}],"collection":[{"href":"https:\/\/www.xn--bgerogting-0cb.dk\/index.php\/wp-json\/wp\/v2\/product"}],"about":[{"href":"https:\/\/www.xn--bgerogting-0cb.dk\/index.php\/wp-json\/wp\/v2\/types\/product"}],"wp:featuredmedia":[{"embeddable":true,"href":"https:\/\/www.xn--bgerogting-0cb.dk\/index.php\/wp-json\/wp\/v2\/media\/12418"}],"wp:attachment":[{"href":"https:\/\/www.xn--bgerogting-0cb.dk\/index.php\/wp-json\/wp\/v2\/media?parent=12390"}],"wp:term":[{"taxonomy":"product_brand","embeddable":true,"href":"https:\/\/www.xn--bgerogting-0cb.dk\/index.php\/wp-json\/wp\/v2\/product_brand?post=12390"},{"taxonomy":"product_cat","embeddable":true,"href":"https:\/\/www.xn--bgerogting-0cb.dk\/index.php\/wp-json\/wp\/v2\/product_cat?post=12390"},{"taxonomy":"product_tag","embeddable":true,"href":"https:\/\/www.xn--bgerogting-0cb.dk\/index.php\/wp-json\/wp\/v2\/product_tag?post=12390"}],"curies":[{"name":"wp","href":"https:\/\/api.w.org\/{rel}","templated":true}]}}