{"id":12381,"date":"2022-03-15T21:36:55","date_gmt":"2022-03-15T20:36:55","guid":{"rendered":"https:\/\/www.xn--bgerogting-0cb.dk\/?post_type=product&#038;p=12381"},"modified":"2022-03-15T21:36:55","modified_gmt":"2022-03-15T20:36:55","slug":"hesten-i-avl-og-brug-af-j-jespersen-m-fl","status":"publish","type":"product","link":"https:\/\/www.xn--bgerogting-0cb.dk\/index.php\/vare\/hesten-i-avl-og-brug-af-j-jespersen-m-fl\/","title":{"rendered":"Hesten i Avl og Brug af J. Jespersen m.fl."},"content":{"rendered":"<p>Hesten i Avl og Brug af J. Jespersen m.fl.<br \/>\nDet Kgl. danske Landhusholdningsselskab, 1944 &#8211; 2. udgave &#8211; 268 sider &#8211; H\u00e6ftet med kartonbind.<br \/>\nIllustreret med s\/h fotos og tegninger.<br \/>\nBogen er i generelt i god stand, men har lidt brugsspor.<\/p>\n<p>Fra bogens forord:<br \/>\n&#8220;Formaalet med foreliggende Bog er gennem en kort og let tilg\u00e6ngelig Oversigt at yde et Bidrag til unge Landm\u00e6nds Uddannelse med Hensyn til Hestens Avl, Brug, Behandling og Fodring. .. Bogen er endvidere et Led i Bestr\u00e6belserne for at bevare og fremme Interessen for Hestene, s\u00e6rligt hos de unge, ogsaa ud over den nuv\u00e6rende Situation, saaledes at en Gentagelse af de for Hestene saa uheldige Forhold efter den forrige Verdenskrig i nogen Maade undgaas. Det vil sikkert endnu kunne erindres, hvorledes den mekaniske Tr\u00e6kkrafti Form af Motorcykler og Biler den Gang i vid Udstr\u00e6kning medf\u00f8rte, at Ungdommens Interesse for Hesten n\u00e6sten ganske forsvandt. Der var efterhaanden ikke mange, der kunne k\u00f8re et par Heste &#8230;&#8221;<\/p>\n","protected":false},"excerpt":{"rendered":"<p>Hesten i Avl og Brug af J. Jespersen m.fl.<br \/>\nDet Kgl. danske Landhusholdningsselskab, 1944 &#8211; 2. udgave &#8211; 268 sider &#8211; H\u00e6ftet med kartonbind.<br \/>\nIllustreret med s\/h fotos og tegninger.<br \/>\nBogen er i generelt i god stand, men har dog lidt brugsspor.<\/p>\n<p>Fra bogens forord:<br \/>\n&#8220;Formaalet med foreliggende Bog er gennem en kort og let tilg\u00e6ngelig Oversigt at yde et Bidrag til unge Landm\u00e6nds Uddannelse med Hensyn til Hestens Avl, Brug, Behandling og Fodring. .. Bogen er endvidere et Led i Bestr\u00e6belserne for at bevare og fremme Interessen for Hestene, s\u00e6rligt hos de unge, ogsaa ud over den nuv\u00e6rende Situation, saaledes at en Gentagelse af de for Hestene saa uheldige Forhold efter den forrige Verdenskrig i nogen Maade undgaas. Det vil sikkert endnu kunne erindres, hvorledes den mekaniske Tr\u00e6kkrafti Form af Motorcykler og Biler den Gang i vid Udstr\u00e6kning medf\u00f8rte, at Ungdommens Interesse for Hesten n\u00e6sten ganske forsvandt. Der var efterhaanden ikke mange, der kunne k\u00f8re et par Heste &#8230;&#8221;<\/p>\n","protected":false},"featured_media":12384,"template":"","meta":[],"product_brand":[],"product_cat":[27,28,1154,1153],"product_tag":[673,1155],"class_list":{"0":"post-12381","1":"product","2":"type-product","3":"status-publish","4":"has-post-thumbnail","6":"product_cat-boeger","7":"product_cat-fagboeger","8":"product_cat-husdyr-fagboeger","9":"product_cat-husdyr","10":"product_tag-heste","11":"product_tag-landbrug","13":"first","14":"instock","15":"shipping-taxable","16":"purchasable","17":"product-type-simple"},"yoast_head":"<!-- This site is optimized with the Yoast SEO Premium plugin v27.4 (Yoast SEO v27.6) - https:\/\/yoast.com\/product\/yoast-seo-premium-wordpress\/ -->\n<title>Hesten i Avl og Brug af J. Jespersen m.fl. - B\u00f8ger og Ting<\/title>\n<meta name=\"description\" content=\"Hesten i Avl og Brug af J. Jespersen m.fl. - Det Kgl. danske Landhusholdningsselskab, 1944 - 2. udgave - 268 sider - H\u00e6ftet med kartonbind.\" \/>\n<meta name=\"robots\" content=\"index, follow, max-snippet:-1, max-image-preview:large, max-video-preview:-1\" \/>\n<link rel=\"canonical\" href=\"https:\/\/www.xn--bgerogting-0cb.dk\/index.php\/vare\/hesten-i-avl-og-brug-af-j-jespersen-m-fl\/\" \/>\n<meta property=\"og:locale\" content=\"da_DK\" \/>\n<meta property=\"og:type\" content=\"article\" \/>\n<meta property=\"og:title\" content=\"Hesten i Avl og Brug af J. Jespersen m.fl.\" \/>\n<meta property=\"og:description\" content=\"Hesten i Avl og Brug af J. Jespersen m.fl. - Det Kgl. danske Landhusholdningsselskab, 1944 - 2. udgave - 268 sider - H\u00e6ftet med kartonbind.\" \/>\n<meta property=\"og:url\" content=\"https:\/\/www.xn--bgerogting-0cb.dk\/index.php\/vare\/hesten-i-avl-og-brug-af-j-jespersen-m-fl\/\" \/>\n<meta property=\"og:site_name\" content=\"B\u00f8ger og Ting\" \/>\n<meta property=\"article:publisher\" content=\"https:\/\/www.facebook.com\/boegerogting\/\" \/>\n<meta property=\"og:image\" content=\"https:\/\/www.xn--bgerogting-0cb.dk\/wp-content\/uploads\/2022\/03\/Hesten-i-Avl-og-Brug-af-J.-Jespersen.jpg\" \/>\n\t<meta property=\"og:image:width\" content=\"1920\" \/>\n\t<meta property=\"og:image:height\" content=\"1920\" \/>\n\t<meta property=\"og:image:type\" content=\"image\/jpeg\" \/>\n<meta name=\"twitter:card\" content=\"summary_large_image\" \/>\n<meta name=\"twitter:label1\" content=\"Pris\" \/>\n\t<meta name=\"twitter:data1\" content=\"kr.&nbsp;90,00\" \/>\n\t<meta name=\"twitter:label2\" content=\"Tilg\u00e6ngelighed\" \/>\n\t<meta name=\"twitter:data2\" content=\"P\u00e5 lager\" \/>\n<script type=\"application\/ld+json\" class=\"yoast-schema-graph\">{\"@context\":\"https:\\\/\\\/schema.org\",\"@graph\":[{\"@type\":\"WebPage\",\"@id\":\"https:\\\/\\\/www.xn--bgerogting-0cb.dk\\\/index.php\\\/vare\\\/hesten-i-avl-og-brug-af-j-jespersen-m-fl\\\/\",\"url\":\"https:\\\/\\\/www.xn--bgerogting-0cb.dk\\\/index.php\\\/vare\\\/hesten-i-avl-og-brug-af-j-jespersen-m-fl\\\/\",\"name\":\"Hesten i Avl og Brug af J. Jespersen m.fl. - B\u00f8ger og Ting\",\"isPartOf\":{\"@id\":\"https:\\\/\\\/www.xn--bgerogting-0cb.dk\\\/#website\"},\"primaryImageOfPage\":{\"@id\":\"https:\\\/\\\/www.xn--bgerogting-0cb.dk\\\/index.php\\\/vare\\\/hesten-i-avl-og-brug-af-j-jespersen-m-fl\\\/#primaryimage\"},\"image\":{\"@id\":\"https:\\\/\\\/www.xn--bgerogting-0cb.dk\\\/index.php\\\/vare\\\/hesten-i-avl-og-brug-af-j-jespersen-m-fl\\\/#primaryimage\"},\"thumbnailUrl\":\"https:\\\/\\\/i0.wp.com\\\/www.xn--bgerogting-0cb.dk\\\/wp-content\\\/uploads\\\/2022\\\/03\\\/Hesten-i-Avl-og-Brug-af-J.-Jespersen.jpg?fit=1920%2C1920&ssl=1\",\"datePublished\":\"2022-03-15T20:36:55+00:00\",\"description\":\"Hesten i Avl og Brug af J. Jespersen m.fl. - Det Kgl. danske Landhusholdningsselskab, 1944 - 2. udgave - 268 sider - H\u00e6ftet med kartonbind.\",\"breadcrumb\":{\"@id\":\"https:\\\/\\\/www.xn--bgerogting-0cb.dk\\\/index.php\\\/vare\\\/hesten-i-avl-og-brug-af-j-jespersen-m-fl\\\/#breadcrumb\"},\"inLanguage\":\"da-DK\",\"potentialAction\":[{\"@type\":\"ReadAction\",\"target\":[\"https:\\\/\\\/www.xn--bgerogting-0cb.dk\\\/index.php\\\/vare\\\/hesten-i-avl-og-brug-af-j-jespersen-m-fl\\\/\"]}]},{\"@type\":\"ImageObject\",\"inLanguage\":\"da-DK\",\"@id\":\"https:\\\/\\\/www.xn--bgerogting-0cb.dk\\\/index.php\\\/vare\\\/hesten-i-avl-og-brug-af-j-jespersen-m-fl\\\/#primaryimage\",\"url\":\"https:\\\/\\\/i0.wp.com\\\/www.xn--bgerogting-0cb.dk\\\/wp-content\\\/uploads\\\/2022\\\/03\\\/Hesten-i-Avl-og-Brug-af-J.-Jespersen.jpg?fit=1920%2C1920&ssl=1\",\"contentUrl\":\"https:\\\/\\\/i0.wp.com\\\/www.xn--bgerogting-0cb.dk\\\/wp-content\\\/uploads\\\/2022\\\/03\\\/Hesten-i-Avl-og-Brug-af-J.-Jespersen.jpg?fit=1920%2C1920&ssl=1\",\"width\":1920,\"height\":1920,\"caption\":\"Hesten i Avl og Brug af J. Jespersen\"},{\"@type\":\"BreadcrumbList\",\"@id\":\"https:\\\/\\\/www.xn--bgerogting-0cb.dk\\\/index.php\\\/vare\\\/hesten-i-avl-og-brug-af-j-jespersen-m-fl\\\/#breadcrumb\",\"itemListElement\":[{\"@type\":\"ListItem\",\"position\":1,\"name\":\"Home\",\"item\":\"https:\\\/\\\/www.xn--bgerogting-0cb.dk\\\/\"},{\"@type\":\"ListItem\",\"position\":2,\"name\":\"Butik\",\"item\":\"https:\\\/\\\/www.xn--bgerogting-0cb.dk\\\/index.php\\\/shop\\\/\"},{\"@type\":\"ListItem\",\"position\":3,\"name\":\"Hesten i Avl og Brug af J. Jespersen m.fl.\"}]},{\"@type\":\"WebSite\",\"@id\":\"https:\\\/\\\/www.xn--bgerogting-0cb.dk\\\/#website\",\"url\":\"https:\\\/\\\/www.xn--bgerogting-0cb.dk\\\/\",\"name\":\"B\u00f8ger og Ting\",\"description\":\"Antikvarisk, retro, vintage og antik\",\"publisher\":{\"@id\":\"https:\\\/\\\/www.xn--bgerogting-0cb.dk\\\/#organization\"},\"potentialAction\":[{\"@type\":\"SearchAction\",\"target\":{\"@type\":\"EntryPoint\",\"urlTemplate\":\"https:\\\/\\\/www.xn--bgerogting-0cb.dk\\\/?s={search_term_string}\"},\"query-input\":{\"@type\":\"PropertyValueSpecification\",\"valueRequired\":true,\"valueName\":\"search_term_string\"}}],\"inLanguage\":\"da-DK\"},{\"@type\":\"Organization\",\"@id\":\"https:\\\/\\\/www.xn--bgerogting-0cb.dk\\\/#organization\",\"name\":\"B\u00f8ger og Ting\",\"url\":\"https:\\\/\\\/www.xn--bgerogting-0cb.dk\\\/\",\"logo\":{\"@type\":\"ImageObject\",\"inLanguage\":\"da-DK\",\"@id\":\"https:\\\/\\\/www.xn--bgerogting-0cb.dk\\\/#\\\/schema\\\/logo\\\/image\\\/\",\"url\":\"https:\\\/\\\/i0.wp.com\\\/www.xn--bgerogting-0cb.dk\\\/wp-content\\\/uploads\\\/2019\\\/10\\\/webicon.png?fit=205%2C205&ssl=1\",\"contentUrl\":\"https:\\\/\\\/i0.wp.com\\\/www.xn--bgerogting-0cb.dk\\\/wp-content\\\/uploads\\\/2019\\\/10\\\/webicon.png?fit=205%2C205&ssl=1\",\"width\":205,\"height\":205,\"caption\":\"B\u00f8ger og Ting\"},\"image\":{\"@id\":\"https:\\\/\\\/www.xn--bgerogting-0cb.dk\\\/#\\\/schema\\\/logo\\\/image\\\/\"},\"sameAs\":[\"https:\\\/\\\/www.facebook.com\\\/boegerogting\\\/\",\"https:\\\/\\\/www.instagram.com\\\/bogerogting\\\/\"]}]}<\/script>\n<meta property=\"product:price:amount\" content=\"90.00\" \/>\n<meta property=\"product:price:currency\" content=\"DKK\" \/>\n<meta property=\"og:availability\" content=\"instock\" \/>\n<meta property=\"product:availability\" content=\"instock\" \/>\n<meta property=\"product:retailer_item_id\" content=\"7624\" \/>\n<meta property=\"product:condition\" content=\"new\" \/>\n<!-- \/ Yoast SEO Premium plugin. -->","yoast_head_json":{"title":"Hesten i Avl og Brug af J. Jespersen m.fl. - B\u00f8ger og Ting","description":"Hesten i Avl og Brug af J. Jespersen m.fl. - Det Kgl. danske Landhusholdningsselskab, 1944 - 2. udgave - 268 sider - H\u00e6ftet med kartonbind.","robots":{"index":"index","follow":"follow","max-snippet":"max-snippet:-1","max-image-preview":"max-image-preview:large","max-video-preview":"max-video-preview:-1"},"canonical":"https:\/\/www.xn--bgerogting-0cb.dk\/index.php\/vare\/hesten-i-avl-og-brug-af-j-jespersen-m-fl\/","og_locale":"da_DK","og_type":"article","og_title":"Hesten i Avl og Brug af J. Jespersen m.fl.","og_description":"Hesten i Avl og Brug af J. Jespersen m.fl. - Det Kgl. danske Landhusholdningsselskab, 1944 - 2. udgave - 268 sider - H\u00e6ftet med kartonbind.","og_url":"https:\/\/www.xn--bgerogting-0cb.dk\/index.php\/vare\/hesten-i-avl-og-brug-af-j-jespersen-m-fl\/","og_site_name":"B\u00f8ger og Ting","article_publisher":"https:\/\/www.facebook.com\/boegerogting\/","og_image":[{"width":1920,"height":1920,"url":"https:\/\/www.xn--bgerogting-0cb.dk\/wp-content\/uploads\/2022\/03\/Hesten-i-Avl-og-Brug-af-J.-Jespersen.jpg","type":"image\/jpeg"}],"twitter_card":"summary_large_image","twitter_misc":{"Pris":"kr.&nbsp;90,00","Tilg\u00e6ngelighed":"P\u00e5 lager"},"schema":{"@context":"https:\/\/schema.org","@graph":[{"@type":"WebPage","@id":"https:\/\/www.xn--bgerogting-0cb.dk\/index.php\/vare\/hesten-i-avl-og-brug-af-j-jespersen-m-fl\/","url":"https:\/\/www.xn--bgerogting-0cb.dk\/index.php\/vare\/hesten-i-avl-og-brug-af-j-jespersen-m-fl\/","name":"Hesten i Avl og Brug af J. Jespersen m.fl. - B\u00f8ger og Ting","isPartOf":{"@id":"https:\/\/www.xn--bgerogting-0cb.dk\/#website"},"primaryImageOfPage":{"@id":"https:\/\/www.xn--bgerogting-0cb.dk\/index.php\/vare\/hesten-i-avl-og-brug-af-j-jespersen-m-fl\/#primaryimage"},"image":{"@id":"https:\/\/www.xn--bgerogting-0cb.dk\/index.php\/vare\/hesten-i-avl-og-brug-af-j-jespersen-m-fl\/#primaryimage"},"thumbnailUrl":"https:\/\/i0.wp.com\/www.xn--bgerogting-0cb.dk\/wp-content\/uploads\/2022\/03\/Hesten-i-Avl-og-Brug-af-J.-Jespersen.jpg?fit=1920%2C1920&ssl=1","datePublished":"2022-03-15T20:36:55+00:00","description":"Hesten i Avl og Brug af J. Jespersen m.fl. - Det Kgl. danske Landhusholdningsselskab, 1944 - 2. udgave - 268 sider - H\u00e6ftet med kartonbind.","breadcrumb":{"@id":"https:\/\/www.xn--bgerogting-0cb.dk\/index.php\/vare\/hesten-i-avl-og-brug-af-j-jespersen-m-fl\/#breadcrumb"},"inLanguage":"da-DK","potentialAction":[{"@type":"ReadAction","target":["https:\/\/www.xn--bgerogting-0cb.dk\/index.php\/vare\/hesten-i-avl-og-brug-af-j-jespersen-m-fl\/"]}]},{"@type":"ImageObject","inLanguage":"da-DK","@id":"https:\/\/www.xn--bgerogting-0cb.dk\/index.php\/vare\/hesten-i-avl-og-brug-af-j-jespersen-m-fl\/#primaryimage","url":"https:\/\/i0.wp.com\/www.xn--bgerogting-0cb.dk\/wp-content\/uploads\/2022\/03\/Hesten-i-Avl-og-Brug-af-J.-Jespersen.jpg?fit=1920%2C1920&ssl=1","contentUrl":"https:\/\/i0.wp.com\/www.xn--bgerogting-0cb.dk\/wp-content\/uploads\/2022\/03\/Hesten-i-Avl-og-Brug-af-J.-Jespersen.jpg?fit=1920%2C1920&ssl=1","width":1920,"height":1920,"caption":"Hesten i Avl og Brug af J. Jespersen"},{"@type":"BreadcrumbList","@id":"https:\/\/www.xn--bgerogting-0cb.dk\/index.php\/vare\/hesten-i-avl-og-brug-af-j-jespersen-m-fl\/#breadcrumb","itemListElement":[{"@type":"ListItem","position":1,"name":"Home","item":"https:\/\/www.xn--bgerogting-0cb.dk\/"},{"@type":"ListItem","position":2,"name":"Butik","item":"https:\/\/www.xn--bgerogting-0cb.dk\/index.php\/shop\/"},{"@type":"ListItem","position":3,"name":"Hesten i Avl og Brug af J. Jespersen m.fl."}]},{"@type":"WebSite","@id":"https:\/\/www.xn--bgerogting-0cb.dk\/#website","url":"https:\/\/www.xn--bgerogting-0cb.dk\/","name":"B\u00f8ger og Ting","description":"Antikvarisk, retro, vintage og antik","publisher":{"@id":"https:\/\/www.xn--bgerogting-0cb.dk\/#organization"},"potentialAction":[{"@type":"SearchAction","target":{"@type":"EntryPoint","urlTemplate":"https:\/\/www.xn--bgerogting-0cb.dk\/?s={search_term_string}"},"query-input":{"@type":"PropertyValueSpecification","valueRequired":true,"valueName":"search_term_string"}}],"inLanguage":"da-DK"},{"@type":"Organization","@id":"https:\/\/www.xn--bgerogting-0cb.dk\/#organization","name":"B\u00f8ger og Ting","url":"https:\/\/www.xn--bgerogting-0cb.dk\/","logo":{"@type":"ImageObject","inLanguage":"da-DK","@id":"https:\/\/www.xn--bgerogting-0cb.dk\/#\/schema\/logo\/image\/","url":"https:\/\/i0.wp.com\/www.xn--bgerogting-0cb.dk\/wp-content\/uploads\/2019\/10\/webicon.png?fit=205%2C205&ssl=1","contentUrl":"https:\/\/i0.wp.com\/www.xn--bgerogting-0cb.dk\/wp-content\/uploads\/2019\/10\/webicon.png?fit=205%2C205&ssl=1","width":205,"height":205,"caption":"B\u00f8ger og Ting"},"image":{"@id":"https:\/\/www.xn--bgerogting-0cb.dk\/#\/schema\/logo\/image\/"},"sameAs":["https:\/\/www.facebook.com\/boegerogting\/","https:\/\/www.instagram.com\/bogerogting\/"]}]},"product_price_amount":"90.00","product_price_currency":"DKK","og_availability":"instock","product_availability":"instock","product_retailer_item_id":"7624","product_condition":"new"},"jetpack_sharing_enabled":true,"_links":{"self":[{"href":"https:\/\/www.xn--bgerogting-0cb.dk\/index.php\/wp-json\/wp\/v2\/product\/12381","targetHints":{"allow":["GET"]}}],"collection":[{"href":"https:\/\/www.xn--bgerogting-0cb.dk\/index.php\/wp-json\/wp\/v2\/product"}],"about":[{"href":"https:\/\/www.xn--bgerogting-0cb.dk\/index.php\/wp-json\/wp\/v2\/types\/product"}],"wp:featuredmedia":[{"embeddable":true,"href":"https:\/\/www.xn--bgerogting-0cb.dk\/index.php\/wp-json\/wp\/v2\/media\/12384"}],"wp:attachment":[{"href":"https:\/\/www.xn--bgerogting-0cb.dk\/index.php\/wp-json\/wp\/v2\/media?parent=12381"}],"wp:term":[{"taxonomy":"product_brand","embeddable":true,"href":"https:\/\/www.xn--bgerogting-0cb.dk\/index.php\/wp-json\/wp\/v2\/product_brand?post=12381"},{"taxonomy":"product_cat","embeddable":true,"href":"https:\/\/www.xn--bgerogting-0cb.dk\/index.php\/wp-json\/wp\/v2\/product_cat?post=12381"},{"taxonomy":"product_tag","embeddable":true,"href":"https:\/\/www.xn--bgerogting-0cb.dk\/index.php\/wp-json\/wp\/v2\/product_tag?post=12381"}],"curies":[{"name":"wp","href":"https:\/\/api.w.org\/{rel}","templated":true}]}}