{"id":12143,"date":"2025-12-17T12:49:40","date_gmt":"2025-12-17T11:49:40","guid":{"rendered":"https:\/\/www.xn--bgerogting-0cb.dk\/?post_type=product&#038;p=12143"},"modified":"2025-12-22T10:18:02","modified_gmt":"2025-12-22T09:18:02","slug":"heidi-af-johanna-spyri","status":"publish","type":"product","link":"https:\/\/www.xn--bgerogting-0cb.dk\/index.php\/vare\/heidi-af-johanna-spyri\/","title":{"rendered":"Heidi af Johanna Spyri"},"content":{"rendered":"<p>Heidi af Johanna Spyri.<br \/>\nCarlsen if, 1983 &#8211; 127 sider &#8211; H\u00e6ftet hardback.<br \/>\nIllustreret af Gerda Muller &#8211; Tysk originaltitel: Heidi, 1880 &#8211; Oversat af Lilian Plon.<br \/>\nBogen er i meget fin stand dog en svag ridse p\u00e5 bagsiden af bindet.<\/p>\n<p>Historien om den for\u00e6ldrel\u00f8se, lille Heidi er en af de helt store b\u00f8rnebogsklassikere og er kommet i utallige udgaver. Denne er bearbejdet og forkortet af Barbara Blezinger.<\/p>\n<p>Den 5-\u00e5rige Heidi bor hos sin bedstefar i en ensomt beliggende hytte i Alperne. Hendes eneste legekammerater er gederne og drengen Peter, der er hyrde for gederne.<br \/>\nEn dag bliver Heidi hentet til Frankfurt, hvor hun skal v\u00e6re selskab for den lamme pige Klara. Det er nyt og sp\u00e6ndende i den store by, men Heidi l\u00e6nges efter bedstefar og den frie natur. Heldigvis f\u00e5r hun lov til at komme hjem igen \u2026<\/p>\n<p>Johanna Spyri (1827 &#8211; 1901) var svejtsisk b\u00f8rnebogsforfatter.<\/p>\n","protected":false},"excerpt":{"rendered":"<p>Heidi af Johanna Spyri.<br \/>\nCarlsen if, 1983 &#8211; 127 sider &#8211; H\u00e6ftet hardback.<br \/>\nIllustreret af Gerda Muller &#8211; Tysk originaltitel: Heidi, 1880 &#8211; Oversat af Lilian Plon.<br \/>\nBogen er i meget fin stand dog en svag ridse p\u00e5 bagsiden af bindet.<\/p>\n<p>Historien om den for\u00e6ldrel\u00f8se, lille Heidi er en af de helt store b\u00f8rnebogsklassikere og er kommet i utallige udgaver. Denne er bearbejdet og forkortet af Barbara Blezinger.<\/p>\n<p>Den 5-\u00e5rige Heidi bor hos sin bedstefar i en ensomt beliggende hytte i Alperne. Hendes eneste legekammerater er gederne og drengen Peter, der er hyrde for gederne.<br \/>\nEn dag bliver Heidi hentet til Frankfurt, hvor hun skal v\u00e6re selskab for den lamme pige Klara. Det er nyt og sp\u00e6ndende i den store by, men Heidi l\u00e6nges efter bedstefar og den frie natur. Heldigvis f\u00e5r hun lov til at komme hjem igen \u2026<\/p>\n<p>Johanna Spyri (1827 &#8211; 1901) var svejtsisk b\u00f8rnebogsforfatter.<\/p>\n","protected":false},"featured_media":12147,"template":"","meta":[],"product_brand":[],"product_cat":[796,85,27,35],"product_tag":[55,251,1129,911],"class_list":{"0":"post-12143","1":"product","2":"type-product","3":"status-publish","4":"has-post-thumbnail","6":"product_cat-alle-tiders-boerneboeger-1800-1899","7":"product_cat-alle-tiders-boerneboeger-1980-1989","8":"product_cat-boeger","9":"product_cat-barneboger","10":"product_tag-boernebogsklassiker","11":"product_tag-hoejtlaesning","12":"product_tag-johanna-spyri","13":"product_tag-svejtsisk","15":"first","16":"outofstock","17":"shipping-taxable","18":"purchasable","19":"product-type-simple"},"yoast_head":"<!-- This site is optimized with the Yoast SEO Premium plugin v26.9 (Yoast SEO v27.3) - https:\/\/yoast.com\/product\/yoast-seo-premium-wordpress\/ -->\n<title>Heidi af Johanna Spyri - B\u00f8ger og Ting<\/title>\n<meta name=\"description\" content=\"Heidi af Johanna Spyri - Carlsen if, 1983 - 127 sider - H\u00e6ftet hardback - Illustreret af Gerda Muller - Bogen er i meget fin stand.\" \/>\n<meta name=\"robots\" content=\"index, follow, max-snippet:-1, max-image-preview:large, max-video-preview:-1\" \/>\n<link rel=\"canonical\" href=\"https:\/\/www.xn--bgerogting-0cb.dk\/index.php\/vare\/heidi-af-johanna-spyri\/\" \/>\n<meta property=\"og:locale\" content=\"da_DK\" \/>\n<meta property=\"og:type\" content=\"article\" \/>\n<meta property=\"og:title\" content=\"Heidi af Johanna Spyri\" \/>\n<meta property=\"og:description\" content=\"Heidi af Johanna Spyri - Carlsen if, 1983 - 127 sider - H\u00e6ftet hardback - Illustreret af Gerda Muller - Bogen er i meget fin stand.\" \/>\n<meta property=\"og:url\" content=\"https:\/\/www.xn--bgerogting-0cb.dk\/index.php\/vare\/heidi-af-johanna-spyri\/\" \/>\n<meta property=\"og:site_name\" content=\"B\u00f8ger og Ting\" \/>\n<meta property=\"article:publisher\" content=\"https:\/\/www.facebook.com\/boegerogting\/\" \/>\n<meta property=\"article:modified_time\" content=\"2025-12-22T09:18:02+00:00\" \/>\n<meta property=\"og:image\" content=\"https:\/\/www.xn--bgerogting-0cb.dk\/wp-content\/uploads\/2022\/02\/Heidi-Carlsen.jpg\" \/>\n\t<meta property=\"og:image:width\" content=\"1920\" \/>\n\t<meta property=\"og:image:height\" content=\"1920\" \/>\n\t<meta property=\"og:image:type\" content=\"image\/jpeg\" \/>\n<meta name=\"twitter:card\" content=\"summary_large_image\" \/>\n<meta name=\"twitter:label1\" content=\"Pris\" \/>\n\t<meta name=\"twitter:data1\" content=\"kr.&nbsp;90,00\" \/>\n\t<meta name=\"twitter:label2\" content=\"Tilg\u00e6ngelighed\" \/>\n\t<meta name=\"twitter:data2\" content=\"Ikke p\u00e5 lager\" \/>\n<script type=\"application\/ld+json\" class=\"yoast-schema-graph\">{\"@context\":\"https:\\\/\\\/schema.org\",\"@graph\":[{\"@type\":\"WebPage\",\"@id\":\"https:\\\/\\\/www.xn--bgerogting-0cb.dk\\\/index.php\\\/vare\\\/heidi-af-johanna-spyri\\\/\",\"url\":\"https:\\\/\\\/www.xn--bgerogting-0cb.dk\\\/index.php\\\/vare\\\/heidi-af-johanna-spyri\\\/\",\"name\":\"Heidi af Johanna Spyri - B\u00f8ger og Ting\",\"isPartOf\":{\"@id\":\"https:\\\/\\\/www.xn--bgerogting-0cb.dk\\\/#website\"},\"primaryImageOfPage\":{\"@id\":\"https:\\\/\\\/www.xn--bgerogting-0cb.dk\\\/index.php\\\/vare\\\/heidi-af-johanna-spyri\\\/#primaryimage\"},\"image\":{\"@id\":\"https:\\\/\\\/www.xn--bgerogting-0cb.dk\\\/index.php\\\/vare\\\/heidi-af-johanna-spyri\\\/#primaryimage\"},\"thumbnailUrl\":\"https:\\\/\\\/i0.wp.com\\\/www.xn--bgerogting-0cb.dk\\\/wp-content\\\/uploads\\\/2022\\\/02\\\/Heidi-Carlsen.jpg?fit=1920%2C1920&ssl=1\",\"datePublished\":\"2025-12-17T11:49:40+00:00\",\"dateModified\":\"2025-12-22T09:18:02+00:00\",\"description\":\"Heidi af Johanna Spyri - Carlsen if, 1983 - 127 sider - H\u00e6ftet hardback - Illustreret af Gerda Muller - Bogen er i meget fin stand.\",\"breadcrumb\":{\"@id\":\"https:\\\/\\\/www.xn--bgerogting-0cb.dk\\\/index.php\\\/vare\\\/heidi-af-johanna-spyri\\\/#breadcrumb\"},\"inLanguage\":\"da-DK\",\"potentialAction\":[{\"@type\":\"ReadAction\",\"target\":[\"https:\\\/\\\/www.xn--bgerogting-0cb.dk\\\/index.php\\\/vare\\\/heidi-af-johanna-spyri\\\/\"]}]},{\"@type\":\"ImageObject\",\"inLanguage\":\"da-DK\",\"@id\":\"https:\\\/\\\/www.xn--bgerogting-0cb.dk\\\/index.php\\\/vare\\\/heidi-af-johanna-spyri\\\/#primaryimage\",\"url\":\"https:\\\/\\\/i0.wp.com\\\/www.xn--bgerogting-0cb.dk\\\/wp-content\\\/uploads\\\/2022\\\/02\\\/Heidi-Carlsen.jpg?fit=1920%2C1920&ssl=1\",\"contentUrl\":\"https:\\\/\\\/i0.wp.com\\\/www.xn--bgerogting-0cb.dk\\\/wp-content\\\/uploads\\\/2022\\\/02\\\/Heidi-Carlsen.jpg?fit=1920%2C1920&ssl=1\",\"width\":1920,\"height\":1920,\"caption\":\"Heidi - Carlsen\"},{\"@type\":\"BreadcrumbList\",\"@id\":\"https:\\\/\\\/www.xn--bgerogting-0cb.dk\\\/index.php\\\/vare\\\/heidi-af-johanna-spyri\\\/#breadcrumb\",\"itemListElement\":[{\"@type\":\"ListItem\",\"position\":1,\"name\":\"Home\",\"item\":\"https:\\\/\\\/www.xn--bgerogting-0cb.dk\\\/\"},{\"@type\":\"ListItem\",\"position\":2,\"name\":\"Butik\",\"item\":\"https:\\\/\\\/www.xn--bgerogting-0cb.dk\\\/index.php\\\/shop\\\/\"},{\"@type\":\"ListItem\",\"position\":3,\"name\":\"Heidi af Johanna Spyri\"}]},{\"@type\":\"WebSite\",\"@id\":\"https:\\\/\\\/www.xn--bgerogting-0cb.dk\\\/#website\",\"url\":\"https:\\\/\\\/www.xn--bgerogting-0cb.dk\\\/\",\"name\":\"B\u00f8ger og Ting\",\"description\":\"Antikvarisk, retro, vintage og antik\",\"publisher\":{\"@id\":\"https:\\\/\\\/www.xn--bgerogting-0cb.dk\\\/#organization\"},\"potentialAction\":[{\"@type\":\"SearchAction\",\"target\":{\"@type\":\"EntryPoint\",\"urlTemplate\":\"https:\\\/\\\/www.xn--bgerogting-0cb.dk\\\/?s={search_term_string}\"},\"query-input\":{\"@type\":\"PropertyValueSpecification\",\"valueRequired\":true,\"valueName\":\"search_term_string\"}}],\"inLanguage\":\"da-DK\"},{\"@type\":\"Organization\",\"@id\":\"https:\\\/\\\/www.xn--bgerogting-0cb.dk\\\/#organization\",\"name\":\"B\u00f8ger og Ting\",\"url\":\"https:\\\/\\\/www.xn--bgerogting-0cb.dk\\\/\",\"logo\":{\"@type\":\"ImageObject\",\"inLanguage\":\"da-DK\",\"@id\":\"https:\\\/\\\/www.xn--bgerogting-0cb.dk\\\/#\\\/schema\\\/logo\\\/image\\\/\",\"url\":\"https:\\\/\\\/i0.wp.com\\\/www.xn--bgerogting-0cb.dk\\\/wp-content\\\/uploads\\\/2019\\\/10\\\/webicon.png?fit=205%2C205&ssl=1\",\"contentUrl\":\"https:\\\/\\\/i0.wp.com\\\/www.xn--bgerogting-0cb.dk\\\/wp-content\\\/uploads\\\/2019\\\/10\\\/webicon.png?fit=205%2C205&ssl=1\",\"width\":205,\"height\":205,\"caption\":\"B\u00f8ger og Ting\"},\"image\":{\"@id\":\"https:\\\/\\\/www.xn--bgerogting-0cb.dk\\\/#\\\/schema\\\/logo\\\/image\\\/\"},\"sameAs\":[\"https:\\\/\\\/www.facebook.com\\\/boegerogting\\\/\",\"https:\\\/\\\/www.instagram.com\\\/bogerogting\\\/\"]}]}<\/script>\n<meta property=\"product:price:amount\" content=\"90.00\" \/>\n<meta property=\"product:price:currency\" content=\"DKK\" \/>\n<meta property=\"og:availability\" content=\"out of stock\" \/>\n<meta property=\"product:availability\" content=\"out of stock\" \/>\n<meta property=\"product:retailer_item_id\" content=\"4734\" \/>\n<meta property=\"product:condition\" content=\"new\" \/>\n<!-- \/ Yoast SEO Premium plugin. -->","yoast_head_json":{"title":"Heidi af Johanna Spyri - B\u00f8ger og Ting","description":"Heidi af Johanna Spyri - Carlsen if, 1983 - 127 sider - H\u00e6ftet hardback - Illustreret af Gerda Muller - Bogen er i meget fin stand.","robots":{"index":"index","follow":"follow","max-snippet":"max-snippet:-1","max-image-preview":"max-image-preview:large","max-video-preview":"max-video-preview:-1"},"canonical":"https:\/\/www.xn--bgerogting-0cb.dk\/index.php\/vare\/heidi-af-johanna-spyri\/","og_locale":"da_DK","og_type":"article","og_title":"Heidi af Johanna Spyri","og_description":"Heidi af Johanna Spyri - Carlsen if, 1983 - 127 sider - H\u00e6ftet hardback - Illustreret af Gerda Muller - Bogen er i meget fin stand.","og_url":"https:\/\/www.xn--bgerogting-0cb.dk\/index.php\/vare\/heidi-af-johanna-spyri\/","og_site_name":"B\u00f8ger og Ting","article_publisher":"https:\/\/www.facebook.com\/boegerogting\/","article_modified_time":"2025-12-22T09:18:02+00:00","og_image":[{"width":1920,"height":1920,"url":"https:\/\/www.xn--bgerogting-0cb.dk\/wp-content\/uploads\/2022\/02\/Heidi-Carlsen.jpg","type":"image\/jpeg"}],"twitter_card":"summary_large_image","twitter_misc":{"Pris":"kr.&nbsp;90,00","Tilg\u00e6ngelighed":"Ikke p\u00e5 lager"},"schema":{"@context":"https:\/\/schema.org","@graph":[{"@type":"WebPage","@id":"https:\/\/www.xn--bgerogting-0cb.dk\/index.php\/vare\/heidi-af-johanna-spyri\/","url":"https:\/\/www.xn--bgerogting-0cb.dk\/index.php\/vare\/heidi-af-johanna-spyri\/","name":"Heidi af Johanna Spyri - B\u00f8ger og Ting","isPartOf":{"@id":"https:\/\/www.xn--bgerogting-0cb.dk\/#website"},"primaryImageOfPage":{"@id":"https:\/\/www.xn--bgerogting-0cb.dk\/index.php\/vare\/heidi-af-johanna-spyri\/#primaryimage"},"image":{"@id":"https:\/\/www.xn--bgerogting-0cb.dk\/index.php\/vare\/heidi-af-johanna-spyri\/#primaryimage"},"thumbnailUrl":"https:\/\/i0.wp.com\/www.xn--bgerogting-0cb.dk\/wp-content\/uploads\/2022\/02\/Heidi-Carlsen.jpg?fit=1920%2C1920&ssl=1","datePublished":"2025-12-17T11:49:40+00:00","dateModified":"2025-12-22T09:18:02+00:00","description":"Heidi af Johanna Spyri - Carlsen if, 1983 - 127 sider - H\u00e6ftet hardback - Illustreret af Gerda Muller - Bogen er i meget fin stand.","breadcrumb":{"@id":"https:\/\/www.xn--bgerogting-0cb.dk\/index.php\/vare\/heidi-af-johanna-spyri\/#breadcrumb"},"inLanguage":"da-DK","potentialAction":[{"@type":"ReadAction","target":["https:\/\/www.xn--bgerogting-0cb.dk\/index.php\/vare\/heidi-af-johanna-spyri\/"]}]},{"@type":"ImageObject","inLanguage":"da-DK","@id":"https:\/\/www.xn--bgerogting-0cb.dk\/index.php\/vare\/heidi-af-johanna-spyri\/#primaryimage","url":"https:\/\/i0.wp.com\/www.xn--bgerogting-0cb.dk\/wp-content\/uploads\/2022\/02\/Heidi-Carlsen.jpg?fit=1920%2C1920&ssl=1","contentUrl":"https:\/\/i0.wp.com\/www.xn--bgerogting-0cb.dk\/wp-content\/uploads\/2022\/02\/Heidi-Carlsen.jpg?fit=1920%2C1920&ssl=1","width":1920,"height":1920,"caption":"Heidi - Carlsen"},{"@type":"BreadcrumbList","@id":"https:\/\/www.xn--bgerogting-0cb.dk\/index.php\/vare\/heidi-af-johanna-spyri\/#breadcrumb","itemListElement":[{"@type":"ListItem","position":1,"name":"Home","item":"https:\/\/www.xn--bgerogting-0cb.dk\/"},{"@type":"ListItem","position":2,"name":"Butik","item":"https:\/\/www.xn--bgerogting-0cb.dk\/index.php\/shop\/"},{"@type":"ListItem","position":3,"name":"Heidi af Johanna Spyri"}]},{"@type":"WebSite","@id":"https:\/\/www.xn--bgerogting-0cb.dk\/#website","url":"https:\/\/www.xn--bgerogting-0cb.dk\/","name":"B\u00f8ger og Ting","description":"Antikvarisk, retro, vintage og antik","publisher":{"@id":"https:\/\/www.xn--bgerogting-0cb.dk\/#organization"},"potentialAction":[{"@type":"SearchAction","target":{"@type":"EntryPoint","urlTemplate":"https:\/\/www.xn--bgerogting-0cb.dk\/?s={search_term_string}"},"query-input":{"@type":"PropertyValueSpecification","valueRequired":true,"valueName":"search_term_string"}}],"inLanguage":"da-DK"},{"@type":"Organization","@id":"https:\/\/www.xn--bgerogting-0cb.dk\/#organization","name":"B\u00f8ger og Ting","url":"https:\/\/www.xn--bgerogting-0cb.dk\/","logo":{"@type":"ImageObject","inLanguage":"da-DK","@id":"https:\/\/www.xn--bgerogting-0cb.dk\/#\/schema\/logo\/image\/","url":"https:\/\/i0.wp.com\/www.xn--bgerogting-0cb.dk\/wp-content\/uploads\/2019\/10\/webicon.png?fit=205%2C205&ssl=1","contentUrl":"https:\/\/i0.wp.com\/www.xn--bgerogting-0cb.dk\/wp-content\/uploads\/2019\/10\/webicon.png?fit=205%2C205&ssl=1","width":205,"height":205,"caption":"B\u00f8ger og Ting"},"image":{"@id":"https:\/\/www.xn--bgerogting-0cb.dk\/#\/schema\/logo\/image\/"},"sameAs":["https:\/\/www.facebook.com\/boegerogting\/","https:\/\/www.instagram.com\/bogerogting\/"]}]},"product_price_amount":"90.00","product_price_currency":"DKK","og_availability":"out of stock","product_availability":"out of stock","product_retailer_item_id":"4734","product_condition":"new"},"jetpack_sharing_enabled":true,"_links":{"self":[{"href":"https:\/\/www.xn--bgerogting-0cb.dk\/index.php\/wp-json\/wp\/v2\/product\/12143","targetHints":{"allow":["GET"]}}],"collection":[{"href":"https:\/\/www.xn--bgerogting-0cb.dk\/index.php\/wp-json\/wp\/v2\/product"}],"about":[{"href":"https:\/\/www.xn--bgerogting-0cb.dk\/index.php\/wp-json\/wp\/v2\/types\/product"}],"wp:featuredmedia":[{"embeddable":true,"href":"https:\/\/www.xn--bgerogting-0cb.dk\/index.php\/wp-json\/wp\/v2\/media\/12147"}],"wp:attachment":[{"href":"https:\/\/www.xn--bgerogting-0cb.dk\/index.php\/wp-json\/wp\/v2\/media?parent=12143"}],"wp:term":[{"taxonomy":"product_brand","embeddable":true,"href":"https:\/\/www.xn--bgerogting-0cb.dk\/index.php\/wp-json\/wp\/v2\/product_brand?post=12143"},{"taxonomy":"product_cat","embeddable":true,"href":"https:\/\/www.xn--bgerogting-0cb.dk\/index.php\/wp-json\/wp\/v2\/product_cat?post=12143"},{"taxonomy":"product_tag","embeddable":true,"href":"https:\/\/www.xn--bgerogting-0cb.dk\/index.php\/wp-json\/wp\/v2\/product_tag?post=12143"}],"curies":[{"name":"wp","href":"https:\/\/api.w.org\/{rel}","templated":true}]}}