{"id":11890,"date":"2022-01-06T22:04:51","date_gmt":"2022-01-06T21:04:51","guid":{"rendered":"https:\/\/www.xn--bgerogting-0cb.dk\/?post_type=product&#038;p=11890"},"modified":"2022-01-07T13:34:29","modified_gmt":"2022-01-07T12:34:29","slug":"praxis-medica-systematice-exposita-selectis-diarii-noscomi-fridericiani-illustrata-af-frederik-ludvig-bang","status":"publish","type":"product","link":"https:\/\/www.xn--bgerogting-0cb.dk\/index.php\/vare\/praxis-medica-systematice-exposita-selectis-diarii-noscomi-fridericiani-illustrata-af-frederik-ludvig-bang\/","title":{"rendered":"Praxis Medica systematice exposita selectis Diarii noscomi Fridericiani illustrata af Frederik Ludvig Bang"},"content":{"rendered":"<p>Praxis Medica systematice exposita selectis Diarii noscomi Fredericiani\u00a0 illustrata af Frederico Ludvovico Bang \/ Frederik Ludvig Bang.<br \/>\nSchultzianis, 1818 &#8211; 2. udgave &#8211; 612 sider &#8211; Samtidigt halvbind.<br \/>\nBogen er i p\u00e6n stand, dog er bindet slidt og forpermen lidt l\u00f8s indvendigt . Siderne let gulnede.<\/p>\n<p>Ber\u00f8mt systematisk l\u00e6rebog i medicinsk patologi med eksempler fra praksis p\u00e5 Frederiksberg Hospital, hvor Bang var professor.<br \/>\nBogen indeholder ogs\u00e5 en r\u00e6kke recepter p\u00e5 forskellige pr\u00e6parater: &#8220;Formulae systema pertinentes&#8221;.<br \/>\nBogen udkom f\u00f8rste gang i 1789. 2. udgaven har som noget nyt et afsnit om vaccinationer, som udf\u00f8rt f\u00f8rste gang af engl\u00e6nderen Edward Jenner i 1796.<br \/>\nI Danmark blev der oprettet en kongelig kokoppeindpodningsanstalt i 1802, og vaccinationen blev gjort obligatorisk allerede i 1810.<\/p>\n<p>Frederik Ludvig Bang (1747 &#8211; 1820) dansk l\u00e6ge og professor p\u00e5 Frederiksberg Hospital.<\/p>\n","protected":false},"excerpt":{"rendered":"<p>Praxis Medica systematice exposita selectis Diarii noscomi Fredericiani\u00a0 illustrata af Frederico Ludvovico Bang \/ Frederik Ludvig Bang.<br \/>\nSchultzianis, 1818 &#8211; 2. udgave &#8211; 612 sider &#8211; Samtidigt halvbind.<br \/>\nBogen er i p\u00e6n stand, dog er bindet slidt og forpermen lidt l\u00f8s indvendigt . Siderne let gulnede.<\/p>\n<p>Ber\u00f8mt systematisk l\u00e6rebog i medicinsk patologi med eksempler fra praksis p\u00e5 Frederiksberg Hospital, hvor Bang var professor.<br \/>\nBogen indeholder ogs\u00e5 en r\u00e6kke recepter p\u00e5 forskellige pr\u00e6parater: &#8220;Formulae systema pertinentes&#8221;.<br \/>\nBogen udkom f\u00f8rste gang i 1789. 2. udgaven har som noget nyt et afsnit om vaccinationer, som udf\u00f8rt f\u00f8rste gang af engl\u00e6nderen Edward Jenner i 1796.<br \/>\nI Danmark blev der oprettet en kongelig kokoppeindpodningsanstalt i 1802, og vaccinationen blev gjort obligatorisk allerede i 1810.<\/p>\n<p>Frederik Ludvig Bang (1747 &#8211; 1820) dansk l\u00e6ge og professor p\u00e5 Frederiksberg Hospital.<\/p>\n<p>.<\/p>\n","protected":false},"featured_media":11893,"template":"","meta":[],"product_brand":[],"product_cat":[492,1015,27,28,184,60,988],"product_tag":[1103,1105,1104],"class_list":{"0":"post-11890","1":"product","2":"type-product","3":"status-publish","4":"has-post-thumbnail","6":"product_cat-1800-tallet","7":"product_cat-antikke-boeger","8":"product_cat-boeger","9":"product_cat-fagboeger","10":"product_cat-historie","11":"product_cat-krop-og-sjael","12":"product_cat-kuriositeter","13":"product_tag-frederik-ludvig-bang","14":"product_tag-latin","15":"product_tag-medicinsk-laerebog","17":"first","18":"instock","19":"shipping-taxable","20":"purchasable","21":"product-type-simple"},"yoast_head":"<!-- This site is optimized with the Yoast SEO Premium plugin v27.4 (Yoast SEO v27.4) - https:\/\/yoast.com\/product\/yoast-seo-premium-wordpress\/ -->\n<title>Praxis Medica systematice exposita selectis Diarii noscomi Fridericiani illustrata af Frederik Ludvig Bang - B\u00f8ger og Ting<\/title>\n<meta name=\"description\" content=\"Hafniae, Schultzianis, 1818 - 2. udgave - 612 sider - Samtidigt halvbind - Bogen er i p\u00e6n stand, dog er bindet slidt.\" \/>\n<meta name=\"robots\" content=\"index, follow, max-snippet:-1, max-image-preview:large, max-video-preview:-1\" \/>\n<link rel=\"canonical\" href=\"https:\/\/www.xn--bgerogting-0cb.dk\/index.php\/vare\/praxis-medica-systematice-exposita-selectis-diarii-noscomi-fridericiani-illustrata-af-frederik-ludvig-bang\/\" \/>\n<meta property=\"og:locale\" content=\"da_DK\" \/>\n<meta property=\"og:type\" content=\"article\" \/>\n<meta property=\"og:title\" content=\"Praxis Medica systematice exposita selectis Diarii noscomi Fridericiani illustrata af Frederik Ludvig Bang\" \/>\n<meta property=\"og:description\" content=\"Hafniae, Schultzianis, 1818 - 2. udgave - 612 sider - Samtidigt halvbind - Bogen er i p\u00e6n stand, dog er bindet slidt.\" \/>\n<meta property=\"og:url\" content=\"https:\/\/www.xn--bgerogting-0cb.dk\/index.php\/vare\/praxis-medica-systematice-exposita-selectis-diarii-noscomi-fridericiani-illustrata-af-frederik-ludvig-bang\/\" \/>\n<meta property=\"og:site_name\" content=\"B\u00f8ger og Ting\" \/>\n<meta property=\"article:publisher\" content=\"https:\/\/www.facebook.com\/boegerogting\/\" \/>\n<meta property=\"article:modified_time\" content=\"2022-01-07T12:34:29+00:00\" \/>\n<meta property=\"og:image\" content=\"https:\/\/www.xn--bgerogting-0cb.dk\/wp-content\/uploads\/2022\/01\/Praxis-Medica-systematice.jpg\" \/>\n\t<meta property=\"og:image:width\" content=\"1920\" \/>\n\t<meta property=\"og:image:height\" content=\"1920\" \/>\n\t<meta property=\"og:image:type\" content=\"image\/jpeg\" \/>\n<meta name=\"twitter:card\" content=\"summary_large_image\" \/>\n<meta name=\"twitter:label1\" content=\"Pris\" \/>\n\t<meta name=\"twitter:data1\" content=\"kr.&nbsp;600,00\" \/>\n\t<meta name=\"twitter:label2\" content=\"Tilg\u00e6ngelighed\" \/>\n\t<meta name=\"twitter:data2\" content=\"P\u00e5 lager\" \/>\n<script type=\"application\/ld+json\" class=\"yoast-schema-graph\">{\"@context\":\"https:\\\/\\\/schema.org\",\"@graph\":[{\"@type\":\"WebPage\",\"@id\":\"https:\\\/\\\/www.xn--bgerogting-0cb.dk\\\/index.php\\\/vare\\\/praxis-medica-systematice-exposita-selectis-diarii-noscomi-fridericiani-illustrata-af-frederik-ludvig-bang\\\/\",\"url\":\"https:\\\/\\\/www.xn--bgerogting-0cb.dk\\\/index.php\\\/vare\\\/praxis-medica-systematice-exposita-selectis-diarii-noscomi-fridericiani-illustrata-af-frederik-ludvig-bang\\\/\",\"name\":\"Praxis Medica systematice exposita selectis Diarii noscomi Fridericiani illustrata af Frederik Ludvig Bang - B\u00f8ger og Ting\",\"isPartOf\":{\"@id\":\"https:\\\/\\\/www.xn--bgerogting-0cb.dk\\\/#website\"},\"primaryImageOfPage\":{\"@id\":\"https:\\\/\\\/www.xn--bgerogting-0cb.dk\\\/index.php\\\/vare\\\/praxis-medica-systematice-exposita-selectis-diarii-noscomi-fridericiani-illustrata-af-frederik-ludvig-bang\\\/#primaryimage\"},\"image\":{\"@id\":\"https:\\\/\\\/www.xn--bgerogting-0cb.dk\\\/index.php\\\/vare\\\/praxis-medica-systematice-exposita-selectis-diarii-noscomi-fridericiani-illustrata-af-frederik-ludvig-bang\\\/#primaryimage\"},\"thumbnailUrl\":\"https:\\\/\\\/i0.wp.com\\\/www.xn--bgerogting-0cb.dk\\\/wp-content\\\/uploads\\\/2022\\\/01\\\/Praxis-Medica-systematice.jpg?fit=1920%2C1920&ssl=1\",\"datePublished\":\"2022-01-06T21:04:51+00:00\",\"dateModified\":\"2022-01-07T12:34:29+00:00\",\"description\":\"Hafniae, Schultzianis, 1818 - 2. udgave - 612 sider - Samtidigt halvbind - Bogen er i p\u00e6n stand, dog er bindet slidt.\",\"breadcrumb\":{\"@id\":\"https:\\\/\\\/www.xn--bgerogting-0cb.dk\\\/index.php\\\/vare\\\/praxis-medica-systematice-exposita-selectis-diarii-noscomi-fridericiani-illustrata-af-frederik-ludvig-bang\\\/#breadcrumb\"},\"inLanguage\":\"da-DK\",\"potentialAction\":[{\"@type\":\"ReadAction\",\"target\":[\"https:\\\/\\\/www.xn--bgerogting-0cb.dk\\\/index.php\\\/vare\\\/praxis-medica-systematice-exposita-selectis-diarii-noscomi-fridericiani-illustrata-af-frederik-ludvig-bang\\\/\"]}]},{\"@type\":\"ImageObject\",\"inLanguage\":\"da-DK\",\"@id\":\"https:\\\/\\\/www.xn--bgerogting-0cb.dk\\\/index.php\\\/vare\\\/praxis-medica-systematice-exposita-selectis-diarii-noscomi-fridericiani-illustrata-af-frederik-ludvig-bang\\\/#primaryimage\",\"url\":\"https:\\\/\\\/i0.wp.com\\\/www.xn--bgerogting-0cb.dk\\\/wp-content\\\/uploads\\\/2022\\\/01\\\/Praxis-Medica-systematice.jpg?fit=1920%2C1920&ssl=1\",\"contentUrl\":\"https:\\\/\\\/i0.wp.com\\\/www.xn--bgerogting-0cb.dk\\\/wp-content\\\/uploads\\\/2022\\\/01\\\/Praxis-Medica-systematice.jpg?fit=1920%2C1920&ssl=1\",\"width\":1920,\"height\":1920,\"caption\":\"Praxis Medica systematice\"},{\"@type\":\"BreadcrumbList\",\"@id\":\"https:\\\/\\\/www.xn--bgerogting-0cb.dk\\\/index.php\\\/vare\\\/praxis-medica-systematice-exposita-selectis-diarii-noscomi-fridericiani-illustrata-af-frederik-ludvig-bang\\\/#breadcrumb\",\"itemListElement\":[{\"@type\":\"ListItem\",\"position\":1,\"name\":\"Home\",\"item\":\"https:\\\/\\\/www.xn--bgerogting-0cb.dk\\\/\"},{\"@type\":\"ListItem\",\"position\":2,\"name\":\"Butik\",\"item\":\"https:\\\/\\\/www.xn--bgerogting-0cb.dk\\\/index.php\\\/shop\\\/\"},{\"@type\":\"ListItem\",\"position\":3,\"name\":\"Praxis Medica systematice exposita selectis Diarii noscomi Fridericiani illustrata af Frederik Ludvig Bang\"}]},{\"@type\":\"WebSite\",\"@id\":\"https:\\\/\\\/www.xn--bgerogting-0cb.dk\\\/#website\",\"url\":\"https:\\\/\\\/www.xn--bgerogting-0cb.dk\\\/\",\"name\":\"B\u00f8ger og Ting\",\"description\":\"Antikvarisk, retro, vintage og antik\",\"publisher\":{\"@id\":\"https:\\\/\\\/www.xn--bgerogting-0cb.dk\\\/#organization\"},\"potentialAction\":[{\"@type\":\"SearchAction\",\"target\":{\"@type\":\"EntryPoint\",\"urlTemplate\":\"https:\\\/\\\/www.xn--bgerogting-0cb.dk\\\/?s={search_term_string}\"},\"query-input\":{\"@type\":\"PropertyValueSpecification\",\"valueRequired\":true,\"valueName\":\"search_term_string\"}}],\"inLanguage\":\"da-DK\"},{\"@type\":\"Organization\",\"@id\":\"https:\\\/\\\/www.xn--bgerogting-0cb.dk\\\/#organization\",\"name\":\"B\u00f8ger og Ting\",\"url\":\"https:\\\/\\\/www.xn--bgerogting-0cb.dk\\\/\",\"logo\":{\"@type\":\"ImageObject\",\"inLanguage\":\"da-DK\",\"@id\":\"https:\\\/\\\/www.xn--bgerogting-0cb.dk\\\/#\\\/schema\\\/logo\\\/image\\\/\",\"url\":\"https:\\\/\\\/i0.wp.com\\\/www.xn--bgerogting-0cb.dk\\\/wp-content\\\/uploads\\\/2019\\\/10\\\/webicon.png?fit=205%2C205&ssl=1\",\"contentUrl\":\"https:\\\/\\\/i0.wp.com\\\/www.xn--bgerogting-0cb.dk\\\/wp-content\\\/uploads\\\/2019\\\/10\\\/webicon.png?fit=205%2C205&ssl=1\",\"width\":205,\"height\":205,\"caption\":\"B\u00f8ger og Ting\"},\"image\":{\"@id\":\"https:\\\/\\\/www.xn--bgerogting-0cb.dk\\\/#\\\/schema\\\/logo\\\/image\\\/\"},\"sameAs\":[\"https:\\\/\\\/www.facebook.com\\\/boegerogting\\\/\",\"https:\\\/\\\/www.instagram.com\\\/bogerogting\\\/\"]}]}<\/script>\n<meta property=\"product:price:amount\" content=\"600.00\" \/>\n<meta property=\"product:price:currency\" content=\"DKK\" \/>\n<meta property=\"og:availability\" content=\"instock\" \/>\n<meta property=\"product:availability\" content=\"instock\" \/>\n<meta property=\"product:retailer_item_id\" content=\"5603\" \/>\n<meta property=\"product:condition\" content=\"new\" \/>\n<!-- \/ Yoast SEO Premium plugin. -->","yoast_head_json":{"title":"Praxis Medica systematice exposita selectis Diarii noscomi Fridericiani illustrata af Frederik Ludvig Bang - B\u00f8ger og Ting","description":"Hafniae, Schultzianis, 1818 - 2. udgave - 612 sider - Samtidigt halvbind - Bogen er i p\u00e6n stand, dog er bindet slidt.","robots":{"index":"index","follow":"follow","max-snippet":"max-snippet:-1","max-image-preview":"max-image-preview:large","max-video-preview":"max-video-preview:-1"},"canonical":"https:\/\/www.xn--bgerogting-0cb.dk\/index.php\/vare\/praxis-medica-systematice-exposita-selectis-diarii-noscomi-fridericiani-illustrata-af-frederik-ludvig-bang\/","og_locale":"da_DK","og_type":"article","og_title":"Praxis Medica systematice exposita selectis Diarii noscomi Fridericiani illustrata af Frederik Ludvig Bang","og_description":"Hafniae, Schultzianis, 1818 - 2. udgave - 612 sider - Samtidigt halvbind - Bogen er i p\u00e6n stand, dog er bindet slidt.","og_url":"https:\/\/www.xn--bgerogting-0cb.dk\/index.php\/vare\/praxis-medica-systematice-exposita-selectis-diarii-noscomi-fridericiani-illustrata-af-frederik-ludvig-bang\/","og_site_name":"B\u00f8ger og Ting","article_publisher":"https:\/\/www.facebook.com\/boegerogting\/","article_modified_time":"2022-01-07T12:34:29+00:00","og_image":[{"width":1920,"height":1920,"url":"https:\/\/www.xn--bgerogting-0cb.dk\/wp-content\/uploads\/2022\/01\/Praxis-Medica-systematice.jpg","type":"image\/jpeg"}],"twitter_card":"summary_large_image","twitter_misc":{"Pris":"kr.&nbsp;600,00","Tilg\u00e6ngelighed":"P\u00e5 lager"},"schema":{"@context":"https:\/\/schema.org","@graph":[{"@type":"WebPage","@id":"https:\/\/www.xn--bgerogting-0cb.dk\/index.php\/vare\/praxis-medica-systematice-exposita-selectis-diarii-noscomi-fridericiani-illustrata-af-frederik-ludvig-bang\/","url":"https:\/\/www.xn--bgerogting-0cb.dk\/index.php\/vare\/praxis-medica-systematice-exposita-selectis-diarii-noscomi-fridericiani-illustrata-af-frederik-ludvig-bang\/","name":"Praxis Medica systematice exposita selectis Diarii noscomi Fridericiani illustrata af Frederik Ludvig Bang - B\u00f8ger og Ting","isPartOf":{"@id":"https:\/\/www.xn--bgerogting-0cb.dk\/#website"},"primaryImageOfPage":{"@id":"https:\/\/www.xn--bgerogting-0cb.dk\/index.php\/vare\/praxis-medica-systematice-exposita-selectis-diarii-noscomi-fridericiani-illustrata-af-frederik-ludvig-bang\/#primaryimage"},"image":{"@id":"https:\/\/www.xn--bgerogting-0cb.dk\/index.php\/vare\/praxis-medica-systematice-exposita-selectis-diarii-noscomi-fridericiani-illustrata-af-frederik-ludvig-bang\/#primaryimage"},"thumbnailUrl":"https:\/\/i0.wp.com\/www.xn--bgerogting-0cb.dk\/wp-content\/uploads\/2022\/01\/Praxis-Medica-systematice.jpg?fit=1920%2C1920&ssl=1","datePublished":"2022-01-06T21:04:51+00:00","dateModified":"2022-01-07T12:34:29+00:00","description":"Hafniae, Schultzianis, 1818 - 2. udgave - 612 sider - Samtidigt halvbind - Bogen er i p\u00e6n stand, dog er bindet slidt.","breadcrumb":{"@id":"https:\/\/www.xn--bgerogting-0cb.dk\/index.php\/vare\/praxis-medica-systematice-exposita-selectis-diarii-noscomi-fridericiani-illustrata-af-frederik-ludvig-bang\/#breadcrumb"},"inLanguage":"da-DK","potentialAction":[{"@type":"ReadAction","target":["https:\/\/www.xn--bgerogting-0cb.dk\/index.php\/vare\/praxis-medica-systematice-exposita-selectis-diarii-noscomi-fridericiani-illustrata-af-frederik-ludvig-bang\/"]}]},{"@type":"ImageObject","inLanguage":"da-DK","@id":"https:\/\/www.xn--bgerogting-0cb.dk\/index.php\/vare\/praxis-medica-systematice-exposita-selectis-diarii-noscomi-fridericiani-illustrata-af-frederik-ludvig-bang\/#primaryimage","url":"https:\/\/i0.wp.com\/www.xn--bgerogting-0cb.dk\/wp-content\/uploads\/2022\/01\/Praxis-Medica-systematice.jpg?fit=1920%2C1920&ssl=1","contentUrl":"https:\/\/i0.wp.com\/www.xn--bgerogting-0cb.dk\/wp-content\/uploads\/2022\/01\/Praxis-Medica-systematice.jpg?fit=1920%2C1920&ssl=1","width":1920,"height":1920,"caption":"Praxis Medica systematice"},{"@type":"BreadcrumbList","@id":"https:\/\/www.xn--bgerogting-0cb.dk\/index.php\/vare\/praxis-medica-systematice-exposita-selectis-diarii-noscomi-fridericiani-illustrata-af-frederik-ludvig-bang\/#breadcrumb","itemListElement":[{"@type":"ListItem","position":1,"name":"Home","item":"https:\/\/www.xn--bgerogting-0cb.dk\/"},{"@type":"ListItem","position":2,"name":"Butik","item":"https:\/\/www.xn--bgerogting-0cb.dk\/index.php\/shop\/"},{"@type":"ListItem","position":3,"name":"Praxis Medica systematice exposita selectis Diarii noscomi Fridericiani illustrata af Frederik Ludvig Bang"}]},{"@type":"WebSite","@id":"https:\/\/www.xn--bgerogting-0cb.dk\/#website","url":"https:\/\/www.xn--bgerogting-0cb.dk\/","name":"B\u00f8ger og Ting","description":"Antikvarisk, retro, vintage og antik","publisher":{"@id":"https:\/\/www.xn--bgerogting-0cb.dk\/#organization"},"potentialAction":[{"@type":"SearchAction","target":{"@type":"EntryPoint","urlTemplate":"https:\/\/www.xn--bgerogting-0cb.dk\/?s={search_term_string}"},"query-input":{"@type":"PropertyValueSpecification","valueRequired":true,"valueName":"search_term_string"}}],"inLanguage":"da-DK"},{"@type":"Organization","@id":"https:\/\/www.xn--bgerogting-0cb.dk\/#organization","name":"B\u00f8ger og Ting","url":"https:\/\/www.xn--bgerogting-0cb.dk\/","logo":{"@type":"ImageObject","inLanguage":"da-DK","@id":"https:\/\/www.xn--bgerogting-0cb.dk\/#\/schema\/logo\/image\/","url":"https:\/\/i0.wp.com\/www.xn--bgerogting-0cb.dk\/wp-content\/uploads\/2019\/10\/webicon.png?fit=205%2C205&ssl=1","contentUrl":"https:\/\/i0.wp.com\/www.xn--bgerogting-0cb.dk\/wp-content\/uploads\/2019\/10\/webicon.png?fit=205%2C205&ssl=1","width":205,"height":205,"caption":"B\u00f8ger og Ting"},"image":{"@id":"https:\/\/www.xn--bgerogting-0cb.dk\/#\/schema\/logo\/image\/"},"sameAs":["https:\/\/www.facebook.com\/boegerogting\/","https:\/\/www.instagram.com\/bogerogting\/"]}]},"product_price_amount":"600.00","product_price_currency":"DKK","og_availability":"instock","product_availability":"instock","product_retailer_item_id":"5603","product_condition":"new"},"jetpack_sharing_enabled":true,"_links":{"self":[{"href":"https:\/\/www.xn--bgerogting-0cb.dk\/index.php\/wp-json\/wp\/v2\/product\/11890","targetHints":{"allow":["GET"]}}],"collection":[{"href":"https:\/\/www.xn--bgerogting-0cb.dk\/index.php\/wp-json\/wp\/v2\/product"}],"about":[{"href":"https:\/\/www.xn--bgerogting-0cb.dk\/index.php\/wp-json\/wp\/v2\/types\/product"}],"wp:featuredmedia":[{"embeddable":true,"href":"https:\/\/www.xn--bgerogting-0cb.dk\/index.php\/wp-json\/wp\/v2\/media\/11893"}],"wp:attachment":[{"href":"https:\/\/www.xn--bgerogting-0cb.dk\/index.php\/wp-json\/wp\/v2\/media?parent=11890"}],"wp:term":[{"taxonomy":"product_brand","embeddable":true,"href":"https:\/\/www.xn--bgerogting-0cb.dk\/index.php\/wp-json\/wp\/v2\/product_brand?post=11890"},{"taxonomy":"product_cat","embeddable":true,"href":"https:\/\/www.xn--bgerogting-0cb.dk\/index.php\/wp-json\/wp\/v2\/product_cat?post=11890"},{"taxonomy":"product_tag","embeddable":true,"href":"https:\/\/www.xn--bgerogting-0cb.dk\/index.php\/wp-json\/wp\/v2\/product_tag?post=11890"}],"curies":[{"name":"wp","href":"https:\/\/api.w.org\/{rel}","templated":true}]}}