{"id":11878,"date":"2022-01-06T19:50:26","date_gmt":"2022-01-06T18:50:26","guid":{"rendered":"https:\/\/www.xn--bgerogting-0cb.dk\/?post_type=product&#038;p=11878"},"modified":"2022-01-06T20:25:10","modified_gmt":"2022-01-06T19:25:10","slug":"karakteristik-af-kong-christian-den-fjerde-grundet-isaer-paa-et-udvalg-af-hans-egenhaendige-breve-af-r-nyrup","status":"publish","type":"product","link":"https:\/\/www.xn--bgerogting-0cb.dk\/index.php\/vare\/karakteristik-af-kong-christian-den-fjerde-grundet-isaer-paa-et-udvalg-af-hans-egenhaendige-breve-af-r-nyrup\/","title":{"rendered":"Karakteristik af Kong Christian den Fjerde grundet is\u00e6r p\u00e5 et Udvalg af hans egenh\u00e6ndige Breve af R. Nyrup"},"content":{"rendered":"<p>Karakteristik af Kong Christian den Fjerde grundet is\u00e6r p\u00e5 et Udvalg af hans egenh\u00e6ndige Breve, hvortil er f\u00f8jet nogle Efterretninger om B\u00f8rsen, en af denne Konges m\u00e6rkv\u00e6rdigste Bygninger af R. Nyrup.<br \/>\nKj\u00f8benhavn, 1816 &#8211; Trykt p\u00e5 Br\u00f8drene Thieles Forlag &#8211; VIII &#8211; 166 + LXII sider + 1 brev i faksimile &#8211; Samtidigt halvbind.<br \/>\nBogen er i p\u00e6n stand. Et s\u00e6t sider er l\u00f8se, og der er en svag skjold \u00f8verst p\u00e5 p\u00e5 de f\u00f8rste sider. 2 ejernavne p\u00e5 titelbladet.<br \/>\nKobberstik med kongens portr\u00e6t og 2 faksimilebreve mangler.<\/p>\n<p>Rasmus Nyerup ( 1959 &#8211; 1829) dansk litteraturhistoriker, sprogforsker og bibliotekar.<\/p>\n","protected":false},"excerpt":{"rendered":"<p>Karakteristik af Kong Christian den Fjerde grundet is\u00e6r p\u00e5 et Udvalg af hans egenh\u00e6ndige Breve, hvortil er f\u00f8jet nogle Efterretninger om B\u00f8rsen, en af denne Konges m\u00e6rkv\u00e6rdigste Bygninger af R. Nyrup.<br \/>\nKj\u00f8benhavn, 1816 &#8211; Trykt p\u00e5 Br\u00f8drene Thieles Forlag &#8211; VIII &#8211; 166 + LXII sider + 1 brev i faksimile &#8211; Samtidigt halvbind.<br \/>\nBogen er i p\u00e6n stand. Et s\u00e6t sider er l\u00f8se, og der er en svag skjold \u00f8verst p\u00e5 p\u00e5 de f\u00f8rste sider. 2 ejernavne p\u00e5 titelbladet.<br \/>\nKobberstik med kongens portr\u00e6t og 2 faksimilebreve mangler.<\/p>\n<p>Rasmus Nyerup ( 1959 &#8211; 1829) dansk litteraturhistoriker, sprogforsker og bibliotekar.<\/p>\n","protected":false},"featured_media":11881,"template":"","meta":[],"product_brand":[],"product_cat":[492,1015,27,28,184],"product_tag":[],"class_list":{"0":"post-11878","1":"product","2":"type-product","3":"status-publish","4":"has-post-thumbnail","6":"product_cat-1800-tallet","7":"product_cat-antikke-boeger","8":"product_cat-boeger","9":"product_cat-fagboeger","10":"product_cat-historie","12":"first","13":"instock","14":"shipping-taxable","15":"purchasable","16":"product-type-simple"},"yoast_head":"<!-- This site is optimized with the Yoast SEO Premium plugin v26.9 (Yoast SEO v27.4) - https:\/\/yoast.com\/product\/yoast-seo-premium-wordpress\/ -->\n<title>Karakteristik af Kong Christian den Fjerde grundet is\u00e6r p\u00e5 et Udvalg af hans egenh\u00e6ndige Breve af R. Nyrup - B\u00f8ger og Ting<\/title>\n<meta name=\"description\" content=\"Kj\u00f8benhavn, 1816 - Trykt p\u00e5 Br\u00f8drene Thieles Forlag - VIII - 166 + LXII sider + 1 brev i faksimile - Samtidigt halvbind - P\u00e6n stand.\" \/>\n<meta name=\"robots\" content=\"index, follow, max-snippet:-1, max-image-preview:large, max-video-preview:-1\" \/>\n<link rel=\"canonical\" href=\"https:\/\/www.xn--bgerogting-0cb.dk\/index.php\/vare\/karakteristik-af-kong-christian-den-fjerde-grundet-isaer-paa-et-udvalg-af-hans-egenhaendige-breve-af-r-nyrup\/\" \/>\n<meta property=\"og:locale\" content=\"da_DK\" \/>\n<meta property=\"og:type\" content=\"article\" \/>\n<meta property=\"og:title\" content=\"Karakteristik af Kong Christian den Fjerde grundet is\u00e6r p\u00e5 et Udvalg af hans egenh\u00e6ndige Breve af R. Nyrup\" \/>\n<meta property=\"og:description\" content=\"Kj\u00f8benhavn, 1816 - Trykt p\u00e5 Br\u00f8drene Thieles Forlag - VIII - 166 + LXII sider + 1 brev i faksimile - Samtidigt halvbind - P\u00e6n stand.\" \/>\n<meta property=\"og:url\" content=\"https:\/\/www.xn--bgerogting-0cb.dk\/index.php\/vare\/karakteristik-af-kong-christian-den-fjerde-grundet-isaer-paa-et-udvalg-af-hans-egenhaendige-breve-af-r-nyrup\/\" \/>\n<meta property=\"og:site_name\" content=\"B\u00f8ger og Ting\" \/>\n<meta property=\"article:publisher\" content=\"https:\/\/www.facebook.com\/boegerogting\/\" \/>\n<meta property=\"article:modified_time\" content=\"2022-01-06T19:25:10+00:00\" \/>\n<meta property=\"og:image\" content=\"https:\/\/www.xn--bgerogting-0cb.dk\/wp-content\/uploads\/2022\/01\/Karakteristik-af-Kong-Christian-3.jpg\" \/>\n\t<meta property=\"og:image:width\" content=\"1920\" \/>\n\t<meta property=\"og:image:height\" content=\"1920\" \/>\n\t<meta property=\"og:image:type\" content=\"image\/jpeg\" \/>\n<meta name=\"twitter:card\" content=\"summary_large_image\" \/>\n<meta name=\"twitter:label1\" content=\"Pris\" \/>\n\t<meta name=\"twitter:data1\" content=\"kr.&nbsp;500,00\" \/>\n\t<meta name=\"twitter:label2\" content=\"Tilg\u00e6ngelighed\" \/>\n\t<meta name=\"twitter:data2\" content=\"P\u00e5 lager\" \/>\n<script type=\"application\/ld+json\" class=\"yoast-schema-graph\">{\"@context\":\"https:\\\/\\\/schema.org\",\"@graph\":[{\"@type\":\"WebPage\",\"@id\":\"https:\\\/\\\/www.xn--bgerogting-0cb.dk\\\/index.php\\\/vare\\\/karakteristik-af-kong-christian-den-fjerde-grundet-isaer-paa-et-udvalg-af-hans-egenhaendige-breve-af-r-nyrup\\\/\",\"url\":\"https:\\\/\\\/www.xn--bgerogting-0cb.dk\\\/index.php\\\/vare\\\/karakteristik-af-kong-christian-den-fjerde-grundet-isaer-paa-et-udvalg-af-hans-egenhaendige-breve-af-r-nyrup\\\/\",\"name\":\"Karakteristik af Kong Christian den Fjerde grundet is\u00e6r p\u00e5 et Udvalg af hans egenh\u00e6ndige Breve af R. Nyrup - B\u00f8ger og Ting\",\"isPartOf\":{\"@id\":\"https:\\\/\\\/www.xn--bgerogting-0cb.dk\\\/#website\"},\"primaryImageOfPage\":{\"@id\":\"https:\\\/\\\/www.xn--bgerogting-0cb.dk\\\/index.php\\\/vare\\\/karakteristik-af-kong-christian-den-fjerde-grundet-isaer-paa-et-udvalg-af-hans-egenhaendige-breve-af-r-nyrup\\\/#primaryimage\"},\"image\":{\"@id\":\"https:\\\/\\\/www.xn--bgerogting-0cb.dk\\\/index.php\\\/vare\\\/karakteristik-af-kong-christian-den-fjerde-grundet-isaer-paa-et-udvalg-af-hans-egenhaendige-breve-af-r-nyrup\\\/#primaryimage\"},\"thumbnailUrl\":\"https:\\\/\\\/i0.wp.com\\\/www.xn--bgerogting-0cb.dk\\\/wp-content\\\/uploads\\\/2022\\\/01\\\/Karakteristik-af-Kong-Christian-3.jpg?fit=1920%2C1920&ssl=1\",\"datePublished\":\"2022-01-06T18:50:26+00:00\",\"dateModified\":\"2022-01-06T19:25:10+00:00\",\"description\":\"Kj\u00f8benhavn, 1816 - Trykt p\u00e5 Br\u00f8drene Thieles Forlag - VIII - 166 + LXII sider + 1 brev i faksimile - Samtidigt halvbind - P\u00e6n stand.\",\"breadcrumb\":{\"@id\":\"https:\\\/\\\/www.xn--bgerogting-0cb.dk\\\/index.php\\\/vare\\\/karakteristik-af-kong-christian-den-fjerde-grundet-isaer-paa-et-udvalg-af-hans-egenhaendige-breve-af-r-nyrup\\\/#breadcrumb\"},\"inLanguage\":\"da-DK\",\"potentialAction\":[{\"@type\":\"ReadAction\",\"target\":[\"https:\\\/\\\/www.xn--bgerogting-0cb.dk\\\/index.php\\\/vare\\\/karakteristik-af-kong-christian-den-fjerde-grundet-isaer-paa-et-udvalg-af-hans-egenhaendige-breve-af-r-nyrup\\\/\"]}]},{\"@type\":\"ImageObject\",\"inLanguage\":\"da-DK\",\"@id\":\"https:\\\/\\\/www.xn--bgerogting-0cb.dk\\\/index.php\\\/vare\\\/karakteristik-af-kong-christian-den-fjerde-grundet-isaer-paa-et-udvalg-af-hans-egenhaendige-breve-af-r-nyrup\\\/#primaryimage\",\"url\":\"https:\\\/\\\/i0.wp.com\\\/www.xn--bgerogting-0cb.dk\\\/wp-content\\\/uploads\\\/2022\\\/01\\\/Karakteristik-af-Kong-Christian-3.jpg?fit=1920%2C1920&ssl=1\",\"contentUrl\":\"https:\\\/\\\/i0.wp.com\\\/www.xn--bgerogting-0cb.dk\\\/wp-content\\\/uploads\\\/2022\\\/01\\\/Karakteristik-af-Kong-Christian-3.jpg?fit=1920%2C1920&ssl=1\",\"width\":1920,\"height\":1920,\"caption\":\"Systematisk Udvikling af Begreb om Tyveri\"},{\"@type\":\"BreadcrumbList\",\"@id\":\"https:\\\/\\\/www.xn--bgerogting-0cb.dk\\\/index.php\\\/vare\\\/karakteristik-af-kong-christian-den-fjerde-grundet-isaer-paa-et-udvalg-af-hans-egenhaendige-breve-af-r-nyrup\\\/#breadcrumb\",\"itemListElement\":[{\"@type\":\"ListItem\",\"position\":1,\"name\":\"Home\",\"item\":\"https:\\\/\\\/www.xn--bgerogting-0cb.dk\\\/\"},{\"@type\":\"ListItem\",\"position\":2,\"name\":\"Butik\",\"item\":\"https:\\\/\\\/www.xn--bgerogting-0cb.dk\\\/index.php\\\/shop\\\/\"},{\"@type\":\"ListItem\",\"position\":3,\"name\":\"Karakteristik af Kong Christian den Fjerde grundet is\u00e6r p\u00e5 et Udvalg af hans egenh\u00e6ndige Breve af R. Nyrup\"}]},{\"@type\":\"WebSite\",\"@id\":\"https:\\\/\\\/www.xn--bgerogting-0cb.dk\\\/#website\",\"url\":\"https:\\\/\\\/www.xn--bgerogting-0cb.dk\\\/\",\"name\":\"B\u00f8ger og Ting\",\"description\":\"Antikvarisk, retro, vintage og antik\",\"publisher\":{\"@id\":\"https:\\\/\\\/www.xn--bgerogting-0cb.dk\\\/#organization\"},\"potentialAction\":[{\"@type\":\"SearchAction\",\"target\":{\"@type\":\"EntryPoint\",\"urlTemplate\":\"https:\\\/\\\/www.xn--bgerogting-0cb.dk\\\/?s={search_term_string}\"},\"query-input\":{\"@type\":\"PropertyValueSpecification\",\"valueRequired\":true,\"valueName\":\"search_term_string\"}}],\"inLanguage\":\"da-DK\"},{\"@type\":\"Organization\",\"@id\":\"https:\\\/\\\/www.xn--bgerogting-0cb.dk\\\/#organization\",\"name\":\"B\u00f8ger og Ting\",\"url\":\"https:\\\/\\\/www.xn--bgerogting-0cb.dk\\\/\",\"logo\":{\"@type\":\"ImageObject\",\"inLanguage\":\"da-DK\",\"@id\":\"https:\\\/\\\/www.xn--bgerogting-0cb.dk\\\/#\\\/schema\\\/logo\\\/image\\\/\",\"url\":\"https:\\\/\\\/i0.wp.com\\\/www.xn--bgerogting-0cb.dk\\\/wp-content\\\/uploads\\\/2019\\\/10\\\/webicon.png?fit=205%2C205&ssl=1\",\"contentUrl\":\"https:\\\/\\\/i0.wp.com\\\/www.xn--bgerogting-0cb.dk\\\/wp-content\\\/uploads\\\/2019\\\/10\\\/webicon.png?fit=205%2C205&ssl=1\",\"width\":205,\"height\":205,\"caption\":\"B\u00f8ger og Ting\"},\"image\":{\"@id\":\"https:\\\/\\\/www.xn--bgerogting-0cb.dk\\\/#\\\/schema\\\/logo\\\/image\\\/\"},\"sameAs\":[\"https:\\\/\\\/www.facebook.com\\\/boegerogting\\\/\",\"https:\\\/\\\/www.instagram.com\\\/bogerogting\\\/\"]}]}<\/script>\n<meta property=\"product:price:amount\" content=\"500.00\" \/>\n<meta property=\"product:price:currency\" content=\"DKK\" \/>\n<meta property=\"og:availability\" content=\"instock\" \/>\n<meta property=\"product:availability\" content=\"instock\" \/>\n<meta property=\"product:retailer_item_id\" content=\"5591\" \/>\n<meta property=\"product:condition\" content=\"new\" \/>\n<!-- \/ Yoast SEO Premium plugin. -->","yoast_head_json":{"title":"Karakteristik af Kong Christian den Fjerde grundet is\u00e6r p\u00e5 et Udvalg af hans egenh\u00e6ndige Breve af R. Nyrup - B\u00f8ger og Ting","description":"Kj\u00f8benhavn, 1816 - Trykt p\u00e5 Br\u00f8drene Thieles Forlag - VIII - 166 + LXII sider + 1 brev i faksimile - Samtidigt halvbind - P\u00e6n stand.","robots":{"index":"index","follow":"follow","max-snippet":"max-snippet:-1","max-image-preview":"max-image-preview:large","max-video-preview":"max-video-preview:-1"},"canonical":"https:\/\/www.xn--bgerogting-0cb.dk\/index.php\/vare\/karakteristik-af-kong-christian-den-fjerde-grundet-isaer-paa-et-udvalg-af-hans-egenhaendige-breve-af-r-nyrup\/","og_locale":"da_DK","og_type":"article","og_title":"Karakteristik af Kong Christian den Fjerde grundet is\u00e6r p\u00e5 et Udvalg af hans egenh\u00e6ndige Breve af R. Nyrup","og_description":"Kj\u00f8benhavn, 1816 - Trykt p\u00e5 Br\u00f8drene Thieles Forlag - VIII - 166 + LXII sider + 1 brev i faksimile - Samtidigt halvbind - P\u00e6n stand.","og_url":"https:\/\/www.xn--bgerogting-0cb.dk\/index.php\/vare\/karakteristik-af-kong-christian-den-fjerde-grundet-isaer-paa-et-udvalg-af-hans-egenhaendige-breve-af-r-nyrup\/","og_site_name":"B\u00f8ger og Ting","article_publisher":"https:\/\/www.facebook.com\/boegerogting\/","article_modified_time":"2022-01-06T19:25:10+00:00","og_image":[{"width":1920,"height":1920,"url":"https:\/\/www.xn--bgerogting-0cb.dk\/wp-content\/uploads\/2022\/01\/Karakteristik-af-Kong-Christian-3.jpg","type":"image\/jpeg"}],"twitter_card":"summary_large_image","twitter_misc":{"Pris":"kr.&nbsp;500,00","Tilg\u00e6ngelighed":"P\u00e5 lager"},"schema":{"@context":"https:\/\/schema.org","@graph":[{"@type":"WebPage","@id":"https:\/\/www.xn--bgerogting-0cb.dk\/index.php\/vare\/karakteristik-af-kong-christian-den-fjerde-grundet-isaer-paa-et-udvalg-af-hans-egenhaendige-breve-af-r-nyrup\/","url":"https:\/\/www.xn--bgerogting-0cb.dk\/index.php\/vare\/karakteristik-af-kong-christian-den-fjerde-grundet-isaer-paa-et-udvalg-af-hans-egenhaendige-breve-af-r-nyrup\/","name":"Karakteristik af Kong Christian den Fjerde grundet is\u00e6r p\u00e5 et Udvalg af hans egenh\u00e6ndige Breve af R. Nyrup - B\u00f8ger og Ting","isPartOf":{"@id":"https:\/\/www.xn--bgerogting-0cb.dk\/#website"},"primaryImageOfPage":{"@id":"https:\/\/www.xn--bgerogting-0cb.dk\/index.php\/vare\/karakteristik-af-kong-christian-den-fjerde-grundet-isaer-paa-et-udvalg-af-hans-egenhaendige-breve-af-r-nyrup\/#primaryimage"},"image":{"@id":"https:\/\/www.xn--bgerogting-0cb.dk\/index.php\/vare\/karakteristik-af-kong-christian-den-fjerde-grundet-isaer-paa-et-udvalg-af-hans-egenhaendige-breve-af-r-nyrup\/#primaryimage"},"thumbnailUrl":"https:\/\/i0.wp.com\/www.xn--bgerogting-0cb.dk\/wp-content\/uploads\/2022\/01\/Karakteristik-af-Kong-Christian-3.jpg?fit=1920%2C1920&ssl=1","datePublished":"2022-01-06T18:50:26+00:00","dateModified":"2022-01-06T19:25:10+00:00","description":"Kj\u00f8benhavn, 1816 - Trykt p\u00e5 Br\u00f8drene Thieles Forlag - VIII - 166 + LXII sider + 1 brev i faksimile - Samtidigt halvbind - P\u00e6n stand.","breadcrumb":{"@id":"https:\/\/www.xn--bgerogting-0cb.dk\/index.php\/vare\/karakteristik-af-kong-christian-den-fjerde-grundet-isaer-paa-et-udvalg-af-hans-egenhaendige-breve-af-r-nyrup\/#breadcrumb"},"inLanguage":"da-DK","potentialAction":[{"@type":"ReadAction","target":["https:\/\/www.xn--bgerogting-0cb.dk\/index.php\/vare\/karakteristik-af-kong-christian-den-fjerde-grundet-isaer-paa-et-udvalg-af-hans-egenhaendige-breve-af-r-nyrup\/"]}]},{"@type":"ImageObject","inLanguage":"da-DK","@id":"https:\/\/www.xn--bgerogting-0cb.dk\/index.php\/vare\/karakteristik-af-kong-christian-den-fjerde-grundet-isaer-paa-et-udvalg-af-hans-egenhaendige-breve-af-r-nyrup\/#primaryimage","url":"https:\/\/i0.wp.com\/www.xn--bgerogting-0cb.dk\/wp-content\/uploads\/2022\/01\/Karakteristik-af-Kong-Christian-3.jpg?fit=1920%2C1920&ssl=1","contentUrl":"https:\/\/i0.wp.com\/www.xn--bgerogting-0cb.dk\/wp-content\/uploads\/2022\/01\/Karakteristik-af-Kong-Christian-3.jpg?fit=1920%2C1920&ssl=1","width":1920,"height":1920,"caption":"Systematisk Udvikling af Begreb om Tyveri"},{"@type":"BreadcrumbList","@id":"https:\/\/www.xn--bgerogting-0cb.dk\/index.php\/vare\/karakteristik-af-kong-christian-den-fjerde-grundet-isaer-paa-et-udvalg-af-hans-egenhaendige-breve-af-r-nyrup\/#breadcrumb","itemListElement":[{"@type":"ListItem","position":1,"name":"Home","item":"https:\/\/www.xn--bgerogting-0cb.dk\/"},{"@type":"ListItem","position":2,"name":"Butik","item":"https:\/\/www.xn--bgerogting-0cb.dk\/index.php\/shop\/"},{"@type":"ListItem","position":3,"name":"Karakteristik af Kong Christian den Fjerde grundet is\u00e6r p\u00e5 et Udvalg af hans egenh\u00e6ndige Breve af R. Nyrup"}]},{"@type":"WebSite","@id":"https:\/\/www.xn--bgerogting-0cb.dk\/#website","url":"https:\/\/www.xn--bgerogting-0cb.dk\/","name":"B\u00f8ger og Ting","description":"Antikvarisk, retro, vintage og antik","publisher":{"@id":"https:\/\/www.xn--bgerogting-0cb.dk\/#organization"},"potentialAction":[{"@type":"SearchAction","target":{"@type":"EntryPoint","urlTemplate":"https:\/\/www.xn--bgerogting-0cb.dk\/?s={search_term_string}"},"query-input":{"@type":"PropertyValueSpecification","valueRequired":true,"valueName":"search_term_string"}}],"inLanguage":"da-DK"},{"@type":"Organization","@id":"https:\/\/www.xn--bgerogting-0cb.dk\/#organization","name":"B\u00f8ger og Ting","url":"https:\/\/www.xn--bgerogting-0cb.dk\/","logo":{"@type":"ImageObject","inLanguage":"da-DK","@id":"https:\/\/www.xn--bgerogting-0cb.dk\/#\/schema\/logo\/image\/","url":"https:\/\/i0.wp.com\/www.xn--bgerogting-0cb.dk\/wp-content\/uploads\/2019\/10\/webicon.png?fit=205%2C205&ssl=1","contentUrl":"https:\/\/i0.wp.com\/www.xn--bgerogting-0cb.dk\/wp-content\/uploads\/2019\/10\/webicon.png?fit=205%2C205&ssl=1","width":205,"height":205,"caption":"B\u00f8ger og Ting"},"image":{"@id":"https:\/\/www.xn--bgerogting-0cb.dk\/#\/schema\/logo\/image\/"},"sameAs":["https:\/\/www.facebook.com\/boegerogting\/","https:\/\/www.instagram.com\/bogerogting\/"]}]},"product_price_amount":"500.00","product_price_currency":"DKK","og_availability":"instock","product_availability":"instock","product_retailer_item_id":"5591","product_condition":"new"},"jetpack_sharing_enabled":true,"_links":{"self":[{"href":"https:\/\/www.xn--bgerogting-0cb.dk\/index.php\/wp-json\/wp\/v2\/product\/11878","targetHints":{"allow":["GET"]}}],"collection":[{"href":"https:\/\/www.xn--bgerogting-0cb.dk\/index.php\/wp-json\/wp\/v2\/product"}],"about":[{"href":"https:\/\/www.xn--bgerogting-0cb.dk\/index.php\/wp-json\/wp\/v2\/types\/product"}],"wp:featuredmedia":[{"embeddable":true,"href":"https:\/\/www.xn--bgerogting-0cb.dk\/index.php\/wp-json\/wp\/v2\/media\/11881"}],"wp:attachment":[{"href":"https:\/\/www.xn--bgerogting-0cb.dk\/index.php\/wp-json\/wp\/v2\/media?parent=11878"}],"wp:term":[{"taxonomy":"product_brand","embeddable":true,"href":"https:\/\/www.xn--bgerogting-0cb.dk\/index.php\/wp-json\/wp\/v2\/product_brand?post=11878"},{"taxonomy":"product_cat","embeddable":true,"href":"https:\/\/www.xn--bgerogting-0cb.dk\/index.php\/wp-json\/wp\/v2\/product_cat?post=11878"},{"taxonomy":"product_tag","embeddable":true,"href":"https:\/\/www.xn--bgerogting-0cb.dk\/index.php\/wp-json\/wp\/v2\/product_tag?post=11878"}],"curies":[{"name":"wp","href":"https:\/\/api.w.org\/{rel}","templated":true}]}}