{"id":11735,"date":"2021-12-10T16:52:15","date_gmt":"2021-12-10T15:52:15","guid":{"rendered":"https:\/\/www.xn--bgerogting-0cb.dk\/?post_type=product&#038;p=11735"},"modified":"2021-12-10T16:52:15","modified_gmt":"2021-12-10T15:52:15","slug":"busser-af-edith-unnerstad","status":"publish","type":"product","link":"https:\/\/www.xn--bgerogting-0cb.dk\/index.php\/vare\/busser-af-edith-unnerstad\/","title":{"rendered":"Busser af Edith Unnerstad"},"content":{"rendered":"<p>Busser af Edith Unnerstad.<br \/>\nGyldendal, 1980 &#8211; 2. udgave &#8211; 182 sider &#8211; H\u00e6ftet med kartonbind.<br \/>\nIllustreret af Ilon Wikland &#8211; Svensk originaltitel: Pysen, 1952 &#8211; Oversat af \u00c5se Lehm-Laursen.<br \/>\nBogen er i god stand, dog er papiret let gulnet og har p\u00e5 nogle opslag sm\u00e5 prikker. Det g\u00e6lder ikke kun dette eksemplar, da det skyldes d\u00e5rlig papirkvalitet.<\/p>\n<p>3. bog i serien om den festlige Pip-Larsson familie med de mange b\u00f8rn. Bogen kan l\u00e6ses selvst\u00e6ndigt.<br \/>\nS\u00f8d og sjov h\u00f8jtl\u00e6sningsbog om den 5-\u00e5rige Busser, som er en meget p\u00e5hitsom dreng, der ikke for ingenting er s\u00f8n af en opfinder.<\/p>\n","protected":false},"excerpt":{"rendered":"<p>Busser af Edith Unnerstad.<br \/>\nGyldendal, 1980 &#8211; 2. udgave &#8211; 182 sider &#8211; H\u00e6ftet med kartonbind.<br \/>\nIllustreret af Ilon Wikland &#8211; Svensk originaltitel: Pysen, 1952 &#8211; Oversat af \u00c5se Lehm-Laursen.<br \/>\nBogen er i god stand, dog er papiret let gulnet og har p\u00e5 nogle opslag sm\u00e5 prikker. Det g\u00e6lder ikke kun dette eksemplar, da det skyldes d\u00e5rlig papirkvalitet.<\/p>\n<p>3. bog i serien om den festlige Pip-Larsson familie med de mange b\u00f8rn. Bogen kan l\u00e6ses selvst\u00e6ndigt.<br \/>\nS\u00f8d og sjov h\u00f8jtl\u00e6sningsbog om den 5-\u00e5rige Busser, som er en meget p\u00e5hitsom dreng, der ikke for ingenting er s\u00f8n af en opfinder.<\/p>\n","protected":false},"featured_media":11729,"template":"","meta":[],"product_brand":[],"product_cat":[57,85,27,35],"product_tag":[483,306,159],"class_list":{"0":"post-11735","1":"product","2":"type-product","3":"status-publish","4":"has-post-thumbnail","6":"product_cat-alle-tiders-boerneboeger-1950-1959","7":"product_cat-alle-tiders-boerneboeger-1980-1989","8":"product_cat-boeger","9":"product_cat-barneboger","10":"product_tag-edith-unnerstad","11":"product_tag-ilon-wikland","12":"product_tag-svensk","14":"first","15":"instock","16":"shipping-taxable","17":"purchasable","18":"product-type-simple"},"yoast_head":"<!-- This site is optimized with the Yoast SEO Premium plugin v27.4 (Yoast SEO v27.5) - https:\/\/yoast.com\/product\/yoast-seo-premium-wordpress\/ -->\n<title>Busser af Edith Unnerstad - B\u00f8ger og Ting<\/title>\n<meta name=\"robots\" content=\"index, follow, max-snippet:-1, max-image-preview:large, max-video-preview:-1\" \/>\n<link rel=\"canonical\" href=\"https:\/\/www.xn--bgerogting-0cb.dk\/index.php\/vare\/busser-af-edith-unnerstad\/\" \/>\n<meta property=\"og:locale\" content=\"da_DK\" \/>\n<meta property=\"og:type\" content=\"article\" \/>\n<meta property=\"og:title\" content=\"Busser af Edith Unnerstad\" \/>\n<meta property=\"og:description\" content=\"Busser af Edith Unnerstad. Gyldendal, 1980 - 2. udgave - 182 sider - H\u00e6ftet med kartonbind. Illustreret af Ilon Wikland - Svensk originaltitel: Pysen, 1952 - Oversat af \u00c5se Lehm-Laursen. Bogen er i god stand, dog er papiret let gulnet og har p\u00e5 nogle opslag sm\u00e5 prikker. Det g\u00e6lder ikke kun dette eksemplar, da det skyldes d\u00e5rlig papirkvalitet.  3. bog i serien om den festlige Pip-Larsson familie med de mange b\u00f8rn. Bogen kan l\u00e6ses selvst\u00e6ndigt. S\u00f8d og sjov h\u00f8jtl\u00e6sningsbog om den 5-\u00e5rige Busser, som er en meget p\u00e5hitsom dreng, der ikke for ingenting er s\u00f8n af en opfinder.\" \/>\n<meta property=\"og:url\" content=\"https:\/\/www.xn--bgerogting-0cb.dk\/index.php\/vare\/busser-af-edith-unnerstad\/\" \/>\n<meta property=\"og:site_name\" content=\"B\u00f8ger og Ting\" \/>\n<meta property=\"article:publisher\" content=\"https:\/\/www.facebook.com\/boegerogting\/\" \/>\n<meta property=\"og:image\" content=\"https:\/\/www.xn--bgerogting-0cb.dk\/wp-content\/uploads\/2021\/12\/Busser-ny.jpg\" \/>\n\t<meta property=\"og:image:width\" content=\"1920\" \/>\n\t<meta property=\"og:image:height\" content=\"1920\" \/>\n\t<meta property=\"og:image:type\" content=\"image\/jpeg\" \/>\n<meta name=\"twitter:card\" content=\"summary_large_image\" \/>\n<meta name=\"twitter:label1\" content=\"Pris\" \/>\n\t<meta name=\"twitter:data1\" content=\"kr.&nbsp;70,00\" \/>\n\t<meta name=\"twitter:label2\" content=\"Tilg\u00e6ngelighed\" \/>\n\t<meta name=\"twitter:data2\" content=\"P\u00e5 lager\" \/>\n<script type=\"application\/ld+json\" class=\"yoast-schema-graph\">{\"@context\":\"https:\\\/\\\/schema.org\",\"@graph\":[{\"@type\":\"WebPage\",\"@id\":\"https:\\\/\\\/www.xn--bgerogting-0cb.dk\\\/index.php\\\/vare\\\/busser-af-edith-unnerstad\\\/\",\"url\":\"https:\\\/\\\/www.xn--bgerogting-0cb.dk\\\/index.php\\\/vare\\\/busser-af-edith-unnerstad\\\/\",\"name\":\"Busser af Edith Unnerstad - B\u00f8ger og Ting\",\"isPartOf\":{\"@id\":\"https:\\\/\\\/www.xn--bgerogting-0cb.dk\\\/#website\"},\"primaryImageOfPage\":{\"@id\":\"https:\\\/\\\/www.xn--bgerogting-0cb.dk\\\/index.php\\\/vare\\\/busser-af-edith-unnerstad\\\/#primaryimage\"},\"image\":{\"@id\":\"https:\\\/\\\/www.xn--bgerogting-0cb.dk\\\/index.php\\\/vare\\\/busser-af-edith-unnerstad\\\/#primaryimage\"},\"thumbnailUrl\":\"https:\\\/\\\/i0.wp.com\\\/www.xn--bgerogting-0cb.dk\\\/wp-content\\\/uploads\\\/2021\\\/12\\\/Busser-ny.jpg?fit=1920%2C1920&ssl=1\",\"datePublished\":\"2021-12-10T15:52:15+00:00\",\"breadcrumb\":{\"@id\":\"https:\\\/\\\/www.xn--bgerogting-0cb.dk\\\/index.php\\\/vare\\\/busser-af-edith-unnerstad\\\/#breadcrumb\"},\"inLanguage\":\"da-DK\",\"potentialAction\":[{\"@type\":\"ReadAction\",\"target\":[\"https:\\\/\\\/www.xn--bgerogting-0cb.dk\\\/index.php\\\/vare\\\/busser-af-edith-unnerstad\\\/\"]}]},{\"@type\":\"ImageObject\",\"inLanguage\":\"da-DK\",\"@id\":\"https:\\\/\\\/www.xn--bgerogting-0cb.dk\\\/index.php\\\/vare\\\/busser-af-edith-unnerstad\\\/#primaryimage\",\"url\":\"https:\\\/\\\/i0.wp.com\\\/www.xn--bgerogting-0cb.dk\\\/wp-content\\\/uploads\\\/2021\\\/12\\\/Busser-ny.jpg?fit=1920%2C1920&ssl=1\",\"contentUrl\":\"https:\\\/\\\/i0.wp.com\\\/www.xn--bgerogting-0cb.dk\\\/wp-content\\\/uploads\\\/2021\\\/12\\\/Busser-ny.jpg?fit=1920%2C1920&ssl=1\",\"width\":1920,\"height\":1920,\"caption\":\"Busser\"},{\"@type\":\"BreadcrumbList\",\"@id\":\"https:\\\/\\\/www.xn--bgerogting-0cb.dk\\\/index.php\\\/vare\\\/busser-af-edith-unnerstad\\\/#breadcrumb\",\"itemListElement\":[{\"@type\":\"ListItem\",\"position\":1,\"name\":\"Home\",\"item\":\"https:\\\/\\\/www.xn--bgerogting-0cb.dk\\\/\"},{\"@type\":\"ListItem\",\"position\":2,\"name\":\"Butik\",\"item\":\"https:\\\/\\\/www.xn--bgerogting-0cb.dk\\\/index.php\\\/shop\\\/\"},{\"@type\":\"ListItem\",\"position\":3,\"name\":\"Busser af Edith Unnerstad\"}]},{\"@type\":\"WebSite\",\"@id\":\"https:\\\/\\\/www.xn--bgerogting-0cb.dk\\\/#website\",\"url\":\"https:\\\/\\\/www.xn--bgerogting-0cb.dk\\\/\",\"name\":\"B\u00f8ger og Ting\",\"description\":\"Antikvarisk, retro, vintage og antik\",\"publisher\":{\"@id\":\"https:\\\/\\\/www.xn--bgerogting-0cb.dk\\\/#organization\"},\"potentialAction\":[{\"@type\":\"SearchAction\",\"target\":{\"@type\":\"EntryPoint\",\"urlTemplate\":\"https:\\\/\\\/www.xn--bgerogting-0cb.dk\\\/?s={search_term_string}\"},\"query-input\":{\"@type\":\"PropertyValueSpecification\",\"valueRequired\":true,\"valueName\":\"search_term_string\"}}],\"inLanguage\":\"da-DK\"},{\"@type\":\"Organization\",\"@id\":\"https:\\\/\\\/www.xn--bgerogting-0cb.dk\\\/#organization\",\"name\":\"B\u00f8ger og Ting\",\"url\":\"https:\\\/\\\/www.xn--bgerogting-0cb.dk\\\/\",\"logo\":{\"@type\":\"ImageObject\",\"inLanguage\":\"da-DK\",\"@id\":\"https:\\\/\\\/www.xn--bgerogting-0cb.dk\\\/#\\\/schema\\\/logo\\\/image\\\/\",\"url\":\"https:\\\/\\\/i0.wp.com\\\/www.xn--bgerogting-0cb.dk\\\/wp-content\\\/uploads\\\/2019\\\/10\\\/webicon.png?fit=205%2C205&ssl=1\",\"contentUrl\":\"https:\\\/\\\/i0.wp.com\\\/www.xn--bgerogting-0cb.dk\\\/wp-content\\\/uploads\\\/2019\\\/10\\\/webicon.png?fit=205%2C205&ssl=1\",\"width\":205,\"height\":205,\"caption\":\"B\u00f8ger og Ting\"},\"image\":{\"@id\":\"https:\\\/\\\/www.xn--bgerogting-0cb.dk\\\/#\\\/schema\\\/logo\\\/image\\\/\"},\"sameAs\":[\"https:\\\/\\\/www.facebook.com\\\/boegerogting\\\/\",\"https:\\\/\\\/www.instagram.com\\\/bogerogting\\\/\"]}]}<\/script>\n<meta property=\"product:price:amount\" content=\"70.00\" \/>\n<meta property=\"product:price:currency\" content=\"DKK\" \/>\n<meta property=\"og:availability\" content=\"instock\" \/>\n<meta property=\"product:availability\" content=\"instock\" \/>\n<meta property=\"product:retailer_item_id\" content=\"4970\" \/>\n<meta property=\"product:condition\" content=\"new\" \/>\n<!-- \/ Yoast SEO Premium plugin. -->","yoast_head_json":{"title":"Busser af Edith Unnerstad - B\u00f8ger og Ting","robots":{"index":"index","follow":"follow","max-snippet":"max-snippet:-1","max-image-preview":"max-image-preview:large","max-video-preview":"max-video-preview:-1"},"canonical":"https:\/\/www.xn--bgerogting-0cb.dk\/index.php\/vare\/busser-af-edith-unnerstad\/","og_locale":"da_DK","og_type":"article","og_title":"Busser af Edith Unnerstad","og_description":"Busser af Edith Unnerstad. Gyldendal, 1980 - 2. udgave - 182 sider - H\u00e6ftet med kartonbind. Illustreret af Ilon Wikland - Svensk originaltitel: Pysen, 1952 - Oversat af \u00c5se Lehm-Laursen. Bogen er i god stand, dog er papiret let gulnet og har p\u00e5 nogle opslag sm\u00e5 prikker. Det g\u00e6lder ikke kun dette eksemplar, da det skyldes d\u00e5rlig papirkvalitet.  3. bog i serien om den festlige Pip-Larsson familie med de mange b\u00f8rn. Bogen kan l\u00e6ses selvst\u00e6ndigt. S\u00f8d og sjov h\u00f8jtl\u00e6sningsbog om den 5-\u00e5rige Busser, som er en meget p\u00e5hitsom dreng, der ikke for ingenting er s\u00f8n af en opfinder.","og_url":"https:\/\/www.xn--bgerogting-0cb.dk\/index.php\/vare\/busser-af-edith-unnerstad\/","og_site_name":"B\u00f8ger og Ting","article_publisher":"https:\/\/www.facebook.com\/boegerogting\/","og_image":[{"width":1920,"height":1920,"url":"https:\/\/www.xn--bgerogting-0cb.dk\/wp-content\/uploads\/2021\/12\/Busser-ny.jpg","type":"image\/jpeg"}],"twitter_card":"summary_large_image","twitter_misc":{"Pris":"kr.&nbsp;70,00","Tilg\u00e6ngelighed":"P\u00e5 lager"},"schema":{"@context":"https:\/\/schema.org","@graph":[{"@type":"WebPage","@id":"https:\/\/www.xn--bgerogting-0cb.dk\/index.php\/vare\/busser-af-edith-unnerstad\/","url":"https:\/\/www.xn--bgerogting-0cb.dk\/index.php\/vare\/busser-af-edith-unnerstad\/","name":"Busser af Edith Unnerstad - B\u00f8ger og Ting","isPartOf":{"@id":"https:\/\/www.xn--bgerogting-0cb.dk\/#website"},"primaryImageOfPage":{"@id":"https:\/\/www.xn--bgerogting-0cb.dk\/index.php\/vare\/busser-af-edith-unnerstad\/#primaryimage"},"image":{"@id":"https:\/\/www.xn--bgerogting-0cb.dk\/index.php\/vare\/busser-af-edith-unnerstad\/#primaryimage"},"thumbnailUrl":"https:\/\/i0.wp.com\/www.xn--bgerogting-0cb.dk\/wp-content\/uploads\/2021\/12\/Busser-ny.jpg?fit=1920%2C1920&ssl=1","datePublished":"2021-12-10T15:52:15+00:00","breadcrumb":{"@id":"https:\/\/www.xn--bgerogting-0cb.dk\/index.php\/vare\/busser-af-edith-unnerstad\/#breadcrumb"},"inLanguage":"da-DK","potentialAction":[{"@type":"ReadAction","target":["https:\/\/www.xn--bgerogting-0cb.dk\/index.php\/vare\/busser-af-edith-unnerstad\/"]}]},{"@type":"ImageObject","inLanguage":"da-DK","@id":"https:\/\/www.xn--bgerogting-0cb.dk\/index.php\/vare\/busser-af-edith-unnerstad\/#primaryimage","url":"https:\/\/i0.wp.com\/www.xn--bgerogting-0cb.dk\/wp-content\/uploads\/2021\/12\/Busser-ny.jpg?fit=1920%2C1920&ssl=1","contentUrl":"https:\/\/i0.wp.com\/www.xn--bgerogting-0cb.dk\/wp-content\/uploads\/2021\/12\/Busser-ny.jpg?fit=1920%2C1920&ssl=1","width":1920,"height":1920,"caption":"Busser"},{"@type":"BreadcrumbList","@id":"https:\/\/www.xn--bgerogting-0cb.dk\/index.php\/vare\/busser-af-edith-unnerstad\/#breadcrumb","itemListElement":[{"@type":"ListItem","position":1,"name":"Home","item":"https:\/\/www.xn--bgerogting-0cb.dk\/"},{"@type":"ListItem","position":2,"name":"Butik","item":"https:\/\/www.xn--bgerogting-0cb.dk\/index.php\/shop\/"},{"@type":"ListItem","position":3,"name":"Busser af Edith Unnerstad"}]},{"@type":"WebSite","@id":"https:\/\/www.xn--bgerogting-0cb.dk\/#website","url":"https:\/\/www.xn--bgerogting-0cb.dk\/","name":"B\u00f8ger og Ting","description":"Antikvarisk, retro, vintage og antik","publisher":{"@id":"https:\/\/www.xn--bgerogting-0cb.dk\/#organization"},"potentialAction":[{"@type":"SearchAction","target":{"@type":"EntryPoint","urlTemplate":"https:\/\/www.xn--bgerogting-0cb.dk\/?s={search_term_string}"},"query-input":{"@type":"PropertyValueSpecification","valueRequired":true,"valueName":"search_term_string"}}],"inLanguage":"da-DK"},{"@type":"Organization","@id":"https:\/\/www.xn--bgerogting-0cb.dk\/#organization","name":"B\u00f8ger og Ting","url":"https:\/\/www.xn--bgerogting-0cb.dk\/","logo":{"@type":"ImageObject","inLanguage":"da-DK","@id":"https:\/\/www.xn--bgerogting-0cb.dk\/#\/schema\/logo\/image\/","url":"https:\/\/i0.wp.com\/www.xn--bgerogting-0cb.dk\/wp-content\/uploads\/2019\/10\/webicon.png?fit=205%2C205&ssl=1","contentUrl":"https:\/\/i0.wp.com\/www.xn--bgerogting-0cb.dk\/wp-content\/uploads\/2019\/10\/webicon.png?fit=205%2C205&ssl=1","width":205,"height":205,"caption":"B\u00f8ger og Ting"},"image":{"@id":"https:\/\/www.xn--bgerogting-0cb.dk\/#\/schema\/logo\/image\/"},"sameAs":["https:\/\/www.facebook.com\/boegerogting\/","https:\/\/www.instagram.com\/bogerogting\/"]}]},"product_price_amount":"70.00","product_price_currency":"DKK","og_availability":"instock","product_availability":"instock","product_retailer_item_id":"4970","product_condition":"new"},"jetpack_sharing_enabled":true,"_links":{"self":[{"href":"https:\/\/www.xn--bgerogting-0cb.dk\/index.php\/wp-json\/wp\/v2\/product\/11735","targetHints":{"allow":["GET"]}}],"collection":[{"href":"https:\/\/www.xn--bgerogting-0cb.dk\/index.php\/wp-json\/wp\/v2\/product"}],"about":[{"href":"https:\/\/www.xn--bgerogting-0cb.dk\/index.php\/wp-json\/wp\/v2\/types\/product"}],"wp:featuredmedia":[{"embeddable":true,"href":"https:\/\/www.xn--bgerogting-0cb.dk\/index.php\/wp-json\/wp\/v2\/media\/11729"}],"wp:attachment":[{"href":"https:\/\/www.xn--bgerogting-0cb.dk\/index.php\/wp-json\/wp\/v2\/media?parent=11735"}],"wp:term":[{"taxonomy":"product_brand","embeddable":true,"href":"https:\/\/www.xn--bgerogting-0cb.dk\/index.php\/wp-json\/wp\/v2\/product_brand?post=11735"},{"taxonomy":"product_cat","embeddable":true,"href":"https:\/\/www.xn--bgerogting-0cb.dk\/index.php\/wp-json\/wp\/v2\/product_cat?post=11735"},{"taxonomy":"product_tag","embeddable":true,"href":"https:\/\/www.xn--bgerogting-0cb.dk\/index.php\/wp-json\/wp\/v2\/product_tag?post=11735"}],"curies":[{"name":"wp","href":"https:\/\/api.w.org\/{rel}","templated":true}]}}