{"id":11543,"date":"2026-02-19T13:00:44","date_gmt":"2026-02-19T12:00:44","guid":{"rendered":"https:\/\/www.xn--bgerogting-0cb.dk\/?post_type=product&#038;p=11543"},"modified":"2026-02-19T13:32:37","modified_gmt":"2026-02-19T12:32:37","slug":"det-lille-hus-af-virginia-burton-lee","status":"publish","type":"product","link":"https:\/\/www.xn--bgerogting-0cb.dk\/index.php\/vare\/det-lille-hus-af-virginia-burton-lee\/","title":{"rendered":"Det lille hus af Virginia Burton Lee"},"content":{"rendered":"<p>Det lille hus af Virginia Burton Lee.<br \/>\nGyldendal, 1979 &#8211; 2. udgave &#8211; 42 sider &#8211; H\u00e6ftet med bl\u00f8dt omslag.<br \/>\nIllustreret af forfatteren &#8211; Amerikansk originaltitel: The Little House, 1943.<br \/>\nP\u00e5 dansk ved Anine Rud &#8211; F\u00f8rste danske udgave kom i 1968.<br \/>\nBogen er generelt i god stand og indvendigt meget fin. Det bl\u00f8de omslag har brugsspor &#8211; se billeder.<\/p>\n<p>&#8220;Det lille hus&#8221; er en af de store, amerikanske billedbogsklassikere.<br \/>\nHuset bliver bygget p\u00e5 en idyllisk bakke ude p\u00e5 landet og er beboet af en lykkelig familie. \u00c5rstiderne skifter, og alt er godt.<br \/>\nSom \u00e5rene g\u00e5r, kommer lysene fra den store by n\u00e6rmere, og en dag bliver der lavet en vej gennem bakken med tusindfryd.<br \/>\nS\u00e5 begynder det at g\u00e5 st\u00e6rkt. Nye huse bliver bygget omkring det lille hus, husene bliver st\u00f8rre og st\u00f8rre. Der kommer, biler, tog, r\u00f8g, st\u00f8j og m\u00f8g, og det lille hus ligger ulykkeligt og forladt mellem h\u00f8jhusene. Men en dag sker der noget ..<\/p>\n<p>Virginia Burton Lee (1909 &#8211; 1968) skrev flere h\u00f8jt elskede billedb\u00f8ger, der har som f\u00e6llestr\u00e6k at det er &#8220;ting&#8221;, der er hovedpersonerne og personliggjort: et hus, en gravemaskine, et tog &#8230; Det er noget, der tiltaler b\u00f8rn.<br \/>\nForfatteren blev i 1943 tildelt den prestigefulde Caldecott Medal for &#8220;The Little House.<\/p>\n<p>&nbsp;<\/p>\n","protected":false},"excerpt":{"rendered":"<p>Det lille hus af Virginia Burton Lee.<br \/>\nGyldendal, 1979 &#8211; 2. udgave &#8211; 42 sider &#8211; H\u00e6ftet med bl\u00f8dt omslag (plastet).<br \/>\nIllustreret af forfatteren &#8211; Amerikansk originaltitel: The Little House, 1943.<br \/>\nP\u00e5 dansk ved Anine Rud &#8211; F\u00f8rste danske udgave kom i 1968.<br \/>\nBogen er generelt i god stand og indvendigt meget fin. Det bl\u00f8de omslag har brugsspor &#8211; se billeder.<\/p>\n<p>&#8220;Det lille hus&#8221; er en af de helt store, amerikanske billedbogsklassikere.<br \/>\nHuset bliver bygget p\u00e5 en idyllisk bakke ude p\u00e5 landet og er beboet af en lykkelig familie. \u00c5rstiderne skifter, og alt er godt.<br \/>\nSom \u00e5rene g\u00e5r, kommer lysene fra den store by n\u00e6rmere, og en dag bliver der lavet en vej gennem bakken med tusindfryd.<br \/>\nS\u00e5 begynder det at g\u00e5 st\u00e6rkt. Nye huse bliver bygget omkring det lille hus, husene bliver st\u00f8rre og st\u00f8rre. Der kommer, biler, tog, r\u00f8g, st\u00f8j og m\u00f8g, og det lille hus ligger ulykkeligt og forladt mellem h\u00f8jhusene. Men en dag sker der noget ..<\/p>\n<p>Virginia Burton Lee (1909 &#8211; 1968) skrev flere h\u00f8jt elskede billedb\u00f8ger, der har som f\u00e6llestr\u00e6k at det er &#8220;ting&#8221;, der er hovedpersonerne og personliggjort: et hus, en gravemaskine, et tog &#8230; Det er noget, der tiltaler b\u00f8rn.<br \/>\nForfatteren blev i 1943 tildelt den prestigefulde Caldecott Medal for &#8220;The Little House.<\/p>\n","protected":false},"featured_media":18465,"template":"","meta":[],"product_brand":[],"product_cat":[96,80,81,27,35],"product_tag":[219,108,1073],"class_list":{"0":"post-11543","1":"product","2":"type-product","3":"status-publish","4":"has-post-thumbnail","6":"product_cat-alle-tiders-boerneboeger-1940-1949","7":"product_cat-alle-tiders-boerneboeger-1970-1979","8":"product_cat-billedboeger","9":"product_cat-boeger","10":"product_cat-barneboger","11":"product_tag-amerikansk","12":"product_tag-billedbogsklassiker","13":"product_tag-virginia-lee-burton","15":"first","16":"instock","17":"shipping-taxable","18":"purchasable","19":"product-type-simple"},"yoast_head":"<!-- This site is optimized with the Yoast SEO Premium plugin v26.9 (Yoast SEO v27.3) - https:\/\/yoast.com\/product\/yoast-seo-premium-wordpress\/ -->\n<title>Det lille hus af Virginia Burton Lee - B\u00f8ger og Ting<\/title>\n<meta name=\"description\" content=\"Det lille hus af Virginia Burton Lee - Gyldendal, 1979 - 2. udgave - 42 sider - H\u00e6ftet med bl\u00f8dt omslag. - Bogen er i god stand, dog har omslaget brugsspor.\" \/>\n<meta name=\"robots\" content=\"index, follow, max-snippet:-1, max-image-preview:large, max-video-preview:-1\" \/>\n<link rel=\"canonical\" href=\"https:\/\/www.xn--bgerogting-0cb.dk\/index.php\/vare\/det-lille-hus-af-virginia-burton-lee\/\" \/>\n<meta property=\"og:locale\" content=\"da_DK\" \/>\n<meta property=\"og:type\" content=\"article\" \/>\n<meta property=\"og:title\" content=\"Det lille hus af Virginia Burton Lee\" \/>\n<meta property=\"og:description\" content=\"Det lille hus af Virginia Burton Lee - Gyldendal, 1979 - 2. udgave - 42 sider - H\u00e6ftet med bl\u00f8dt omslag. - Bogen er i god stand, dog har omslaget brugsspor.\" \/>\n<meta property=\"og:url\" content=\"https:\/\/www.xn--bgerogting-0cb.dk\/index.php\/vare\/det-lille-hus-af-virginia-burton-lee\/\" \/>\n<meta property=\"og:site_name\" content=\"B\u00f8ger og Ting\" \/>\n<meta property=\"article:publisher\" content=\"https:\/\/www.facebook.com\/boegerogting\/\" \/>\n<meta property=\"article:modified_time\" content=\"2026-02-19T12:32:37+00:00\" \/>\n<meta property=\"og:image\" content=\"https:\/\/www.xn--bgerogting-0cb.dk\/wp-content\/uploads\/2021\/11\/Det-lille-hus-af-Virginia-Burton-Lee.jpg\" \/>\n\t<meta property=\"og:image:width\" content=\"1920\" \/>\n\t<meta property=\"og:image:height\" content=\"1920\" \/>\n\t<meta property=\"og:image:type\" content=\"image\/jpeg\" \/>\n<meta name=\"twitter:card\" content=\"summary_large_image\" \/>\n<meta name=\"twitter:label1\" content=\"Pris\" \/>\n\t<meta name=\"twitter:data1\" content=\"kr.&nbsp;125,00\" \/>\n\t<meta name=\"twitter:label2\" content=\"Tilg\u00e6ngelighed\" \/>\n\t<meta name=\"twitter:data2\" content=\"P\u00e5 lager\" \/>\n<script type=\"application\/ld+json\" class=\"yoast-schema-graph\">{\"@context\":\"https:\\\/\\\/schema.org\",\"@graph\":[{\"@type\":\"WebPage\",\"@id\":\"https:\\\/\\\/www.xn--bgerogting-0cb.dk\\\/index.php\\\/vare\\\/det-lille-hus-af-virginia-burton-lee\\\/\",\"url\":\"https:\\\/\\\/www.xn--bgerogting-0cb.dk\\\/index.php\\\/vare\\\/det-lille-hus-af-virginia-burton-lee\\\/\",\"name\":\"Det lille hus af Virginia Burton Lee - B\u00f8ger og Ting\",\"isPartOf\":{\"@id\":\"https:\\\/\\\/www.xn--bgerogting-0cb.dk\\\/#website\"},\"primaryImageOfPage\":{\"@id\":\"https:\\\/\\\/www.xn--bgerogting-0cb.dk\\\/index.php\\\/vare\\\/det-lille-hus-af-virginia-burton-lee\\\/#primaryimage\"},\"image\":{\"@id\":\"https:\\\/\\\/www.xn--bgerogting-0cb.dk\\\/index.php\\\/vare\\\/det-lille-hus-af-virginia-burton-lee\\\/#primaryimage\"},\"thumbnailUrl\":\"https:\\\/\\\/i0.wp.com\\\/www.xn--bgerogting-0cb.dk\\\/wp-content\\\/uploads\\\/2021\\\/11\\\/Det-lille-hus-af-Virginia-Burton-Lee.jpg?fit=1920%2C1920&ssl=1\",\"datePublished\":\"2026-02-19T12:00:44+00:00\",\"dateModified\":\"2026-02-19T12:32:37+00:00\",\"description\":\"Det lille hus af Virginia Burton Lee - Gyldendal, 1979 - 2. udgave - 42 sider - H\u00e6ftet med bl\u00f8dt omslag. - Bogen er i god stand, dog har omslaget brugsspor.\",\"breadcrumb\":{\"@id\":\"https:\\\/\\\/www.xn--bgerogting-0cb.dk\\\/index.php\\\/vare\\\/det-lille-hus-af-virginia-burton-lee\\\/#breadcrumb\"},\"inLanguage\":\"da-DK\",\"potentialAction\":[{\"@type\":\"ReadAction\",\"target\":[\"https:\\\/\\\/www.xn--bgerogting-0cb.dk\\\/index.php\\\/vare\\\/det-lille-hus-af-virginia-burton-lee\\\/\"]}]},{\"@type\":\"ImageObject\",\"inLanguage\":\"da-DK\",\"@id\":\"https:\\\/\\\/www.xn--bgerogting-0cb.dk\\\/index.php\\\/vare\\\/det-lille-hus-af-virginia-burton-lee\\\/#primaryimage\",\"url\":\"https:\\\/\\\/i0.wp.com\\\/www.xn--bgerogting-0cb.dk\\\/wp-content\\\/uploads\\\/2021\\\/11\\\/Det-lille-hus-af-Virginia-Burton-Lee.jpg?fit=1920%2C1920&ssl=1\",\"contentUrl\":\"https:\\\/\\\/i0.wp.com\\\/www.xn--bgerogting-0cb.dk\\\/wp-content\\\/uploads\\\/2021\\\/11\\\/Det-lille-hus-af-Virginia-Burton-Lee.jpg?fit=1920%2C1920&ssl=1\",\"width\":1920,\"height\":1920,\"caption\":\"Det lille hus af Virginia Burton Lee\"},{\"@type\":\"BreadcrumbList\",\"@id\":\"https:\\\/\\\/www.xn--bgerogting-0cb.dk\\\/index.php\\\/vare\\\/det-lille-hus-af-virginia-burton-lee\\\/#breadcrumb\",\"itemListElement\":[{\"@type\":\"ListItem\",\"position\":1,\"name\":\"Home\",\"item\":\"https:\\\/\\\/www.xn--bgerogting-0cb.dk\\\/\"},{\"@type\":\"ListItem\",\"position\":2,\"name\":\"Butik\",\"item\":\"https:\\\/\\\/www.xn--bgerogting-0cb.dk\\\/index.php\\\/shop\\\/\"},{\"@type\":\"ListItem\",\"position\":3,\"name\":\"Det lille hus af Virginia Burton Lee\"}]},{\"@type\":\"WebSite\",\"@id\":\"https:\\\/\\\/www.xn--bgerogting-0cb.dk\\\/#website\",\"url\":\"https:\\\/\\\/www.xn--bgerogting-0cb.dk\\\/\",\"name\":\"B\u00f8ger og Ting\",\"description\":\"Antikvarisk, retro, vintage og antik\",\"publisher\":{\"@id\":\"https:\\\/\\\/www.xn--bgerogting-0cb.dk\\\/#organization\"},\"potentialAction\":[{\"@type\":\"SearchAction\",\"target\":{\"@type\":\"EntryPoint\",\"urlTemplate\":\"https:\\\/\\\/www.xn--bgerogting-0cb.dk\\\/?s={search_term_string}\"},\"query-input\":{\"@type\":\"PropertyValueSpecification\",\"valueRequired\":true,\"valueName\":\"search_term_string\"}}],\"inLanguage\":\"da-DK\"},{\"@type\":\"Organization\",\"@id\":\"https:\\\/\\\/www.xn--bgerogting-0cb.dk\\\/#organization\",\"name\":\"B\u00f8ger og Ting\",\"url\":\"https:\\\/\\\/www.xn--bgerogting-0cb.dk\\\/\",\"logo\":{\"@type\":\"ImageObject\",\"inLanguage\":\"da-DK\",\"@id\":\"https:\\\/\\\/www.xn--bgerogting-0cb.dk\\\/#\\\/schema\\\/logo\\\/image\\\/\",\"url\":\"https:\\\/\\\/i0.wp.com\\\/www.xn--bgerogting-0cb.dk\\\/wp-content\\\/uploads\\\/2019\\\/10\\\/webicon.png?fit=205%2C205&ssl=1\",\"contentUrl\":\"https:\\\/\\\/i0.wp.com\\\/www.xn--bgerogting-0cb.dk\\\/wp-content\\\/uploads\\\/2019\\\/10\\\/webicon.png?fit=205%2C205&ssl=1\",\"width\":205,\"height\":205,\"caption\":\"B\u00f8ger og Ting\"},\"image\":{\"@id\":\"https:\\\/\\\/www.xn--bgerogting-0cb.dk\\\/#\\\/schema\\\/logo\\\/image\\\/\"},\"sameAs\":[\"https:\\\/\\\/www.facebook.com\\\/boegerogting\\\/\",\"https:\\\/\\\/www.instagram.com\\\/bogerogting\\\/\"]}]}<\/script>\n<meta property=\"product:price:amount\" content=\"125.00\" \/>\n<meta property=\"product:price:currency\" content=\"DKK\" \/>\n<meta property=\"og:availability\" content=\"instock\" \/>\n<meta property=\"product:availability\" content=\"instock\" \/>\n<meta property=\"product:retailer_item_id\" content=\"11028\" \/>\n<meta property=\"product:condition\" content=\"new\" \/>\n<!-- \/ Yoast SEO Premium plugin. -->","yoast_head_json":{"title":"Det lille hus af Virginia Burton Lee - B\u00f8ger og Ting","description":"Det lille hus af Virginia Burton Lee - Gyldendal, 1979 - 2. udgave - 42 sider - H\u00e6ftet med bl\u00f8dt omslag. - Bogen er i god stand, dog har omslaget brugsspor.","robots":{"index":"index","follow":"follow","max-snippet":"max-snippet:-1","max-image-preview":"max-image-preview:large","max-video-preview":"max-video-preview:-1"},"canonical":"https:\/\/www.xn--bgerogting-0cb.dk\/index.php\/vare\/det-lille-hus-af-virginia-burton-lee\/","og_locale":"da_DK","og_type":"article","og_title":"Det lille hus af Virginia Burton Lee","og_description":"Det lille hus af Virginia Burton Lee - Gyldendal, 1979 - 2. udgave - 42 sider - H\u00e6ftet med bl\u00f8dt omslag. - Bogen er i god stand, dog har omslaget brugsspor.","og_url":"https:\/\/www.xn--bgerogting-0cb.dk\/index.php\/vare\/det-lille-hus-af-virginia-burton-lee\/","og_site_name":"B\u00f8ger og Ting","article_publisher":"https:\/\/www.facebook.com\/boegerogting\/","article_modified_time":"2026-02-19T12:32:37+00:00","og_image":[{"width":1920,"height":1920,"url":"https:\/\/www.xn--bgerogting-0cb.dk\/wp-content\/uploads\/2021\/11\/Det-lille-hus-af-Virginia-Burton-Lee.jpg","type":"image\/jpeg"}],"twitter_card":"summary_large_image","twitter_misc":{"Pris":"kr.&nbsp;125,00","Tilg\u00e6ngelighed":"P\u00e5 lager"},"schema":{"@context":"https:\/\/schema.org","@graph":[{"@type":"WebPage","@id":"https:\/\/www.xn--bgerogting-0cb.dk\/index.php\/vare\/det-lille-hus-af-virginia-burton-lee\/","url":"https:\/\/www.xn--bgerogting-0cb.dk\/index.php\/vare\/det-lille-hus-af-virginia-burton-lee\/","name":"Det lille hus af Virginia Burton Lee - B\u00f8ger og Ting","isPartOf":{"@id":"https:\/\/www.xn--bgerogting-0cb.dk\/#website"},"primaryImageOfPage":{"@id":"https:\/\/www.xn--bgerogting-0cb.dk\/index.php\/vare\/det-lille-hus-af-virginia-burton-lee\/#primaryimage"},"image":{"@id":"https:\/\/www.xn--bgerogting-0cb.dk\/index.php\/vare\/det-lille-hus-af-virginia-burton-lee\/#primaryimage"},"thumbnailUrl":"https:\/\/i0.wp.com\/www.xn--bgerogting-0cb.dk\/wp-content\/uploads\/2021\/11\/Det-lille-hus-af-Virginia-Burton-Lee.jpg?fit=1920%2C1920&ssl=1","datePublished":"2026-02-19T12:00:44+00:00","dateModified":"2026-02-19T12:32:37+00:00","description":"Det lille hus af Virginia Burton Lee - Gyldendal, 1979 - 2. udgave - 42 sider - H\u00e6ftet med bl\u00f8dt omslag. - Bogen er i god stand, dog har omslaget brugsspor.","breadcrumb":{"@id":"https:\/\/www.xn--bgerogting-0cb.dk\/index.php\/vare\/det-lille-hus-af-virginia-burton-lee\/#breadcrumb"},"inLanguage":"da-DK","potentialAction":[{"@type":"ReadAction","target":["https:\/\/www.xn--bgerogting-0cb.dk\/index.php\/vare\/det-lille-hus-af-virginia-burton-lee\/"]}]},{"@type":"ImageObject","inLanguage":"da-DK","@id":"https:\/\/www.xn--bgerogting-0cb.dk\/index.php\/vare\/det-lille-hus-af-virginia-burton-lee\/#primaryimage","url":"https:\/\/i0.wp.com\/www.xn--bgerogting-0cb.dk\/wp-content\/uploads\/2021\/11\/Det-lille-hus-af-Virginia-Burton-Lee.jpg?fit=1920%2C1920&ssl=1","contentUrl":"https:\/\/i0.wp.com\/www.xn--bgerogting-0cb.dk\/wp-content\/uploads\/2021\/11\/Det-lille-hus-af-Virginia-Burton-Lee.jpg?fit=1920%2C1920&ssl=1","width":1920,"height":1920,"caption":"Det lille hus af Virginia Burton Lee"},{"@type":"BreadcrumbList","@id":"https:\/\/www.xn--bgerogting-0cb.dk\/index.php\/vare\/det-lille-hus-af-virginia-burton-lee\/#breadcrumb","itemListElement":[{"@type":"ListItem","position":1,"name":"Home","item":"https:\/\/www.xn--bgerogting-0cb.dk\/"},{"@type":"ListItem","position":2,"name":"Butik","item":"https:\/\/www.xn--bgerogting-0cb.dk\/index.php\/shop\/"},{"@type":"ListItem","position":3,"name":"Det lille hus af Virginia Burton Lee"}]},{"@type":"WebSite","@id":"https:\/\/www.xn--bgerogting-0cb.dk\/#website","url":"https:\/\/www.xn--bgerogting-0cb.dk\/","name":"B\u00f8ger og Ting","description":"Antikvarisk, retro, vintage og antik","publisher":{"@id":"https:\/\/www.xn--bgerogting-0cb.dk\/#organization"},"potentialAction":[{"@type":"SearchAction","target":{"@type":"EntryPoint","urlTemplate":"https:\/\/www.xn--bgerogting-0cb.dk\/?s={search_term_string}"},"query-input":{"@type":"PropertyValueSpecification","valueRequired":true,"valueName":"search_term_string"}}],"inLanguage":"da-DK"},{"@type":"Organization","@id":"https:\/\/www.xn--bgerogting-0cb.dk\/#organization","name":"B\u00f8ger og Ting","url":"https:\/\/www.xn--bgerogting-0cb.dk\/","logo":{"@type":"ImageObject","inLanguage":"da-DK","@id":"https:\/\/www.xn--bgerogting-0cb.dk\/#\/schema\/logo\/image\/","url":"https:\/\/i0.wp.com\/www.xn--bgerogting-0cb.dk\/wp-content\/uploads\/2019\/10\/webicon.png?fit=205%2C205&ssl=1","contentUrl":"https:\/\/i0.wp.com\/www.xn--bgerogting-0cb.dk\/wp-content\/uploads\/2019\/10\/webicon.png?fit=205%2C205&ssl=1","width":205,"height":205,"caption":"B\u00f8ger og Ting"},"image":{"@id":"https:\/\/www.xn--bgerogting-0cb.dk\/#\/schema\/logo\/image\/"},"sameAs":["https:\/\/www.facebook.com\/boegerogting\/","https:\/\/www.instagram.com\/bogerogting\/"]}]},"product_price_amount":"125.00","product_price_currency":"DKK","og_availability":"instock","product_availability":"instock","product_retailer_item_id":"11028","product_condition":"new"},"jetpack_sharing_enabled":true,"_links":{"self":[{"href":"https:\/\/www.xn--bgerogting-0cb.dk\/index.php\/wp-json\/wp\/v2\/product\/11543","targetHints":{"allow":["GET"]}}],"collection":[{"href":"https:\/\/www.xn--bgerogting-0cb.dk\/index.php\/wp-json\/wp\/v2\/product"}],"about":[{"href":"https:\/\/www.xn--bgerogting-0cb.dk\/index.php\/wp-json\/wp\/v2\/types\/product"}],"wp:featuredmedia":[{"embeddable":true,"href":"https:\/\/www.xn--bgerogting-0cb.dk\/index.php\/wp-json\/wp\/v2\/media\/18465"}],"wp:attachment":[{"href":"https:\/\/www.xn--bgerogting-0cb.dk\/index.php\/wp-json\/wp\/v2\/media?parent=11543"}],"wp:term":[{"taxonomy":"product_brand","embeddable":true,"href":"https:\/\/www.xn--bgerogting-0cb.dk\/index.php\/wp-json\/wp\/v2\/product_brand?post=11543"},{"taxonomy":"product_cat","embeddable":true,"href":"https:\/\/www.xn--bgerogting-0cb.dk\/index.php\/wp-json\/wp\/v2\/product_cat?post=11543"},{"taxonomy":"product_tag","embeddable":true,"href":"https:\/\/www.xn--bgerogting-0cb.dk\/index.php\/wp-json\/wp\/v2\/product_tag?post=11543"}],"curies":[{"name":"wp","href":"https:\/\/api.w.org\/{rel}","templated":true}]}}