{"id":11538,"date":"2026-02-01T19:29:28","date_gmt":"2026-02-01T18:29:28","guid":{"rendered":"https:\/\/www.xn--bgerogting-0cb.dk\/?post_type=product&#038;p=11538"},"modified":"2026-02-01T19:39:29","modified_gmt":"2026-02-01T18:39:29","slug":"hvordan-mor-af-sten-hegeler","status":"publish","type":"product","link":"https:\/\/www.xn--bgerogting-0cb.dk\/index.php\/vare\/hvordan-mor-af-sten-hegeler\/","title":{"rendered":"Hvordan mor? af Sten Hegeler &#8211; 1. udgave"},"content":{"rendered":"<p>Hvordan mor? af Sten Hegeler<br \/>\nMorten a. Korchs Forlag, u. \u00e5r (1948) &#8211; 1. udgave &#8211; 35 sider &#8211; Kartonbind med l\u00e6rredsryg.<br \/>\nIllustreret af Gerda Nystad.<br \/>\nBogen er generelt i god stand, men har dog lidt brugsspor p\u00e5 bindet og l\u00e6sespor indvendigt. Den er blevet brugt.<\/p>\n<p>Bogen har forord af b\u00f8rnepsykiater, Gudrun Brun.<\/p>\n<p>Da bogen\u00a0 &#8220;Hvordan, mor?&#8221; blev udgivet f\u00f8rste gang i 1948, var det den f\u00f8rste bog med seksualoplysning for b\u00f8rn. Den vakte opsigt og blev b\u00e5de ber\u00f8mt og berygtet.<br \/>\nSten Hegeler lavede bogen p\u00e5 opfordring, da han var 25 \u00e5r i gang med medicinstudiet. Henvendelsen kom fra\u00a0 b\u00f8rnehaveleder, Sonja Rasmussen, som savnede noget ordentligt materiale, n\u00e5r b\u00f8rnene stillede det meget naturlige sp\u00f8rgsm\u00e5l, om hvor de sm\u00e5 b\u00f8rn kommer fra. Sten Hegeler kunne skrive teksten, men havde brug for hj\u00e6lp med tegningerne. Den opgave l\u00f8ste Gerda Nystad s\u00f8dt og naturligt.<br \/>\nBogens ligeudadlandevejen-forklaringer viste sig at v\u00e6re langtidsholdbare, og bogen kom i nye oplag helt frem til 1980.<\/p>\n<p>&nbsp;<\/p>\n","protected":false},"excerpt":{"rendered":"<p>Hvordan mor? af Sten Hegeler<br \/>\nMorten a. Korchs Forlag, u. \u00e5r (1948) &#8211; 1. udgave &#8211; 35 sider &#8211; Kartonbind med l\u00e6rredsryg.<br \/>\nIllustreret af Gerda Nystad.<br \/>\nBogen er generelt i god stand, men har dog lidt brugsspor p\u00e5 bindet og l\u00e6sespor indvendigt. Den er blevet brugt.<\/p>\n<p>Bogen har forord af b\u00f8rnepsykiater, Gudrun Brun.<\/p>\n<p>Da bogen\u00a0 &#8220;Hvordan, mor?&#8221; blev udgivet f\u00f8rste gang i 1948, var det den f\u00f8rste bog med seksualoplysning for b\u00f8rn. Den vakte opsigt og blev b\u00e5de ber\u00f8mt og berygtet.<br \/>\nSten Hegeler lavede bogen p\u00e5 opfordring, da han var 25 \u00e5r i gang med medicinstudiet. Henvendelsen kom fra\u00a0 b\u00f8rnehaveleder, Sonja Rasmussen, som savnede noget ordentligt materiale, n\u00e5r b\u00f8rnene stillede det meget naturlige sp\u00f8rgsm\u00e5l, om hvor de sm\u00e5 b\u00f8rn kommer fra. Sten Hegeler kunne skrive teksten, men havde brug for hj\u00e6lp med tegningerne. Den opgave l\u00f8ste Gerda Nystad s\u00f8dt og naturligt.<br \/>\nBogens ligeudadlandevejen-forklaringer viste sig at v\u00e6re langtidsholdbare, og bogen kom i nye oplag helt frem til 1980.<\/p>\n<p>&nbsp;<\/p>\n","protected":false},"featured_media":18364,"template":"","meta":[],"product_brand":[],"product_cat":[96,61,27,35],"product_tag":[59,719,667],"class_list":{"0":"post-11538","1":"product","2":"type-product","3":"status-publish","4":"has-post-thumbnail","6":"product_cat-alle-tiders-boerneboeger-1940-1949","7":"product_cat-alle-tiders-boerneboeger-1960-1969","8":"product_cat-boeger","9":"product_cat-barneboger","10":"product_tag-gerda-nystad","11":"product_tag-seksualoplysning","12":"product_tag-sten-hegeler","14":"first","15":"instock","16":"shipping-taxable","17":"purchasable","18":"product-type-simple"},"yoast_head":"<!-- This site is optimized with the Yoast SEO Premium plugin v27.4 (Yoast SEO v27.6) - https:\/\/yoast.com\/product\/yoast-seo-premium-wordpress\/ -->\n<title>Hvordan mor? af Sten Hegeler - 1. udgave - B\u00f8ger og Ting<\/title>\n<meta name=\"description\" content=\"Hvordan mor? af Sten Hegeler - Morten a. Korchs Forlag, u.\u00e5r (1948) - 1. udgave - 35 sider - Kartonbind med l\u00e6rredsryg - P\u00e6n stand.\" \/>\n<meta name=\"robots\" content=\"index, follow, max-snippet:-1, max-image-preview:large, max-video-preview:-1\" \/>\n<link rel=\"canonical\" href=\"https:\/\/www.xn--bgerogting-0cb.dk\/index.php\/vare\/hvordan-mor-af-sten-hegeler\/\" \/>\n<meta property=\"og:locale\" content=\"da_DK\" \/>\n<meta property=\"og:type\" content=\"article\" \/>\n<meta property=\"og:title\" content=\"Hvordan mor? af Sten Hegeler - 1. udgave\" \/>\n<meta property=\"og:description\" content=\"Hvordan mor? af Sten Hegeler - Morten a. Korchs Forlag, u.\u00e5r (1948) - 1. udgave - 35 sider - Kartonbind med l\u00e6rredsryg - P\u00e6n stand.\" \/>\n<meta property=\"og:url\" content=\"https:\/\/www.xn--bgerogting-0cb.dk\/index.php\/vare\/hvordan-mor-af-sten-hegeler\/\" \/>\n<meta property=\"og:site_name\" content=\"B\u00f8ger og Ting\" \/>\n<meta property=\"article:publisher\" content=\"https:\/\/www.facebook.com\/boegerogting\/\" \/>\n<meta property=\"article:modified_time\" content=\"2026-02-01T18:39:29+00:00\" \/>\n<meta property=\"og:image\" content=\"https:\/\/www.xn--bgerogting-0cb.dk\/wp-content\/uploads\/2021\/11\/Hvordan-mor-af-Sten-Hegeler-1.-udgave.jpg\" \/>\n\t<meta property=\"og:image:width\" content=\"1920\" \/>\n\t<meta property=\"og:image:height\" content=\"1920\" \/>\n\t<meta property=\"og:image:type\" content=\"image\/jpeg\" \/>\n<meta name=\"twitter:card\" content=\"summary_large_image\" \/>\n<meta name=\"twitter:label1\" content=\"Pris\" \/>\n\t<meta name=\"twitter:data1\" content=\"kr.&nbsp;90,00\" \/>\n\t<meta name=\"twitter:label2\" content=\"Tilg\u00e6ngelighed\" \/>\n\t<meta name=\"twitter:data2\" content=\"P\u00e5 lager\" \/>\n<script type=\"application\/ld+json\" class=\"yoast-schema-graph\">{\"@context\":\"https:\\\/\\\/schema.org\",\"@graph\":[{\"@type\":\"WebPage\",\"@id\":\"https:\\\/\\\/www.xn--bgerogting-0cb.dk\\\/index.php\\\/vare\\\/hvordan-mor-af-sten-hegeler\\\/\",\"url\":\"https:\\\/\\\/www.xn--bgerogting-0cb.dk\\\/index.php\\\/vare\\\/hvordan-mor-af-sten-hegeler\\\/\",\"name\":\"Hvordan mor? af Sten Hegeler - 1. udgave - B\u00f8ger og Ting\",\"isPartOf\":{\"@id\":\"https:\\\/\\\/www.xn--bgerogting-0cb.dk\\\/#website\"},\"primaryImageOfPage\":{\"@id\":\"https:\\\/\\\/www.xn--bgerogting-0cb.dk\\\/index.php\\\/vare\\\/hvordan-mor-af-sten-hegeler\\\/#primaryimage\"},\"image\":{\"@id\":\"https:\\\/\\\/www.xn--bgerogting-0cb.dk\\\/index.php\\\/vare\\\/hvordan-mor-af-sten-hegeler\\\/#primaryimage\"},\"thumbnailUrl\":\"https:\\\/\\\/i0.wp.com\\\/www.xn--bgerogting-0cb.dk\\\/wp-content\\\/uploads\\\/2021\\\/11\\\/Hvordan-mor-af-Sten-Hegeler-1.-udgave.jpg?fit=1920%2C1920&ssl=1\",\"datePublished\":\"2026-02-01T18:29:28+00:00\",\"dateModified\":\"2026-02-01T18:39:29+00:00\",\"description\":\"Hvordan mor? af Sten Hegeler - Morten a. Korchs Forlag, u.\u00e5r (1948) - 1. udgave - 35 sider - Kartonbind med l\u00e6rredsryg - P\u00e6n stand.\",\"breadcrumb\":{\"@id\":\"https:\\\/\\\/www.xn--bgerogting-0cb.dk\\\/index.php\\\/vare\\\/hvordan-mor-af-sten-hegeler\\\/#breadcrumb\"},\"inLanguage\":\"da-DK\",\"potentialAction\":[{\"@type\":\"ReadAction\",\"target\":[\"https:\\\/\\\/www.xn--bgerogting-0cb.dk\\\/index.php\\\/vare\\\/hvordan-mor-af-sten-hegeler\\\/\"]}]},{\"@type\":\"ImageObject\",\"inLanguage\":\"da-DK\",\"@id\":\"https:\\\/\\\/www.xn--bgerogting-0cb.dk\\\/index.php\\\/vare\\\/hvordan-mor-af-sten-hegeler\\\/#primaryimage\",\"url\":\"https:\\\/\\\/i0.wp.com\\\/www.xn--bgerogting-0cb.dk\\\/wp-content\\\/uploads\\\/2021\\\/11\\\/Hvordan-mor-af-Sten-Hegeler-1.-udgave.jpg?fit=1920%2C1920&ssl=1\",\"contentUrl\":\"https:\\\/\\\/i0.wp.com\\\/www.xn--bgerogting-0cb.dk\\\/wp-content\\\/uploads\\\/2021\\\/11\\\/Hvordan-mor-af-Sten-Hegeler-1.-udgave.jpg?fit=1920%2C1920&ssl=1\",\"width\":1920,\"height\":1920},{\"@type\":\"BreadcrumbList\",\"@id\":\"https:\\\/\\\/www.xn--bgerogting-0cb.dk\\\/index.php\\\/vare\\\/hvordan-mor-af-sten-hegeler\\\/#breadcrumb\",\"itemListElement\":[{\"@type\":\"ListItem\",\"position\":1,\"name\":\"Home\",\"item\":\"https:\\\/\\\/www.xn--bgerogting-0cb.dk\\\/\"},{\"@type\":\"ListItem\",\"position\":2,\"name\":\"Butik\",\"item\":\"https:\\\/\\\/www.xn--bgerogting-0cb.dk\\\/index.php\\\/shop\\\/\"},{\"@type\":\"ListItem\",\"position\":3,\"name\":\"Hvordan mor? af Sten Hegeler &#8211; 1. udgave\"}]},{\"@type\":\"WebSite\",\"@id\":\"https:\\\/\\\/www.xn--bgerogting-0cb.dk\\\/#website\",\"url\":\"https:\\\/\\\/www.xn--bgerogting-0cb.dk\\\/\",\"name\":\"B\u00f8ger og Ting\",\"description\":\"Antikvarisk, retro, vintage og antik\",\"publisher\":{\"@id\":\"https:\\\/\\\/www.xn--bgerogting-0cb.dk\\\/#organization\"},\"potentialAction\":[{\"@type\":\"SearchAction\",\"target\":{\"@type\":\"EntryPoint\",\"urlTemplate\":\"https:\\\/\\\/www.xn--bgerogting-0cb.dk\\\/?s={search_term_string}\"},\"query-input\":{\"@type\":\"PropertyValueSpecification\",\"valueRequired\":true,\"valueName\":\"search_term_string\"}}],\"inLanguage\":\"da-DK\"},{\"@type\":\"Organization\",\"@id\":\"https:\\\/\\\/www.xn--bgerogting-0cb.dk\\\/#organization\",\"name\":\"B\u00f8ger og Ting\",\"url\":\"https:\\\/\\\/www.xn--bgerogting-0cb.dk\\\/\",\"logo\":{\"@type\":\"ImageObject\",\"inLanguage\":\"da-DK\",\"@id\":\"https:\\\/\\\/www.xn--bgerogting-0cb.dk\\\/#\\\/schema\\\/logo\\\/image\\\/\",\"url\":\"https:\\\/\\\/i0.wp.com\\\/www.xn--bgerogting-0cb.dk\\\/wp-content\\\/uploads\\\/2019\\\/10\\\/webicon.png?fit=205%2C205&ssl=1\",\"contentUrl\":\"https:\\\/\\\/i0.wp.com\\\/www.xn--bgerogting-0cb.dk\\\/wp-content\\\/uploads\\\/2019\\\/10\\\/webicon.png?fit=205%2C205&ssl=1\",\"width\":205,\"height\":205,\"caption\":\"B\u00f8ger og Ting\"},\"image\":{\"@id\":\"https:\\\/\\\/www.xn--bgerogting-0cb.dk\\\/#\\\/schema\\\/logo\\\/image\\\/\"},\"sameAs\":[\"https:\\\/\\\/www.facebook.com\\\/boegerogting\\\/\",\"https:\\\/\\\/www.instagram.com\\\/bogerogting\\\/\"]}]}<\/script>\n<meta property=\"product:price:amount\" content=\"90.00\" \/>\n<meta property=\"product:price:currency\" content=\"DKK\" \/>\n<meta property=\"og:availability\" content=\"instock\" \/>\n<meta property=\"product:availability\" content=\"instock\" \/>\n<meta property=\"product:retailer_item_id\" content=\"11000\" \/>\n<meta property=\"product:condition\" content=\"new\" \/>\n<!-- \/ Yoast SEO Premium plugin. -->","yoast_head_json":{"title":"Hvordan mor? af Sten Hegeler - 1. udgave - B\u00f8ger og Ting","description":"Hvordan mor? af Sten Hegeler - Morten a. Korchs Forlag, u.\u00e5r (1948) - 1. udgave - 35 sider - Kartonbind med l\u00e6rredsryg - P\u00e6n stand.","robots":{"index":"index","follow":"follow","max-snippet":"max-snippet:-1","max-image-preview":"max-image-preview:large","max-video-preview":"max-video-preview:-1"},"canonical":"https:\/\/www.xn--bgerogting-0cb.dk\/index.php\/vare\/hvordan-mor-af-sten-hegeler\/","og_locale":"da_DK","og_type":"article","og_title":"Hvordan mor? af Sten Hegeler - 1. udgave","og_description":"Hvordan mor? af Sten Hegeler - Morten a. Korchs Forlag, u.\u00e5r (1948) - 1. udgave - 35 sider - Kartonbind med l\u00e6rredsryg - P\u00e6n stand.","og_url":"https:\/\/www.xn--bgerogting-0cb.dk\/index.php\/vare\/hvordan-mor-af-sten-hegeler\/","og_site_name":"B\u00f8ger og Ting","article_publisher":"https:\/\/www.facebook.com\/boegerogting\/","article_modified_time":"2026-02-01T18:39:29+00:00","og_image":[{"width":1920,"height":1920,"url":"https:\/\/www.xn--bgerogting-0cb.dk\/wp-content\/uploads\/2021\/11\/Hvordan-mor-af-Sten-Hegeler-1.-udgave.jpg","type":"image\/jpeg"}],"twitter_card":"summary_large_image","twitter_misc":{"Pris":"kr.&nbsp;90,00","Tilg\u00e6ngelighed":"P\u00e5 lager"},"schema":{"@context":"https:\/\/schema.org","@graph":[{"@type":"WebPage","@id":"https:\/\/www.xn--bgerogting-0cb.dk\/index.php\/vare\/hvordan-mor-af-sten-hegeler\/","url":"https:\/\/www.xn--bgerogting-0cb.dk\/index.php\/vare\/hvordan-mor-af-sten-hegeler\/","name":"Hvordan mor? af Sten Hegeler - 1. udgave - B\u00f8ger og Ting","isPartOf":{"@id":"https:\/\/www.xn--bgerogting-0cb.dk\/#website"},"primaryImageOfPage":{"@id":"https:\/\/www.xn--bgerogting-0cb.dk\/index.php\/vare\/hvordan-mor-af-sten-hegeler\/#primaryimage"},"image":{"@id":"https:\/\/www.xn--bgerogting-0cb.dk\/index.php\/vare\/hvordan-mor-af-sten-hegeler\/#primaryimage"},"thumbnailUrl":"https:\/\/i0.wp.com\/www.xn--bgerogting-0cb.dk\/wp-content\/uploads\/2021\/11\/Hvordan-mor-af-Sten-Hegeler-1.-udgave.jpg?fit=1920%2C1920&ssl=1","datePublished":"2026-02-01T18:29:28+00:00","dateModified":"2026-02-01T18:39:29+00:00","description":"Hvordan mor? af Sten Hegeler - Morten a. Korchs Forlag, u.\u00e5r (1948) - 1. udgave - 35 sider - Kartonbind med l\u00e6rredsryg - P\u00e6n stand.","breadcrumb":{"@id":"https:\/\/www.xn--bgerogting-0cb.dk\/index.php\/vare\/hvordan-mor-af-sten-hegeler\/#breadcrumb"},"inLanguage":"da-DK","potentialAction":[{"@type":"ReadAction","target":["https:\/\/www.xn--bgerogting-0cb.dk\/index.php\/vare\/hvordan-mor-af-sten-hegeler\/"]}]},{"@type":"ImageObject","inLanguage":"da-DK","@id":"https:\/\/www.xn--bgerogting-0cb.dk\/index.php\/vare\/hvordan-mor-af-sten-hegeler\/#primaryimage","url":"https:\/\/i0.wp.com\/www.xn--bgerogting-0cb.dk\/wp-content\/uploads\/2021\/11\/Hvordan-mor-af-Sten-Hegeler-1.-udgave.jpg?fit=1920%2C1920&ssl=1","contentUrl":"https:\/\/i0.wp.com\/www.xn--bgerogting-0cb.dk\/wp-content\/uploads\/2021\/11\/Hvordan-mor-af-Sten-Hegeler-1.-udgave.jpg?fit=1920%2C1920&ssl=1","width":1920,"height":1920},{"@type":"BreadcrumbList","@id":"https:\/\/www.xn--bgerogting-0cb.dk\/index.php\/vare\/hvordan-mor-af-sten-hegeler\/#breadcrumb","itemListElement":[{"@type":"ListItem","position":1,"name":"Home","item":"https:\/\/www.xn--bgerogting-0cb.dk\/"},{"@type":"ListItem","position":2,"name":"Butik","item":"https:\/\/www.xn--bgerogting-0cb.dk\/index.php\/shop\/"},{"@type":"ListItem","position":3,"name":"Hvordan mor? af Sten Hegeler &#8211; 1. udgave"}]},{"@type":"WebSite","@id":"https:\/\/www.xn--bgerogting-0cb.dk\/#website","url":"https:\/\/www.xn--bgerogting-0cb.dk\/","name":"B\u00f8ger og Ting","description":"Antikvarisk, retro, vintage og antik","publisher":{"@id":"https:\/\/www.xn--bgerogting-0cb.dk\/#organization"},"potentialAction":[{"@type":"SearchAction","target":{"@type":"EntryPoint","urlTemplate":"https:\/\/www.xn--bgerogting-0cb.dk\/?s={search_term_string}"},"query-input":{"@type":"PropertyValueSpecification","valueRequired":true,"valueName":"search_term_string"}}],"inLanguage":"da-DK"},{"@type":"Organization","@id":"https:\/\/www.xn--bgerogting-0cb.dk\/#organization","name":"B\u00f8ger og Ting","url":"https:\/\/www.xn--bgerogting-0cb.dk\/","logo":{"@type":"ImageObject","inLanguage":"da-DK","@id":"https:\/\/www.xn--bgerogting-0cb.dk\/#\/schema\/logo\/image\/","url":"https:\/\/i0.wp.com\/www.xn--bgerogting-0cb.dk\/wp-content\/uploads\/2019\/10\/webicon.png?fit=205%2C205&ssl=1","contentUrl":"https:\/\/i0.wp.com\/www.xn--bgerogting-0cb.dk\/wp-content\/uploads\/2019\/10\/webicon.png?fit=205%2C205&ssl=1","width":205,"height":205,"caption":"B\u00f8ger og Ting"},"image":{"@id":"https:\/\/www.xn--bgerogting-0cb.dk\/#\/schema\/logo\/image\/"},"sameAs":["https:\/\/www.facebook.com\/boegerogting\/","https:\/\/www.instagram.com\/bogerogting\/"]}]},"product_price_amount":"90.00","product_price_currency":"DKK","og_availability":"instock","product_availability":"instock","product_retailer_item_id":"11000","product_condition":"new"},"jetpack_sharing_enabled":true,"_links":{"self":[{"href":"https:\/\/www.xn--bgerogting-0cb.dk\/index.php\/wp-json\/wp\/v2\/product\/11538","targetHints":{"allow":["GET"]}}],"collection":[{"href":"https:\/\/www.xn--bgerogting-0cb.dk\/index.php\/wp-json\/wp\/v2\/product"}],"about":[{"href":"https:\/\/www.xn--bgerogting-0cb.dk\/index.php\/wp-json\/wp\/v2\/types\/product"}],"wp:featuredmedia":[{"embeddable":true,"href":"https:\/\/www.xn--bgerogting-0cb.dk\/index.php\/wp-json\/wp\/v2\/media\/18364"}],"wp:attachment":[{"href":"https:\/\/www.xn--bgerogting-0cb.dk\/index.php\/wp-json\/wp\/v2\/media?parent=11538"}],"wp:term":[{"taxonomy":"product_brand","embeddable":true,"href":"https:\/\/www.xn--bgerogting-0cb.dk\/index.php\/wp-json\/wp\/v2\/product_brand?post=11538"},{"taxonomy":"product_cat","embeddable":true,"href":"https:\/\/www.xn--bgerogting-0cb.dk\/index.php\/wp-json\/wp\/v2\/product_cat?post=11538"},{"taxonomy":"product_tag","embeddable":true,"href":"https:\/\/www.xn--bgerogting-0cb.dk\/index.php\/wp-json\/wp\/v2\/product_tag?post=11538"}],"curies":[{"name":"wp","href":"https:\/\/api.w.org\/{rel}","templated":true}]}}