{"id":11321,"date":"2021-10-26T19:38:05","date_gmt":"2021-10-26T17:38:05","guid":{"rendered":"https:\/\/www.xn--bgerogting-0cb.dk\/?post_type=product&#038;p=11321"},"modified":"2025-02-06T16:31:52","modified_gmt":"2025-02-06T15:31:52","slug":"guldlok-og-de-tre-bjoerne-af-steven-guarnaccia","status":"publish","type":"product","link":"https:\/\/www.xn--bgerogting-0cb.dk\/index.php\/vare\/guldlok-og-de-tre-bjoerne-af-steven-guarnaccia\/","title":{"rendered":"Guldlok og de tre bj\u00f8rne af Steven Guarnaccia"},"content":{"rendered":"<p>Guldlok og de tre bj\u00f8rne af Steven Guarnaccia.<br \/>\nKlematis, 1999 &#8211; 28 sider &#8211; H\u00e6ftet hardback i h\u00f8jt format.<br \/>\nFransk originaltitel: Boucle d&#8217;or et les trois ours, 1999.<br \/>\nBogen er i fin stand, dog med lidt brugsspor p\u00e5 bindet.<\/p>\n<p>Sk\u00e6g opdateret udgave af det kendte eventyr, som ikke mindst vil v\u00e6re sjov for opl\u00e6seren.<br \/>\nDe tre bj\u00f8rne bor nu i et smart arkitekttegnet hus stopfyldt med ber\u00f8mte designklassikere af blandt andre Poul Henningsen og Arne Jacobsen. Men lige meget hj\u00e6lper det &#8211; det g\u00e5r n\u00f8jagtigt som det plejer, n\u00e5r Guldlok bes\u00f8ger bj\u00f8rnenes hus &#8211; stole g\u00e5r i stykker, der er spist af gr\u00f8den og Guldlok ligger i bj\u00f8rnedrengens seng &#8230;<\/p>\n","protected":false},"excerpt":{"rendered":"<p>Guldlok og de tre bj\u00f8rne af Steven Guarnaccia.<br \/>\nKlematis, 1999 &#8211; 28 sider &#8211; H\u00e6ftet hardback i h\u00f8jt format.<br \/>\nFransk originaltitel: Boucle d&#8217;or et les trois ours, 1999.<br \/>\nBogen er i fin stand, dog med lidt brugsspor p\u00e5 bindet.<\/p>\n<p>Sk\u00e6g opdateret udgave af det kendte eventyr, som ikke mindst vil v\u00e6re sjov for opl\u00e6seren.<br \/>\nDe tre bj\u00f8rne bor nu i et smart arkitekttegnet hus stopfyldt med ber\u00f8mte designklassikere af blandt andre Poul Henningsen og Arne Jacobsen. Men lige meget hj\u00e6lper det &#8211; det g\u00e5r n\u00f8jagtigt som det plejer, n\u00e5r Guldlok bes\u00f8ger bj\u00f8rnenes hus &#8211; stole g\u00e5r i stykker, der er spist af gr\u00f8den og Guldlok ligger i bj\u00f8rnedrengens seng &#8230;<\/p>\n","protected":false},"featured_media":11325,"template":"","meta":[],"product_brand":[],"product_cat":[54,81,416,27,110,35],"product_tag":[117,125,1054],"class_list":{"0":"post-11321","1":"product","2":"type-product","3":"status-publish","4":"has-post-thumbnail","6":"product_cat-alle-tiders-boerneboeger-1990-1999","7":"product_cat-billedboeger","8":"product_cat-voksne","9":"product_cat-boeger","10":"product_cat-eventyr","11":"product_cat-barneboger","12":"product_tag-eventyr","13":"product_tag-fransk","14":"product_tag-steven-guarnaccia","16":"first","17":"instock","18":"shipping-taxable","19":"purchasable","20":"product-type-simple"},"yoast_head":"<!-- This site is optimized with the Yoast SEO Premium plugin v27.4 (Yoast SEO v27.4) - https:\/\/yoast.com\/product\/yoast-seo-premium-wordpress\/ -->\n<title>Guldlok og de tre bj\u00f8rne af Steven Guarnaccia - B\u00f8ger og Ting<\/title>\n<meta name=\"description\" content=\"Guldlok og de tre bj\u00f8rne af Steven Guarnaccia - Klematis, 1999 - 28 sider - H\u00e6ftet hardback - Fin stand, dog lidt brugsspor p\u00e5 bindet.\" \/>\n<meta name=\"robots\" content=\"index, follow, max-snippet:-1, max-image-preview:large, max-video-preview:-1\" \/>\n<link rel=\"canonical\" href=\"https:\/\/www.xn--bgerogting-0cb.dk\/index.php\/vare\/guldlok-og-de-tre-bjoerne-af-steven-guarnaccia\/\" \/>\n<meta property=\"og:locale\" content=\"da_DK\" \/>\n<meta property=\"og:type\" content=\"article\" \/>\n<meta property=\"og:title\" content=\"Guldlok og de tre bj\u00f8rne af Steven Guarnaccia\" \/>\n<meta property=\"og:description\" content=\"Guldlok og de tre bj\u00f8rne af Steven Guarnaccia - Klematis, 1999 - 28 sider - H\u00e6ftet hardback - Fin stand, dog lidt brugsspor p\u00e5 bindet.\" \/>\n<meta property=\"og:url\" content=\"https:\/\/www.xn--bgerogting-0cb.dk\/index.php\/vare\/guldlok-og-de-tre-bjoerne-af-steven-guarnaccia\/\" \/>\n<meta property=\"og:site_name\" content=\"B\u00f8ger og Ting\" \/>\n<meta property=\"article:publisher\" content=\"https:\/\/www.facebook.com\/boegerogting\/\" \/>\n<meta property=\"article:modified_time\" content=\"2025-02-06T15:31:52+00:00\" \/>\n<meta property=\"og:image\" content=\"https:\/\/www.xn--bgerogting-0cb.dk\/wp-content\/uploads\/2021\/10\/Guldlok-og-de-tre-bjoerne.jpg\" \/>\n\t<meta property=\"og:image:width\" content=\"1920\" \/>\n\t<meta property=\"og:image:height\" content=\"1920\" \/>\n\t<meta property=\"og:image:type\" content=\"image\/jpeg\" \/>\n<meta name=\"twitter:card\" content=\"summary_large_image\" \/>\n<meta name=\"twitter:label1\" content=\"Pris\" \/>\n\t<meta name=\"twitter:data1\" content=\"kr.&nbsp;80,00\" \/>\n\t<meta name=\"twitter:label2\" content=\"Tilg\u00e6ngelighed\" \/>\n\t<meta name=\"twitter:data2\" content=\"P\u00e5 lager\" \/>\n<script type=\"application\/ld+json\" class=\"yoast-schema-graph\">{\"@context\":\"https:\\\/\\\/schema.org\",\"@graph\":[{\"@type\":\"WebPage\",\"@id\":\"https:\\\/\\\/www.xn--bgerogting-0cb.dk\\\/index.php\\\/vare\\\/guldlok-og-de-tre-bjoerne-af-steven-guarnaccia\\\/\",\"url\":\"https:\\\/\\\/www.xn--bgerogting-0cb.dk\\\/index.php\\\/vare\\\/guldlok-og-de-tre-bjoerne-af-steven-guarnaccia\\\/\",\"name\":\"Guldlok og de tre bj\u00f8rne af Steven Guarnaccia - B\u00f8ger og Ting\",\"isPartOf\":{\"@id\":\"https:\\\/\\\/www.xn--bgerogting-0cb.dk\\\/#website\"},\"primaryImageOfPage\":{\"@id\":\"https:\\\/\\\/www.xn--bgerogting-0cb.dk\\\/index.php\\\/vare\\\/guldlok-og-de-tre-bjoerne-af-steven-guarnaccia\\\/#primaryimage\"},\"image\":{\"@id\":\"https:\\\/\\\/www.xn--bgerogting-0cb.dk\\\/index.php\\\/vare\\\/guldlok-og-de-tre-bjoerne-af-steven-guarnaccia\\\/#primaryimage\"},\"thumbnailUrl\":\"https:\\\/\\\/i0.wp.com\\\/www.xn--bgerogting-0cb.dk\\\/wp-content\\\/uploads\\\/2021\\\/10\\\/Guldlok-og-de-tre-bjoerne.jpg?fit=1920%2C1920&ssl=1\",\"datePublished\":\"2021-10-26T17:38:05+00:00\",\"dateModified\":\"2025-02-06T15:31:52+00:00\",\"description\":\"Guldlok og de tre bj\u00f8rne af Steven Guarnaccia - Klematis, 1999 - 28 sider - H\u00e6ftet hardback - Fin stand, dog lidt brugsspor p\u00e5 bindet.\",\"breadcrumb\":{\"@id\":\"https:\\\/\\\/www.xn--bgerogting-0cb.dk\\\/index.php\\\/vare\\\/guldlok-og-de-tre-bjoerne-af-steven-guarnaccia\\\/#breadcrumb\"},\"inLanguage\":\"da-DK\",\"potentialAction\":[{\"@type\":\"ReadAction\",\"target\":[\"https:\\\/\\\/www.xn--bgerogting-0cb.dk\\\/index.php\\\/vare\\\/guldlok-og-de-tre-bjoerne-af-steven-guarnaccia\\\/\"]}]},{\"@type\":\"ImageObject\",\"inLanguage\":\"da-DK\",\"@id\":\"https:\\\/\\\/www.xn--bgerogting-0cb.dk\\\/index.php\\\/vare\\\/guldlok-og-de-tre-bjoerne-af-steven-guarnaccia\\\/#primaryimage\",\"url\":\"https:\\\/\\\/i0.wp.com\\\/www.xn--bgerogting-0cb.dk\\\/wp-content\\\/uploads\\\/2021\\\/10\\\/Guldlok-og-de-tre-bjoerne.jpg?fit=1920%2C1920&ssl=1\",\"contentUrl\":\"https:\\\/\\\/i0.wp.com\\\/www.xn--bgerogting-0cb.dk\\\/wp-content\\\/uploads\\\/2021\\\/10\\\/Guldlok-og-de-tre-bjoerne.jpg?fit=1920%2C1920&ssl=1\",\"width\":1920,\"height\":1920,\"caption\":\"Guldlok og de tre bj\u00f8rne\"},{\"@type\":\"BreadcrumbList\",\"@id\":\"https:\\\/\\\/www.xn--bgerogting-0cb.dk\\\/index.php\\\/vare\\\/guldlok-og-de-tre-bjoerne-af-steven-guarnaccia\\\/#breadcrumb\",\"itemListElement\":[{\"@type\":\"ListItem\",\"position\":1,\"name\":\"Home\",\"item\":\"https:\\\/\\\/www.xn--bgerogting-0cb.dk\\\/\"},{\"@type\":\"ListItem\",\"position\":2,\"name\":\"Butik\",\"item\":\"https:\\\/\\\/www.xn--bgerogting-0cb.dk\\\/index.php\\\/shop\\\/\"},{\"@type\":\"ListItem\",\"position\":3,\"name\":\"Guldlok og de tre bj\u00f8rne af Steven Guarnaccia\"}]},{\"@type\":\"WebSite\",\"@id\":\"https:\\\/\\\/www.xn--bgerogting-0cb.dk\\\/#website\",\"url\":\"https:\\\/\\\/www.xn--bgerogting-0cb.dk\\\/\",\"name\":\"B\u00f8ger og Ting\",\"description\":\"Antikvarisk, retro, vintage og antik\",\"publisher\":{\"@id\":\"https:\\\/\\\/www.xn--bgerogting-0cb.dk\\\/#organization\"},\"potentialAction\":[{\"@type\":\"SearchAction\",\"target\":{\"@type\":\"EntryPoint\",\"urlTemplate\":\"https:\\\/\\\/www.xn--bgerogting-0cb.dk\\\/?s={search_term_string}\"},\"query-input\":{\"@type\":\"PropertyValueSpecification\",\"valueRequired\":true,\"valueName\":\"search_term_string\"}}],\"inLanguage\":\"da-DK\"},{\"@type\":\"Organization\",\"@id\":\"https:\\\/\\\/www.xn--bgerogting-0cb.dk\\\/#organization\",\"name\":\"B\u00f8ger og Ting\",\"url\":\"https:\\\/\\\/www.xn--bgerogting-0cb.dk\\\/\",\"logo\":{\"@type\":\"ImageObject\",\"inLanguage\":\"da-DK\",\"@id\":\"https:\\\/\\\/www.xn--bgerogting-0cb.dk\\\/#\\\/schema\\\/logo\\\/image\\\/\",\"url\":\"https:\\\/\\\/i0.wp.com\\\/www.xn--bgerogting-0cb.dk\\\/wp-content\\\/uploads\\\/2019\\\/10\\\/webicon.png?fit=205%2C205&ssl=1\",\"contentUrl\":\"https:\\\/\\\/i0.wp.com\\\/www.xn--bgerogting-0cb.dk\\\/wp-content\\\/uploads\\\/2019\\\/10\\\/webicon.png?fit=205%2C205&ssl=1\",\"width\":205,\"height\":205,\"caption\":\"B\u00f8ger og Ting\"},\"image\":{\"@id\":\"https:\\\/\\\/www.xn--bgerogting-0cb.dk\\\/#\\\/schema\\\/logo\\\/image\\\/\"},\"sameAs\":[\"https:\\\/\\\/www.facebook.com\\\/boegerogting\\\/\",\"https:\\\/\\\/www.instagram.com\\\/bogerogting\\\/\"]}]}<\/script>\n<meta property=\"product:price:amount\" content=\"80.00\" \/>\n<meta property=\"product:price:currency\" content=\"DKK\" \/>\n<meta property=\"og:availability\" content=\"instock\" \/>\n<meta property=\"product:availability\" content=\"instock\" \/>\n<meta property=\"product:retailer_item_id\" content=\"10545\" \/>\n<meta property=\"product:condition\" content=\"new\" \/>\n<!-- \/ Yoast SEO Premium plugin. -->","yoast_head_json":{"title":"Guldlok og de tre bj\u00f8rne af Steven Guarnaccia - B\u00f8ger og Ting","description":"Guldlok og de tre bj\u00f8rne af Steven Guarnaccia - Klematis, 1999 - 28 sider - H\u00e6ftet hardback - Fin stand, dog lidt brugsspor p\u00e5 bindet.","robots":{"index":"index","follow":"follow","max-snippet":"max-snippet:-1","max-image-preview":"max-image-preview:large","max-video-preview":"max-video-preview:-1"},"canonical":"https:\/\/www.xn--bgerogting-0cb.dk\/index.php\/vare\/guldlok-og-de-tre-bjoerne-af-steven-guarnaccia\/","og_locale":"da_DK","og_type":"article","og_title":"Guldlok og de tre bj\u00f8rne af Steven Guarnaccia","og_description":"Guldlok og de tre bj\u00f8rne af Steven Guarnaccia - Klematis, 1999 - 28 sider - H\u00e6ftet hardback - Fin stand, dog lidt brugsspor p\u00e5 bindet.","og_url":"https:\/\/www.xn--bgerogting-0cb.dk\/index.php\/vare\/guldlok-og-de-tre-bjoerne-af-steven-guarnaccia\/","og_site_name":"B\u00f8ger og Ting","article_publisher":"https:\/\/www.facebook.com\/boegerogting\/","article_modified_time":"2025-02-06T15:31:52+00:00","og_image":[{"width":1920,"height":1920,"url":"https:\/\/www.xn--bgerogting-0cb.dk\/wp-content\/uploads\/2021\/10\/Guldlok-og-de-tre-bjoerne.jpg","type":"image\/jpeg"}],"twitter_card":"summary_large_image","twitter_misc":{"Pris":"kr.&nbsp;80,00","Tilg\u00e6ngelighed":"P\u00e5 lager"},"schema":{"@context":"https:\/\/schema.org","@graph":[{"@type":"WebPage","@id":"https:\/\/www.xn--bgerogting-0cb.dk\/index.php\/vare\/guldlok-og-de-tre-bjoerne-af-steven-guarnaccia\/","url":"https:\/\/www.xn--bgerogting-0cb.dk\/index.php\/vare\/guldlok-og-de-tre-bjoerne-af-steven-guarnaccia\/","name":"Guldlok og de tre bj\u00f8rne af Steven Guarnaccia - B\u00f8ger og Ting","isPartOf":{"@id":"https:\/\/www.xn--bgerogting-0cb.dk\/#website"},"primaryImageOfPage":{"@id":"https:\/\/www.xn--bgerogting-0cb.dk\/index.php\/vare\/guldlok-og-de-tre-bjoerne-af-steven-guarnaccia\/#primaryimage"},"image":{"@id":"https:\/\/www.xn--bgerogting-0cb.dk\/index.php\/vare\/guldlok-og-de-tre-bjoerne-af-steven-guarnaccia\/#primaryimage"},"thumbnailUrl":"https:\/\/i0.wp.com\/www.xn--bgerogting-0cb.dk\/wp-content\/uploads\/2021\/10\/Guldlok-og-de-tre-bjoerne.jpg?fit=1920%2C1920&ssl=1","datePublished":"2021-10-26T17:38:05+00:00","dateModified":"2025-02-06T15:31:52+00:00","description":"Guldlok og de tre bj\u00f8rne af Steven Guarnaccia - Klematis, 1999 - 28 sider - H\u00e6ftet hardback - Fin stand, dog lidt brugsspor p\u00e5 bindet.","breadcrumb":{"@id":"https:\/\/www.xn--bgerogting-0cb.dk\/index.php\/vare\/guldlok-og-de-tre-bjoerne-af-steven-guarnaccia\/#breadcrumb"},"inLanguage":"da-DK","potentialAction":[{"@type":"ReadAction","target":["https:\/\/www.xn--bgerogting-0cb.dk\/index.php\/vare\/guldlok-og-de-tre-bjoerne-af-steven-guarnaccia\/"]}]},{"@type":"ImageObject","inLanguage":"da-DK","@id":"https:\/\/www.xn--bgerogting-0cb.dk\/index.php\/vare\/guldlok-og-de-tre-bjoerne-af-steven-guarnaccia\/#primaryimage","url":"https:\/\/i0.wp.com\/www.xn--bgerogting-0cb.dk\/wp-content\/uploads\/2021\/10\/Guldlok-og-de-tre-bjoerne.jpg?fit=1920%2C1920&ssl=1","contentUrl":"https:\/\/i0.wp.com\/www.xn--bgerogting-0cb.dk\/wp-content\/uploads\/2021\/10\/Guldlok-og-de-tre-bjoerne.jpg?fit=1920%2C1920&ssl=1","width":1920,"height":1920,"caption":"Guldlok og de tre bj\u00f8rne"},{"@type":"BreadcrumbList","@id":"https:\/\/www.xn--bgerogting-0cb.dk\/index.php\/vare\/guldlok-og-de-tre-bjoerne-af-steven-guarnaccia\/#breadcrumb","itemListElement":[{"@type":"ListItem","position":1,"name":"Home","item":"https:\/\/www.xn--bgerogting-0cb.dk\/"},{"@type":"ListItem","position":2,"name":"Butik","item":"https:\/\/www.xn--bgerogting-0cb.dk\/index.php\/shop\/"},{"@type":"ListItem","position":3,"name":"Guldlok og de tre bj\u00f8rne af Steven Guarnaccia"}]},{"@type":"WebSite","@id":"https:\/\/www.xn--bgerogting-0cb.dk\/#website","url":"https:\/\/www.xn--bgerogting-0cb.dk\/","name":"B\u00f8ger og Ting","description":"Antikvarisk, retro, vintage og antik","publisher":{"@id":"https:\/\/www.xn--bgerogting-0cb.dk\/#organization"},"potentialAction":[{"@type":"SearchAction","target":{"@type":"EntryPoint","urlTemplate":"https:\/\/www.xn--bgerogting-0cb.dk\/?s={search_term_string}"},"query-input":{"@type":"PropertyValueSpecification","valueRequired":true,"valueName":"search_term_string"}}],"inLanguage":"da-DK"},{"@type":"Organization","@id":"https:\/\/www.xn--bgerogting-0cb.dk\/#organization","name":"B\u00f8ger og Ting","url":"https:\/\/www.xn--bgerogting-0cb.dk\/","logo":{"@type":"ImageObject","inLanguage":"da-DK","@id":"https:\/\/www.xn--bgerogting-0cb.dk\/#\/schema\/logo\/image\/","url":"https:\/\/i0.wp.com\/www.xn--bgerogting-0cb.dk\/wp-content\/uploads\/2019\/10\/webicon.png?fit=205%2C205&ssl=1","contentUrl":"https:\/\/i0.wp.com\/www.xn--bgerogting-0cb.dk\/wp-content\/uploads\/2019\/10\/webicon.png?fit=205%2C205&ssl=1","width":205,"height":205,"caption":"B\u00f8ger og Ting"},"image":{"@id":"https:\/\/www.xn--bgerogting-0cb.dk\/#\/schema\/logo\/image\/"},"sameAs":["https:\/\/www.facebook.com\/boegerogting\/","https:\/\/www.instagram.com\/bogerogting\/"]}]},"product_price_amount":"80.00","product_price_currency":"DKK","og_availability":"instock","product_availability":"instock","product_retailer_item_id":"10545","product_condition":"new"},"jetpack_sharing_enabled":true,"_links":{"self":[{"href":"https:\/\/www.xn--bgerogting-0cb.dk\/index.php\/wp-json\/wp\/v2\/product\/11321","targetHints":{"allow":["GET"]}}],"collection":[{"href":"https:\/\/www.xn--bgerogting-0cb.dk\/index.php\/wp-json\/wp\/v2\/product"}],"about":[{"href":"https:\/\/www.xn--bgerogting-0cb.dk\/index.php\/wp-json\/wp\/v2\/types\/product"}],"wp:featuredmedia":[{"embeddable":true,"href":"https:\/\/www.xn--bgerogting-0cb.dk\/index.php\/wp-json\/wp\/v2\/media\/11325"}],"wp:attachment":[{"href":"https:\/\/www.xn--bgerogting-0cb.dk\/index.php\/wp-json\/wp\/v2\/media?parent=11321"}],"wp:term":[{"taxonomy":"product_brand","embeddable":true,"href":"https:\/\/www.xn--bgerogting-0cb.dk\/index.php\/wp-json\/wp\/v2\/product_brand?post=11321"},{"taxonomy":"product_cat","embeddable":true,"href":"https:\/\/www.xn--bgerogting-0cb.dk\/index.php\/wp-json\/wp\/v2\/product_cat?post=11321"},{"taxonomy":"product_tag","embeddable":true,"href":"https:\/\/www.xn--bgerogting-0cb.dk\/index.php\/wp-json\/wp\/v2\/product_tag?post=11321"}],"curies":[{"name":"wp","href":"https:\/\/api.w.org\/{rel}","templated":true}]}}