{"id":11134,"date":"2021-09-29T18:34:53","date_gmt":"2021-09-29T16:34:53","guid":{"rendered":"https:\/\/www.xn--bgerogting-0cb.dk\/?post_type=product&#038;p=11134"},"modified":"2023-09-28T15:18:00","modified_gmt":"2023-09-28T13:18:00","slug":"planche-med-stuefugle-stubenvogel-fra-meyers-konversations-lexikon","status":"publish","type":"product","link":"https:\/\/www.xn--bgerogting-0cb.dk\/index.php\/vare\/planche-med-stuefugle-stubenvogel-fra-meyers-konversations-lexikon\/","title":{"rendered":"Planche med stuefugle \/ &#8220;Stubenv\u00f6gel&#8221; fra Meyers Konversations-Lexikon"},"content":{"rendered":"<p>Planche med stuefugle &#8211; Stubenv\u00f6gel fra Meyers Konversations-Lexikon.<br \/>\nSmuk planche med stuefugle &#8220;Stubenv\u00f6gel I &#8211; Heimische Staubenv\u00f6gel&#8221; fra 6. udgave af det ber\u00f8mte tyske leksikon: <i><i lang=\"de\" title=\"German-language text\">Meyers Gro\u00dfes Konversations-Lexikon ,\u00a0<\/i><\/i>som udkom 1902 \u2013 1908 og var p\u00e5 20 bind.<br \/>\nPlanchen er trykt i meget h\u00f8j kvalitet.<\/p>\n<p>M\u00e5l: 31 x 24, 5 cm. \u2013\u00a0 monteret p\u00e5 kraftigt, sort karton A3.<br \/>\nPlanchen har v\u00e6ret foldet p\u00e5 midten.<\/p>\n<p>Som man kan se, kunne man dengang ogs\u00e5 s\u00e6tte fugle fra naturen ind i fugleburet.<\/p>\n","protected":false},"excerpt":{"rendered":"<p>Planche med stuefugle \/ &#8220;Stubenv\u00f6gel&#8221; fra Meyers Konversations-Lexikon.<br \/>\nSmuk planche med stuefugle &#8220;Stubenv\u00f6gel I &#8211; Heimische Staubenv\u00f6gel&#8221; fra 6. udgave af det ber\u00f8mte tyske leksikon: <i><i lang=\"de\" title=\"German-language text\">Meyers Gro\u00dfes Konversations-Lexikon ,\u00a0<\/i><\/i>som udkom 1902 \u2013 1908 og var p\u00e5 20 bind.<br \/>\nPlanchen er trykt i meget h\u00f8j kvalitet.<\/p>\n<p>M\u00e5l: 31 x 24, 5 cm. \u2013\u00a0 monteret p\u00e5 kraftigt, sort karton A3.<br \/>\nPlanchen har v\u00e6ret foldet p\u00e5 midten.<\/p>\n<p>Som man kan se, kunne man dengang ogs\u00e5 s\u00e6tte fugle fra naturen ind i fugleburet.<\/p>\n","protected":false},"featured_media":11136,"template":"","meta":[],"product_brand":[],"product_cat":[468,44,48,36,32],"product_tag":[156],"class_list":{"0":"post-11134","1":"product","2":"type-product","3":"status-publish","4":"has-post-thumbnail","6":"product_cat-1900-tallet","7":"product_cat-natur","8":"product_cat-tema","9":"product_cat-ting-i-rammer","10":"product_cat-ting","11":"product_tag-fugle","13":"first","14":"instock","15":"shipping-taxable","16":"purchasable","17":"product-type-simple"},"yoast_head":"<!-- This site is optimized with the Yoast SEO Premium plugin v26.9 (Yoast SEO v27.4) - https:\/\/yoast.com\/product\/yoast-seo-premium-wordpress\/ -->\n<title>Planche med stuefugle \/ &quot;Stubenv\u00f6gel&quot; fra Meyers Konversations-Lexikon - B\u00f8ger og Ting<\/title>\n<meta name=\"description\" content=\"Planche med stuefugle \/ Stubenv\u00f6gel fra Meyers Konversations-Lexikon 6. udgave, som udkom 1902 \u2013 1908 - M\u00e5l: 31 x 24, 5 cm.\" \/>\n<meta name=\"robots\" content=\"index, follow, max-snippet:-1, max-image-preview:large, max-video-preview:-1\" \/>\n<link rel=\"canonical\" href=\"https:\/\/www.xn--bgerogting-0cb.dk\/index.php\/vare\/planche-med-stuefugle-stubenvogel-fra-meyers-konversations-lexikon\/\" \/>\n<meta property=\"og:locale\" content=\"da_DK\" \/>\n<meta property=\"og:type\" content=\"article\" \/>\n<meta property=\"og:title\" content=\"Planche med stuefugle \/ &quot;Stubenv\u00f6gel&quot; fra Meyers Konversations-Lexikon\" \/>\n<meta property=\"og:description\" content=\"Planche med stuefugle \/ Stubenv\u00f6gel fra Meyers Konversations-Lexikon 6. udgave, som udkom 1902 \u2013 1908 - M\u00e5l: 31 x 24, 5 cm.\" \/>\n<meta property=\"og:url\" content=\"https:\/\/www.xn--bgerogting-0cb.dk\/index.php\/vare\/planche-med-stuefugle-stubenvogel-fra-meyers-konversations-lexikon\/\" \/>\n<meta property=\"og:site_name\" content=\"B\u00f8ger og Ting\" \/>\n<meta property=\"article:publisher\" content=\"https:\/\/www.facebook.com\/boegerogting\/\" \/>\n<meta property=\"article:modified_time\" content=\"2023-09-28T13:18:00+00:00\" \/>\n<meta property=\"og:image\" content=\"https:\/\/www.xn--bgerogting-0cb.dk\/wp-content\/uploads\/2021\/09\/Planche-med-stuefugle.jpg\" \/>\n\t<meta property=\"og:image:width\" content=\"1920\" \/>\n\t<meta property=\"og:image:height\" content=\"1920\" \/>\n\t<meta property=\"og:image:type\" content=\"image\/jpeg\" \/>\n<meta name=\"twitter:card\" content=\"summary_large_image\" \/>\n<meta name=\"twitter:label1\" content=\"Pris\" \/>\n\t<meta name=\"twitter:data1\" content=\"kr.&nbsp;90,00\" \/>\n\t<meta name=\"twitter:label2\" content=\"Tilg\u00e6ngelighed\" \/>\n\t<meta name=\"twitter:data2\" content=\"P\u00e5 lager\" \/>\n<script type=\"application\/ld+json\" class=\"yoast-schema-graph\">{\"@context\":\"https:\\\/\\\/schema.org\",\"@graph\":[{\"@type\":\"WebPage\",\"@id\":\"https:\\\/\\\/www.xn--bgerogting-0cb.dk\\\/index.php\\\/vare\\\/planche-med-stuefugle-stubenvogel-fra-meyers-konversations-lexikon\\\/\",\"url\":\"https:\\\/\\\/www.xn--bgerogting-0cb.dk\\\/index.php\\\/vare\\\/planche-med-stuefugle-stubenvogel-fra-meyers-konversations-lexikon\\\/\",\"name\":\"Planche med stuefugle \\\/ \\\"Stubenv\u00f6gel\\\" fra Meyers Konversations-Lexikon - B\u00f8ger og Ting\",\"isPartOf\":{\"@id\":\"https:\\\/\\\/www.xn--bgerogting-0cb.dk\\\/#website\"},\"primaryImageOfPage\":{\"@id\":\"https:\\\/\\\/www.xn--bgerogting-0cb.dk\\\/index.php\\\/vare\\\/planche-med-stuefugle-stubenvogel-fra-meyers-konversations-lexikon\\\/#primaryimage\"},\"image\":{\"@id\":\"https:\\\/\\\/www.xn--bgerogting-0cb.dk\\\/index.php\\\/vare\\\/planche-med-stuefugle-stubenvogel-fra-meyers-konversations-lexikon\\\/#primaryimage\"},\"thumbnailUrl\":\"https:\\\/\\\/i0.wp.com\\\/www.xn--bgerogting-0cb.dk\\\/wp-content\\\/uploads\\\/2021\\\/09\\\/Planche-med-stuefugle.jpg?fit=1920%2C1920&ssl=1\",\"datePublished\":\"2021-09-29T16:34:53+00:00\",\"dateModified\":\"2023-09-28T13:18:00+00:00\",\"description\":\"Planche med stuefugle \\\/ Stubenv\u00f6gel fra Meyers Konversations-Lexikon 6. udgave, som udkom 1902 \u2013 1908 - M\u00e5l: 31 x 24, 5 cm.\",\"breadcrumb\":{\"@id\":\"https:\\\/\\\/www.xn--bgerogting-0cb.dk\\\/index.php\\\/vare\\\/planche-med-stuefugle-stubenvogel-fra-meyers-konversations-lexikon\\\/#breadcrumb\"},\"inLanguage\":\"da-DK\",\"potentialAction\":[{\"@type\":\"ReadAction\",\"target\":[\"https:\\\/\\\/www.xn--bgerogting-0cb.dk\\\/index.php\\\/vare\\\/planche-med-stuefugle-stubenvogel-fra-meyers-konversations-lexikon\\\/\"]}]},{\"@type\":\"ImageObject\",\"inLanguage\":\"da-DK\",\"@id\":\"https:\\\/\\\/www.xn--bgerogting-0cb.dk\\\/index.php\\\/vare\\\/planche-med-stuefugle-stubenvogel-fra-meyers-konversations-lexikon\\\/#primaryimage\",\"url\":\"https:\\\/\\\/i0.wp.com\\\/www.xn--bgerogting-0cb.dk\\\/wp-content\\\/uploads\\\/2021\\\/09\\\/Planche-med-stuefugle.jpg?fit=1920%2C1920&ssl=1\",\"contentUrl\":\"https:\\\/\\\/i0.wp.com\\\/www.xn--bgerogting-0cb.dk\\\/wp-content\\\/uploads\\\/2021\\\/09\\\/Planche-med-stuefugle.jpg?fit=1920%2C1920&ssl=1\",\"width\":1920,\"height\":1920,\"caption\":\"Planche med stuefugle\"},{\"@type\":\"BreadcrumbList\",\"@id\":\"https:\\\/\\\/www.xn--bgerogting-0cb.dk\\\/index.php\\\/vare\\\/planche-med-stuefugle-stubenvogel-fra-meyers-konversations-lexikon\\\/#breadcrumb\",\"itemListElement\":[{\"@type\":\"ListItem\",\"position\":1,\"name\":\"Home\",\"item\":\"https:\\\/\\\/www.xn--bgerogting-0cb.dk\\\/\"},{\"@type\":\"ListItem\",\"position\":2,\"name\":\"Butik\",\"item\":\"https:\\\/\\\/www.xn--bgerogting-0cb.dk\\\/index.php\\\/shop\\\/\"},{\"@type\":\"ListItem\",\"position\":3,\"name\":\"Planche med stuefugle \\\/ &#8220;Stubenv\u00f6gel&#8221; fra Meyers Konversations-Lexikon\"}]},{\"@type\":\"WebSite\",\"@id\":\"https:\\\/\\\/www.xn--bgerogting-0cb.dk\\\/#website\",\"url\":\"https:\\\/\\\/www.xn--bgerogting-0cb.dk\\\/\",\"name\":\"B\u00f8ger og Ting\",\"description\":\"Antikvarisk, retro, vintage og antik\",\"publisher\":{\"@id\":\"https:\\\/\\\/www.xn--bgerogting-0cb.dk\\\/#organization\"},\"potentialAction\":[{\"@type\":\"SearchAction\",\"target\":{\"@type\":\"EntryPoint\",\"urlTemplate\":\"https:\\\/\\\/www.xn--bgerogting-0cb.dk\\\/?s={search_term_string}\"},\"query-input\":{\"@type\":\"PropertyValueSpecification\",\"valueRequired\":true,\"valueName\":\"search_term_string\"}}],\"inLanguage\":\"da-DK\"},{\"@type\":\"Organization\",\"@id\":\"https:\\\/\\\/www.xn--bgerogting-0cb.dk\\\/#organization\",\"name\":\"B\u00f8ger og Ting\",\"url\":\"https:\\\/\\\/www.xn--bgerogting-0cb.dk\\\/\",\"logo\":{\"@type\":\"ImageObject\",\"inLanguage\":\"da-DK\",\"@id\":\"https:\\\/\\\/www.xn--bgerogting-0cb.dk\\\/#\\\/schema\\\/logo\\\/image\\\/\",\"url\":\"https:\\\/\\\/i0.wp.com\\\/www.xn--bgerogting-0cb.dk\\\/wp-content\\\/uploads\\\/2019\\\/10\\\/webicon.png?fit=205%2C205&ssl=1\",\"contentUrl\":\"https:\\\/\\\/i0.wp.com\\\/www.xn--bgerogting-0cb.dk\\\/wp-content\\\/uploads\\\/2019\\\/10\\\/webicon.png?fit=205%2C205&ssl=1\",\"width\":205,\"height\":205,\"caption\":\"B\u00f8ger og Ting\"},\"image\":{\"@id\":\"https:\\\/\\\/www.xn--bgerogting-0cb.dk\\\/#\\\/schema\\\/logo\\\/image\\\/\"},\"sameAs\":[\"https:\\\/\\\/www.facebook.com\\\/boegerogting\\\/\",\"https:\\\/\\\/www.instagram.com\\\/bogerogting\\\/\"]}]}<\/script>\n<meta property=\"product:price:amount\" content=\"90.00\" \/>\n<meta property=\"product:price:currency\" content=\"DKK\" \/>\n<meta property=\"og:availability\" content=\"instock\" \/>\n<meta property=\"product:availability\" content=\"instock\" \/>\n<meta property=\"product:retailer_item_id\" content=\"6781\" \/>\n<meta property=\"product:condition\" content=\"new\" \/>\n<!-- \/ Yoast SEO Premium plugin. -->","yoast_head_json":{"title":"Planche med stuefugle \/ \"Stubenv\u00f6gel\" fra Meyers Konversations-Lexikon - B\u00f8ger og Ting","description":"Planche med stuefugle \/ Stubenv\u00f6gel fra Meyers Konversations-Lexikon 6. udgave, som udkom 1902 \u2013 1908 - M\u00e5l: 31 x 24, 5 cm.","robots":{"index":"index","follow":"follow","max-snippet":"max-snippet:-1","max-image-preview":"max-image-preview:large","max-video-preview":"max-video-preview:-1"},"canonical":"https:\/\/www.xn--bgerogting-0cb.dk\/index.php\/vare\/planche-med-stuefugle-stubenvogel-fra-meyers-konversations-lexikon\/","og_locale":"da_DK","og_type":"article","og_title":"Planche med stuefugle \/ \"Stubenv\u00f6gel\" fra Meyers Konversations-Lexikon","og_description":"Planche med stuefugle \/ Stubenv\u00f6gel fra Meyers Konversations-Lexikon 6. udgave, som udkom 1902 \u2013 1908 - M\u00e5l: 31 x 24, 5 cm.","og_url":"https:\/\/www.xn--bgerogting-0cb.dk\/index.php\/vare\/planche-med-stuefugle-stubenvogel-fra-meyers-konversations-lexikon\/","og_site_name":"B\u00f8ger og Ting","article_publisher":"https:\/\/www.facebook.com\/boegerogting\/","article_modified_time":"2023-09-28T13:18:00+00:00","og_image":[{"width":1920,"height":1920,"url":"https:\/\/www.xn--bgerogting-0cb.dk\/wp-content\/uploads\/2021\/09\/Planche-med-stuefugle.jpg","type":"image\/jpeg"}],"twitter_card":"summary_large_image","twitter_misc":{"Pris":"kr.&nbsp;90,00","Tilg\u00e6ngelighed":"P\u00e5 lager"},"schema":{"@context":"https:\/\/schema.org","@graph":[{"@type":"WebPage","@id":"https:\/\/www.xn--bgerogting-0cb.dk\/index.php\/vare\/planche-med-stuefugle-stubenvogel-fra-meyers-konversations-lexikon\/","url":"https:\/\/www.xn--bgerogting-0cb.dk\/index.php\/vare\/planche-med-stuefugle-stubenvogel-fra-meyers-konversations-lexikon\/","name":"Planche med stuefugle \/ \"Stubenv\u00f6gel\" fra Meyers Konversations-Lexikon - B\u00f8ger og Ting","isPartOf":{"@id":"https:\/\/www.xn--bgerogting-0cb.dk\/#website"},"primaryImageOfPage":{"@id":"https:\/\/www.xn--bgerogting-0cb.dk\/index.php\/vare\/planche-med-stuefugle-stubenvogel-fra-meyers-konversations-lexikon\/#primaryimage"},"image":{"@id":"https:\/\/www.xn--bgerogting-0cb.dk\/index.php\/vare\/planche-med-stuefugle-stubenvogel-fra-meyers-konversations-lexikon\/#primaryimage"},"thumbnailUrl":"https:\/\/i0.wp.com\/www.xn--bgerogting-0cb.dk\/wp-content\/uploads\/2021\/09\/Planche-med-stuefugle.jpg?fit=1920%2C1920&ssl=1","datePublished":"2021-09-29T16:34:53+00:00","dateModified":"2023-09-28T13:18:00+00:00","description":"Planche med stuefugle \/ Stubenv\u00f6gel fra Meyers Konversations-Lexikon 6. udgave, som udkom 1902 \u2013 1908 - M\u00e5l: 31 x 24, 5 cm.","breadcrumb":{"@id":"https:\/\/www.xn--bgerogting-0cb.dk\/index.php\/vare\/planche-med-stuefugle-stubenvogel-fra-meyers-konversations-lexikon\/#breadcrumb"},"inLanguage":"da-DK","potentialAction":[{"@type":"ReadAction","target":["https:\/\/www.xn--bgerogting-0cb.dk\/index.php\/vare\/planche-med-stuefugle-stubenvogel-fra-meyers-konversations-lexikon\/"]}]},{"@type":"ImageObject","inLanguage":"da-DK","@id":"https:\/\/www.xn--bgerogting-0cb.dk\/index.php\/vare\/planche-med-stuefugle-stubenvogel-fra-meyers-konversations-lexikon\/#primaryimage","url":"https:\/\/i0.wp.com\/www.xn--bgerogting-0cb.dk\/wp-content\/uploads\/2021\/09\/Planche-med-stuefugle.jpg?fit=1920%2C1920&ssl=1","contentUrl":"https:\/\/i0.wp.com\/www.xn--bgerogting-0cb.dk\/wp-content\/uploads\/2021\/09\/Planche-med-stuefugle.jpg?fit=1920%2C1920&ssl=1","width":1920,"height":1920,"caption":"Planche med stuefugle"},{"@type":"BreadcrumbList","@id":"https:\/\/www.xn--bgerogting-0cb.dk\/index.php\/vare\/planche-med-stuefugle-stubenvogel-fra-meyers-konversations-lexikon\/#breadcrumb","itemListElement":[{"@type":"ListItem","position":1,"name":"Home","item":"https:\/\/www.xn--bgerogting-0cb.dk\/"},{"@type":"ListItem","position":2,"name":"Butik","item":"https:\/\/www.xn--bgerogting-0cb.dk\/index.php\/shop\/"},{"@type":"ListItem","position":3,"name":"Planche med stuefugle \/ &#8220;Stubenv\u00f6gel&#8221; fra Meyers Konversations-Lexikon"}]},{"@type":"WebSite","@id":"https:\/\/www.xn--bgerogting-0cb.dk\/#website","url":"https:\/\/www.xn--bgerogting-0cb.dk\/","name":"B\u00f8ger og Ting","description":"Antikvarisk, retro, vintage og antik","publisher":{"@id":"https:\/\/www.xn--bgerogting-0cb.dk\/#organization"},"potentialAction":[{"@type":"SearchAction","target":{"@type":"EntryPoint","urlTemplate":"https:\/\/www.xn--bgerogting-0cb.dk\/?s={search_term_string}"},"query-input":{"@type":"PropertyValueSpecification","valueRequired":true,"valueName":"search_term_string"}}],"inLanguage":"da-DK"},{"@type":"Organization","@id":"https:\/\/www.xn--bgerogting-0cb.dk\/#organization","name":"B\u00f8ger og Ting","url":"https:\/\/www.xn--bgerogting-0cb.dk\/","logo":{"@type":"ImageObject","inLanguage":"da-DK","@id":"https:\/\/www.xn--bgerogting-0cb.dk\/#\/schema\/logo\/image\/","url":"https:\/\/i0.wp.com\/www.xn--bgerogting-0cb.dk\/wp-content\/uploads\/2019\/10\/webicon.png?fit=205%2C205&ssl=1","contentUrl":"https:\/\/i0.wp.com\/www.xn--bgerogting-0cb.dk\/wp-content\/uploads\/2019\/10\/webicon.png?fit=205%2C205&ssl=1","width":205,"height":205,"caption":"B\u00f8ger og Ting"},"image":{"@id":"https:\/\/www.xn--bgerogting-0cb.dk\/#\/schema\/logo\/image\/"},"sameAs":["https:\/\/www.facebook.com\/boegerogting\/","https:\/\/www.instagram.com\/bogerogting\/"]}]},"product_price_amount":"90.00","product_price_currency":"DKK","og_availability":"instock","product_availability":"instock","product_retailer_item_id":"6781","product_condition":"new"},"jetpack_sharing_enabled":true,"_links":{"self":[{"href":"https:\/\/www.xn--bgerogting-0cb.dk\/index.php\/wp-json\/wp\/v2\/product\/11134","targetHints":{"allow":["GET"]}}],"collection":[{"href":"https:\/\/www.xn--bgerogting-0cb.dk\/index.php\/wp-json\/wp\/v2\/product"}],"about":[{"href":"https:\/\/www.xn--bgerogting-0cb.dk\/index.php\/wp-json\/wp\/v2\/types\/product"}],"wp:featuredmedia":[{"embeddable":true,"href":"https:\/\/www.xn--bgerogting-0cb.dk\/index.php\/wp-json\/wp\/v2\/media\/11136"}],"wp:attachment":[{"href":"https:\/\/www.xn--bgerogting-0cb.dk\/index.php\/wp-json\/wp\/v2\/media?parent=11134"}],"wp:term":[{"taxonomy":"product_brand","embeddable":true,"href":"https:\/\/www.xn--bgerogting-0cb.dk\/index.php\/wp-json\/wp\/v2\/product_brand?post=11134"},{"taxonomy":"product_cat","embeddable":true,"href":"https:\/\/www.xn--bgerogting-0cb.dk\/index.php\/wp-json\/wp\/v2\/product_cat?post=11134"},{"taxonomy":"product_tag","embeddable":true,"href":"https:\/\/www.xn--bgerogting-0cb.dk\/index.php\/wp-json\/wp\/v2\/product_tag?post=11134"}],"curies":[{"name":"wp","href":"https:\/\/api.w.org\/{rel}","templated":true}]}}