{"id":10536,"date":"2021-07-03T14:01:03","date_gmt":"2021-07-03T12:01:03","guid":{"rendered":"https:\/\/www.xn--bgerogting-0cb.dk\/?post_type=product&#038;p=10536"},"modified":"2022-02-04T16:17:57","modified_gmt":"2022-02-04T15:17:57","slug":"bamse-en-lille-bjoerneunges-eventyr-i-billeder-og-tekst-af-louis-moe","status":"publish","type":"product","link":"https:\/\/www.xn--bgerogting-0cb.dk\/index.php\/vare\/bamse-en-lille-bjoerneunges-eventyr-i-billeder-og-tekst-af-louis-moe\/","title":{"rendered":"Bamse : en lille bj\u00f8rneunges eventyr i billeder og tekst af Louis Moe"},"content":{"rendered":"<p>Bamse : en lille bj\u00f8rneunges eventyr i billeder og tekst af Louis Moe.<br \/>\nIllustrationsforlaget, u.\u00e5. (1950) &#8211; 28 sider &#8211; Clipset (originalt) med kartonbind og l\u00e6rredsryg i stort tv\u00e6rformat.<br \/>\nBogen blev udgivet f\u00f8rste gang i 1920.<br \/>\nSmukke farveillustrationer af forfatteren p\u00e5 h\u00f8jresiderne, p\u00e5 venstresiderne tekst og illustrationer i streg.<br \/>\nBogen er generelt i god stand, men dog med lidt brugsspor.<\/p>\n<p>Den lille bamsedreng synes, at det er kedeligt at v\u00e6re bj\u00f8rneunge og drager p\u00e5 frierf\u00e6rd hos troldkongens datter. Det g\u00e5r godt, men da der skal holdes forlovelsesgilde, kommer Bamse til at afsl\u00f8re sig selv som en gemen bj\u00f8rneunge, da han ikke kan holde poterne fra honningkrukken. Hjemme hos bj\u00f8rnemor igen, m\u00e5 Bamse erkende at &#8220;Lige b\u00f8rn leger bedst&#8221;.<\/p>\n","protected":false},"excerpt":{"rendered":"<p>Illustrationsforlaget, u.\u00e5. (1950) &#8211; 28 sider &#8211; Clipset (originalt) med kartonbind og l\u00e6rredsryg i stort tv\u00e6rformat.<br \/>\nBogen blev udgivet f\u00f8rste gang i 1920.<br \/>\nSmukke farveillustrationer af forfatteren p\u00e5 h\u00f8jresiderne, p\u00e5 venstresiderne tekst og illustrationer i streg.<br \/>\nBogen er generelt i god stand, men dog med lidt brugsspor. En (s\u00f8d) lille barnetegning p\u00e5 indersiden af bindet.<\/p>\n<p>Den lille bamsedreng synes, at det er kedeligt at v\u00e6re bj\u00f8rneunge og drager p\u00e5 frierf\u00e6rd hos troldkongens datter. Det g\u00e5r godt, men da der skal holdes forlovelsesgilde, kommer Bamse til at afsl\u00f8re sig selv som en gemen bj\u00f8rneunge, da han ikke kan holde poterne fra honningkrukken. Hjemme hos bj\u00f8rnemor igen, m\u00e5 Bamse erkende at &#8220;Lige b\u00f8rn leger bedst&#8221;.<\/p>\n","protected":false},"featured_media":10537,"template":"","meta":[],"product_brand":[],"product_cat":[793,57,81,27,101,110,35],"product_tag":[249,117,362],"class_list":{"0":"post-10536","1":"product","2":"type-product","3":"status-publish","4":"has-post-thumbnail","6":"product_cat-alle-tiders-boerneboeger-1920-1929","7":"product_cat-alle-tiders-boerneboeger-1950-1959","8":"product_cat-billedboeger","9":"product_cat-boeger","10":"product_cat-danske-illustratorer","11":"product_cat-eventyr","12":"product_cat-barneboger","13":"product_tag-bjoerne","14":"product_tag-eventyr","15":"product_tag-louis-moe","17":"first","18":"instock","19":"shipping-taxable","20":"purchasable","21":"product-type-simple"},"yoast_head":"<!-- This site is optimized with the Yoast SEO Premium plugin v27.4 (Yoast SEO v27.5) - https:\/\/yoast.com\/product\/yoast-seo-premium-wordpress\/ -->\n<title>Bamse : en lille bj\u00f8rneunges eventyr i billeder og tekst af Louis Moe - B\u00f8ger og Ting<\/title>\n<meta name=\"description\" content=\"Bamse : en lille bj\u00f8rneunges eventyr i billeder og tekst af Louis Moe - Illustrationsforlaget, u.\u00e5. - 28 sider - Kartonbind - God stand.\" \/>\n<meta name=\"robots\" content=\"index, follow, max-snippet:-1, max-image-preview:large, max-video-preview:-1\" \/>\n<link rel=\"canonical\" href=\"https:\/\/www.xn--bgerogting-0cb.dk\/index.php\/vare\/bamse-en-lille-bjoerneunges-eventyr-i-billeder-og-tekst-af-louis-moe\/\" \/>\n<meta property=\"og:locale\" content=\"da_DK\" \/>\n<meta property=\"og:type\" content=\"article\" \/>\n<meta property=\"og:title\" content=\"Bamse : en lille bj\u00f8rneunges eventyr i billeder og tekst af Louis Moe\" \/>\n<meta property=\"og:description\" content=\"Bamse : en lille bj\u00f8rneunges eventyr i billeder og tekst af Louis Moe - Illustrationsforlaget, u.\u00e5. - 28 sider - Kartonbind - God stand.\" \/>\n<meta property=\"og:url\" content=\"https:\/\/www.xn--bgerogting-0cb.dk\/index.php\/vare\/bamse-en-lille-bjoerneunges-eventyr-i-billeder-og-tekst-af-louis-moe\/\" \/>\n<meta property=\"og:site_name\" content=\"B\u00f8ger og Ting\" \/>\n<meta property=\"article:publisher\" content=\"https:\/\/www.facebook.com\/boegerogting\/\" \/>\n<meta property=\"article:modified_time\" content=\"2022-02-04T15:17:57+00:00\" \/>\n<meta property=\"og:image\" content=\"https:\/\/www.xn--bgerogting-0cb.dk\/wp-content\/uploads\/2021\/07\/Bamse-en-lille-bjoerneunges-eventyr.jpg\" \/>\n\t<meta property=\"og:image:width\" content=\"1920\" \/>\n\t<meta property=\"og:image:height\" content=\"1920\" \/>\n\t<meta property=\"og:image:type\" content=\"image\/jpeg\" \/>\n<meta name=\"twitter:card\" content=\"summary_large_image\" \/>\n<meta name=\"twitter:label1\" content=\"Pris\" \/>\n\t<meta name=\"twitter:data1\" content=\"kr.&nbsp;250,00\" \/>\n\t<meta name=\"twitter:label2\" content=\"Tilg\u00e6ngelighed\" \/>\n\t<meta name=\"twitter:data2\" content=\"P\u00e5 lager\" \/>\n<script type=\"application\/ld+json\" class=\"yoast-schema-graph\">{\"@context\":\"https:\\\/\\\/schema.org\",\"@graph\":[{\"@type\":\"WebPage\",\"@id\":\"https:\\\/\\\/www.xn--bgerogting-0cb.dk\\\/index.php\\\/vare\\\/bamse-en-lille-bjoerneunges-eventyr-i-billeder-og-tekst-af-louis-moe\\\/\",\"url\":\"https:\\\/\\\/www.xn--bgerogting-0cb.dk\\\/index.php\\\/vare\\\/bamse-en-lille-bjoerneunges-eventyr-i-billeder-og-tekst-af-louis-moe\\\/\",\"name\":\"Bamse : en lille bj\u00f8rneunges eventyr i billeder og tekst af Louis Moe - B\u00f8ger og Ting\",\"isPartOf\":{\"@id\":\"https:\\\/\\\/www.xn--bgerogting-0cb.dk\\\/#website\"},\"primaryImageOfPage\":{\"@id\":\"https:\\\/\\\/www.xn--bgerogting-0cb.dk\\\/index.php\\\/vare\\\/bamse-en-lille-bjoerneunges-eventyr-i-billeder-og-tekst-af-louis-moe\\\/#primaryimage\"},\"image\":{\"@id\":\"https:\\\/\\\/www.xn--bgerogting-0cb.dk\\\/index.php\\\/vare\\\/bamse-en-lille-bjoerneunges-eventyr-i-billeder-og-tekst-af-louis-moe\\\/#primaryimage\"},\"thumbnailUrl\":\"https:\\\/\\\/i0.wp.com\\\/www.xn--bgerogting-0cb.dk\\\/wp-content\\\/uploads\\\/2021\\\/07\\\/Bamse-en-lille-bjoerneunges-eventyr.jpg?fit=1920%2C1920&ssl=1\",\"datePublished\":\"2021-07-03T12:01:03+00:00\",\"dateModified\":\"2022-02-04T15:17:57+00:00\",\"description\":\"Bamse : en lille bj\u00f8rneunges eventyr i billeder og tekst af Louis Moe - Illustrationsforlaget, u.\u00e5. - 28 sider - Kartonbind - God stand.\",\"breadcrumb\":{\"@id\":\"https:\\\/\\\/www.xn--bgerogting-0cb.dk\\\/index.php\\\/vare\\\/bamse-en-lille-bjoerneunges-eventyr-i-billeder-og-tekst-af-louis-moe\\\/#breadcrumb\"},\"inLanguage\":\"da-DK\",\"potentialAction\":[{\"@type\":\"ReadAction\",\"target\":[\"https:\\\/\\\/www.xn--bgerogting-0cb.dk\\\/index.php\\\/vare\\\/bamse-en-lille-bjoerneunges-eventyr-i-billeder-og-tekst-af-louis-moe\\\/\"]}]},{\"@type\":\"ImageObject\",\"inLanguage\":\"da-DK\",\"@id\":\"https:\\\/\\\/www.xn--bgerogting-0cb.dk\\\/index.php\\\/vare\\\/bamse-en-lille-bjoerneunges-eventyr-i-billeder-og-tekst-af-louis-moe\\\/#primaryimage\",\"url\":\"https:\\\/\\\/i0.wp.com\\\/www.xn--bgerogting-0cb.dk\\\/wp-content\\\/uploads\\\/2021\\\/07\\\/Bamse-en-lille-bjoerneunges-eventyr.jpg?fit=1920%2C1920&ssl=1\",\"contentUrl\":\"https:\\\/\\\/i0.wp.com\\\/www.xn--bgerogting-0cb.dk\\\/wp-content\\\/uploads\\\/2021\\\/07\\\/Bamse-en-lille-bjoerneunges-eventyr.jpg?fit=1920%2C1920&ssl=1\",\"width\":1920,\"height\":1920,\"caption\":\"Bamse en lille bj\u00f8rneunges eventyr\"},{\"@type\":\"BreadcrumbList\",\"@id\":\"https:\\\/\\\/www.xn--bgerogting-0cb.dk\\\/index.php\\\/vare\\\/bamse-en-lille-bjoerneunges-eventyr-i-billeder-og-tekst-af-louis-moe\\\/#breadcrumb\",\"itemListElement\":[{\"@type\":\"ListItem\",\"position\":1,\"name\":\"Home\",\"item\":\"https:\\\/\\\/www.xn--bgerogting-0cb.dk\\\/\"},{\"@type\":\"ListItem\",\"position\":2,\"name\":\"Butik\",\"item\":\"https:\\\/\\\/www.xn--bgerogting-0cb.dk\\\/index.php\\\/shop\\\/\"},{\"@type\":\"ListItem\",\"position\":3,\"name\":\"Bamse : en lille bj\u00f8rneunges eventyr i billeder og tekst af Louis Moe\"}]},{\"@type\":\"WebSite\",\"@id\":\"https:\\\/\\\/www.xn--bgerogting-0cb.dk\\\/#website\",\"url\":\"https:\\\/\\\/www.xn--bgerogting-0cb.dk\\\/\",\"name\":\"B\u00f8ger og Ting\",\"description\":\"Antikvarisk, retro, vintage og antik\",\"publisher\":{\"@id\":\"https:\\\/\\\/www.xn--bgerogting-0cb.dk\\\/#organization\"},\"potentialAction\":[{\"@type\":\"SearchAction\",\"target\":{\"@type\":\"EntryPoint\",\"urlTemplate\":\"https:\\\/\\\/www.xn--bgerogting-0cb.dk\\\/?s={search_term_string}\"},\"query-input\":{\"@type\":\"PropertyValueSpecification\",\"valueRequired\":true,\"valueName\":\"search_term_string\"}}],\"inLanguage\":\"da-DK\"},{\"@type\":\"Organization\",\"@id\":\"https:\\\/\\\/www.xn--bgerogting-0cb.dk\\\/#organization\",\"name\":\"B\u00f8ger og Ting\",\"url\":\"https:\\\/\\\/www.xn--bgerogting-0cb.dk\\\/\",\"logo\":{\"@type\":\"ImageObject\",\"inLanguage\":\"da-DK\",\"@id\":\"https:\\\/\\\/www.xn--bgerogting-0cb.dk\\\/#\\\/schema\\\/logo\\\/image\\\/\",\"url\":\"https:\\\/\\\/i0.wp.com\\\/www.xn--bgerogting-0cb.dk\\\/wp-content\\\/uploads\\\/2019\\\/10\\\/webicon.png?fit=205%2C205&ssl=1\",\"contentUrl\":\"https:\\\/\\\/i0.wp.com\\\/www.xn--bgerogting-0cb.dk\\\/wp-content\\\/uploads\\\/2019\\\/10\\\/webicon.png?fit=205%2C205&ssl=1\",\"width\":205,\"height\":205,\"caption\":\"B\u00f8ger og Ting\"},\"image\":{\"@id\":\"https:\\\/\\\/www.xn--bgerogting-0cb.dk\\\/#\\\/schema\\\/logo\\\/image\\\/\"},\"sameAs\":[\"https:\\\/\\\/www.facebook.com\\\/boegerogting\\\/\",\"https:\\\/\\\/www.instagram.com\\\/bogerogting\\\/\"]}]}<\/script>\n<meta property=\"product:price:amount\" content=\"250.00\" \/>\n<meta property=\"product:price:currency\" content=\"DKK\" \/>\n<meta property=\"og:availability\" content=\"instock\" \/>\n<meta property=\"product:availability\" content=\"instock\" \/>\n<meta property=\"product:retailer_item_id\" content=\"5654\" \/>\n<meta property=\"product:condition\" content=\"new\" \/>\n<!-- \/ Yoast SEO Premium plugin. -->","yoast_head_json":{"title":"Bamse : en lille bj\u00f8rneunges eventyr i billeder og tekst af Louis Moe - B\u00f8ger og Ting","description":"Bamse : en lille bj\u00f8rneunges eventyr i billeder og tekst af Louis Moe - Illustrationsforlaget, u.\u00e5. - 28 sider - Kartonbind - God stand.","robots":{"index":"index","follow":"follow","max-snippet":"max-snippet:-1","max-image-preview":"max-image-preview:large","max-video-preview":"max-video-preview:-1"},"canonical":"https:\/\/www.xn--bgerogting-0cb.dk\/index.php\/vare\/bamse-en-lille-bjoerneunges-eventyr-i-billeder-og-tekst-af-louis-moe\/","og_locale":"da_DK","og_type":"article","og_title":"Bamse : en lille bj\u00f8rneunges eventyr i billeder og tekst af Louis Moe","og_description":"Bamse : en lille bj\u00f8rneunges eventyr i billeder og tekst af Louis Moe - Illustrationsforlaget, u.\u00e5. - 28 sider - Kartonbind - God stand.","og_url":"https:\/\/www.xn--bgerogting-0cb.dk\/index.php\/vare\/bamse-en-lille-bjoerneunges-eventyr-i-billeder-og-tekst-af-louis-moe\/","og_site_name":"B\u00f8ger og Ting","article_publisher":"https:\/\/www.facebook.com\/boegerogting\/","article_modified_time":"2022-02-04T15:17:57+00:00","og_image":[{"width":1920,"height":1920,"url":"https:\/\/www.xn--bgerogting-0cb.dk\/wp-content\/uploads\/2021\/07\/Bamse-en-lille-bjoerneunges-eventyr.jpg","type":"image\/jpeg"}],"twitter_card":"summary_large_image","twitter_misc":{"Pris":"kr.&nbsp;250,00","Tilg\u00e6ngelighed":"P\u00e5 lager"},"schema":{"@context":"https:\/\/schema.org","@graph":[{"@type":"WebPage","@id":"https:\/\/www.xn--bgerogting-0cb.dk\/index.php\/vare\/bamse-en-lille-bjoerneunges-eventyr-i-billeder-og-tekst-af-louis-moe\/","url":"https:\/\/www.xn--bgerogting-0cb.dk\/index.php\/vare\/bamse-en-lille-bjoerneunges-eventyr-i-billeder-og-tekst-af-louis-moe\/","name":"Bamse : en lille bj\u00f8rneunges eventyr i billeder og tekst af Louis Moe - B\u00f8ger og Ting","isPartOf":{"@id":"https:\/\/www.xn--bgerogting-0cb.dk\/#website"},"primaryImageOfPage":{"@id":"https:\/\/www.xn--bgerogting-0cb.dk\/index.php\/vare\/bamse-en-lille-bjoerneunges-eventyr-i-billeder-og-tekst-af-louis-moe\/#primaryimage"},"image":{"@id":"https:\/\/www.xn--bgerogting-0cb.dk\/index.php\/vare\/bamse-en-lille-bjoerneunges-eventyr-i-billeder-og-tekst-af-louis-moe\/#primaryimage"},"thumbnailUrl":"https:\/\/i0.wp.com\/www.xn--bgerogting-0cb.dk\/wp-content\/uploads\/2021\/07\/Bamse-en-lille-bjoerneunges-eventyr.jpg?fit=1920%2C1920&ssl=1","datePublished":"2021-07-03T12:01:03+00:00","dateModified":"2022-02-04T15:17:57+00:00","description":"Bamse : en lille bj\u00f8rneunges eventyr i billeder og tekst af Louis Moe - Illustrationsforlaget, u.\u00e5. - 28 sider - Kartonbind - God stand.","breadcrumb":{"@id":"https:\/\/www.xn--bgerogting-0cb.dk\/index.php\/vare\/bamse-en-lille-bjoerneunges-eventyr-i-billeder-og-tekst-af-louis-moe\/#breadcrumb"},"inLanguage":"da-DK","potentialAction":[{"@type":"ReadAction","target":["https:\/\/www.xn--bgerogting-0cb.dk\/index.php\/vare\/bamse-en-lille-bjoerneunges-eventyr-i-billeder-og-tekst-af-louis-moe\/"]}]},{"@type":"ImageObject","inLanguage":"da-DK","@id":"https:\/\/www.xn--bgerogting-0cb.dk\/index.php\/vare\/bamse-en-lille-bjoerneunges-eventyr-i-billeder-og-tekst-af-louis-moe\/#primaryimage","url":"https:\/\/i0.wp.com\/www.xn--bgerogting-0cb.dk\/wp-content\/uploads\/2021\/07\/Bamse-en-lille-bjoerneunges-eventyr.jpg?fit=1920%2C1920&ssl=1","contentUrl":"https:\/\/i0.wp.com\/www.xn--bgerogting-0cb.dk\/wp-content\/uploads\/2021\/07\/Bamse-en-lille-bjoerneunges-eventyr.jpg?fit=1920%2C1920&ssl=1","width":1920,"height":1920,"caption":"Bamse en lille bj\u00f8rneunges eventyr"},{"@type":"BreadcrumbList","@id":"https:\/\/www.xn--bgerogting-0cb.dk\/index.php\/vare\/bamse-en-lille-bjoerneunges-eventyr-i-billeder-og-tekst-af-louis-moe\/#breadcrumb","itemListElement":[{"@type":"ListItem","position":1,"name":"Home","item":"https:\/\/www.xn--bgerogting-0cb.dk\/"},{"@type":"ListItem","position":2,"name":"Butik","item":"https:\/\/www.xn--bgerogting-0cb.dk\/index.php\/shop\/"},{"@type":"ListItem","position":3,"name":"Bamse : en lille bj\u00f8rneunges eventyr i billeder og tekst af Louis Moe"}]},{"@type":"WebSite","@id":"https:\/\/www.xn--bgerogting-0cb.dk\/#website","url":"https:\/\/www.xn--bgerogting-0cb.dk\/","name":"B\u00f8ger og Ting","description":"Antikvarisk, retro, vintage og antik","publisher":{"@id":"https:\/\/www.xn--bgerogting-0cb.dk\/#organization"},"potentialAction":[{"@type":"SearchAction","target":{"@type":"EntryPoint","urlTemplate":"https:\/\/www.xn--bgerogting-0cb.dk\/?s={search_term_string}"},"query-input":{"@type":"PropertyValueSpecification","valueRequired":true,"valueName":"search_term_string"}}],"inLanguage":"da-DK"},{"@type":"Organization","@id":"https:\/\/www.xn--bgerogting-0cb.dk\/#organization","name":"B\u00f8ger og Ting","url":"https:\/\/www.xn--bgerogting-0cb.dk\/","logo":{"@type":"ImageObject","inLanguage":"da-DK","@id":"https:\/\/www.xn--bgerogting-0cb.dk\/#\/schema\/logo\/image\/","url":"https:\/\/i0.wp.com\/www.xn--bgerogting-0cb.dk\/wp-content\/uploads\/2019\/10\/webicon.png?fit=205%2C205&ssl=1","contentUrl":"https:\/\/i0.wp.com\/www.xn--bgerogting-0cb.dk\/wp-content\/uploads\/2019\/10\/webicon.png?fit=205%2C205&ssl=1","width":205,"height":205,"caption":"B\u00f8ger og Ting"},"image":{"@id":"https:\/\/www.xn--bgerogting-0cb.dk\/#\/schema\/logo\/image\/"},"sameAs":["https:\/\/www.facebook.com\/boegerogting\/","https:\/\/www.instagram.com\/bogerogting\/"]}]},"product_price_amount":"250.00","product_price_currency":"DKK","og_availability":"instock","product_availability":"instock","product_retailer_item_id":"5654","product_condition":"new"},"jetpack_sharing_enabled":true,"_links":{"self":[{"href":"https:\/\/www.xn--bgerogting-0cb.dk\/index.php\/wp-json\/wp\/v2\/product\/10536","targetHints":{"allow":["GET"]}}],"collection":[{"href":"https:\/\/www.xn--bgerogting-0cb.dk\/index.php\/wp-json\/wp\/v2\/product"}],"about":[{"href":"https:\/\/www.xn--bgerogting-0cb.dk\/index.php\/wp-json\/wp\/v2\/types\/product"}],"wp:featuredmedia":[{"embeddable":true,"href":"https:\/\/www.xn--bgerogting-0cb.dk\/index.php\/wp-json\/wp\/v2\/media\/10537"}],"wp:attachment":[{"href":"https:\/\/www.xn--bgerogting-0cb.dk\/index.php\/wp-json\/wp\/v2\/media?parent=10536"}],"wp:term":[{"taxonomy":"product_brand","embeddable":true,"href":"https:\/\/www.xn--bgerogting-0cb.dk\/index.php\/wp-json\/wp\/v2\/product_brand?post=10536"},{"taxonomy":"product_cat","embeddable":true,"href":"https:\/\/www.xn--bgerogting-0cb.dk\/index.php\/wp-json\/wp\/v2\/product_cat?post=10536"},{"taxonomy":"product_tag","embeddable":true,"href":"https:\/\/www.xn--bgerogting-0cb.dk\/index.php\/wp-json\/wp\/v2\/product_tag?post=10536"}],"curies":[{"name":"wp","href":"https:\/\/api.w.org\/{rel}","templated":true}]}}