{"id":10160,"date":"2021-05-15T14:54:59","date_gmt":"2021-05-15T12:54:59","guid":{"rendered":"https:\/\/www.xn--bgerogting-0cb.dk\/?post_type=product&#038;p=10160"},"modified":"2022-05-09T21:05:18","modified_gmt":"2022-05-09T19:05:18","slug":"norges-konge-kroenike-af-snorre-sturlesoen-sturlason","status":"publish","type":"product","link":"https:\/\/www.xn--bgerogting-0cb.dk\/index.php\/vare\/norges-konge-kroenike-af-snorre-sturlesoen-sturlason\/","title":{"rendered":"Norges Konge-Kr\u00f8nike Af Snorre Sturles\u00f8n (Sturlason)"},"content":{"rendered":"<p class=\"book-author\">Norges Konge-Kr\u00f8nike Af Snorre Sturles\u00f8n (Sturlason).<br \/>\nV\u00e6rk i 3 dele\/bind Kj\u00f8behavn 1818 &#8211; 1822 &#8211; 332 + 378 +390 sider &#8211; Samtidige halvbind.<br \/>\nFordanske af N. F. S. Grundtvig. Udgivelsen af v\u00e6rket er &#8220;bekostet af Kr\u00f8nikens Danske og Norske Venner&#8221;.<br \/>\nDe to f\u00f8rste bind i ens udstyr er fine. Bogpapir og ryg lidt slidt, indvendigt rene og p\u00e6ne uden pletter.<br \/>\nDet tredje binder i en lidt anden indbinding, som er mere slidt. Der mangler en bid af ryggen \u00f8verst og falsen er revnet p\u00e5 bagsiden af ryggen. En del pletter og en skjold, som g\u00e5r igennem en del sider.<\/p>\n<p>S\u00e6ttet har tilh\u00f8rt Palle Lauring &#8211; stempel p\u00e5 titelbladet.<br \/>\nDet to f\u00f8rste bind har ogs\u00e5 tilh\u00f8rt Jacob Johannes Frisenberg.<br \/>\n&#8220;Tilh\u00f8rer Jacob Johannes Frisenberg, for\u00e6ret mig udi Wiborg 1820 af h.h. Biskop Bloch&#8221;.<br \/>\nDisse to bind er ogs\u00e5 stemplet V.St.B. (Viborg Stiftsbibliotek).<\/p>\n<div class=\"book-description short\"><\/div>\n","protected":false},"excerpt":{"rendered":"<p class=\"book-author\">V\u00e6rk i 3 dele\/bind Kj\u00f8behavn 1818 &#8211; 1822 &#8211; 332 + 378 +390 sider &#8211; Samtidige halvbind.<br \/>\nFordanske af N. F. S. Grundtvig. Udgivelsen af v\u00e6rket er &#8220;bekostet af Kr\u00f8nikens Danske og Norske Venner&#8221;.<br \/>\nDe to f\u00f8rste bind i ens udstyr er fine. Bogpapir og ryg lidt slidt, indvendigt rene og p\u00e6ne uden pletter.<br \/>\nDet tredje binder i en lidt anden indbinding, som er mere slidt. Der mangler en bid af ryggen \u00f8verst og falsen er revnet p\u00e5 bagsiden af ryggen. En del pletter og en skjold, som g\u00e5r igennem en del sider.<\/p>\n<p>S\u00e6ttet har tilh\u00f8rt historikeren Palle Lauring &#8211; stempel p\u00e5 titelbladet.<br \/>\nDet to f\u00f8rste bind har ogs\u00e5 tilh\u00f8rt Jacob Johannes Frisenberg.<br \/>\n&#8220;Tilh\u00f8rer Jacob Johannes Frisenberg, for\u00e6ret mig udi Wiborg 1820 af h.h. Biskop Bloch&#8221;.<br \/>\nDisse to bind er ogs\u00e5 stemplet V.St.B. (Viborg Stiftsbibliotek).<\/p>\n","protected":false},"featured_media":10161,"template":"","meta":[],"product_brand":[],"product_cat":[27,28,184],"product_tag":[764],"class_list":{"0":"post-10160","1":"product","2":"type-product","3":"status-publish","4":"has-post-thumbnail","6":"product_cat-boeger","7":"product_cat-fagboeger","8":"product_cat-historie","9":"product_tag-n-f-s-grundvig","11":"first","12":"instock","13":"shipping-taxable","14":"purchasable","15":"product-type-simple"},"yoast_head":"<!-- This site is optimized with the Yoast SEO Premium plugin v27.4 (Yoast SEO v27.5) - https:\/\/yoast.com\/product\/yoast-seo-premium-wordpress\/ -->\n<title>Norges Konge-Kr\u00f8nike Af Snorre Sturles\u00f8n (Sturlason) - B\u00f8ger og Ting<\/title>\n<meta name=\"description\" content=\"Norges Konge-Kr\u00f8nike Af Snorre Sturles\u00f8n (Sturlason).V\u00e6rk i 3 dele\/bind - Kj\u00f8behavn, 1818 - 1822 - Samtidige halvbind - P\u00e6n stand.\" \/>\n<meta name=\"robots\" content=\"index, follow, max-snippet:-1, max-image-preview:large, max-video-preview:-1\" \/>\n<link rel=\"canonical\" href=\"https:\/\/www.xn--bgerogting-0cb.dk\/index.php\/vare\/norges-konge-kroenike-af-snorre-sturlesoen-sturlason\/\" \/>\n<meta property=\"og:locale\" content=\"da_DK\" \/>\n<meta property=\"og:type\" content=\"article\" \/>\n<meta property=\"og:title\" content=\"Norges Konge-Kr\u00f8nike Af Snorre Sturles\u00f8n (Sturlason)\" \/>\n<meta property=\"og:description\" content=\"Norges Konge-Kr\u00f8nike Af Snorre Sturles\u00f8n (Sturlason).V\u00e6rk i 3 dele\/bind - Kj\u00f8behavn, 1818 - 1822 - Samtidige halvbind - P\u00e6n stand.\" \/>\n<meta property=\"og:url\" content=\"https:\/\/www.xn--bgerogting-0cb.dk\/index.php\/vare\/norges-konge-kroenike-af-snorre-sturlesoen-sturlason\/\" \/>\n<meta property=\"og:site_name\" content=\"B\u00f8ger og Ting\" \/>\n<meta property=\"article:publisher\" content=\"https:\/\/www.facebook.com\/boegerogting\/\" \/>\n<meta property=\"article:modified_time\" content=\"2022-05-09T19:05:18+00:00\" \/>\n<meta property=\"og:image\" content=\"https:\/\/www.xn--bgerogting-0cb.dk\/wp-content\/uploads\/2021\/05\/Norges-Konge-Kroenike-scaled.jpg\" \/>\n\t<meta property=\"og:image:width\" content=\"1920\" \/>\n\t<meta property=\"og:image:height\" content=\"1920\" \/>\n\t<meta property=\"og:image:type\" content=\"image\/jpeg\" \/>\n<meta name=\"twitter:card\" content=\"summary_large_image\" \/>\n<meta name=\"twitter:label1\" content=\"Pris\" \/>\n\t<meta name=\"twitter:data1\" content=\"kr.&nbsp;900,00\" \/>\n\t<meta name=\"twitter:label2\" content=\"Tilg\u00e6ngelighed\" \/>\n\t<meta name=\"twitter:data2\" content=\"P\u00e5 lager\" \/>\n<script type=\"application\/ld+json\" class=\"yoast-schema-graph\">{\"@context\":\"https:\\\/\\\/schema.org\",\"@graph\":[{\"@type\":\"WebPage\",\"@id\":\"https:\\\/\\\/www.xn--bgerogting-0cb.dk\\\/index.php\\\/vare\\\/norges-konge-kroenike-af-snorre-sturlesoen-sturlason\\\/\",\"url\":\"https:\\\/\\\/www.xn--bgerogting-0cb.dk\\\/index.php\\\/vare\\\/norges-konge-kroenike-af-snorre-sturlesoen-sturlason\\\/\",\"name\":\"Norges Konge-Kr\u00f8nike Af Snorre Sturles\u00f8n (Sturlason) - B\u00f8ger og Ting\",\"isPartOf\":{\"@id\":\"https:\\\/\\\/www.xn--bgerogting-0cb.dk\\\/#website\"},\"primaryImageOfPage\":{\"@id\":\"https:\\\/\\\/www.xn--bgerogting-0cb.dk\\\/index.php\\\/vare\\\/norges-konge-kroenike-af-snorre-sturlesoen-sturlason\\\/#primaryimage\"},\"image\":{\"@id\":\"https:\\\/\\\/www.xn--bgerogting-0cb.dk\\\/index.php\\\/vare\\\/norges-konge-kroenike-af-snorre-sturlesoen-sturlason\\\/#primaryimage\"},\"thumbnailUrl\":\"https:\\\/\\\/i0.wp.com\\\/www.xn--bgerogting-0cb.dk\\\/wp-content\\\/uploads\\\/2021\\\/05\\\/Norges-Konge-Kroenike-scaled.jpg?fit=1920%2C1920&ssl=1\",\"datePublished\":\"2021-05-15T12:54:59+00:00\",\"dateModified\":\"2022-05-09T19:05:18+00:00\",\"description\":\"Norges Konge-Kr\u00f8nike Af Snorre Sturles\u00f8n (Sturlason).V\u00e6rk i 3 dele\\\/bind - Kj\u00f8behavn, 1818 - 1822 - Samtidige halvbind - P\u00e6n stand.\",\"breadcrumb\":{\"@id\":\"https:\\\/\\\/www.xn--bgerogting-0cb.dk\\\/index.php\\\/vare\\\/norges-konge-kroenike-af-snorre-sturlesoen-sturlason\\\/#breadcrumb\"},\"inLanguage\":\"da-DK\",\"potentialAction\":[{\"@type\":\"ReadAction\",\"target\":[\"https:\\\/\\\/www.xn--bgerogting-0cb.dk\\\/index.php\\\/vare\\\/norges-konge-kroenike-af-snorre-sturlesoen-sturlason\\\/\"]}]},{\"@type\":\"ImageObject\",\"inLanguage\":\"da-DK\",\"@id\":\"https:\\\/\\\/www.xn--bgerogting-0cb.dk\\\/index.php\\\/vare\\\/norges-konge-kroenike-af-snorre-sturlesoen-sturlason\\\/#primaryimage\",\"url\":\"https:\\\/\\\/i0.wp.com\\\/www.xn--bgerogting-0cb.dk\\\/wp-content\\\/uploads\\\/2021\\\/05\\\/Norges-Konge-Kroenike-scaled.jpg?fit=1920%2C1920&ssl=1\",\"contentUrl\":\"https:\\\/\\\/i0.wp.com\\\/www.xn--bgerogting-0cb.dk\\\/wp-content\\\/uploads\\\/2021\\\/05\\\/Norges-Konge-Kroenike-scaled.jpg?fit=1920%2C1920&ssl=1\",\"width\":1920,\"height\":1920,\"caption\":\"Norges Konge-Kr\u00f8nike\"},{\"@type\":\"BreadcrumbList\",\"@id\":\"https:\\\/\\\/www.xn--bgerogting-0cb.dk\\\/index.php\\\/vare\\\/norges-konge-kroenike-af-snorre-sturlesoen-sturlason\\\/#breadcrumb\",\"itemListElement\":[{\"@type\":\"ListItem\",\"position\":1,\"name\":\"Home\",\"item\":\"https:\\\/\\\/www.xn--bgerogting-0cb.dk\\\/\"},{\"@type\":\"ListItem\",\"position\":2,\"name\":\"Butik\",\"item\":\"https:\\\/\\\/www.xn--bgerogting-0cb.dk\\\/index.php\\\/shop\\\/\"},{\"@type\":\"ListItem\",\"position\":3,\"name\":\"Norges Konge-Kr\u00f8nike Af Snorre Sturles\u00f8n (Sturlason)\"}]},{\"@type\":\"WebSite\",\"@id\":\"https:\\\/\\\/www.xn--bgerogting-0cb.dk\\\/#website\",\"url\":\"https:\\\/\\\/www.xn--bgerogting-0cb.dk\\\/\",\"name\":\"B\u00f8ger og Ting\",\"description\":\"Antikvarisk, retro, vintage og antik\",\"publisher\":{\"@id\":\"https:\\\/\\\/www.xn--bgerogting-0cb.dk\\\/#organization\"},\"potentialAction\":[{\"@type\":\"SearchAction\",\"target\":{\"@type\":\"EntryPoint\",\"urlTemplate\":\"https:\\\/\\\/www.xn--bgerogting-0cb.dk\\\/?s={search_term_string}\"},\"query-input\":{\"@type\":\"PropertyValueSpecification\",\"valueRequired\":true,\"valueName\":\"search_term_string\"}}],\"inLanguage\":\"da-DK\"},{\"@type\":\"Organization\",\"@id\":\"https:\\\/\\\/www.xn--bgerogting-0cb.dk\\\/#organization\",\"name\":\"B\u00f8ger og Ting\",\"url\":\"https:\\\/\\\/www.xn--bgerogting-0cb.dk\\\/\",\"logo\":{\"@type\":\"ImageObject\",\"inLanguage\":\"da-DK\",\"@id\":\"https:\\\/\\\/www.xn--bgerogting-0cb.dk\\\/#\\\/schema\\\/logo\\\/image\\\/\",\"url\":\"https:\\\/\\\/i0.wp.com\\\/www.xn--bgerogting-0cb.dk\\\/wp-content\\\/uploads\\\/2019\\\/10\\\/webicon.png?fit=205%2C205&ssl=1\",\"contentUrl\":\"https:\\\/\\\/i0.wp.com\\\/www.xn--bgerogting-0cb.dk\\\/wp-content\\\/uploads\\\/2019\\\/10\\\/webicon.png?fit=205%2C205&ssl=1\",\"width\":205,\"height\":205,\"caption\":\"B\u00f8ger og Ting\"},\"image\":{\"@id\":\"https:\\\/\\\/www.xn--bgerogting-0cb.dk\\\/#\\\/schema\\\/logo\\\/image\\\/\"},\"sameAs\":[\"https:\\\/\\\/www.facebook.com\\\/boegerogting\\\/\",\"https:\\\/\\\/www.instagram.com\\\/bogerogting\\\/\"]}]}<\/script>\n<meta property=\"product:price:amount\" content=\"900.00\" \/>\n<meta property=\"product:price:currency\" content=\"DKK\" \/>\n<meta property=\"og:availability\" content=\"instock\" \/>\n<meta property=\"product:availability\" content=\"instock\" \/>\n<meta property=\"product:retailer_item_id\" content=\"6166\" \/>\n<meta property=\"product:condition\" content=\"new\" \/>\n<!-- \/ Yoast SEO Premium plugin. -->","yoast_head_json":{"title":"Norges Konge-Kr\u00f8nike Af Snorre Sturles\u00f8n (Sturlason) - B\u00f8ger og Ting","description":"Norges Konge-Kr\u00f8nike Af Snorre Sturles\u00f8n (Sturlason).V\u00e6rk i 3 dele\/bind - Kj\u00f8behavn, 1818 - 1822 - Samtidige halvbind - P\u00e6n stand.","robots":{"index":"index","follow":"follow","max-snippet":"max-snippet:-1","max-image-preview":"max-image-preview:large","max-video-preview":"max-video-preview:-1"},"canonical":"https:\/\/www.xn--bgerogting-0cb.dk\/index.php\/vare\/norges-konge-kroenike-af-snorre-sturlesoen-sturlason\/","og_locale":"da_DK","og_type":"article","og_title":"Norges Konge-Kr\u00f8nike Af Snorre Sturles\u00f8n (Sturlason)","og_description":"Norges Konge-Kr\u00f8nike Af Snorre Sturles\u00f8n (Sturlason).V\u00e6rk i 3 dele\/bind - Kj\u00f8behavn, 1818 - 1822 - Samtidige halvbind - P\u00e6n stand.","og_url":"https:\/\/www.xn--bgerogting-0cb.dk\/index.php\/vare\/norges-konge-kroenike-af-snorre-sturlesoen-sturlason\/","og_site_name":"B\u00f8ger og Ting","article_publisher":"https:\/\/www.facebook.com\/boegerogting\/","article_modified_time":"2022-05-09T19:05:18+00:00","og_image":[{"width":1920,"height":1920,"url":"https:\/\/www.xn--bgerogting-0cb.dk\/wp-content\/uploads\/2021\/05\/Norges-Konge-Kroenike-scaled.jpg","type":"image\/jpeg"}],"twitter_card":"summary_large_image","twitter_misc":{"Pris":"kr.&nbsp;900,00","Tilg\u00e6ngelighed":"P\u00e5 lager"},"schema":{"@context":"https:\/\/schema.org","@graph":[{"@type":"WebPage","@id":"https:\/\/www.xn--bgerogting-0cb.dk\/index.php\/vare\/norges-konge-kroenike-af-snorre-sturlesoen-sturlason\/","url":"https:\/\/www.xn--bgerogting-0cb.dk\/index.php\/vare\/norges-konge-kroenike-af-snorre-sturlesoen-sturlason\/","name":"Norges Konge-Kr\u00f8nike Af Snorre Sturles\u00f8n (Sturlason) - B\u00f8ger og Ting","isPartOf":{"@id":"https:\/\/www.xn--bgerogting-0cb.dk\/#website"},"primaryImageOfPage":{"@id":"https:\/\/www.xn--bgerogting-0cb.dk\/index.php\/vare\/norges-konge-kroenike-af-snorre-sturlesoen-sturlason\/#primaryimage"},"image":{"@id":"https:\/\/www.xn--bgerogting-0cb.dk\/index.php\/vare\/norges-konge-kroenike-af-snorre-sturlesoen-sturlason\/#primaryimage"},"thumbnailUrl":"https:\/\/i0.wp.com\/www.xn--bgerogting-0cb.dk\/wp-content\/uploads\/2021\/05\/Norges-Konge-Kroenike-scaled.jpg?fit=1920%2C1920&ssl=1","datePublished":"2021-05-15T12:54:59+00:00","dateModified":"2022-05-09T19:05:18+00:00","description":"Norges Konge-Kr\u00f8nike Af Snorre Sturles\u00f8n (Sturlason).V\u00e6rk i 3 dele\/bind - Kj\u00f8behavn, 1818 - 1822 - Samtidige halvbind - P\u00e6n stand.","breadcrumb":{"@id":"https:\/\/www.xn--bgerogting-0cb.dk\/index.php\/vare\/norges-konge-kroenike-af-snorre-sturlesoen-sturlason\/#breadcrumb"},"inLanguage":"da-DK","potentialAction":[{"@type":"ReadAction","target":["https:\/\/www.xn--bgerogting-0cb.dk\/index.php\/vare\/norges-konge-kroenike-af-snorre-sturlesoen-sturlason\/"]}]},{"@type":"ImageObject","inLanguage":"da-DK","@id":"https:\/\/www.xn--bgerogting-0cb.dk\/index.php\/vare\/norges-konge-kroenike-af-snorre-sturlesoen-sturlason\/#primaryimage","url":"https:\/\/i0.wp.com\/www.xn--bgerogting-0cb.dk\/wp-content\/uploads\/2021\/05\/Norges-Konge-Kroenike-scaled.jpg?fit=1920%2C1920&ssl=1","contentUrl":"https:\/\/i0.wp.com\/www.xn--bgerogting-0cb.dk\/wp-content\/uploads\/2021\/05\/Norges-Konge-Kroenike-scaled.jpg?fit=1920%2C1920&ssl=1","width":1920,"height":1920,"caption":"Norges Konge-Kr\u00f8nike"},{"@type":"BreadcrumbList","@id":"https:\/\/www.xn--bgerogting-0cb.dk\/index.php\/vare\/norges-konge-kroenike-af-snorre-sturlesoen-sturlason\/#breadcrumb","itemListElement":[{"@type":"ListItem","position":1,"name":"Home","item":"https:\/\/www.xn--bgerogting-0cb.dk\/"},{"@type":"ListItem","position":2,"name":"Butik","item":"https:\/\/www.xn--bgerogting-0cb.dk\/index.php\/shop\/"},{"@type":"ListItem","position":3,"name":"Norges Konge-Kr\u00f8nike Af Snorre Sturles\u00f8n (Sturlason)"}]},{"@type":"WebSite","@id":"https:\/\/www.xn--bgerogting-0cb.dk\/#website","url":"https:\/\/www.xn--bgerogting-0cb.dk\/","name":"B\u00f8ger og Ting","description":"Antikvarisk, retro, vintage og antik","publisher":{"@id":"https:\/\/www.xn--bgerogting-0cb.dk\/#organization"},"potentialAction":[{"@type":"SearchAction","target":{"@type":"EntryPoint","urlTemplate":"https:\/\/www.xn--bgerogting-0cb.dk\/?s={search_term_string}"},"query-input":{"@type":"PropertyValueSpecification","valueRequired":true,"valueName":"search_term_string"}}],"inLanguage":"da-DK"},{"@type":"Organization","@id":"https:\/\/www.xn--bgerogting-0cb.dk\/#organization","name":"B\u00f8ger og Ting","url":"https:\/\/www.xn--bgerogting-0cb.dk\/","logo":{"@type":"ImageObject","inLanguage":"da-DK","@id":"https:\/\/www.xn--bgerogting-0cb.dk\/#\/schema\/logo\/image\/","url":"https:\/\/i0.wp.com\/www.xn--bgerogting-0cb.dk\/wp-content\/uploads\/2019\/10\/webicon.png?fit=205%2C205&ssl=1","contentUrl":"https:\/\/i0.wp.com\/www.xn--bgerogting-0cb.dk\/wp-content\/uploads\/2019\/10\/webicon.png?fit=205%2C205&ssl=1","width":205,"height":205,"caption":"B\u00f8ger og Ting"},"image":{"@id":"https:\/\/www.xn--bgerogting-0cb.dk\/#\/schema\/logo\/image\/"},"sameAs":["https:\/\/www.facebook.com\/boegerogting\/","https:\/\/www.instagram.com\/bogerogting\/"]}]},"product_price_amount":"900.00","product_price_currency":"DKK","og_availability":"instock","product_availability":"instock","product_retailer_item_id":"6166","product_condition":"new"},"jetpack_sharing_enabled":true,"_links":{"self":[{"href":"https:\/\/www.xn--bgerogting-0cb.dk\/index.php\/wp-json\/wp\/v2\/product\/10160","targetHints":{"allow":["GET"]}}],"collection":[{"href":"https:\/\/www.xn--bgerogting-0cb.dk\/index.php\/wp-json\/wp\/v2\/product"}],"about":[{"href":"https:\/\/www.xn--bgerogting-0cb.dk\/index.php\/wp-json\/wp\/v2\/types\/product"}],"wp:featuredmedia":[{"embeddable":true,"href":"https:\/\/www.xn--bgerogting-0cb.dk\/index.php\/wp-json\/wp\/v2\/media\/10161"}],"wp:attachment":[{"href":"https:\/\/www.xn--bgerogting-0cb.dk\/index.php\/wp-json\/wp\/v2\/media?parent=10160"}],"wp:term":[{"taxonomy":"product_brand","embeddable":true,"href":"https:\/\/www.xn--bgerogting-0cb.dk\/index.php\/wp-json\/wp\/v2\/product_brand?post=10160"},{"taxonomy":"product_cat","embeddable":true,"href":"https:\/\/www.xn--bgerogting-0cb.dk\/index.php\/wp-json\/wp\/v2\/product_cat?post=10160"},{"taxonomy":"product_tag","embeddable":true,"href":"https:\/\/www.xn--bgerogting-0cb.dk\/index.php\/wp-json\/wp\/v2\/product_tag?post=10160"}],"curies":[{"name":"wp","href":"https:\/\/api.w.org\/{rel}","templated":true}]}}