{"id":163,"date":"2018-08-05T14:05:15","date_gmt":"2018-08-05T12:05:15","guid":{"rendered":"https:\/\/www.boegerogting.dk\/?page_id=163"},"modified":"2025-09-27T10:20:21","modified_gmt":"2025-09-27T08:20:21","slug":"levering","status":"publish","type":"page","link":"https:\/\/www.xn--bgerogting-0cb.dk\/index.php\/levering\/","title":{"rendered":"Forsendelse"},"content":{"rendered":"\n<div class=\"wp-block-columns is-layout-flex wp-container-core-columns-is-layout-28f84493 wp-block-columns-is-layout-flex\">\n<div class=\"wp-block-column is-layout-flow wp-block-column-is-layout-flow\" style=\"flex-basis:51%\">\n<p>Pakker sendes med GLS med afhentning i pakkeshop. Forsendesen koster fra 50 kr. afh\u00e6ngig af v\u00e6gt. <br> B\u00e5de af hensyn til milj\u00f8et og for at holde omkostningerne nede bruges der s\u00e5 vidt muligt genbrugsmaterialer til pakning og forsendelse.<\/p>\n\n\n\n<h3 class=\"wp-block-heading\" id=\"h-ved-afhentning\">Ved afhentning<\/h3>\n\n\n\n<p>N\u00e5r man k\u00f8ber en vare, kan man v\u00e6lge at afhente varen i butikken p\u00e5 adressen: <br>Gren\u00e5vej 776, L\u00f8gten, 8541 Sk\u00f8dstrup. <\/p>\n\n\n\n<p>Ring eller send en mail, s\u00e5 vi kan lave en aftale, hvis du ikke kan hente i \u00e5bningstiden.<\/p>\n<\/div>\n\n\n\n<div class=\"wp-block-column is-layout-flow wp-block-column-is-layout-flow\" style=\"flex-basis:49%\">\n<figure class=\"wp-block-image size-large\"><img data-recalc-dims=\"1\" loading=\"lazy\" decoding=\"async\" width=\"800\" height=\"542\" data-attachment-id=\"3729\" data-permalink=\"https:\/\/www.xn--bgerogting-0cb.dk\/index.php\/levering\/pakker-til-forsendelse\/\" data-orig-file=\"https:\/\/i0.wp.com\/www.xn--bgerogting-0cb.dk\/wp-content\/uploads\/2019\/12\/pakker-til-forsendelse.png?fit=800%2C542&amp;ssl=1\" data-orig-size=\"800,542\" data-comments-opened=\"1\" data-image-meta=\"{&quot;aperture&quot;:&quot;0&quot;,&quot;credit&quot;:&quot;&quot;,&quot;camera&quot;:&quot;&quot;,&quot;caption&quot;:&quot;&quot;,&quot;created_timestamp&quot;:&quot;0&quot;,&quot;copyright&quot;:&quot;&quot;,&quot;focal_length&quot;:&quot;0&quot;,&quot;iso&quot;:&quot;0&quot;,&quot;shutter_speed&quot;:&quot;0&quot;,&quot;title&quot;:&quot;&quot;,&quot;orientation&quot;:&quot;0&quot;}\" data-image-title=\"pakker-til-forsendelse\" data-image-description=\"\" data-image-caption=\"\" data-large-file=\"https:\/\/i0.wp.com\/www.xn--bgerogting-0cb.dk\/wp-content\/uploads\/2019\/12\/pakker-til-forsendelse.png?fit=800%2C542&amp;ssl=1\" src=\"https:\/\/i0.wp.com\/www.xn--bgerogting-0cb.dk\/wp-content\/uploads\/2019\/12\/pakker-til-forsendelse.png?resize=800%2C542&#038;ssl=1\" alt=\"\" class=\"wp-image-3729\" srcset=\"https:\/\/i0.wp.com\/www.xn--bgerogting-0cb.dk\/wp-content\/uploads\/2019\/12\/pakker-til-forsendelse.png?w=800&amp;ssl=1 800w, https:\/\/i0.wp.com\/www.xn--bgerogting-0cb.dk\/wp-content\/uploads\/2019\/12\/pakker-til-forsendelse.png?resize=300%2C203&amp;ssl=1 300w, https:\/\/i0.wp.com\/www.xn--bgerogting-0cb.dk\/wp-content\/uploads\/2019\/12\/pakker-til-forsendelse.png?resize=768%2C520&amp;ssl=1 768w, https:\/\/i0.wp.com\/www.xn--bgerogting-0cb.dk\/wp-content\/uploads\/2019\/12\/pakker-til-forsendelse.png?resize=416%2C282&amp;ssl=1 416w\" sizes=\"auto, (max-width: 800px) 100vw, 800px\" \/><\/figure>\n<\/div>\n<\/div>\n\n\n\n<h3 class=\"wp-block-heading\" id=\"h-faq-om-forsendelse\">FAQ: Om forsendelse<\/h3>\n\n\n\n<h4 class=\"wp-block-heading\" id=\"h-hvordan-er-tingene-pakket-ind\"><strong>Hvordan er tingene pakket ind?<\/strong><\/h4>\n\n\n\n<p>B\u00e5de af hensyn til milj\u00f8et og for at holde omkostningerne nede bruges der s\u00e5 vidt muligt genbrugsmaterialer til pakning og forsendelse. Jeg v\u00e6lger altid en l\u00f8sning der beskytter varen og g\u00f8r varen s\u00e5 let s\u00e5 mulig, s\u00e5 forsendelsesomkostningerne kan holdes nede for dig.<br><br><strong>Hvad nu hvis jeg gerne vil spare fragten?<\/strong><\/p>\n\n\n\n<p>Du er altid velkommen til at hente din pakke hos B\u00f8ger &amp; Ting i L\u00f8gten ved Aarhus, du skal blot v\u00e6lge Afhentning ved betaling. S\u00e5 er det helt gratis. Ring eller send en mail, s\u00e5 aftaler vi et tidspunkt der passer.&nbsp;<\/p>\n\n\n\n<h4 class=\"wp-block-heading\" id=\"h-do-you-ship-internationally\">Do you ship internationally?<\/h4>\n\n\n\n<p><strong>Please choose &#8220;Hent selv i L\u00f8gten&#8221; and contact me.<\/strong><br>We will discuss how best to send the package to your address. B\u00f8ger &amp; Ting ships within the EU but shipping rates varies depending on location and weight of the package, so we do not have a set rate.<\/p>\n","protected":false},"excerpt":{"rendered":"<p>Pakker sendes med GLS med afhentning i pakkeshop. Forsendesen koster fra 50 kr. afh\u00e6ngig af v\u00e6gt. B\u00e5de af hensyn til milj\u00f8et og for at holde omkostningerne nede bruges der s\u00e5 vidt muligt genbrugsmaterialer til pakning og forsendelse. Ved afhentning N\u00e5r man k\u00f8ber en vare, kan man v\u00e6lge at afhente varen i butikken p\u00e5 adressen: Gren\u00e5vej [&hellip;]<\/p>\n","protected":false},"author":1,"featured_media":0,"parent":0,"menu_order":0,"comment_status":"closed","ping_status":"closed","template":"","meta":{"footnotes":""},"class_list":["post-163","page","type-page","status-publish","hentry"],"yoast_head":"<!-- This site is optimized with the Yoast SEO Premium plugin v27.4 (Yoast SEO v27.5) - https:\/\/yoast.com\/product\/yoast-seo-premium-wordpress\/ -->\n<title>Forsendelse - B\u00f8ger og Ting<\/title>\n<meta name=\"robots\" content=\"index, follow, max-snippet:-1, max-image-preview:large, max-video-preview:-1\" \/>\n<link rel=\"canonical\" href=\"https:\/\/www.xn--bgerogting-0cb.dk\/index.php\/levering\/\" \/>\n<meta property=\"og:locale\" content=\"da_DK\" \/>\n<meta property=\"og:type\" content=\"article\" \/>\n<meta property=\"og:title\" content=\"Forsendelse\" \/>\n<meta property=\"og:description\" content=\"Pakker sendes med GLS med afhentning i pakkeshop. Forsendesen koster fra 50 kr. afh\u00e6ngig af v\u00e6gt. B\u00e5de af hensyn til milj\u00f8et og for at holde omkostningerne nede bruges der s\u00e5 vidt muligt genbrugsmaterialer til pakning og forsendelse. Ved afhentning N\u00e5r man k\u00f8ber en vare, kan man v\u00e6lge at afhente varen i butikken p\u00e5 adressen: Gren\u00e5vej [&hellip;]\" \/>\n<meta property=\"og:url\" content=\"https:\/\/www.xn--bgerogting-0cb.dk\/index.php\/levering\/\" \/>\n<meta property=\"og:site_name\" content=\"B\u00f8ger og Ting\" \/>\n<meta property=\"article:publisher\" content=\"https:\/\/www.facebook.com\/boegerogting\/\" \/>\n<meta property=\"article:modified_time\" content=\"2025-09-27T08:20:21+00:00\" \/>\n<meta property=\"og:image\" content=\"https:\/\/www.xn--bgerogting-0cb.dk\/wp-content\/uploads\/2019\/12\/pakker-til-forsendelse.png\" \/>\n<meta name=\"twitter:card\" content=\"summary_large_image\" \/>\n<meta name=\"twitter:label1\" content=\"Estimeret l\u00e6setid\" \/>\n\t<meta name=\"twitter:data1\" content=\"2 minutter\" \/>\n<script type=\"application\/ld+json\" class=\"yoast-schema-graph\">{\"@context\":\"https:\\\/\\\/schema.org\",\"@graph\":[{\"@type\":\"WebPage\",\"@id\":\"https:\\\/\\\/www.xn--bgerogting-0cb.dk\\\/index.php\\\/levering\\\/\",\"url\":\"https:\\\/\\\/www.xn--bgerogting-0cb.dk\\\/index.php\\\/levering\\\/\",\"name\":\"Forsendelse - B\u00f8ger og Ting\",\"isPartOf\":{\"@id\":\"https:\\\/\\\/www.xn--bgerogting-0cb.dk\\\/#website\"},\"primaryImageOfPage\":{\"@id\":\"https:\\\/\\\/www.xn--bgerogting-0cb.dk\\\/index.php\\\/levering\\\/#primaryimage\"},\"image\":{\"@id\":\"https:\\\/\\\/www.xn--bgerogting-0cb.dk\\\/index.php\\\/levering\\\/#primaryimage\"},\"thumbnailUrl\":\"https:\\\/\\\/www.xn--bgerogting-0cb.dk\\\/wp-content\\\/uploads\\\/2019\\\/12\\\/pakker-til-forsendelse.png\",\"datePublished\":\"2018-08-05T12:05:15+00:00\",\"dateModified\":\"2025-09-27T08:20:21+00:00\",\"breadcrumb\":{\"@id\":\"https:\\\/\\\/www.xn--bgerogting-0cb.dk\\\/index.php\\\/levering\\\/#breadcrumb\"},\"inLanguage\":\"da-DK\",\"potentialAction\":[{\"@type\":\"ReadAction\",\"target\":[\"https:\\\/\\\/www.xn--bgerogting-0cb.dk\\\/index.php\\\/levering\\\/\"]}]},{\"@type\":\"ImageObject\",\"inLanguage\":\"da-DK\",\"@id\":\"https:\\\/\\\/www.xn--bgerogting-0cb.dk\\\/index.php\\\/levering\\\/#primaryimage\",\"url\":\"https:\\\/\\\/i0.wp.com\\\/www.xn--bgerogting-0cb.dk\\\/wp-content\\\/uploads\\\/2019\\\/12\\\/pakker-til-forsendelse.png?fit=800%2C542&ssl=1\",\"contentUrl\":\"https:\\\/\\\/i0.wp.com\\\/www.xn--bgerogting-0cb.dk\\\/wp-content\\\/uploads\\\/2019\\\/12\\\/pakker-til-forsendelse.png?fit=800%2C542&ssl=1\",\"width\":800,\"height\":542},{\"@type\":\"BreadcrumbList\",\"@id\":\"https:\\\/\\\/www.xn--bgerogting-0cb.dk\\\/index.php\\\/levering\\\/#breadcrumb\",\"itemListElement\":[{\"@type\":\"ListItem\",\"position\":1,\"name\":\"Home\",\"item\":\"https:\\\/\\\/www.xn--bgerogting-0cb.dk\\\/\"},{\"@type\":\"ListItem\",\"position\":2,\"name\":\"Forsendelse\"}]},{\"@type\":\"WebSite\",\"@id\":\"https:\\\/\\\/www.xn--bgerogting-0cb.dk\\\/#website\",\"url\":\"https:\\\/\\\/www.xn--bgerogting-0cb.dk\\\/\",\"name\":\"B\u00f8ger og Ting\",\"description\":\"Antikvarisk, retro, vintage og antik\",\"publisher\":{\"@id\":\"https:\\\/\\\/www.xn--bgerogting-0cb.dk\\\/#organization\"},\"potentialAction\":[{\"@type\":\"SearchAction\",\"target\":{\"@type\":\"EntryPoint\",\"urlTemplate\":\"https:\\\/\\\/www.xn--bgerogting-0cb.dk\\\/?s={search_term_string}\"},\"query-input\":{\"@type\":\"PropertyValueSpecification\",\"valueRequired\":true,\"valueName\":\"search_term_string\"}}],\"inLanguage\":\"da-DK\"},{\"@type\":\"Organization\",\"@id\":\"https:\\\/\\\/www.xn--bgerogting-0cb.dk\\\/#organization\",\"name\":\"B\u00f8ger og Ting\",\"url\":\"https:\\\/\\\/www.xn--bgerogting-0cb.dk\\\/\",\"logo\":{\"@type\":\"ImageObject\",\"inLanguage\":\"da-DK\",\"@id\":\"https:\\\/\\\/www.xn--bgerogting-0cb.dk\\\/#\\\/schema\\\/logo\\\/image\\\/\",\"url\":\"https:\\\/\\\/i0.wp.com\\\/www.xn--bgerogting-0cb.dk\\\/wp-content\\\/uploads\\\/2019\\\/10\\\/webicon.png?fit=205%2C205&ssl=1\",\"contentUrl\":\"https:\\\/\\\/i0.wp.com\\\/www.xn--bgerogting-0cb.dk\\\/wp-content\\\/uploads\\\/2019\\\/10\\\/webicon.png?fit=205%2C205&ssl=1\",\"width\":205,\"height\":205,\"caption\":\"B\u00f8ger og Ting\"},\"image\":{\"@id\":\"https:\\\/\\\/www.xn--bgerogting-0cb.dk\\\/#\\\/schema\\\/logo\\\/image\\\/\"},\"sameAs\":[\"https:\\\/\\\/www.facebook.com\\\/boegerogting\\\/\",\"https:\\\/\\\/www.instagram.com\\\/bogerogting\\\/\"]}]}<\/script>\n<!-- \/ Yoast SEO Premium plugin. -->","yoast_head_json":{"title":"Forsendelse - B\u00f8ger og Ting","robots":{"index":"index","follow":"follow","max-snippet":"max-snippet:-1","max-image-preview":"max-image-preview:large","max-video-preview":"max-video-preview:-1"},"canonical":"https:\/\/www.xn--bgerogting-0cb.dk\/index.php\/levering\/","og_locale":"da_DK","og_type":"article","og_title":"Forsendelse","og_description":"Pakker sendes med GLS med afhentning i pakkeshop. Forsendesen koster fra 50 kr. afh\u00e6ngig af v\u00e6gt. B\u00e5de af hensyn til milj\u00f8et og for at holde omkostningerne nede bruges der s\u00e5 vidt muligt genbrugsmaterialer til pakning og forsendelse. Ved afhentning N\u00e5r man k\u00f8ber en vare, kan man v\u00e6lge at afhente varen i butikken p\u00e5 adressen: Gren\u00e5vej [&hellip;]","og_url":"https:\/\/www.xn--bgerogting-0cb.dk\/index.php\/levering\/","og_site_name":"B\u00f8ger og Ting","article_publisher":"https:\/\/www.facebook.com\/boegerogting\/","article_modified_time":"2025-09-27T08:20:21+00:00","og_image":[{"url":"https:\/\/www.xn--bgerogting-0cb.dk\/wp-content\/uploads\/2019\/12\/pakker-til-forsendelse.png","type":"","width":"","height":""}],"twitter_card":"summary_large_image","twitter_misc":{"Estimeret l\u00e6setid":"2 minutter"},"schema":{"@context":"https:\/\/schema.org","@graph":[{"@type":"WebPage","@id":"https:\/\/www.xn--bgerogting-0cb.dk\/index.php\/levering\/","url":"https:\/\/www.xn--bgerogting-0cb.dk\/index.php\/levering\/","name":"Forsendelse - B\u00f8ger og Ting","isPartOf":{"@id":"https:\/\/www.xn--bgerogting-0cb.dk\/#website"},"primaryImageOfPage":{"@id":"https:\/\/www.xn--bgerogting-0cb.dk\/index.php\/levering\/#primaryimage"},"image":{"@id":"https:\/\/www.xn--bgerogting-0cb.dk\/index.php\/levering\/#primaryimage"},"thumbnailUrl":"https:\/\/www.xn--bgerogting-0cb.dk\/wp-content\/uploads\/2019\/12\/pakker-til-forsendelse.png","datePublished":"2018-08-05T12:05:15+00:00","dateModified":"2025-09-27T08:20:21+00:00","breadcrumb":{"@id":"https:\/\/www.xn--bgerogting-0cb.dk\/index.php\/levering\/#breadcrumb"},"inLanguage":"da-DK","potentialAction":[{"@type":"ReadAction","target":["https:\/\/www.xn--bgerogting-0cb.dk\/index.php\/levering\/"]}]},{"@type":"ImageObject","inLanguage":"da-DK","@id":"https:\/\/www.xn--bgerogting-0cb.dk\/index.php\/levering\/#primaryimage","url":"https:\/\/i0.wp.com\/www.xn--bgerogting-0cb.dk\/wp-content\/uploads\/2019\/12\/pakker-til-forsendelse.png?fit=800%2C542&ssl=1","contentUrl":"https:\/\/i0.wp.com\/www.xn--bgerogting-0cb.dk\/wp-content\/uploads\/2019\/12\/pakker-til-forsendelse.png?fit=800%2C542&ssl=1","width":800,"height":542},{"@type":"BreadcrumbList","@id":"https:\/\/www.xn--bgerogting-0cb.dk\/index.php\/levering\/#breadcrumb","itemListElement":[{"@type":"ListItem","position":1,"name":"Home","item":"https:\/\/www.xn--bgerogting-0cb.dk\/"},{"@type":"ListItem","position":2,"name":"Forsendelse"}]},{"@type":"WebSite","@id":"https:\/\/www.xn--bgerogting-0cb.dk\/#website","url":"https:\/\/www.xn--bgerogting-0cb.dk\/","name":"B\u00f8ger og Ting","description":"Antikvarisk, retro, vintage og antik","publisher":{"@id":"https:\/\/www.xn--bgerogting-0cb.dk\/#organization"},"potentialAction":[{"@type":"SearchAction","target":{"@type":"EntryPoint","urlTemplate":"https:\/\/www.xn--bgerogting-0cb.dk\/?s={search_term_string}"},"query-input":{"@type":"PropertyValueSpecification","valueRequired":true,"valueName":"search_term_string"}}],"inLanguage":"da-DK"},{"@type":"Organization","@id":"https:\/\/www.xn--bgerogting-0cb.dk\/#organization","name":"B\u00f8ger og Ting","url":"https:\/\/www.xn--bgerogting-0cb.dk\/","logo":{"@type":"ImageObject","inLanguage":"da-DK","@id":"https:\/\/www.xn--bgerogting-0cb.dk\/#\/schema\/logo\/image\/","url":"https:\/\/i0.wp.com\/www.xn--bgerogting-0cb.dk\/wp-content\/uploads\/2019\/10\/webicon.png?fit=205%2C205&ssl=1","contentUrl":"https:\/\/i0.wp.com\/www.xn--bgerogting-0cb.dk\/wp-content\/uploads\/2019\/10\/webicon.png?fit=205%2C205&ssl=1","width":205,"height":205,"caption":"B\u00f8ger og Ting"},"image":{"@id":"https:\/\/www.xn--bgerogting-0cb.dk\/#\/schema\/logo\/image\/"},"sameAs":["https:\/\/www.facebook.com\/boegerogting\/","https:\/\/www.instagram.com\/bogerogting\/"]}]}},"jetpack_sharing_enabled":true,"_links":{"self":[{"href":"https:\/\/www.xn--bgerogting-0cb.dk\/index.php\/wp-json\/wp\/v2\/pages\/163","targetHints":{"allow":["GET"]}}],"collection":[{"href":"https:\/\/www.xn--bgerogting-0cb.dk\/index.php\/wp-json\/wp\/v2\/pages"}],"about":[{"href":"https:\/\/www.xn--bgerogting-0cb.dk\/index.php\/wp-json\/wp\/v2\/types\/page"}],"author":[{"embeddable":true,"href":"https:\/\/www.xn--bgerogting-0cb.dk\/index.php\/wp-json\/wp\/v2\/users\/1"}],"replies":[{"embeddable":true,"href":"https:\/\/www.xn--bgerogting-0cb.dk\/index.php\/wp-json\/wp\/v2\/comments?post=163"}],"version-history":[{"count":16,"href":"https:\/\/www.xn--bgerogting-0cb.dk\/index.php\/wp-json\/wp\/v2\/pages\/163\/revisions"}],"predecessor-version":[{"id":17907,"href":"https:\/\/www.xn--bgerogting-0cb.dk\/index.php\/wp-json\/wp\/v2\/pages\/163\/revisions\/17907"}],"wp:attachment":[{"href":"https:\/\/www.xn--bgerogting-0cb.dk\/index.php\/wp-json\/wp\/v2\/media?parent=163"}],"curies":[{"name":"wp","href":"https:\/\/api.w.org\/{rel}","templated":true}]}}