{"id":11,"date":"2017-08-30T02:38:17","date_gmt":"2017-08-30T01:38:17","guid":{"rendered":"https:\/\/house-painter.wpin1.1prod.one\/?page_id=11"},"modified":"2022-09-08T19:56:11","modified_gmt":"2022-09-08T17:56:11","slug":"about-me","status":"publish","type":"page","link":"https:\/\/www.xn--bgerogting-0cb.dk\/index.php\/about-me\/","title":{"rendered":"Om B\u00f8ger og Ting"},"content":{"rendered":"\n<div class=\"wp-block-media-text is-stacked-on-mobile has-luminous-vivid-amber-background-color has-background\" style=\"grid-template-columns:46% auto\"><figure class=\"wp-block-media-text__media\"><img data-recalc-dims=\"1\" loading=\"lazy\" decoding=\"async\" width=\"600\" height=\"256\" data-attachment-id=\"3457\" data-permalink=\"https:\/\/www.xn--bgerogting-0cb.dk\/index.php\/forside\/antikviteter-te-og-boeger\/\" data-orig-file=\"https:\/\/i0.wp.com\/www.xn--bgerogting-0cb.dk\/wp-content\/uploads\/2019\/12\/Antikviteter-te-og-b%C3%B8ger.png?fit=600%2C256&amp;ssl=1\" data-orig-size=\"600,256\" data-comments-opened=\"1\" data-image-meta=\"{&quot;aperture&quot;:&quot;0&quot;,&quot;credit&quot;:&quot;&quot;,&quot;camera&quot;:&quot;&quot;,&quot;caption&quot;:&quot;&quot;,&quot;created_timestamp&quot;:&quot;0&quot;,&quot;copyright&quot;:&quot;&quot;,&quot;focal_length&quot;:&quot;0&quot;,&quot;iso&quot;:&quot;0&quot;,&quot;shutter_speed&quot;:&quot;0&quot;,&quot;title&quot;:&quot;&quot;,&quot;orientation&quot;:&quot;0&quot;}\" data-image-title=\"B\u00f8ger og Ting &amp;#8211; forsidebillede\" data-image-description=\"&lt;p&gt;Samling af smukke antikviteter, b\u00f8ger, tekopper og andre vintage og retroting&lt;\/p&gt;\n\" data-image-caption=\"\" data-large-file=\"https:\/\/i0.wp.com\/www.xn--bgerogting-0cb.dk\/wp-content\/uploads\/2019\/12\/Antikviteter-te-og-b%C3%B8ger.png?fit=600%2C256&amp;ssl=1\" src=\"https:\/\/i0.wp.com\/www.xn--bgerogting-0cb.dk\/wp-content\/uploads\/2019\/12\/Antikviteter-te-og-b%C3%B8ger.png?resize=600%2C256&#038;ssl=1\" alt=\"Samling af smukke antikviteter, b\u00f8ger, tekopper og andre vintage og retroting\" class=\"wp-image-3457 size-full\" srcset=\"https:\/\/i0.wp.com\/www.xn--bgerogting-0cb.dk\/wp-content\/uploads\/2019\/12\/Antikviteter-te-og-b%C3%B8ger.png?w=600&amp;ssl=1 600w, https:\/\/i0.wp.com\/www.xn--bgerogting-0cb.dk\/wp-content\/uploads\/2019\/12\/Antikviteter-te-og-b%C3%B8ger.png?resize=300%2C128&amp;ssl=1 300w, https:\/\/i0.wp.com\/www.xn--bgerogting-0cb.dk\/wp-content\/uploads\/2019\/12\/Antikviteter-te-og-b%C3%B8ger.png?resize=416%2C177&amp;ssl=1 416w\" sizes=\"auto, (max-width: 600px) 100vw, 600px\" \/><\/figure><div class=\"wp-block-media-text__content\">\n<h2 class=\"has-very-dark-gray-color has-text-color wp-block-heading\" id=\"h-boger-ting-antikvariske-boger-antikviteter-retro-og-vintageting\">B\u00f8ger &amp; Ting \u2013 antikvariske b\u00f8ger,  antikviteter, retro- og vintageting<\/h2>\n<\/div><\/div>\n\n\n\n<div style=\"height:24px\" aria-hidden=\"true\" class=\"wp-block-spacer\"><\/div>\n\n\n\n<h3 class=\"wp-block-heading\" id=\"h-noget-af-det-du-kan-finde-i-boger-og-ting-og-pa-denne-hjemmeside\">Noget af det, du kan finde i B\u00f8ger og Ting og p\u00e5 denne hjemmeside \u2026<\/h3>\n\n\n\n<ul class=\"wp-block-list\"><li>Alletiders b\u00f8rneb\u00f8ger \u2013 de b\u00f8ger du elskede, hvad enten du var barn i 60\u2019erne, 70\u2019erne eller 80\u2019erne eller f\u00f8r.<\/li><li>B\u00f8ger om og af de bedste danske illustratorer: Sikker Hansen, Ib Andersen, Arne Ugermann, Ebbe Sadolin&#8230;<\/li><li>Specielle, smukke og dekorative b\u00f8ger, du kan l\u00e6se eller bruge i din boligindretning.<\/li><li>Vidunderlige tekander, kopper og ted\u00e5ser og andre ting til nydelse af te.<\/li><li>Malerier, grafik, gamle fotos, plakater, skoleplancher&#8230;<\/li><li>Konkylier, forsteninger, gamle pr\u00e6parater og andre smukke og kuri\u00f8se ting fra naturens verden.<\/li><li>Gamle stempler, reolskilte fra biblioteker, bogstaver, gamle kartotekskort, skrivemaskiner&#8230;<\/li><\/ul>\n\n\n\n<div style=\"height:20px\" aria-hidden=\"true\" class=\"wp-block-spacer\"><\/div>\n\n\n\n<div class=\"wp-block-columns is-layout-flex wp-container-core-columns-is-layout-28f84493 wp-block-columns-is-layout-flex\">\n<div class=\"wp-block-column is-layout-flow wp-block-column-is-layout-flow\" style=\"flex-basis:59%\">\n<p> Efter at have arbejdet 34 \u00e5r som bibliotekar har jeg haft sv\u00e6rt ved at slippe b\u00f8gerne, men opgav alligevel at forf\u00f8lge en mange\u00e5rig dr\u00f8m om et klassisk antikvariat.<br>Mit hjem var nemlig ved at eksplodere &#8211; ikke bare af b\u00f8ger, men ogs\u00e5 af alle de fine sager, jeg som passioneret tingfinder har f\u00e5et skrabet sammen gennem \u00e5rene. <br>Derfor \u00e5bnede jeg i 2019 en netbutik, som en nyt\u00e6nkning af et antikvariat kombineret med ting til hjemmet. I 2021 tog jeg springet til ogs\u00e5 at \u00e5bne en fysisk butik i L\u00f8gten for at kunne at pr\u00e6sentere alle mine varer, hvor netbutikken kun rummer et mindre udvalg.<br><br><strong>b\u00f8gerogting.dk<\/strong> kombinerer ting og b\u00f8ger, der kl\u00e6der hinanden, og som appellerer til de samme m\u00e5lgrupper.<br>Hvis du er vild med smukke, sjove og us\u00e6dvanlige og kuri\u00f8se b\u00f8ger og ting, s\u00e5 finder du m\u00e5ske noget du kan lide her.<\/p>\n\n\n\n<p class=\"has-text-align-right has-normal-font-size\"><strong>God Jagt<\/strong><br>Kirsten N\u00f8rgaard<\/p>\n<\/div>\n\n\n\n<div class=\"wp-block-column is-layout-flow wp-block-column-is-layout-flow\" style=\"flex-basis:41%\">\n<figure class=\"wp-block-image size-large\"><img data-recalc-dims=\"1\" loading=\"lazy\" decoding=\"async\" width=\"902\" height=\"1024\" data-attachment-id=\"13155\" data-permalink=\"https:\/\/www.xn--bgerogting-0cb.dk\/index.php\/about-me\/img_20210407_180136-1\/\" data-orig-file=\"https:\/\/i0.wp.com\/www.xn--bgerogting-0cb.dk\/wp-content\/uploads\/2022\/09\/IMG_20210407_180136-1.jpg?fit=1691%2C1920&amp;ssl=1\" data-orig-size=\"1691,1920\" data-comments-opened=\"1\" data-image-meta=\"{&quot;aperture&quot;:&quot;1.75&quot;,&quot;credit&quot;:&quot;&quot;,&quot;camera&quot;:&quot;KB2003&quot;,&quot;caption&quot;:&quot;&quot;,&quot;created_timestamp&quot;:&quot;1617818497&quot;,&quot;copyright&quot;:&quot;&quot;,&quot;focal_length&quot;:&quot;4.745&quot;,&quot;iso&quot;:&quot;1000&quot;,&quot;shutter_speed&quot;:&quot;0.02&quot;,&quot;title&quot;:&quot;&quot;,&quot;orientation&quot;:&quot;1&quot;}\" data-image-title=\"IMG_20210407_180136-1\" data-image-description=\"\" data-image-caption=\"\" data-large-file=\"https:\/\/i0.wp.com\/www.xn--bgerogting-0cb.dk\/wp-content\/uploads\/2022\/09\/IMG_20210407_180136-1.jpg?fit=902%2C1024&amp;ssl=1\" src=\"https:\/\/i0.wp.com\/www.xn--bgerogting-0cb.dk\/wp-content\/uploads\/2022\/09\/IMG_20210407_180136-1.jpg?resize=902%2C1024&#038;ssl=1\" alt=\"Kirsten N\u00f8rgaard\" class=\"wp-image-13155\" srcset=\"https:\/\/i0.wp.com\/www.xn--bgerogting-0cb.dk\/wp-content\/uploads\/2022\/09\/IMG_20210407_180136-1.jpg?resize=902%2C1024&amp;ssl=1 902w, https:\/\/i0.wp.com\/www.xn--bgerogting-0cb.dk\/wp-content\/uploads\/2022\/09\/IMG_20210407_180136-1.jpg?resize=264%2C300&amp;ssl=1 264w, https:\/\/i0.wp.com\/www.xn--bgerogting-0cb.dk\/wp-content\/uploads\/2022\/09\/IMG_20210407_180136-1.jpg?resize=768%2C872&amp;ssl=1 768w, https:\/\/i0.wp.com\/www.xn--bgerogting-0cb.dk\/wp-content\/uploads\/2022\/09\/IMG_20210407_180136-1.jpg?resize=1353%2C1536&amp;ssl=1 1353w, https:\/\/i0.wp.com\/www.xn--bgerogting-0cb.dk\/wp-content\/uploads\/2022\/09\/IMG_20210407_180136-1.jpg?resize=416%2C472&amp;ssl=1 416w, https:\/\/i0.wp.com\/www.xn--bgerogting-0cb.dk\/wp-content\/uploads\/2022\/09\/IMG_20210407_180136-1.jpg?resize=64%2C73&amp;ssl=1 64w, https:\/\/i0.wp.com\/www.xn--bgerogting-0cb.dk\/wp-content\/uploads\/2022\/09\/IMG_20210407_180136-1.jpg?w=1691&amp;ssl=1 1691w\" sizes=\"auto, (max-width: 902px) 100vw, 902px\" \/><\/figure>\n<\/div>\n<\/div>\n\n\n\n<p><\/p>\n\n\n\n<figure class=\"wp-block-gallery aligncenter has-nested-images columns-default is-cropped wp-block-gallery-1 is-layout-flex wp-block-gallery-is-layout-flex\">\n<figure class=\"wp-block-image size-large\"><img data-recalc-dims=\"1\" loading=\"lazy\" decoding=\"async\" width=\"980\" height=\"762\" data-attachment-id=\"13151\" data-permalink=\"https:\/\/www.xn--bgerogting-0cb.dk\/index.php\/about-me\/img_20220826_130959_bokeh\/\" data-orig-file=\"https:\/\/i0.wp.com\/www.xn--bgerogting-0cb.dk\/wp-content\/uploads\/2022\/09\/IMG_20220826_130959_Bokeh.jpg?fit=1920%2C1493&amp;ssl=1\" data-orig-size=\"1920,1493\" data-comments-opened=\"1\" data-image-meta=\"{&quot;aperture&quot;:&quot;1.75&quot;,&quot;credit&quot;:&quot;&quot;,&quot;camera&quot;:&quot;KB2003&quot;,&quot;caption&quot;:&quot;&quot;,&quot;created_timestamp&quot;:&quot;1661519399&quot;,&quot;copyright&quot;:&quot;&quot;,&quot;focal_length&quot;:&quot;4.745&quot;,&quot;iso&quot;:&quot;400&quot;,&quot;shutter_speed&quot;:&quot;0.04&quot;,&quot;title&quot;:&quot;&quot;,&quot;orientation&quot;:&quot;1&quot;}\" data-image-title=\"IMG_20220826_130959_Bokeh\" data-image-description=\"\" data-image-caption=\"\" data-large-file=\"https:\/\/i0.wp.com\/www.xn--bgerogting-0cb.dk\/wp-content\/uploads\/2022\/09\/IMG_20220826_130959_Bokeh.jpg?fit=980%2C762&amp;ssl=1\" data-id=\"13151\" src=\"https:\/\/i0.wp.com\/www.xn--bgerogting-0cb.dk\/wp-content\/uploads\/2022\/09\/IMG_20220826_130959_Bokeh.jpg?resize=980%2C762&#038;ssl=1\" alt=\"\" class=\"wp-image-13151\" srcset=\"https:\/\/i0.wp.com\/www.xn--bgerogting-0cb.dk\/wp-content\/uploads\/2022\/09\/IMG_20220826_130959_Bokeh.jpg?w=1920&amp;ssl=1 1920w, https:\/\/i0.wp.com\/www.xn--bgerogting-0cb.dk\/wp-content\/uploads\/2022\/09\/IMG_20220826_130959_Bokeh.jpg?resize=300%2C233&amp;ssl=1 300w, https:\/\/i0.wp.com\/www.xn--bgerogting-0cb.dk\/wp-content\/uploads\/2022\/09\/IMG_20220826_130959_Bokeh.jpg?resize=1024%2C796&amp;ssl=1 1024w, https:\/\/i0.wp.com\/www.xn--bgerogting-0cb.dk\/wp-content\/uploads\/2022\/09\/IMG_20220826_130959_Bokeh.jpg?resize=768%2C597&amp;ssl=1 768w, https:\/\/i0.wp.com\/www.xn--bgerogting-0cb.dk\/wp-content\/uploads\/2022\/09\/IMG_20220826_130959_Bokeh.jpg?resize=1536%2C1194&amp;ssl=1 1536w, https:\/\/i0.wp.com\/www.xn--bgerogting-0cb.dk\/wp-content\/uploads\/2022\/09\/IMG_20220826_130959_Bokeh.jpg?resize=416%2C323&amp;ssl=1 416w, https:\/\/i0.wp.com\/www.xn--bgerogting-0cb.dk\/wp-content\/uploads\/2022\/09\/IMG_20220826_130959_Bokeh.jpg?resize=64%2C50&amp;ssl=1 64w\" sizes=\"auto, (max-width: 980px) 100vw, 980px\" \/><\/figure>\n\n\n\n<figure class=\"wp-block-image size-large\"><img data-recalc-dims=\"1\" loading=\"lazy\" decoding=\"async\" width=\"980\" height=\"735\" data-attachment-id=\"13152\" data-permalink=\"https:\/\/www.xn--bgerogting-0cb.dk\/index.php\/about-me\/img_20220618_105743-1\/\" data-orig-file=\"https:\/\/i0.wp.com\/www.xn--bgerogting-0cb.dk\/wp-content\/uploads\/2022\/09\/IMG_20220618_105743-1.jpg?fit=1920%2C1440&amp;ssl=1\" data-orig-size=\"1920,1440\" data-comments-opened=\"1\" data-image-meta=\"{&quot;aperture&quot;:&quot;1.75&quot;,&quot;credit&quot;:&quot;&quot;,&quot;camera&quot;:&quot;KB2003&quot;,&quot;caption&quot;:&quot;&quot;,&quot;created_timestamp&quot;:&quot;1655549863&quot;,&quot;copyright&quot;:&quot;&quot;,&quot;focal_length&quot;:&quot;4.745&quot;,&quot;iso&quot;:&quot;500&quot;,&quot;shutter_speed&quot;:&quot;0.02&quot;,&quot;title&quot;:&quot;&quot;,&quot;orientation&quot;:&quot;1&quot;}\" data-image-title=\"IMG_20220618_105743-1\" data-image-description=\"\" data-image-caption=\"\" data-large-file=\"https:\/\/i0.wp.com\/www.xn--bgerogting-0cb.dk\/wp-content\/uploads\/2022\/09\/IMG_20220618_105743-1.jpg?fit=980%2C735&amp;ssl=1\" data-id=\"13152\" src=\"https:\/\/i0.wp.com\/www.xn--bgerogting-0cb.dk\/wp-content\/uploads\/2022\/09\/IMG_20220618_105743-1.jpg?resize=980%2C735&#038;ssl=1\" alt=\"\" class=\"wp-image-13152\" srcset=\"https:\/\/i0.wp.com\/www.xn--bgerogting-0cb.dk\/wp-content\/uploads\/2022\/09\/IMG_20220618_105743-1.jpg?w=1920&amp;ssl=1 1920w, https:\/\/i0.wp.com\/www.xn--bgerogting-0cb.dk\/wp-content\/uploads\/2022\/09\/IMG_20220618_105743-1.jpg?resize=300%2C225&amp;ssl=1 300w, https:\/\/i0.wp.com\/www.xn--bgerogting-0cb.dk\/wp-content\/uploads\/2022\/09\/IMG_20220618_105743-1.jpg?resize=1024%2C768&amp;ssl=1 1024w, https:\/\/i0.wp.com\/www.xn--bgerogting-0cb.dk\/wp-content\/uploads\/2022\/09\/IMG_20220618_105743-1.jpg?resize=768%2C576&amp;ssl=1 768w, https:\/\/i0.wp.com\/www.xn--bgerogting-0cb.dk\/wp-content\/uploads\/2022\/09\/IMG_20220618_105743-1.jpg?resize=1536%2C1152&amp;ssl=1 1536w, https:\/\/i0.wp.com\/www.xn--bgerogting-0cb.dk\/wp-content\/uploads\/2022\/09\/IMG_20220618_105743-1.jpg?resize=416%2C312&amp;ssl=1 416w, https:\/\/i0.wp.com\/www.xn--bgerogting-0cb.dk\/wp-content\/uploads\/2022\/09\/IMG_20220618_105743-1.jpg?resize=64%2C48&amp;ssl=1 64w\" sizes=\"auto, (max-width: 980px) 100vw, 980px\" \/><\/figure>\n\n\n\n<figure class=\"wp-block-image size-large\"><img data-recalc-dims=\"1\" loading=\"lazy\" decoding=\"async\" width=\"980\" height=\"735\" data-attachment-id=\"13149\" data-permalink=\"https:\/\/www.xn--bgerogting-0cb.dk\/index.php\/kontakt\/juni-2022-grenaavej-776\/\" data-orig-file=\"https:\/\/i0.wp.com\/www.xn--bgerogting-0cb.dk\/wp-content\/uploads\/2022\/09\/Juni-2022-Grenaavej-776.jpg?fit=1920%2C1440&amp;ssl=1\" data-orig-size=\"1920,1440\" data-comments-opened=\"1\" data-image-meta=\"{&quot;aperture&quot;:&quot;1.75&quot;,&quot;credit&quot;:&quot;&quot;,&quot;camera&quot;:&quot;KB2003&quot;,&quot;caption&quot;:&quot;&quot;,&quot;created_timestamp&quot;:&quot;1654947579&quot;,&quot;copyright&quot;:&quot;&quot;,&quot;focal_length&quot;:&quot;4.745&quot;,&quot;iso&quot;:&quot;125&quot;,&quot;shutter_speed&quot;:&quot;0.00064432989690722&quot;,&quot;title&quot;:&quot;&quot;,&quot;orientation&quot;:&quot;1&quot;}\" data-image-title=\"Juni 2022 &amp;#8211; Gren\u00e5vej 776\" data-image-description=\"\" data-image-caption=\"\" data-large-file=\"https:\/\/i0.wp.com\/www.xn--bgerogting-0cb.dk\/wp-content\/uploads\/2022\/09\/Juni-2022-Grenaavej-776.jpg?fit=980%2C735&amp;ssl=1\" data-id=\"13149\" src=\"https:\/\/i0.wp.com\/www.xn--bgerogting-0cb.dk\/wp-content\/uploads\/2022\/09\/Juni-2022-Grenaavej-776.jpg?resize=980%2C735&#038;ssl=1\" alt=\"B\u00f8ger og Ting Gren\u00e5vej\" class=\"wp-image-13149\" srcset=\"https:\/\/i0.wp.com\/www.xn--bgerogting-0cb.dk\/wp-content\/uploads\/2022\/09\/Juni-2022-Grenaavej-776.jpg?w=1920&amp;ssl=1 1920w, https:\/\/i0.wp.com\/www.xn--bgerogting-0cb.dk\/wp-content\/uploads\/2022\/09\/Juni-2022-Grenaavej-776.jpg?resize=300%2C225&amp;ssl=1 300w, https:\/\/i0.wp.com\/www.xn--bgerogting-0cb.dk\/wp-content\/uploads\/2022\/09\/Juni-2022-Grenaavej-776.jpg?resize=1024%2C768&amp;ssl=1 1024w, https:\/\/i0.wp.com\/www.xn--bgerogting-0cb.dk\/wp-content\/uploads\/2022\/09\/Juni-2022-Grenaavej-776.jpg?resize=768%2C576&amp;ssl=1 768w, https:\/\/i0.wp.com\/www.xn--bgerogting-0cb.dk\/wp-content\/uploads\/2022\/09\/Juni-2022-Grenaavej-776.jpg?resize=1536%2C1152&amp;ssl=1 1536w, https:\/\/i0.wp.com\/www.xn--bgerogting-0cb.dk\/wp-content\/uploads\/2022\/09\/Juni-2022-Grenaavej-776.jpg?resize=416%2C312&amp;ssl=1 416w, https:\/\/i0.wp.com\/www.xn--bgerogting-0cb.dk\/wp-content\/uploads\/2022\/09\/Juni-2022-Grenaavej-776.jpg?resize=64%2C48&amp;ssl=1 64w\" sizes=\"auto, (max-width: 980px) 100vw, 980px\" \/><\/figure>\n<\/figure>\n","protected":false},"excerpt":{"rendered":"<p>B\u00f8ger &amp; Ting \u2013 antikvariske b\u00f8ger, antikviteter, retro- og vintageting Noget af det, du kan finde i B\u00f8ger og Ting og p\u00e5 denne hjemmeside \u2026 Alletiders b\u00f8rneb\u00f8ger \u2013 de b\u00f8ger du elskede, hvad enten du var barn i 60\u2019erne, 70\u2019erne eller 80\u2019erne eller f\u00f8r. B\u00f8ger om og af de bedste danske illustratorer: Sikker Hansen, Ib [&hellip;]<\/p>\n","protected":false},"author":1,"featured_media":0,"parent":0,"menu_order":0,"comment_status":"closed","ping_status":"closed","template":"","meta":{"footnotes":""},"class_list":["post-11","page","type-page","status-publish","hentry"],"yoast_head":"<!-- This site is optimized with the Yoast SEO Premium plugin v27.4 (Yoast SEO v27.5) - https:\/\/yoast.com\/product\/yoast-seo-premium-wordpress\/ -->\n<title>Om B\u00f8ger og Ting - B\u00f8ger og Ting<\/title>\n<meta name=\"robots\" content=\"index, follow, max-snippet:-1, max-image-preview:large, max-video-preview:-1\" \/>\n<link rel=\"canonical\" href=\"https:\/\/www.xn--bgerogting-0cb.dk\/index.php\/about-me\/\" \/>\n<meta property=\"og:locale\" content=\"da_DK\" \/>\n<meta property=\"og:type\" content=\"article\" \/>\n<meta property=\"og:title\" content=\"Om B\u00f8ger og Ting\" \/>\n<meta property=\"og:description\" content=\"B\u00f8ger &amp; Ting \u2013 antikvariske b\u00f8ger, antikviteter, retro- og vintageting Noget af det, du kan finde i B\u00f8ger og Ting og p\u00e5 denne hjemmeside \u2026 Alletiders b\u00f8rneb\u00f8ger \u2013 de b\u00f8ger du elskede, hvad enten du var barn i 60\u2019erne, 70\u2019erne eller 80\u2019erne eller f\u00f8r. B\u00f8ger om og af de bedste danske illustratorer: Sikker Hansen, Ib [&hellip;]\" \/>\n<meta property=\"og:url\" content=\"https:\/\/www.xn--bgerogting-0cb.dk\/index.php\/about-me\/\" \/>\n<meta property=\"og:site_name\" content=\"B\u00f8ger og Ting\" \/>\n<meta property=\"article:publisher\" content=\"https:\/\/www.facebook.com\/boegerogting\/\" \/>\n<meta property=\"article:modified_time\" content=\"2022-09-08T17:56:11+00:00\" \/>\n<meta property=\"og:image\" content=\"https:\/\/www.xn--bgerogting-0cb.dk\/wp-content\/uploads\/2022\/09\/IMG_20210407_180136-1-902x1024.jpg\" \/>\n<meta name=\"twitter:card\" content=\"summary_large_image\" \/>\n<meta name=\"twitter:label1\" content=\"Estimeret l\u00e6setid\" \/>\n\t<meta name=\"twitter:data1\" content=\"3 minutter\" \/>\n<script type=\"application\/ld+json\" class=\"yoast-schema-graph\">{\"@context\":\"https:\\\/\\\/schema.org\",\"@graph\":[{\"@type\":\"WebPage\",\"@id\":\"https:\\\/\\\/www.xn--bgerogting-0cb.dk\\\/index.php\\\/about-me\\\/\",\"url\":\"https:\\\/\\\/www.xn--bgerogting-0cb.dk\\\/index.php\\\/about-me\\\/\",\"name\":\"Om B\u00f8ger og Ting - B\u00f8ger og Ting\",\"isPartOf\":{\"@id\":\"https:\\\/\\\/www.xn--bgerogting-0cb.dk\\\/#website\"},\"primaryImageOfPage\":{\"@id\":\"https:\\\/\\\/www.xn--bgerogting-0cb.dk\\\/index.php\\\/about-me\\\/#primaryimage\"},\"image\":{\"@id\":\"https:\\\/\\\/www.xn--bgerogting-0cb.dk\\\/index.php\\\/about-me\\\/#primaryimage\"},\"thumbnailUrl\":\"https:\\\/\\\/www.xn--bgerogting-0cb.dk\\\/wp-content\\\/uploads\\\/2022\\\/09\\\/IMG_20210407_180136-1-902x1024.jpg\",\"datePublished\":\"2017-08-30T01:38:17+00:00\",\"dateModified\":\"2022-09-08T17:56:11+00:00\",\"breadcrumb\":{\"@id\":\"https:\\\/\\\/www.xn--bgerogting-0cb.dk\\\/index.php\\\/about-me\\\/#breadcrumb\"},\"inLanguage\":\"da-DK\",\"potentialAction\":[{\"@type\":\"ReadAction\",\"target\":[\"https:\\\/\\\/www.xn--bgerogting-0cb.dk\\\/index.php\\\/about-me\\\/\"]}]},{\"@type\":\"ImageObject\",\"inLanguage\":\"da-DK\",\"@id\":\"https:\\\/\\\/www.xn--bgerogting-0cb.dk\\\/index.php\\\/about-me\\\/#primaryimage\",\"url\":\"https:\\\/\\\/i0.wp.com\\\/www.xn--bgerogting-0cb.dk\\\/wp-content\\\/uploads\\\/2022\\\/09\\\/IMG_20210407_180136-1.jpg?fit=1691%2C1920&ssl=1\",\"contentUrl\":\"https:\\\/\\\/i0.wp.com\\\/www.xn--bgerogting-0cb.dk\\\/wp-content\\\/uploads\\\/2022\\\/09\\\/IMG_20210407_180136-1.jpg?fit=1691%2C1920&ssl=1\",\"width\":1691,\"height\":1920},{\"@type\":\"BreadcrumbList\",\"@id\":\"https:\\\/\\\/www.xn--bgerogting-0cb.dk\\\/index.php\\\/about-me\\\/#breadcrumb\",\"itemListElement\":[{\"@type\":\"ListItem\",\"position\":1,\"name\":\"Home\",\"item\":\"https:\\\/\\\/www.xn--bgerogting-0cb.dk\\\/\"},{\"@type\":\"ListItem\",\"position\":2,\"name\":\"Om B\u00f8ger og Ting\"}]},{\"@type\":\"WebSite\",\"@id\":\"https:\\\/\\\/www.xn--bgerogting-0cb.dk\\\/#website\",\"url\":\"https:\\\/\\\/www.xn--bgerogting-0cb.dk\\\/\",\"name\":\"B\u00f8ger og Ting\",\"description\":\"Antikvarisk, retro, vintage og antik\",\"publisher\":{\"@id\":\"https:\\\/\\\/www.xn--bgerogting-0cb.dk\\\/#organization\"},\"potentialAction\":[{\"@type\":\"SearchAction\",\"target\":{\"@type\":\"EntryPoint\",\"urlTemplate\":\"https:\\\/\\\/www.xn--bgerogting-0cb.dk\\\/?s={search_term_string}\"},\"query-input\":{\"@type\":\"PropertyValueSpecification\",\"valueRequired\":true,\"valueName\":\"search_term_string\"}}],\"inLanguage\":\"da-DK\"},{\"@type\":\"Organization\",\"@id\":\"https:\\\/\\\/www.xn--bgerogting-0cb.dk\\\/#organization\",\"name\":\"B\u00f8ger og Ting\",\"url\":\"https:\\\/\\\/www.xn--bgerogting-0cb.dk\\\/\",\"logo\":{\"@type\":\"ImageObject\",\"inLanguage\":\"da-DK\",\"@id\":\"https:\\\/\\\/www.xn--bgerogting-0cb.dk\\\/#\\\/schema\\\/logo\\\/image\\\/\",\"url\":\"https:\\\/\\\/i0.wp.com\\\/www.xn--bgerogting-0cb.dk\\\/wp-content\\\/uploads\\\/2019\\\/10\\\/webicon.png?fit=205%2C205&ssl=1\",\"contentUrl\":\"https:\\\/\\\/i0.wp.com\\\/www.xn--bgerogting-0cb.dk\\\/wp-content\\\/uploads\\\/2019\\\/10\\\/webicon.png?fit=205%2C205&ssl=1\",\"width\":205,\"height\":205,\"caption\":\"B\u00f8ger og Ting\"},\"image\":{\"@id\":\"https:\\\/\\\/www.xn--bgerogting-0cb.dk\\\/#\\\/schema\\\/logo\\\/image\\\/\"},\"sameAs\":[\"https:\\\/\\\/www.facebook.com\\\/boegerogting\\\/\",\"https:\\\/\\\/www.instagram.com\\\/bogerogting\\\/\"]}]}<\/script>\n<!-- \/ Yoast SEO Premium plugin. -->","yoast_head_json":{"title":"Om B\u00f8ger og Ting - B\u00f8ger og Ting","robots":{"index":"index","follow":"follow","max-snippet":"max-snippet:-1","max-image-preview":"max-image-preview:large","max-video-preview":"max-video-preview:-1"},"canonical":"https:\/\/www.xn--bgerogting-0cb.dk\/index.php\/about-me\/","og_locale":"da_DK","og_type":"article","og_title":"Om B\u00f8ger og Ting","og_description":"B\u00f8ger &amp; Ting \u2013 antikvariske b\u00f8ger, antikviteter, retro- og vintageting Noget af det, du kan finde i B\u00f8ger og Ting og p\u00e5 denne hjemmeside \u2026 Alletiders b\u00f8rneb\u00f8ger \u2013 de b\u00f8ger du elskede, hvad enten du var barn i 60\u2019erne, 70\u2019erne eller 80\u2019erne eller f\u00f8r. B\u00f8ger om og af de bedste danske illustratorer: Sikker Hansen, Ib [&hellip;]","og_url":"https:\/\/www.xn--bgerogting-0cb.dk\/index.php\/about-me\/","og_site_name":"B\u00f8ger og Ting","article_publisher":"https:\/\/www.facebook.com\/boegerogting\/","article_modified_time":"2022-09-08T17:56:11+00:00","og_image":[{"url":"https:\/\/www.xn--bgerogting-0cb.dk\/wp-content\/uploads\/2022\/09\/IMG_20210407_180136-1-902x1024.jpg","type":"","width":"","height":""}],"twitter_card":"summary_large_image","twitter_misc":{"Estimeret l\u00e6setid":"3 minutter"},"schema":{"@context":"https:\/\/schema.org","@graph":[{"@type":"WebPage","@id":"https:\/\/www.xn--bgerogting-0cb.dk\/index.php\/about-me\/","url":"https:\/\/www.xn--bgerogting-0cb.dk\/index.php\/about-me\/","name":"Om B\u00f8ger og Ting - B\u00f8ger og Ting","isPartOf":{"@id":"https:\/\/www.xn--bgerogting-0cb.dk\/#website"},"primaryImageOfPage":{"@id":"https:\/\/www.xn--bgerogting-0cb.dk\/index.php\/about-me\/#primaryimage"},"image":{"@id":"https:\/\/www.xn--bgerogting-0cb.dk\/index.php\/about-me\/#primaryimage"},"thumbnailUrl":"https:\/\/www.xn--bgerogting-0cb.dk\/wp-content\/uploads\/2022\/09\/IMG_20210407_180136-1-902x1024.jpg","datePublished":"2017-08-30T01:38:17+00:00","dateModified":"2022-09-08T17:56:11+00:00","breadcrumb":{"@id":"https:\/\/www.xn--bgerogting-0cb.dk\/index.php\/about-me\/#breadcrumb"},"inLanguage":"da-DK","potentialAction":[{"@type":"ReadAction","target":["https:\/\/www.xn--bgerogting-0cb.dk\/index.php\/about-me\/"]}]},{"@type":"ImageObject","inLanguage":"da-DK","@id":"https:\/\/www.xn--bgerogting-0cb.dk\/index.php\/about-me\/#primaryimage","url":"https:\/\/i0.wp.com\/www.xn--bgerogting-0cb.dk\/wp-content\/uploads\/2022\/09\/IMG_20210407_180136-1.jpg?fit=1691%2C1920&ssl=1","contentUrl":"https:\/\/i0.wp.com\/www.xn--bgerogting-0cb.dk\/wp-content\/uploads\/2022\/09\/IMG_20210407_180136-1.jpg?fit=1691%2C1920&ssl=1","width":1691,"height":1920},{"@type":"BreadcrumbList","@id":"https:\/\/www.xn--bgerogting-0cb.dk\/index.php\/about-me\/#breadcrumb","itemListElement":[{"@type":"ListItem","position":1,"name":"Home","item":"https:\/\/www.xn--bgerogting-0cb.dk\/"},{"@type":"ListItem","position":2,"name":"Om B\u00f8ger og Ting"}]},{"@type":"WebSite","@id":"https:\/\/www.xn--bgerogting-0cb.dk\/#website","url":"https:\/\/www.xn--bgerogting-0cb.dk\/","name":"B\u00f8ger og Ting","description":"Antikvarisk, retro, vintage og antik","publisher":{"@id":"https:\/\/www.xn--bgerogting-0cb.dk\/#organization"},"potentialAction":[{"@type":"SearchAction","target":{"@type":"EntryPoint","urlTemplate":"https:\/\/www.xn--bgerogting-0cb.dk\/?s={search_term_string}"},"query-input":{"@type":"PropertyValueSpecification","valueRequired":true,"valueName":"search_term_string"}}],"inLanguage":"da-DK"},{"@type":"Organization","@id":"https:\/\/www.xn--bgerogting-0cb.dk\/#organization","name":"B\u00f8ger og Ting","url":"https:\/\/www.xn--bgerogting-0cb.dk\/","logo":{"@type":"ImageObject","inLanguage":"da-DK","@id":"https:\/\/www.xn--bgerogting-0cb.dk\/#\/schema\/logo\/image\/","url":"https:\/\/i0.wp.com\/www.xn--bgerogting-0cb.dk\/wp-content\/uploads\/2019\/10\/webicon.png?fit=205%2C205&ssl=1","contentUrl":"https:\/\/i0.wp.com\/www.xn--bgerogting-0cb.dk\/wp-content\/uploads\/2019\/10\/webicon.png?fit=205%2C205&ssl=1","width":205,"height":205,"caption":"B\u00f8ger og Ting"},"image":{"@id":"https:\/\/www.xn--bgerogting-0cb.dk\/#\/schema\/logo\/image\/"},"sameAs":["https:\/\/www.facebook.com\/boegerogting\/","https:\/\/www.instagram.com\/bogerogting\/"]}]}},"jetpack_sharing_enabled":true,"_links":{"self":[{"href":"https:\/\/www.xn--bgerogting-0cb.dk\/index.php\/wp-json\/wp\/v2\/pages\/11","targetHints":{"allow":["GET"]}}],"collection":[{"href":"https:\/\/www.xn--bgerogting-0cb.dk\/index.php\/wp-json\/wp\/v2\/pages"}],"about":[{"href":"https:\/\/www.xn--bgerogting-0cb.dk\/index.php\/wp-json\/wp\/v2\/types\/page"}],"author":[{"embeddable":true,"href":"https:\/\/www.xn--bgerogting-0cb.dk\/index.php\/wp-json\/wp\/v2\/users\/1"}],"replies":[{"embeddable":true,"href":"https:\/\/www.xn--bgerogting-0cb.dk\/index.php\/wp-json\/wp\/v2\/comments?post=11"}],"version-history":[{"count":32,"href":"https:\/\/www.xn--bgerogting-0cb.dk\/index.php\/wp-json\/wp\/v2\/pages\/11\/revisions"}],"predecessor-version":[{"id":13160,"href":"https:\/\/www.xn--bgerogting-0cb.dk\/index.php\/wp-json\/wp\/v2\/pages\/11\/revisions\/13160"}],"wp:attachment":[{"href":"https:\/\/www.xn--bgerogting-0cb.dk\/index.php\/wp-json\/wp\/v2\/media?parent=11"}],"curies":[{"name":"wp","href":"https:\/\/api.w.org\/{rel}","templated":true}]}}