{"id":10906,"date":"2021-09-12T17:32:06","date_gmt":"2021-09-12T15:32:06","guid":{"rendered":"https:\/\/www.xn--bgerogting-0cb.dk\/?page_id=10906"},"modified":"2024-03-06T11:01:12","modified_gmt":"2024-03-06T10:01:12","slug":"handelsbetingelser","status":"publish","type":"page","link":"https:\/\/www.xn--bgerogting-0cb.dk\/index.php\/handelsbetingelser\/","title":{"rendered":"Handelsbetingelser for B\u00f8ger og Ting"},"content":{"rendered":"\n<p><\/p>\n\n\n\n<h4 class=\"wp-block-heading\" id=\"h-leveringstid\">Leveringstid<\/h4>\n\n\n\n<p>Varer, der er bestilt inden klokken 10, sendes s\u00e5 vidt muligt samme dag eller f\u00f8rstkommende hverdag. Senere bestillinger sendes den f\u00f8lgende hverdag. Hvis dette ikke er muligt, vil k\u00f8beren f\u00e5 besked. Leveringstid med GLS er s\u00e6dvanligvis 2-3 hverdage.<\/p>\n\n\n\n<h4 class=\"wp-block-heading\" id=\"h-fragtmuligheder\">Fragtmuligheder<\/h4>\n\n\n\n<p>Hvis ikke andet er aftalt, sendes varen med GLS til den n\u00e6rmeste pakkeshop i forhold til k\u00f8berens bop\u00e6l. Forsendelse  til bop\u00e6l kan ved betaling af ekstragebyr aftales ved henvendelse til B\u00f8ger og Ting.<br>Varer kan naturligvis ogs\u00e5 afhentes gratis i B\u00f8ger og Tings butik. Adresse: Gren\u00e5vej 776, L\u00f8gten, 8541 Sk\u00f8dstrup, Danmark.<br>Eventuel fragtskade skal straks meddeles til B\u00f8ger og Ting, som skal have billeddokumentation af s\u00e5vel den beskadigede vare som al indpakning. B\u00f8ger og Ting vil derefter s\u00f8ge erstatning fra GLS.<\/p>\n\n\n\n<h4 class=\"wp-block-heading\" id=\"h-betalingsmuligheder\">Betalingsmuligheder<\/h4>\n\n\n\n<p>Betaling for k\u00f8b p\u00e5 hjemmesiden kan ske ved bankoverf\u00f8rsel til Nordea konto: 2783 43995830614 eller ved brug af Dankort, Visakort, GooglePay og MobilPay.<\/p>\n\n\n\n<h4 class=\"wp-block-heading\" id=\"h-moms\">Moms<\/h4>\n\n\n\n<p>Alle varer s\u00e6lger under ordningen for brugtvaremoms, og k\u00f8ber kan derfor ikke fratr\u00e6kke k\u00f8bsmoms.<\/p>\n\n\n\n<h4 class=\"wp-block-heading\" id=\"h-returoplysninger-amp-returadresse\">Returoplysninger &amp; returadresse<\/h4>\n\n\n\n<p>Der er 14 dages fortrydelsesret p\u00e5 k\u00f8b ved forevisning af kvittering. Reglerne om fortrydelsesret finder du i <a href=\"http:\/\/www.retsinformation.dk\/Forms\/r0710.aspx?id=1843\" target=\"_blank\" rel=\"noreferrer noopener\">forbruger-aftaleloven<\/a>. Fragtomkostninger ved eventuel returnering p\u00e5hviler k\u00f8beren.<br>Fortrydelsesretten g\u00e6lder ikke for varer, der er beskadiget af k\u00f8ber.<br>Varen skal v\u00e6re forsvarligt indpakket og returneres til:<br>B\u00f8ger og Ting, Gren\u00e5vej 776, 8541 Sk\u00f8dstrup.<\/p>\n\n\n\n<h4 class=\"wp-block-heading\" id=\"h-2-ars-reklamationsret\">2 \u00e5rs reklamationsret<\/h4>\n\n\n\n<p>Alle varer, som s\u00e6lges af B\u00f8ger og Ting, er brugte og kan derfor have brugsspor eller skader. Disse vil altid v\u00e6re beskrevet. J\u00e6vnf\u00f8r forbrugeraftaleloven, s\u00e5 har man reklamationsret i 2 \u00e5r i tilf\u00e6lde, hvor varen er i d\u00e5rligere stand end beskrevet ved k\u00f8bet. Forh\u00e5bentlig vil man konstaterer dette allerede ved modtagelsen.<\/p>\n\n\n\n<h4 class=\"wp-block-heading\" id=\"h-juridiske-oplysninger\">Juridiske oplysninger:<\/h4>\n\n\n\n<p>CVR: 28 97 38 10<br>Ejer: Thomas Pedersen, Viborg Aps<br>Sk\u00e6ring Hage 1A, 8250 Eg\u00e5<\/p>\n\n\n\n<ol class=\"wp-block-list\"><\/ol>\n","protected":false},"excerpt":{"rendered":"<p>Leveringstid Varer, der er bestilt inden klokken 10, sendes s\u00e5 vidt muligt samme dag eller f\u00f8rstkommende hverdag. Senere bestillinger sendes den f\u00f8lgende hverdag. Hvis dette ikke er muligt, vil k\u00f8beren f\u00e5 besked. Leveringstid med GLS er s\u00e6dvanligvis 2-3 hverdage. Fragtmuligheder Hvis ikke andet er aftalt, sendes varen med GLS til den n\u00e6rmeste pakkeshop i forhold [&hellip;]<\/p>\n","protected":false},"author":2,"featured_media":0,"parent":0,"menu_order":0,"comment_status":"closed","ping_status":"closed","template":"","meta":{"footnotes":""},"class_list":["post-10906","page","type-page","status-publish","hentry"],"yoast_head":"<!-- This site is optimized with the Yoast SEO Premium plugin v27.4 (Yoast SEO v27.5) - https:\/\/yoast.com\/product\/yoast-seo-premium-wordpress\/ -->\n<title>Handelsbetingelser for B\u00f8ger og Ting - B\u00f8ger og Ting<\/title>\n<meta name=\"robots\" content=\"index, follow, max-snippet:-1, max-image-preview:large, max-video-preview:-1\" \/>\n<link rel=\"canonical\" href=\"https:\/\/www.xn--bgerogting-0cb.dk\/index.php\/handelsbetingelser\/\" \/>\n<meta property=\"og:locale\" content=\"da_DK\" \/>\n<meta property=\"og:type\" content=\"article\" \/>\n<meta property=\"og:title\" content=\"Handelsbetingelser for B\u00f8ger og Ting\" \/>\n<meta property=\"og:description\" content=\"Leveringstid Varer, der er bestilt inden klokken 10, sendes s\u00e5 vidt muligt samme dag eller f\u00f8rstkommende hverdag. Senere bestillinger sendes den f\u00f8lgende hverdag. Hvis dette ikke er muligt, vil k\u00f8beren f\u00e5 besked. Leveringstid med GLS er s\u00e6dvanligvis 2-3 hverdage. Fragtmuligheder Hvis ikke andet er aftalt, sendes varen med GLS til den n\u00e6rmeste pakkeshop i forhold [&hellip;]\" \/>\n<meta property=\"og:url\" content=\"https:\/\/www.xn--bgerogting-0cb.dk\/index.php\/handelsbetingelser\/\" \/>\n<meta property=\"og:site_name\" content=\"B\u00f8ger og Ting\" \/>\n<meta property=\"article:publisher\" content=\"https:\/\/www.facebook.com\/boegerogting\/\" \/>\n<meta property=\"article:modified_time\" content=\"2024-03-06T10:01:12+00:00\" \/>\n<meta name=\"twitter:card\" content=\"summary_large_image\" \/>\n<meta name=\"twitter:label1\" content=\"Estimeret l\u00e6setid\" \/>\n\t<meta name=\"twitter:data1\" content=\"2 minutter\" \/>\n<script type=\"application\/ld+json\" class=\"yoast-schema-graph\">{\"@context\":\"https:\\\/\\\/schema.org\",\"@graph\":[{\"@type\":\"WebPage\",\"@id\":\"https:\\\/\\\/www.xn--bgerogting-0cb.dk\\\/index.php\\\/handelsbetingelser\\\/\",\"url\":\"https:\\\/\\\/www.xn--bgerogting-0cb.dk\\\/index.php\\\/handelsbetingelser\\\/\",\"name\":\"Handelsbetingelser for B\u00f8ger og Ting - B\u00f8ger og Ting\",\"isPartOf\":{\"@id\":\"https:\\\/\\\/www.xn--bgerogting-0cb.dk\\\/#website\"},\"datePublished\":\"2021-09-12T15:32:06+00:00\",\"dateModified\":\"2024-03-06T10:01:12+00:00\",\"breadcrumb\":{\"@id\":\"https:\\\/\\\/www.xn--bgerogting-0cb.dk\\\/index.php\\\/handelsbetingelser\\\/#breadcrumb\"},\"inLanguage\":\"da-DK\",\"potentialAction\":[{\"@type\":\"ReadAction\",\"target\":[\"https:\\\/\\\/www.xn--bgerogting-0cb.dk\\\/index.php\\\/handelsbetingelser\\\/\"]}]},{\"@type\":\"BreadcrumbList\",\"@id\":\"https:\\\/\\\/www.xn--bgerogting-0cb.dk\\\/index.php\\\/handelsbetingelser\\\/#breadcrumb\",\"itemListElement\":[{\"@type\":\"ListItem\",\"position\":1,\"name\":\"Home\",\"item\":\"https:\\\/\\\/www.xn--bgerogting-0cb.dk\\\/\"},{\"@type\":\"ListItem\",\"position\":2,\"name\":\"Handelsbetingelser for B\u00f8ger og Ting\"}]},{\"@type\":\"WebSite\",\"@id\":\"https:\\\/\\\/www.xn--bgerogting-0cb.dk\\\/#website\",\"url\":\"https:\\\/\\\/www.xn--bgerogting-0cb.dk\\\/\",\"name\":\"B\u00f8ger og Ting\",\"description\":\"Antikvarisk, retro, vintage og antik\",\"publisher\":{\"@id\":\"https:\\\/\\\/www.xn--bgerogting-0cb.dk\\\/#organization\"},\"potentialAction\":[{\"@type\":\"SearchAction\",\"target\":{\"@type\":\"EntryPoint\",\"urlTemplate\":\"https:\\\/\\\/www.xn--bgerogting-0cb.dk\\\/?s={search_term_string}\"},\"query-input\":{\"@type\":\"PropertyValueSpecification\",\"valueRequired\":true,\"valueName\":\"search_term_string\"}}],\"inLanguage\":\"da-DK\"},{\"@type\":\"Organization\",\"@id\":\"https:\\\/\\\/www.xn--bgerogting-0cb.dk\\\/#organization\",\"name\":\"B\u00f8ger og Ting\",\"url\":\"https:\\\/\\\/www.xn--bgerogting-0cb.dk\\\/\",\"logo\":{\"@type\":\"ImageObject\",\"inLanguage\":\"da-DK\",\"@id\":\"https:\\\/\\\/www.xn--bgerogting-0cb.dk\\\/#\\\/schema\\\/logo\\\/image\\\/\",\"url\":\"https:\\\/\\\/i0.wp.com\\\/www.xn--bgerogting-0cb.dk\\\/wp-content\\\/uploads\\\/2019\\\/10\\\/webicon.png?fit=205%2C205&ssl=1\",\"contentUrl\":\"https:\\\/\\\/i0.wp.com\\\/www.xn--bgerogting-0cb.dk\\\/wp-content\\\/uploads\\\/2019\\\/10\\\/webicon.png?fit=205%2C205&ssl=1\",\"width\":205,\"height\":205,\"caption\":\"B\u00f8ger og Ting\"},\"image\":{\"@id\":\"https:\\\/\\\/www.xn--bgerogting-0cb.dk\\\/#\\\/schema\\\/logo\\\/image\\\/\"},\"sameAs\":[\"https:\\\/\\\/www.facebook.com\\\/boegerogting\\\/\",\"https:\\\/\\\/www.instagram.com\\\/bogerogting\\\/\"]}]}<\/script>\n<!-- \/ Yoast SEO Premium plugin. -->","yoast_head_json":{"title":"Handelsbetingelser for B\u00f8ger og Ting - B\u00f8ger og Ting","robots":{"index":"index","follow":"follow","max-snippet":"max-snippet:-1","max-image-preview":"max-image-preview:large","max-video-preview":"max-video-preview:-1"},"canonical":"https:\/\/www.xn--bgerogting-0cb.dk\/index.php\/handelsbetingelser\/","og_locale":"da_DK","og_type":"article","og_title":"Handelsbetingelser for B\u00f8ger og Ting","og_description":"Leveringstid Varer, der er bestilt inden klokken 10, sendes s\u00e5 vidt muligt samme dag eller f\u00f8rstkommende hverdag. Senere bestillinger sendes den f\u00f8lgende hverdag. Hvis dette ikke er muligt, vil k\u00f8beren f\u00e5 besked. Leveringstid med GLS er s\u00e6dvanligvis 2-3 hverdage. Fragtmuligheder Hvis ikke andet er aftalt, sendes varen med GLS til den n\u00e6rmeste pakkeshop i forhold [&hellip;]","og_url":"https:\/\/www.xn--bgerogting-0cb.dk\/index.php\/handelsbetingelser\/","og_site_name":"B\u00f8ger og Ting","article_publisher":"https:\/\/www.facebook.com\/boegerogting\/","article_modified_time":"2024-03-06T10:01:12+00:00","twitter_card":"summary_large_image","twitter_misc":{"Estimeret l\u00e6setid":"2 minutter"},"schema":{"@context":"https:\/\/schema.org","@graph":[{"@type":"WebPage","@id":"https:\/\/www.xn--bgerogting-0cb.dk\/index.php\/handelsbetingelser\/","url":"https:\/\/www.xn--bgerogting-0cb.dk\/index.php\/handelsbetingelser\/","name":"Handelsbetingelser for B\u00f8ger og Ting - B\u00f8ger og Ting","isPartOf":{"@id":"https:\/\/www.xn--bgerogting-0cb.dk\/#website"},"datePublished":"2021-09-12T15:32:06+00:00","dateModified":"2024-03-06T10:01:12+00:00","breadcrumb":{"@id":"https:\/\/www.xn--bgerogting-0cb.dk\/index.php\/handelsbetingelser\/#breadcrumb"},"inLanguage":"da-DK","potentialAction":[{"@type":"ReadAction","target":["https:\/\/www.xn--bgerogting-0cb.dk\/index.php\/handelsbetingelser\/"]}]},{"@type":"BreadcrumbList","@id":"https:\/\/www.xn--bgerogting-0cb.dk\/index.php\/handelsbetingelser\/#breadcrumb","itemListElement":[{"@type":"ListItem","position":1,"name":"Home","item":"https:\/\/www.xn--bgerogting-0cb.dk\/"},{"@type":"ListItem","position":2,"name":"Handelsbetingelser for B\u00f8ger og Ting"}]},{"@type":"WebSite","@id":"https:\/\/www.xn--bgerogting-0cb.dk\/#website","url":"https:\/\/www.xn--bgerogting-0cb.dk\/","name":"B\u00f8ger og Ting","description":"Antikvarisk, retro, vintage og antik","publisher":{"@id":"https:\/\/www.xn--bgerogting-0cb.dk\/#organization"},"potentialAction":[{"@type":"SearchAction","target":{"@type":"EntryPoint","urlTemplate":"https:\/\/www.xn--bgerogting-0cb.dk\/?s={search_term_string}"},"query-input":{"@type":"PropertyValueSpecification","valueRequired":true,"valueName":"search_term_string"}}],"inLanguage":"da-DK"},{"@type":"Organization","@id":"https:\/\/www.xn--bgerogting-0cb.dk\/#organization","name":"B\u00f8ger og Ting","url":"https:\/\/www.xn--bgerogting-0cb.dk\/","logo":{"@type":"ImageObject","inLanguage":"da-DK","@id":"https:\/\/www.xn--bgerogting-0cb.dk\/#\/schema\/logo\/image\/","url":"https:\/\/i0.wp.com\/www.xn--bgerogting-0cb.dk\/wp-content\/uploads\/2019\/10\/webicon.png?fit=205%2C205&ssl=1","contentUrl":"https:\/\/i0.wp.com\/www.xn--bgerogting-0cb.dk\/wp-content\/uploads\/2019\/10\/webicon.png?fit=205%2C205&ssl=1","width":205,"height":205,"caption":"B\u00f8ger og Ting"},"image":{"@id":"https:\/\/www.xn--bgerogting-0cb.dk\/#\/schema\/logo\/image\/"},"sameAs":["https:\/\/www.facebook.com\/boegerogting\/","https:\/\/www.instagram.com\/bogerogting\/"]}]}},"jetpack_sharing_enabled":true,"_links":{"self":[{"href":"https:\/\/www.xn--bgerogting-0cb.dk\/index.php\/wp-json\/wp\/v2\/pages\/10906","targetHints":{"allow":["GET"]}}],"collection":[{"href":"https:\/\/www.xn--bgerogting-0cb.dk\/index.php\/wp-json\/wp\/v2\/pages"}],"about":[{"href":"https:\/\/www.xn--bgerogting-0cb.dk\/index.php\/wp-json\/wp\/v2\/types\/page"}],"author":[{"embeddable":true,"href":"https:\/\/www.xn--bgerogting-0cb.dk\/index.php\/wp-json\/wp\/v2\/users\/2"}],"replies":[{"embeddable":true,"href":"https:\/\/www.xn--bgerogting-0cb.dk\/index.php\/wp-json\/wp\/v2\/comments?post=10906"}],"version-history":[{"count":11,"href":"https:\/\/www.xn--bgerogting-0cb.dk\/index.php\/wp-json\/wp\/v2\/pages\/10906\/revisions"}],"predecessor-version":[{"id":15789,"href":"https:\/\/www.xn--bgerogting-0cb.dk\/index.php\/wp-json\/wp\/v2\/pages\/10906\/revisions\/15789"}],"wp:attachment":[{"href":"https:\/\/www.xn--bgerogting-0cb.dk\/index.php\/wp-json\/wp\/v2\/media?parent=10906"}],"curies":[{"name":"wp","href":"https:\/\/api.w.org\/{rel}","templated":true}]}}